{"id":9453,"date":"2025-05-29T07:55:52","date_gmt":"2025-05-29T07:55:52","guid":{"rendered":"https:\/\/moposanitaryware.com\/bathroom-furniture-waterproof-bathroom-cabinets-bathroom-vanity\/"},"modified":"2025-05-29T07:56:09","modified_gmt":"2025-05-29T07:56:09","slug":"bathroom-furniture-waterproof-bathroom-cabinets-bathroom-vanity","status":"publish","type":"product","link":"https:\/\/moposanitaryware.com\/pt\/bathroom-furniture-waterproof-bathroom-cabinets-bathroom-vanity\/","title":{"rendered":"M\u00f3veis para banheiro Arm\u00e1rios de banheiro \u00e0 prova d&#039;\u00e1gua Gabinetes de banheiro"},"content":{"rendered":"","protected":false},"excerpt":{"rendered":"<table style=\"height: 355px;\" width=\"644\">\n<tbody>\n<tr>\n<td width=\"112\">Marca:<\/td>\n<td width=\"455\">MOPO<\/td>\n<\/tr>\n<tr>\n<td width=\"112\">Nome:<\/td>\n<td width=\"455\">Solid Wood Bathroom Cabinet<\/td>\n<\/tr>\n<tr>\n<td width=\"112\">Modelo:<\/td>\n<td width=\"455\">MP-RM2613<\/td>\n<\/tr>\n<tr>\n<td width=\"112\">Material:<\/td>\n<td width=\"455\">Plywood\/MDF\/Solid Wood\/Oak<\/td>\n<\/tr>\n<tr>\n<td width=\"112\">Tamanho:<\/td>\n<td width=\"455\">Custom Made<\/td>\n<\/tr>\n<tr>\n<td width=\"112\">Basin Style:<\/td>\n<td width=\"455\">Corian, Nano-Diamond Coating Resin<\/td>\n<\/tr>\n<tr>\n<td width=\"112\">Basin Shape:<\/td>\n<td width=\"455\">Round, Rectangular, Square, Oval<\/td>\n<\/tr>\n<tr>\n<td width=\"112\">Peso:<\/td>\n<td width=\"455\">60-130KG<\/td>\n<\/tr>\n<tr>\n<td width=\"112\">Tipo de montagem:<\/td>\n<td width=\"455\">Floor-standing \/Custom<\/td>\n<\/tr>\n<\/tbody>\n<\/table>\n\t<a class=\"paoc-popup-click paoc-popup-cust-337 paoc-popup-button paoc-popup-btn\" href=\"javascript:void(0);\">Solicite um or\u00e7amento<\/a>\r\n<a href=\"https:\/\/api.whatsapp.com\/send?phone=8618675762929\"><img loading=\"lazy\" decoding=\"async\" class=\"alignnone wp-image-6698\" src=\"https:\/\/mopochina.com\/wp-content\/uploads\/WhatsApp.png\" alt=\"\" width=\"140\" height=\"138\" \/><\/a><\/p>","protected":false},"featured_media":9452,"template":"","meta":{"_acf_changed":false},"product_brand":[],"product_cat":[15,58],"product_tag":[],"class_list":{"0":"post-9453","1":"product","2":"type-product","3":"status-publish","4":"has-post-thumbnail","6":"product_cat-see-all-categories","7":"product_cat-bathroom-vanities","9":"first","10":"instock","11":"shipping-taxable","12":"product-type-simple"},"acf":[],"_links":{"self":[{"href":"https:\/\/moposanitaryware.com\/pt\/wp-json\/wp\/v2\/product\/9453","targetHints":{"allow":["GET"]}}],"collection":[{"href":"https:\/\/moposanitaryware.com\/pt\/wp-json\/wp\/v2\/product"}],"about":[{"href":"https:\/\/moposanitaryware.com\/pt\/wp-json\/wp\/v2\/types\/product"}],"wp:featuredmedia":[{"embeddable":true,"href":"https:\/\/moposanitaryware.com\/pt\/wp-json\/wp\/v2\/media\/9452"}],"wp:attachment":[{"href":"https:\/\/moposanitaryware.com\/pt\/wp-json\/wp\/v2\/media?parent=9453"}],"wp:term":[{"taxonomy":"product_brand","embeddable":true,"href":"https:\/\/moposanitaryware.com\/pt\/wp-json\/wp\/v2\/product_brand?post=9453"},{"taxonomy":"product_cat","embeddable":true,"href":"https:\/\/moposanitaryware.com\/pt\/wp-json\/wp\/v2\/product_cat?post=9453"},{"taxonomy":"product_tag","embeddable":true,"href":"https:\/\/moposanitaryware.com\/pt\/wp-json\/wp\/v2\/product_tag?post=9453"}],"curies":[{"name":"wp","href":"https:\/\/api.w.org\/{rel}","templated":true}]}}