{"id":8656,"date":"2025-03-19T01:56:54","date_gmt":"2025-03-19T01:56:54","guid":{"rendered":"https:\/\/moposanitaryware.com\/natural-wooden-mirror-frame-with-multiple-design-and-shape-and-floral-wooden-mirror\/"},"modified":"2025-03-19T01:57:03","modified_gmt":"2025-03-19T01:57:03","slug":"natural-wooden-mirror-frame-with-multiple-design-and-shape-and-floral-wooden-mirror","status":"publish","type":"product","link":"https:\/\/moposanitaryware.com\/pt\/natural-wooden-mirror-frame-with-multiple-design-and-shape-and-floral-wooden-mirror\/","title":{"rendered":"Natural Wooden Mirror Frame with Multiple Design and Shape and Floral Wooden Mirror"},"content":{"rendered":"","protected":false},"excerpt":{"rendered":"<p>&nbsp;<\/p>\n<table width=\"567\">\n<tbody>\n<tr>\n<td width=\"163\">Marca:<\/td>\n<td width=\"334\">MOPO<\/td>\n<\/tr>\n<tr>\n<td width=\"163\">Nome do Produto:<\/td>\n<td width=\"334\"><a href=\"https:\/\/moposanitaryware.com\/pt\/shop\/mirrors\/\">Espelho de banheiro<\/a><\/td>\n<\/tr>\n<tr>\n<td width=\"163\">SKU:<\/td>\n<td width=\"334\">MP-LM-1040<\/td>\n<\/tr>\n<tr>\n<td width=\"163\">Material:<\/td>\n<td width=\"334\">Alum\u00ednio\/A\u00e7o inoxid\u00e1vel + Vidro<\/td>\n<\/tr>\n<tr>\n<td width=\"163\">Tamanho:<\/td>\n<td width=\"334\">40\/60\/70*0\/80*90\/100*1200 cm<\/td>\n<\/tr>\n<tr>\n<td width=\"163\">Fun\u00e7\u00e3o:<\/td>\n<td width=\"334\">Ilumina\u00e7\u00e3o + Desemba\u00e7amento + Toque<\/td>\n<\/tr>\n<tr>\n<td width=\"163\">Cor:<\/td>\n<td width=\"334\">3200K-6500K Opcional<\/td>\n<\/tr>\n<tr>\n<td width=\"163\">Grossura:<\/td>\n<td width=\"334\">4 mm\/5 mm<\/td>\n<\/tr>\n<tr>\n<td width=\"163\">Tipo de instala\u00e7\u00e3o:<\/td>\n<td width=\"334\">Montado na parede <a href=\"https:\/\/moposanitaryware.com\/pt\/shop\/mirrors\/\">Espelho<\/a><\/td>\n<\/tr>\n<tr>\n<td width=\"163\">Embalagem:<\/td>\n<td width=\"334\">Saco de PE + espuma + caixa de papel\u00e3o<\/td>\n<\/tr>\n<\/tbody>\n<\/table>\n\t<a class=\"paoc-popup-click paoc-popup-cust-337 paoc-popup-button paoc-popup-btn\" href=\"javascript:void(0);\">Solicite um or\u00e7amento<\/a>\r\n\u00a0 \u00a0 \u00a0<a href=\"https:\/\/api.whatsapp.com\/send?phone=8618675762929\"><img loading=\"lazy\" decoding=\"async\" class=\"alignnone wp-image-6698\" src=\"https:\/\/moposanitaryware.com\/wp-content\/uploads\/WhatsApp.png\" alt=\"\" width=\"140\" height=\"71\" \/><\/a><\/p>","protected":false},"featured_media":8571,"template":"","meta":{"_acf_changed":false},"product_brand":[],"product_cat":[15,36,109],"product_tag":[],"class_list":{"0":"post-8656","1":"product","2":"type-product","3":"status-publish","4":"has-post-thumbnail","6":"product_cat-see-all-categories","7":"product_cat-mirror","8":"product_cat-smart-mirror","10":"first","11":"instock","12":"shipping-taxable","13":"product-type-simple"},"acf":[],"_links":{"self":[{"href":"https:\/\/moposanitaryware.com\/pt\/wp-json\/wp\/v2\/product\/8656","targetHints":{"allow":["GET"]}}],"collection":[{"href":"https:\/\/moposanitaryware.com\/pt\/wp-json\/wp\/v2\/product"}],"about":[{"href":"https:\/\/moposanitaryware.com\/pt\/wp-json\/wp\/v2\/types\/product"}],"wp:featuredmedia":[{"embeddable":true,"href":"https:\/\/moposanitaryware.com\/pt\/wp-json\/wp\/v2\/media\/8571"}],"wp:attachment":[{"href":"https:\/\/moposanitaryware.com\/pt\/wp-json\/wp\/v2\/media?parent=8656"}],"wp:term":[{"taxonomy":"product_brand","embeddable":true,"href":"https:\/\/moposanitaryware.com\/pt\/wp-json\/wp\/v2\/product_brand?post=8656"},{"taxonomy":"product_cat","embeddable":true,"href":"https:\/\/moposanitaryware.com\/pt\/wp-json\/wp\/v2\/product_cat?post=8656"},{"taxonomy":"product_tag","embeddable":true,"href":"https:\/\/moposanitaryware.com\/pt\/wp-json\/wp\/v2\/product_tag?post=8656"}],"curies":[{"name":"wp","href":"https:\/\/api.w.org\/{rel}","templated":true}]}}