{"id":8158,"date":"2025-02-28T04:09:17","date_gmt":"2025-02-28T04:09:17","guid":{"rendered":"https:\/\/moposanitaryware.com\/large-wooden-sauna-room-red-cedar-wood-traditional-steam-sauna\/"},"modified":"2025-10-24T03:36:50","modified_gmt":"2025-10-24T03:36:50","slug":"large-wooden-sauna-room-red-cedar-wood-traditional-steam-sauna","status":"publish","type":"product","link":"https:\/\/moposanitaryware.com\/pt\/large-wooden-sauna-room-red-cedar-wood-traditional-steam-sauna\/","title":{"rendered":"Large Wooden Sauna Room Red Cedar Wood Traditional Steam Sauna"},"content":{"rendered":"<div class=\"row align-center\"  id=\"row-2052823055\">\n\n\t<div id=\"col-1318403885\" class=\"col medium-11 small-12 large-11\"  data-animate=\"fadeInUp\">\n\t\t\t\t<div class=\"col-inner text-center\"  >\n\t\t\t\n\t\t\t\n<h1 style=\"text-align: center;\"><a href=\"https:\/\/moposanitaryware.com\/pt\/shop\/massage-bathtubs\/\">Banheiras de massagem<\/a> &amp; <a href=\"https:\/\/moposanitaryware.com\/pt\/categoria-produto\/steam-room\/\">Sala de vapor<\/a> &amp; <a href=\"https:\/\/moposanitaryware.com\/pt\/categoria-produto\/sauna\/\">Sauna<\/a><\/h1>\n<p><a href=\"https:\/\/moposanitaryware.com\/pt\/categoria-produto\/massage-bathtubs\/\">banheiras de massagem. Com nossos banhos de ar, banheiras de hidromassagem<\/a>, <a href=\"https:\/\/moposanitaryware.com\/pt\/categoria-produto\/steam-room\/\">e banheiras de massagem combinadas<\/a>, algu\u00e9m que gosta de um pouco de tempo &#039;para mim&#039; e algu\u00e9m que toma mais banho do que toma banho. Na maioria das vezes, a banheira \u00e9 a pe\u00e7a central do banheiro. Por isso, tomamos muito cuidado para criar banheiras que tenham uma apar\u00eancia deslumbrante. voc\u00ea pode criar uma experi\u00eancia semelhante a um spa em casa. <a href=\"https:\/\/moposanitaryware.com\/pt\/categoria-produto\/bathtubs\/\">Navegue pela nossa cole\u00e7\u00e3o de banheiras de massagem<\/a>.<\/p>\n<a href=\"https:\/\/moposanitaryware.com\/pt\/categoria-produto\/faucets\/\" class=\"button secondary is-underline lowercase\"  >\n\t\t<span>Explorar tudo<\/span>\n\t<i class=\"icon-menu\" aria-hidden=\"true\" ><\/i><\/a>\n\n\t\t<\/div>\n\t\t\t\t\t<\/div>\n\n\t\n<\/div>\n<h2 style=\"text-align: center;\"><a href=\"https:\/\/moposanitaryware.com\/pt\/categoria-produto\/steam-room\/\">Luxur SPA Sauna Room Manufacturer<\/a><\/h2>\n<p>15 years experience in making saunas. Wood material uses imported high-quality wood, wood types are red cedar, hemlock, white poplar, white pine and so on can for customer to choose, familiar hand-made experience, each process has strict quality control, every detail of the product is handled perfectly.<br \/>sauna room style is luxurious and concise, with different shapes and sizes, providing customized services, can create customized products for customers. There are infrared heating, sauna stove heating, the use of sauna room can let you detoxify, make you health beauty, make your body more and more energetic, more and more healthy.<\/p>\n<p>As salas de vapor e sauna t\u00eam benef\u00edcios espec\u00edficos para a sa\u00fade. Estes incluem:Limpar o congestionamento;Melhorar a sa\u00fade da pele;Reduzir a press\u00e3o arterial;Melhorar a circula\u00e7\u00e3o;Recupera\u00e7\u00e3o do treino;Relaxamento;Reduzir a rigidez articular.<\/p>\n<p>Cuidados:N\u00e3o beba \u00e1lcool. O alto calor da sauna a vapor pode aumentar o risco de desidrata\u00e7\u00e3o. Evite \u00e1lcool e beba mais \u00e1gua. N\u00e3o v\u00e1 enquanto estiver doente. O calor e a umidade das salas de vapor podem ajudar o crescimento de bact\u00e9rias. Se voc\u00ea tiver uma infec\u00e7\u00e3o bacteriana na pele, n\u00e3o use uma sauna a vapor p\u00fablica at\u00e9 que a infec\u00e7\u00e3o desapare\u00e7a.<\/p>\n<div class=\"row\"  id=\"row-607318332\">\n\n\t<div id=\"col-1957578973\" class=\"col medium-4 small-12 large-4\"  >\n\t\t\t\t<div class=\"col-inner\"  >\n\t\t\t\n\t\t\t\n<h3>Natural wood<\/h3>\n<p>MOPO, the wood used in sauna all imported overseas. All the wood we selected is top A grade, the wood quality can show out by its color difference, knots, lines, etc. High quality wood can produced high quality and nice sauna room.\u00a0<\/p>\n\t\t<\/div>\n\t\t\t\t\t<\/div>\n\n\t\n\n\t<div id=\"col-1273892587\" class=\"col medium-4 small-12 large-4\"  >\n\t\t\t\t<div class=\"col-inner\"  >\n\t\t\t\n\t\t\t\n<h3>Colorful LED Light<\/h3>\n<p>Sauna room LED light color is available. Color can be changed by red, green, blue and gradient. Colorful light also have the phototherapy to bring the health to the body visual enjoyment.<\/p>\n\t\t<\/div>\n\t\t\t\t\t<\/div>\n\n\t\n\n\t<div id=\"col-1326106019\" class=\"col medium-4 small-12 large-4\"  >\n\t\t\t\t<div class=\"col-inner\"  >\n\t\t\t\n\t\t\t\n<h3>Culture stone<\/h3>\n<p>The luxury sauna room is equipped with culture stone, including crystal stone, salt stone, white stone, and so on. Customers can choose their configurations according to their favorite then they can design a special sauna room for themselves.<\/p>\n\t\t<\/div>\n\t\t\t\t\t<\/div>\n\n\t\n<\/div>\n<div class=\"row\"  id=\"row-734674395\">\n\n\t<div id=\"col-2015313274\" class=\"col medium-4 small-12 large-4\"  >\n\t\t\t\t<div class=\"col-inner\"  >\n\t\t\t\n\t\t\t\n<h3>Sauna system<\/h3>\n<p>offers different Multi-function control system for customers to choose. Most systems with bluetooth, USB, FM, etc. entertainment features. In addition, the systems can also adjust temperature setting, led lamp color and timing. Different systems bring different experiences to each customer.<\/p>\n\t\t<\/div>\n\t\t\t\t\t<\/div>\n\n\t\n\n\t<div id=\"col-1568098623\" class=\"col medium-4 small-12 large-4\"  >\n\t\t\t\t<div class=\"col-inner\"  >\n\t\t\t\n\t\t\t\n<h3>Sauna stove<\/h3>\n<p>sauna room besides uses Chinese brand stable high quality sauna stove, also providing overseas famous sauna stove, like Harvia, SAWO and so on.<\/p>\n\t\t<\/div>\n\t\t\t\t\t<\/div>\n\n\t\n\n\t<div id=\"col-1364655788\" class=\"col medium-4 small-12 large-4\"  >\n\t\t\t\t<div class=\"col-inner\"  >\n\t\t\t\n\t\t\t\n<h3>Sauna room accessories\u00a0<\/h3>\n<p>sauna room equipped with sauna set, such as thermohygrometer, sandglass,sauna stone, cask spoon, lamp can for customer using.<\/p>\n\t\t<\/div>\n\t\t\t\t\t<\/div>\n\n\t\n<\/div>","protected":false},"excerpt":{"rendered":"<table>\n<tbody>\n<tr>\n<td width=\"112\">Marca:<\/td>\n<td width=\"455\">MOPO<\/td>\n<\/tr>\n<tr>\n<td width=\"112\">Nome:<\/td>\n<td width=\"455\">Sala de vapor, banheira de massagem<\/td>\n<\/tr>\n<tr>\n<td width=\"112\">Modelo:<\/td>\n<td width=\"455\">MP-SR-E011<\/td>\n<\/tr>\n<tr>\n<td width=\"112\">Material:<\/td>\n<td width=\"455\">Madeira de cicuta<\/td>\n<\/tr>\n<tr>\n<td width=\"112\">Fun\u00e7\u00e3o musical:<\/td>\n<td width=\"455\">Bluetooth\/FM\/MP3\/Wi-Fi\/USB<\/td>\n<\/tr>\n<tr>\n<td width=\"112\">Peso:<\/td>\n<td width=\"455\">70~115 kg<\/td>\n<\/tr>\n<tr>\n<td width=\"112\">Tamanho:<\/td>\n<td width=\"455\">1800 x 1800 x 2100 mm<\/td>\n<\/tr>\n<tr>\n<td width=\"112\">Cor do vidro:<\/td>\n<td width=\"455\">Transparente<\/td>\n<\/tr>\n<tr>\n<td width=\"112\">Espessura do vidro:<\/td>\n<td width=\"455\">6mm<\/td>\n<\/tr>\n<tr>\n<td width=\"112\">Cor:<\/td>\n<td width=\"455\">Liga de alum\u00ednio<\/td>\n<\/tr>\n<tr>\n<td width=\"112\">Estilo da saia:<\/td>\n<td width=\"455\">Branco ou Cor Personalizada<\/td>\n<\/tr>\n<tr>\n<td width=\"112\">Estilo da porta:<\/td>\n<td width=\"455\">Porta que pode ser aberta<\/td>\n<\/tr>\n<\/tbody>\n<\/table>\n\t<a class=\"paoc-popup-click paoc-popup-cust-337 paoc-popup-button paoc-popup-btn\" href=\"javascript:void(0);\">Solicite um or\u00e7amento<\/a>\r\n \u00a0\u00a0<a href=\"https:\/\/api.whatsapp.com\/send?phone=8618675762929\"><img loading=\"lazy\" decoding=\"async\" class=\"alignnone wp-image-6698\" src=\"https:\/\/moposanitaryware.com\/wp-content\/uploads\/WhatsApp.png\" alt=\"\" width=\"140\" height=\"33\" srcset=\"https:\/\/moposanitaryware.com\/wp-content\/uploads\/WhatsApp.png 546w, https:\/\/moposanitaryware.com\/wp-content\/uploads\/WhatsApp-18x4.png 18w\" sizes=\"auto, (max-width: 140px) 100vw, 140px\" \/><\/a><\/p>","protected":false},"featured_media":8043,"template":"","meta":{"_acf_changed":false},"product_brand":[],"product_cat":[15,229,57,33,125,228],"product_tag":[],"class_list":{"0":"post-8158","1":"product","2":"type-product","3":"status-publish","4":"has-post-thumbnail","6":"product_cat-see-all-categories","7":"product_cat-steam-room","8":"product_cat-bathtubs","9":"product_cat-massage-bathtubs","10":"product_cat-spa-bathtub","11":"product_cat-sauna","13":"first","14":"instock","15":"shipping-taxable","16":"product-type-simple"},"acf":[],"_links":{"self":[{"href":"https:\/\/moposanitaryware.com\/pt\/wp-json\/wp\/v2\/product\/8158","targetHints":{"allow":["GET"]}}],"collection":[{"href":"https:\/\/moposanitaryware.com\/pt\/wp-json\/wp\/v2\/product"}],"about":[{"href":"https:\/\/moposanitaryware.com\/pt\/wp-json\/wp\/v2\/types\/product"}],"wp:featuredmedia":[{"embeddable":true,"href":"https:\/\/moposanitaryware.com\/pt\/wp-json\/wp\/v2\/media\/8043"}],"wp:attachment":[{"href":"https:\/\/moposanitaryware.com\/pt\/wp-json\/wp\/v2\/media?parent=8158"}],"wp:term":[{"taxonomy":"product_brand","embeddable":true,"href":"https:\/\/moposanitaryware.com\/pt\/wp-json\/wp\/v2\/product_brand?post=8158"},{"taxonomy":"product_cat","embeddable":true,"href":"https:\/\/moposanitaryware.com\/pt\/wp-json\/wp\/v2\/product_cat?post=8158"},{"taxonomy":"product_tag","embeddable":true,"href":"https:\/\/moposanitaryware.com\/pt\/wp-json\/wp\/v2\/product_tag?post=8158"}],"curies":[{"name":"wp","href":"https:\/\/api.w.org\/{rel}","templated":true}]}}