{"id":7907,"date":"2025-02-11T08:05:10","date_gmt":"2025-02-11T08:05:10","guid":{"rendered":"https:\/\/moposanitaryware.com\/quality-luxury-5-person-hot-tubs-outdoor-spa-whirlpool-and-bathtub\/"},"modified":"2025-02-11T08:05:20","modified_gmt":"2025-02-11T08:05:20","slug":"quality-luxury-5-person-hot-tubs-outdoor-spa-whirlpool-and-bathtub","status":"publish","type":"product","link":"https:\/\/moposanitaryware.com\/pt\/quality-luxury-5-person-hot-tubs-outdoor-spa-whirlpool-and-bathtub\/","title":{"rendered":"quality luxury 5 person hot tubs outdoor spa whirlpool and bathtub"},"content":{"rendered":"<p>Banheira de hidromassagem de luxo, que pode lhe proporcionar uma qualidade de vida diferente. Temos uma variedade de estilos de banheiras de hidromassagem: quadradas, retangulares, redondas, em formato de diamante e diversas formas irregulares, que se adaptam a diferentes ambientes e estilos de decora\u00e7\u00e3o. Todas as banheiras de hidromassagem est\u00e3o dispon\u00edveis para venda em conjunto; ap\u00f3s o recebimento da mercadoria, voc\u00ea n\u00e3o ter\u00e1 problemas com a instala\u00e7\u00e3o. A banheira de hidromassagem com design com fun\u00e7\u00e3o de massagem e bico de massagem potente e ajust\u00e1vel permite que voc\u00ea relaxe ap\u00f3s um dia de trabalho extenuante, desfrutando do bom humor proporcionado pelo banho. Al\u00e9m disso, existem banheiras concubinas imperiais muito simples, com uma apar\u00eancia elegante e concisa, adequadas para uma variedade de ambientes de banheiro.<\/p>","protected":false},"excerpt":{"rendered":"<table style=\"font-size: 14.4px;\" width=\"497\">\n<tbody>\n<tr>\n<td width=\"163\">Marca:<\/td>\n<td width=\"334\">MOPO<\/td>\n<\/tr>\n<tr>\n<td width=\"163\">Nome do Produto:<\/td>\n<td width=\"334\"><a href=\"https:\/\/moposanitaryware.com\/pt\/categoria-produto\/massage-bathtubs\/spa-bathtub\/\">Banheira de massagem<\/a><\/td>\n<\/tr>\n<tr>\n<td width=\"163\">SKU:<\/td>\n<td width=\"334\">MP-LS-E086<\/td>\n<\/tr>\n<tr>\n<td width=\"163\">Cor:<\/td>\n<td width=\"334\">Branco\/Preto\/Azul\/Cinza\/(V\u00e1rias cores)<\/td>\n<\/tr>\n<tr>\n<td width=\"163\">Material prim\u00e1rio:<\/td>\n<td width=\"334\">Acr\u00edlico EUA<\/td>\n<\/tr>\n<tr>\n<td width=\"163\">Capacidade:<\/td>\n<td width=\"334\">2-8 pessoas<\/td>\n<\/tr>\n<tr>\n<td width=\"163\">Sistema de controle:<\/td>\n<td width=\"334\">Gecko\/Balboa\/Joyonway<\/td>\n<\/tr>\n<tr>\n<td width=\"163\">Tamanho do produto:<\/td>\n<td width=\"334\">Personalizado<\/td>\n<\/tr>\n<tr>\n<td width=\"163\">Tipo de instala\u00e7\u00e3o:<\/td>\n<td width=\"334\">De ch\u00e3o<\/td>\n<\/tr>\n<tr>\n<td width=\"163\">Peso l\u00edquido:<\/td>\n<td width=\"334\">160-320 kg<\/td>\n<\/tr>\n<tr>\n<td width=\"163\">Aplicativo:<\/td>\n<td width=\"334\">Hotel\/Casa\/P\u00fablico\/Piscina<\/td>\n<\/tr>\n<\/tbody>\n<\/table>\n\t<a class=\"paoc-popup-click paoc-popup-cust-337 paoc-popup-button paoc-popup-btn\" href=\"javascript:void(0);\">Solicite um or\u00e7amento<\/a>\r\n \u00a0\u00a0<a href=\"https:\/\/api.whatsapp.com\/send?phone=8618675762929\"><img loading=\"lazy\" decoding=\"async\" class=\"alignnone wp-image-6698\" src=\"https:\/\/moposanitaryware.com\/wp-content\/uploads\/WhatsApp.png\" alt=\"\" width=\"140\" height=\"33\" srcset=\"https:\/\/moposanitaryware.com\/wp-content\/uploads\/WhatsApp.png 546w, https:\/\/moposanitaryware.com\/wp-content\/uploads\/WhatsApp-18x4.png 18w\" sizes=\"auto, (max-width: 140px) 100vw, 140px\" \/><\/a><\/p>","protected":false},"featured_media":7691,"template":"","meta":{"_acf_changed":false},"product_brand":[],"product_cat":[15,33,125],"product_tag":[],"class_list":{"0":"post-7907","1":"product","2":"type-product","3":"status-publish","4":"has-post-thumbnail","6":"product_cat-see-all-categories","7":"product_cat-massage-bathtubs","8":"product_cat-spa-bathtub","10":"first","11":"instock","12":"shipping-taxable","13":"product-type-simple"},"acf":[],"_links":{"self":[{"href":"https:\/\/moposanitaryware.com\/pt\/wp-json\/wp\/v2\/product\/7907","targetHints":{"allow":["GET"]}}],"collection":[{"href":"https:\/\/moposanitaryware.com\/pt\/wp-json\/wp\/v2\/product"}],"about":[{"href":"https:\/\/moposanitaryware.com\/pt\/wp-json\/wp\/v2\/types\/product"}],"wp:featuredmedia":[{"embeddable":true,"href":"https:\/\/moposanitaryware.com\/pt\/wp-json\/wp\/v2\/media\/7691"}],"wp:attachment":[{"href":"https:\/\/moposanitaryware.com\/pt\/wp-json\/wp\/v2\/media?parent=7907"}],"wp:term":[{"taxonomy":"product_brand","embeddable":true,"href":"https:\/\/moposanitaryware.com\/pt\/wp-json\/wp\/v2\/product_brand?post=7907"},{"taxonomy":"product_cat","embeddable":true,"href":"https:\/\/moposanitaryware.com\/pt\/wp-json\/wp\/v2\/product_cat?post=7907"},{"taxonomy":"product_tag","embeddable":true,"href":"https:\/\/moposanitaryware.com\/pt\/wp-json\/wp\/v2\/product_tag?post=7907"}],"curies":[{"name":"wp","href":"https:\/\/api.w.org\/{rel}","templated":true}]}}