{"id":7563,"date":"2025-01-18T07:12:00","date_gmt":"2025-01-18T07:12:00","guid":{"rendered":"https:\/\/moposanitaryware.com\/?post_type=product&#038;p=7563"},"modified":"2025-01-18T07:35:58","modified_gmt":"2025-01-18T07:35:58","slug":"soaking-tub-indoor-whirlpool-bathtu","status":"publish","type":"product","link":"https:\/\/moposanitaryware.com\/pt\/soaking-tub-indoor-whirlpool-bathtu\/","title":{"rendered":"Banheira de hidromassagem cl\u00e1ssica para 1 pessoa, banheira de imers\u00e3o independente para uso interno."},"content":{"rendered":"<div class=\"row align-center\"  id=\"row-1712465758\">\n\n\t<div id=\"col-786912444\" class=\"col medium-11 small-12 large-11\"  data-animate=\"fadeInUp\">\n\t\t\t\t<div class=\"col-inner text-center\"  >\n\t\t\t\n\t\t\t\n<h1 style=\"text-align: center;\"><a href=\"https:\/\/moposanitaryware.com\/pt\/shop\/massage-bathtubs\/\">Banheiras de massagem<\/a> &amp; <a href=\"https:\/\/moposanitaryware.com\/pt\/categoria-produto\/steam-room\/\">Sala de vapor<\/a> &amp; <a href=\"https:\/\/moposanitaryware.com\/pt\/categoria-produto\/sauna\/\">Sauna<\/a><\/h1>\n<p><a href=\"https:\/\/moposanitaryware.com\/pt\/categoria-produto\/massage-bathtubs\/\">banheiras de massagem. Com nossos banhos de ar, banheiras de hidromassagem<\/a>, <a href=\"https:\/\/moposanitaryware.com\/pt\/categoria-produto\/steam-room\/\">e banheiras de massagem combinadas<\/a>, algu\u00e9m que gosta de um pouco de tempo &#039;para mim&#039; e algu\u00e9m que toma mais banho do que toma banho. Na maioria das vezes, a banheira \u00e9 a pe\u00e7a central do banheiro. Por isso, tomamos muito cuidado para criar banheiras que tenham uma apar\u00eancia deslumbrante. voc\u00ea pode criar uma experi\u00eancia semelhante a um spa em casa. <a href=\"https:\/\/moposanitaryware.com\/pt\/categoria-produto\/bathtubs\/\">Navegue pela nossa cole\u00e7\u00e3o de banheiras de massagem<\/a>.<\/p>\n<a href=\"https:\/\/moposanitaryware.com\/pt\/categoria-produto\/faucets\/\" class=\"button secondary is-underline lowercase\"  >\n\t\t<span>Explorar tudo<\/span>\n\t<i class=\"icon-menu\" aria-hidden=\"true\" ><\/i><\/a>\n\n\t\t<\/div>\n\t\t\t\t\t<\/div>\n\n\t\n<\/div>\n<table>\n<tbody>\n<tr>\n<td width=\"189\">Marca<\/td>\n<td width=\"399\">MOPO<\/td>\n<\/tr>\n<tr>\n<td width=\"189\">Local de origem:<\/td>\n<td width=\"399\">Foshan,China<\/td>\n<\/tr>\n<tr>\n<td width=\"189\">Digite o nome<\/td>\n<td width=\"399\"><a href=\"https:\/\/moposanitaryware.com\/pt\/shop\/massage-bathtubs\/\">Banheira de massagem<\/a><\/td>\n<\/tr>\n<tr>\n<td width=\"189\">Tipo de massagem<\/td>\n<td width=\"399\">Massagem combinada (ar e hidromassagem), massagem combinada (ar e hidromassagem)<\/td>\n<\/tr>\n<tr>\n<td width=\"189\">Recurso<\/td>\n<td width=\"399\">Macio e suave, n\u00e3o poroso, \u00e0 prova d&#039;\u00e1gua, sem costura<\/td>\n<\/tr>\n<tr>\n<td width=\"189\">Estilo de design<\/td>\n<td width=\"399\">Moderno<\/td>\n<\/tr>\n<tr>\n<td width=\"189\">Forma<\/td>\n<td width=\"399\">Oval, quadrado, redondo, ret\u00e2ngulo, personalizado est\u00e1 dispon\u00edvel<\/td>\n<\/tr>\n<tr>\n<td width=\"189\">Fun\u00e7\u00e3o<\/td>\n<td width=\"399\">Massagem<\/td>\n<\/tr>\n<tr>\n<td width=\"189\">Tipo de instala\u00e7\u00e3o<\/td>\n<td width=\"399\">Aut\u00f4nomo<\/td>\n<\/tr>\n<tr>\n<td width=\"189\">Aplicativo<\/td>\n<td width=\"399\">Hot\u00e9is, vilas, casas, banheiros, apartamentos ou clubes de lazer<\/td>\n<\/tr>\n<\/tbody>\n<\/table>\n<div class=\"row\"  id=\"row-1236589302\">\n\n\t<div id=\"col-1473836696\" class=\"col medium-6 small-12 large-6\"  >\n\t\t\t\t<div class=\"col-inner\"  >\n\t\t\t\n\t\t\t\n\t<div class=\"img has-hover x md-x lg-x y md-y lg-y\" id=\"image_179751998\">\n\t\t\t\t\t\t\t\t<div class=\"img-inner dark\" >\n\t\t\t<img loading=\"lazy\" decoding=\"async\" width=\"600\" height=\"400\" src=\"https:\/\/moposanitaryware.com\/wp-content\/uploads\/Acrylic-\u2013-a-material-with-attractive-properties.jpg\" class=\"attachment-original size-original\" alt=\"The material&#039;s elastic structure makes it resistant to impact and deformation. It is extremely easy to polish out any scratches. Acrylic products are always bright in color, as the pigments disperse homogeneously, retaining their elegance for a lifetime. Warmth,Durability,High-Quality,Easy maintance, Easy Maintenance,Good mechanics,Durability,Any color Premium Texture\" title=\"\">\t\t\t\t\t\t\n\t\t\t\t\t<\/div>\n\t\t\t\t\t\t\t\t\n<style>\n#image_179751998 {\n  width: 100%;\n}\n<\/style>\n\t<\/div>\n\t\n\t\t<\/div>\n\t\t\t\t\t<\/div>\n\n\t\n\n\t<div id=\"col-1965017562\" class=\"col medium-6 small-12 large-6\"  >\n\t\t\t\t<div class=\"col-inner\"  >\n\t\t\t\n\t\t\t\n<h2>Acr\u00edlico \u2013 um material com propriedades atraentes<\/h2>\n<p>O acr\u00edlico \u00e9 um subproduto do programa espacial dos EUA. \u00c9 conhecido por ser um dos materiais mais vers\u00e1teis e bem-sucedidos da hist\u00f3ria. Este material popular \u00e9 higi\u00eanico, f\u00e1cil de limpar e altamente resistente ao desgaste.<br \/>\nA vantagem do acr\u00edlico \u00e9 sua superf\u00edcie quente, sem poros e lisa. \u00c9 agrad\u00e1vel ao toque e o usu\u00e1rio sente-se imediatamente \u00e0 vontade. Com seu brilho branco cintilante, o material se harmoniza com todos os demais objetos cer\u00e2micos do banheiro e garante a continuidade do design. As banheiras podem ser combinadas de forma elegante com o painel do m\u00f3vel formando assim um elo com o m\u00f3vel do banheiro. O usu\u00e1rio pode ficar tranquilo sabendo que o acr\u00edlico <a href=\"https:\/\/moposanitaryware.com\/pt\/shop\/massage-bathtubs\/\">banheira<\/a> manter\u00e1 sua cor durante toda a sua vida. O material \u00e9 totalmente colorido, est\u00e1vel aos raios UV e resistente \u00e0 cor. A estrutura el\u00e1stica do material o torna resistente ao impacto e \u00e0 deforma\u00e7\u00e3o. \u00c9 extremamente f\u00e1cil polir quaisquer arranh\u00f5es. Os produtos acr\u00edlicos apresentam sempre cores vivas, pois os pigmentos se dispersam de maneira homog\u00eanea, mantendo sua eleg\u00e2ncia por toda a vida.<\/p>\n\t\t<\/div>\n\t\t\t\t\t<\/div>\n\n\t\n<\/div>\n<div class=\"row\"  id=\"row-1101337791\">\n\n\t<div id=\"col-1554416599\" class=\"col medium-6 small-12 large-6\"  >\n\t\t\t\t<div class=\"col-inner\"  >\n\t\t\t\n\t\t\t\n<h3><span style=\"font-size: 120%;\">Bocal de surf<\/span><\/h3>\n<p>E o ar lentamente da \u00e1gua, o bocal de bolha trabalha em conjunto, para garantir que a massagem se infiltre no tecido profundo da pele a partir da superf\u00edcie, ative as c\u00e9lulas da pele, atinja o objetivo de massagem e relaxamento de todo o corpo e fa\u00e7a com que o f\u00edsico n\u00e3o seja inebriante , e a pele fica completamente absorvida pelo amor pela \u00e1gua. A mudan\u00e7a de luz na \u00e1gua \u00e9 intoxicada com a paz de esp\u00edrito e o contato com a natureza, mais conforto, mas as pr\u00f3prias pessoas est\u00e3o b\u00eabadas. \u00c9 o lugar perfeito para relaxar ap\u00f3s um longo dia e lhe dar\u00e1 um merecido \u201ctempo para mim\u201d.<\/p>\n\t\t<\/div>\n\t\t\t\t\t<\/div>\n\n\t\n\n\t<div id=\"col-1540841707\" class=\"col medium-6 small-12 large-6\"  >\n\t\t\t\t<div class=\"col-inner\"  >\n\t\t\t\n\t\t\t\n\t<div class=\"img has-hover x md-x lg-x y md-y lg-y\" id=\"image_1319965413\">\n\t\t\t\t\t\t\t\t<div class=\"img-inner dark\" >\n\t\t\t<img loading=\"lazy\" decoding=\"async\" width=\"600\" height=\"400\" src=\"https:\/\/moposanitaryware.com\/wp-content\/uploads\/china-mopo-foshan-massage-bathtub-Surf-Nozzle.jpg\" class=\"attachment-original size-original\" alt=\"Practicality And Capacious Interior Space, Ideal For Relaxing, Full Body Soaking\" title=\"\">\t\t\t\t\t\t\n\t\t\t\t\t<\/div>\n\t\t\t\t\t\t\t\t\n<style>\n#image_1319965413 {\n  width: 100%;\n}\n<\/style>\n\t<\/div>\n\t\n\t\t<\/div>\n\t\t\t\t\t<\/div>\n\n\t\n<\/div>\n<div class=\"row\"  id=\"row-1033711905\">\n\n\t<div id=\"col-2024127517\" class=\"col medium-6 small-12 large-6\"  >\n\t\t\t\t<div class=\"col-inner\"  >\n\t\t\t\n\t\t\t\n\t<div class=\"img has-hover x md-x lg-x y md-y lg-y\" id=\"image_17730820\">\n\t\t\t\t\t\t\t\t<div class=\"img-inner dark\" >\n\t\t\t<img loading=\"lazy\" decoding=\"async\" width=\"600\" height=\"400\" src=\"https:\/\/moposanitaryware.com\/wp-content\/uploads\/china-mopo-foshan-Sanitary-wareBathtubs-are-the-queens-of-bathroom-equipment.jpg\" class=\"attachment-original size-original\" alt=\"Types of styles to choose from-Professional production of bathtubs-factory direct sales-cheap-massage bathtubs\" title=\"\">\t\t\t\t\t\t\n\t\t\t\t\t<\/div>\n\t\t\t\t\t\t\t\t\n<style>\n#image_17730820 {\n  width: 100%;\n}\n<\/style>\n\t<\/div>\n\t\n\t\t<\/div>\n\t\t\t\t\t<\/div>\n\n\t\n\n\t<div id=\"col-1510831372\" class=\"col medium-6 small-12 large-6\"  >\n\t\t\t\t<div class=\"col-inner\"  >\n\t\t\t\n\t\t\t\n<h3><span style=\"font-size: 115%;\"><a href=\"https:\/\/moposanitaryware.com\/pt\/shop\/massage-bathtubs\/\">Banheiras<\/a> s\u00e3o as rainhas de <a href=\"https:\/\/moposanitaryware.com\/pt\/shop\/massage-bathtubs\/\">equipamento de banheiro<\/a><\/span><\/h3>\n<p><a href=\"https:\/\/moposanitaryware.com\/pt\/shop\/massage-bathtubs\/\">Banheiras<\/a> s\u00e3o itens b\u00e1sicos de banheiro - recipientes que ret\u00eam \u00e1gua para um banho imersivo. Eles tamb\u00e9m proporcionam um local relaxante para relaxar, mas existem v\u00e1rios tipos diferentes que atendem a prop\u00f3sitos \u00fanicos. O mais comum <a href=\"https:\/\/moposanitaryware.com\/pt\/shop\/massage-bathtubs\/\">banheiras<\/a> visto em casas residenciais <a href=\"https:\/\/moposanitaryware.com\/pt\/shop\/massage-bathtubs\/\">incluem banheiras drop-in, banheiras independentes, banheiras alcova, jacuzzi, banheira gen\u00e9rica e banheiras de canto<\/a>.<br \/>\nSeja qual for o estilo escolhido, <a href=\"https:\/\/moposanitaryware.com\/pt\/shop\/massage-bathtubs\/\">banheiras independentes<\/a> evocam tranquilidade e relaxamento, criando uma atmosfera de conforto no banheiro. Por\u00e9m, ao escolher o <a href=\"https:\/\/moposanitaryware.com\/pt\/shop\/massage-bathtubs\/\">banheira ideal<\/a>, tanto o seu design, como a qualidade dos seus materiais e a sua resist\u00eancia devem ser tidos em considera\u00e7\u00e3o para garantir a m\u00e1xima durabilidade do equipamento sanit\u00e1rio, ao mesmo tempo que facilita as tarefas de manuten\u00e7\u00e3o.<br \/>\nA cole\u00e7\u00e3o de <a href=\"https:\/\/moposanitaryware.com\/pt\/shop\/massage-bathtubs\/\">banheiras independentes<\/a> por <a href=\"https:\/\/moposanitaryware.com\/pt\/shop\/massage-bathtubs\/\">MOPO<\/a> adaptar-se ao espa\u00e7o e \u00e0 personalidade de cada cliente com uma vasta gama pensada com um \u00fanico prop\u00f3sito: melhorar a qualidade de vida e acrescentar conforto. Encontre o ideal para si e para a sua casa de banho entre a grande variedade de<a href=\"https:\/\/moposanitaryware.com\/pt\/shop\/massage-bathtubs\/\"> Banheiras MOPO<\/a>.<\/p>\n\t\t<\/div>\n\t\t\t\t\t<\/div>\n\n\t\n<\/div>","protected":false},"excerpt":{"rendered":"<table style=\"font-size: 14.4px;\" width=\"497\">\n<tbody>\n<tr>\n<td width=\"163\">Marca:<\/td>\n<td width=\"334\">MOPO<\/td>\n<\/tr>\n<tr>\n<td width=\"163\">Nome do Produto:<\/td>\n<td width=\"334\"><a href=\"https:\/\/mopotoilet.com\/category\/Massage Bathtub\/\">Banheira de massagem<\/a><\/td>\n<\/tr>\n<tr>\n<td width=\"163\">SKU:<\/td>\n<td width=\"334\">MP-WS-E001<\/td>\n<\/tr>\n<tr>\n<td width=\"163\">Cor:<\/td>\n<td width=\"334\">Branco\/Preto\/Azul\/Cinza\/(V\u00e1rias cores)<\/td>\n<\/tr>\n<tr>\n<td width=\"163\">Material Prim\u00e1rio:<\/td>\n<td width=\"334\">Acr\u00edlico EUA<\/td>\n<\/tr>\n<tr>\n<td width=\"163\">Capacity\uff1a<\/td>\n<td width=\"334\">2-8 pessoas<\/td>\n<\/tr>\n<tr>\n<td width=\"163\">Control System\uff1a<\/td>\n<td width=\"334\">Gecko\/Balboa\/Joyonway<\/td>\n<\/tr>\n<tr>\n<td width=\"163\">Tamanho do produto:<\/td>\n<td width=\"334\">\uff08Customized\uff09<\/td>\n<\/tr>\n<tr>\n<td width=\"163\">Tipo de instala\u00e7\u00e3o:<\/td>\n<td width=\"334\">De ch\u00e3o<\/td>\n<\/tr>\n<tr>\n<td width=\"163\">Peso l\u00edquido:<\/td>\n<td width=\"334\">160-320 kg<\/td>\n<\/tr>\n<tr>\n<td width=\"163\">Aplicativo:<\/td>\n<td width=\"334\">Hotel\/Casa\/P\u00fablico\/Piscina<\/td>\n<\/tr>\n<\/tbody>\n<\/table>\n\t<a class=\"paoc-popup-click paoc-popup-cust-337 paoc-popup-button paoc-popup-btn\" href=\"javascript:void(0);\">Solicite um or\u00e7amento<\/a>\r\n\u00a0 \u00a0 \u00a0<a href=\"https:\/\/api.whatsapp.com\/send?phone=8618675762929\"><img loading=\"lazy\" decoding=\"async\" class=\"alignnone wp-image-6698\" src=\"https:\/\/moposanitaryware.com\/wp-content\/uploads\/WhatsApp.png\" alt=\"\" width=\"140\" height=\"33\" srcset=\"https:\/\/moposanitaryware.com\/wp-content\/uploads\/WhatsApp.png 546w, https:\/\/moposanitaryware.com\/wp-content\/uploads\/WhatsApp-18x4.png 18w\" sizes=\"auto, (max-width: 140px) 100vw, 140px\" \/><\/a><\/p>","protected":false},"featured_media":7533,"template":"","meta":{"_acf_changed":false},"product_brand":[],"product_cat":[15,33,125],"product_tag":[129,232,233,267],"class_list":{"0":"post-7563","1":"product","2":"type-product","3":"status-publish","4":"has-post-thumbnail","6":"product_cat-see-all-categories","7":"product_cat-massage-bathtubs","8":"product_cat-spa-bathtub","9":"product_tag-bathtub","10":"product_tag-massage-bathtub","11":"product_tag-soaking-tub","12":"product_tag-spa-bathtub","14":"first","15":"instock","16":"shipping-taxable","17":"product-type-simple"},"acf":[],"_links":{"self":[{"href":"https:\/\/moposanitaryware.com\/pt\/wp-json\/wp\/v2\/product\/7563","targetHints":{"allow":["GET"]}}],"collection":[{"href":"https:\/\/moposanitaryware.com\/pt\/wp-json\/wp\/v2\/product"}],"about":[{"href":"https:\/\/moposanitaryware.com\/pt\/wp-json\/wp\/v2\/types\/product"}],"wp:featuredmedia":[{"embeddable":true,"href":"https:\/\/moposanitaryware.com\/pt\/wp-json\/wp\/v2\/media\/7533"}],"wp:attachment":[{"href":"https:\/\/moposanitaryware.com\/pt\/wp-json\/wp\/v2\/media?parent=7563"}],"wp:term":[{"taxonomy":"product_brand","embeddable":true,"href":"https:\/\/moposanitaryware.com\/pt\/wp-json\/wp\/v2\/product_brand?post=7563"},{"taxonomy":"product_cat","embeddable":true,"href":"https:\/\/moposanitaryware.com\/pt\/wp-json\/wp\/v2\/product_cat?post=7563"},{"taxonomy":"product_tag","embeddable":true,"href":"https:\/\/moposanitaryware.com\/pt\/wp-json\/wp\/v2\/product_tag?post=7563"}],"curies":[{"name":"wp","href":"https:\/\/api.w.org\/{rel}","templated":true}]}}