{"id":7450,"date":"2025-01-09T07:56:17","date_gmt":"2025-01-09T07:56:17","guid":{"rendered":"https:\/\/moposanitaryware.com\/wholesale-cheap-new-design-hidden-water-tank-european-style-wall-mounted-smart-flush-toilet-v007-2\/"},"modified":"2025-01-09T08:47:05","modified_gmt":"2025-01-09T08:47:05","slug":"wholesale-cheap-new-design-hidden-water-tank-european-style-wall-mounted-smart-flush-toilet-v007-2","status":"publish","type":"product","link":"https:\/\/moposanitaryware.com\/pt\/wholesale-cheap-new-design-hidden-water-tank-european-style-wall-mounted-smart-flush-toilet-v007-2\/","title":{"rendered":"Atacado Barato Novo Design Tanque de \u00c1gua Oculto Estilo Europeu Montado na Parede Smart Flush Toilet V007"},"content":{"rendered":"","protected":false},"excerpt":{"rendered":"<p>Brand Name\uff1a MOPO\u00ae<br \/>\nModel Number\uff1a MP- 007<br \/>\nMaterial: Cer\u00e2mica<br \/>\nSize\uff1a615x405x435mm<br \/>\nWeight\uff1a 40-52KG<br \/>\nCor branca<br \/>\nMat\u00e9ria: Opera\u00e7\u00e3o Autom\u00e1tica<br \/>\nPadr\u00e3o de drenagem: P-trap<br \/>\nM\u00e9todo de lavagem: sif\u00e3o Jet Flushing<br \/>\nInstallation Type\uff1a Wall-mounted<\/p>\n\t<a class=\"paoc-popup-click paoc-popup-cust-337 paoc-popup-button paoc-popup-btn\" href=\"javascript:void(0);\">Solicite um or\u00e7amento<\/a>\r\n\u00a0 \u00a0 <a href=\"https:\/\/api.whatsapp.com\/send?phone=8618675762929\"><img loading=\"lazy\" decoding=\"async\" class=\"wp-image-10738 alignnone\" src=\"https:\/\/mopotoilet.com\/wp-content\/uploads\/WhatsApp-8618675762929.png\" alt=\"\" width=\"156\" height=\"37\" \/><\/a><\/p>","protected":false},"featured_media":7421,"template":"","meta":{"_acf_changed":false},"product_brand":[],"product_cat":[15,79],"product_tag":[],"class_list":{"0":"post-7450","1":"product","2":"type-product","3":"status-publish","4":"has-post-thumbnail","6":"product_cat-see-all-categories","7":"product_cat-wall-hung-toilet","9":"first","10":"instock","11":"shipping-taxable","12":"product-type-simple"},"acf":[],"_links":{"self":[{"href":"https:\/\/moposanitaryware.com\/pt\/wp-json\/wp\/v2\/product\/7450","targetHints":{"allow":["GET"]}}],"collection":[{"href":"https:\/\/moposanitaryware.com\/pt\/wp-json\/wp\/v2\/product"}],"about":[{"href":"https:\/\/moposanitaryware.com\/pt\/wp-json\/wp\/v2\/types\/product"}],"wp:featuredmedia":[{"embeddable":true,"href":"https:\/\/moposanitaryware.com\/pt\/wp-json\/wp\/v2\/media\/7421"}],"wp:attachment":[{"href":"https:\/\/moposanitaryware.com\/pt\/wp-json\/wp\/v2\/media?parent=7450"}],"wp:term":[{"taxonomy":"product_brand","embeddable":true,"href":"https:\/\/moposanitaryware.com\/pt\/wp-json\/wp\/v2\/product_brand?post=7450"},{"taxonomy":"product_cat","embeddable":true,"href":"https:\/\/moposanitaryware.com\/pt\/wp-json\/wp\/v2\/product_cat?post=7450"},{"taxonomy":"product_tag","embeddable":true,"href":"https:\/\/moposanitaryware.com\/pt\/wp-json\/wp\/v2\/product_tag?post=7450"}],"curies":[{"name":"wp","href":"https:\/\/api.w.org\/{rel}","templated":true}]}}