{"id":7392,"date":"2025-01-08T09:49:20","date_gmt":"2025-01-08T09:49:20","guid":{"rendered":"https:\/\/moposanitaryware.com\/bathroom-siphon-flush-1-piece-toilet-ceramic-human-toilet\/"},"modified":"2025-01-08T09:49:24","modified_gmt":"2025-01-08T09:49:24","slug":"bathroom-siphon-flush-1-piece-toilet-ceramic-human-toilet","status":"publish","type":"product","link":"https:\/\/moposanitaryware.com\/pt\/bathroom-siphon-flush-1-piece-toilet-ceramic-human-toilet\/","title":{"rendered":"Sif\u00e3o de banheiro descarga 1 pe\u00e7a vaso sanit\u00e1rio cer\u00e2mica vaso sanit\u00e1rio humano"},"content":{"rendered":"","protected":false},"excerpt":{"rendered":"<p>Marca: MOPO<br \/>\nModel Number\uff1a MP-OR-2141<br \/>\nMaterial: Cer\u00e2mica<br \/>\nTamanho: 650x365x755mm<br \/>\nPeso: 48KG<br \/>\nCor branca<br \/>\nCaracter\u00edstica: Lavagem por gravidade de descarga dupla<br \/>\nPadr\u00e3o de drenagem: S-strap 300\/400mm<br \/>\nM\u00e9todo de lavagem: sif\u00e3o Jet Flushing<br \/>\nTipo de instala\u00e7\u00e3o: montado no ch\u00e3o<\/p>\n\t<a class=\"paoc-popup-click paoc-popup-cust-337 paoc-popup-button paoc-popup-btn\" href=\"javascript:void(0);\">Solicite um or\u00e7amento<\/a>\r\n\u00a0 \u00a0 \u00a0<a href=\"https:\/\/api.whatsapp.com\/send?phone=8618675762929\"><img loading=\"lazy\" decoding=\"async\" class=\"alignnone wp-image-6698\" src=\"https:\/\/moposanitaryware.com\/wp-content\/uploads\/WhatsApp.png\" alt=\"\" width=\"140\" height=\"33\" srcset=\"https:\/\/moposanitaryware.com\/wp-content\/uploads\/WhatsApp.png 546w, https:\/\/moposanitaryware.com\/wp-content\/uploads\/WhatsApp-18x4.png 18w\" sizes=\"auto, (max-width: 140px) 100vw, 140px\" \/><\/a><\/p>","protected":false},"featured_media":7349,"template":"","meta":{"_acf_changed":false},"product_brand":[],"product_cat":[15,35,77],"product_tag":[],"class_list":{"0":"post-7392","1":"product","2":"type-product","3":"status-publish","4":"has-post-thumbnail","6":"product_cat-see-all-categories","7":"product_cat-toilets","8":"product_cat-one-piece-toilet","10":"first","11":"instock","12":"shipping-taxable","13":"product-type-simple"},"acf":[],"_links":{"self":[{"href":"https:\/\/moposanitaryware.com\/pt\/wp-json\/wp\/v2\/product\/7392","targetHints":{"allow":["GET"]}}],"collection":[{"href":"https:\/\/moposanitaryware.com\/pt\/wp-json\/wp\/v2\/product"}],"about":[{"href":"https:\/\/moposanitaryware.com\/pt\/wp-json\/wp\/v2\/types\/product"}],"wp:featuredmedia":[{"embeddable":true,"href":"https:\/\/moposanitaryware.com\/pt\/wp-json\/wp\/v2\/media\/7349"}],"wp:attachment":[{"href":"https:\/\/moposanitaryware.com\/pt\/wp-json\/wp\/v2\/media?parent=7392"}],"wp:term":[{"taxonomy":"product_brand","embeddable":true,"href":"https:\/\/moposanitaryware.com\/pt\/wp-json\/wp\/v2\/product_brand?post=7392"},{"taxonomy":"product_cat","embeddable":true,"href":"https:\/\/moposanitaryware.com\/pt\/wp-json\/wp\/v2\/product_cat?post=7392"},{"taxonomy":"product_tag","embeddable":true,"href":"https:\/\/moposanitaryware.com\/pt\/wp-json\/wp\/v2\/product_tag?post=7392"}],"curies":[{"name":"wp","href":"https:\/\/api.w.org\/{rel}","templated":true}]}}