{"id":7302,"date":"2024-12-30T08:55:43","date_gmt":"2024-12-30T08:55:43","guid":{"rendered":"https:\/\/moposanitaryware.com\/china-factory-wholesale-standard-height-two-piece-ceramic-toilet\/"},"modified":"2024-12-30T08:56:02","modified_gmt":"2024-12-30T08:56:02","slug":"china-factory-wholesale-standard-height-two-piece-ceramic-toilet","status":"publish","type":"product","link":"https:\/\/moposanitaryware.com\/pt\/china-factory-wholesale-standard-height-two-piece-ceramic-toilet\/","title":{"rendered":"China F\u00e1brica Atacado Altura Padr\u00e3o Duas Pe\u00e7as Vaso Sanit\u00e1rio Cer\u00e2mico"},"content":{"rendered":"","protected":false},"excerpt":{"rendered":"<table width=\"497\">\n<tbody>\n<tr>\n<td width=\"163\">Marca:<\/td>\n<td width=\"334\">MOPO\u00ae<\/td>\n<\/tr>\n<tr>\n<td width=\"163\">Nome do Produto:<\/td>\n<td width=\"334\"><a href=\"https:\/\/mopotoilet.com\/category\/two-piece-toilet\/\">Sanit\u00e1rio de duas pe\u00e7as<\/a><\/td>\n<\/tr>\n<tr>\n<td width=\"163\">SKU:<\/td>\n<td width=\"334\">MP-C647<\/td>\n<\/tr>\n<tr>\n<td width=\"163\">Material Prim\u00e1rio:<\/td>\n<td width=\"334\">Cer\u00e2mica<\/td>\n<\/tr>\n<tr>\n<td width=\"163\">Fun\u00e7\u00e3o tamp\u00e3o<\/td>\n<td width=\"334\">Fechamento suave<\/td>\n<\/tr>\n<tr>\n<td width=\"163\">Desbaste<\/td>\n<td width=\"334\">Armadilha S 250mm Armadilha P\/180mm<\/td>\n<\/tr>\n<tr>\n<td width=\"163\">Tamanho do produto<\/td>\n<td width=\"334\">650*340*770mm<\/td>\n<\/tr>\n<tr>\n<td width=\"163\">M\u00e9todo de lavagem<\/td>\n<td width=\"334\">Lavagem a jato de sif\u00e3o<\/td>\n<\/tr>\n<tr>\n<td width=\"163\">Peso l\u00edquido<\/td>\n<td width=\"334\">42-50 kg<\/td>\n<\/tr>\n<tr>\n<td width=\"163\">Tipo de instala\u00e7\u00e3o<\/td>\n<td width=\"334\">Montado no ch\u00e3o<\/td>\n<\/tr>\n<\/tbody>\n<\/table>\n\t<a class=\"paoc-popup-click paoc-popup-cust-337 paoc-popup-button paoc-popup-btn\" href=\"javascript:void(0);\">Solicite um or\u00e7amento<\/a>\r\n\u00a0 \u00a0 \u00a0<a href=\"https:\/\/api.whatsapp.com\/send?phone=8618675762929\"><img loading=\"lazy\" decoding=\"async\" class=\"alignnone wp-image-6698\" src=\"https:\/\/moposanitaryware.com\/wp-content\/uploads\/WhatsApp.png\" alt=\"\" width=\"140\" height=\"33\" srcset=\"https:\/\/moposanitaryware.com\/wp-content\/uploads\/WhatsApp.png 546w, https:\/\/moposanitaryware.com\/wp-content\/uploads\/WhatsApp-18x4.png 18w\" sizes=\"auto, (max-width: 140px) 100vw, 140px\" \/><\/a><\/p>","protected":false},"featured_media":7248,"template":"","meta":{"_acf_changed":false},"product_brand":[],"product_cat":[15,35,78],"product_tag":[],"class_list":{"0":"post-7302","1":"product","2":"type-product","3":"status-publish","4":"has-post-thumbnail","6":"product_cat-see-all-categories","7":"product_cat-toilets","8":"product_cat-two-piece-toilet","10":"first","11":"instock","12":"shipping-taxable","13":"product-type-simple"},"acf":[],"_links":{"self":[{"href":"https:\/\/moposanitaryware.com\/pt\/wp-json\/wp\/v2\/product\/7302","targetHints":{"allow":["GET"]}}],"collection":[{"href":"https:\/\/moposanitaryware.com\/pt\/wp-json\/wp\/v2\/product"}],"about":[{"href":"https:\/\/moposanitaryware.com\/pt\/wp-json\/wp\/v2\/types\/product"}],"wp:featuredmedia":[{"embeddable":true,"href":"https:\/\/moposanitaryware.com\/pt\/wp-json\/wp\/v2\/media\/7248"}],"wp:attachment":[{"href":"https:\/\/moposanitaryware.com\/pt\/wp-json\/wp\/v2\/media?parent=7302"}],"wp:term":[{"taxonomy":"product_brand","embeddable":true,"href":"https:\/\/moposanitaryware.com\/pt\/wp-json\/wp\/v2\/product_brand?post=7302"},{"taxonomy":"product_cat","embeddable":true,"href":"https:\/\/moposanitaryware.com\/pt\/wp-json\/wp\/v2\/product_cat?post=7302"},{"taxonomy":"product_tag","embeddable":true,"href":"https:\/\/moposanitaryware.com\/pt\/wp-json\/wp\/v2\/product_tag?post=7302"}],"curies":[{"name":"wp","href":"https:\/\/api.w.org\/{rel}","templated":true}]}}