{"id":7162,"date":"2024-12-27T08:52:37","date_gmt":"2024-12-27T08:52:37","guid":{"rendered":"https:\/\/moposanitaryware.com\/factory-direct-supply-ceramic-porcelain-cheap-toilet\/"},"modified":"2024-12-27T08:52:49","modified_gmt":"2024-12-27T08:52:49","slug":"factory-direct-supply-ceramic-porcelain-cheap-toilet","status":"publish","type":"product","link":"https:\/\/moposanitaryware.com\/pt\/factory-direct-supply-ceramic-porcelain-cheap-toilet\/","title":{"rendered":"factory direct supply ceramic porcelain cheap toilet"},"content":{"rendered":"","protected":false},"excerpt":{"rendered":"<table style=\"font-size: 14.4px;\" width=\"497\">\n<tbody>\n<tr>\n<td width=\"163\">Marca:<\/td>\n<td width=\"334\"><a href=\"#brave_open_popup_688\">MOPO\u00ae<\/a><\/td>\n<\/tr>\n<tr>\n<td width=\"163\">Nome do Produto:<\/td>\n<td width=\"334\"><a href=\"https:\/\/moposanitaryware.com\/pt\/produto\/one-piece-toilet\/\">Banheiro de pe\u00e7a \u00fanica<\/a><\/td>\n<\/tr>\n<tr>\n<td width=\"163\">SKU:<\/td>\n<td width=\"334\">\u00a0MP-S499<\/td>\n<\/tr>\n<tr>\n<td width=\"163\">Material Prim\u00e1rio:<\/td>\n<td width=\"334\">Cer\u00e2mica<\/td>\n<\/tr>\n<tr>\n<td width=\"163\">Fun\u00e7\u00e3o tamp\u00e3o<\/td>\n<td width=\"334\">Fechamento suave<\/td>\n<\/tr>\n<tr>\n<td width=\"163\">Desbaste<\/td>\n<td width=\"334\">Correia S 305mm\/400mm<\/td>\n<\/tr>\n<tr>\n<td width=\"163\">Tamanho do produto<\/td>\n<td width=\"334\">700*385*780mm<\/td>\n<\/tr>\n<tr>\n<td width=\"163\">Gal\u00f5es por descarga<\/td>\n<td width=\"334\">0,6 \/ 1,28 gal\u00f5es<\/td>\n<\/tr>\n<tr>\n<td width=\"163\">M\u00e9todo de lavagem<\/td>\n<td width=\"334\">Descarga Direta\/Sif\u00e3o<\/td>\n<\/tr>\n<tr>\n<td width=\"163\">Peso l\u00edquido<\/td>\n<td width=\"334\">42-50 kg<\/td>\n<\/tr>\n<tr>\n<td width=\"163\">Tipo de instala\u00e7\u00e3o<\/td>\n<td width=\"334\">Montado no ch\u00e3o<\/td>\n<\/tr>\n<\/tbody>\n<\/table>\n\t<a class=\"paoc-popup-click paoc-popup-cust-337 paoc-popup-button paoc-popup-btn\" href=\"javascript:void(0);\">Solicite um or\u00e7amento<\/a>\r\n\u00a0 \u00a0 \u00a0<a href=\"https:\/\/api.whatsapp.com\/send?phone=8618675762929\"><img loading=\"lazy\" decoding=\"async\" class=\"alignnone wp-image-6698\" src=\"https:\/\/moposanitaryware.com\/wp-content\/uploads\/WhatsApp.png\" alt=\"\" width=\"140\" height=\"33\" srcset=\"https:\/\/moposanitaryware.com\/wp-content\/uploads\/WhatsApp.png 546w, https:\/\/moposanitaryware.com\/wp-content\/uploads\/WhatsApp-18x4.png 18w\" sizes=\"auto, (max-width: 140px) 100vw, 140px\" \/><\/a><\/p>","protected":false},"featured_media":7122,"template":"","meta":{"_acf_changed":false},"product_brand":[],"product_cat":[15],"product_tag":[],"class_list":{"0":"post-7162","1":"product","2":"type-product","3":"status-publish","4":"has-post-thumbnail","6":"product_cat-see-all-categories","8":"first","9":"instock","10":"shipping-taxable","11":"product-type-simple"},"acf":[],"_links":{"self":[{"href":"https:\/\/moposanitaryware.com\/pt\/wp-json\/wp\/v2\/product\/7162","targetHints":{"allow":["GET"]}}],"collection":[{"href":"https:\/\/moposanitaryware.com\/pt\/wp-json\/wp\/v2\/product"}],"about":[{"href":"https:\/\/moposanitaryware.com\/pt\/wp-json\/wp\/v2\/types\/product"}],"wp:featuredmedia":[{"embeddable":true,"href":"https:\/\/moposanitaryware.com\/pt\/wp-json\/wp\/v2\/media\/7122"}],"wp:attachment":[{"href":"https:\/\/moposanitaryware.com\/pt\/wp-json\/wp\/v2\/media?parent=7162"}],"wp:term":[{"taxonomy":"product_brand","embeddable":true,"href":"https:\/\/moposanitaryware.com\/pt\/wp-json\/wp\/v2\/product_brand?post=7162"},{"taxonomy":"product_cat","embeddable":true,"href":"https:\/\/moposanitaryware.com\/pt\/wp-json\/wp\/v2\/product_cat?post=7162"},{"taxonomy":"product_tag","embeddable":true,"href":"https:\/\/moposanitaryware.com\/pt\/wp-json\/wp\/v2\/product_tag?post=7162"}],"curies":[{"name":"wp","href":"https:\/\/api.w.org\/{rel}","templated":true}]}}