{"id":7094,"date":"2024-12-24T03:02:42","date_gmt":"2024-12-24T03:02:42","guid":{"rendered":"https:\/\/moposanitaryware.com\/brass-sensor-electric-water-tap-touchless-deck-design-hotel-bathroom-sink-faucet\/"},"modified":"2024-12-24T03:14:42","modified_gmt":"2024-12-24T03:14:42","slug":"brass-sensor-electric-water-tap-touchless-deck-design-hotel-bathroom-sink-faucet","status":"publish","type":"product","link":"https:\/\/moposanitaryware.com\/pt\/brass-sensor-electric-water-tap-touchless-deck-design-hotel-bathroom-sink-faucet\/","title":{"rendered":"Torneira de \u00e1gua el\u00e9trica com sensor de lat\u00e3o, design de deck sem toque, torneira de pia de banheiro de hotel"},"content":{"rendered":"","protected":false},"excerpt":{"rendered":"<table style=\"font-size: 14.4px; height: 329px;\" width=\"567\">\n<tbody>\n<tr>\n<td width=\"163\">Marca:<\/td>\n<td width=\"334\"><a href=\"https:\/\/moposanitaryware.com\/pt\/\">MOPO<\/a><\/td>\n<\/tr>\n<tr>\n<td width=\"163\">Nome do Produto:<\/td>\n<td width=\"334\"><a href=\"https:\/\/moposanitaryware.com\/pt\/categoria-produto\/faucets\/touchless-faucet\/\">Touchless Bathroom Faucets<\/a><\/td>\n<\/tr>\n<tr>\n<td width=\"163\">SKU:<\/td>\n<td width=\"334\">MP-AT-1600-18<\/td>\n<\/tr>\n<tr>\n<td width=\"163\">Material Prim\u00e1rio:<\/td>\n<td width=\"334\">59 Lat\u00e3o\/A\u00e7o\/ABS n\u00edvel A<\/td>\n<\/tr>\n<tr>\n<td width=\"163\">Superf\u00edcie acabada:<\/td>\n<td width=\"334\">Galvanoplastia 7-12 um N\u00edquel + 2-5 um Cromo<\/td>\n<\/tr>\n<tr>\n<td width=\"163\">Durabilidade:<\/td>\n<td width=\"334\">Resistente \u00e0 ferrugem; Resistente a manchas; Resistente a manchas<\/td>\n<\/tr>\n<tr>\n<td width=\"163\">Cor:<\/td>\n<td width=\"334\">Preto\/cromado\/dourado\/cinza met\u00e1lico<\/td>\n<\/tr>\n<tr>\n<td width=\"163\">Tamanho:<\/td>\n<td width=\"334\">36x25x8cm<\/td>\n<\/tr>\n<tr>\n<td width=\"163\">Peso:<\/td>\n<td width=\"334\">2,6kg<\/td>\n<\/tr>\n<tr>\n<td width=\"163\">Tipo de instala\u00e7\u00e3o<\/td>\n<td width=\"334\"><a href=\"https:\/\/moposanitaryware.com\/pt\/categoria-produto\/faucets\/touchless-faucet\/\">touchless Faucet<\/a><\/td>\n<\/tr>\n<tr>\n<td width=\"163\">Local de montagem:<\/td>\n<td width=\"334\">Suporte de mesa<\/td>\n<\/tr>\n<\/tbody>\n<\/table>\n\t<a class=\"paoc-popup-click paoc-popup-cust-337 paoc-popup-button paoc-popup-btn\" href=\"javascript:void(0);\">Solicite um or\u00e7amento<\/a>\r\n\u00a0 \u00a0 \u00a0<a href=\"https:\/\/api.whatsapp.com\/send?phone=8618675762929\"><img loading=\"lazy\" decoding=\"async\" class=\"alignnone wp-image-6698\" src=\"https:\/\/moposanitaryware.com\/wp-content\/uploads\/WhatsApp.png\" alt=\"\" width=\"140\" height=\"33\" srcset=\"https:\/\/moposanitaryware.com\/wp-content\/uploads\/WhatsApp.png 546w, https:\/\/moposanitaryware.com\/wp-content\/uploads\/WhatsApp-18x4.png 18w\" sizes=\"auto, (max-width: 140px) 100vw, 140px\" \/><\/a><\/p>","protected":false},"featured_media":7051,"template":"","meta":{"_acf_changed":false},"product_brand":[],"product_cat":[15,23,97],"product_tag":[],"class_list":{"0":"post-7094","1":"product","2":"type-product","3":"status-publish","4":"has-post-thumbnail","6":"product_cat-see-all-categories","7":"product_cat-faucets","8":"product_cat-touchless-faucet","10":"first","11":"instock","12":"shipping-taxable","13":"product-type-simple"},"acf":[],"_links":{"self":[{"href":"https:\/\/moposanitaryware.com\/pt\/wp-json\/wp\/v2\/product\/7094","targetHints":{"allow":["GET"]}}],"collection":[{"href":"https:\/\/moposanitaryware.com\/pt\/wp-json\/wp\/v2\/product"}],"about":[{"href":"https:\/\/moposanitaryware.com\/pt\/wp-json\/wp\/v2\/types\/product"}],"wp:featuredmedia":[{"embeddable":true,"href":"https:\/\/moposanitaryware.com\/pt\/wp-json\/wp\/v2\/media\/7051"}],"wp:attachment":[{"href":"https:\/\/moposanitaryware.com\/pt\/wp-json\/wp\/v2\/media?parent=7094"}],"wp:term":[{"taxonomy":"product_brand","embeddable":true,"href":"https:\/\/moposanitaryware.com\/pt\/wp-json\/wp\/v2\/product_brand?post=7094"},{"taxonomy":"product_cat","embeddable":true,"href":"https:\/\/moposanitaryware.com\/pt\/wp-json\/wp\/v2\/product_cat?post=7094"},{"taxonomy":"product_tag","embeddable":true,"href":"https:\/\/moposanitaryware.com\/pt\/wp-json\/wp\/v2\/product_tag?post=7094"}],"curies":[{"name":"wp","href":"https:\/\/api.w.org\/{rel}","templated":true}]}}