{"id":5845,"date":"2023-12-21T06:19:04","date_gmt":"2023-12-21T06:19:04","guid":{"rendered":"https:\/\/moposanitaryware.com\/?post_type=product&#038;p=5845"},"modified":"2024-07-26T09:14:10","modified_gmt":"2024-07-26T09:14:10","slug":"wall-mount-bathroom-basin-faucet","status":"publish","type":"product","link":"https:\/\/moposanitaryware.com\/pt\/wall-mount-bathroom-basin-faucet\/","title":{"rendered":"Torneira montada na parede com al\u00e7a \u00fanica para hotel, torneira para bacia de banheiro, torneira misturadora quente e fria"},"content":{"rendered":"<div class=\"row align-center\"  id=\"row-519091707\">\n\n\t<div id=\"col-1350428348\" class=\"col medium-11 small-12 large-11\"  data-animate=\"fadeInUp\">\n\t\t\t\t<div class=\"col-inner text-center\"  >\n\t\t\t\n\t\t\t\n<h1 style=\"text-align: center;\"><a href=\"https:\/\/moposanitaryware.com\/pt\/categoria-produto\/faucets\/\">Torneiras<\/a><\/h1>\n<p style=\"text-align: center;\">Procure torneiras de cozinha, <a href=\"https:\/\/moposanitaryware.com\/pt\/categoria-produto\/faucets\/\">torneiras de banheiro<\/a>, <a href=\"https:\/\/moposanitaryware.com\/pt\/categoria-produto\/faucets\/\">torneiras de pia<\/a>, <a href=\"https:\/\/moposanitaryware.com\/pt\/categoria-produto\/faucets\/\">Misturador de lavat\u00f3rio<\/a> As torneiras est\u00e3o dispon\u00edveis em uma ampla variedade de estilos e acabamentos. <a href=\"https:\/\/moposanitaryware.com\/pt\/categoria-produto\/faucets\/\">torneiras de banheiro<\/a> combinam design de topo com a mais alta qualidade e fun\u00e7\u00f5es inovadoras. Descubra solu\u00e7\u00f5es fascinantes para a sua casa de banho.<\/p>\n<a href=\"https:\/\/moposanitaryware.com\/pt\/categoria-produto\/faucets\/\" class=\"button secondary is-underline lowercase\"  >\n\t\t<span>Explorar tudo<\/span>\n\t<i class=\"icon-menu\" aria-hidden=\"true\" ><\/i><\/a>\n\n\t\t<\/div>\n\t\t\t\t\t<\/div>\n\n\t\n<\/div>\n<table style=\"height: 492px;\" border=\"1\" width=\"667\">\n<tbody>\n<tr>\n<td>Lugar de origem:<\/td>\n<td>Foshan, China<\/td>\n<\/tr>\n<tr>\n<td>Digite o nome:<\/td>\n<td data-spm-anchor-id=\"a2700.details.pronpeci14.i1.47c970d3Zz0E3h\">MOPO\u00ae Lat\u00e3o <a href=\"https:\/\/moposanitaryware.com\/pt\/categoria-produto\/faucets\/\">Torneiras para lavat\u00f3rio de banheiro<\/a><\/td>\n<\/tr>\n<tr>\n<td><strong><span data-spm-anchor-id=\"a2700.wholesale.0.i33.2c534154qJukFc\">Recurso<\/span><\/strong><strong>\u00a0<\/strong><\/td>\n<td>Material premium de opera\u00e7\u00f5es de al\u00e7a \u00fanica<br \/>\nDurabilidadeconfiabilidadeacabamentos resistentes \u00e0 corros\u00e3o<br \/>\nMaterial de lat\u00e3o maci\u00e7o de qualidade<br \/>\nCartucho de disco cer\u00e2mico garante longa dura\u00e7\u00e3o<br \/>\nOpera\u00e7\u00e3o de al\u00e7a \u00fanica sem gotejamento<br \/>\nParadas de limite de alta temperatura eliminam queimaduras<br \/>\n\u00c1gua quente e fria sentido misto <a style=\"font-family: inherit; font-size: inherit;\" href=\"https:\/\/moposanitaryware.com\/pt\/categoria-produto\/faucets\/\">Torneiras<\/a><\/td>\n<\/tr>\n<tr>\n<td>Aplicativo:<\/td>\n<td>Hotel, casa, villa, apartamento, pr\u00e9dio de escrit\u00f3rios, hospital, shopping,<\/td>\n<\/tr>\n<tr>\n<td>Certificado:<\/td>\n<td>CE, ISO 9001, SASO, marca d&#039;\u00e1gua, UPC<\/td>\n<\/tr>\n<tr>\n<td>Servi\u00e7o p\u00f3s-venda<\/td>\n<td>Suporte t\u00e9cnico on-line, pe\u00e7as de reposi\u00e7\u00e3o gratuitas<\/td>\n<\/tr>\n<tr>\n<td>OEM e ODM:<\/td>\n<td>OEM<\/td>\n<\/tr>\n<tr>\n<td>Quantidade m\u00ednima:<\/td>\n<td>1 conjunto<\/td>\n<\/tr>\n<tr>\n<td>Amostra gr\u00e1tis:<\/td>\n<td>amostra de pagamento<\/td>\n<\/tr>\n<tr>\n<td>Capacidade de fornecimento:<\/td>\n<td>500 conjuntos\/conjuntos por dia<\/td>\n<\/tr>\n<tr>\n<td style=\"text-align: left;\">Embalagem:<\/td>\n<td style=\"text-align: left;\">Caixa: Embalagem neutra; Embalagem: Saco de isopor ou saco de pano; Oferecemos servi\u00e7os de design de embalagens personalizadas.<\/td>\n<\/tr>\n<\/tbody>\n<\/table>\n<div class=\"row\"  id=\"row-1477125522\">\n\n\t<div id=\"col-5839196\" class=\"col medium-6 small-12 large-6\"  >\n\t\t\t\t<div class=\"col-inner\"  >\n\t\t\t\n\t\t\t\n<h2><span style=\"font-size: 80%;\">Material sem chumbo de lat\u00e3o grau 59-A<\/span><\/h2>\n<p>Corpo de cobre refinado: O <a href=\"https:\/\/moposanitaryware.com\/pt\/categoria-produto\/faucets\/\">torneira<\/a> o corpo utiliza um lingote de cobre refinado de alta qualidade com a ado\u00e7\u00e3o da mais avan\u00e7ada tecnologia de fundi\u00e7\u00e3o por gravidade do mundo e \u00e9 fabricado por usinagem de precis\u00e3o, totalmente natural, resistente e dur\u00e1vel.Constru\u00e7\u00e3o em lat\u00e3o s\u00f3lido para resistir \u00e0 ferrugem, corros\u00e3o.e manchas Acabamento superficial1. Niquelagem camada de 10-12 micr\u00f4metros 2 cromagem camada de 3-5 micr\u00f4metros 3 revestimento colorido camada de 3-5 micr\u00f4metros certifica\u00e7\u00e3o de aprova\u00e7\u00e3o no teste de spray de sal 48 horas Acabamento impec\u00e1vel: personalize a apar\u00eancia para complementar qualquer design de banheiro com uma sele\u00e7\u00e3o de acabamentos impec\u00e1veis e resistentes \u00e0 corros\u00e3o<\/p>\n\t\t<\/div>\n\t\t\t\t\t<\/div>\n\n\t\n\n\t<div id=\"col-1570687261\" class=\"col medium-6 small-12 large-6\"  >\n\t\t\t\t<div class=\"col-inner\"  >\n\t\t\t\n\t\t\t\n\t<div class=\"img has-hover x md-x lg-x y md-y lg-y\" id=\"image_665448664\">\n\t\t<a class=\"\" href=\"https:\/\/moposanitaryware.com\/pt\/categoria-produto\/faucets\/\" >\t\t\t\t\t\t<div class=\"img-inner dark\" >\n\t\t\t<img loading=\"lazy\" decoding=\"async\" width=\"750\" height=\"500\" src=\"https:\/\/moposanitaryware.com\/wp-content\/uploads\/2022\/09\/Wholesale-Copper-Basin-Faucet-59-A-Grade-Brass-Lead-Free-Material.jpg\" class=\"attachment-original size-original\" alt=\"\" srcset=\"https:\/\/moposanitaryware.com\/wp-content\/uploads\/2022\/09\/Wholesale-Copper-Basin-Faucet-59-A-Grade-Brass-Lead-Free-Material.jpg 750w, https:\/\/moposanitaryware.com\/wp-content\/uploads\/2022\/09\/Wholesale-Copper-Basin-Faucet-59-A-Grade-Brass-Lead-Free-Material-600x400.jpg 600w\" sizes=\"auto, (max-width: 750px) 100vw, 750px\" title=\"\">\t\t\t\t\t\t\n\t\t\t\t\t<\/div>\n\t\t\t\t\t\t<\/a>\t\t\n<style>\n#image_665448664 {\n  width: 100%;\n}\n<\/style>\n\t<\/div>\n\t\n\t\t<\/div>\n\t\t\t\t\t<\/div>\n\n\t\n\n\t<div id=\"col-813556275\" class=\"col medium-6 small-12 large-6\"  >\n\t\t\t\t<div class=\"col-inner\"  >\n\t\t\t\n\t\t\t\n\t<div class=\"img has-hover x md-x lg-x y md-y lg-y\" id=\"image_1830135009\">\n\t\t<a class=\"\" href=\"https:\/\/moposanitaryware.com\/pt\/categoria-produto\/faucets\/\" >\t\t\t\t\t\t<div class=\"img-inner dark\" >\n\t\t\t<img loading=\"lazy\" decoding=\"async\" width=\"800\" height=\"800\" src=\"https:\/\/moposanitaryware.com\/wp-content\/uploads\/2022\/09\/China-Faucet-Factory-Wholesale-Brass-Basin-Faucet-High-end-high-quality-imported-Valve-Core-1.jpg\" class=\"attachment-original size-original\" alt=\"\" srcset=\"https:\/\/moposanitaryware.com\/wp-content\/uploads\/2022\/09\/China-Faucet-Factory-Wholesale-Brass-Basin-Faucet-High-end-high-quality-imported-Valve-Core-1.jpg 800w, https:\/\/moposanitaryware.com\/wp-content\/uploads\/2022\/09\/China-Faucet-Factory-Wholesale-Brass-Basin-Faucet-High-end-high-quality-imported-Valve-Core-1-600x600.jpg 600w, https:\/\/moposanitaryware.com\/wp-content\/uploads\/2022\/09\/China-Faucet-Factory-Wholesale-Brass-Basin-Faucet-High-end-high-quality-imported-Valve-Core-1-100x100.jpg 100w, https:\/\/moposanitaryware.com\/wp-content\/uploads\/2022\/09\/China-Faucet-Factory-Wholesale-Brass-Basin-Faucet-High-end-high-quality-imported-Valve-Core-1-400x400.jpg 400w, https:\/\/moposanitaryware.com\/wp-content\/uploads\/2022\/09\/China-Faucet-Factory-Wholesale-Brass-Basin-Faucet-High-end-high-quality-imported-Valve-Core-1-280x280.jpg 280w, https:\/\/moposanitaryware.com\/wp-content\/uploads\/2022\/09\/China-Faucet-Factory-Wholesale-Brass-Basin-Faucet-High-end-high-quality-imported-Valve-Core-1-768x768.jpg 768w\" sizes=\"auto, (max-width: 800px) 100vw, 800px\" title=\"\">\t\t\t\t\t\t\n\t\t\t\t\t<\/div>\n\t\t\t\t\t\t<\/a>\t\t\n<style>\n#image_1830135009 {\n  width: 100%;\n}\n<\/style>\n\t<\/div>\n\t\n\t\t<\/div>\n\t\t\t\t\t<\/div>\n\n\t\n\n\t<div id=\"col-929956199\" class=\"col medium-6 small-12 large-6\"  >\n\t\t\t\t<div class=\"col-inner\"  >\n\t\t\t\n\t\t\t\n<h3><span class=\"Y2IQFc\" lang=\"en\">N\u00facleo de v\u00e1lvula importado de alta qualidade e alta qualidade<\/span><\/h3>\n<p>Elemento de v\u00e1lvula importado de alta qualidade com malha de absor\u00e7\u00e3o de som (que pode tornar o <a href=\"https:\/\/moposanitaryware.com\/pt\/categoria-produto\/faucets\/\">torneira<\/a> torna-se muito silencioso), com dureza semelhante a diamante, elemento de v\u00e1lvula de cer\u00e2mica de alta qualidade, sensa\u00e7\u00e3o confort\u00e1vel e leve, que ainda pode ser operado suavemente e sem esfor\u00e7o mais de um milh\u00e3o de vezes de ON\/OFF, dur\u00e1vel e sem vazamento de \u00e1gua. a mistura entre ar e \u00e1gua usa um n\u00facleo de v\u00e1lvula de cer\u00e2mica, que foi estritamente capaz de filtrar impurezas com efic\u00e1cia. teste de ciclo de grade, rota\u00e7\u00e3o do interruptorEle oferece um teste delicado e silencioso, com um design bem projetado que se ajusta bem \u00e0 costura. fluxo de \u00e1gua. Sem gotas de envelhecimento,<\/p>\n\t\t<\/div>\n\t\t\t\t\t<\/div>\n\n\t\n<\/div>\n<div class=\"row\"  id=\"row-550317957\">\n\n\t<div id=\"col-377017165\" class=\"col medium-6 small-12 large-6\"  >\n\t\t\t\t<div class=\"col-inner\"  >\n\t\t\t\n\t\t\t\n<h3>Processo de Galvanoplastia<\/h3>\n<p>Galvanoplastia: Tratado com processo de galvanoplastia avan\u00e7ado, com m\u00faltiplas camadas de revestimento de cobre \u00e1cido, n\u00edquel e cromo, boa combina\u00e7\u00e3o de camadas de revestimento, ades\u00e3o fina e estreitamente tecida, cor uniforme e resist\u00eancia \u00e0 corros\u00e3o extremamente excelente, para garantir que a superf\u00edcie do produto seja brilhante e duradouro.A beleza da apar\u00eancia moderna e elegante arte resistente ao desgaste, resistente a arranh\u00f5es, tratamento dur\u00e1vel, anodizado manuseado suave e delicado, nunca enferrujado nunca desaparecendo, s\u00f3lido realmente matizado Alcance e toque a superf\u00edcie do <a href=\"https:\/\/moposanitaryware.com\/pt\/categoria-produto\/faucets\/\">torneira<\/a>e sinta a delicada textura sedosa do <a href=\"https:\/\/moposanitaryware.com\/pt\/categoria-produto\/faucets\/\">torneira<\/a> silenciosamente. N\u00e3o h\u00e1 nenhuma marca de impress\u00e3o digital vis\u00edvel quando voc\u00ea sai.<\/p>\n\t\t<\/div>\n\t\t\t\t\t<\/div>\n\n\t\n\n\t<div id=\"col-603011191\" class=\"col medium-6 small-12 large-6\"  >\n\t\t\t\t<div class=\"col-inner\"  >\n\t\t\t\n\t\t\t\n\t<div class=\"img has-hover x md-x lg-x y md-y lg-y\" id=\"image_1432024616\">\n\t\t<a class=\"\" href=\"https:\/\/moposanitaryware.com\/pt\/categoria-produto\/faucets\/\" >\t\t\t\t\t\t<div class=\"img-inner dark\" >\n\t\t\t<img loading=\"lazy\" decoding=\"async\" width=\"750\" height=\"500\" src=\"https:\/\/moposanitaryware.com\/wp-content\/uploads\/2022\/09\/Bathroom-Washbasin-Sink-Brass-Basin-Faucet-MOPO-Faucet-Electroplating-Process.jpg\" class=\"attachment-original size-original\" alt=\"\" srcset=\"https:\/\/moposanitaryware.com\/wp-content\/uploads\/2022\/09\/Bathroom-Washbasin-Sink-Brass-Basin-Faucet-MOPO-Faucet-Electroplating-Process.jpg 750w, https:\/\/moposanitaryware.com\/wp-content\/uploads\/2022\/09\/Bathroom-Washbasin-Sink-Brass-Basin-Faucet-MOPO-Faucet-Electroplating-Process-600x400.jpg 600w\" sizes=\"auto, (max-width: 750px) 100vw, 750px\" title=\"\">\t\t\t\t\t\t\n\t\t\t\t\t<\/div>\n\t\t\t\t\t\t<\/a>\t\t\n<style>\n#image_1432024616 {\n  width: 100%;\n}\n<\/style>\n\t<\/div>\n\t\n\t\t<\/div>\n\t\t\t\t\t<\/div>\n\n\t\n<\/div>\n<div class=\"row\"  id=\"row-2050923315\">\n\n\t<div id=\"col-2113362268\" class=\"col medium-6 small-12 large-6\"  >\n\t\t\t\t<div class=\"col-inner\"  >\n\t\t\t\n\t\t\t\n\t<div class=\"img has-hover x md-x lg-x y md-y lg-y\" id=\"image_546658931\">\n\t\t<a class=\"\" href=\"https:\/\/moposanitaryware.com\/pt\/categoria-produto\/faucets\/\" >\t\t\t\t\t\t<div class=\"img-inner dark\" >\n\t\t\t<img loading=\"lazy\" decoding=\"async\" width=\"750\" height=\"500\" src=\"https:\/\/moposanitaryware.com\/wp-content\/uploads\/2022\/09\/Wholesale-Bathroom-Washbasin-Sink-Brass-Copper-Basin-Faucet-304-Stainless-steel-hose.jpg\" class=\"attachment-original size-original\" alt=\"\" srcset=\"https:\/\/moposanitaryware.com\/wp-content\/uploads\/2022\/09\/Wholesale-Bathroom-Washbasin-Sink-Brass-Copper-Basin-Faucet-304-Stainless-steel-hose.jpg 750w, https:\/\/moposanitaryware.com\/wp-content\/uploads\/2022\/09\/Wholesale-Bathroom-Washbasin-Sink-Brass-Copper-Basin-Faucet-304-Stainless-steel-hose-600x400.jpg 600w\" sizes=\"auto, (max-width: 750px) 100vw, 750px\" title=\"\">\t\t\t\t\t\t\n\t\t\t\t\t<\/div>\n\t\t\t\t\t\t<\/a>\t\t\n<style>\n#image_546658931 {\n  width: 100%;\n}\n<\/style>\n\t<\/div>\n\t\n\t\t<\/div>\n\t\t\t\t\t<\/div>\n\n\t\n\n\t<div id=\"col-1864875124\" class=\"col medium-6 small-12 large-6\"  >\n\t\t\t\t<div class=\"col-inner\"  >\n\t\t\t\n\t\t\t\n<h3>Mangueira de a\u00e7o inoxid\u00e1vel 3\/8 \u2033 304<\/h3>\n<div class=\"p\">Nosso <a href=\"https:\/\/moposanitaryware.com\/pt\/categoria-produto\/faucets\/\">torneira do banheiro<\/a> est\u00e1 equipado com duas mangueiras. Nossas mangueiras s\u00e3o feitas de a\u00e7o inoxid\u00e1vel SUS 304, que protege contra corros\u00e3o qu\u00edmica e ferrugem. conecte facilmente nossas mangueiras com suas v\u00e1lvulas de paradaMangueira de a\u00e7o inoxid\u00e1vel de alta qualidadeProte\u00e7\u00e3o m\u00faltipla de seguran\u00e7a O revestimento \u00e9 feito de a\u00e7o inoxid\u00e1vel de alta qualidade e o material \u00e9 forte e n\u00e3o \u00e9 f\u00e1cil de descascar. Isso lhe trar\u00e1 uma experi\u00eancia confort\u00e1vel na vida di\u00e1ria.<\/div>\n\t\t<\/div>\n\t\t\t\t\t<\/div>\n\n\t\n\n\t<div id=\"col-719498040\" class=\"col medium-6 small-12 large-6\"  >\n\t\t\t\t<div class=\"col-inner\"  >\n\t\t\t\n\t\t\t\n<h3>Acabamento dos componentes em todos os sentidos<\/h3>\n<div class=\"p\">Dur\u00e1vel <a href=\"https:\/\/moposanitaryware.com\/pt\/categoria-produto\/faucets\/\">Torneira da pia<\/a> Adote cartucho cer\u00e2mico de alta precis\u00e3o que passa no teste liga\/desliga de 500.000, cada pe\u00e7a \u00e9 compat\u00edvel com 100%, evita vazamentos e garante seu uso prolongado. <a href=\"https:\/\/moposanitaryware.com\/pt\/categoria-produto\/faucets\/\">torneira<\/a> foi tratado com acabamento premium e inspe\u00e7\u00e3o rigorosa, garante seu alto desempenho, traz para voc\u00ea uma melhor experi\u00eancia de uso.<\/div>\n\t\t<\/div>\n\t\t\t\t\t<\/div>\n\n\t\n\n\t<div id=\"col-811848705\" class=\"col medium-6 small-12 large-6\"  >\n\t\t\t\t<div class=\"col-inner\"  >\n\t\t\t\n\t\t\t\n\t<div class=\"img has-hover x md-x lg-x y md-y lg-y\" id=\"image_2031141048\">\n\t\t\t\t\t\t\t\t<div class=\"img-inner dark\" >\n\t\t\t<img loading=\"lazy\" decoding=\"async\" width=\"750\" height=\"500\" src=\"https:\/\/moposanitaryware.com\/wp-content\/uploads\/2022\/09\/Wholesale-Copper-Basin-Faucet-Component-Workmanship-Every-Way.jpg\" class=\"attachment-original size-original\" alt=\"\" srcset=\"https:\/\/moposanitaryware.com\/wp-content\/uploads\/2022\/09\/Wholesale-Copper-Basin-Faucet-Component-Workmanship-Every-Way.jpg 750w, https:\/\/moposanitaryware.com\/wp-content\/uploads\/2022\/09\/Wholesale-Copper-Basin-Faucet-Component-Workmanship-Every-Way-600x400.jpg 600w\" sizes=\"auto, (max-width: 750px) 100vw, 750px\" title=\"\">\t\t\t\t\t\t\n\t\t\t\t\t<\/div>\n\t\t\t\t\t\t\t\t\n<style>\n#image_2031141048 {\n  width: 100%;\n}\n<\/style>\n\t<\/div>\n\t\n\t\t<\/div>\n\t\t\t\t\t<\/div>\n\n\t\n<\/div>\n<div class=\"row\"  id=\"row-484522244\">\n\n\t<div id=\"col-1790451781\" class=\"col medium-6 small-12 large-6\"  >\n\t\t\t\t<div class=\"col-inner\"  >\n\t\t\t\n\t\t\t\n<div class=\"container section-title-container\" ><h3 class=\"section-title section-title-normal\"><b><\/b><span class=\"section-title-main\" >envie-nos um e-mail<\/span><b><\/b><\/h3><\/div>\n<p>Se voc\u00ea est\u00e1 interessado em nossos produtos e deseja saber mais detalhes, deixe uma mensagem aqui, responderemos o mais breve poss\u00edvel.<\/p>\n\n<div class=\"wpcf7 no-js\" id=\"wpcf7-f13-o1\" lang=\"en-US\" dir=\"ltr\" data-wpcf7-id=\"13\">\n<div class=\"screen-reader-response\"><p role=\"status\" aria-live=\"polite\" aria-atomic=\"true\"><\/p> <ul><\/ul><\/div>\n<form action=\"\/pt\/wp-json\/wp\/v2\/product\/5845#wpcf7-f13-o1\" method=\"post\" class=\"wpcf7-form init\" aria-label=\"Formul\u00e1rio de contato\" novalidate=\"novalidate\" data-status=\"init\" data-trp-original-action=\"\/pt\/wp-json\/wp\/v2\/product\/5845#wpcf7-f13-o1\">\n<fieldset class=\"hidden-fields-container\"><input type=\"hidden\" name=\"_wpcf7\" value=\"13\" \/><input type=\"hidden\" name=\"_wpcf7_version\" value=\"6.1.1\" \/><input type=\"hidden\" name=\"_wpcf7_locale\" value=\"en_US\" \/><input type=\"hidden\" name=\"_wpcf7_unit_tag\" value=\"wpcf7-f13-o1\" \/><input type=\"hidden\" name=\"_wpcf7_container_post\" value=\"0\" \/><input type=\"hidden\" name=\"_wpcf7_posted_data_hash\" value=\"\" \/><input type=\"hidden\" name=\"_wpcf7_recaptcha_response\" value=\"\" \/>\n<\/fieldset>\n<div class=\"form-flat\">\n\t<p><span class=\"wpcf7-form-control-wrap\" data-name=\"your-name\"><input size=\"40\" maxlength=\"400\" class=\"wpcf7-form-control wpcf7-text wpcf7-validates-as-required\" aria-required=\"true\" aria-invalid=\"false\" placeholder=\"Seu nome (obrigat\u00f3rio)\" value=\"\" type=\"text\" name=\"your-name\" \/><\/span><br \/>\n<span class=\"wpcf7-form-control-wrap\" data-name=\"your-email\"><input size=\"40\" maxlength=\"400\" class=\"wpcf7-form-control wpcf7-email wpcf7-validates-as-required wpcf7-text wpcf7-validates-as-email\" aria-required=\"true\" aria-invalid=\"false\" placeholder=\"Seu e-mail (obrigat\u00f3rio)\" value=\"\" type=\"email\" name=\"your-email\" \/><\/span>\n\t<\/p>\n\t<p><span class=\"wpcf7-form-control-wrap\" data-name=\"your-tels\"><input size=\"40\" maxlength=\"400\" class=\"wpcf7-form-control wpcf7-tel wpcf7-text wpcf7-validates-as-tel\" aria-invalid=\"false\" placeholder=\"Seu telefone (opcional)\" value=\"\" type=\"tel\" name=\"your-tels\" \/><\/span>\n\t<\/p>\n\t<p><span class=\"wpcf7-form-control-wrap\" data-name=\"your-message\"><textarea cols=\"40\" rows=\"10\" maxlength=\"2000\" class=\"wpcf7-form-control wpcf7-textarea\" aria-invalid=\"false\" placeholder=\"Para obter o melhor resultado, recomendamos incluir os seguintes detalhes:-Autoapresenta\u00e7\u00e3o-Itens ou servi\u00e7os necess\u00e1rios-Quantidade necess\u00e1ria\" name=\"your-message\"><\/textarea><\/span>\n\t<\/p>\n\t<p>Consultoria de neg\u00f3cios:*<br \/>\n<span class=\"wpcf7-form-control-wrap\" data-name=\"checkbox\"><span class=\"wpcf7-form-control wpcf7-checkbox wpcf7-validates-as-required wpcf7-exclusive-checkbox\"><span class=\"wpcf7-list-item first\"><label><input type=\"checkbox\" name=\"checkbox\" value=\"Quotation\" \/><span class=\"wpcf7-list-item-label\">cota\u00e7\u00e3o<\/span><\/label><\/span><span class=\"wpcf7-list-item\"><label><input type=\"checkbox\" name=\"checkbox\" value=\"Catalog\" \/><span class=\"wpcf7-list-item-label\">Cat\u00e1logo<\/span><\/label><\/span><span class=\"wpcf7-list-item\"><label><input type=\"checkbox\" name=\"checkbox\" value=\"Service Support\" \/><span class=\"wpcf7-list-item-label\">Servi\u00e7o de suporte<\/span><\/label><\/span><span class=\"wpcf7-list-item\"><label><input type=\"checkbox\" name=\"checkbox\" value=\"Project\" \/><span class=\"wpcf7-list-item-label\">Projeto<\/span><\/label><\/span><span class=\"wpcf7-list-item last\"><label><input type=\"checkbox\" name=\"checkbox\" value=\"I am interested in becoming an agent\" \/><span class=\"wpcf7-list-item-label\">Estou interessado em me tornar um agente<\/span><\/label><\/span><\/span><\/span><br \/>\n<input class=\"wpcf7-form-control wpcf7-submit has-spinner button\" type=\"submit\" value=\"Enviar\" \/>\n\t<\/p>\n<\/div><div class=\"wpcf7-response-output\" aria-hidden=\"true\"><\/div>\n<input type=\"hidden\" name=\"trp-form-language\" value=\"pt\"\/><\/form>\n<\/div>\n\n\t\t<\/div>\n\t\t\t\t\t<\/div>\n\n\t\n\n\t<div id=\"col-1668099465\" class=\"col medium-6 small-12 large-6\"  >\n\t\t\t\t<div class=\"col-inner\"  >\n\t\t\t\n\t\t\t\n<div class=\"container section-title-container\" ><h3 class=\"section-title section-title-normal\"><b><\/b><span class=\"section-title-main\" >CONTATE-NOS<\/span><b><\/b><\/h3><\/div>\n<p>Se voc\u00ea tiver alguma d\u00favida sobre algum de nossos produtos ou precisar entrar em contato por qualquer outro motivo, preencha o formul\u00e1rio abaixo e entraremos em contato com voc\u00ea o mais r\u00e1pido poss\u00edvel.<\/p>\n<p><strong>Ligue para n\u00f3s:<\/strong> <a href=\"http:\/\/+86 18675762929\" rel=\"nofollow\">+8618675762929<\/a><br \/>\n<strong>Envia-nos um email<\/strong>:\u00a0\u00a0<a href=\"mailto:info@mopochina.com\">info@mopochina.com<\/a><\/p>\n<p><strong>Skype\u00a0<\/strong>: <a href=\"skype:Sanitwell Shen?chat\">jiawei cheng<\/a><\/p>\n<p><strong>Endere\u00e7o<\/strong> : B1, n\u00ba 10<sup>\u00ba<\/sup>, Mundo da Cer\u00e2mica Yingkeyijia, 4<sup>\u00ba<\/sup>\u00a0Estrada Jihua, Chancheng, Foshan, 528 000, Guangdong, China<\/p>\n<p><strong>BASE DE PRODU\u00c7\u00c3O :<\/strong>\u00a0Pa\u00eds de Chaoan, cidade de Chaozhou, prov\u00edncia de Guangdong<\/p>\n<p><strong>Link amig\u00e1vel:<\/strong><br \/>\n<a href=\"https:\/\/moposanitaryware.com\/pt\/?attachment_id=4762\">https:\/\/moposanitaryware.com<\/a><br \/>\n<a href=\"https:\/\/www.mopotoilet.com\" rel=\"nofollow noopener\" target=\"_blank\">https:\/\/www.mopotoilet.com<\/a><br \/>\n<a href=\"https:\/\/www.mopofaucet.com\" rel=\"nofollow noopener\" target=\"_blank\">https:<\/a><a href=\"https:\/\/www.mopotoilet.com\" rel=\"nofollow noopener\" target=\"_blank\">\/\/<\/a><a href=\"https:\/\/www.mopofaucet.com\" rel=\"nofollow noopener\" target=\"_blank\">www.mopofaucet.com<\/a><\/p>\n<div class=\"social-icons follow-icons full-width text-left\" ><span>Siga-nos<\/span><a href=\"https:\/\/www.facebook.com\/MOPOCHINA\" target=\"_blank\" data-label=\"Facebook\" class=\"icon primary button circle facebook tooltip\" title=\"Siga no Facebook\" aria-label=\"Siga no Facebook\" rel=\"noopener nofollow\"><i class=\"icon-facebook\" ><\/i><\/a><a href=\"https:\/\/www.instagram.com\/mopotoilet\/\" target=\"_blank\" data-label=\"Instagram\" class=\"icon primary button circle instagram tooltip\" title=\"Siga no Instagram\" aria-label=\"Siga no Instagram\" rel=\"noopener nofollow\"><i class=\"icon-instagram\" ><\/i><\/a><a href=\"https:\/\/twitter.com\/mopotoilet\" data-label=\"Twitter\" target=\"_blank\" class=\"icon primary button circle twitter tooltip\" title=\"Siga no Twitter\" aria-label=\"Siga no Twitter\" rel=\"noopener nofollow\"><i class=\"icon-twitter\" ><\/i><\/a><a href=\"mailto:info@mopochina.com\" data-label=\"E-mail\" target=\"_blank\" class=\"icon primary button circle email tooltip\" title=\"envie-nos um e-mail\" aria-label=\"envie-nos um e-mail\" rel=\"nofollow noopener\" ><i class=\"icon-envelop\" ><\/i><\/a><a href=\"https:\/\/www.linkedin.com\/company\/mopo-sanitary-ware\/\" data-label=\"LinkedIn\" target=\"_blank\" class=\"icon primary button circle linkedin tooltip\" title=\"Siga no LinkedIn\" aria-label=\"Siga no LinkedIn\" rel=\"noopener nofollow\"><i class=\"icon-linkedin\" ><\/i><\/a><a href=\"https:\/\/www.youtube.com\/c\/mopochina\/featured\" data-label=\"YouTube\" target=\"_blank\" class=\"icon primary button circle youtube tooltip\" title=\"Siga no YouTube\" aria-label=\"Siga no YouTube\" rel=\"noopener nofollow\"><i class=\"icon-youtube\" ><\/i><\/a><\/div>\n\t\t<\/div>\n\t\t\t\t\t<\/div>\n\n\t\n<\/div>","protected":false},"excerpt":{"rendered":"<table style=\"font-size: 14.4px; height: 329px;\" width=\"567\">\n<tbody>\n<tr>\n<td width=\"163\">Marca:<\/td>\n<td width=\"334\"><a href=\"https:\/\/moposanitaryware.com\/pt\/?attachment_id=4762\">MOPO<\/a>\u00ae<\/td>\n<\/tr>\n<tr>\n<td width=\"163\">Nome do Produto:<\/td>\n<td width=\"334\"><a href=\"https:\/\/moposanitaryware.com\/pt\/categoria-produto\/faucets\/\">Torneiras para pia de banheiro<\/a><\/td>\n<\/tr>\n<tr>\n<td width=\"163\">SKU:<\/td>\n<td width=\"334\">MP-1225C<\/td>\n<\/tr>\n<tr>\n<td width=\"163\">Material Prim\u00e1rio:<\/td>\n<td width=\"334\">59 Lat\u00e3o\/A\u00e7o\/ABS n\u00edvel A<\/td>\n<\/tr>\n<tr>\n<td width=\"163\">Superf\u00edcie acabada:<\/td>\n<td width=\"334\">Galvanoplastia 7-12 um N\u00edquel + 2-5 um Cromo<\/td>\n<\/tr>\n<tr>\n<td width=\"163\">Durabilidade:<\/td>\n<td width=\"334\">Resistente \u00e0 ferrugem; Resistente a manchas; Resistente a manchas<\/td>\n<\/tr>\n<tr>\n<td width=\"163\">Cor:<\/td>\n<td width=\"334\">Preto\/cromado\/dourado\/cinza met\u00e1lico<\/td>\n<\/tr>\n<tr>\n<td width=\"163\">Tamanho:<\/td>\n<td width=\"334\">35,5x23x8cm<\/td>\n<\/tr>\n<tr>\n<td width=\"163\">Peso:<\/td>\n<td width=\"334\">2,8 kg<\/td>\n<\/tr>\n<tr>\n<td width=\"163\">Tipo de instala\u00e7\u00e3o<\/td>\n<td width=\"334\"><a href=\"https:\/\/moposanitaryware.com\/pt\/categoria-produto\/faucets\/wall-mounted-faucet\/\">Torneira montada na parede<\/a><\/td>\n<\/tr>\n<tr>\n<td width=\"163\">Local de montagem:<\/td>\n<td width=\"334\">Suporte de mesa<\/td>\n<\/tr>\n<\/tbody>\n<\/table>\n\t<a class=\"paoc-popup-click paoc-popup-cust-337 paoc-popup-button paoc-popup-btn\" href=\"javascript:void(0);\">Solicite um or\u00e7amento<\/a>\r\n\u00a0 \u00a0 \u00a0<a href=\"https:\/\/api.whatsapp.com\/send?phone=8618675762929\"><img loading=\"lazy\" decoding=\"async\" class=\"alignnone wp-image-6698\" src=\"https:\/\/moposanitaryware.com\/wp-content\/uploads\/WhatsApp.png\" alt=\"\" width=\"140\" height=\"33\" srcset=\"https:\/\/moposanitaryware.com\/wp-content\/uploads\/WhatsApp.png 546w, https:\/\/moposanitaryware.com\/wp-content\/uploads\/WhatsApp-18x4.png 18w\" sizes=\"auto, (max-width: 140px) 100vw, 140px\" \/><\/a><\/p>","protected":false},"featured_media":5846,"template":"","meta":{"_acf_changed":false},"product_brand":[],"product_cat":[15,23,236,94],"product_tag":[131,130,132],"class_list":{"0":"post-5845","1":"product","2":"type-product","3":"status-publish","4":"has-post-thumbnail","6":"product_cat-see-all-categories","7":"product_cat-faucets","8":"product_cat-wall-mounted-faucet","9":"product_cat-basin-faucet","10":"product_tag-bathroom-basin-faucet","11":"product_tag-faucet","12":"product_tag-water-mixer-tap","14":"first","15":"instock","16":"shipping-taxable","17":"product-type-simple"},"acf":[],"_links":{"self":[{"href":"https:\/\/moposanitaryware.com\/pt\/wp-json\/wp\/v2\/product\/5845","targetHints":{"allow":["GET"]}}],"collection":[{"href":"https:\/\/moposanitaryware.com\/pt\/wp-json\/wp\/v2\/product"}],"about":[{"href":"https:\/\/moposanitaryware.com\/pt\/wp-json\/wp\/v2\/types\/product"}],"wp:featuredmedia":[{"embeddable":true,"href":"https:\/\/moposanitaryware.com\/pt\/wp-json\/wp\/v2\/media\/5846"}],"wp:attachment":[{"href":"https:\/\/moposanitaryware.com\/pt\/wp-json\/wp\/v2\/media?parent=5845"}],"wp:term":[{"taxonomy":"product_brand","embeddable":true,"href":"https:\/\/moposanitaryware.com\/pt\/wp-json\/wp\/v2\/product_brand?post=5845"},{"taxonomy":"product_cat","embeddable":true,"href":"https:\/\/moposanitaryware.com\/pt\/wp-json\/wp\/v2\/product_cat?post=5845"},{"taxonomy":"product_tag","embeddable":true,"href":"https:\/\/moposanitaryware.com\/pt\/wp-json\/wp\/v2\/product_tag?post=5845"}],"curies":[{"name":"wp","href":"https:\/\/api.w.org\/{rel}","templated":true}]}}