{"id":5291,"date":"2023-03-17T07:50:13","date_gmt":"2023-03-17T07:50:13","guid":{"rendered":"https:\/\/moposanitaryware.com\/?post_type=product&#038;p=5291"},"modified":"2024-07-29T09:26:21","modified_gmt":"2024-07-29T09:26:21","slug":"mopo-supplier-cheap-massage-steam-shower-cabin-room-with-sauna-combos","status":"publish","type":"product","link":"https:\/\/moposanitaryware.com\/pt\/mopo-supplier-cheap-massage-steam-shower-cabin-room-with-sauna-combos\/","title":{"rendered":"China fornecedor hotel banheiro funcional hidro massagem cabine de chuveiro a vapor combos"},"content":{"rendered":"<div class=\"row align-center\"  id=\"row-331221719\">\n\n\t<div id=\"col-1715411515\" class=\"col medium-11 small-12 large-11\"  data-animate=\"fadeInUp\">\n\t\t\t\t<div class=\"col-inner text-center\"  >\n\t\t\t\n\t\t\t\n<h1 style=\"text-align: center;\"><a href=\"https:\/\/moposanitaryware.com\/pt\/shop\/massage-bathtubs\/\">Banheiras de massagem<\/a> &amp; <a href=\"https:\/\/moposanitaryware.com\/pt\/categoria-produto\/steam-room\/\">Sala de vapor<\/a> &amp; <a href=\"https:\/\/moposanitaryware.com\/pt\/categoria-produto\/sauna\/\">Sauna<\/a><\/h1>\n<p><a href=\"https:\/\/moposanitaryware.com\/pt\/categoria-produto\/massage-bathtubs\/\">banheiras de massagem. Com nossos banhos de ar, banheiras de hidromassagem<\/a>, <a href=\"https:\/\/moposanitaryware.com\/pt\/categoria-produto\/steam-room\/\">e banheiras de massagem combinadas<\/a>, algu\u00e9m que gosta de um pouco de tempo &#039;para mim&#039; e algu\u00e9m que toma mais banho do que toma banho. Na maioria das vezes, a banheira \u00e9 a pe\u00e7a central do banheiro. Por isso, tomamos muito cuidado para criar banheiras que tenham uma apar\u00eancia deslumbrante. voc\u00ea pode criar uma experi\u00eancia semelhante a um spa em casa. <a href=\"https:\/\/moposanitaryware.com\/pt\/categoria-produto\/bathtubs\/\">Navegue pela nossa cole\u00e7\u00e3o de banheiras de massagem<\/a>.<\/p>\n<a href=\"https:\/\/moposanitaryware.com\/pt\/categoria-produto\/faucets\/\" class=\"button secondary is-underline lowercase\"  >\n\t\t<span>Explorar tudo<\/span>\n\t<i class=\"icon-menu\" aria-hidden=\"true\" ><\/i><\/a>\n\n\t\t<\/div>\n\t\t\t\t\t<\/div>\n\n\t\n<\/div>\n<table>\n<tbody>\n<tr>\n<td width=\"191\">Marca<\/td>\n<td width=\"283\">MOPO<\/td>\n<\/tr>\n<tr>\n<td width=\"191\">Lugar de origem<\/td>\n<td width=\"283\">Foshan, China<\/td>\n<\/tr>\n<tr>\n<td width=\"191\">Digite o nome<\/td>\n<td width=\"283\">Sala de vapor, banheira de massagem<\/td>\n<\/tr>\n<tr>\n<td width=\"191\">Forma<\/td>\n<td width=\"283\">Redondo, Quadrado<\/td>\n<\/tr>\n<tr>\n<td width=\"191\">Cor do vidro<\/td>\n<td width=\"283\">Transparente<\/td>\n<\/tr>\n<tr>\n<td width=\"191\">Espessura do vidro<\/td>\n<td width=\"283\">6mm<\/td>\n<\/tr>\n<tr>\n<td width=\"191\">Material<\/td>\n<td width=\"283\">Liga de alum\u00ednio, vidro temperado, acr\u00edlico<\/td>\n<\/tr>\n<tr>\n<td width=\"191\">Cor da bandeja inferior<\/td>\n<td width=\"283\">Branco<\/td>\n<\/tr>\n<tr>\n<td width=\"191\">Estilo de saia<\/td>\n<td width=\"283\">Branco ou Cor Personalizada<\/td>\n<\/tr>\n<tr>\n<td width=\"191\">Estilo de porta<\/td>\n<td width=\"283\">Porta que pode ser aberta<\/td>\n<\/tr>\n<tr>\n<td width=\"191\">Peso<\/td>\n<td width=\"283\">70~85kg<\/td>\n<\/tr>\n<tr>\n<td width=\"191\">Dispositivos Principais<\/td>\n<td width=\"283\">Tela LCD grande e sens\u00edvel ao toque inteligente, Banho de vapor: 4,5 kW, TV de 12 polegadas, DVD (opcional), R\u00e1dio, Interface de entrada AUX externa, Telefone viva-voz, Indica\u00e7\u00e3o\/ajuste de temperatura, Indica\u00e7\u00e3o\/ajuste de tempo, Ventilador de exaust\u00e3o, L\u00e2mpada de ilumina\u00e7\u00e3o<br \/>\nLuzes coloridas do painel traseiro, Banho de espuma com luz LED multicolorida Massagem de acupuntura nas costas Massagem de press\u00e3o de \u00e1gua Massagem nos p\u00e9s Chuveiro superior, Chuveiro m\u00f3vel, Troca funcional,<br \/>\nInterruptor de controle de \u00e1gua fria\/quente Prote\u00e7\u00e3o contra transbordamento Espelho de prateleira dupla de luxo, telecontrolador, desinfe\u00e7\u00e3o autom\u00e1tica ap\u00f3s desligamento<\/td>\n<\/tr>\n<tr>\n<td width=\"191\">Aplicativo<\/td>\n<td width=\"283\">Hot\u00e9is, apartamentos, shoppings, clubes de lazer, etc.<\/td>\n<\/tr>\n<tr>\n<td width=\"191\">Pacote<\/td>\n<td width=\"283\">Do lado de fora h\u00e1 uma caixa de papel\u00e3o individual, com palete recarreg\u00e1vel necess\u00e1ria.<\/td>\n<\/tr>\n<tr>\n<td width=\"191\">Log\u00edstica e transporte<\/td>\n<td width=\"283\">Transporte Mar\u00edtimo, Transporte A\u00e9reo<\/td>\n<\/tr>\n<\/tbody>\n<\/table>\n<p>As salas de vapor e sauna t\u00eam benef\u00edcios espec\u00edficos para a sa\u00fade. Estes incluem:Limpar o congestionamento;Melhorar a sa\u00fade da pele;Reduzir a press\u00e3o arterial;Melhorar a circula\u00e7\u00e3o;Recupera\u00e7\u00e3o do treino;Relaxamento;Reduzir a rigidez articular.<\/p>\n<p>Cuidados:N\u00e3o beba \u00e1lcool. O alto calor da sauna a vapor pode aumentar o risco de desidrata\u00e7\u00e3o. Evite \u00e1lcool e beba mais \u00e1gua. N\u00e3o v\u00e1 enquanto estiver doente. O calor e a umidade das salas de vapor podem ajudar o crescimento de bact\u00e9rias. Se voc\u00ea tiver uma infec\u00e7\u00e3o bacteriana na pele, n\u00e3o use uma sauna a vapor p\u00fablica at\u00e9 que a infec\u00e7\u00e3o desapare\u00e7a.<\/p>\n<div class=\"row\"  id=\"row-764641808\">\n\n\t<div id=\"col-1571000658\" class=\"col medium-4 small-12 large-4\"  >\n\t\t\t\t<div class=\"col-inner\"  >\n\t\t\t\n\t\t\t\n\t<div class=\"img has-hover x md-x lg-x y md-y lg-y\" id=\"image_1421644410\">\n\t\t\t\t\t\t\t\t<div class=\"img-inner dark\" >\n\t\t\t<img loading=\"lazy\" decoding=\"async\" width=\"400\" height=\"100\" src=\"https:\/\/moposanitaryware.com\/wp-content\/uploads\/china-mopo-Efficient-Far-Infrared-Technology.jpg\" class=\"attachment-original size-original\" alt=\"Infrared sauna technology is far more efficient than the conventional sauna for one huge reason, the way the air is heated.\" title=\"\">\t\t\t\t\t\t\n\t\t\t\t\t<\/div>\n\t\t\t\t\t\t\t\t\n<style>\n#image_1421644410 {\n  width: 100%;\n}\n<\/style>\n\t<\/div>\n\t\n<h4>Tecnologia Eficiente de Infravermelho Distante<\/h4>\n<p>O processo de infravermelho distante usa radia\u00e7\u00e3o eletromagn\u00e9tica como fonte de calor e penetra efetivamente no corpo, mas n\u00e3o no ar ao seu redor.<\/p>\n\t\t<\/div>\n\t\t\t\t\t<\/div>\n\n\t\n\n\t<div id=\"col-916740151\" class=\"col medium-4 small-12 large-4\"  >\n\t\t\t\t<div class=\"col-inner\"  >\n\t\t\t\n\t\t\t\n\t<div class=\"img has-hover x md-x lg-x y md-y lg-y\" id=\"image_2111636210\">\n\t\t\t\t\t\t\t\t<div class=\"img-inner dark\" >\n\t\t\t<img loading=\"lazy\" decoding=\"async\" width=\"400\" height=\"100\" src=\"https:\/\/moposanitaryware.com\/wp-content\/uploads\/Built-in-Bluetooth-Connectivity.jpg\" class=\"attachment-original size-original\" alt=\"Infrared heat technology heats the body much more efficiently making it far more effective in releasing toxins and allowing your body to detox and replenish.\" title=\"\">\t\t\t\t\t\t\n\t\t\t\t\t<\/div>\n\t\t\t\t\t\t\t\t\n<style>\n#image_2111636210 {\n  width: 100%;\n}\n<\/style>\n\t<\/div>\n\t\n<h4>Conectividade Bluetooth integrada<\/h4>\n<p>Reproduza facilmente a m\u00fasica do seu smartphone ao conectar o \u00e1udio via Bluetooth.<\/p>\n\t\t<\/div>\n\t\t\t\t\t<\/div>\n\n\t\n\n\t<div id=\"col-1326266587\" class=\"col medium-4 small-12 large-4\"  >\n\t\t\t\t<div class=\"col-inner\"  >\n\t\t\t\n\t\t\t\n\t<div class=\"img has-hover x md-x lg-x y md-y lg-y\" id=\"image_1696951390\">\n\t\t\t\t\t\t\t\t<div class=\"img-inner dark\" >\n\t\t\t<img loading=\"lazy\" decoding=\"async\" width=\"400\" height=\"100\" src=\"https:\/\/moposanitaryware.com\/wp-content\/uploads\/With-Multi-System-Function.jpg\" class=\"attachment-original size-original\" alt=\"The new infrared process uses electromagnetic radiation as the heat source and effectively concentrates on the mass of the body not the air around it.\" title=\"\">\t\t\t\t\t\t\n\t\t\t\t\t<\/div>\n\t\t\t\t\t\t\t\t\n<style>\n#image_1696951390 {\n  width: 100%;\n}\n<\/style>\n\t<\/div>\n\t\n<h4>Com fun\u00e7\u00e3o multissistema<\/h4>\n<p>Duche, massagem e vapor em um, para atender ao uso di\u00e1rio de tr\u00eas fun\u00e7\u00f5es.<\/p>\n\t\t<\/div>\n\t\t\t\t\t<\/div>\n\n\t\n<\/div>\n<div class=\"row\"  id=\"row-793477585\">\n\n\t<div id=\"col-1831515617\" class=\"col medium-6 small-12 large-6\"  >\n\t\t\t\t<div class=\"col-inner\"  >\n\t\t\t\n\t\t\t\n\t<div class=\"img has-hover x md-x lg-x y md-y lg-y\" id=\"image_550869438\">\n\t\t\t\t\t\t\t\t<div class=\"img-inner dark\" >\n\t\t\t<img loading=\"lazy\" decoding=\"async\" width=\"600\" height=\"400\" src=\"https:\/\/moposanitaryware.com\/wp-content\/uploads\/When-cant-you-enjoy-the-Sauna.jpg\" class=\"attachment-original size-original\" alt=\"Please do not take the sauna after overeating or suffering from a severe cough. Patients with severe heart disease and high blood pressure should be especially careful.\" title=\"\">\t\t\t\t\t\t\n\t\t\t\t\t<\/div>\n\t\t\t\t\t\t\t\t\n<style>\n#image_550869438 {\n  width: 100%;\n}\n<\/style>\n\t<\/div>\n\t\n\t\t<\/div>\n\t\t\t\t\t<\/div>\n\n\t\n\n\t<div id=\"col-1349604662\" class=\"col medium-6 small-12 large-6\"  >\n\t\t\t\t<div class=\"col-inner\"  >\n\t\t\t\n\t\t\t\n\t<div class=\"img has-hover x md-x lg-x y md-y lg-y\" id=\"image_744530318\">\n\t\t\t\t\t\t\t\t<div class=\"img-inner dark\" >\n\t\t\t<img loading=\"lazy\" decoding=\"async\" width=\"600\" height=\"400\" src=\"https:\/\/moposanitaryware.com\/wp-content\/uploads\/How-often-to-enjoy-the-most-suitable-sauna.jpg\" class=\"attachment-original size-original\" alt=\"According to your needs, if you feel it is necessary, you can do it daily. It is recommended not to exceed30 minutes each time, and regularly spend 1-2 nights a week to enjoy.\" title=\"\">\t\t\t\t\t\t\n\t\t\t\t\t<\/div>\n\t\t\t\t\t\t\t\t\n<style>\n#image_744530318 {\n  width: 100%;\n}\n<\/style>\n\t<\/div>\n\t\n\t\t<\/div>\n\t\t\t\t\t<\/div>\n\n\t\n<\/div>","protected":false},"excerpt":{"rendered":"<p>Marca: MOPO<br \/>\nNome do produto: Sala de vapor, banheira de massagem<br \/>\nN\u00famero do modelo: MP-A7029<br \/>\nPeso: 70 ~ 85KG<br \/>\nTamanho: 1500\u00d71500\u00d72250mm<br \/>\nCor do vidro: Transparente<br \/>\nEspessura do vidro: 6mm<br \/>\nCor: liga de alum\u00ednio<br \/>\nCor da bandeja inferior: branco<br \/>\nEstilo de saia: cor branca ou personalizada<br \/>\nEstilo da porta: porta que pode ser aberta<\/p>\n\t<a class=\"paoc-popup-click paoc-popup-cust-337 paoc-popup-button paoc-popup-btn\" href=\"javascript:void(0);\">Solicite um or\u00e7amento<\/a>\r\n\u00a0 <img loading=\"lazy\" decoding=\"async\" class=\"alignnone wp-image-346\" style=\"color: #333333; font-size: 14.4px;\" src=\"https:\/\/moposanitaryware.com\/wp-content\/uploads\/2021\/03\/Catalog-Download-PDF-MOPO-toilet.jpg\" alt=\"\" width=\"30\" height=\"29\" srcset=\"https:\/\/moposanitaryware.com\/wp-content\/uploads\/2021\/03\/Catalog-Download-PDF-MOPO-toilet.jpg 200w, https:\/\/moposanitaryware.com\/wp-content\/uploads\/2021\/03\/Catalog-Download-PDF-MOPO-toilet-100x100.jpg 100w\" sizes=\"auto, (max-width: 30px) 100vw, 30px\" \/><span style=\"color: #00aae7;\"><a style=\"font-size: 14.4px; color: #00aae7;\" href=\"https:\/\/moposanitaryware.com\/wp-content\/uploads\/2021\/05\/MOPO%C2%AE-Faucets-Catalog-Download-Sanitary-Wares-Manufacturer.pdf\">Baixar Cat\u00e1logo<\/a><\/span><\/p>\n<p>&nbsp;<\/p>","protected":false},"featured_media":5295,"template":"","meta":{"_acf_changed":false},"product_brand":[],"product_cat":[15,229,57,33,125,228],"product_tag":[129,232,231,230],"class_list":{"0":"post-5291","1":"product","2":"type-product","3":"status-publish","4":"has-post-thumbnail","6":"product_cat-see-all-categories","7":"product_cat-steam-room","8":"product_cat-bathtubs","9":"product_cat-massage-bathtubs","10":"product_cat-spa-bathtub","11":"product_cat-sauna","12":"product_tag-bathtub","13":"product_tag-massage-bathtub","14":"product_tag-sauna","15":"product_tag-steam-room","17":"first","18":"instock","19":"shipping-taxable","20":"product-type-simple"},"acf":[],"_links":{"self":[{"href":"https:\/\/moposanitaryware.com\/pt\/wp-json\/wp\/v2\/product\/5291","targetHints":{"allow":["GET"]}}],"collection":[{"href":"https:\/\/moposanitaryware.com\/pt\/wp-json\/wp\/v2\/product"}],"about":[{"href":"https:\/\/moposanitaryware.com\/pt\/wp-json\/wp\/v2\/types\/product"}],"wp:featuredmedia":[{"embeddable":true,"href":"https:\/\/moposanitaryware.com\/pt\/wp-json\/wp\/v2\/media\/5295"}],"wp:attachment":[{"href":"https:\/\/moposanitaryware.com\/pt\/wp-json\/wp\/v2\/media?parent=5291"}],"wp:term":[{"taxonomy":"product_brand","embeddable":true,"href":"https:\/\/moposanitaryware.com\/pt\/wp-json\/wp\/v2\/product_brand?post=5291"},{"taxonomy":"product_cat","embeddable":true,"href":"https:\/\/moposanitaryware.com\/pt\/wp-json\/wp\/v2\/product_cat?post=5291"},{"taxonomy":"product_tag","embeddable":true,"href":"https:\/\/moposanitaryware.com\/pt\/wp-json\/wp\/v2\/product_tag?post=5291"}],"curies":[{"name":"wp","href":"https:\/\/api.w.org\/{rel}","templated":true}]}}