{"id":5148,"date":"2023-01-14T07:33:37","date_gmt":"2023-01-14T07:33:37","guid":{"rendered":"https:\/\/moposanitaryware.com\/?post_type=product&#038;p=5148"},"modified":"2024-07-29T09:27:46","modified_gmt":"2024-07-29T09:27:46","slug":"style-modern-lavatory-brass-basin-mixer-tap-sink-pull-out-bathroom-faucet","status":"publish","type":"product","link":"https:\/\/moposanitaryware.com\/pt\/style-modern-lavatory-brass-basin-mixer-tap-sink-pull-out-bathroom-faucet\/","title":{"rendered":"Banheiro Gunmetal Cinza Rotativo \u00danico Punho Quente e Frio Spray Pull Out Torneira Pia Bacia"},"content":{"rendered":"<div class=\"row align-center\"  id=\"row-1643002215\">\n\n\t<div id=\"col-739633252\" class=\"col medium-11 small-12 large-11\"  data-animate=\"fadeInUp\">\n\t\t\t\t<div class=\"col-inner text-center\"  >\n\t\t\t\n\t\t\t\n<h1 style=\"text-align: center;\"><a href=\"https:\/\/moposanitaryware.com\/pt\/categoria-produto\/faucets\/\">Torneiras<\/a><\/h1>\n<p style=\"text-align: center;\">Procure torneiras de cozinha, <a href=\"https:\/\/moposanitaryware.com\/pt\/categoria-produto\/faucets\/\">torneiras de banheiro<\/a>, <a href=\"https:\/\/moposanitaryware.com\/pt\/categoria-produto\/faucets\/\">torneiras de pia<\/a>, <a href=\"https:\/\/moposanitaryware.com\/pt\/categoria-produto\/faucets\/\">Misturador de lavat\u00f3rio<\/a> As torneiras est\u00e3o dispon\u00edveis em uma ampla variedade de estilos e acabamentos. <a href=\"https:\/\/moposanitaryware.com\/pt\/categoria-produto\/faucets\/\">torneiras de banheiro<\/a> combinam design de topo com a mais alta qualidade e fun\u00e7\u00f5es inovadoras. Descubra solu\u00e7\u00f5es fascinantes para a sua casa de banho.<\/p>\n<a href=\"https:\/\/moposanitaryware.com\/pt\/categoria-produto\/faucets\/\" class=\"button secondary is-underline lowercase\"  >\n\t\t<span>Explorar tudo<\/span>\n\t<i class=\"icon-menu\" aria-hidden=\"true\" ><\/i><\/a>\n\n\t\t<\/div>\n\t\t\t\t\t<\/div>\n\n\t\n<\/div>\n<table style=\"height: 492px;\" border=\"1\" width=\"667\">\n<tbody>\n<tr>\n<td>Lugar de origem:<\/td>\n<td>Foshan, China<\/td>\n<\/tr>\n<tr>\n<td>Digite o nome:<\/td>\n<td data-spm-anchor-id=\"a2700.details.pronpeci14.i1.47c970d3Zz0E3h\">MOPO\u00ae Modern Brass <a href=\"https:\/\/moposanitaryware.com\/pt\/categoria-produto\/faucets\/\">Torneiras para lavat\u00f3rio de banheiro<\/a><\/td>\n<\/tr>\n<tr>\n<td><strong><span data-spm-anchor-id=\"a2700.wholesale.0.i33.2c534154qJukFc\">Recurso<\/span><\/strong><strong>\u00a0<\/strong><\/td>\n<td>Material premium de opera\u00e7\u00f5es de al\u00e7a \u00fanica<br \/>\nDurabilidadeconfiabilidadeacabamentos resistentes \u00e0 corros\u00e3o<br \/>\nMaterial de lat\u00e3o maci\u00e7o de qualidade<br \/>\nCartucho de disco cer\u00e2mico garante longa dura\u00e7\u00e3o<br \/>\nOpera\u00e7\u00e3o de al\u00e7a \u00fanica sem gotejamento<br \/>\nParadas de limite de alta temperatura eliminam queimaduras<br \/>\n\u00c1gua quente e fria sentido misto <a href=\"https:\/\/moposanitaryware.com\/pt\/categoria-produto\/faucets\/\">Torneiras<\/a><\/td>\n<\/tr>\n<tr>\n<td>Aplicativo:<\/td>\n<td>Hotel, casa, villa, apartamento, pr\u00e9dio de escrit\u00f3rios, hospital, shopping,<\/td>\n<\/tr>\n<tr>\n<td>Certificado:<\/td>\n<td>CE, ISO 9001, SASO, marca d&#039;\u00e1gua, UPC<\/td>\n<\/tr>\n<tr>\n<td>Servi\u00e7o p\u00f3s-venda<\/td>\n<td>Suporte t\u00e9cnico on-line, pe\u00e7as de reposi\u00e7\u00e3o gratuitas<\/td>\n<\/tr>\n<tr>\n<td>OEM e ODM:<\/td>\n<td>OEM<\/td>\n<\/tr>\n<tr>\n<td>Quantidade m\u00ednima:<\/td>\n<td>1 conjunto<\/td>\n<\/tr>\n<tr>\n<td>Amostra gr\u00e1tis:<\/td>\n<td>amostra de pagamento<\/td>\n<\/tr>\n<tr>\n<td>Capacidade de fornecimento:<\/td>\n<td>500 conjuntos\/conjuntos por dia<\/td>\n<\/tr>\n<tr>\n<td style=\"text-align: left;\">Embalagem:<\/td>\n<td style=\"text-align: left;\">Caixa: Embalagem neutra; Embalagem: Saco de isopor ou saco de pano; Oferecemos servi\u00e7os de design de embalagens personalizadas.<\/td>\n<\/tr>\n<\/tbody>\n<\/table>\n<div class=\"row\"  id=\"row-335311513\">\n\n\t<div id=\"col-2002614796\" class=\"col small-12 large-12\"  >\n\t\t\t\t<div class=\"col-inner\"  >\n\t\t\t\n\t\t\t\n\t<div class=\"img has-hover x md-x lg-x y md-y lg-y\" id=\"image_1804257149\">\n\t\t\t\t\t\t\t\t<div class=\"img-inner dark\" >\n\t\t\t<img loading=\"lazy\" decoding=\"async\" width=\"1222\" height=\"650\" src=\"https:\/\/moposanitaryware.com\/wp-content\/uploads\/Bathroom-Faucet-with-Pull-Out-Spray-12-inch-Water-Supply-Lines.jpg\" class=\"attachment-original size-original\" alt=\"3 Modes Bathroom Pull Out Faucet with Rotating Spout\" srcset=\"https:\/\/moposanitaryware.com\/wp-content\/uploads\/Bathroom-Faucet-with-Pull-Out-Spray-12-inch-Water-Supply-Lines.jpg 1222w, https:\/\/moposanitaryware.com\/wp-content\/uploads\/Bathroom-Faucet-with-Pull-Out-Spray-12-inch-Water-Supply-Lines-600x319.jpg 600w, https:\/\/moposanitaryware.com\/wp-content\/uploads\/Bathroom-Faucet-with-Pull-Out-Spray-12-inch-Water-Supply-Lines-752x400.jpg 752w, https:\/\/moposanitaryware.com\/wp-content\/uploads\/Bathroom-Faucet-with-Pull-Out-Spray-12-inch-Water-Supply-Lines-768x409.jpg 768w\" sizes=\"auto, (max-width: 1222px) 100vw, 1222px\" title=\"\">\t\t\t\t\t\t\n\t\t\t\t\t<\/div>\n\t\t\t\t\t\t\t\t\n<style>\n#image_1804257149 {\n  width: 100%;\n}\n<\/style>\n\t<\/div>\n\t\n<p>The single-hole <a href=\"https:\/\/moposanitaryware.com\/pt\/shop\/faucets\/\">pull-out bathroom faucet<\/a> presents people&#8217;s wisdom. This design is a truly innovative faucet. There is no doubt that a gunmetal grey\/gold\/mate black\/chrom finish incorporates perfectly into all decorations in your bathroom. 3 functional <a href=\"https:\/\/moposanitaryware.com\/pt\/shop\/faucets\/\">bathroom sink faucets and pull-out designs<\/a> with long hoses that reach beyond the sink bring great convenience to your washing. Just press the button, and you will enjoy 3 kinds of water experiences, fountain, stream, or spray. Constructed from solid brass materials, the <a href=\"https:\/\/moposanitaryware.com\/pt\/shop\/faucets\/\">torneira do banheiro<\/a> is durable and drip-free. Choosing high-quality material will help you and your family safe from Chemicals.<\/p>\n<p><a href=\"https:\/\/moposanitaryware.com\/pt\/shop\/faucets\/\">MOPO<\/a> could provide you with much more bathroom experience<br \/>\nModern style, comfortable experience.<br \/>\nSolid brass construction ensures quality and reliability.<br \/>\nBy brushing and washing, people start their day in the bathroom every morning.<br \/>\nWe believe that a set of tidy, elegant bath accessories can put people in a good mood that lasts the whole day.<\/p>\n\t\t<\/div>\n\t\t\t\t\t<\/div>\n\n\t\n<\/div>\n<div class=\"row\"  id=\"row-516606884\">\n\n\t<div id=\"col-721956521\" class=\"col medium-3 small-12 large-3\"  >\n\t\t\t\t<div class=\"col-inner\"  >\n\t\t\t\n\t\t\t\n\t<div class=\"img has-hover x md-x lg-x y md-y lg-y\" id=\"image_1116394376\">\n\t\t\t\t\t\t\t\t<div class=\"img-inner dark\" >\n\t\t\t<img loading=\"lazy\" decoding=\"async\" width=\"300\" height=\"300\" src=\"https:\/\/moposanitaryware.com\/wp-content\/uploads\/with-Draw-Out-Nozzle-Three-Water-Flow-Patterns.jpg\" class=\"attachment-original size-original\" alt=\"Automatic retractable bathroom single-hole bathroom pull-down faucet with spray head\" srcset=\"https:\/\/moposanitaryware.com\/wp-content\/uploads\/with-Draw-Out-Nozzle-Three-Water-Flow-Patterns.jpg 300w, https:\/\/moposanitaryware.com\/wp-content\/uploads\/with-Draw-Out-Nozzle-Three-Water-Flow-Patterns-100x100.jpg 100w, https:\/\/moposanitaryware.com\/wp-content\/uploads\/with-Draw-Out-Nozzle-Three-Water-Flow-Patterns-280x280.jpg 280w\" sizes=\"auto, (max-width: 300px) 100vw, 300px\" title=\"\">\t\t\t\t\t\t\n\t\t\t\t\t<\/div>\n\t\t\t\t\t\t\t\t\n<style>\n#image_1116394376 {\n  width: 100%;\n}\n<\/style>\n\t<\/div>\n\t\n<p>Gravity pull design, automatic retraction and homing<\/p>\n\t\t<\/div>\n\t\t\t\t\t<\/div>\n\n\t\n\n\t<div id=\"col-1102775167\" class=\"col medium-3 small-12 large-3\"  >\n\t\t\t\t<div class=\"col-inner\"  >\n\t\t\t\n\t\t\t\n\t<div class=\"img has-hover x md-x lg-x y md-y lg-y\" id=\"image_1318973494\">\n\t\t\t\t\t\t\t\t<div class=\"img-inner dark\" >\n\t\t\t<img loading=\"lazy\" decoding=\"async\" width=\"300\" height=\"300\" src=\"https:\/\/moposanitaryware.com\/wp-content\/uploads\/Brass-Bathroom-Sink-Faucet-Modern-Bathroom-Faucet.jpg\" class=\"attachment-original size-original\" alt=\"High-quality manufacturers supply cheap single-hole pull-out faucet\" srcset=\"https:\/\/moposanitaryware.com\/wp-content\/uploads\/Brass-Bathroom-Sink-Faucet-Modern-Bathroom-Faucet.jpg 300w, https:\/\/moposanitaryware.com\/wp-content\/uploads\/Brass-Bathroom-Sink-Faucet-Modern-Bathroom-Faucet-100x100.jpg 100w, https:\/\/moposanitaryware.com\/wp-content\/uploads\/Brass-Bathroom-Sink-Faucet-Modern-Bathroom-Faucet-280x280.jpg 280w\" sizes=\"auto, (max-width: 300px) 100vw, 300px\" title=\"\">\t\t\t\t\t\t\n\t\t\t\t\t<\/div>\n\t\t\t\t\t\t\t\t\n<style>\n#image_1318973494 {\n  width: 100%;\n}\n<\/style>\n\t<\/div>\n\t\n<p>Upwelling soft water is necessary for washing face and brushing teeth<\/p>\n\t\t<\/div>\n\t\t\t\t\t<\/div>\n\n\t\n\n\t<div id=\"col-1528868004\" class=\"col medium-3 small-12 large-3\"  >\n\t\t\t\t<div class=\"col-inner\"  >\n\t\t\t\n\t\t\t\n\t<div class=\"img has-hover x md-x lg-x y md-y lg-y\" id=\"image_2018729849\">\n\t\t\t\t\t\t\t\t<div class=\"img-inner dark\" >\n\t\t\t<img loading=\"lazy\" decoding=\"async\" width=\"300\" height=\"300\" src=\"https:\/\/moposanitaryware.com\/wp-content\/uploads\/Single-Hole-Pull-Out-Faucet-for-Bathroom-Sink.jpg\" class=\"attachment-original size-original\" alt=\"Washing convenience rotatable bathroom basin faucet\" srcset=\"https:\/\/moposanitaryware.com\/wp-content\/uploads\/Single-Hole-Pull-Out-Faucet-for-Bathroom-Sink.jpg 300w, https:\/\/moposanitaryware.com\/wp-content\/uploads\/Single-Hole-Pull-Out-Faucet-for-Bathroom-Sink-100x100.jpg 100w, https:\/\/moposanitaryware.com\/wp-content\/uploads\/Single-Hole-Pull-Out-Faucet-for-Bathroom-Sink-280x280.jpg 280w\" sizes=\"auto, (max-width: 300px) 100vw, 300px\" title=\"\">\t\t\t\t\t\t\n\t\t\t\t\t<\/div>\n\t\t\t\t\t\t\t\t\n<style>\n#image_2018729849 {\n  width: 100%;\n}\n<\/style>\n\t<\/div>\n\t\n<p>Shower type water outlet, suitable for flushing<\/p>\n\t\t<\/div>\n\t\t\t\t\t<\/div>\n\n\t\n\n\t<div id=\"col-1904432336\" class=\"col medium-3 small-12 large-3\"  >\n\t\t\t\t<div class=\"col-inner\"  >\n\t\t\t\n\t\t\t\n\t<div class=\"img has-hover x md-x lg-x y md-y lg-y\" id=\"image_51505212\">\n\t\t\t\t\t\t\t\t<div class=\"img-inner dark\" >\n\t\t\t<img loading=\"lazy\" decoding=\"async\" width=\"300\" height=\"300\" src=\"https:\/\/moposanitaryware.com\/wp-content\/uploads\/Black-Sink-Faucet-Bathroom-One-Handle-Modern-Bathroom-Faucet-with-Pull-Down-Sprayer.jpg\" class=\"attachment-original size-original\" alt=\"Quality factory wholesale pull-out faucet single hole cheap with CUPC watermark certification\" srcset=\"https:\/\/moposanitaryware.com\/wp-content\/uploads\/Black-Sink-Faucet-Bathroom-One-Handle-Modern-Bathroom-Faucet-with-Pull-Down-Sprayer.jpg 300w, https:\/\/moposanitaryware.com\/wp-content\/uploads\/Black-Sink-Faucet-Bathroom-One-Handle-Modern-Bathroom-Faucet-with-Pull-Down-Sprayer-100x100.jpg 100w, https:\/\/moposanitaryware.com\/wp-content\/uploads\/Black-Sink-Faucet-Bathroom-One-Handle-Modern-Bathroom-Faucet-with-Pull-Down-Sprayer-280x280.jpg 280w\" sizes=\"auto, (max-width: 300px) 100vw, 300px\" title=\"\">\t\t\t\t\t\t\n\t\t\t\t\t<\/div>\n\t\t\t\t\t\t\t\t\n<style>\n#image_51505212 {\n  width: 100%;\n}\n<\/style>\n\t<\/div>\n\t\n<p>Honeycomb bubbler, soft water outlet<\/p>\n\t\t<\/div>\n\t\t\t\t\t<\/div>\n\n\t\n<\/div>\n<div class=\"row\"  id=\"row-1936922786\">\n\n\t<div id=\"col-1972996909\" class=\"col medium-6 small-12 large-6\"  >\n\t\t\t\t<div class=\"col-inner\"  >\n\t\t\t\n\t\t\t\n\t<div class=\"img has-hover x md-x lg-x y md-y lg-y\" id=\"image_2121563934\">\n\t\t\t\t\t\t\t\t<div class=\"img-inner dark\" >\n\t\t\t<img loading=\"lazy\" decoding=\"async\" width=\"600\" height=\"400\" src=\"https:\/\/moposanitaryware.com\/wp-content\/uploads\/the-faucet-of-the-pull-type-bathroom-sink-is-made-of-high-quality-brass-and-has-a-matte-coating-on-the-surface-with-exquisite-workmanship.jpg\" class=\"attachment-original size-original\" alt=\"The surface is treated without discoloration and scratch, with good corrosion resistance and easy cleaning.\" title=\"\">\t\t\t\t\t\t\n\t\t\t\t\t<\/div>\n\t\t\t\t\t\t\t\t\n<style>\n#image_2121563934 {\n  width: 100%;\n}\n<\/style>\n\t<\/div>\n\t\n\t\t<\/div>\n\t\t\t\t\t<\/div>\n\n\t\n\n\t<div id=\"col-680511360\" class=\"col medium-6 small-12 large-6\"  >\n\t\t\t\t<div class=\"col-inner\"  >\n\t\t\t\n\t\t\t\n<p><a href=\"https:\/\/moposanitaryware.com\/pt\/shop\/faucets\/\">Three Mode Spray Setting<\/a>: The innovative fountain mode of the <a href=\"https:\/\/moposanitaryware.com\/pt\/shop\/faucets\/\">single handle bathroom faucet<\/a> realizes automatic mouthwashing and facewashing, freeing your hands with ease. The splash-free powerful spray mode makes daily rinsing easier and quickly rinses the perimeter of the sink. The gentle aerated water flow mode comes with a massage effect, allowing you to enjoy the comfort of washing.<br \/>\n<a href=\"https:\/\/moposanitaryware.com\/pt\/shop\/faucets\/\">360\u00b0Rotating Pull Out Sprayer<\/a>: The pull-out hose of <a href=\"https:\/\/moposanitaryware.com\/pt\/shop\/faucets\/\">torneiras de banheiro<\/a> for sink 1 hole is polyester braided up to 23.6 inches long. The range of use can be extended beyond the sink without restriction for greater flexibility and convenience. The unique design of 360-degree rotation is very suitable for various scenarios: washing hair in a basin, filling water in a bucket, bathing pets, etc. The flexible <a href=\"https:\/\/moposanitaryware.com\/pt\/shop\/faucets\/\">pull-out bathroom faucet<\/a> also makes it easy to clean all parts of the sink.<br \/>\nSingle Handle Design: The single handle of <a href=\"https:\/\/moposanitaryware.com\/pt\/shop\/faucets\/\">one hole bathroom faucet<\/a> can easily achieve dual control of hot and cold, and adjust the water temperature at will. In addition, it is also convenient to adjust the water flow, the soft water does not splash, and it can save water. Built-in ceramic spool with high sealing performance resists extreme temperatures and reduces leakage.<\/p>\n\t\t<\/div>\n\t\t\t\t\t<\/div>\n\n\t\n<\/div>\n<div class=\"row\"  id=\"row-401421714\">\n\n\t<div id=\"col-596131620\" class=\"col medium-6 small-12 large-6\"  >\n\t\t\t\t<div class=\"col-inner\"  >\n\t\t\t\n\t\t\t\n<div class=\"container section-title-container\" ><h3 class=\"section-title section-title-normal\"><b><\/b><span class=\"section-title-main\" >envie-nos um e-mail<\/span><b><\/b><\/h3><\/div>\n<p>Se voc\u00ea est\u00e1 interessado em nossos produtos e deseja saber mais detalhes, deixe uma mensagem aqui, responderemos o mais breve poss\u00edvel.<\/p>\n\n<div class=\"wpcf7 no-js\" id=\"wpcf7-f13-o1\" lang=\"en-US\" dir=\"ltr\" data-wpcf7-id=\"13\">\n<div class=\"screen-reader-response\"><p role=\"status\" aria-live=\"polite\" aria-atomic=\"true\"><\/p> <ul><\/ul><\/div>\n<form action=\"\/pt\/wp-json\/wp\/v2\/product\/5148#wpcf7-f13-o1\" method=\"post\" class=\"wpcf7-form init\" aria-label=\"Formul\u00e1rio de contato\" novalidate=\"novalidate\" data-status=\"init\" data-trp-original-action=\"\/pt\/wp-json\/wp\/v2\/product\/5148#wpcf7-f13-o1\">\n<fieldset class=\"hidden-fields-container\"><input type=\"hidden\" name=\"_wpcf7\" value=\"13\" \/><input type=\"hidden\" name=\"_wpcf7_version\" value=\"6.1.1\" \/><input type=\"hidden\" name=\"_wpcf7_locale\" value=\"en_US\" \/><input type=\"hidden\" name=\"_wpcf7_unit_tag\" value=\"wpcf7-f13-o1\" \/><input type=\"hidden\" name=\"_wpcf7_container_post\" value=\"0\" \/><input type=\"hidden\" name=\"_wpcf7_posted_data_hash\" value=\"\" \/><input type=\"hidden\" name=\"_wpcf7_recaptcha_response\" value=\"\" \/>\n<\/fieldset>\n<div class=\"form-flat\">\n\t<p><span class=\"wpcf7-form-control-wrap\" data-name=\"your-name\"><input size=\"40\" maxlength=\"400\" class=\"wpcf7-form-control wpcf7-text wpcf7-validates-as-required\" aria-required=\"true\" aria-invalid=\"false\" placeholder=\"Seu nome (obrigat\u00f3rio)\" value=\"\" type=\"text\" name=\"your-name\" \/><\/span><br \/>\n<span class=\"wpcf7-form-control-wrap\" data-name=\"your-email\"><input size=\"40\" maxlength=\"400\" class=\"wpcf7-form-control wpcf7-email wpcf7-validates-as-required wpcf7-text wpcf7-validates-as-email\" aria-required=\"true\" aria-invalid=\"false\" placeholder=\"Seu e-mail (obrigat\u00f3rio)\" value=\"\" type=\"email\" name=\"your-email\" \/><\/span>\n\t<\/p>\n\t<p><span class=\"wpcf7-form-control-wrap\" data-name=\"your-tels\"><input size=\"40\" maxlength=\"400\" class=\"wpcf7-form-control wpcf7-tel wpcf7-text wpcf7-validates-as-tel\" aria-invalid=\"false\" placeholder=\"Seu telefone (opcional)\" value=\"\" type=\"tel\" name=\"your-tels\" \/><\/span>\n\t<\/p>\n\t<p><span class=\"wpcf7-form-control-wrap\" data-name=\"your-message\"><textarea cols=\"40\" rows=\"10\" maxlength=\"2000\" class=\"wpcf7-form-control wpcf7-textarea\" aria-invalid=\"false\" placeholder=\"Para obter o melhor resultado, recomendamos incluir os seguintes detalhes:-Autoapresenta\u00e7\u00e3o-Itens ou servi\u00e7os necess\u00e1rios-Quantidade necess\u00e1ria\" name=\"your-message\"><\/textarea><\/span>\n\t<\/p>\n\t<p>Consultoria de neg\u00f3cios:*<br \/>\n<span class=\"wpcf7-form-control-wrap\" data-name=\"checkbox\"><span class=\"wpcf7-form-control wpcf7-checkbox wpcf7-validates-as-required wpcf7-exclusive-checkbox\"><span class=\"wpcf7-list-item first\"><label><input type=\"checkbox\" name=\"checkbox\" value=\"Quotation\" \/><span class=\"wpcf7-list-item-label\">cota\u00e7\u00e3o<\/span><\/label><\/span><span class=\"wpcf7-list-item\"><label><input type=\"checkbox\" name=\"checkbox\" value=\"Catalog\" \/><span class=\"wpcf7-list-item-label\">Cat\u00e1logo<\/span><\/label><\/span><span class=\"wpcf7-list-item\"><label><input type=\"checkbox\" name=\"checkbox\" value=\"Service Support\" \/><span class=\"wpcf7-list-item-label\">Servi\u00e7o de suporte<\/span><\/label><\/span><span class=\"wpcf7-list-item\"><label><input type=\"checkbox\" name=\"checkbox\" value=\"Project\" \/><span class=\"wpcf7-list-item-label\">Projeto<\/span><\/label><\/span><span class=\"wpcf7-list-item last\"><label><input type=\"checkbox\" name=\"checkbox\" value=\"I am interested in becoming an agent\" \/><span class=\"wpcf7-list-item-label\">Estou interessado em me tornar um agente<\/span><\/label><\/span><\/span><\/span><br \/>\n<input class=\"wpcf7-form-control wpcf7-submit has-spinner button\" type=\"submit\" value=\"Enviar\" \/>\n\t<\/p>\n<\/div><div class=\"wpcf7-response-output\" aria-hidden=\"true\"><\/div>\n<input type=\"hidden\" name=\"trp-form-language\" value=\"pt\"\/><\/form>\n<\/div>\n\n\t\t<\/div>\n\t\t\t\t\t<\/div>\n\n\t\n\n\t<div id=\"col-2140949626\" class=\"col medium-6 small-12 large-6\"  >\n\t\t\t\t<div class=\"col-inner\"  >\n\t\t\t\n\t\t\t\n<div class=\"container section-title-container\" ><h3 class=\"section-title section-title-normal\"><b><\/b><span class=\"section-title-main\" >CONTATE-NOS<\/span><b><\/b><\/h3><\/div>\n<p>Se voc\u00ea tiver alguma d\u00favida sobre algum de nossos produtos ou precisar entrar em contato por qualquer outro motivo, preencha o formul\u00e1rio abaixo e entraremos em contato com voc\u00ea o mais r\u00e1pido poss\u00edvel.<\/p>\n<p><strong>Ligue para n\u00f3s:<\/strong> <a href=\"http:\/\/+86 18675762929\" rel=\"nofollow\">+8618675762929<\/a><br \/>\n<strong>Envia-nos um email<\/strong>:\u00a0\u00a0<a href=\"mailto:info@mopochina.com\">info@mopochina.com<\/a><\/p>\n<p><strong>Skype\u00a0<\/strong>: <a href=\"skype:Sanitwell Shen?chat\">jiawei cheng<\/a><\/p>\n<p><strong>Endere\u00e7o<\/strong> : B1, n\u00ba 10<sup>\u00ba<\/sup>, Mundo da Cer\u00e2mica Yingkeyijia, 4<sup>\u00ba<\/sup>\u00a0Estrada Jihua, Chancheng, Foshan, 528 000, Guangdong, China<\/p>\n<p><strong>BASE DE PRODU\u00c7\u00c3O :<\/strong>\u00a0Pa\u00eds de Chaoan, cidade de Chaozhou, prov\u00edncia de Guangdong<\/p>\n<p><strong>Link amig\u00e1vel:<\/strong><br \/>\n<a href=\"https:\/\/moposanitaryware.com\/pt\/?attachment_id=5004\">https:\/\/moposanitaryware.com<\/a><br \/>\n<a href=\"https:\/\/www.mopotoilet.com\" rel=\"nofollow noopener\" target=\"_blank\">https:\/\/www.mopotoilet.com<\/a><br \/>\n<a href=\"https:\/\/\/pt\/www.mopofaucet.com\/\">https:www.mopofaucet.com<\/a><\/p>\n<div class=\"social-icons follow-icons full-width text-left\" ><span>Siga-nos<\/span><a href=\"https:\/\/www.facebook.com\/MOPOCHINA\" target=\"_blank\" data-label=\"Facebook\" class=\"icon primary button circle facebook tooltip\" title=\"Siga no Facebook\" aria-label=\"Siga no Facebook\" rel=\"noopener nofollow\"><i class=\"icon-facebook\" ><\/i><\/a><a href=\"https:\/\/www.instagram.com\/mopotoilet\/\" target=\"_blank\" data-label=\"Instagram\" class=\"icon primary button circle instagram tooltip\" title=\"Siga no Instagram\" aria-label=\"Siga no Instagram\" rel=\"noopener nofollow\"><i class=\"icon-instagram\" ><\/i><\/a><a href=\"https:\/\/twitter.com\/mopotoilet\" data-label=\"Twitter\" target=\"_blank\" class=\"icon primary button circle twitter tooltip\" title=\"Siga no Twitter\" aria-label=\"Siga no Twitter\" rel=\"noopener nofollow\"><i class=\"icon-twitter\" ><\/i><\/a><a href=\"mailto:info@mopochina.com\" data-label=\"E-mail\" target=\"_blank\" class=\"icon primary button circle email tooltip\" title=\"envie-nos um e-mail\" aria-label=\"envie-nos um e-mail\" rel=\"nofollow noopener\" ><i class=\"icon-envelop\" ><\/i><\/a><a href=\"https:\/\/www.linkedin.com\/company\/mopo-sanitary-ware\/\" data-label=\"LinkedIn\" target=\"_blank\" class=\"icon primary button circle linkedin tooltip\" title=\"Siga no LinkedIn\" aria-label=\"Siga no LinkedIn\" rel=\"noopener nofollow\"><i class=\"icon-linkedin\" ><\/i><\/a><a href=\"https:\/\/www.youtube.com\/c\/mopochina\/featured\" data-label=\"YouTube\" target=\"_blank\" class=\"icon primary button circle youtube tooltip\" title=\"Siga no YouTube\" aria-label=\"Siga no YouTube\" rel=\"noopener nofollow\"><i class=\"icon-youtube\" ><\/i><\/a><\/div>\n\t\t<\/div>\n\t\t\t\t\t<\/div>\n\n\t\n<\/div>","protected":false},"excerpt":{"rendered":"<p>Marca: MOPO<br \/>\nNome do produto: torneira da bacia do banheiro<br \/>\nModel Number\uff1a MP 619Grey<br \/>\nMaterial: lat\u00e3o\/a\u00e7o n\u00edvel 59 A<br \/>\nSize\uff1a41.5x2x12.5mm<br \/>\nPeso: 1,8 KG<br \/>\nColor\uff1a Gunmetal Grey<br \/>\nFeature\uff1a Pull Out Bathroom Faucets<br \/>\nN\u00famero de al\u00e7as:: Al\u00e7a \u00fanica<br \/>\nTipo de instala\u00e7\u00e3o: montado no conv\u00e9s<\/p>\n\t<a class=\"paoc-popup-click paoc-popup-cust-337 paoc-popup-button paoc-popup-btn\" href=\"javascript:void(0);\">Solicite um or\u00e7amento<\/a>\r\n\u00a0 <img loading=\"lazy\" decoding=\"async\" class=\"alignnone wp-image-346\" style=\"color: #333333; font-size: 14.4px;\" src=\"https:\/\/moposanitaryware.com\/wp-content\/uploads\/2021\/03\/Catalog-Download-PDF-MOPO-toilet.jpg\" alt=\"\" width=\"30\" height=\"29\" srcset=\"https:\/\/moposanitaryware.com\/wp-content\/uploads\/2021\/03\/Catalog-Download-PDF-MOPO-toilet.jpg 200w, https:\/\/moposanitaryware.com\/wp-content\/uploads\/2021\/03\/Catalog-Download-PDF-MOPO-toilet-100x100.jpg 100w\" sizes=\"auto, (max-width: 30px) 100vw, 30px\" \/><span style=\"color: #00aae7;\"><a style=\"font-size: 14.4px; color: #00aae7;\" href=\"https:\/\/moposanitaryware.com\/wp-content\/uploads\/2021\/05\/MOPO%C2%AE-Faucets-Catalog-Download-Sanitary-Wares-Manufacturer.pdf\">Baixar Cat\u00e1logo<\/a><\/span><\/p>\n<p>&nbsp;<\/p>","protected":false},"featured_media":5105,"template":"","meta":{"_acf_changed":false},"product_brand":[],"product_cat":[15,23,94],"product_tag":[131,130,132],"class_list":{"0":"post-5148","1":"product","2":"type-product","3":"status-publish","4":"has-post-thumbnail","6":"product_cat-see-all-categories","7":"product_cat-faucets","8":"product_cat-basin-faucet","9":"product_tag-bathroom-basin-faucet","10":"product_tag-faucet","11":"product_tag-water-mixer-tap","13":"first","14":"instock","15":"shipping-taxable","16":"product-type-simple"},"acf":[],"_links":{"self":[{"href":"https:\/\/moposanitaryware.com\/pt\/wp-json\/wp\/v2\/product\/5148","targetHints":{"allow":["GET"]}}],"collection":[{"href":"https:\/\/moposanitaryware.com\/pt\/wp-json\/wp\/v2\/product"}],"about":[{"href":"https:\/\/moposanitaryware.com\/pt\/wp-json\/wp\/v2\/types\/product"}],"wp:featuredmedia":[{"embeddable":true,"href":"https:\/\/moposanitaryware.com\/pt\/wp-json\/wp\/v2\/media\/5105"}],"wp:attachment":[{"href":"https:\/\/moposanitaryware.com\/pt\/wp-json\/wp\/v2\/media?parent=5148"}],"wp:term":[{"taxonomy":"product_brand","embeddable":true,"href":"https:\/\/moposanitaryware.com\/pt\/wp-json\/wp\/v2\/product_brand?post=5148"},{"taxonomy":"product_cat","embeddable":true,"href":"https:\/\/moposanitaryware.com\/pt\/wp-json\/wp\/v2\/product_cat?post=5148"},{"taxonomy":"product_tag","embeddable":true,"href":"https:\/\/moposanitaryware.com\/pt\/wp-json\/wp\/v2\/product_tag?post=5148"}],"curies":[{"name":"wp","href":"https:\/\/api.w.org\/{rel}","templated":true}]}}