{"id":4881,"date":"2022-11-01T06:29:59","date_gmt":"2022-11-01T06:29:59","guid":{"rendered":"https:\/\/moposanitaryware.com\/?post_type=product&#038;p=4881"},"modified":"2024-07-31T02:55:58","modified_gmt":"2024-07-31T02:55:58","slug":"luxury-bathroom-large-hard-stone-sink-ceramic-wash-basin-bathroom-container-gold-plating-yitai-wr005-copy","status":"publish","type":"product","link":"https:\/\/moposanitaryware.com\/pt\/luxury-bathroom-large-hard-stone-sink-ceramic-wash-basin-bathroom-container-gold-plating-yitai-wr005-copy\/","title":{"rendered":"Atacado banheiro port\u00e1til abs bid\u00e9 pulverizador toalete bid\u00e9 fralda spray cabe\u00e7a pulverizador bid\u00e9 para toalete"},"content":{"rendered":"<h1 style=\"text-align: center;\"><a href=\"https:\/\/moposanitaryware.com\/pt\/categoria-produto\/toilet-spray\/\">Spray higi\u00eanico<\/a><\/h1>\n<p style=\"text-align: left;\">Why would it be any different in the <a href=\"https:\/\/moposanitaryware.com\/pt\/categoria-produto\/toilet-spray\/\">banheiro<\/a>?<br \/>\nThe same goes for when you use the <a href=\"https:\/\/moposanitaryware.com\/pt\/categoria-produto\/toilet-spray\/\">banheiro<\/a>. Using a <a href=\"https:\/\/moposanitaryware.com\/pt\/categoria-produto\/toilet-spray\/\">bidet<\/a> instead of <a href=\"https:\/\/moposanitaryware.com\/pt\/categoria-produto\/toilet-spray\/\">banheiro<\/a> paper provides a thorough cleansing that wiping alone cannot. Water is more sanitary than <a href=\"https:\/\/moposanitaryware.com\/pt\/categoria-produto\/toilet-spray\/\">toilet paper<\/a> because it gently cleans the area instead of just rubbing it with<a href=\"https:\/\/moposanitaryware.com\/pt\/categoria-produto\/toilet-spray\/\"> toilet paper<\/a>. Maybe the misconception that <a href=\"https:\/\/moposanitaryware.com\/pt\/categoria-produto\/toilet-spray\/\">bidets<\/a> are unsanitary goes back to childhood, since wiping is one of the first lessons of <a href=\"https:\/\/moposanitaryware.com\/pt\/categoria-produto\/toilet-spray\/\">good bathroom<\/a> hygiene.<br \/>\nGood hygiene is universal, and so are <a href=\"https:\/\/moposanitaryware.com\/pt\/categoria-produto\/toilet-spray\/\">bathroom breaks<\/a>, which makes <a href=\"https:\/\/moposanitaryware.com\/pt\/categoria-produto\/toilet-spray\/\">bidets<\/a> a great addition to anyone\u2019s personal hygiene routine. <a href=\"https:\/\/moposanitaryware.com\/pt\/categoria-produto\/toilet-spray\/\">Bidet seats<\/a>, <a href=\"https:\/\/moposanitaryware.com\/pt\/categoria-produto\/toilet-spray\/\">bidet<\/a> attachments, and hand-held <a href=\"https:\/\/moposanitaryware.com\/pt\/categoria-produto\/toilet-spray\/\">bidet sprayers<\/a> are ideal for men, women, children, and the elderly. Whoever you are, using a <a href=\"https:\/\/moposanitaryware.com\/pt\/categoria-produto\/toilet-spray\/\">bidet<\/a> is more hygienic than wiping alone, leaving you feeling all the way clean and refreshed throughout the day.<br \/>\nDoes that mean that men can use<a href=\"https:\/\/moposanitaryware.com\/pt\/categoria-produto\/toilet-spray\/\"> bidets<\/a>, too? Well, since men have to poop just like everyone else, yes. Not only can men wash with a <a href=\"https:\/\/moposanitaryware.com\/pt\/categoria-produto\/toilet-spray\/\">bidet<\/a>, but they also should. It\u2019s not just perfectly acceptable\u2014it\u2019s gentler, more hygienic, and all-around better than wiping.<\/p>\n<div class=\"row\"  id=\"row-1500956892\">\n\n\t<div id=\"col-1992103330\" class=\"col small-12 large-12\"  >\n\t\t\t\t<div class=\"col-inner\"  >\n\t\t\t\n\t\t\t\n<table>\n<tbody>\n<tr>\n<td>Local de origem:<\/td>\n<td>Foshan,China<\/td>\n<\/tr>\n<tr>\n<td>Type name<\/td>\n<td><a href=\"https:\/\/moposanitaryware.com\/pt\/categoria-produto\/toilet-spray\/\">MOPO\u00ae\u00a0Toilet Spray<\/a><\/td>\n<\/tr>\n<tr>\n<td>Aplicativo:<\/td>\n<td>Hotel, Home,Villa, Apartment<\/td>\n<\/tr>\n<tr>\n<td>Servi\u00e7o p\u00f3s-venda<\/td>\n<td>Suporte t\u00e9cnico on-line, pe\u00e7as de reposi\u00e7\u00e3o gratuitas<\/td>\n<\/tr>\n<tr>\n<td>OEM e ODM:<\/td>\n<td>OEM<\/td>\n<\/tr>\n<tr>\n<td>Quantidade m\u00ednima:<\/td>\n<td>1 conjunto<\/td>\n<\/tr>\n<tr>\n<td>Certificated<\/td>\n<td>CE,ISO9001<\/td>\n<\/tr>\n<tr>\n<td>Free Sample:<\/td>\n<td>Amostra de pagamento<\/td>\n<\/tr>\n<tr>\n<td>Supply Ability:<\/td>\n<td>500 Set<\/td>\n<\/tr>\n<\/tbody>\n<\/table>\n\t\t<\/div>\n\t\t\t\t\t<\/div>\n\n\t\n\n\t<div id=\"col-203172015\" class=\"col medium-6 small-12 large-6\"  >\n\t\t\t\t<div class=\"col-inner\"  >\n\t\t\t\n\t\t\t\n<h2>Multipurpose Hygiene Accessory<\/h2>\n<p>The stream of water is always \u201cwell-aimed right at the area you want cleaned\u201d because you are controlling the stream.Personal Hygiene Cleaning:A thorough rinse will always do a better job.It helps in reducing the itchiness and irritation that your skin suffers.A surefire way to avoid a urinary tract infection, treat a hemorrhoid, and live a healthier lifestyle.Help you avoid hand contamination from using <a href=\"https:\/\/moposanitaryware.com\/pt\/categoria-produto\/toilet-spray\/\">toilet paper<\/a>.Disability Care:Ideal personal <a href=\"https:\/\/moposanitaryware.com\/pt\/categoria-produto\/toilet-spray\/\">bidet water spray helps<\/a> hemorrhoid or constipation patients for recovery, assistance, and special care.The <a href=\"https:\/\/moposanitaryware.com\/pt\/categoria-produto\/toilet-spray\/\">MOPO bidet sprayer<\/a> is for daily personal hygiene and can also be used for shattaf shower, female wash, baby cloth diaper sprayer set in toilet, dog shower, and more.<\/p>\n\t\t<\/div>\n\t\t\t\t\t<\/div>\n\n\t\n\n\t<div id=\"col-1885528226\" class=\"col medium-6 small-12 large-6\"  >\n\t\t\t\t<div class=\"col-inner\"  >\n\t\t\t\n\t\t\t\n\t<div class=\"img has-hover x md-x lg-x y md-y lg-y\" id=\"image_690536023\">\n\t\t\t\t\t\t\t\t<div class=\"img-inner dark\" >\n\t\t\t<img loading=\"lazy\" decoding=\"async\" width=\"600\" height=\"400\" src=\"https:\/\/moposanitaryware.com\/wp-content\/uploads\/2022\/11\/Efficient-Hygiene-\u2013-Bring-your-bathroom-into-the-21st-century-with-a-toilet-hose-bidet-attachment-.-Diminish-your-paper-usage-avoid-toilet-clogs-and-enjoy-a-cleaner-life-overall.jpg\" class=\"attachment-original size-original\" alt=\"china mopo Efficient Hygiene \u2013 Bring your bathroom into the 21st century with a toilet hose bidet attachment . Diminish your paper usage, avoid toilet clogs, and enjoy a cleaner life overall\" title=\"\">\t\t\t\t\t\t\n\t\t\t\t\t<\/div>\n\t\t\t\t\t\t\t\t\n<style>\n#image_690536023 {\n  width: 100%;\n}\n<\/style>\n\t<\/div>\n\t\n\t\t<\/div>\n\t\t\t\t\t<\/div>\n\n\t\n<\/div>\n<div class=\"row\"  id=\"row-1809797315\">\n\n\t<div id=\"col-588172745\" class=\"col medium-6 small-12 large-6\"  >\n\t\t\t\t<div class=\"col-inner\"  >\n\t\t\t\n\t\t\t\n\t<div class=\"img has-hover x md-x lg-x y md-y lg-y\" id=\"image_727491280\">\n\t\t\t\t\t\t\t\t<div class=\"img-inner dark\" >\n\t\t\t<img loading=\"lazy\" decoding=\"async\" width=\"600\" height=\"400\" src=\"https:\/\/moposanitaryware.com\/wp-content\/uploads\/2022\/11\/High-Precision-QualityHigh-quality-bidet-sprayer-installation-to-suit-your-bathroom-cleaning..jpg\" class=\"attachment-original size-original\" alt=\"china mopo High Precision QualityHigh quality bidet sprayer installation to suit your bathroom cleaning.\" title=\"\">\t\t\t\t\t\t\n\t\t\t\t\t<\/div>\n\t\t\t\t\t\t\t\t\n<style>\n#image_727491280 {\n  width: 100%;\n}\n<\/style>\n\t<\/div>\n\t\n\t\t<\/div>\n\t\t\t\t\t<\/div>\n\n\t\n\n\t<div id=\"col-2083813282\" class=\"col medium-6 small-12 large-6\"  >\n\t\t\t\t<div class=\"col-inner\"  >\n\t\t\t\n\t\t\t\n<h2>High Precision Quality<\/h2>\n<p>High quality <a href=\"https:\/\/moposanitaryware.com\/pt\/categoria-produto\/toilet-spray\/\">bidet sprayer<\/a> installation to suit your <a href=\"https:\/\/moposanitaryware.com\/pt\/categoria-produto\/toilet-spray\/\">banheiro<\/a> cleaning.This custom assembled kit is available in a choice of different types of material finishes, available in all brass \/ ABS \/ 304 stainless steel and above, providing more durability and resistance to oxidation and corrosion.This <a href=\"https:\/\/moposanitaryware.com\/pt\/categoria-produto\/toilet-spray\/\">bidet sprayer<\/a> for the toilet is the best choice for bottom cleaning to improve personal hygiene, especially for women&#8217;s pregnancy and menstrual cycles. Hand Held<a href=\"https:\/\/moposanitaryware.com\/pt\/categoria-produto\/toilet-spray\/\"> Bidet Sprayer\u2019s<\/a> one-hand ergonomic design allows you easier to clean your front or back, which is more hygienic than using toilet paper.<\/p>\n\t\t<\/div>\n\t\t\t\t\t<\/div>\n\n\t\n<\/div>\n<div class=\"row\"  id=\"row-114805282\">\n\n\t<div id=\"col-2006772162\" class=\"col medium-6 small-12 large-6\"  >\n\t\t\t\t<div class=\"col-inner\"  >\n\t\t\t\n\t\t\t\n<h2>Efficient Hygiene<\/h2>\n<p>Bring your <a href=\"https:\/\/moposanitaryware.com\/pt\/categoria-produto\/toilet-spray\/\">banheiro<\/a> into the 21st century with a toilet hose <a href=\"https:\/\/moposanitaryware.com\/pt\/categoria-produto\/toilet-spray\/\">bidet<\/a> attachment . Diminish your paper usage, avoid <a href=\"https:\/\/moposanitaryware.com\/pt\/categoria-produto\/toilet-spray\/\">banheiro<\/a> clogs, and enjoy a cleaner life overall.<a href=\"https:\/\/moposanitaryware.com\/pt\/categoria-produto\/toilet-spray\/\">Multipurpose Sprayer<\/a> \u2013 Use you<a href=\"https:\/\/moposanitaryware.com\/pt\/categoria-produto\/toilet-spray\/\">r toilet bidet<\/a> attachment to clean intimate areas, cloth diapers, or the toilet itself. Adjust your lever to control pressure, and always turn off the t-valve after use.Multiple spray modes are available,perfect replacement of dual<a href=\"https:\/\/moposanitaryware.com\/pt\/categoria-produto\/toilet-spray\/\"> function sprayer.<\/a>Hand-held spray shower have many uses, not just for personal hygiene.High pressure water flow can remove any stains. Perfect for rinsing cloth diapers,Watering plants,Bathtub cleaning&amp; more!<\/p>\n\t\t<\/div>\n\t\t\t\t\t<\/div>\n\n\t\n\n\t<div id=\"col-627045292\" class=\"col medium-6 small-12 large-6\"  >\n\t\t\t\t<div class=\"col-inner\"  >\n\t\t\t\n\t\t\t\n\t<div class=\"img has-hover x md-x lg-x y md-y lg-y\" id=\"image_1130145162\">\n\t\t\t\t\t\t\t\t<div class=\"img-inner dark\" >\n\t\t\t<img loading=\"lazy\" decoding=\"async\" width=\"600\" height=\"400\" src=\"https:\/\/moposanitaryware.com\/wp-content\/uploads\/2022\/11\/Adjustable-Water-PressurePress-the-handheld-bidet-sprayer-buttons-to-control-the-water-flow-you-will-get-the-suitable-water-pressure-to-meet-your-daily-needs..jpg\" class=\"attachment-original size-original\" alt=\"china mopo Adjustable Water PressurePress the handheld bidet sprayer buttons to control the water flow, you will get the suitable water pressure to meet your daily needs.\" title=\"\">\t\t\t\t\t\t\n\t\t\t\t\t<\/div>\n\t\t\t\t\t\t\t\t\n<style>\n#image_1130145162 {\n  width: 100%;\n}\n<\/style>\n\t<\/div>\n\t\n\t\t<\/div>\n\t\t\t\t\t<\/div>\n\n\t\n<\/div>","protected":false},"excerpt":{"rendered":"<p>Marca: <a href=\"https:\/\/moposanitaryware.com\/pt\/#brave_open_popup_688\">MOPO\u00ae<\/a><br \/>\nNome do Produto: <a href=\"https:\/\/moposanitaryware.com\/pt\/categoria-produto\/toilet-spray\/\">Spray higi\u00eanico<\/a><br \/>\nModel Number\uff1aMP PQ01<br \/>\nMaterial\uff1a Copper\/Abs\/Stainless Steel<br \/>\n<a href=\"https:\/\/moposanitaryware.com\/pt\/categoria-produto\/toilet-spray\/\">Toilet Spray Size<\/a>\uff1a custom made<br \/>\nWeight\uff1a 2-8KG<br \/>\nColor\uff1a White\/Black\/Gold\/Gray or Customized<br \/>\nInstallation Type\uff1a Wall hung Installation<\/p>\n\t<a class=\"paoc-popup-click paoc-popup-cust-337 paoc-popup-button paoc-popup-btn\" href=\"javascript:void(0);\">Solicite um or\u00e7amento<\/a>\r\n\u00a0 \u00a0 \u00a0<a href=\"https:\/\/api.whatsapp.com\/send?phone=8618675762929\"><img loading=\"lazy\" decoding=\"async\" class=\"alignnone wp-image-6698\" src=\"https:\/\/moposanitaryware.com\/wp-content\/uploads\/WhatsApp.png\" alt=\"\" width=\"140\" height=\"33\" srcset=\"https:\/\/moposanitaryware.com\/wp-content\/uploads\/WhatsApp.png 546w, https:\/\/moposanitaryware.com\/wp-content\/uploads\/WhatsApp-18x4.png 18w\" sizes=\"auto, (max-width: 140px) 100vw, 140px\" \/><\/a><\/p>","protected":false},"featured_media":4886,"template":"","meta":{"_acf_changed":false},"product_brand":[],"product_cat":[15,222],"product_tag":[226,135,223],"class_list":{"0":"post-4881","1":"product","2":"type-product","3":"status-publish","4":"has-post-thumbnail","6":"product_cat-see-all-categories","7":"product_cat-toilet-spray","8":"product_tag-bidet","9":"product_tag-toilet","10":"product_tag-toilet-spray","12":"first","13":"instock","14":"shipping-taxable","15":"product-type-simple"},"acf":[],"_links":{"self":[{"href":"https:\/\/moposanitaryware.com\/pt\/wp-json\/wp\/v2\/product\/4881","targetHints":{"allow":["GET"]}}],"collection":[{"href":"https:\/\/moposanitaryware.com\/pt\/wp-json\/wp\/v2\/product"}],"about":[{"href":"https:\/\/moposanitaryware.com\/pt\/wp-json\/wp\/v2\/types\/product"}],"wp:featuredmedia":[{"embeddable":true,"href":"https:\/\/moposanitaryware.com\/pt\/wp-json\/wp\/v2\/media\/4886"}],"wp:attachment":[{"href":"https:\/\/moposanitaryware.com\/pt\/wp-json\/wp\/v2\/media?parent=4881"}],"wp:term":[{"taxonomy":"product_brand","embeddable":true,"href":"https:\/\/moposanitaryware.com\/pt\/wp-json\/wp\/v2\/product_brand?post=4881"},{"taxonomy":"product_cat","embeddable":true,"href":"https:\/\/moposanitaryware.com\/pt\/wp-json\/wp\/v2\/product_cat?post=4881"},{"taxonomy":"product_tag","embeddable":true,"href":"https:\/\/moposanitaryware.com\/pt\/wp-json\/wp\/v2\/product_tag?post=4881"}],"curies":[{"name":"wp","href":"https:\/\/api.w.org\/{rel}","templated":true}]}}