{"id":3693,"date":"2021-12-24T07:54:53","date_gmt":"2021-12-24T07:54:53","guid":{"rendered":"https:\/\/moposanitaryware.com\/?post_type=product&#038;p=3693"},"modified":"2024-08-01T08:48:44","modified_gmt":"2024-08-01T08:48:44","slug":"multi-color-bathroom-integrated-intelligent-toilet-ceramic-intelligent-automatic-intelligent-toilet-with-bidet-m7-2","status":"publish","type":"product","link":"https:\/\/moposanitaryware.com\/pt\/multi-color-bathroom-integrated-intelligent-toilet-ceramic-intelligent-automatic-intelligent-toilet-with-bidet-m7-2\/","title":{"rendered":"Banheiro inteligente integrado de cer\u00e2mica, banheiro multicolorido, autom\u00e1tico, inteligente, com bid\u00ea"},"content":{"rendered":"<div class=\"banner has-hover\" id=\"banner-875504764\">\n          <div class=\"banner-inner fill\">\n        <div class=\"banner-bg fill\" >\n            <img loading=\"lazy\" decoding=\"async\" width=\"800\" height=\"333\" src=\"https:\/\/moposanitaryware.com\/wp-content\/uploads\/2022\/09\/smart-toilet-supplier-and-manufacturer-china-intelligent-toilet.jpg\" class=\"bg attachment-original size-original\" alt=\"\" title=\"\">                                    \n                    <\/div>\n\t\t\n        <div class=\"banner-layers container\">\n            <a class=\"fill\" href=\"https:\/\/moposanitaryware.com\/pt\/shop\/bidets-toilets\/\" ><div class=\"fill banner-link\"><\/div><\/a>            \n   <div id=\"text-box-829113924\" class=\"text-box banner-layer x85 md-x50 lg-x50 y70 md-y70 lg-y70 res-text\">\n                                <div class=\"text-box-content text dark\">\n              \n              <div class=\"text-inner text-center\">\n                  \n<p><span style=\"font-size: 120%;\" data-fusion-font=\"true\"><a href=\"https:\/\/moposanitaryware.com\/pt\/shop\/bidets-toilets\/\">Bid\u00e9 Inteligente<\/a> Banheiros<\/span><span style=\"font-size: 120%;\" data-fusion-font=\"true\">e limpeza de assentos<\/span><\/p>\n<a href=\"#brave_open_popup_688\" class=\"button success lowercase\"  style=\"border-radius:99px;\">\n\t\t<span>Obter cota\u00e7\u00e3o<\/span>\n\t<\/a>\n\n              <\/div>\n           <\/div>\n                            \n<style>\n#text-box-829113924 {\n  width: 61%;\n}\n#text-box-829113924 .text-box-content {\n  font-size: 100%;\n}\n@media (min-width:550px) {\n  #text-box-829113924 {\n    width: 28%;\n  }\n}\n<\/style>\n    <\/div>\n \n        <\/div>\n      <\/div>\n\n            \n<style>\n#banner-875504764 {\n  padding-top: 50%;\n  background-color: rgb(255,255,255);\n}\n#banner-875504764 .banner-bg img {\n  object-position: 37% 26%;\n}\n@media (min-width:550px) {\n  #banner-875504764 {\n    padding-top: 35%;\n  }\n}\n<\/style>\n  <\/div>\n\n\n<div class=\"row align-center\"  id=\"row-1485845823\">\n\n\t<div id=\"col-516107021\" class=\"col medium-10 small-12 large-10\"  >\n\t\t\t\t<div class=\"col-inner text-center\"  >\n\t\t\t\n\t\t\t\n<h1 style=\"text-align: center;\"><a href=\"https:\/\/moposanitaryware.com\/pt\/categoria-produto\/bidet-toilets\/\">Smart Toilet<\/a><\/h1>\n<p style=\"text-align: center;\">High-quality intelligent toilet manufacturer &amp; supplier, TONA specializes in wholesale of new Smart Toilet, Intelligent Toilet Seat MOPO Smart toilet manufactures quality, affordable, luxury smart bidet toilets. This intelligent technology will change the way you look at your bathroom. and a variety of bathroom products<\/p>\n\t\t<\/div>\n\t\t\t\t\t<\/div>\n\n\t\n<\/div>\n<table style=\"height: 608px;\" border=\"1\" width=\"781\">\n<tbody>\n<tr>\n<td>Lugar de origem:<\/td>\n<td>Foshan, China<\/td>\n<\/tr>\n<tr>\n<td>Digite o nome:<\/td>\n<td data-spm-anchor-id=\"a2700.details.pronpeci14.i1.47c970d3Zz0E3h\">Autom\u00e1tico Inteligente <a href=\"https:\/\/moposanitaryware.com\/pt\/shop\/bidets-toilets\/\">Banheiro Inteligente<\/a><\/td>\n<\/tr>\n<tr>\n<td><strong><span data-spm-anchor-id=\"a2700.wholesale.0.i33.2c534154qJukFc\">F<\/span><\/strong><strong>un\u00e7\u00e3o\u00a0<\/strong><\/td>\n<td>Automatic lid flip, foot flip circle, foot flush, instant cleaning, seat heating, warm air drying, automatic flush, remote flush, power failure flush, no water pressure limit, plasma sterilization, diatom pure deodorization<\/td>\n<\/tr>\n<tr>\n<td>Aplicativo:<\/td>\n<td>Hotel, Vila, Apartamento, Pr\u00e9dio de escrit\u00f3rios, Hospital, Escola, Shopping, Supermercado, Parque<\/td>\n<\/tr>\n<tr>\n<td>Certificado:<\/td>\n<td>CB Certified.Valid from 2018-12-28 until 2049-12-31CE Certified.RoHS Certified<\/td>\n<\/tr>\n<tr>\n<td>Servi\u00e7o p\u00f3s-venda<\/td>\n<td>Suporte t\u00e9cnico on-line, pe\u00e7as de reposi\u00e7\u00e3o gratuitas<\/td>\n<\/tr>\n<tr>\n<td>OEM e ODM:<\/td>\n<td>OEM<\/td>\n<\/tr>\n<tr>\n<td>Quantidade m\u00ednima:<\/td>\n<td>1 conjunto<\/td>\n<\/tr>\n<tr>\n<td>Amostra gr\u00e1tis:<\/td>\n<td>amostra de pagamento<\/td>\n<\/tr>\n<tr>\n<td>Capacidade de fornecimento:<\/td>\n<td>500 conjuntos\/conjuntos por dia<\/td>\n<\/tr>\n<tr>\n<td style=\"text-align: left;\">Embalagem:<\/td>\n<td style=\"text-align: left;\">Embalagem de papel\u00e3o (pode ser embalada de acordo com suas necessidades)<\/td>\n<\/tr>\n<\/tbody>\n<\/table>\n<div class=\"row\"  id=\"row-829135020\">\n\n\t<div id=\"col-1997576363\" class=\"col medium-6 small-12 large-6\"  >\n\t\t\t\t<div class=\"col-inner\"  >\n\t\t\t\n\t\t\t\n<h3>Bocal de a\u00e7o inoxid\u00e1vel<\/h3>\n<p><b>Com fun\u00e7\u00e3o 3 em 1.<\/b>O <a href=\"https:\/\/moposanitaryware.com\/pt\/shop\/bidets-toilets\/\">banheiro inteligente<\/a> trar\u00e1 a lavagem que voc\u00ea merece para seu banheiro. Experimente nosso bocal 3 em 1 especialmente projetado que proporcionar\u00e1 a melhor lavagem posterior, lavagem feminina reconfortante e lavagem turbo eficaz. O bocal de a\u00e7o inoxid\u00e1vel autolimpante adiciona eleg\u00e2ncia que j\u00e1 oferece, e muito mais. Minimize as necessidades de manuten\u00e7\u00e3o e limpeza com este componente dur\u00e1vel e eficaz Cuidado saud\u00e1vel, Cuidado saud\u00e1vel, Limpeza feminina, Limpeza de quadril, Autolimpeza de bico, Limpeza de massagem m\u00f3vel, V\u00e1rias op\u00e7\u00f5es de lavagem est\u00e3o dispon\u00edveis para sua vida confort\u00e1vel e saud\u00e1vel.<\/p>\n\t\t<\/div>\n\t\t\t\t\t<\/div>\n\n\t\n\n\t<div id=\"col-1564701972\" class=\"col medium-6 small-12 large-6\"  >\n\t\t\t\t<div class=\"col-inner\"  >\n\t\t\t\n\t\t\t\n\t<div class=\"img has-hover x md-x lg-x y md-y lg-y\" id=\"image_823991516\">\n\t\t<a class=\"open-video\" href=\"https:\/\/www.youtube.com\/watch?v=CeHGZjKQAcU\" rel=\"nofollow noopener\" target=\"_blank\">\t\t\t\t\t\t<div class=\"img-inner dark\" >\n\t\t\t<img loading=\"lazy\" decoding=\"async\" width=\"600\" height=\"420\" src=\"https:\/\/moposanitaryware.com\/wp-content\/uploads\/2022\/09\/Smart-toilet-Patented-3-in-1-nozzle.jpg\" class=\"attachment-original size-original\" alt=\"\" srcset=\"https:\/\/moposanitaryware.com\/wp-content\/uploads\/2022\/09\/Smart-toilet-Patented-3-in-1-nozzle.jpg 600w, https:\/\/moposanitaryware.com\/wp-content\/uploads\/2022\/09\/Smart-toilet-Patented-3-in-1-nozzle-571x400.jpg 571w\" sizes=\"auto, (max-width: 600px) 100vw, 600px\" title=\"\">\t\t\t\t\t\t\t<div class=\"overlay\" style=\"background-color: rgba(0,0,0,.2)\"><\/div>\n\t\t\t\t\t\t\t\t\t\t<div class=\"absolute no-click x50 y50 md-x50 md-y50 lg-x50 lg-y50 text-shadow-2\">\n\t\t\t\t\t<div class=\"overlay-icon\">\n\t\t\t\t\t\t<i class=\"icon-play\"><\/i>\n\t\t\t\t\t<\/div>\n\t\t\t\t<\/div>\n\t\t\t\n\t\t\t\t\t<\/div>\n\t\t\t\t\t\t<\/a>\t\t\n<style>\n#image_823991516 {\n  width: 100%;\n}\n<\/style>\n\t<\/div>\n\t\n\t\t<\/div>\n\t\t\t\t\t<\/div>\n\n\t\n<\/div>\n<div class=\"row\"  id=\"row-461366900\">\n\n\t<div id=\"col-2076011783\" class=\"col medium-6 small-12 large-6\"  >\n\t\t\t\t<div class=\"col-inner\"  >\n\t\t\t\n\t\t\t\n\t<div class=\"img has-hover x md-x lg-x y md-y lg-y\" id=\"image_437492215\">\n\t\t<a class=\"\" href=\"https:\/\/moposanitaryware.com\/pt\/shop\/bidets-toilets\/\">\t\t\t\t\t\t<div class=\"img-inner dark\" >\n\t\t\t<img loading=\"lazy\" decoding=\"async\" width=\"600\" height=\"420\" src=\"https:\/\/moposanitaryware.com\/wp-content\/uploads\/2022\/09\/Smart-Toilet-Cleansing-Water-Warm-air-dryer.jpg\" class=\"attachment-original size-original\" alt=\"\" srcset=\"https:\/\/moposanitaryware.com\/wp-content\/uploads\/2022\/09\/Smart-Toilet-Cleansing-Water-Warm-air-dryer.jpg 600w, https:\/\/moposanitaryware.com\/wp-content\/uploads\/2022\/09\/Smart-Toilet-Cleansing-Water-Warm-air-dryer-571x400.jpg 571w\" sizes=\"auto, (max-width: 600px) 100vw, 600px\" title=\"\">\t\t\t\t\t\t\n\t\t\t\t\t<\/div>\n\t\t\t\t\t\t<\/a>\t\t\n<style>\n#image_437492215 {\n  width: 100%;\n}\n<\/style>\n\t<\/div>\n\t\n\t\t<\/div>\n\t\t\t\t\t<\/div>\n\n\t\n\n\t<div id=\"col-1024727024\" class=\"col medium-6 small-12 large-6\"  >\n\t\t\t\t<div class=\"col-inner\"  >\n\t\t\t\n\t\t\t\n<h3>Secador de ar quente ajust\u00e1vel<\/h3>\n<p>Aproveite a facilidade e o conforto de secar com o secador de ar quente com temperatura ajust\u00e1vel.<a href=\"https:\/\/moposanitaryware.com\/pt\/shop\/bidets-toilets\/\"> banheiro<\/a> papel e cria uma experi\u00eancia com as m\u00e3os livres. Os n\u00edveis de temperatura do secador s\u00e3o ajust\u00e1veis em at\u00e9 5 n\u00edveis de acordo com seu conforto e gosto. Escolha mant\u00ea-lo aquecido ou fresco. Termine sua experi\u00eancia com o secador quente e voc\u00ea salvar\u00e1 \u00e1rvores enquanto faz isso.<\/p>\n\t\t<\/div>\n\t\t\t\t\t<\/div>\n\n\t\n<\/div>\n<div class=\"row\"  id=\"row-2133509407\">\n\n\t<div id=\"col-938788070\" class=\"col medium-6 small-12 large-6\"  >\n\t\t\t\t<div class=\"col-inner\"  >\n\t\t\t\n\t\t\t\n<h3>Tecnologia de aquecimento h\u00edbrida<\/h3>\n<p>A inova\u00e7\u00e3o brilhante da tecnologia h\u00edbrida de aquecimento de \u00e1gua \u00e9 comprovadamente um dos m\u00e9todos de aquecimento instant\u00e2neo de \u00e1gua mais eficazes e confi\u00e1veis. Desenvolvemos uma nova tecnologia de aquecimento h\u00edbrido que utiliza os melhores recursos das tecnologias de aquecimento instant\u00e2neo e de aquecimento. fluxo e consist\u00eancia de temperatura com dura\u00e7\u00e3o ilimitada para produzir fluxo cont\u00ednuo de \u00e1gua quente e rejuvenescedora.<\/p>\n\t\t<\/div>\n\t\t\t\t\t<\/div>\n\n\t\n\n\t<div id=\"col-633108792\" class=\"col medium-6 small-12 large-6\"  >\n\t\t\t\t<div class=\"col-inner\"  >\n\t\t\t\n\t\t\t\n\t<div class=\"img has-hover x md-x lg-x y md-y lg-y\" id=\"image_1863908432\">\n\t\t<a class=\"\" href=\"https:\/\/moposanitaryware.com\/pt\/shop\/bidets-toilets\/\">\t\t\t\t\t\t<div class=\"img-inner dark\" >\n\t\t\t<img loading=\"lazy\" decoding=\"async\" width=\"600\" height=\"420\" src=\"https:\/\/moposanitaryware.com\/wp-content\/uploads\/2022\/09\/Smart-Toilet-Hybrid-heating-technology-Built-to-last.jpg\" class=\"attachment-original size-original\" alt=\"\" srcset=\"https:\/\/moposanitaryware.com\/wp-content\/uploads\/2022\/09\/Smart-Toilet-Hybrid-heating-technology-Built-to-last.jpg 600w, https:\/\/moposanitaryware.com\/wp-content\/uploads\/2022\/09\/Smart-Toilet-Hybrid-heating-technology-Built-to-last-571x400.jpg 571w\" sizes=\"auto, (max-width: 600px) 100vw, 600px\" title=\"\">\t\t\t\t\t\t\n\t\t\t\t\t<\/div>\n\t\t\t\t\t\t<\/a>\t\t\n<style>\n#image_1863908432 {\n  width: 100%;\n}\n<\/style>\n\t<\/div>\n\t\n\t\t<\/div>\n\t\t\t\t\t<\/div>\n\n\t\n<\/div>\n<div class=\"row\"  id=\"row-1027534697\">\n\n\t<div id=\"col-1439896422\" class=\"col medium-6 small-12 large-6\"  >\n\t\t\t\t<div class=\"col-inner\"  >\n\t\t\t\n\t\t\t\n\t<div class=\"img has-hover x md-x lg-x y md-y lg-y\" id=\"image_229839498\">\n\t\t<a class=\"open-video\" href=\"https:\/\/www.youtube.com\/watch?v=5KqqEmz7ak0\" rel=\"nofollow noopener\" target=\"_blank\">\t\t\t\t\t\t<div class=\"img-inner dark\" >\n\t\t\t<img loading=\"lazy\" decoding=\"async\" width=\"600\" height=\"420\" src=\"https:\/\/moposanitaryware.com\/wp-content\/uploads\/2022\/09\/Smart-Toilets-manufacturer-and-supplier-Bidet-Toilets-Foam-shield-Splash-proof.jpg\" class=\"attachment-original size-original\" alt=\"\" srcset=\"https:\/\/moposanitaryware.com\/wp-content\/uploads\/2022\/09\/Smart-Toilets-manufacturer-and-supplier-Bidet-Toilets-Foam-shield-Splash-proof.jpg 600w, https:\/\/moposanitaryware.com\/wp-content\/uploads\/2022\/09\/Smart-Toilets-manufacturer-and-supplier-Bidet-Toilets-Foam-shield-Splash-proof-571x400.jpg 571w\" sizes=\"auto, (max-width: 600px) 100vw, 600px\" title=\"\">\t\t\t\t\t\t\t<div class=\"overlay\" style=\"background-color: rgba(0,0,0,.2)\"><\/div>\n\t\t\t\t\t\t\t\t\t\t<div class=\"absolute no-click x50 y50 md-x50 md-y50 lg-x50 lg-y50 text-shadow-2\">\n\t\t\t\t\t<div class=\"overlay-icon\">\n\t\t\t\t\t\t<i class=\"icon-play\"><\/i>\n\t\t\t\t\t<\/div>\n\t\t\t\t<\/div>\n\t\t\t\n\t\t\t\t\t<\/div>\n\t\t\t\t\t\t<\/a>\t\t\n<style>\n#image_229839498 {\n  width: 100%;\n}\n<\/style>\n\t<\/div>\n\t\n\t\t<\/div>\n\t\t\t\t\t<\/div>\n\n\t\n\n\t<div id=\"col-2024372106\" class=\"col medium-6 small-12 large-6\"  >\n\t\t\t\t<div class=\"col-inner\"  >\n\t\t\t\n\t\t\t\n<h3 class=\"a-spacing-mini\">Escudo de espuma <span class=\"Y2IQFc\" lang=\"en\">Prova de agua<\/span><\/h3>\n<p class=\"a-spacing-mini\">caracter\u00edstica marcante entre <a href=\"https:\/\/moposanitaryware.com\/pt\/shop\/bidets-toilets\/\">banheiros inteligentes<\/a>. Uma prote\u00e7\u00e3o de espuma evita que a \u00e1gua espirre durante a lavagem. N\u00e3o s\u00f3 isso, mas tamb\u00e9m evita odores, sujeira e, o mais importante, esta espuma ajuda a matar bact\u00e9rias que est\u00e3o presentes ap\u00f3s o uso e tamb\u00e9m bact\u00e9rias presentes ao redor do <a href=\"https:\/\/moposanitaryware.com\/pt\/shop\/bidets-toilets\/\">vaso sanit\u00e1rio.<\/a><\/p>\n<p class=\"a-spacing-mini\">Desta forma, o <a href=\"https:\/\/moposanitaryware.com\/pt\/shop\/bidets-toilets\/\">vaso sanit\u00e1rio<\/a> \u00e9 mais limpo de usar. Muitos podem n\u00e3o avaliar a gravidade dos ataques de bact\u00e9rias; pequenos ataques de bact\u00e9rias podem causar uma alergia na pele, mas um ataque grave de bact\u00e9rias pode causar mais do que isso e prejudicar sua sa\u00fade. A presen\u00e7a destas espumas pode agora ajudar os utilizadores a resolver todos os problemas acima.<\/p>\n\t\t<\/div>\n\t\t\t\t\t<\/div>\n\n\t\n<\/div>\n<div class=\"row\"  id=\"row-1264094975\">\n\n\t<div id=\"col-1971772681\" class=\"col medium-6 small-12 large-6\"  >\n\t\t\t\t<div class=\"col-inner\"  >\n\t\t\t\n\t\t\t\n<div class=\"container section-title-container\" ><h3 class=\"section-title section-title-normal\"><b><\/b><span class=\"section-title-main\" >envie-nos um e-mail<\/span><b><\/b><\/h3><\/div>\n<p>Se voc\u00ea est\u00e1 interessado em nossos produtos e deseja saber mais detalhes, deixe uma mensagem aqui, responderemos o mais breve poss\u00edvel.<\/p>\n\n<div class=\"wpcf7 no-js\" id=\"wpcf7-f13-o1\" lang=\"en-US\" dir=\"ltr\" data-wpcf7-id=\"13\">\n<div class=\"screen-reader-response\"><p role=\"status\" aria-live=\"polite\" aria-atomic=\"true\"><\/p> <ul><\/ul><\/div>\n<form action=\"\/pt\/wp-json\/wp\/v2\/product\/3693#wpcf7-f13-o1\" method=\"post\" class=\"wpcf7-form init\" aria-label=\"Formul\u00e1rio de contato\" novalidate=\"novalidate\" data-status=\"init\" data-trp-original-action=\"\/pt\/wp-json\/wp\/v2\/product\/3693#wpcf7-f13-o1\">\n<fieldset class=\"hidden-fields-container\"><input type=\"hidden\" name=\"_wpcf7\" value=\"13\" \/><input type=\"hidden\" name=\"_wpcf7_version\" value=\"6.1.1\" \/><input type=\"hidden\" name=\"_wpcf7_locale\" value=\"en_US\" \/><input type=\"hidden\" name=\"_wpcf7_unit_tag\" value=\"wpcf7-f13-o1\" \/><input type=\"hidden\" name=\"_wpcf7_container_post\" value=\"0\" \/><input type=\"hidden\" name=\"_wpcf7_posted_data_hash\" value=\"\" \/><input type=\"hidden\" name=\"_wpcf7_recaptcha_response\" value=\"\" \/>\n<\/fieldset>\n<div class=\"form-flat\">\n\t<p><span class=\"wpcf7-form-control-wrap\" data-name=\"your-name\"><input size=\"40\" maxlength=\"400\" class=\"wpcf7-form-control wpcf7-text wpcf7-validates-as-required\" aria-required=\"true\" aria-invalid=\"false\" placeholder=\"Seu nome (obrigat\u00f3rio)\" value=\"\" type=\"text\" name=\"your-name\" \/><\/span><br \/>\n<span class=\"wpcf7-form-control-wrap\" data-name=\"your-email\"><input size=\"40\" maxlength=\"400\" class=\"wpcf7-form-control wpcf7-email wpcf7-validates-as-required wpcf7-text wpcf7-validates-as-email\" aria-required=\"true\" aria-invalid=\"false\" placeholder=\"Seu e-mail (obrigat\u00f3rio)\" value=\"\" type=\"email\" name=\"your-email\" \/><\/span>\n\t<\/p>\n\t<p><span class=\"wpcf7-form-control-wrap\" data-name=\"your-tels\"><input size=\"40\" maxlength=\"400\" class=\"wpcf7-form-control wpcf7-tel wpcf7-text wpcf7-validates-as-tel\" aria-invalid=\"false\" placeholder=\"Seu telefone (opcional)\" value=\"\" type=\"tel\" name=\"your-tels\" \/><\/span>\n\t<\/p>\n\t<p><span class=\"wpcf7-form-control-wrap\" data-name=\"your-message\"><textarea cols=\"40\" rows=\"10\" maxlength=\"2000\" class=\"wpcf7-form-control wpcf7-textarea\" aria-invalid=\"false\" placeholder=\"Para obter o melhor resultado, recomendamos incluir os seguintes detalhes:-Autoapresenta\u00e7\u00e3o-Itens ou servi\u00e7os necess\u00e1rios-Quantidade necess\u00e1ria\" name=\"your-message\"><\/textarea><\/span>\n\t<\/p>\n\t<p>Consultoria de neg\u00f3cios:*<br \/>\n<span class=\"wpcf7-form-control-wrap\" data-name=\"checkbox\"><span class=\"wpcf7-form-control wpcf7-checkbox wpcf7-validates-as-required wpcf7-exclusive-checkbox\"><span class=\"wpcf7-list-item first\"><label><input type=\"checkbox\" name=\"checkbox\" value=\"Quotation\" \/><span class=\"wpcf7-list-item-label\">cota\u00e7\u00e3o<\/span><\/label><\/span><span class=\"wpcf7-list-item\"><label><input type=\"checkbox\" name=\"checkbox\" value=\"Catalog\" \/><span class=\"wpcf7-list-item-label\">Cat\u00e1logo<\/span><\/label><\/span><span class=\"wpcf7-list-item\"><label><input type=\"checkbox\" name=\"checkbox\" value=\"Service Support\" \/><span class=\"wpcf7-list-item-label\">Servi\u00e7o de suporte<\/span><\/label><\/span><span class=\"wpcf7-list-item\"><label><input type=\"checkbox\" name=\"checkbox\" value=\"Project\" \/><span class=\"wpcf7-list-item-label\">Projeto<\/span><\/label><\/span><span class=\"wpcf7-list-item last\"><label><input type=\"checkbox\" name=\"checkbox\" value=\"I am interested in becoming an agent\" \/><span class=\"wpcf7-list-item-label\">Estou interessado em me tornar um agente<\/span><\/label><\/span><\/span><\/span><br \/>\n<input class=\"wpcf7-form-control wpcf7-submit has-spinner button\" type=\"submit\" value=\"Enviar\" \/>\n\t<\/p>\n<\/div><div class=\"wpcf7-response-output\" aria-hidden=\"true\"><\/div>\n<input type=\"hidden\" name=\"trp-form-language\" value=\"pt\"\/><\/form>\n<\/div>\n\n\t\t<\/div>\n\t\t\t\t\t<\/div>\n\n\t\n\n\t<div id=\"col-1786962503\" class=\"col medium-6 small-12 large-6\"  >\n\t\t\t\t<div class=\"col-inner\"  >\n\t\t\t\n\t\t\t\n<div class=\"container section-title-container\" ><h3 class=\"section-title section-title-normal\"><b><\/b><span class=\"section-title-main\" >CONTATE-NOS<\/span><b><\/b><\/h3><\/div>\n<p>Se voc\u00ea tiver alguma d\u00favida sobre algum de nossos produtos ou precisar entrar em contato por qualquer outro motivo, preencha o formul\u00e1rio abaixo e entraremos em contato com voc\u00ea o mais r\u00e1pido poss\u00edvel.<\/p>\n<p><strong>Ligue para n\u00f3s:<\/strong> <a href=\"http:\/\/+86 18675762929\" rel=\"nofollow\">+8618675762929<\/a><br \/>\n<strong>Envia-nos um email<\/strong>:\u00a0\u00a0<a href=\"mailto:info@mopochina.com\">info@mopochina.com<\/a><\/p>\n<p><strong>Skype\u00a0<\/strong>: <a href=\"skype:Sanitwell Shen?chat\">jiawei cheng<\/a><\/p>\n<p><strong>Endere\u00e7o<\/strong> : B1, n\u00ba 10<sup>\u00ba<\/sup>, Mundo da Cer\u00e2mica Yingkeyijia, 4<sup>\u00ba<\/sup>\u00a0Estrada Jihua, Chancheng, Foshan, 528 000, Guangdong, China<\/p>\n<p><strong>BASE DE PRODU\u00c7\u00c3O :<\/strong>\u00a0Pa\u00eds de Chaoan, cidade de Chaozhou, prov\u00edncia de Guangdong<\/p>\n<p><strong>Link amig\u00e1vel:<\/strong><br \/>\n<a href=\"https:\/\/moposanitaryware.com\/pt\/?attachment_id=4774\">https:\/\/moposanitaryware.com<\/a><br \/>\n<a href=\"https:\/\/www.mopotoilet.com\" rel=\"nofollow noopener\" target=\"_blank\">https:\/\/www.mopotoilet.com<\/a><br \/>\n<a href=\"https:\/\/\/pt\/www.mopofaucet.com\/\">https:www.mopofaucet.com<\/a><\/p>\n<div class=\"social-icons follow-icons full-width text-left\" ><span>Siga-nos<\/span><a href=\"https:\/\/www.facebook.com\/MOPOCHINA\" target=\"_blank\" data-label=\"Facebook\" class=\"icon primary button circle facebook tooltip\" title=\"Siga no Facebook\" aria-label=\"Siga no Facebook\" rel=\"noopener nofollow\"><i class=\"icon-facebook\" ><\/i><\/a><a href=\"https:\/\/www.instagram.com\/mopotoilet\/\" target=\"_blank\" data-label=\"Instagram\" class=\"icon primary button circle instagram tooltip\" title=\"Siga no Instagram\" aria-label=\"Siga no Instagram\" rel=\"noopener nofollow\"><i class=\"icon-instagram\" ><\/i><\/a><a href=\"https:\/\/twitter.com\/mopotoilet\" data-label=\"Twitter\" target=\"_blank\" class=\"icon primary button circle twitter tooltip\" title=\"Siga no Twitter\" aria-label=\"Siga no Twitter\" rel=\"noopener nofollow\"><i class=\"icon-twitter\" ><\/i><\/a><a href=\"mailto:info@mopochina.com\" data-label=\"E-mail\" target=\"_blank\" class=\"icon primary button circle email tooltip\" title=\"envie-nos um e-mail\" aria-label=\"envie-nos um e-mail\" rel=\"nofollow noopener\" ><i class=\"icon-envelop\" ><\/i><\/a><a href=\"https:\/\/www.linkedin.com\/company\/mopo-sanitary-ware\/\" data-label=\"LinkedIn\" target=\"_blank\" class=\"icon primary button circle linkedin tooltip\" title=\"Siga no LinkedIn\" aria-label=\"Siga no LinkedIn\" rel=\"noopener nofollow\"><i class=\"icon-linkedin\" ><\/i><\/a><a href=\"https:\/\/www.youtube.com\/c\/mopochina\/featured\" data-label=\"YouTube\" target=\"_blank\" class=\"icon primary button circle youtube tooltip\" title=\"Siga no YouTube\" aria-label=\"Siga no YouTube\" rel=\"noopener nofollow\"><i class=\"icon-youtube\" ><\/i><\/a><\/div>\n\t\t<\/div>\n\t\t\t\t\t<\/div>\n\n\t\n<\/div>","protected":false},"excerpt":{"rendered":"<p>Marca: MOPO<br \/>\nModel Number\uff1a MP-M7-1<br \/>\nMaterial: Cer\u00e2mica<br \/>\nSize\uff1acustom made<br \/>\nPeso: 48KG<br \/>\nCor branca<br \/>\nMat\u00e9ria: Opera\u00e7\u00e3o Autom\u00e1tica<br \/>\nPadr\u00e3o de drenagem:S-trap 300\/400mm<br \/>\nM\u00e9todo de lavagem: sif\u00e3o Jet Flushing<br \/>\nTipo de instala\u00e7\u00e3o: montado no ch\u00e3o<\/p>\n\t<a class=\"paoc-popup-click paoc-popup-cust-337 paoc-popup-button paoc-popup-btn\" href=\"javascript:void(0);\">Solicite um or\u00e7amento<\/a>\r\n\u00a0 \u00a0 \u00a0<a href=\"https:\/\/api.whatsapp.com\/send?phone=8618675762929\"><img loading=\"lazy\" decoding=\"async\" class=\"alignnone wp-image-6698\" src=\"https:\/\/moposanitaryware.com\/wp-content\/uploads\/WhatsApp.png\" alt=\"\" width=\"140\" height=\"33\" srcset=\"https:\/\/moposanitaryware.com\/wp-content\/uploads\/WhatsApp.png 546w, https:\/\/moposanitaryware.com\/wp-content\/uploads\/WhatsApp-18x4.png 18w\" sizes=\"auto, (max-width: 140px) 100vw, 140px\" \/><\/a><\/p>","protected":false},"featured_media":3710,"template":"","meta":{"_acf_changed":false},"product_brand":[],"product_cat":[61,81],"product_tag":[76,75],"class_list":{"0":"post-3693","1":"product","2":"type-product","3":"status-publish","4":"has-post-thumbnail","6":"product_cat-bidet-toilets","7":"product_cat-smart-bidet-toilet","8":"product_tag-intelligent-toilet","9":"product_tag-smart-toilet","11":"first","12":"instock","13":"shipping-taxable","14":"product-type-simple"},"acf":[],"_links":{"self":[{"href":"https:\/\/moposanitaryware.com\/pt\/wp-json\/wp\/v2\/product\/3693","targetHints":{"allow":["GET"]}}],"collection":[{"href":"https:\/\/moposanitaryware.com\/pt\/wp-json\/wp\/v2\/product"}],"about":[{"href":"https:\/\/moposanitaryware.com\/pt\/wp-json\/wp\/v2\/types\/product"}],"wp:featuredmedia":[{"embeddable":true,"href":"https:\/\/moposanitaryware.com\/pt\/wp-json\/wp\/v2\/media\/3710"}],"wp:attachment":[{"href":"https:\/\/moposanitaryware.com\/pt\/wp-json\/wp\/v2\/media?parent=3693"}],"wp:term":[{"taxonomy":"product_brand","embeddable":true,"href":"https:\/\/moposanitaryware.com\/pt\/wp-json\/wp\/v2\/product_brand?post=3693"},{"taxonomy":"product_cat","embeddable":true,"href":"https:\/\/moposanitaryware.com\/pt\/wp-json\/wp\/v2\/product_cat?post=3693"},{"taxonomy":"product_tag","embeddable":true,"href":"https:\/\/moposanitaryware.com\/pt\/wp-json\/wp\/v2\/product_tag?post=3693"}],"curies":[{"name":"wp","href":"https:\/\/api.w.org\/{rel}","templated":true}]}}