{"id":3681,"date":"2021-12-24T07:29:38","date_gmt":"2021-12-24T07:29:38","guid":{"rendered":"https:\/\/moposanitaryware.com\/?post_type=product&#038;p=3681"},"modified":"2024-08-01T08:49:02","modified_gmt":"2024-08-01T08:49:02","slug":"european-style-bathroom-toilet-toilet-wall-mounted-smart-toilet-smart-integrated-smart-toilet","status":"publish","type":"product","link":"https:\/\/moposanitaryware.com\/pt\/european-style-bathroom-toilet-toilet-wall-mounted-smart-toilet-smart-integrated-smart-toilet\/","title":{"rendered":"Design europeu moderno autom\u00e1tico inteligente de cer\u00e2mica para montagem em parede toalete eletr\u00f4nico MP WB600-2"},"content":{"rendered":"<table style=\"height: 608px;\" border=\"1\" width=\"781\">\n<tbody>\n<tr>\n<td>Lugar de origem:<\/td>\n<td>Foshan, China<\/td>\n<\/tr>\n<tr>\n<td>Digite o nome:<\/td>\n<td data-spm-anchor-id=\"a2700.details.pronpeci14.i1.47c970d3Zz0E3h\">Sanit\u00e1rios inteiros<\/td>\n<\/tr>\n<tr>\n<td>Caracter\u00edsticas:<\/td>\n<td>Lavagem autom\u00e1tica, \u00e1gua quente instant\u00e2nea, limpeza de quadril, secagem com ar quente, limpeza feminina, aquecimento de assento, bico autolimpante, descarga por falha de energia, ajuste de temperatura da \u00e1gua em seis velocidades, ajuste de temperatura do assento em seis velocidades, ajuste de vento e umidade em seis velocidades , luz noturna leve, limpeza de massagem, descarga de controle remoto, lavagem feminina de massagem, tampa cai lentamente, sem limite de press\u00e3o de \u00e1gua, prote\u00e7\u00e3o contra vazamentos m\u00faltiplos, prote\u00e7\u00e3o contra superaquecimento de temperatura da \u00e1gua, prote\u00e7\u00e3o contra superaquecimento de vento e umidade<\/td>\n<\/tr>\n<tr>\n<td>Aplicativo:<\/td>\n<td>Casa, hotel, vila, apartamento, pr\u00e9dio de escrit\u00f3rios, hospital, shopping,<\/td>\n<\/tr>\n<tr>\n<td>Certificado:<\/td>\n<td>IAPMO (CUPC), Sentido de \u00c1gua, ADA<\/td>\n<\/tr>\n<tr>\n<td>Servi\u00e7o p\u00f3s-venda<\/td>\n<td>Suporte t\u00e9cnico online, garantia limitada de 3 anos para pe\u00e7as, pe\u00e7as de reposi\u00e7\u00e3o gratuitas<\/td>\n<\/tr>\n<tr>\n<td>OEM e ODM:<\/td>\n<td>OEM<\/td>\n<\/tr>\n<tr>\n<td>Quantidade m\u00ednima:<\/td>\n<td>1 conjunto<\/td>\n<\/tr>\n<tr>\n<td>Amostra gr\u00e1tis:<\/td>\n<td>amostra de pagamento<\/td>\n<\/tr>\n<tr>\n<td>Pagamento:<\/td>\n<td>T\/T<\/td>\n<\/tr>\n<tr>\n<td>Capacidade de fornecimento:<\/td>\n<td>500 conjuntos\/conjuntos por dia<\/td>\n<\/tr>\n<tr>\n<td style=\"text-align: left;\">Embalagem:<\/td>\n<td style=\"text-align: left;\">Embalagem de exporta\u00e7\u00e3o (1 unidade por caixa, caixas de 5 camadas para caixa de papel\u00e3o)<\/td>\n<\/tr>\n<\/tbody>\n<\/table>\n<div class=\"row\"  id=\"row-1274607342\">\n\n\t<div id=\"col-461000367\" class=\"col medium-6 small-12 large-6\"  >\n\t\t\t\t<div class=\"col-inner\"  >\n\t\t\t\n\t\t\t\n\t<div class=\"img has-hover x md-x lg-x y md-y lg-y\" id=\"image_456827889\">\n\t\t\t\t\t\t\t\t<div class=\"img-inner dark\" >\n\t\t\t<img loading=\"lazy\" decoding=\"async\" width=\"600\" height=\"420\" src=\"https:\/\/moposanitaryware.com\/wp-content\/uploads\/2021\/07\/China-modern-smart-toilet-intelligent-electric-bidet-heated-wall-hung-smart-toilet-01-MP7201.jpg\" class=\"attachment-original size-original\" alt=\"\" srcset=\"https:\/\/moposanitaryware.com\/wp-content\/uploads\/2021\/07\/China-modern-smart-toilet-intelligent-electric-bidet-heated-wall-hung-smart-toilet-01-MP7201.jpg 600w, https:\/\/moposanitaryware.com\/wp-content\/uploads\/2021\/07\/China-modern-smart-toilet-intelligent-electric-bidet-heated-wall-hung-smart-toilet-01-MP7201-571x400.jpg 571w\" sizes=\"auto, (max-width: 600px) 100vw, 600px\" title=\"\">\t\t\t\t\t\t\n\t\t\t\t\t<\/div>\n\t\t\t\t\t\t\t\t\n<style>\n#image_456827889 {\n  width: 100%;\n}\n<\/style>\n\t<\/div>\n\t\n\t\t<\/div>\n\t\t\t\t\t<\/div>\n\n\t\n\n\t<div id=\"col-958498358\" class=\"col medium-6 small-12 large-6\"  >\n\t\t\t\t<div class=\"col-inner\"  >\n\t\t\t\n\t\t\t\n<h1 class=\"a-spacing-mini\">Design f\u00e1cil de limpar<\/h1>\n<p>Design moderno e elegante de banheiros: com linhas limpas e agrad\u00e1veis, este banheiro branco moderno \u00e9 uma edi\u00e7\u00e3o perfeita para a remodela\u00e7\u00e3o de seu pequeno banheiro e ficar\u00e1 incr\u00edvel em seu banheiro.<\/p>\n<p>Economia de espa\u00e7o com tamanho pequeno: Este vaso sanit\u00e1rio pequeno \u00e9 menor e mais curto do que um vaso sanit\u00e1rio padr\u00e3o, por isso \u00e9 adequado para banheiros pequenos.<\/p>\n<p>Conversa sobre \u00e1gua com recurso de descarga dupla: Um bot\u00e3o para \u201cdescarga leve\u201d e outro para \u201cdescarga intensa\u201d, permite economizar \u00e1gua de forma proativa selecionando 0,8 GPF ou superior para trabalhos mais dif\u00edceis.<\/p>\n<p>Os vasos sanit\u00e1rios de uma s\u00f3 pe\u00e7a integram o tanque e a tigela em uma superf\u00edcie de esmalte autolimpante perfeita que cria uma apar\u00eancia agrad\u00e1vel e um design f\u00e1cil de limpar.<\/p>\n\t\t<\/div>\n\t\t\t\t\t<\/div>\n\n\t\n<\/div>\n<div class=\"row\"  id=\"row-737404182\">\n\n\t<div id=\"col-450069723\" class=\"col medium-6 small-12 large-6\"  >\n\t\t\t\t<div class=\"col-inner\"  >\n\t\t\t\n\t\t\t\n<h2>Descarga super silenciosa e potente<\/h2>\n<p><span style=\"vertical-align: inherit;\"><span style=\"vertical-align: inherit;\">Descarga totalmente envidra\u00e7ada, proporcionando uma descarga super silenciosa e potente - Sem obstru\u00e7\u00f5es, sem vazamentos. \u00c0 prova de vazamentos. Descarga dupla altamente eficiente 1,28GPF \/ 0,8GPF. A \u00e1gua \u00e9 ejetada de dois pequenos orif\u00edcios, nivelada ao longo da parede interna de um vaso sanit\u00e1rio alongado bem projetado e criando um v\u00f3rtice. O v\u00f3rtice limpa bem 360 graus em todos os cantos do vaso sanit\u00e1rio. Enquanto isso, cria uma vida mais tranquila.<\/span><\/span><\/p>\n\t\t<\/div>\n\t\t\t\t\t<\/div>\n\n\t\n\n\t<div id=\"col-1279495163\" class=\"col medium-6 small-12 large-6\"  >\n\t\t\t\t<div class=\"col-inner\"  >\n\t\t\t\n\t\t\t\n\t<div class=\"img has-hover x md-x lg-x y md-y lg-y\" id=\"image_1917869781\">\n\t\t\t\t\t\t\t\t<div class=\"img-inner dark\" >\n\t\t\t<img loading=\"lazy\" decoding=\"async\" width=\"600\" height=\"420\" src=\"https:\/\/moposanitaryware.com\/wp-content\/uploads\/2021\/07\/China-modern-smart-toilet-intelligent-electric-bidet-heated-wall-hung-smart-toilet-03-MP7201.jpg\" class=\"attachment-original size-original\" alt=\"\" srcset=\"https:\/\/moposanitaryware.com\/wp-content\/uploads\/2021\/07\/China-modern-smart-toilet-intelligent-electric-bidet-heated-wall-hung-smart-toilet-03-MP7201.jpg 600w, https:\/\/moposanitaryware.com\/wp-content\/uploads\/2021\/07\/China-modern-smart-toilet-intelligent-electric-bidet-heated-wall-hung-smart-toilet-03-MP7201-571x400.jpg 571w\" sizes=\"auto, (max-width: 600px) 100vw, 600px\" title=\"\">\t\t\t\t\t\t\n\t\t\t\t\t<\/div>\n\t\t\t\t\t\t\t\t\n<style>\n#image_1917869781 {\n  width: 100%;\n}\n<\/style>\n\t<\/div>\n\t\n\t\t<\/div>\n\t\t\t\t\t<\/div>\n\n\t\n<\/div>\n<div class=\"row\"  id=\"row-1760465510\">\n\n\t<div id=\"col-1442605681\" class=\"col medium-6 small-12 large-6\"  >\n\t\t\t\t<div class=\"col-inner\"  >\n\t\t\t\n\t\t\t\n\t<div class=\"img has-hover x md-x lg-x y md-y lg-y\" id=\"image_1559157018\">\n\t\t\t\t\t\t\t\t<div class=\"img-inner dark\" >\n\t\t\t<img loading=\"lazy\" decoding=\"async\" width=\"600\" height=\"420\" src=\"https:\/\/moposanitaryware.com\/wp-content\/uploads\/2021\/07\/China-modern-smart-toilet-intelligent-electric-bidet-heated-wall-hung-smart-toilet-04-MP7201.jpg\" class=\"attachment-large size-large\" alt=\"\" srcset=\"https:\/\/moposanitaryware.com\/wp-content\/uploads\/2021\/07\/China-modern-smart-toilet-intelligent-electric-bidet-heated-wall-hung-smart-toilet-04-MP7201.jpg 600w, https:\/\/moposanitaryware.com\/wp-content\/uploads\/2021\/07\/China-modern-smart-toilet-intelligent-electric-bidet-heated-wall-hung-smart-toilet-04-MP7201-571x400.jpg 571w\" sizes=\"auto, (max-width: 600px) 100vw, 600px\" title=\"\">\t\t\t\t\t\t\n\t\t\t\t\t<\/div>\n\t\t\t\t\t\t\t\t\n<style>\n#image_1559157018 {\n  width: 100%;\n}\n<\/style>\n\t<\/div>\n\t\n\t\t<\/div>\n\t\t\t\t\t<\/div>\n\n\t\n\n\t<div id=\"col-1027555608\" class=\"col medium-6 small-12 large-6\"  >\n\t\t\t\t<div class=\"col-inner\"  >\n\t\t\t\n\t\t\t\n<h1>Economia de \u00e1gua<\/h1>\n<p>Drenagem de al\u00e7ap\u00e3o de grande porte e descarga dupla oferecendo op\u00e7\u00e3o de atuador 3L\/6L, o que torna o vaso sanit\u00e1rio de duas pe\u00e7as muito econ\u00f4mico e ecologicamente correto. Alta efici\u00eancia. Sanitas com descarga dupla 1,28 GPF para descarga total (ajust\u00e1vel com flutuador)\/0,8 GPF para meia descarga (ajust\u00e1vel em autoclismo) com potente sistema de descarga. Possui duas op\u00e7\u00f5es de descarga e ambas possuem recursos de economia de \u00e1gua.<\/p>\n\t\t<\/div>\n\t\t\t\t\t<\/div>\n\n\t\n\n\t<div id=\"col-1919958534\" class=\"col medium-6 small-12 large-6\"  >\n\t\t\t\t<div class=\"col-inner\"  >\n\t\t\t\n\t\t\t\n<h3>Sistema de descarga Solen\u00f3ide Pluse<\/h3>\n<p>Lavagem pressurizada el\u00e9trica para resolver os defeitos de lavagem e desodoriza\u00e7\u00e3o impuras Impuls\u00e3o forte sem tanque de armazenamento de \u00e1gua Jato superrotativo de funcionamento Descontamina\u00e7\u00e3o forte, sem bloqueio<\/p>\n<p><span class=\"a-list-item\">Para evitar que part\u00edculas adiram \u00e0 superf\u00edcie cer\u00e2mica, \u00e9 aplicado um envidra\u00e7amento de f\u00e1cil limpeza. Fazendo uso da tecnologia nanom\u00e9trica, \u00e9 criada uma superf\u00edcie superlisa e extradura. Os canais de esgoto em nossos banheiros tamb\u00e9m s\u00e3o perfeitamente envidra\u00e7ados por dentro, assim como por fora. Isso mant\u00e9m o interior do vaso sanit\u00e1rio e as paredes livres de part\u00edculas.<\/span><\/p>\n\t\t<\/div>\n\t\t\t\t\t<\/div>\n\n\t\n\n\t<div id=\"col-283873769\" class=\"col medium-6 small-12 large-6\"  >\n\t\t\t\t<div class=\"col-inner\"  >\n\t\t\t\n\t\t\t\n\t<div class=\"img has-hover x md-x lg-x y md-y lg-y\" id=\"image_919548147\">\n\t\t\t\t\t\t\t\t<div class=\"img-inner dark\" >\n\t\t\t<img loading=\"lazy\" decoding=\"async\" width=\"600\" height=\"420\" src=\"https:\/\/moposanitaryware.com\/wp-content\/uploads\/2021\/06\/China-new-style-electronic-watertank-pulse-toilet-Pluse-Solenoid-flushing-system.jpg\" class=\"attachment-original size-original\" alt=\"Sistema de descarga solenoide Pluse com tanque de \u00e1gua pulsado\" srcset=\"https:\/\/moposanitaryware.com\/wp-content\/uploads\/2021\/06\/China-new-style-electronic-watertank-pulse-toilet-Pluse-Solenoid-flushing-system.jpg 600w, https:\/\/moposanitaryware.com\/wp-content\/uploads\/2021\/06\/China-new-style-electronic-watertank-pulse-toilet-Pluse-Solenoid-flushing-system-571x400.jpg 571w\" sizes=\"auto, (max-width: 600px) 100vw, 600px\" title=\"\">\t\t\t\t\t\t\n\t\t\t\t\t<\/div>\n\t\t\t\t\t\t\t\t\n<style>\n#image_919548147 {\n  width: 100%;\n}\n<\/style>\n\t<\/div>\n\t\n\t\t<\/div>\n\t\t\t\t\t<\/div>\n\n\t\n<\/div>\n<div class=\"row\"  id=\"row-1118375247\">\n\n\t<div id=\"col-1504533328\" class=\"col medium-4 small-12 large-4\"  >\n\t\t\t\t<div class=\"col-inner\"  >\n\t\t\t\n\t\t\t\n\t<div class=\"img has-hover x md-x lg-x y md-y lg-y\" id=\"image_1959441302\">\n\t\t\t\t\t\t\t\t<div class=\"img-inner dark\" >\n\t\t\t<img loading=\"lazy\" decoding=\"async\" width=\"600\" height=\"420\" src=\"https:\/\/moposanitaryware.com\/wp-content\/uploads\/2021\/04\/Chinas-supply-sanitary-ware-modern-ceramic-siphon-one-piece-toilet-bowl-for-bathroom.jpg\" class=\"attachment-large size-large\" alt=\"sif\u00e3o cer\u00e2mico moderno vaso sanit\u00e1rio de uma pe\u00e7a\" srcset=\"https:\/\/moposanitaryware.com\/wp-content\/uploads\/2021\/04\/Chinas-supply-sanitary-ware-modern-ceramic-siphon-one-piece-toilet-bowl-for-bathroom.jpg 600w, https:\/\/moposanitaryware.com\/wp-content\/uploads\/2021\/04\/Chinas-supply-sanitary-ware-modern-ceramic-siphon-one-piece-toilet-bowl-for-bathroom-571x400.jpg 571w\" sizes=\"auto, (max-width: 600px) 100vw, 600px\" title=\"\">\t\t\t\t\t\t\n\t\t\t\t\t<\/div>\n\t\t\t\t\t\t\t\t\n<style>\n#image_1959441302 {\n  width: 100%;\n}\n<\/style>\n\t<\/div>\n\t\n<h3>Descarga turbo sif\u00e3o<\/h3>\n<p class=\"a-spacing-mini\">Bastante e poderosa descarga de vaso sanit\u00e1rio de uma pe\u00e7a, descarga trazendo uma descarga super silenciosa e poderosa - SEM obstru\u00e7\u00f5es, SEM vazamentos e SEM problemas <span data-fusion-font=\"true\">Tecnologia de lavagem a jato com libera\u00e7\u00e3o de \u00e1gua <\/span><span data-fusion-font=\"true\">a partir de furos especialmente projetados em 360 graus<br \/>\n<\/span><span data-fusion-font=\"true\">ao redor, mantendo a tigela sempre limpa e fresca.<\/span><\/p>\n<h3 class=\"a-spacing-mini\"><span style=\"color: #555555; font-size: 14.4px;\">.<\/span><\/h3>\n\t\t<\/div>\n\t\t\t\t\t<\/div>\n\n\t\n\n\t<div id=\"col-402739027\" class=\"col medium-4 small-12 large-4\"  >\n\t\t\t\t<div class=\"col-inner\"  >\n\t\t\t\n\t\t\t\n\t<div class=\"img has-hover x md-x lg-x y md-y lg-y\" id=\"image_1390530570\">\n\t\t\t\t\t\t\t\t<div class=\"img-inner dark\" >\n\t\t\t<img loading=\"lazy\" decoding=\"async\" width=\"600\" height=\"420\" src=\"https:\/\/moposanitaryware.com\/wp-content\/uploads\/2021\/04\/China-Chaozhou-Factory-Direct-Price-washdown-Siphonic-Wc-Ceramic-One-Piece-two-pieces-Toilet-For-Sale.jpg\" class=\"attachment-large size-large\" alt=\"Vaso sanit\u00e1rio de cer\u00e2mica de uma pe\u00e7a e duas pe\u00e7as para venda\" srcset=\"https:\/\/moposanitaryware.com\/wp-content\/uploads\/2021\/04\/China-Chaozhou-Factory-Direct-Price-washdown-Siphonic-Wc-Ceramic-One-Piece-two-pieces-Toilet-For-Sale.jpg 600w, https:\/\/moposanitaryware.com\/wp-content\/uploads\/2021\/04\/China-Chaozhou-Factory-Direct-Price-washdown-Siphonic-Wc-Ceramic-One-Piece-two-pieces-Toilet-For-Sale-571x400.jpg 571w\" sizes=\"auto, (max-width: 600px) 100vw, 600px\" title=\"\">\t\t\t\t\t\t\n\t\t\t\t\t<\/div>\n\t\t\t\t\t\t\t\t\n<style>\n#image_1390530570 {\n  width: 100%;\n}\n<\/style>\n\t<\/div>\n\t\n<h2><span class=\"Y2IQFc\" lang=\"en\">Queima em alta temperatura<\/span><\/h2>\n<p><span class=\"a-list-item\">Cada pe\u00e7a de produtos sanit\u00e1rios cer\u00e2micos MOPO foi queimada no forno com alta temperatura acima de 1280\u00b0C por 24 horas, de modo que n\u00e3o s\u00f3 ganhar\u00e1 uma superf\u00edcie sedosa, de alta densidade e s\u00f3lida que fornece as propriedades de resist\u00eancia a rachaduras e longo servi\u00e7o vida, mas tamb\u00e9m a menor absor\u00e7\u00e3o de \u00e1gua (\u22640,2%) o que garante sua caracter\u00edstica antiodor.<\/span><\/p>\n\t\t<\/div>\n\t\t\t\t\t<\/div>\n\n\t\n\n\t<div id=\"col-1411424738\" class=\"col medium-4 small-12 large-4\"  >\n\t\t\t\t<div class=\"col-inner\"  >\n\t\t\t\n\t\t\t\n\t<div class=\"img has-hover x md-x lg-x y md-y lg-y\" id=\"image_202074344\">\n\t\t\t\t\t\t\t\t<div class=\"img-inner dark\" >\n\t\t\t<img loading=\"lazy\" decoding=\"async\" width=\"600\" height=\"420\" src=\"https:\/\/moposanitaryware.com\/wp-content\/uploads\/2021\/04\/China-Smart-Toilets-Suppliers-factory-automatic-production-equipment-Product-production.jpg\" class=\"attachment-large size-large\" alt=\"China Smart-Toilets Fornecedores f\u00e1brica de equipamentos de produ\u00e7\u00e3o autom\u00e1tica Produ\u00e7\u00e3o de produtos\" srcset=\"https:\/\/moposanitaryware.com\/wp-content\/uploads\/2021\/04\/China-Smart-Toilets-Suppliers-factory-automatic-production-equipment-Product-production.jpg 600w, https:\/\/moposanitaryware.com\/wp-content\/uploads\/2021\/04\/China-Smart-Toilets-Suppliers-factory-automatic-production-equipment-Product-production-571x400.jpg 571w\" sizes=\"auto, (max-width: 600px) 100vw, 600px\" title=\"\">\t\t\t\t\t\t\n\t\t\t\t\t<\/div>\n\t\t\t\t\t\t\t\t\n<style>\n#image_202074344 {\n  width: 100%;\n}\n<\/style>\n\t<\/div>\n\t\n<h3>Automa\u00e7\u00e3o <span class=\"Y2IQFc\" lang=\"en\">Vitrificado<\/span><\/h3>\n<p><span class=\"Y2IQFc\" lang=\"en\">Na linha de montagem automatizada, o banheiro entra em uma pequena \u00e1rea de trabalho. Cada artes\u00e3o limpa-o cuidadosamente com p\u00f3 e esponja para se certificar de que est\u00e1 completamente liso e pronto para o envidra\u00e7amento. O rob\u00f4 enverniza o vaso sanit\u00e1rio de maneira uniforme. Em projetos muito grandes ou que tenham sido projetados recentemente para n\u00e3o utilizar linha de produ\u00e7\u00e3o automatizada, aplique o esmalte manualmente<\/span><\/p>\n\t\t<\/div>\n\t\t\t\t\t<\/div>\n\n\t\n<\/div>\n<div class=\"row\"  id=\"row-283452295\">\n\n\t<div id=\"col-449463032\" class=\"col medium-6 small-12 large-6\"  >\n\t\t\t\t<div class=\"col-inner\"  >\n\t\t\t\n\t\t\t\n<div class=\"container section-title-container\" ><h3 class=\"section-title section-title-normal\"><b><\/b><span class=\"section-title-main\" >envie-nos um e-mail<\/span><b><\/b><\/h3><\/div>\n<p>Se voc\u00ea est\u00e1 interessado em nossos produtos e deseja saber mais detalhes, deixe uma mensagem aqui, responderemos o mais breve poss\u00edvel.<\/p>\n\n<div class=\"wpcf7 no-js\" id=\"wpcf7-f13-o1\" lang=\"en-US\" dir=\"ltr\" data-wpcf7-id=\"13\">\n<div class=\"screen-reader-response\"><p role=\"status\" aria-live=\"polite\" aria-atomic=\"true\"><\/p> <ul><\/ul><\/div>\n<form action=\"\/pt\/wp-json\/wp\/v2\/product\/3681#wpcf7-f13-o1\" method=\"post\" class=\"wpcf7-form init\" aria-label=\"Formul\u00e1rio de contato\" novalidate=\"novalidate\" data-status=\"init\" data-trp-original-action=\"\/pt\/wp-json\/wp\/v2\/product\/3681#wpcf7-f13-o1\">\n<fieldset class=\"hidden-fields-container\"><input type=\"hidden\" name=\"_wpcf7\" value=\"13\" \/><input type=\"hidden\" name=\"_wpcf7_version\" value=\"6.1.1\" \/><input type=\"hidden\" name=\"_wpcf7_locale\" value=\"en_US\" \/><input type=\"hidden\" name=\"_wpcf7_unit_tag\" value=\"wpcf7-f13-o1\" \/><input type=\"hidden\" name=\"_wpcf7_container_post\" value=\"0\" \/><input type=\"hidden\" name=\"_wpcf7_posted_data_hash\" value=\"\" \/><input type=\"hidden\" name=\"_wpcf7_recaptcha_response\" value=\"\" \/>\n<\/fieldset>\n<div class=\"form-flat\">\n\t<p><span class=\"wpcf7-form-control-wrap\" data-name=\"your-name\"><input size=\"40\" maxlength=\"400\" class=\"wpcf7-form-control wpcf7-text wpcf7-validates-as-required\" aria-required=\"true\" aria-invalid=\"false\" placeholder=\"Seu nome (obrigat\u00f3rio)\" value=\"\" type=\"text\" name=\"your-name\" \/><\/span><br \/>\n<span class=\"wpcf7-form-control-wrap\" data-name=\"your-email\"><input size=\"40\" maxlength=\"400\" class=\"wpcf7-form-control wpcf7-email wpcf7-validates-as-required wpcf7-text wpcf7-validates-as-email\" aria-required=\"true\" aria-invalid=\"false\" placeholder=\"Seu e-mail (obrigat\u00f3rio)\" value=\"\" type=\"email\" name=\"your-email\" \/><\/span>\n\t<\/p>\n\t<p><span class=\"wpcf7-form-control-wrap\" data-name=\"your-tels\"><input size=\"40\" maxlength=\"400\" class=\"wpcf7-form-control wpcf7-tel wpcf7-text wpcf7-validates-as-tel\" aria-invalid=\"false\" placeholder=\"Seu telefone (opcional)\" value=\"\" type=\"tel\" name=\"your-tels\" \/><\/span>\n\t<\/p>\n\t<p><span class=\"wpcf7-form-control-wrap\" data-name=\"your-message\"><textarea cols=\"40\" rows=\"10\" maxlength=\"2000\" class=\"wpcf7-form-control wpcf7-textarea\" aria-invalid=\"false\" placeholder=\"Para obter o melhor resultado, recomendamos incluir os seguintes detalhes:-Autoapresenta\u00e7\u00e3o-Itens ou servi\u00e7os necess\u00e1rios-Quantidade necess\u00e1ria\" name=\"your-message\"><\/textarea><\/span>\n\t<\/p>\n\t<p>Consultoria de neg\u00f3cios:*<br \/>\n<span class=\"wpcf7-form-control-wrap\" data-name=\"checkbox\"><span class=\"wpcf7-form-control wpcf7-checkbox wpcf7-validates-as-required wpcf7-exclusive-checkbox\"><span class=\"wpcf7-list-item first\"><label><input type=\"checkbox\" name=\"checkbox\" value=\"Quotation\" \/><span class=\"wpcf7-list-item-label\">cota\u00e7\u00e3o<\/span><\/label><\/span><span class=\"wpcf7-list-item\"><label><input type=\"checkbox\" name=\"checkbox\" value=\"Catalog\" \/><span class=\"wpcf7-list-item-label\">Cat\u00e1logo<\/span><\/label><\/span><span class=\"wpcf7-list-item\"><label><input type=\"checkbox\" name=\"checkbox\" value=\"Service Support\" \/><span class=\"wpcf7-list-item-label\">Servi\u00e7o de suporte<\/span><\/label><\/span><span class=\"wpcf7-list-item\"><label><input type=\"checkbox\" name=\"checkbox\" value=\"Project\" \/><span class=\"wpcf7-list-item-label\">Projeto<\/span><\/label><\/span><span class=\"wpcf7-list-item last\"><label><input type=\"checkbox\" name=\"checkbox\" value=\"I am interested in becoming an agent\" \/><span class=\"wpcf7-list-item-label\">Estou interessado em me tornar um agente<\/span><\/label><\/span><\/span><\/span><br \/>\n<input class=\"wpcf7-form-control wpcf7-submit has-spinner button\" type=\"submit\" value=\"Enviar\" \/>\n\t<\/p>\n<\/div><div class=\"wpcf7-response-output\" aria-hidden=\"true\"><\/div>\n<input type=\"hidden\" name=\"trp-form-language\" value=\"pt\"\/><\/form>\n<\/div>\n\n\t\t<\/div>\n\t\t\t\t\t<\/div>\n\n\t\n\n\t<div id=\"col-1257485299\" class=\"col medium-6 small-12 large-6\"  >\n\t\t\t\t<div class=\"col-inner\"  >\n\t\t\t\n\t\t\t\n<div class=\"container section-title-container\" ><h3 class=\"section-title section-title-normal\"><b><\/b><span class=\"section-title-main\" >CONTATE-NOS<\/span><b><\/b><\/h3><\/div>\n<p>Se voc\u00ea tiver alguma d\u00favida sobre algum de nossos produtos ou precisar entrar em contato por qualquer outro motivo, preencha o formul\u00e1rio abaixo e entraremos em contato com voc\u00ea o mais r\u00e1pido poss\u00edvel.<\/p>\n<p><strong>Ligue para n\u00f3s:<\/strong> <a href=\"http:\/\/+86 18675762929\" rel=\"nofollow\">+8618675762929<\/a><br \/>\n<strong>Envia-nos um email<\/strong>:\u00a0\u00a0<a href=\"mailto:info@mopochina.com\">info@mopochina.com<\/a><\/p>\n<p><strong>Skype\u00a0<\/strong>: <a href=\"skype:Sanitwell Shen?chat\">jiawei cheng<\/a><\/p>\n<p><strong>Endere\u00e7o<\/strong> : B1, n\u00ba 10<sup>\u00ba<\/sup>, Mundo da Cer\u00e2mica Yingkeyijia, 4<sup>\u00ba<\/sup>\u00a0Estrada Jihua, Chancheng, Foshan, 528 000, Guangdong, China<\/p>\n<p><strong>BASE DE PRODU\u00c7\u00c3O :<\/strong>\u00a0Pa\u00eds de Chaoan, cidade de Chaozhou, prov\u00edncia de Guangdong<\/p>\n<p><strong>Link amig\u00e1vel:<\/strong><br \/>\n<a href=\"https:\/\/moposanitaryware.com\/pt\/?attachment_id=2516\">https:\/\/moposanitaryware.com<\/a><br \/>\n<a href=\"https:\/\/www.mopotoilet.com\" rel=\"nofollow noopener\" target=\"_blank\">https:\/\/www.mopotoilet.com<\/a><br \/>\n<a href=\"https:\/\/\/pt\/www.mopofaucet.com\/\">https:www.mopofaucet.com<\/a><\/p>\n<div class=\"social-icons follow-icons full-width text-left\" ><span>Siga-nos<\/span><a href=\"https:\/\/www.facebook.com\/MOPOCHINA\" target=\"_blank\" data-label=\"Facebook\" class=\"icon primary button circle facebook tooltip\" title=\"Siga no Facebook\" aria-label=\"Siga no Facebook\" rel=\"noopener nofollow\"><i class=\"icon-facebook\" ><\/i><\/a><a href=\"https:\/\/www.instagram.com\/mopotoilet\/\" target=\"_blank\" data-label=\"Instagram\" class=\"icon primary button circle instagram tooltip\" title=\"Siga no Instagram\" aria-label=\"Siga no Instagram\" rel=\"noopener nofollow\"><i class=\"icon-instagram\" ><\/i><\/a><a href=\"https:\/\/twitter.com\/mopotoilet\" data-label=\"Twitter\" target=\"_blank\" class=\"icon primary button circle twitter tooltip\" title=\"Siga no Twitter\" aria-label=\"Siga no Twitter\" rel=\"noopener nofollow\"><i class=\"icon-twitter\" ><\/i><\/a><a href=\"mailto:info@mopochina.com\" data-label=\"E-mail\" target=\"_blank\" class=\"icon primary button circle email tooltip\" title=\"envie-nos um e-mail\" aria-label=\"envie-nos um e-mail\" rel=\"nofollow noopener\" ><i class=\"icon-envelop\" ><\/i><\/a><a href=\"https:\/\/www.linkedin.com\/company\/mopo-sanitary-ware\/\" data-label=\"LinkedIn\" target=\"_blank\" class=\"icon primary button circle linkedin tooltip\" title=\"Siga no LinkedIn\" aria-label=\"Siga no LinkedIn\" rel=\"noopener nofollow\"><i class=\"icon-linkedin\" ><\/i><\/a><a href=\"https:\/\/www.youtube.com\/c\/mopochina\/featured\" data-label=\"YouTube\" target=\"_blank\" class=\"icon primary button circle youtube tooltip\" title=\"Siga no YouTube\" aria-label=\"Siga no YouTube\" rel=\"noopener nofollow\"><i class=\"icon-youtube\" ><\/i><\/a><\/div>\n\t\t<\/div>\n\t\t\t\t\t<\/div>\n\n\t\n<\/div>","protected":false},"excerpt":{"rendered":"<p>Marca: MOPO<br \/>\nN\u00famero do modelo: MP WB600-2<br \/>\nNome: vaso sanit\u00e1rio com bid\u00ea suspenso na parede<br \/>\nCor branca<br \/>\nPeso: 42KG<br \/>\nTamanho: 606x398x69mm<br \/>\nCaracter\u00edstica: Tanque oculto, descarga dupla<br \/>\nPadr\u00e3o de drenagem: P-trap<br \/>\nM\u00e9todo de descarga: descarga dupla, descarga por gravidade<br \/>\nTipo de instala\u00e7\u00e3o: montado na parede<\/p>\n\t<a class=\"paoc-popup-click paoc-popup-cust-337 paoc-popup-button paoc-popup-btn\" href=\"javascript:void(0);\">Solicite um or\u00e7amento<\/a>\r\n\u00a0 \u00a0 \u00a0<a href=\"https:\/\/api.whatsapp.com\/send?phone=8618675762929\"><img loading=\"lazy\" decoding=\"async\" class=\"alignnone wp-image-6698\" src=\"https:\/\/moposanitaryware.com\/wp-content\/uploads\/WhatsApp.png\" alt=\"\" width=\"140\" height=\"33\" srcset=\"https:\/\/moposanitaryware.com\/wp-content\/uploads\/WhatsApp.png 546w, https:\/\/moposanitaryware.com\/wp-content\/uploads\/WhatsApp-18x4.png 18w\" sizes=\"auto, (max-width: 140px) 100vw, 140px\" \/><\/a><\/p>","protected":false},"featured_media":3683,"template":"","meta":{"_acf_changed":false},"product_brand":[],"product_cat":[15,61,82],"product_tag":[159,158],"class_list":{"0":"post-3681","1":"product","2":"type-product","3":"status-publish","4":"has-post-thumbnail","6":"product_cat-see-all-categories","7":"product_cat-bidet-toilets","8":"product_cat-wall-hung-bidet-toilet","9":"product_tag-smart-wall-hung-toilet","10":"product_tag-wall-hung-bidet-toilet","12":"first","13":"instock","14":"shipping-taxable","15":"product-type-simple"},"acf":[],"_links":{"self":[{"href":"https:\/\/moposanitaryware.com\/pt\/wp-json\/wp\/v2\/product\/3681","targetHints":{"allow":["GET"]}}],"collection":[{"href":"https:\/\/moposanitaryware.com\/pt\/wp-json\/wp\/v2\/product"}],"about":[{"href":"https:\/\/moposanitaryware.com\/pt\/wp-json\/wp\/v2\/types\/product"}],"wp:featuredmedia":[{"embeddable":true,"href":"https:\/\/moposanitaryware.com\/pt\/wp-json\/wp\/v2\/media\/3683"}],"wp:attachment":[{"href":"https:\/\/moposanitaryware.com\/pt\/wp-json\/wp\/v2\/media?parent=3681"}],"wp:term":[{"taxonomy":"product_brand","embeddable":true,"href":"https:\/\/moposanitaryware.com\/pt\/wp-json\/wp\/v2\/product_brand?post=3681"},{"taxonomy":"product_cat","embeddable":true,"href":"https:\/\/moposanitaryware.com\/pt\/wp-json\/wp\/v2\/product_cat?post=3681"},{"taxonomy":"product_tag","embeddable":true,"href":"https:\/\/moposanitaryware.com\/pt\/wp-json\/wp\/v2\/product_tag?post=3681"}],"curies":[{"name":"wp","href":"https:\/\/api.w.org\/{rel}","templated":true}]}}