{"id":2761,"date":"2021-07-17T04:24:03","date_gmt":"2021-07-17T04:24:03","guid":{"rendered":"https:\/\/moposanitaryware.com\/?post_type=product&#038;p=2761"},"modified":"2024-08-01T09:24:38","modified_gmt":"2024-08-01T09:24:38","slug":"freestanding-brass-bathtub-shower-faucets","status":"publish","type":"product","link":"https:\/\/moposanitaryware.com\/pt\/freestanding-brass-bathtub-shower-faucets\/","title":{"rendered":"Torneira aut\u00f4noma para banheira, conjunto de torneira para chuveiro de banheiro de lat\u00e3o com escova, chuveiro dourado e torneira misturadora de banho"},"content":{"rendered":"<div class=\"row align-center\"  id=\"row-1805034541\">\n\n\t<div id=\"col-1611405341\" class=\"col small-12 large-12\"  >\n\t\t\t\t<div class=\"col-inner text-left\"  >\n\t\t\t\n\t\t\t\n<table style=\"height: 492px;\" border=\"1\" width=\"667\">\n<tbody>\n<tr>\n<td>Lugar de origem:<\/td>\n<td>Foshan, China<\/td>\n<\/tr>\n<tr>\n<td>Digite o nome:<\/td>\n<td data-spm-anchor-id=\"a2700.details.pronpeci14.i1.47c970d3Zz0E3h\">MOPO\u00ae Moderno Lat\u00e3o Banheiro Banheira Torneiras<\/td>\n<\/tr>\n<tr>\n<td><strong><span data-spm-anchor-id=\"a2700.wholesale.0.i33.2c534154qJukFc\">Recurso<\/span><\/strong><strong>\u00a0<\/strong><\/td>\n<td>Material premium de opera\u00e7\u00f5es de al\u00e7a \u00fanica<br \/>\nDurabilidadeconfiabilidadeacabamentos resistentes \u00e0 corros\u00e3o<br \/>\nMaterial de lat\u00e3o maci\u00e7o de qualidade<br \/>\nCartucho de disco cer\u00e2mico garante longa dura\u00e7\u00e3o<br \/>\nOpera\u00e7\u00e3o de al\u00e7a \u00fanica sem gotejamento<br \/>\nParadas de limite de alta temperatura eliminam queimaduras<br \/>\nTorneiras de \u00e1gua quente e fria mistas<\/td>\n<\/tr>\n<tr>\n<td>Aplicativo:<\/td>\n<td>Hotel, casa, villa, apartamento, pr\u00e9dio de escrit\u00f3rios, hospital, shopping,<\/td>\n<\/tr>\n<tr>\n<td>Certificado:<\/td>\n<td>CE, ISO 9001, SASO, marca d&#039;\u00e1gua, UPC<\/td>\n<\/tr>\n<tr>\n<td>Servi\u00e7o p\u00f3s-venda<\/td>\n<td>Suporte t\u00e9cnico on-line, pe\u00e7as de reposi\u00e7\u00e3o gratuitas<\/td>\n<\/tr>\n<tr>\n<td>OEM e ODM:<\/td>\n<td>OEM<\/td>\n<\/tr>\n<tr>\n<td>Quantidade m\u00ednima:<\/td>\n<td>1 conjunto<\/td>\n<\/tr>\n<tr>\n<td>Amostra gr\u00e1tis:<\/td>\n<td>amostra de pagamento<\/td>\n<\/tr>\n<tr>\n<td>Capacidade de fornecimento:<\/td>\n<td>500 conjuntos\/conjuntos por dia<\/td>\n<\/tr>\n<tr>\n<td style=\"text-align: left;\">Embalagem:<\/td>\n<td style=\"text-align: left;\">Caixa: Embalagem neutra; Embalagem: Saco de isopor ou saco de pano; Oferecemos servi\u00e7os de design de embalagens personalizadas.<\/td>\n<\/tr>\n<\/tbody>\n<\/table>\n\t\t<\/div>\n\t\t\t\t\t<\/div>\n\n\t\n<\/div>\n<div class=\"row\"  id=\"row-667973682\">\n\n\t<div id=\"col-950994784\" class=\"col medium-4 small-12 large-4\"  >\n\t\t\t\t<div class=\"col-inner\"  >\n\t\t\t\n\t\t\t\n\t<div class=\"box has-hover   has-hover box-text-bottom\" >\n\n\t\t<div class=\"box-image\" >\n\t\t\t\t\t\t<div class=\"\" >\n\t\t\t\t<img loading=\"lazy\" decoding=\"async\" width=\"600\" height=\"420\" src=\"https:\/\/moposanitaryware.com\/wp-content\/uploads\/2021\/07\/China-Bathtub-Faucet-Supplier-Floor-Mounted-Brass-Square-Bath-Shower-Set-with-Handshower-Freestanding-Tub-Sink-Tap-All-Brass-Structure-Material-Design.jpg\" class=\"attachment- size-\" alt=\"Handshower freestanding bathtub sink tap-brass structure material design\" srcset=\"https:\/\/moposanitaryware.com\/wp-content\/uploads\/2021\/07\/China-Bathtub-Faucet-Supplier-Floor-Mounted-Brass-Square-Bath-Shower-Set-with-Handshower-Freestanding-Tub-Sink-Tap-All-Brass-Structure-Material-Design.jpg 600w, https:\/\/moposanitaryware.com\/wp-content\/uploads\/2021\/07\/China-Bathtub-Faucet-Supplier-Floor-Mounted-Brass-Square-Bath-Shower-Set-with-Handshower-Freestanding-Tub-Sink-Tap-All-Brass-Structure-Material-Design-571x400.jpg 571w\" sizes=\"auto, (max-width: 600px) 100vw, 600px\" title=\"\">\t\t\t\t\t\t\t\t\t\t\t<\/div>\n\t\t\t\t\t<\/div>\n\n\t\t<div class=\"box-text text-center\" >\n\t\t\t<div class=\"box-text-inner\">\n\t\t\t\t\n<p style=\"text-align: left;\">Design todo em lat\u00e3o, a torneira \u00e9 feita de lat\u00e3o pesado e acabamento preto. O chuveiro de m\u00e3o adota um design moderno e elegante. \u00c9 perfeitamente integrado \u00e0 torneira principal. Fabricado por usinagem de precis\u00e3o, totalmente natural, resistente e dur\u00e1vel. Constru\u00e7\u00e3o em lat\u00e3o s\u00f3lido para resistir \u00e0 ferrugem e corros\u00e3o.<\/p>\n\t\t\t<\/div>\n\t\t<\/div>\n\t<\/div>\n\t\n\t\t<\/div>\n\t\t\t\t\t<\/div>\n\n\t\n\n\t<div id=\"col-1168158844\" class=\"col medium-4 small-12 large-4\"  >\n\t\t\t\t<div class=\"col-inner\"  >\n\t\t\t\n\t\t\t\n\t<div class=\"box has-hover   has-hover box-text-bottom\" >\n\n\t\t<div class=\"box-image\" >\n\t\t\t\t\t\t<div class=\"\" >\n\t\t\t\t<img loading=\"lazy\" decoding=\"async\" width=\"600\" height=\"420\" src=\"https:\/\/moposanitaryware.com\/wp-content\/uploads\/2021\/07\/Bathroom-accessories-304-Stainless-Steel-scratch-resistant-durablee-treatment-never-rusty-never-Fading.jpg\" class=\"attachment- size-\" alt=\"Acess\u00f3rios para banheiro em a\u00e7o inoxid\u00e1vel 304\" srcset=\"https:\/\/moposanitaryware.com\/wp-content\/uploads\/2021\/07\/Bathroom-accessories-304-Stainless-Steel-scratch-resistant-durablee-treatment-never-rusty-never-Fading.jpg 600w, https:\/\/moposanitaryware.com\/wp-content\/uploads\/2021\/07\/Bathroom-accessories-304-Stainless-Steel-scratch-resistant-durablee-treatment-never-rusty-never-Fading-571x400.jpg 571w\" sizes=\"auto, (max-width: 600px) 100vw, 600px\" title=\"\">\t\t\t\t\t\t\t\t\t\t\t<\/div>\n\t\t\t\t\t<\/div>\n\n\t\t<div class=\"box-text text-center\" >\n\t\t\t<div class=\"box-text-inner\">\n\t\t\t\t\n<p style=\"text-align: left;\">A\u00e7o inoxid\u00e1vel 304, tem excelente resist\u00eancia \u00e0 comunica\u00e7\u00e3o em uma ampla gama de ambientes atmosf\u00e9ricos e muitos meios corrosivos. Est\u00e1 sujeito \u00e0 corros\u00e3o por pites e frestas em ambientes quentes de cloreto e resiste \u00e0 ferrugem, corros\u00e3o sob tens\u00e3o acima de 60\u2103.<\/p>\n\t\t\t<\/div>\n\t\t<\/div>\n\t<\/div>\n\t\n\t\t<\/div>\n\t\t\t\t\t<\/div>\n\n\t\n\n\t<div id=\"col-1769527183\" class=\"col medium-4 small-12 large-4\"  >\n\t\t\t\t<div class=\"col-inner\"  >\n\t\t\t\n\t\t\t\n\t<div class=\"box has-hover   has-hover box-text-bottom\" >\n\n\t\t<div class=\"box-image\" >\n\t\t\t\t\t\t<div class=\"\" >\n\t\t\t\t<img loading=\"lazy\" decoding=\"async\" width=\"600\" height=\"420\" src=\"https:\/\/moposanitaryware.com\/wp-content\/uploads\/2021\/07\/China-Bathtub-Faucet-Supplier-Floor-Mounted-Brass-Square-Bath-Shower-Set-with-Handshower-Freestanding-Tub-Sink-Tap-Electroplating-process.jpg\" class=\"attachment- size-\" alt=\"Handshower freestanding bathtub sink tap-electroplating process\" srcset=\"https:\/\/moposanitaryware.com\/wp-content\/uploads\/2021\/07\/China-Bathtub-Faucet-Supplier-Floor-Mounted-Brass-Square-Bath-Shower-Set-with-Handshower-Freestanding-Tub-Sink-Tap-Electroplating-process.jpg 600w, https:\/\/moposanitaryware.com\/wp-content\/uploads\/2021\/07\/China-Bathtub-Faucet-Supplier-Floor-Mounted-Brass-Square-Bath-Shower-Set-with-Handshower-Freestanding-Tub-Sink-Tap-Electroplating-process-571x400.jpg 571w\" sizes=\"auto, (max-width: 600px) 100vw, 600px\" title=\"\">\t\t\t\t\t\t\t\t\t\t\t<\/div>\n\t\t\t\t\t<\/div>\n\n\t\t<div class=\"box-text text-center\" >\n\t\t\t<div class=\"box-text-inner\">\n\t\t\t\t\n<p id=\"tw-target-text\" class=\"tw-data-text tw-text-large XcVN5d tw-ta\" dir=\"ltr\" style=\"text-align: left;\" data-placeholder=\"\u7ffb\u8bd1\">M\u00faltiplas bases de tratamento a base adota tratamento de superf\u00edcie escovado com luz espelhada para destacar a beleza da apar\u00eancia arte moderna e elegante resistente ao desgaste, resistente a arranh\u00f5es, tratamento dur\u00e1vel, anodizado manuseado suave e delicado, nunca enferrujado nunca desbotando, s\u00f3lido realmente matizado<\/p>\n\t\t\t<\/div>\n\t\t<\/div>\n\t<\/div>\n\t\n\t\t<\/div>\n\t\t\t\t\t<\/div>\n\n\t\n\n\t<div id=\"col-1474406806\" class=\"col medium-4 small-12 large-4\"  >\n\t\t\t\t<div class=\"col-inner\"  >\n\t\t\t\n\t\t\t\n\t<div class=\"box has-hover   has-hover box-text-bottom\" >\n\n\t\t<div class=\"box-image\" >\n\t\t\t\t\t\t<div class=\"\" >\n\t\t\t\t<img loading=\"lazy\" decoding=\"async\" width=\"600\" height=\"420\" src=\"https:\/\/moposanitaryware.com\/wp-content\/uploads\/2021\/07\/China-Bathtub-Faucet-Supplier-Floor-Mounted-Brass-Square-Bath-Shower-Set-with-Handshower-Freestanding-Tub-Sink-Tap-Waterfall-Spout-Design-Beautiful.jpg\" class=\"attachment- size-\" alt=\"Bathtub faucet waterfall spout design beautiful\" srcset=\"https:\/\/moposanitaryware.com\/wp-content\/uploads\/2021\/07\/China-Bathtub-Faucet-Supplier-Floor-Mounted-Brass-Square-Bath-Shower-Set-with-Handshower-Freestanding-Tub-Sink-Tap-Waterfall-Spout-Design-Beautiful.jpg 600w, https:\/\/moposanitaryware.com\/wp-content\/uploads\/2021\/07\/China-Bathtub-Faucet-Supplier-Floor-Mounted-Brass-Square-Bath-Shower-Set-with-Handshower-Freestanding-Tub-Sink-Tap-Waterfall-Spout-Design-Beautiful-571x400.jpg 571w\" sizes=\"auto, (max-width: 600px) 100vw, 600px\" title=\"\">\t\t\t\t\t\t\t\t\t\t\t<\/div>\n\t\t\t\t\t<\/div>\n\n\t\t<div class=\"box-text text-center\" >\n\t\t\t<div class=\"box-text-inner\">\n\t\t\t\t\n<p style=\"text-align: left;\">Torneira de banheira bica girat\u00f3ria de 360 graus permite que voc\u00ea ajuste a posi\u00e7\u00e3o da bica de acordo com seus pr\u00f3prios h\u00e1bitos. O design da bica em cascata \u00e9 moderno e bonito com a uni\u00e3o perfeita do solo da banheira \u00e9 um todo org\u00e2nico. Melhor fluxo de \u00e1gua<\/p>\n\t\t\t<\/div>\n\t\t<\/div>\n\t<\/div>\n\t\n\t\t<\/div>\n\t\t\t\t\t<\/div>\n\n\t\n\n\t<div id=\"col-667082640\" class=\"col medium-4 small-12 large-4\"  >\n\t\t\t\t<div class=\"col-inner\"  >\n\t\t\t\n\t\t\t\n\t<div class=\"box has-hover   has-hover box-text-bottom\" >\n\n\t\t<div class=\"box-image\" >\n\t\t\t\t\t\t<div class=\"\" >\n\t\t\t\t<img loading=\"lazy\" decoding=\"async\" width=\"600\" height=\"420\" src=\"https:\/\/moposanitaryware.com\/wp-content\/uploads\/2021\/07\/China-Bathtub-Faucet-Supplier-Floor-Mounted-Brass-Square-Bath-Shower-Set-with-Handshower-Freestanding-Tub-Sink-Tap-Different-Spray-Modes-Handheld-Shower-Head.jpg\" class=\"attachment- size-\" alt=\"Bathtub faucet different dpray modes handheld shower head\" srcset=\"https:\/\/moposanitaryware.com\/wp-content\/uploads\/2021\/07\/China-Bathtub-Faucet-Supplier-Floor-Mounted-Brass-Square-Bath-Shower-Set-with-Handshower-Freestanding-Tub-Sink-Tap-Different-Spray-Modes-Handheld-Shower-Head.jpg 600w, https:\/\/moposanitaryware.com\/wp-content\/uploads\/2021\/07\/China-Bathtub-Faucet-Supplier-Floor-Mounted-Brass-Square-Bath-Shower-Set-with-Handshower-Freestanding-Tub-Sink-Tap-Different-Spray-Modes-Handheld-Shower-Head-571x400.jpg 571w\" sizes=\"auto, (max-width: 600px) 100vw, 600px\" title=\"\">\t\t\t\t\t\t\t\t\t\t\t<\/div>\n\t\t\t\t\t<\/div>\n\n\t\t<div class=\"box-text text-center\" >\n\t\t\t<div class=\"box-text-inner\">\n\t\t\t\t\n<p style=\"text-align: left;\">Kit de chuveiro de m\u00e3o potente e multifuncional para chuveiros de baixa vaz\u00e3o e press\u00e3o, cria um jato de press\u00e3o crescente e fornece \u00e1gua em uma velocidade maior para compensar situa\u00e7\u00f5es de baixa press\u00e3o de \u00e1gua<\/p>\n\t\t\t<\/div>\n\t\t<\/div>\n\t<\/div>\n\t\n\t\t<\/div>\n\t\t\t\t\t<\/div>\n\n\t\n\n\t<div id=\"col-790691639\" class=\"col medium-4 small-12 large-4\"  >\n\t\t\t\t<div class=\"col-inner\"  >\n\t\t\t\n\t\t\t\n\t<div class=\"box has-hover   has-hover box-text-bottom\" >\n\n\t\t<div class=\"box-image\" >\n\t\t\t\t\t\t<div class=\"\" >\n\t\t\t\t<img loading=\"lazy\" decoding=\"async\" width=\"600\" height=\"420\" src=\"https:\/\/moposanitaryware.com\/wp-content\/uploads\/2021\/07\/China-Bathtub-Faucet-Supplier-Floor-Mounted-Brass-Square-Bath-Shower-Set-with-Handshower-Freestanding-Tub-Sink-Tap-304-Stainless-Steel-Hoses.jpg\" class=\"attachment- size-\" alt=\"Bathtub Faucet 304 Stainless Steel Hoses\" srcset=\"https:\/\/moposanitaryware.com\/wp-content\/uploads\/2021\/07\/China-Bathtub-Faucet-Supplier-Floor-Mounted-Brass-Square-Bath-Shower-Set-with-Handshower-Freestanding-Tub-Sink-Tap-304-Stainless-Steel-Hoses.jpg 600w, https:\/\/moposanitaryware.com\/wp-content\/uploads\/2021\/07\/China-Bathtub-Faucet-Supplier-Floor-Mounted-Brass-Square-Bath-Shower-Set-with-Handshower-Freestanding-Tub-Sink-Tap-304-Stainless-Steel-Hoses-571x400.jpg 571w\" sizes=\"auto, (max-width: 600px) 100vw, 600px\" title=\"\">\t\t\t\t\t\t\t\t\t\t\t<\/div>\n\t\t\t\t\t<\/div>\n\n\t\t<div class=\"box-text text-center\" >\n\t\t\t<div class=\"box-text-inner\">\n\t\t\t\t\n<p class=\"a-spacing-mini\" style=\"text-align: left;\">Chuveiro de m\u00e3o multiuso com mangueiras de a\u00e7o inoxid\u00e1vel Chuveiro de m\u00e3o multiuso, perfeito para o banho de corpo inteiro, para dar banho no seu filho ou para limpar a banheira. Mangueira de chuveiro de a\u00e7o inoxid\u00e1vel de alta qualidade, dur\u00e1vel, resistente \u00e0 corros\u00e3o e f\u00e1cil de instalar.<\/p>\n\t\t\t<\/div>\n\t\t<\/div>\n\t<\/div>\n\t\n\t\t<\/div>\n\t\t\t\t\t<\/div>\n\n\t\n<\/div>\n<div class=\"row\"  id=\"row-1225986488\">\n\n\t<div id=\"col-1317426860\" class=\"col medium-6 small-12 large-6\"  >\n\t\t\t\t<div class=\"col-inner\"  >\n\t\t\t\n\t\t\t\n<div class=\"container section-title-container\" ><h3 class=\"section-title section-title-normal\"><b><\/b><span class=\"section-title-main\" >envie-nos um e-mail<\/span><b><\/b><\/h3><\/div>\n<p>Se voc\u00ea est\u00e1 interessado em nossos produtos e deseja saber mais detalhes, deixe uma mensagem aqui, responderemos o mais breve poss\u00edvel.<\/p>\n\n<div class=\"wpcf7 no-js\" id=\"wpcf7-f13-o1\" lang=\"en-US\" dir=\"ltr\" data-wpcf7-id=\"13\">\n<div class=\"screen-reader-response\"><p role=\"status\" aria-live=\"polite\" aria-atomic=\"true\"><\/p> <ul><\/ul><\/div>\n<form action=\"\/pt\/wp-json\/wp\/v2\/product\/2761#wpcf7-f13-o1\" method=\"post\" class=\"wpcf7-form init\" aria-label=\"Formul\u00e1rio de contato\" novalidate=\"novalidate\" data-status=\"init\" data-trp-original-action=\"\/pt\/wp-json\/wp\/v2\/product\/2761#wpcf7-f13-o1\">\n<fieldset class=\"hidden-fields-container\"><input type=\"hidden\" name=\"_wpcf7\" value=\"13\" \/><input type=\"hidden\" name=\"_wpcf7_version\" value=\"6.1.1\" \/><input type=\"hidden\" name=\"_wpcf7_locale\" value=\"en_US\" \/><input type=\"hidden\" name=\"_wpcf7_unit_tag\" value=\"wpcf7-f13-o1\" \/><input type=\"hidden\" name=\"_wpcf7_container_post\" value=\"0\" \/><input type=\"hidden\" name=\"_wpcf7_posted_data_hash\" value=\"\" \/><input type=\"hidden\" name=\"_wpcf7_recaptcha_response\" value=\"\" \/>\n<\/fieldset>\n<div class=\"form-flat\">\n\t<p><span class=\"wpcf7-form-control-wrap\" data-name=\"your-name\"><input size=\"40\" maxlength=\"400\" class=\"wpcf7-form-control wpcf7-text wpcf7-validates-as-required\" aria-required=\"true\" aria-invalid=\"false\" placeholder=\"Seu nome (obrigat\u00f3rio)\" value=\"\" type=\"text\" name=\"your-name\" \/><\/span><br \/>\n<span class=\"wpcf7-form-control-wrap\" data-name=\"your-email\"><input size=\"40\" maxlength=\"400\" class=\"wpcf7-form-control wpcf7-email wpcf7-validates-as-required wpcf7-text wpcf7-validates-as-email\" aria-required=\"true\" aria-invalid=\"false\" placeholder=\"Seu e-mail (obrigat\u00f3rio)\" value=\"\" type=\"email\" name=\"your-email\" \/><\/span>\n\t<\/p>\n\t<p><span class=\"wpcf7-form-control-wrap\" data-name=\"your-tels\"><input size=\"40\" maxlength=\"400\" class=\"wpcf7-form-control wpcf7-tel wpcf7-text wpcf7-validates-as-tel\" aria-invalid=\"false\" placeholder=\"Seu telefone (opcional)\" value=\"\" type=\"tel\" name=\"your-tels\" \/><\/span>\n\t<\/p>\n\t<p><span class=\"wpcf7-form-control-wrap\" data-name=\"your-message\"><textarea cols=\"40\" rows=\"10\" maxlength=\"2000\" class=\"wpcf7-form-control wpcf7-textarea\" aria-invalid=\"false\" placeholder=\"Para obter o melhor resultado, recomendamos incluir os seguintes detalhes:-Autoapresenta\u00e7\u00e3o-Itens ou servi\u00e7os necess\u00e1rios-Quantidade necess\u00e1ria\" name=\"your-message\"><\/textarea><\/span>\n\t<\/p>\n\t<p>Consultoria de neg\u00f3cios:*<br \/>\n<span class=\"wpcf7-form-control-wrap\" data-name=\"checkbox\"><span class=\"wpcf7-form-control wpcf7-checkbox wpcf7-validates-as-required wpcf7-exclusive-checkbox\"><span class=\"wpcf7-list-item first\"><label><input type=\"checkbox\" name=\"checkbox\" value=\"Quotation\" \/><span class=\"wpcf7-list-item-label\">cota\u00e7\u00e3o<\/span><\/label><\/span><span class=\"wpcf7-list-item\"><label><input type=\"checkbox\" name=\"checkbox\" value=\"Catalog\" \/><span class=\"wpcf7-list-item-label\">Cat\u00e1logo<\/span><\/label><\/span><span class=\"wpcf7-list-item\"><label><input type=\"checkbox\" name=\"checkbox\" value=\"Service Support\" \/><span class=\"wpcf7-list-item-label\">Servi\u00e7o de suporte<\/span><\/label><\/span><span class=\"wpcf7-list-item\"><label><input type=\"checkbox\" name=\"checkbox\" value=\"Project\" \/><span class=\"wpcf7-list-item-label\">Projeto<\/span><\/label><\/span><span class=\"wpcf7-list-item last\"><label><input type=\"checkbox\" name=\"checkbox\" value=\"I am interested in becoming an agent\" \/><span class=\"wpcf7-list-item-label\">Estou interessado em me tornar um agente<\/span><\/label><\/span><\/span><\/span><br \/>\n<input class=\"wpcf7-form-control wpcf7-submit has-spinner button\" type=\"submit\" value=\"Enviar\" \/>\n\t<\/p>\n<\/div><div class=\"wpcf7-response-output\" aria-hidden=\"true\"><\/div>\n<input type=\"hidden\" name=\"trp-form-language\" value=\"pt\"\/><\/form>\n<\/div>\n\n\t\t<\/div>\n\t\t\t\t\t<\/div>\n\n\t\n\n\t<div id=\"col-155085609\" class=\"col medium-6 small-12 large-6\"  >\n\t\t\t\t<div class=\"col-inner\"  >\n\t\t\t\n\t\t\t\n<div class=\"container section-title-container\" ><h3 class=\"section-title section-title-normal\"><b><\/b><span class=\"section-title-main\" >CONTATE-NOS<\/span><b><\/b><\/h3><\/div>\n<p>Se voc\u00ea tiver alguma d\u00favida sobre algum de nossos produtos ou precisar entrar em contato por qualquer outro motivo, preencha o formul\u00e1rio abaixo e entraremos em contato com voc\u00ea o mais r\u00e1pido poss\u00edvel.<\/p>\n<p><strong>Ligue para n\u00f3s:<\/strong> <a href=\"http:\/\/+86 18675762929\" rel=\"nofollow\">+8618675762929<\/a><br \/>\n<strong>Envia-nos um email<\/strong>:\u00a0\u00a0<a href=\"mailto:info@mopochina.com\">info@mopochina.com<\/a><\/p>\n<p><strong>Skype\u00a0<\/strong>: <a href=\"skype:Sanitwell Shen?chat\">jiawei cheng<\/a><\/p>\n<p><strong>Endere\u00e7o<\/strong> : B1, n\u00ba 10<sup>\u00ba<\/sup>, Mundo da Cer\u00e2mica Yingkeyijia, 4<sup>\u00ba<\/sup>\u00a0Estrada Jihua, Chancheng, Foshan, 528 000, Guangdong, China<\/p>\n<p><strong>BASE DE PRODU\u00c7\u00c3O :<\/strong>\u00a0Pa\u00eds de Chaoan, cidade de Chaozhou, prov\u00edncia de Guangdong<\/p>\n<p><strong>Link amig\u00e1vel:<\/strong><br \/>\n<a href=\"https:\/\/moposanitaryware.com\/pt\/\">https:\/\/moposanitaryware.com<\/a><br \/>\n<a href=\"https:\/\/www.mopotoilet.com\" rel=\"nofollow noopener\" target=\"_blank\">https:\/\/www.mopotoilet.com<\/a><br \/>\n<a href=\"https:\/\/\/pt\/www.mopofaucet.com\/\">https:www.mopofaucet.com<\/a><\/p>\n<div class=\"social-icons follow-icons full-width text-left\" ><span>Siga-nos<\/span><a href=\"https:\/\/www.facebook.com\/MOPOCHINA\" target=\"_blank\" data-label=\"Facebook\" class=\"icon primary button circle facebook tooltip\" title=\"Siga no Facebook\" aria-label=\"Siga no Facebook\" rel=\"noopener nofollow\"><i class=\"icon-facebook\" ><\/i><\/a><a href=\"https:\/\/www.instagram.com\/mopotoilet\/\" target=\"_blank\" data-label=\"Instagram\" class=\"icon primary button circle instagram tooltip\" title=\"Siga no Instagram\" aria-label=\"Siga no Instagram\" rel=\"noopener nofollow\"><i class=\"icon-instagram\" ><\/i><\/a><a href=\"https:\/\/twitter.com\/mopotoilet\" data-label=\"Twitter\" target=\"_blank\" class=\"icon primary button circle twitter tooltip\" title=\"Siga no Twitter\" aria-label=\"Siga no Twitter\" rel=\"noopener nofollow\"><i class=\"icon-twitter\" ><\/i><\/a><a href=\"mailto:info@mopochina.com\" data-label=\"E-mail\" target=\"_blank\" class=\"icon primary button circle email tooltip\" title=\"envie-nos um e-mail\" aria-label=\"envie-nos um e-mail\" rel=\"nofollow noopener\" ><i class=\"icon-envelop\" ><\/i><\/a><a href=\"https:\/\/www.linkedin.com\/company\/mopo-sanitary-ware\/\" data-label=\"LinkedIn\" target=\"_blank\" class=\"icon primary button circle linkedin tooltip\" title=\"Siga no LinkedIn\" aria-label=\"Siga no LinkedIn\" rel=\"noopener nofollow\"><i class=\"icon-linkedin\" ><\/i><\/a><a href=\"https:\/\/www.youtube.com\/c\/mopochina\/featured\" data-label=\"YouTube\" target=\"_blank\" class=\"icon primary button circle youtube tooltip\" title=\"Siga no YouTube\" aria-label=\"Siga no YouTube\" rel=\"noopener nofollow\"><i class=\"icon-youtube\" ><\/i><\/a><\/div>\n\t\t<\/div>\n\t\t\t\t\t<\/div>\n\n\t\n<\/div>","protected":false},"excerpt":{"rendered":"<p>Marca: <a href=\"#brave_open_popup_688\">MOPO<\/a><br \/>\nNome do produto: Torneira aut\u00f4noma para banheira<br \/>\nModel Number\uff1a MP-6119<br \/>\nMaterial: lat\u00e3o\/a\u00e7o n\u00edvel 59 A<br \/>\nTamanho: 880*150*42mm<br \/>\nPeso: 1,8 KG<br \/>\nCor: preto\/cromo\/dourado\/ouro rosa<br \/>\nMat\u00e9ria: Torneiras Medidas<br \/>\nN\u00famero de al\u00e7as:: Al\u00e7a \u00fanica<br \/>\nTipo de instala\u00e7\u00e3o: independente<\/p>\n\t<a class=\"paoc-popup-click paoc-popup-cust-337 paoc-popup-button paoc-popup-btn\" href=\"javascript:void(0);\">Solicite um or\u00e7amento<\/a>\r\n\u00a0 \u00a0 \u00a0<a href=\"https:\/\/api.whatsapp.com\/send?phone=8618675762929\"><img loading=\"lazy\" decoding=\"async\" class=\"alignnone wp-image-6698\" src=\"https:\/\/moposanitaryware.com\/wp-content\/uploads\/WhatsApp.png\" alt=\"\" width=\"140\" height=\"33\" srcset=\"https:\/\/moposanitaryware.com\/wp-content\/uploads\/WhatsApp.png 546w, https:\/\/moposanitaryware.com\/wp-content\/uploads\/WhatsApp-18x4.png 18w\" sizes=\"auto, (max-width: 140px) 100vw, 140px\" \/><\/a><\/p>","protected":false},"featured_media":2758,"template":"","meta":{"_acf_changed":false},"product_brand":[],"product_cat":[15,23,96],"product_tag":[162,132],"class_list":{"0":"post-2761","1":"product","2":"type-product","3":"status-publish","4":"has-post-thumbnail","6":"product_cat-see-all-categories","7":"product_cat-faucets","8":"product_cat-bathtub-faucet","9":"product_tag-bathtub-faucet","10":"product_tag-water-mixer-tap","12":"first","13":"instock","14":"shipping-taxable","15":"product-type-simple"},"acf":[],"_links":{"self":[{"href":"https:\/\/moposanitaryware.com\/pt\/wp-json\/wp\/v2\/product\/2761","targetHints":{"allow":["GET"]}}],"collection":[{"href":"https:\/\/moposanitaryware.com\/pt\/wp-json\/wp\/v2\/product"}],"about":[{"href":"https:\/\/moposanitaryware.com\/pt\/wp-json\/wp\/v2\/types\/product"}],"wp:featuredmedia":[{"embeddable":true,"href":"https:\/\/moposanitaryware.com\/pt\/wp-json\/wp\/v2\/media\/2758"}],"wp:attachment":[{"href":"https:\/\/moposanitaryware.com\/pt\/wp-json\/wp\/v2\/media?parent=2761"}],"wp:term":[{"taxonomy":"product_brand","embeddable":true,"href":"https:\/\/moposanitaryware.com\/pt\/wp-json\/wp\/v2\/product_brand?post=2761"},{"taxonomy":"product_cat","embeddable":true,"href":"https:\/\/moposanitaryware.com\/pt\/wp-json\/wp\/v2\/product_cat?post=2761"},{"taxonomy":"product_tag","embeddable":true,"href":"https:\/\/moposanitaryware.com\/pt\/wp-json\/wp\/v2\/product_tag?post=2761"}],"curies":[{"name":"wp","href":"https:\/\/api.w.org\/{rel}","templated":true}]}}