{"id":2401,"date":"2021-07-05T07:04:12","date_gmt":"2021-07-05T07:04:12","guid":{"rendered":"https:\/\/moposanitaryware.com\/?post_type=product&#038;p=2401"},"modified":"2024-08-01T09:40:22","modified_gmt":"2024-08-01T09:40:22","slug":"modern-luxury-high-quality-square-brass-bathroom-accessories-factory-wholesale-home-hotel-accessory-set","status":"publish","type":"product","link":"https:\/\/moposanitaryware.com\/pt\/modern-luxury-high-quality-square-brass-bathroom-accessories-factory-wholesale-home-hotel-accessory-set\/","title":{"rendered":"Conjunto de acess\u00f3rios de banheiro de lat\u00e3o quadrado de alta qualidade de luxo moderno f\u00e1brica atacado conjunto de acess\u00f3rios de hotel para casa"},"content":{"rendered":"<div class=\"banner has-hover\" id=\"banner-398206739\">\n          <div class=\"banner-inner fill\">\n        <div class=\"banner-bg fill\" >\n            <img loading=\"lazy\" decoding=\"async\" width=\"1280\" height=\"600\" src=\"https:\/\/moposanitaryware.com\/wp-content\/uploads\/2021\/07\/Bathroom-Accessories-Towe-Ring-Hand-Towel-Ring-Towel-Holder-Towel-Rack-for-Bathroom.jpg\" class=\"bg attachment-original size-original\" alt=\"Hand Towel Ring Towel Holder Towel Rack for Bathroom\" title=\"\">                                    \n\t<div class=\"is-border\"\n\t\tstyle=\"border-width:0px 0px px 0px;margin:0px 0px px 0px;\">\n\t<\/div>\n                    <\/div>\n\t\t\n        <div class=\"banner-layers container\">\n            <a class=\"fill\" href=\"https:\/\/moposanitaryware.com\/pt\/categoria-produto\/shower-doors\/\" ><div class=\"fill banner-link\"><\/div><\/a>            \n   <div id=\"text-box-958565468\" class=\"text-box banner-layer x10 md-x25 lg-x15 y100 md-y50 lg-y75 res-text\">\n                                <div class=\"text-box-content text dark\">\n              \n              <div class=\"text-inner text-center\">\n                  \n<h3 style=\"text-align: center;\">Acess\u00f3rios de banheiro<\/h3>\n<p>offers unique design and quality bathroom accessories products, flawless function and elegance.<\/p>\n<a href=\"https:\/\/moposanitaryware.com\/pt\/shop\/\" class=\"button white lowercase\"  style=\"border-radius:99px;\">\n\t\t<span>consulte Mais informa\u00e7\u00e3o<\/span>\n\t<\/a>\n\n              <\/div>\n           <\/div>\n                            \n<style>\n#text-box-958565468 {\n  width: 71%;\n}\n#text-box-958565468 .text-box-content {\n  font-size: 100%;\n}\n@media (min-width:550px) {\n  #text-box-958565468 {\n    width: 36%;\n  }\n}\n@media (min-width:850px) {\n  #text-box-958565468 {\n    width: 33%;\n  }\n}\n<\/style>\n    <\/div>\n \n        <\/div>\n      <\/div>\n\n            \n<style>\n#banner-398206739 {\n  padding-top: 50%;\n}\n#banner-398206739 .banner-bg img {\n  object-position: 46% 63%;\n}\n@media (min-width:550px) {\n  #banner-398206739 {\n    padding-top: 35%;\n  }\n}\n<\/style>\n  <\/div>\n\n\n<div class=\"row align-center\"  id=\"row-941224195\">\n\n\t<div id=\"col-591201738\" class=\"col medium-9 small-12 large-9\"  data-animate=\"fadeInUp\">\n\t\t\t\t<div class=\"col-inner text-center\"  >\n\t\t\t\n\t\t\t\n<h1 style=\"text-align: center;\">Acess\u00f3rios de banheiro<\/h1>\n<p style=\"text-align: center;\">Ao comprar conjuntos de decora\u00e7\u00e3o de banheiro, observe o escopo da cole\u00e7\u00e3o - alguns acess\u00f3rios de banheiro e banheiro. Voc\u00ea encontrar\u00e1 tudo o que precisa, desde espelhos de banheiro, saboneteiras elegantes, porta-escovas de dentes elegantes e escovas de banheiro discretas - todos acess\u00f3rios \u00fateis.<\/p>\n<a href=\"https:\/\/moposanitaryware.com\/pt\/categoria-produto\/bathroom-accessories\/\" class=\"button secondary is-underline lowercase\"  >\n\t\t<span>Explorar tudo<\/span>\n\t<i class=\"icon-menu\" aria-hidden=\"true\" ><\/i><\/a>\n\n\t\t<\/div>\n\t\t\t\t\t<\/div>\n\n\t\n<\/div>\n<h2 style=\"text-align: center;\">Acess\u00f3rios de banheiro <em>Categorias<\/em><\/h2>\n<h1 style=\"text-align: center;\">\u00a0 \u00a0 \u00a0\u00a0<a href=\"https:\/\/moposanitaryware.com\/pt\/categoria-produto\/bathroom-accessories\/sets\/\"><img loading=\"lazy\" decoding=\"async\" class=\"alignnone wp-image-2228\" style=\"font-size: 25.92px;\" src=\"https:\/\/moposanitaryware.com\/wp-content\/uploads\/2021\/07\/bathroom-accessories-set.jpg\" alt=\"\" width=\"90\" height=\"90\" title=\"\"><\/a><a href=\"https:\/\/moposanitaryware.com\/pt\/categoria-produto\/bathroom-accessories\/single\/\"><img loading=\"lazy\" decoding=\"async\" class=\"alignnone wp-image-2223\" style=\"font-size: 25.92px;\" src=\"https:\/\/moposanitaryware.com\/wp-content\/uploads\/2021\/07\/bathroom-accessories-holder-tumbler-holder.jpg\" alt=\"\" width=\"80\" height=\"80\" title=\"\"><\/a> <a href=\"https:\/\/moposanitaryware.com\/pt\/categoria-produto\/bathroom-accessories\/single\/\"><img loading=\"lazy\" decoding=\"async\" class=\"alignnone wp-image-2224\" style=\"font-size: 25.92px;\" src=\"https:\/\/moposanitaryware.com\/wp-content\/uploads\/2021\/07\/Bathroom-accessories-bathroom-finish-square-soap-dish-holder.jpg\" alt=\"\" width=\"80\" height=\"80\" title=\"\"><\/a> <a href=\"https:\/\/moposanitaryware.com\/pt\/categoria-produto\/bathroom-accessories\/single\/\"><img loading=\"lazy\" decoding=\"async\" class=\"alignnone wp-image-2225\" style=\"font-size: 25.92px;\" src=\"https:\/\/moposanitaryware.com\/wp-content\/uploads\/2021\/07\/bathroom-accessories-double-robe-hook.jpg\" alt=\"\" width=\"80\" height=\"80\" title=\"\"><\/a> <a href=\"https:\/\/moposanitaryware.com\/pt\/categoria-produto\/bathroom-accessories\/single\/\"><img loading=\"lazy\" decoding=\"async\" class=\"alignnone wp-image-2227\" src=\"https:\/\/moposanitaryware.com\/wp-content\/uploads\/2021\/07\/Bathroom-accessories-set-towel-shelf.jpg\" alt=\"\" width=\"80\" height=\"80\" title=\"\"><\/a><a href=\"https:\/\/moposanitaryware.com\/pt\/categoria-produto\/bathroom-accessories\/single\/\"><img loading=\"lazy\" decoding=\"async\" class=\"alignnone wp-image-2226\" style=\"font-size: 25.92px;\" src=\"https:\/\/moposanitaryware.com\/wp-content\/uploads\/2021\/07\/bathroom-accessories-gold-brass-towel-ring.jpg\" alt=\"\" width=\"80\" height=\"80\" title=\"\"><\/a><\/h1>\n<div class=\"row row-solid\"  id=\"row-1045823734\">\n\n\t<div id=\"col-589064354\" class=\"col medium-4 small-12 large-4\"  >\n\t\t\t\t<div class=\"col-inner\"  >\n\t\t\t\n\t\t\t\n\t<div class=\"box has-hover   has-hover box-text-bottom\" >\n\n\t\t<div class=\"box-image\" >\n\t\t\t\t\t\t<div class=\"\" >\n\t\t\t\t<img loading=\"lazy\" decoding=\"async\" width=\"600\" height=\"420\" src=\"https:\/\/moposanitaryware.com\/wp-content\/uploads\/2021\/07\/Bathroom-accessories-the-raw-material-of-bathroom-accessories-is-Pb-59-A-grade-brass.jpg\" class=\"attachment- size-\" alt=\"a mat\u00e9ria-prima dos acess\u00f3rios para banheiro \u00e9 lat\u00e3o grau Pb 59-A\" srcset=\"https:\/\/moposanitaryware.com\/wp-content\/uploads\/2021\/07\/Bathroom-accessories-the-raw-material-of-bathroom-accessories-is-Pb-59-A-grade-brass.jpg 600w, https:\/\/moposanitaryware.com\/wp-content\/uploads\/2021\/07\/Bathroom-accessories-the-raw-material-of-bathroom-accessories-is-Pb-59-A-grade-brass-571x400.jpg 571w\" sizes=\"auto, (max-width: 600px) 100vw, 600px\" title=\"\">\t\t\t\t\t\t\t\t\t\t\t<\/div>\n\t\t\t\t\t<\/div>\n\n\t\t<div class=\"box-text text-center\" >\n\t\t\t<div class=\"box-text-inner\">\n\t\t\t\t\n<p>A mat\u00e9ria-prima dos acess\u00f3rios de lat\u00e3o para banheiro MOPO \u00e9 lat\u00e3o grau Pb 59-A, sem chumbo, amplamente utilizado em pe\u00e7as de equipamentos m\u00e9dicos, pe\u00e7as de comunica\u00e7\u00e3o de TI, pe\u00e7as de equipamentos de purifica\u00e7\u00e3o de \u00e1gua, etc.<\/p>\n\t\t\t<\/div>\n\t\t<\/div>\n\t<\/div>\n\t\n\t\t<\/div>\n\t\t\t\t\t<\/div>\n\n\t\n\n\t<div id=\"col-995308095\" class=\"col medium-4 small-12 large-4\"  >\n\t\t\t\t<div class=\"col-inner\"  >\n\t\t\t\n\t\t\t\n\t<div class=\"box has-hover   has-hover box-text-bottom\" >\n\n\t\t<div class=\"box-image\" >\n\t\t\t\t\t\t<div class=\"\" >\n\t\t\t\t<img loading=\"lazy\" decoding=\"async\" width=\"600\" height=\"420\" src=\"https:\/\/moposanitaryware.com\/wp-content\/uploads\/2021\/07\/Bathroom-accessories-304-Stainless-Steel-scratch-resistant-durablee-treatment-never-rusty-never-Fading.jpg\" class=\"attachment- size-\" alt=\"Acess\u00f3rios para banheiro em a\u00e7o inoxid\u00e1vel 304\" srcset=\"https:\/\/moposanitaryware.com\/wp-content\/uploads\/2021\/07\/Bathroom-accessories-304-Stainless-Steel-scratch-resistant-durablee-treatment-never-rusty-never-Fading.jpg 600w, https:\/\/moposanitaryware.com\/wp-content\/uploads\/2021\/07\/Bathroom-accessories-304-Stainless-Steel-scratch-resistant-durablee-treatment-never-rusty-never-Fading-571x400.jpg 571w\" sizes=\"auto, (max-width: 600px) 100vw, 600px\" title=\"\">\t\t\t\t\t\t\t\t\t\t\t<\/div>\n\t\t\t\t\t<\/div>\n\n\t\t<div class=\"box-text text-center\" >\n\t\t\t<div class=\"box-text-inner\">\n\t\t\t\t\n<p>A\u00e7o inoxid\u00e1vel 304, tem excelente resist\u00eancia \u00e0 comunica\u00e7\u00e3o para uma ampla gama de ambientes atmosf\u00e9ricos de equipamentos e muitos meios corrosivos. Est\u00e1 sujeito \u00e0 corros\u00e3o por picadas e fendas em ambientes quentes de cloreto e para resistir \u00e0 ferrugem, corros\u00e3o sob tens\u00e3o acima de cerca de 60 \u2103<\/p>\n\t\t\t<\/div>\n\t\t<\/div>\n\t<\/div>\n\t\n\t\t<\/div>\n\t\t\t\t\t<\/div>\n\n\t\n\n\t<div id=\"col-1604631788\" class=\"col medium-4 small-12 large-4\"  >\n\t\t\t\t<div class=\"col-inner\"  >\n\t\t\t\n\t\t\t\n\t<div class=\"box has-hover   has-hover box-text-bottom\" >\n\n\t\t<div class=\"box-image\" >\n\t\t\t\t\t\t<div class=\"\" >\n\t\t\t\t<img loading=\"lazy\" decoding=\"async\" width=\"600\" height=\"420\" src=\"https:\/\/moposanitaryware.com\/wp-content\/uploads\/2021\/07\/Bathroom-accessories-multiple-treatment-bases-the-base-adopts-mirror-light-brushed-surface-treatment.jpg\" class=\"attachment- size-\" alt=\"Acess\u00f3rios para banheiro com m\u00faltiplas bases de tratamento, a base adota tratamento de superf\u00edcie escovada com luz de espelho\" srcset=\"https:\/\/moposanitaryware.com\/wp-content\/uploads\/2021\/07\/Bathroom-accessories-multiple-treatment-bases-the-base-adopts-mirror-light-brushed-surface-treatment.jpg 600w, https:\/\/moposanitaryware.com\/wp-content\/uploads\/2021\/07\/Bathroom-accessories-multiple-treatment-bases-the-base-adopts-mirror-light-brushed-surface-treatment-571x400.jpg 571w\" sizes=\"auto, (max-width: 600px) 100vw, 600px\" title=\"\">\t\t\t\t\t\t\t\t\t\t\t<\/div>\n\t\t\t\t\t<\/div>\n\n\t\t<div class=\"box-text text-center\" >\n\t\t\t<div class=\"box-text-inner\">\n\t\t\t\t\n<p id=\"tw-target-text\" class=\"tw-data-text tw-text-large XcVN5d tw-ta\" dir=\"ltr\" data-placeholder=\"\u7ffb\u8bd1\">M\u00faltiplas bases de tratamento a base adota tratamento de superf\u00edcie escovado com luz espelhada para destacar a beleza da apar\u00eancia arte moderna e elegante resistente ao desgaste, resistente a arranh\u00f5es, tratamento dur\u00e1vel, anodizado manuseado suave e delicado, nunca enferrujado nunca desbotando, s\u00f3lido realmente matizado<\/p>\n\t\t\t<\/div>\n\t\t<\/div>\n\t<\/div>\n\t\n\t\t<\/div>\n\t\t\t\t\t<\/div>\n\n\t\n<\/div>\n<div class=\"row row-solid\"  id=\"row-135264626\">\n\n\t<div id=\"col-24033183\" class=\"col medium-4 small-12 large-4\"  >\n\t\t\t\t<div class=\"col-inner\"  >\n\t\t\t\n\t\t\t\n\t<div class=\"box has-hover   has-hover box-text-bottom\" >\n\n\t\t<div class=\"box-image\" >\n\t\t\t\t\t\t<div class=\"\" >\n\t\t\t\t<img loading=\"lazy\" decoding=\"async\" width=\"600\" height=\"420\" src=\"https:\/\/moposanitaryware.com\/wp-content\/uploads\/2021\/07\/Brass-bathroom-accessories-more-Long-lasting-has-a-durable-long-lasting-finish-that-helps-prevent-corrosion.jpg\" class=\"attachment- size-\" alt=\"Acess\u00f3rios de banheiro de lat\u00e3o mais duradouros t\u00eam um acabamento dur\u00e1vel e duradouro que ajuda a prevenir a corros\u00e3o\" srcset=\"https:\/\/moposanitaryware.com\/wp-content\/uploads\/2021\/07\/Brass-bathroom-accessories-more-Long-lasting-has-a-durable-long-lasting-finish-that-helps-prevent-corrosion.jpg 600w, https:\/\/moposanitaryware.com\/wp-content\/uploads\/2021\/07\/Brass-bathroom-accessories-more-Long-lasting-has-a-durable-long-lasting-finish-that-helps-prevent-corrosion-571x400.jpg 571w\" sizes=\"auto, (max-width: 600px) 100vw, 600px\" title=\"\">\t\t\t\t\t\t\t\t\t\t\t<\/div>\n\t\t\t\t\t<\/div>\n\n\t\t<div class=\"box-text text-center\" >\n\t\t\t<div class=\"box-text-inner\">\n\t\t\t\t\n<p>Acess\u00f3rios de banheiro de lat\u00e3o MOPO Os acess\u00f3rios de banho de lat\u00e3o adicionam estilo e funcionalidade ao seu banheiro com toalheiros, ganchos de toalha, an\u00e9is de toalha, porta-len\u00e7os de papel e muito mais Longa dura\u00e7\u00e3o-Tem um acabamento dur\u00e1vel e duradouro que ajuda a prevenir corros\u00e3o, descolora\u00e7\u00e3o ou descolora\u00e7\u00e3o, permitindo que voc\u00ea aproveite o visual que voc\u00ea ama por toda a vida<\/p>\n\t\t\t<\/div>\n\t\t<\/div>\n\t<\/div>\n\t\n\t\t<\/div>\n\t\t\t\t\t<\/div>\n\n\t\n\n\t<div id=\"col-882609579\" class=\"col medium-4 small-12 large-4\"  >\n\t\t\t\t<div class=\"col-inner\"  >\n\t\t\t\n\t\t\t\n\t<div class=\"box has-hover   has-hover box-text-bottom\" >\n\n\t\t<div class=\"box-image\" >\n\t\t\t\t\t\t<div class=\"\" >\n\t\t\t\t<img loading=\"lazy\" decoding=\"async\" width=\"600\" height=\"420\" src=\"https:\/\/moposanitaryware.com\/wp-content\/uploads\/2021\/07\/Bathroom-accessories-304-stainless-steel-anti-corrosion-anti-aging-fashion-design-beautiful-appearance-highlighting-grade.jpg\" class=\"attachment- size-\" alt=\"Acess\u00f3rios para banheiro anticorros\u00e3o, antienvelhecimento, design de moda, bela apar\u00eancia, destacando a qualidade\" srcset=\"https:\/\/moposanitaryware.com\/wp-content\/uploads\/2021\/07\/Bathroom-accessories-304-stainless-steel-anti-corrosion-anti-aging-fashion-design-beautiful-appearance-highlighting-grade.jpg 600w, https:\/\/moposanitaryware.com\/wp-content\/uploads\/2021\/07\/Bathroom-accessories-304-stainless-steel-anti-corrosion-anti-aging-fashion-design-beautiful-appearance-highlighting-grade-571x400.jpg 571w\" sizes=\"auto, (max-width: 600px) 100vw, 600px\" title=\"\">\t\t\t\t\t\t\t\t\t\t\t<\/div>\n\t\t\t\t\t<\/div>\n\n\t\t<div class=\"box-text text-center\" >\n\t\t\t<div class=\"box-text-inner\">\n\t\t\t\t\n<p>Atualiza\u00e7\u00f5es f\u00e1ceis do banheiro A\u00e7o inoxid\u00e1vel 304, anticorros\u00e3o, antienvelhecimento, design moderno, apar\u00eancia bonita, grau de destaque Atualizar as ferragens do seu banheiro \u00e9 uma maneira simples e acess\u00edvel de trazer novos estilos e acabamentos ao seu espa\u00e7o. Com uma grande variedade de estilos dispon\u00edveis, \u00e9 f\u00e1cil complementar a decora\u00e7\u00e3o existente e, ao mesmo tempo, atualizar seu banheiro.<\/p>\n\t\t\t<\/div>\n\t\t<\/div>\n\t<\/div>\n\t\n\t\t<\/div>\n\t\t\t\t\t<\/div>\n\n\t\n\n\t<div id=\"col-598195291\" class=\"col medium-4 small-12 large-4\"  >\n\t\t\t\t<div class=\"col-inner\"  >\n\t\t\t\n\t\t\t\n\t<div class=\"box has-hover   has-hover box-text-bottom\" >\n\n\t\t<div class=\"box-image\" >\n\t\t\t\t\t\t<div class=\"\" >\n\t\t\t\t<img loading=\"lazy\" decoding=\"async\" width=\"600\" height=\"420\" src=\"https:\/\/moposanitaryware.com\/wp-content\/uploads\/2021\/07\/Bathroom-accessories-offers-a-variety-of-finishes-that-complement-popular-decor-trends.jpg\" class=\"attachment- size-\" alt=\"Acess\u00f3rios para banheiro oferecem uma variedade de acabamentos\" srcset=\"https:\/\/moposanitaryware.com\/wp-content\/uploads\/2021\/07\/Bathroom-accessories-offers-a-variety-of-finishes-that-complement-popular-decor-trends.jpg 600w, https:\/\/moposanitaryware.com\/wp-content\/uploads\/2021\/07\/Bathroom-accessories-offers-a-variety-of-finishes-that-complement-popular-decor-trends-571x400.jpg 571w\" sizes=\"auto, (max-width: 600px) 100vw, 600px\" title=\"\">\t\t\t\t\t\t\t\t\t\t\t<\/div>\n\t\t\t\t\t<\/div>\n\n\t\t<div class=\"box-text text-center\" >\n\t\t\t<div class=\"box-text-inner\">\n\t\t\t\t\n<p>oferece uma variedade de acabamentos que complementam as tend\u00eancias populares de decora\u00e7\u00e3o em todo o banheiro que dar\u00e3o um design com estilo em mente, oferece acess\u00f3rios de banho como porta-toalhas, porta-toalhas, porta-papel higi\u00eanico e muito mais que trar\u00e3o um visual cl\u00e1ssico ao seu espa\u00e7o.<\/p>\n\t\t\t<\/div>\n\t\t<\/div>\n\t<\/div>\n\t\n\t\t<\/div>\n\t\t\t\t\t<\/div>\n\n\t\n<\/div>\n<div class=\"row\"  id=\"row-2062004890\">\n\n\t<div id=\"col-755719596\" class=\"col medium-6 small-12 large-6\"  >\n\t\t\t\t<div class=\"col-inner\"  >\n\t\t\t\n\t\t\t\n<div class=\"container section-title-container\" ><h3 class=\"section-title section-title-normal\"><b><\/b><span class=\"section-title-main\" >envie-nos um e-mail<\/span><b><\/b><\/h3><\/div>\n<p>Se voc\u00ea est\u00e1 interessado em nossos produtos e deseja saber mais detalhes, deixe uma mensagem aqui, responderemos o mais breve poss\u00edvel.<\/p>\n\n<div class=\"wpcf7 no-js\" id=\"wpcf7-f13-o1\" lang=\"en-US\" dir=\"ltr\" data-wpcf7-id=\"13\">\n<div class=\"screen-reader-response\"><p role=\"status\" aria-live=\"polite\" aria-atomic=\"true\"><\/p> <ul><\/ul><\/div>\n<form action=\"\/pt\/wp-json\/wp\/v2\/product\/2401#wpcf7-f13-o1\" method=\"post\" class=\"wpcf7-form init\" aria-label=\"Formul\u00e1rio de contato\" novalidate=\"novalidate\" data-status=\"init\" data-trp-original-action=\"\/pt\/wp-json\/wp\/v2\/product\/2401#wpcf7-f13-o1\">\n<fieldset class=\"hidden-fields-container\"><input type=\"hidden\" name=\"_wpcf7\" value=\"13\" \/><input type=\"hidden\" name=\"_wpcf7_version\" value=\"6.1.1\" \/><input type=\"hidden\" name=\"_wpcf7_locale\" value=\"en_US\" \/><input type=\"hidden\" name=\"_wpcf7_unit_tag\" value=\"wpcf7-f13-o1\" \/><input type=\"hidden\" name=\"_wpcf7_container_post\" value=\"0\" \/><input type=\"hidden\" name=\"_wpcf7_posted_data_hash\" value=\"\" \/><input type=\"hidden\" name=\"_wpcf7_recaptcha_response\" value=\"\" \/>\n<\/fieldset>\n<div class=\"form-flat\">\n\t<p><span class=\"wpcf7-form-control-wrap\" data-name=\"your-name\"><input size=\"40\" maxlength=\"400\" class=\"wpcf7-form-control wpcf7-text wpcf7-validates-as-required\" aria-required=\"true\" aria-invalid=\"false\" placeholder=\"Seu nome (obrigat\u00f3rio)\" value=\"\" type=\"text\" name=\"your-name\" \/><\/span><br \/>\n<span class=\"wpcf7-form-control-wrap\" data-name=\"your-email\"><input size=\"40\" maxlength=\"400\" class=\"wpcf7-form-control wpcf7-email wpcf7-validates-as-required wpcf7-text wpcf7-validates-as-email\" aria-required=\"true\" aria-invalid=\"false\" placeholder=\"Seu e-mail (obrigat\u00f3rio)\" value=\"\" type=\"email\" name=\"your-email\" \/><\/span>\n\t<\/p>\n\t<p><span class=\"wpcf7-form-control-wrap\" data-name=\"your-tels\"><input size=\"40\" maxlength=\"400\" class=\"wpcf7-form-control wpcf7-tel wpcf7-text wpcf7-validates-as-tel\" aria-invalid=\"false\" placeholder=\"Seu telefone (opcional)\" value=\"\" type=\"tel\" name=\"your-tels\" \/><\/span>\n\t<\/p>\n\t<p><span class=\"wpcf7-form-control-wrap\" data-name=\"your-message\"><textarea cols=\"40\" rows=\"10\" maxlength=\"2000\" class=\"wpcf7-form-control wpcf7-textarea\" aria-invalid=\"false\" placeholder=\"Para obter o melhor resultado, recomendamos incluir os seguintes detalhes:-Autoapresenta\u00e7\u00e3o-Itens ou servi\u00e7os necess\u00e1rios-Quantidade necess\u00e1ria\" name=\"your-message\"><\/textarea><\/span>\n\t<\/p>\n\t<p>Consultoria de neg\u00f3cios:*<br \/>\n<span class=\"wpcf7-form-control-wrap\" data-name=\"checkbox\"><span class=\"wpcf7-form-control wpcf7-checkbox wpcf7-validates-as-required wpcf7-exclusive-checkbox\"><span class=\"wpcf7-list-item first\"><label><input type=\"checkbox\" name=\"checkbox\" value=\"Quotation\" \/><span class=\"wpcf7-list-item-label\">cota\u00e7\u00e3o<\/span><\/label><\/span><span class=\"wpcf7-list-item\"><label><input type=\"checkbox\" name=\"checkbox\" value=\"Catalog\" \/><span class=\"wpcf7-list-item-label\">Cat\u00e1logo<\/span><\/label><\/span><span class=\"wpcf7-list-item\"><label><input type=\"checkbox\" name=\"checkbox\" value=\"Service Support\" \/><span class=\"wpcf7-list-item-label\">Servi\u00e7o de suporte<\/span><\/label><\/span><span class=\"wpcf7-list-item\"><label><input type=\"checkbox\" name=\"checkbox\" value=\"Project\" \/><span class=\"wpcf7-list-item-label\">Projeto<\/span><\/label><\/span><span class=\"wpcf7-list-item last\"><label><input type=\"checkbox\" name=\"checkbox\" value=\"I am interested in becoming an agent\" \/><span class=\"wpcf7-list-item-label\">Estou interessado em me tornar um agente<\/span><\/label><\/span><\/span><\/span><br \/>\n<input class=\"wpcf7-form-control wpcf7-submit has-spinner button\" type=\"submit\" value=\"Enviar\" \/>\n\t<\/p>\n<\/div><div class=\"wpcf7-response-output\" aria-hidden=\"true\"><\/div>\n<input type=\"hidden\" name=\"trp-form-language\" value=\"pt\"\/><\/form>\n<\/div>\n\n\t\t<\/div>\n\t\t\t\t\t<\/div>\n\n\t\n\n\t<div id=\"col-913245002\" class=\"col medium-6 small-12 large-6\"  >\n\t\t\t\t<div class=\"col-inner\"  >\n\t\t\t\n\t\t\t\n<div class=\"container section-title-container\" ><h3 class=\"section-title section-title-normal\"><b><\/b><span class=\"section-title-main\" >CONTATE-NOS<\/span><b><\/b><\/h3><\/div>\n<p>Se voc\u00ea tiver alguma d\u00favida sobre algum de nossos produtos ou precisar entrar em contato por qualquer outro motivo, preencha o formul\u00e1rio abaixo e entraremos em contato com voc\u00ea o mais r\u00e1pido poss\u00edvel.<\/p>\n<p><strong>Ligue para n\u00f3s:<\/strong> <a href=\"http:\/\/+86 18675762929\" rel=\"nofollow\">+8618675762929<\/a><br \/>\n<strong>Envia-nos um email<\/strong>:\u00a0\u00a0<a href=\"mailto:info@mopochina.com\">info@mopochina.com<\/a><\/p>\n<p><strong>Skype\u00a0<\/strong>: <a href=\"skype:Sanitwell Shen?chat\">jiawei cheng<\/a><\/p>\n<p><strong>Endere\u00e7o<\/strong> : B1, n\u00ba 10<sup>\u00ba<\/sup>, Mundo da Cer\u00e2mica Yingkeyijia, 4<sup>\u00ba<\/sup>\u00a0Estrada Jihua, Chancheng, Foshan, 528 000, Guangdong, China<\/p>\n<p><strong>BASE DE PRODU\u00c7\u00c3O :<\/strong>\u00a0Pa\u00eds de Chaoan, cidade de Chaozhou, prov\u00edncia de Guangdong<\/p>\n<p><strong>Link amig\u00e1vel:<\/strong><br \/>\n<a href=\"https:\/\/moposanitaryware.com\/pt\/\">https:\/\/moposanitaryware.com<\/a><br \/>\n<a href=\"https:\/\/www.mopotoilet.com\" rel=\"nofollow noopener\" target=\"_blank\">https:\/\/www.mopotoilet.com<\/a><br \/>\n<a href=\"https:\/\/\/pt\/www.mopofaucet.com\/\">https:www.mopofaucet.com<\/a><\/p>\n<div class=\"social-icons follow-icons full-width text-left\" ><span>Siga-nos<\/span><a href=\"https:\/\/www.facebook.com\/MOPOCHINA\" target=\"_blank\" data-label=\"Facebook\" class=\"icon primary button circle facebook tooltip\" title=\"Siga no Facebook\" aria-label=\"Siga no Facebook\" rel=\"noopener nofollow\"><i class=\"icon-facebook\" ><\/i><\/a><a href=\"https:\/\/www.instagram.com\/mopotoilet\/\" target=\"_blank\" data-label=\"Instagram\" class=\"icon primary button circle instagram tooltip\" title=\"Siga no Instagram\" aria-label=\"Siga no Instagram\" rel=\"noopener nofollow\"><i class=\"icon-instagram\" ><\/i><\/a><a href=\"https:\/\/twitter.com\/mopotoilet\" data-label=\"Twitter\" target=\"_blank\" class=\"icon primary button circle twitter tooltip\" title=\"Siga no Twitter\" aria-label=\"Siga no Twitter\" rel=\"noopener nofollow\"><i class=\"icon-twitter\" ><\/i><\/a><a href=\"mailto:info@mopochina.com\" data-label=\"E-mail\" target=\"_blank\" class=\"icon primary button circle email tooltip\" title=\"envie-nos um e-mail\" aria-label=\"envie-nos um e-mail\" rel=\"nofollow noopener\" ><i class=\"icon-envelop\" ><\/i><\/a><a href=\"https:\/\/www.linkedin.com\/company\/mopo-sanitary-ware\/\" data-label=\"LinkedIn\" target=\"_blank\" class=\"icon primary button circle linkedin tooltip\" title=\"Siga no LinkedIn\" aria-label=\"Siga no LinkedIn\" rel=\"noopener nofollow\"><i class=\"icon-linkedin\" ><\/i><\/a><a href=\"https:\/\/www.youtube.com\/c\/mopochina\/featured\" data-label=\"YouTube\" target=\"_blank\" class=\"icon primary button circle youtube tooltip\" title=\"Siga no YouTube\" aria-label=\"Siga no YouTube\" rel=\"noopener nofollow\"><i class=\"icon-youtube\" ><\/i><\/a><\/div>\n\t\t<\/div>\n\t\t\t\t\t<\/div>\n\n\t\n<\/div>","protected":false},"excerpt":{"rendered":"<p>Marca: <a href=\"#brave_open_popup_688\">MOPO\u00ae<\/a><br \/>\nNome: Conjunto de acess\u00f3rios para banheiro<br \/>\nModel Number: MP-2800 Series<br \/>\nMaterial: Cobre\/Jade\/A\u00e7o inoxid\u00e1vel<br \/>\nMaterial: lat\u00e3o\/a\u00e7o inoxid\u00e1vel\/jade<br \/>\nCores: cromo\/preto\/ouro\/ouro rosa<br \/>\nTipo de instala\u00e7\u00e3o: montado na parede<br \/>\nServi\u00e7o p\u00f3s-venda: 3 anos de garantia<\/p>\n\t<a class=\"paoc-popup-click paoc-popup-cust-337 paoc-popup-button paoc-popup-btn\" href=\"javascript:void(0);\">Solicite um or\u00e7amento<\/a>\r\n\u00a0 \u00a0 \u00a0<a href=\"https:\/\/api.whatsapp.com\/send?phone=8618675762929\"><img loading=\"lazy\" decoding=\"async\" class=\"alignnone wp-image-6698\" src=\"https:\/\/moposanitaryware.com\/wp-content\/uploads\/WhatsApp.png\" alt=\"\" width=\"140\" height=\"33\" srcset=\"https:\/\/moposanitaryware.com\/wp-content\/uploads\/WhatsApp.png 546w, https:\/\/moposanitaryware.com\/wp-content\/uploads\/WhatsApp-18x4.png 18w\" sizes=\"auto, (max-width: 140px) 100vw, 140px\" \/><\/a><\/p>","protected":false},"featured_media":2402,"template":"","meta":{"_acf_changed":false},"product_brand":[],"product_cat":[15,34,28,123],"product_tag":[140,121,155],"class_list":{"0":"post-2401","1":"product","2":"type-product","3":"status-publish","4":"has-post-thumbnail","6":"product_cat-see-all-categories","7":"product_cat-hardware-parts","8":"product_cat-bathroom-accessories","9":"product_cat-sets","10":"product_tag-accessories","11":"product_tag-bathroom-accessories","12":"product_tag-bathroom-accessories-set","14":"first","15":"instock","16":"shipping-taxable","17":"product-type-simple"},"acf":[],"_links":{"self":[{"href":"https:\/\/moposanitaryware.com\/pt\/wp-json\/wp\/v2\/product\/2401","targetHints":{"allow":["GET"]}}],"collection":[{"href":"https:\/\/moposanitaryware.com\/pt\/wp-json\/wp\/v2\/product"}],"about":[{"href":"https:\/\/moposanitaryware.com\/pt\/wp-json\/wp\/v2\/types\/product"}],"wp:featuredmedia":[{"embeddable":true,"href":"https:\/\/moposanitaryware.com\/pt\/wp-json\/wp\/v2\/media\/2402"}],"wp:attachment":[{"href":"https:\/\/moposanitaryware.com\/pt\/wp-json\/wp\/v2\/media?parent=2401"}],"wp:term":[{"taxonomy":"product_brand","embeddable":true,"href":"https:\/\/moposanitaryware.com\/pt\/wp-json\/wp\/v2\/product_brand?post=2401"},{"taxonomy":"product_cat","embeddable":true,"href":"https:\/\/moposanitaryware.com\/pt\/wp-json\/wp\/v2\/product_cat?post=2401"},{"taxonomy":"product_tag","embeddable":true,"href":"https:\/\/moposanitaryware.com\/pt\/wp-json\/wp\/v2\/product_tag?post=2401"}],"curies":[{"name":"wp","href":"https:\/\/api.w.org\/{rel}","templated":true}]}}