{"id":2052,"date":"2021-06-22T08:55:32","date_gmt":"2021-06-22T08:55:32","guid":{"rendered":"https:\/\/moposanitaryware.com\/?post_type=product&#038;p=2052"},"modified":"2024-08-01T09:48:38","modified_gmt":"2024-08-01T09:48:38","slug":"factory-wholesale-bathroom-smart-toilets","status":"publish","type":"product","link":"https:\/\/moposanitaryware.com\/pt\/factory-wholesale-bathroom-smart-toilets\/","title":{"rendered":"F\u00e1brica de atacado eletr\u00f4nico autom\u00e1tico closestool vaso sanit\u00e1rio inteligente uma pe\u00e7a sif\u00e3o jato descarga banheiro inteligente"},"content":{"rendered":"<div class=\"banner has-hover\" id=\"banner-486752813\">\n          <div class=\"banner-inner fill\">\n        <div class=\"banner-bg fill\" >\n            <img loading=\"lazy\" decoding=\"async\" width=\"800\" height=\"333\" src=\"https:\/\/moposanitaryware.com\/wp-content\/uploads\/2022\/09\/smart-toilet-supplier-and-manufacturer-china-intelligent-toilet.jpg\" class=\"bg attachment-original size-original\" alt=\"\" title=\"\">                                    \n                    <\/div>\n\t\t\n        <div class=\"banner-layers container\">\n            <a class=\"fill\" href=\"https:\/\/moposanitaryware.com\/pt\/shop\/bidets-toilets\/\" ><div class=\"fill banner-link\"><\/div><\/a>            \n   <div id=\"text-box-1969479515\" class=\"text-box banner-layer x85 md-x50 lg-x50 y70 md-y70 lg-y70 res-text\">\n                                <div class=\"text-box-content text dark\">\n              \n              <div class=\"text-inner text-center\">\n                  \n<h2 class=\"LC20lb MBeuO DKV0Md\"><span style=\"font-size: 80%;\"><a href=\"https:\/\/moposanitaryware.com\/pt\/shop\/bidets-toilets\/\">Banheiros inteligentes<\/a> &#8211; Smart Bathroom<\/span><\/h2>\n<a href=\"#brave_open_popup_688\" class=\"button success lowercase\"  style=\"border-radius:99px;\">\n\t\t<span>Obter cota\u00e7\u00e3o<\/span>\n\t<\/a>\n\n              <\/div>\n           <\/div>\n                            \n<style>\n#text-box-1969479515 {\n  width: 61%;\n}\n#text-box-1969479515 .text-box-content {\n  font-size: 100%;\n}\n@media (min-width:550px) {\n  #text-box-1969479515 {\n    width: 28%;\n  }\n}\n<\/style>\n    <\/div>\n \n        <\/div>\n      <\/div>\n\n            \n<style>\n#banner-486752813 {\n  padding-top: 50%;\n  background-color: rgb(255,255,255);\n}\n#banner-486752813 .banner-bg img {\n  object-position: 37% 26%;\n}\n@media (min-width:550px) {\n  #banner-486752813 {\n    padding-top: 35%;\n  }\n}\n<\/style>\n  <\/div>\n\n\n<div class=\"row align-center\"  id=\"row-1090771081\">\n\n\t<div id=\"col-1365728475\" class=\"col medium-10 small-12 large-10\"  >\n\t\t\t\t<div class=\"col-inner text-center\"  >\n\t\t\t\n\t\t\t\n<h1 style=\"text-align: center;\"><a href=\"https:\/\/moposanitaryware.com\/pt\/categoria-produto\/bidet-toilets\/\">Smart Toilet<\/a><\/h1>\n<p style=\"text-align: center;\">High-quality intelligent toilet manufacturer &amp; supplier, specializes in wholesale of new Smart Toilet, Intelligent Toilet Seat MOPO Smart toilet manufactures quality, affordable, luxury smart bidet toilets. This intelligent technology will change the way you look at your bathroom. and a variety of bathroom products<\/p>\n\t\t<\/div>\n\t\t\t\t\t<\/div>\n\n\t\n<\/div>\n<div class=\"row\"  id=\"row-78835484\">\n\n\t<div id=\"col-1418976794\" class=\"col medium-6 small-12 large-6\"  >\n\t\t\t\t<div class=\"col-inner\"  >\n\t\t\t\n\t\t\t\n<h3>Bocal de a\u00e7o inoxid\u00e1vel<\/h3>\n<p><b>Com fun\u00e7\u00e3o 3 em 1.<\/b>O <a href=\"https:\/\/moposanitaryware.com\/pt\/shop\/bidets-toilets\/\">banheiro inteligente<\/a> trar\u00e1 a lavagem que voc\u00ea merece para seu banheiro. Experimente nosso bocal 3 em 1 especialmente projetado que proporcionar\u00e1 a melhor lavagem posterior, lavagem feminina reconfortante e lavagem turbo eficaz. O bocal de a\u00e7o inoxid\u00e1vel autolimpante adiciona eleg\u00e2ncia que j\u00e1 oferece, e muito mais. Minimize as necessidades de manuten\u00e7\u00e3o e limpeza com este componente dur\u00e1vel e eficaz Cuidado saud\u00e1vel, Cuidado saud\u00e1vel, Limpeza feminina, Limpeza de quadril, Autolimpeza de bico, Limpeza de massagem m\u00f3vel, V\u00e1rias op\u00e7\u00f5es de lavagem est\u00e3o dispon\u00edveis para sua vida confort\u00e1vel e saud\u00e1vel.<\/p>\n\t\t<\/div>\n\t\t\t\t\t<\/div>\n\n\t\n\n\t<div id=\"col-1895452260\" class=\"col medium-6 small-12 large-6\"  >\n\t\t\t\t<div class=\"col-inner\"  >\n\t\t\t\n\t\t\t\n\t<div class=\"img has-hover x md-x lg-x y md-y lg-y\" id=\"image_714978395\">\n\t\t<a class=\"open-video\" href=\"https:\/\/www.youtube.com\/watch?v=CeHGZjKQAcU\" rel=\"nofollow noopener\" target=\"_blank\">\t\t\t\t\t\t<div class=\"img-inner dark\" >\n\t\t\t<img loading=\"lazy\" decoding=\"async\" width=\"600\" height=\"420\" src=\"https:\/\/moposanitaryware.com\/wp-content\/uploads\/2022\/09\/Smart-toilet-Patented-3-in-1-nozzle.jpg\" class=\"attachment-original size-original\" alt=\"\" srcset=\"https:\/\/moposanitaryware.com\/wp-content\/uploads\/2022\/09\/Smart-toilet-Patented-3-in-1-nozzle.jpg 600w, https:\/\/moposanitaryware.com\/wp-content\/uploads\/2022\/09\/Smart-toilet-Patented-3-in-1-nozzle-571x400.jpg 571w\" sizes=\"auto, (max-width: 600px) 100vw, 600px\" title=\"\">\t\t\t\t\t\t\t<div class=\"overlay\" style=\"background-color: rgba(0,0,0,.2)\"><\/div>\n\t\t\t\t\t\t\t\t\t\t<div class=\"absolute no-click x50 y50 md-x50 md-y50 lg-x50 lg-y50 text-shadow-2\">\n\t\t\t\t\t<div class=\"overlay-icon\">\n\t\t\t\t\t\t<i class=\"icon-play\"><\/i>\n\t\t\t\t\t<\/div>\n\t\t\t\t<\/div>\n\t\t\t\n\t\t\t\t\t<\/div>\n\t\t\t\t\t\t<\/a>\t\t\n<style>\n#image_714978395 {\n  width: 100%;\n}\n<\/style>\n\t<\/div>\n\t\n\t\t<\/div>\n\t\t\t\t\t<\/div>\n\n\t\n<\/div>\n<div class=\"row\"  id=\"row-1796561887\">\n\n\t<div id=\"col-615269582\" class=\"col medium-6 small-12 large-6\"  >\n\t\t\t\t<div class=\"col-inner\"  >\n\t\t\t\n\t\t\t\n\t<div class=\"img has-hover x md-x lg-x y md-y lg-y\" id=\"image_189103896\">\n\t\t<a class=\"\" href=\"https:\/\/moposanitaryware.com\/pt\/shop\/bidets-toilets\/\">\t\t\t\t\t\t<div class=\"img-inner dark\" >\n\t\t\t<img loading=\"lazy\" decoding=\"async\" width=\"600\" height=\"420\" src=\"https:\/\/moposanitaryware.com\/wp-content\/uploads\/2022\/09\/Smart-Toilet-Cleansing-Water-Warm-air-dryer.jpg\" class=\"attachment-original size-original\" alt=\"\" srcset=\"https:\/\/moposanitaryware.com\/wp-content\/uploads\/2022\/09\/Smart-Toilet-Cleansing-Water-Warm-air-dryer.jpg 600w, https:\/\/moposanitaryware.com\/wp-content\/uploads\/2022\/09\/Smart-Toilet-Cleansing-Water-Warm-air-dryer-571x400.jpg 571w\" sizes=\"auto, (max-width: 600px) 100vw, 600px\" title=\"\">\t\t\t\t\t\t\n\t\t\t\t\t<\/div>\n\t\t\t\t\t\t<\/a>\t\t\n<style>\n#image_189103896 {\n  width: 100%;\n}\n<\/style>\n\t<\/div>\n\t\n\t\t<\/div>\n\t\t\t\t\t<\/div>\n\n\t\n\n\t<div id=\"col-1910591534\" class=\"col medium-6 small-12 large-6\"  >\n\t\t\t\t<div class=\"col-inner\"  >\n\t\t\t\n\t\t\t\n<h3>Secador de ar quente ajust\u00e1vel<\/h3>\n<p>Aproveite a facilidade e o conforto de secar com o secador de ar quente com temperatura ajust\u00e1vel.<a href=\"https:\/\/moposanitaryware.com\/pt\/shop\/bidets-toilets\/\"> banheiro<\/a> papel e cria uma experi\u00eancia com as m\u00e3os livres. Os n\u00edveis de temperatura do secador s\u00e3o ajust\u00e1veis em at\u00e9 5 n\u00edveis de acordo com seu conforto e gosto. Escolha mant\u00ea-lo aquecido ou fresco. Termine sua experi\u00eancia com o secador quente e voc\u00ea salvar\u00e1 \u00e1rvores enquanto faz isso.<\/p>\n\t\t<\/div>\n\t\t\t\t\t<\/div>\n\n\t\n<\/div>\n<div class=\"row\"  id=\"row-68528013\">\n\n\t<div id=\"col-775452399\" class=\"col medium-6 small-12 large-6\"  >\n\t\t\t\t<div class=\"col-inner\"  >\n\t\t\t\n\t\t\t\n<h3>Tecnologia de aquecimento h\u00edbrida<\/h3>\n<p>A inova\u00e7\u00e3o brilhante da tecnologia h\u00edbrida de aquecimento de \u00e1gua \u00e9 comprovadamente um dos m\u00e9todos de aquecimento instant\u00e2neo de \u00e1gua mais eficazes e confi\u00e1veis. Desenvolvemos uma nova tecnologia de aquecimento h\u00edbrido que utiliza os melhores recursos das tecnologias de aquecimento instant\u00e2neo e de aquecimento. fluxo e consist\u00eancia de temperatura com dura\u00e7\u00e3o ilimitada para produzir fluxo cont\u00ednuo de \u00e1gua quente e rejuvenescedora.<\/p>\n\t\t<\/div>\n\t\t\t\t\t<\/div>\n\n\t\n\n\t<div id=\"col-867836421\" class=\"col medium-6 small-12 large-6\"  >\n\t\t\t\t<div class=\"col-inner\"  >\n\t\t\t\n\t\t\t\n\t<div class=\"img has-hover x md-x lg-x y md-y lg-y\" id=\"image_1597074368\">\n\t\t<a class=\"\" href=\"https:\/\/moposanitaryware.com\/pt\/shop\/bidets-toilets\/\">\t\t\t\t\t\t<div class=\"img-inner dark\" >\n\t\t\t<img loading=\"lazy\" decoding=\"async\" width=\"600\" height=\"420\" src=\"https:\/\/moposanitaryware.com\/wp-content\/uploads\/2022\/09\/Smart-Toilet-Hybrid-heating-technology-Built-to-last.jpg\" class=\"attachment-original size-original\" alt=\"\" srcset=\"https:\/\/moposanitaryware.com\/wp-content\/uploads\/2022\/09\/Smart-Toilet-Hybrid-heating-technology-Built-to-last.jpg 600w, https:\/\/moposanitaryware.com\/wp-content\/uploads\/2022\/09\/Smart-Toilet-Hybrid-heating-technology-Built-to-last-571x400.jpg 571w\" sizes=\"auto, (max-width: 600px) 100vw, 600px\" title=\"\">\t\t\t\t\t\t\n\t\t\t\t\t<\/div>\n\t\t\t\t\t\t<\/a>\t\t\n<style>\n#image_1597074368 {\n  width: 100%;\n}\n<\/style>\n\t<\/div>\n\t\n\t\t<\/div>\n\t\t\t\t\t<\/div>\n\n\t\n<\/div>\n<div class=\"row\"  id=\"row-705567893\">\n\n\t<div id=\"col-1847875874\" class=\"col medium-6 small-12 large-6\"  >\n\t\t\t\t<div class=\"col-inner\"  >\n\t\t\t\n\t\t\t\n\t<div class=\"img has-hover x md-x lg-x y md-y lg-y\" id=\"image_2087365774\">\n\t\t<a class=\"open-video\" href=\"https:\/\/www.youtube.com\/watch?v=5KqqEmz7ak0\" rel=\"nofollow noopener\" target=\"_blank\">\t\t\t\t\t\t<div class=\"img-inner dark\" >\n\t\t\t<img loading=\"lazy\" decoding=\"async\" width=\"600\" height=\"420\" src=\"https:\/\/moposanitaryware.com\/wp-content\/uploads\/2022\/09\/Smart-Toilets-manufacturer-and-supplier-Bidet-Toilets-Foam-shield-Splash-proof.jpg\" class=\"attachment-original size-original\" alt=\"\" srcset=\"https:\/\/moposanitaryware.com\/wp-content\/uploads\/2022\/09\/Smart-Toilets-manufacturer-and-supplier-Bidet-Toilets-Foam-shield-Splash-proof.jpg 600w, https:\/\/moposanitaryware.com\/wp-content\/uploads\/2022\/09\/Smart-Toilets-manufacturer-and-supplier-Bidet-Toilets-Foam-shield-Splash-proof-571x400.jpg 571w\" sizes=\"auto, (max-width: 600px) 100vw, 600px\" title=\"\">\t\t\t\t\t\t\t<div class=\"overlay\" style=\"background-color: rgba(0,0,0,.2)\"><\/div>\n\t\t\t\t\t\t\t\t\t\t<div class=\"absolute no-click x50 y50 md-x50 md-y50 lg-x50 lg-y50 text-shadow-2\">\n\t\t\t\t\t<div class=\"overlay-icon\">\n\t\t\t\t\t\t<i class=\"icon-play\"><\/i>\n\t\t\t\t\t<\/div>\n\t\t\t\t<\/div>\n\t\t\t\n\t\t\t\t\t<\/div>\n\t\t\t\t\t\t<\/a>\t\t\n<style>\n#image_2087365774 {\n  width: 100%;\n}\n<\/style>\n\t<\/div>\n\t\n\t\t<\/div>\n\t\t\t\t\t<\/div>\n\n\t\n\n\t<div id=\"col-5829660\" class=\"col medium-6 small-12 large-6\"  >\n\t\t\t\t<div class=\"col-inner\"  >\n\t\t\t\n\t\t\t\n<h3 class=\"a-spacing-mini\">Escudo de espuma <span class=\"Y2IQFc\" lang=\"en\">Prova de agua<\/span><\/h3>\n<p class=\"a-spacing-mini\">caracter\u00edstica marcante entre <a href=\"https:\/\/moposanitaryware.com\/pt\/shop\/bidets-toilets\/\">banheiros inteligentes<\/a>. Uma prote\u00e7\u00e3o de espuma evita que a \u00e1gua espirre durante a lavagem. N\u00e3o s\u00f3 isso, mas tamb\u00e9m evita odores, sujeira e, o mais importante, esta espuma ajuda a matar bact\u00e9rias que est\u00e3o presentes ap\u00f3s o uso e tamb\u00e9m bact\u00e9rias presentes ao redor do <a href=\"https:\/\/moposanitaryware.com\/pt\/shop\/bidets-toilets\/\">vaso sanit\u00e1rio.<\/a><\/p>\n<p class=\"a-spacing-mini\">Desta forma, o <a href=\"https:\/\/moposanitaryware.com\/pt\/shop\/bidets-toilets\/\">vaso sanit\u00e1rio<\/a> \u00e9 mais limpo de usar. Muitos podem n\u00e3o avaliar a gravidade dos ataques de bact\u00e9rias; pequenos ataques de bact\u00e9rias podem causar uma alergia na pele, mas um ataque grave de bact\u00e9rias pode causar mais do que isso e prejudicar sua sa\u00fade. A presen\u00e7a destas espumas pode agora ajudar os utilizadores a resolver todos os problemas acima.<\/p>\n\t\t<\/div>\n\t\t\t\t\t<\/div>\n\n\t\n<\/div>\n<div class=\"row\"  id=\"row-1767470800\">\n\n\t<div id=\"col-101909377\" class=\"col medium-4 small-12 large-4\"  >\n\t\t\t\t<div class=\"col-inner\"  >\n\t\t\t\n\t\t\t\n\t<div class=\"img has-hover x md-x lg-x y md-y lg-y\" id=\"image_1037951471\">\n\t\t<a class=\"open-video\" href=\"https:\/\/www.youtube.com\/watch?v=0knb9chQmwk\" rel=\"nofollow noopener\" target=\"_blank\">\t\t\t\t\t\t<div class=\"img-inner dark\" >\n\t\t\t<img loading=\"lazy\" decoding=\"async\" width=\"400\" height=\"280\" src=\"https:\/\/moposanitaryware.com\/wp-content\/uploads\/2022\/09\/bathroom-automatic-electronic-bidet-smart-toilet-Contoured-seat-is-heated.jpg\" class=\"attachment-original size-original\" alt=\"\" title=\"\">\t\t\t\t\t\t\t<div class=\"overlay\" style=\"background-color: rgba(0,0,0,.2)\"><\/div>\n\t\t\t\t\t\t\t\t\t\t<div class=\"absolute no-click x50 y50 md-x50 md-y50 lg-x50 lg-y50 text-shadow-2\">\n\t\t\t\t\t<div class=\"overlay-icon\">\n\t\t\t\t\t\t<i class=\"icon-play\"><\/i>\n\t\t\t\t\t<\/div>\n\t\t\t\t<\/div>\n\t\t\t\n\t\t\t\t\t<\/div>\n\t\t\t\t\t\t<\/a>\t\t\n<style>\n#image_1037951471 {\n  width: 100%;\n}\n<\/style>\n\t<\/div>\n\t\n<h3 class=\"a-spacing-mini\">Assento aquecido<\/h3>\n<p><span class=\"a-list-item\">O assento contornado \u00e9 aquecido para proporcionar o m\u00e1ximo conforto e mant\u00ea-lo aquecido e aconchegante <\/span><span class=\"a-list-item\">Configura\u00e7\u00f5es de temperatura ajust\u00e1veis permitem que os usu\u00e1rios criem e mantenham o n\u00edvel perfeito de calor<\/span><\/p>\n\t\t<\/div>\n\t\t\t\t\t<\/div>\n\n\t\n\n\t<div id=\"col-1637376732\" class=\"col medium-4 small-12 large-4\"  >\n\t\t\t\t<div class=\"col-inner\"  >\n\t\t\t\n\t\t\t\n\t<div class=\"img has-hover x md-x lg-x y md-y lg-y\" id=\"image_608808583\">\n\t\t<a class=\"open-video\" href=\"https:\/\/www.youtube.com\/watch?v=mE6-2ssjgZo\" rel=\"nofollow noopener\" target=\"_blank\">\t\t\t\t\t\t<div class=\"img-inner dark\" >\n\t\t\t<img loading=\"lazy\" decoding=\"async\" width=\"400\" height=\"280\" src=\"https:\/\/moposanitaryware.com\/wp-content\/uploads\/2022\/09\/Smart-Toilets-wireless-remote-controlconvenient-and-sanitary-.jpg\" class=\"attachment-original size-original\" alt=\"\" title=\"\">\t\t\t\t\t\t\t<div class=\"overlay\" style=\"background-color: rgba(0,0,0,.2)\"><\/div>\n\t\t\t\t\t\t\t\t\t\t<div class=\"absolute no-click x50 y50 md-x50 md-y50 lg-x50 lg-y50 text-shadow-2\">\n\t\t\t\t\t<div class=\"overlay-icon\">\n\t\t\t\t\t\t<i class=\"icon-play\"><\/i>\n\t\t\t\t\t<\/div>\n\t\t\t\t<\/div>\n\t\t\t\n\t\t\t\t\t<\/div>\n\t\t\t\t\t\t<\/a>\t\t\n<style>\n#image_608808583 {\n  width: 100%;\n}\n<\/style>\n\t<\/div>\n\t\n<h3>Controle remoto sem fio<\/h3>\n<p>Um controle remoto que cabe na palma da sua m\u00e3o. Inclui um suporte de montagem remota para montar convenientemente na parede ao seu alcance. Siga a limpeza com o toque de um bot\u00e3o para uma secagem com ar quente ajust\u00e1vel enquanto desfruta do conforto de um assento suavemente aquecido<\/p>\n\t\t<\/div>\n\t\t\t\t\t<\/div>\n\n\t\n\n\t<div id=\"col-1814782444\" class=\"col medium-4 small-12 large-4\"  >\n\t\t\t\t<div class=\"col-inner\"  >\n\t\t\t\n\t\t\t\n\t<div class=\"img has-hover x md-x lg-x y md-y lg-y\" id=\"image_928644921\">\n\t\t<a class=\"open-video\" href=\"https:\/\/www.youtube.com\/watch?v=OzG-pyRutuI\" rel=\"nofollow noopener\" target=\"_blank\">\t\t\t\t\t\t<div class=\"img-inner dark\" >\n\t\t\t<img loading=\"lazy\" decoding=\"async\" width=\"400\" height=\"280\" src=\"https:\/\/moposanitaryware.com\/wp-content\/uploads\/2022\/09\/sanitary-wares-bathroom-ceramic-one-piece-intelligent-toilet-with-LED-blue-night-light.jpg\" class=\"attachment-original size-original\" alt=\"\" title=\"\">\t\t\t\t\t\t\t<div class=\"overlay\" style=\"background-color: rgba(0,0,0,.2)\"><\/div>\n\t\t\t\t\t\t\t\t\t\t<div class=\"absolute no-click x50 y50 md-x50 md-y50 lg-x50 lg-y50 text-shadow-2\">\n\t\t\t\t\t<div class=\"overlay-icon\">\n\t\t\t\t\t\t<i class=\"icon-play\"><\/i>\n\t\t\t\t\t<\/div>\n\t\t\t\t<\/div>\n\t\t\t\n\t\t\t\t\t<\/div>\n\t\t\t\t\t\t<\/a>\t\t\n<style>\n#image_928644921 {\n  width: 100%;\n}\n<\/style>\n\t<\/div>\n\t\n<h3 class=\"a-spacing-mini\">Luz noturna brilhante<\/h3>\n<p class=\"a-spacing-mini\">A luz noturna suave e iluminada destacar\u00e1 seu caminho at\u00e9 o banheiro. O brilho quente e convidativo do <a href=\"https:\/\/moposanitaryware.com\/pt\/shop\/bidets-toilets\/\">banheiro<\/a> O assento permite que voc\u00ea descanse tranquilamente sem sofrer com as luzes fortes no meio da noite. Se preferir a escurid\u00e3o, a luz noturna \u00e9 desligada facilmente com o toque de um bot\u00e3o.<\/p>\n\t\t<\/div>\n\t\t\t\t\t<\/div>\n\n\t\n<\/div>","protected":false},"excerpt":{"rendered":"<p>Marca: MOPO<br \/>\nModel Number\uff1a MP BM07<br \/>\nMaterial: Cer\u00e2mica<br \/>\nSize\uff1a 700x410x565mm<br \/>\nPeso: 48KG<br \/>\nCor branca<br \/>\nMat\u00e9ria: Opera\u00e7\u00e3o Autom\u00e1tica<br \/>\n<span style=\"color: #ed1c24;\"><strong><span style=\"font-size: 100%;\">Certificado: Este produto obteve a certifica\u00e7\u00e3o CE<\/span><\/strong><\/span><br \/>\nPadr\u00e3o de drenagem:S-trap 300\/400mm<br \/>\nM\u00e9todo de lavagem: sif\u00e3o Jet Flushing<br \/>\nTipo de instala\u00e7\u00e3o: montado no ch\u00e3o<\/p>\n\t<a class=\"paoc-popup-click paoc-popup-cust-337 paoc-popup-button paoc-popup-btn\" href=\"javascript:void(0);\">Solicite um or\u00e7amento<\/a>\r\n\u00a0 \u00a0 \u00a0<a href=\"https:\/\/api.whatsapp.com\/send?phone=8618675762929\"><img loading=\"lazy\" decoding=\"async\" class=\"alignnone wp-image-6698\" src=\"https:\/\/moposanitaryware.com\/wp-content\/uploads\/WhatsApp.png\" alt=\"\" width=\"140\" height=\"33\" srcset=\"https:\/\/moposanitaryware.com\/wp-content\/uploads\/WhatsApp.png 546w, https:\/\/moposanitaryware.com\/wp-content\/uploads\/WhatsApp-18x4.png 18w\" sizes=\"auto, (max-width: 140px) 100vw, 140px\" \/><\/a><\/p>","protected":false},"featured_media":2042,"template":"","meta":{"_acf_changed":false},"product_brand":[],"product_cat":[61,81],"product_tag":[76,75],"class_list":{"0":"post-2052","1":"product","2":"type-product","3":"status-publish","4":"has-post-thumbnail","6":"product_cat-bidet-toilets","7":"product_cat-smart-bidet-toilet","8":"product_tag-intelligent-toilet","9":"product_tag-smart-toilet","11":"first","12":"instock","13":"shipping-taxable","14":"product-type-simple"},"acf":[],"_links":{"self":[{"href":"https:\/\/moposanitaryware.com\/pt\/wp-json\/wp\/v2\/product\/2052","targetHints":{"allow":["GET"]}}],"collection":[{"href":"https:\/\/moposanitaryware.com\/pt\/wp-json\/wp\/v2\/product"}],"about":[{"href":"https:\/\/moposanitaryware.com\/pt\/wp-json\/wp\/v2\/types\/product"}],"wp:featuredmedia":[{"embeddable":true,"href":"https:\/\/moposanitaryware.com\/pt\/wp-json\/wp\/v2\/media\/2042"}],"wp:attachment":[{"href":"https:\/\/moposanitaryware.com\/pt\/wp-json\/wp\/v2\/media?parent=2052"}],"wp:term":[{"taxonomy":"product_brand","embeddable":true,"href":"https:\/\/moposanitaryware.com\/pt\/wp-json\/wp\/v2\/product_brand?post=2052"},{"taxonomy":"product_cat","embeddable":true,"href":"https:\/\/moposanitaryware.com\/pt\/wp-json\/wp\/v2\/product_cat?post=2052"},{"taxonomy":"product_tag","embeddable":true,"href":"https:\/\/moposanitaryware.com\/pt\/wp-json\/wp\/v2\/product_tag?post=2052"}],"curies":[{"name":"wp","href":"https:\/\/api.w.org\/{rel}","templated":true}]}}