{"id":1997,"date":"2021-06-21T08:48:36","date_gmt":"2021-06-21T08:48:36","guid":{"rendered":"https:\/\/moposanitaryware.com\/?post_type=product&#038;p=1997"},"modified":"2024-08-01T09:50:23","modified_gmt":"2024-08-01T09:50:23","slug":"china-factory-wholesale-urinal-squatting","status":"publish","type":"product","link":"https:\/\/moposanitaryware.com\/pt\/china-factory-wholesale-urinal-squatting\/","title":{"rendered":"China f\u00e1brica atacado tamanho padr\u00e3o cer\u00e2mica vaso sanit\u00e1rio s-trap vaso sanit\u00e1rio mict\u00f3rio panela de c\u00f3coras"},"content":{"rendered":"<div class=\"row\"  id=\"row-1464639832\">\n\n\t<div id=\"col-702471145\" class=\"col medium-6 small-12 large-6\"  >\n\t\t\t\t<div class=\"col-inner\"  >\n\t\t\t\n\t\t\t\n\t<div class=\"img has-hover x md-x lg-x y md-y lg-y\" id=\"image_884340461\">\n\t\t<a class=\"\" href=\"https:\/\/moposanitaryware.com\/pt\/categoria-produto\/urinal\/\" >\t\t\t\t\t\t<div class=\"img-inner dark\" >\n\t\t\t<img loading=\"lazy\" decoding=\"async\" width=\"600\" height=\"419\" src=\"https:\/\/moposanitaryware.com\/wp-content\/uploads\/2022\/09\/ceramic-washdown-Toilet-urinal-squatting-engineering-commercial-super-quiet-powerful-flushing.jpg\" class=\"attachment-original size-original\" alt=\"\" srcset=\"https:\/\/moposanitaryware.com\/wp-content\/uploads\/2022\/09\/ceramic-washdown-Toilet-urinal-squatting-engineering-commercial-super-quiet-powerful-flushing.jpg 600w, https:\/\/moposanitaryware.com\/wp-content\/uploads\/2022\/09\/ceramic-washdown-Toilet-urinal-squatting-engineering-commercial-super-quiet-powerful-flushing-573x400.jpg 573w\" sizes=\"auto, (max-width: 600px) 100vw, 600px\" title=\"\">\t\t\t\t\t\t\n\t\t\t\t\t<\/div>\n\t\t\t\t\t\t<\/a>\t\t\n<style>\n#image_884340461 {\n  width: 100%;\n}\n<\/style>\n\t<\/div>\n\t\n\t\t<\/div>\n\t\t\t\t\t<\/div>\n\n\t\n\n\t<div id=\"col-1101206009\" class=\"col medium-6 small-12 large-6\"  >\n\t\t\t\t<div class=\"col-inner\"  >\n\t\t\t\n\t\t\t\n<h3 class=\"a-spacing-mini\">Design f\u00e1cil de limpar<\/h3>\n<p>Modern Sleek and Seamless <a href=\"https:\/\/moposanitaryware.com\/pt\/categoria-produto\/urinal\/\">Banheiros<\/a> Design: With nice clean lines, this white modern toilet is a perfect edition to your small bathroom remodel and will look amazing in your restroom.<\/p>\n<p>Economia de espa\u00e7o com tamanho pequeno: Este vaso sanit\u00e1rio pequeno \u00e9 menor e mais curto do que um vaso sanit\u00e1rio padr\u00e3o, por isso \u00e9 adequado para banheiros pequenos.<\/p>\n<p>Conversa sobre \u00e1gua com recurso de descarga dupla: Um bot\u00e3o para \u201cdescarga leve\u201d e outro para \u201cdescarga intensa\u201d, permite economizar \u00e1gua de forma proativa selecionando 0,8 GPF ou superior para trabalhos mais dif\u00edceis.<\/p>\n<p>Os vasos sanit\u00e1rios de uma s\u00f3 pe\u00e7a integram o tanque e a tigela em uma superf\u00edcie de esmalte autolimpante perfeita que cria uma apar\u00eancia agrad\u00e1vel e um design f\u00e1cil de limpar.<\/p>\n\t\t<\/div>\n\t\t\t\t\t<\/div>\n\n\t\n<\/div>\n<div class=\"row\"  id=\"row-1136339256\">\n\n\t<div id=\"col-800468358\" class=\"col medium-6 small-12 large-6\"  >\n\t\t\t\t<div class=\"col-inner\"  >\n\t\t\t\n\t\t\t\n<h3>Descarga super silenciosa e potente<\/h3>\n<p><span style=\"vertical-align: inherit;\"><span style=\"vertical-align: inherit;\">Descarga totalmente envidra\u00e7ada, proporcionando uma descarga super silenciosa e potente - Sem obstru\u00e7\u00f5es, sem vazamentos. \u00c0 prova de vazamentos. Descarga dupla altamente eficiente 1,28GPF \/ 0,8GPF. A \u00e1gua \u00e9 ejetada de dois pequenos orif\u00edcios, nivelada ao longo da parede interna de um vaso sanit\u00e1rio alongado bem projetado e criando um v\u00f3rtice. O v\u00f3rtice limpa bem 360 graus em todos os cantos do vaso sanit\u00e1rio. Enquanto isso, cria uma vida mais tranquila.<\/span><\/span><\/p>\n\t\t<\/div>\n\t\t\t\t\t<\/div>\n\n\t\n\n\t<div id=\"col-1413092632\" class=\"col medium-6 small-12 large-6\"  >\n\t\t\t\t<div class=\"col-inner\"  >\n\t\t\t\n\t\t\t\n\t<div class=\"img has-hover x md-x lg-x y md-y lg-y\" id=\"image_1032961295\">\n\t\t<a class=\"\" href=\"https:\/\/moposanitaryware.com\/pt\/categoria-produto\/urinal\/\" >\t\t\t\t\t\t<div class=\"img-inner dark\" >\n\t\t\t<img loading=\"lazy\" decoding=\"async\" width=\"600\" height=\"420\" src=\"https:\/\/moposanitaryware.com\/wp-content\/uploads\/2022\/09\/factory-wholesaleurinal-squatting-engineering-commercial-squatting-urinal-large-diameter.jpg\" class=\"attachment-original size-original\" alt=\"\" srcset=\"https:\/\/moposanitaryware.com\/wp-content\/uploads\/2022\/09\/factory-wholesaleurinal-squatting-engineering-commercial-squatting-urinal-large-diameter.jpg 600w, https:\/\/moposanitaryware.com\/wp-content\/uploads\/2022\/09\/factory-wholesaleurinal-squatting-engineering-commercial-squatting-urinal-large-diameter-571x400.jpg 571w\" sizes=\"auto, (max-width: 600px) 100vw, 600px\" title=\"\">\t\t\t\t\t\t\n\t\t\t\t\t<\/div>\n\t\t\t\t\t\t<\/a>\t\t\n<style>\n#image_1032961295 {\n  width: 100%;\n}\n<\/style>\n\t<\/div>\n\t\n\t\t<\/div>\n\t\t\t\t\t<\/div>\n\n\t\n<\/div>\n<div class=\"row\"  id=\"row-232051144\">\n\n\t<div id=\"col-1735869247\" class=\"col medium-6 small-12 large-6\"  >\n\t\t\t\t<div class=\"col-inner\"  >\n\t\t\t\n\t\t\t\n\t<div class=\"img has-hover x md-x lg-x y md-y lg-y\" id=\"image_981568527\">\n\t\t<a class=\"\" href=\"https:\/\/moposanitaryware.com\/pt\/categoria-produto\/urinal\/\" >\t\t\t\t\t\t<div class=\"img-inner dark\" >\n\t\t\t<img loading=\"lazy\" decoding=\"async\" width=\"600\" height=\"420\" src=\"https:\/\/moposanitaryware.com\/wp-content\/uploads\/2022\/09\/urinal-squatting-engineering-commercial-squatting-urinal-high-quality-water-tank.jpg\" class=\"attachment-original size-original\" alt=\"\" srcset=\"https:\/\/moposanitaryware.com\/wp-content\/uploads\/2022\/09\/urinal-squatting-engineering-commercial-squatting-urinal-high-quality-water-tank.jpg 600w, https:\/\/moposanitaryware.com\/wp-content\/uploads\/2022\/09\/urinal-squatting-engineering-commercial-squatting-urinal-high-quality-water-tank-571x400.jpg 571w\" sizes=\"auto, (max-width: 600px) 100vw, 600px\" title=\"\">\t\t\t\t\t\t\n\t\t\t\t\t<\/div>\n\t\t\t\t\t\t<\/a>\t\t\n<style>\n#image_981568527 {\n  width: 100%;\n}\n<\/style>\n\t<\/div>\n\t\n\t\t<\/div>\n\t\t\t\t\t<\/div>\n\n\t\n\n\t<div id=\"col-1824552275\" class=\"col medium-6 small-12 large-6\"  >\n\t\t\t\t<div class=\"col-inner\"  >\n\t\t\t\n\t\t\t\n<h3>Economia de \u00e1gua<\/h3>\n<p>Drenagem de al\u00e7ap\u00e3o de grande porte e descarga dupla oferecendo op\u00e7\u00e3o de atuador 3L\/6L, o que torna o vaso sanit\u00e1rio de duas pe\u00e7as muito econ\u00f4mico e ecologicamente correto. Alta efici\u00eancia. Sanitas com descarga dupla 1,28 GPF para descarga total (ajust\u00e1vel com flutuador)\/0,8 GPF para meia descarga (ajust\u00e1vel em autoclismo) com potente sistema de descarga. Possui duas op\u00e7\u00f5es de descarga e ambas possuem recursos de economia de \u00e1gua.<\/p>\n\t\t<\/div>\n\t\t\t\t\t<\/div>\n\n\t\n<\/div>\n<div class=\"row\"  id=\"row-750036756\">\n\n\t<div id=\"col-1388331420\" class=\"col medium-6 small-12 large-6\"  >\n\t\t\t\t<div class=\"col-inner\"  >\n\t\t\t\n\t\t\t\n<h3>Descarga turbo sif\u00e3o<\/h3>\n<p class=\"a-spacing-mini\">Bastante e poderosa descarga de vaso sanit\u00e1rio de uma pe\u00e7a, descarga trazendo uma descarga super silenciosa e poderosa - SEM obstru\u00e7\u00f5es, SEM vazamentos e SEM problemas <span data-fusion-font=\"true\">Tecnologia de lavagem a jato com libera\u00e7\u00e3o de \u00e1gua <\/span><span data-fusion-font=\"true\">a partir de furos especialmente projetados em 360 graus<br \/>\n<\/span><span data-fusion-font=\"true\">ao redor, mantendo a tigela sempre limpa e fresca.<\/span><\/p>\n<h3 class=\"a-spacing-mini\"><span style=\"color: #555555; font-size: 14.4px;\">.<\/span><\/h3>\n\t\t<\/div>\n\t\t\t\t\t<\/div>\n\n\t\n\n\t<div id=\"col-162238411\" class=\"col medium-6 small-12 large-6\"  >\n\t\t\t\t<div class=\"col-inner\"  >\n\t\t\t\n\t\t\t\n\t<div class=\"img has-hover x md-x lg-x y md-y lg-y\" id=\"image_808629737\">\n\t\t<a class=\"\" href=\"https:\/\/moposanitaryware.com\/pt\/categoria-produto\/urinal\/\" >\t\t\t\t\t\t<div class=\"img-inner dark\" >\n\t\t\t<img loading=\"lazy\" decoding=\"async\" width=\"600\" height=\"420\" src=\"https:\/\/moposanitaryware.com\/wp-content\/uploads\/2022\/09\/Toilet-urinal-squatting-engineering-commercial-squatting-urinal-Turbo-siphon-flush.jpg\" class=\"attachment-original size-original\" alt=\"\" srcset=\"https:\/\/moposanitaryware.com\/wp-content\/uploads\/2022\/09\/Toilet-urinal-squatting-engineering-commercial-squatting-urinal-Turbo-siphon-flush.jpg 600w, https:\/\/moposanitaryware.com\/wp-content\/uploads\/2022\/09\/Toilet-urinal-squatting-engineering-commercial-squatting-urinal-Turbo-siphon-flush-571x400.jpg 571w\" sizes=\"auto, (max-width: 600px) 100vw, 600px\" title=\"\">\t\t\t\t\t\t\n\t\t\t\t\t<\/div>\n\t\t\t\t\t\t<\/a>\t\t\n<style>\n#image_808629737 {\n  width: 100%;\n}\n<\/style>\n\t<\/div>\n\t\n\t\t<\/div>\n\t\t\t\t\t<\/div>\n\n\t\n<\/div>\n<div class=\"row\"  id=\"row-759865746\">\n\n\t<div id=\"col-171936120\" class=\"col medium-4 small-12 large-4\"  >\n\t\t\t\t<div class=\"col-inner\"  >\n\t\t\t\n\t\t\t\n\t<div class=\"img has-hover x md-x lg-x y md-y lg-y\" id=\"image_795667235\">\n\t\t<a class=\"\" href=\"https:\/\/moposanitaryware.com\/pt\/categoria-produto\/urinal\/\" >\t\t\t\t\t\t<div class=\"img-inner dark\" >\n\t\t\t<img loading=\"lazy\" decoding=\"async\" width=\"600\" height=\"420\" src=\"https:\/\/moposanitaryware.com\/wp-content\/uploads\/2022\/09\/ceramic-washdown-Toilet-urinal-squatting-engineering-commercial-squatting-urinal-glazed-inside-and-outside.jpg\" class=\"attachment-original size-original\" alt=\"\" srcset=\"https:\/\/moposanitaryware.com\/wp-content\/uploads\/2022\/09\/ceramic-washdown-Toilet-urinal-squatting-engineering-commercial-squatting-urinal-glazed-inside-and-outside.jpg 600w, https:\/\/moposanitaryware.com\/wp-content\/uploads\/2022\/09\/ceramic-washdown-Toilet-urinal-squatting-engineering-commercial-squatting-urinal-glazed-inside-and-outside-571x400.jpg 571w\" sizes=\"auto, (max-width: 600px) 100vw, 600px\" title=\"\">\t\t\t\t\t\t\n\t\t\t\t\t<\/div>\n\t\t\t\t\t\t<\/a>\t\t\n<style>\n#image_795667235 {\n  width: 100%;\n}\n<\/style>\n\t<\/div>\n\t\n<h3>Glazed Surface Inside &amp; Out<\/h3>\n<p><span class=\"a-list-item\">Para evitar que part\u00edculas adiram \u00e0 superf\u00edcie cer\u00e2mica, \u00e9 aplicado um envidra\u00e7amento de f\u00e1cil limpeza. Fazendo uso da tecnologia nanom\u00e9trica, \u00e9 criada uma superf\u00edcie superlisa e extradura. Os canais de esgoto em nossos banheiros tamb\u00e9m s\u00e3o perfeitamente envidra\u00e7ados por dentro, assim como por fora. Isso mant\u00e9m o interior do vaso sanit\u00e1rio e as paredes livres de part\u00edculas.<\/span><\/p>\n\t\t<\/div>\n\t\t\t\t\t<\/div>\n\n\t\n\n\t<div id=\"col-1505009335\" class=\"col medium-4 small-12 large-4\"  >\n\t\t\t\t<div class=\"col-inner\"  >\n\t\t\t\n\t\t\t\n\t<div class=\"img has-hover x md-x lg-x y md-y lg-y\" id=\"image_984809077\">\n\t\t<a class=\"\" href=\"https:\/\/moposanitaryware.com\/pt\/categoria-produto\/urinal\/\" >\t\t\t\t\t\t<div class=\"img-inner dark\" >\n\t\t\t<img loading=\"lazy\" decoding=\"async\" width=\"600\" height=\"420\" src=\"https:\/\/moposanitaryware.com\/wp-content\/uploads\/2022\/09\/factory-wholesaleToilet-urinal-squatting-engineering-commercial-squatting-urinal-high-temperature-firing.jpg\" class=\"attachment-original size-original\" alt=\"\" srcset=\"https:\/\/moposanitaryware.com\/wp-content\/uploads\/2022\/09\/factory-wholesaleToilet-urinal-squatting-engineering-commercial-squatting-urinal-high-temperature-firing.jpg 600w, https:\/\/moposanitaryware.com\/wp-content\/uploads\/2022\/09\/factory-wholesaleToilet-urinal-squatting-engineering-commercial-squatting-urinal-high-temperature-firing-571x400.jpg 571w\" sizes=\"auto, (max-width: 600px) 100vw, 600px\" title=\"\">\t\t\t\t\t\t\n\t\t\t\t\t<\/div>\n\t\t\t\t\t\t<\/a>\t\t\n<style>\n#image_984809077 {\n  width: 100%;\n}\n<\/style>\n\t<\/div>\n\t\n<h3><span class=\"Y2IQFc\" lang=\"en\">Queima em alta temperatura<\/span><\/h3>\n<p><span class=\"a-list-item\">Cada pe\u00e7a de produtos sanit\u00e1rios cer\u00e2micos MOPO foi queimada no forno com alta temperatura acima de 1280\u00b0C por 24 horas, de modo que n\u00e3o s\u00f3 ganhar\u00e1 uma superf\u00edcie sedosa, de alta densidade e s\u00f3lida que fornece as propriedades de resist\u00eancia a rachaduras e longo servi\u00e7o vida, mas tamb\u00e9m a menor absor\u00e7\u00e3o de \u00e1gua (\u22640,2%) o que garante sua caracter\u00edstica antiodor.<\/span><\/p>\n\t\t<\/div>\n\t\t\t\t\t<\/div>\n\n\t\n\n\t<div id=\"col-1927178055\" class=\"col medium-4 small-12 large-4\"  >\n\t\t\t\t<div class=\"col-inner\"  >\n\t\t\t\n\t\t\t\n\t<div class=\"img has-hover x md-x lg-x y md-y lg-y\" id=\"image_1667510723\">\n\t\t<a class=\"\" href=\"https:\/\/moposanitaryware.com\/pt\/categoria-produto\/urinal\/\" >\t\t\t\t\t\t<div class=\"img-inner dark\" >\n\t\t\t<img loading=\"lazy\" decoding=\"async\" width=\"600\" height=\"420\" src=\"https:\/\/moposanitaryware.com\/wp-content\/uploads\/2022\/09\/China-Smart-Toilets-Suppliers-factory-automatic-production-equipment-Product-production.jpg\" class=\"attachment-original size-original\" alt=\"\" srcset=\"https:\/\/moposanitaryware.com\/wp-content\/uploads\/2022\/09\/China-Smart-Toilets-Suppliers-factory-automatic-production-equipment-Product-production.jpg 600w, https:\/\/moposanitaryware.com\/wp-content\/uploads\/2022\/09\/China-Smart-Toilets-Suppliers-factory-automatic-production-equipment-Product-production-571x400.jpg 571w\" sizes=\"auto, (max-width: 600px) 100vw, 600px\" title=\"\">\t\t\t\t\t\t\n\t\t\t\t\t<\/div>\n\t\t\t\t\t\t<\/a>\t\t\n<style>\n#image_1667510723 {\n  width: 100%;\n}\n<\/style>\n\t<\/div>\n\t\n<h3>Automa\u00e7\u00e3o <span class=\"Y2IQFc\" lang=\"en\">Vitrificado<\/span><\/h3>\n<p><span class=\"Y2IQFc\" lang=\"en\">Na linha de montagem automatizada, o banheiro entra em uma pequena \u00e1rea de trabalho. Cada artes\u00e3o limpa-o cuidadosamente com p\u00f3 e esponja para se certificar de que est\u00e1 completamente liso e pronto para o envidra\u00e7amento. O rob\u00f4 enverniza o vaso sanit\u00e1rio de maneira uniforme. Em projetos muito grandes ou que tenham sido projetados recentemente para n\u00e3o utilizar linha de produ\u00e7\u00e3o automatizada, aplique o esmalte manualmente<\/span><\/p>\n\t\t<\/div>\n\t\t\t\t\t<\/div>\n\n\t\n<\/div>\n<div class=\"row\"  id=\"row-1912324890\">\n\n\t<div id=\"col-594718573\" class=\"col medium-6 small-12 large-6\"  >\n\t\t\t\t<div class=\"col-inner\"  >\n\t\t\t\n\t\t\t\n<div class=\"container section-title-container\" ><h3 class=\"section-title section-title-normal\"><b><\/b><span class=\"section-title-main\" >envie-nos um e-mail<\/span><b><\/b><\/h3><\/div>\n<p>Se voc\u00ea est\u00e1 interessado em nossos produtos e deseja saber mais detalhes, deixe uma mensagem aqui, responderemos o mais breve poss\u00edvel.<\/p>\n\n<div class=\"wpcf7 no-js\" id=\"wpcf7-f13-o1\" lang=\"en-US\" dir=\"ltr\" data-wpcf7-id=\"13\">\n<div class=\"screen-reader-response\"><p role=\"status\" aria-live=\"polite\" aria-atomic=\"true\"><\/p> <ul><\/ul><\/div>\n<form action=\"\/pt\/wp-json\/wp\/v2\/product\/1997#wpcf7-f13-o1\" method=\"post\" class=\"wpcf7-form init\" aria-label=\"Formul\u00e1rio de contato\" novalidate=\"novalidate\" data-status=\"init\" data-trp-original-action=\"\/pt\/wp-json\/wp\/v2\/product\/1997#wpcf7-f13-o1\">\n<fieldset class=\"hidden-fields-container\"><input type=\"hidden\" name=\"_wpcf7\" value=\"13\" \/><input type=\"hidden\" name=\"_wpcf7_version\" value=\"6.1.1\" \/><input type=\"hidden\" name=\"_wpcf7_locale\" value=\"en_US\" \/><input type=\"hidden\" name=\"_wpcf7_unit_tag\" value=\"wpcf7-f13-o1\" \/><input type=\"hidden\" name=\"_wpcf7_container_post\" value=\"0\" \/><input type=\"hidden\" name=\"_wpcf7_posted_data_hash\" value=\"\" \/><input type=\"hidden\" name=\"_wpcf7_recaptcha_response\" value=\"\" \/>\n<\/fieldset>\n<div class=\"form-flat\">\n\t<p><span class=\"wpcf7-form-control-wrap\" data-name=\"your-name\"><input size=\"40\" maxlength=\"400\" class=\"wpcf7-form-control wpcf7-text wpcf7-validates-as-required\" aria-required=\"true\" aria-invalid=\"false\" placeholder=\"Seu nome (obrigat\u00f3rio)\" value=\"\" type=\"text\" name=\"your-name\" \/><\/span><br \/>\n<span class=\"wpcf7-form-control-wrap\" data-name=\"your-email\"><input size=\"40\" maxlength=\"400\" class=\"wpcf7-form-control wpcf7-email wpcf7-validates-as-required wpcf7-text wpcf7-validates-as-email\" aria-required=\"true\" aria-invalid=\"false\" placeholder=\"Seu e-mail (obrigat\u00f3rio)\" value=\"\" type=\"email\" name=\"your-email\" \/><\/span>\n\t<\/p>\n\t<p><span class=\"wpcf7-form-control-wrap\" data-name=\"your-tels\"><input size=\"40\" maxlength=\"400\" class=\"wpcf7-form-control wpcf7-tel wpcf7-text wpcf7-validates-as-tel\" aria-invalid=\"false\" placeholder=\"Seu telefone (opcional)\" value=\"\" type=\"tel\" name=\"your-tels\" \/><\/span>\n\t<\/p>\n\t<p><span class=\"wpcf7-form-control-wrap\" data-name=\"your-message\"><textarea cols=\"40\" rows=\"10\" maxlength=\"2000\" class=\"wpcf7-form-control wpcf7-textarea\" aria-invalid=\"false\" placeholder=\"Para obter o melhor resultado, recomendamos incluir os seguintes detalhes:-Autoapresenta\u00e7\u00e3o-Itens ou servi\u00e7os necess\u00e1rios-Quantidade necess\u00e1ria\" name=\"your-message\"><\/textarea><\/span>\n\t<\/p>\n\t<p>Consultoria de neg\u00f3cios:*<br \/>\n<span class=\"wpcf7-form-control-wrap\" data-name=\"checkbox\"><span class=\"wpcf7-form-control wpcf7-checkbox wpcf7-validates-as-required wpcf7-exclusive-checkbox\"><span class=\"wpcf7-list-item first\"><label><input type=\"checkbox\" name=\"checkbox\" value=\"Quotation\" \/><span class=\"wpcf7-list-item-label\">cota\u00e7\u00e3o<\/span><\/label><\/span><span class=\"wpcf7-list-item\"><label><input type=\"checkbox\" name=\"checkbox\" value=\"Catalog\" \/><span class=\"wpcf7-list-item-label\">Cat\u00e1logo<\/span><\/label><\/span><span class=\"wpcf7-list-item\"><label><input type=\"checkbox\" name=\"checkbox\" value=\"Service Support\" \/><span class=\"wpcf7-list-item-label\">Servi\u00e7o de suporte<\/span><\/label><\/span><span class=\"wpcf7-list-item\"><label><input type=\"checkbox\" name=\"checkbox\" value=\"Project\" \/><span class=\"wpcf7-list-item-label\">Projeto<\/span><\/label><\/span><span class=\"wpcf7-list-item last\"><label><input type=\"checkbox\" name=\"checkbox\" value=\"I am interested in becoming an agent\" \/><span class=\"wpcf7-list-item-label\">Estou interessado em me tornar um agente<\/span><\/label><\/span><\/span><\/span><br \/>\n<input class=\"wpcf7-form-control wpcf7-submit has-spinner button\" type=\"submit\" value=\"Enviar\" \/>\n\t<\/p>\n<\/div><div class=\"wpcf7-response-output\" aria-hidden=\"true\"><\/div>\n<input type=\"hidden\" name=\"trp-form-language\" value=\"pt\"\/><\/form>\n<\/div>\n\n\t\t<\/div>\n\t\t\t\t\t<\/div>\n\n\t\n\n\t<div id=\"col-1278857656\" class=\"col medium-6 small-12 large-6\"  >\n\t\t\t\t<div class=\"col-inner\"  >\n\t\t\t\n\t\t\t\n<div class=\"container section-title-container\" ><h3 class=\"section-title section-title-normal\"><b><\/b><span class=\"section-title-main\" >CONTATE-NOS<\/span><b><\/b><\/h3><\/div>\n<p>Se voc\u00ea tiver alguma d\u00favida sobre algum de nossos produtos ou precisar entrar em contato por qualquer outro motivo, preencha o formul\u00e1rio abaixo e entraremos em contato com voc\u00ea o mais r\u00e1pido poss\u00edvel.<\/p>\n<p><strong>Ligue para n\u00f3s:<\/strong> <a href=\"http:\/\/+86 18675762929\" rel=\"nofollow\">+8618675762929<\/a><br \/>\n<strong>Envia-nos um email<\/strong>:\u00a0\u00a0<a href=\"mailto:info@mopochina.com\">info@mopochina.com<\/a><\/p>\n<p><strong>Skype\u00a0<\/strong>: <a href=\"skype:Sanitwell Shen?chat\">jiawei cheng<\/a><\/p>\n<p><strong>Endere\u00e7o<\/strong> : B1, n\u00ba 10<sup>\u00ba<\/sup>, Mundo da Cer\u00e2mica Yingkeyijia, 4<sup>\u00ba<\/sup>\u00a0Estrada Jihua, Chancheng, Foshan, 528 000, Guangdong, China<\/p>\n<p><strong>BASE DE PRODU\u00c7\u00c3O :<\/strong>\u00a0Pa\u00eds de Chaoan, cidade de Chaozhou, prov\u00edncia de Guangdong<\/p>\n<p><strong>Link amig\u00e1vel:<\/strong><br \/>\n<a href=\"https:\/\/moposanitaryware.com\/pt\/?attachment_id=4827\">https:\/\/moposanitaryware.com<\/a><br \/>\n<a href=\"https:\/\/www.mopotoilet.com\" rel=\"nofollow noopener\" target=\"_blank\">https:\/\/www.mopotoilet.com<\/a><br \/>\n<a href=\"https:\/\/\/pt\/www.mopofaucet.com\/\">https:www.mopofaucet.com<\/a><\/p>\n<div class=\"social-icons follow-icons full-width text-left\" ><span>Siga-nos<\/span><a href=\"https:\/\/www.facebook.com\/MOPOCHINA\" target=\"_blank\" data-label=\"Facebook\" class=\"icon primary button circle facebook tooltip\" title=\"Siga no Facebook\" aria-label=\"Siga no Facebook\" rel=\"noopener nofollow\"><i class=\"icon-facebook\" ><\/i><\/a><a href=\"https:\/\/www.instagram.com\/mopotoilet\/\" target=\"_blank\" data-label=\"Instagram\" class=\"icon primary button circle instagram tooltip\" title=\"Siga no Instagram\" aria-label=\"Siga no Instagram\" rel=\"noopener nofollow\"><i class=\"icon-instagram\" ><\/i><\/a><a href=\"https:\/\/twitter.com\/mopotoilet\" data-label=\"Twitter\" target=\"_blank\" class=\"icon primary button circle twitter tooltip\" title=\"Siga no Twitter\" aria-label=\"Siga no Twitter\" rel=\"noopener nofollow\"><i class=\"icon-twitter\" ><\/i><\/a><a href=\"mailto:info@mopochina.com\" data-label=\"E-mail\" target=\"_blank\" class=\"icon primary button circle email tooltip\" title=\"envie-nos um e-mail\" aria-label=\"envie-nos um e-mail\" rel=\"nofollow noopener\" ><i class=\"icon-envelop\" ><\/i><\/a><a href=\"https:\/\/www.linkedin.com\/company\/mopo-sanitary-ware\/\" data-label=\"LinkedIn\" target=\"_blank\" class=\"icon primary button circle linkedin tooltip\" title=\"Siga no LinkedIn\" aria-label=\"Siga no LinkedIn\" rel=\"noopener nofollow\"><i class=\"icon-linkedin\" ><\/i><\/a><a href=\"https:\/\/www.youtube.com\/c\/mopochina\/featured\" data-label=\"YouTube\" target=\"_blank\" class=\"icon primary button circle youtube tooltip\" title=\"Siga no YouTube\" aria-label=\"Siga no YouTube\" rel=\"noopener nofollow\"><i class=\"icon-youtube\" ><\/i><\/a><\/div>\n\t\t<\/div>\n\t\t\t\t\t<\/div>\n\n\t\n<\/div>","protected":false},"excerpt":{"rendered":"<p>Marca: MOPO<br \/>\nModel Number\uff1a MP 04<br \/>\nMaterial: Cer\u00e2mica<br \/>\nSize\uff1a 520x420x200mm<br \/>\nWeight\uff1a 25KG<br \/>\nCor branca<br \/>\nFeature\uff1a Automatic Induction<br \/>\nFlushing Method\uff1a Siphon Jet Flushing<br \/>\nTipo de instala\u00e7\u00e3o: montado no ch\u00e3o<\/p>\n\t<a class=\"paoc-popup-click paoc-popup-cust-337 paoc-popup-button paoc-popup-btn\" href=\"javascript:void(0);\">Solicite um or\u00e7amento<\/a>\r\n\u00a0 \u00a0 \u00a0<a href=\"https:\/\/api.whatsapp.com\/send?phone=8618675762929\"><img loading=\"lazy\" decoding=\"async\" class=\"alignnone wp-image-6698\" src=\"https:\/\/moposanitaryware.com\/wp-content\/uploads\/WhatsApp.png\" alt=\"\" width=\"140\" height=\"33\" srcset=\"https:\/\/moposanitaryware.com\/wp-content\/uploads\/WhatsApp.png 546w, https:\/\/moposanitaryware.com\/wp-content\/uploads\/WhatsApp-18x4.png 18w\" sizes=\"auto, (max-width: 140px) 100vw, 140px\" \/><\/a><\/p>","protected":false},"featured_media":1998,"template":"","meta":{"_acf_changed":false},"product_brand":[],"product_cat":[22,89],"product_tag":[46],"class_list":{"0":"post-1997","1":"product","2":"type-product","3":"status-publish","4":"has-post-thumbnail","6":"product_cat-urinal","7":"product_cat-standing-urinal","8":"product_tag-urinal","10":"first","11":"instock","12":"shipping-taxable","13":"product-type-simple"},"acf":[],"_links":{"self":[{"href":"https:\/\/moposanitaryware.com\/pt\/wp-json\/wp\/v2\/product\/1997","targetHints":{"allow":["GET"]}}],"collection":[{"href":"https:\/\/moposanitaryware.com\/pt\/wp-json\/wp\/v2\/product"}],"about":[{"href":"https:\/\/moposanitaryware.com\/pt\/wp-json\/wp\/v2\/types\/product"}],"wp:featuredmedia":[{"embeddable":true,"href":"https:\/\/moposanitaryware.com\/pt\/wp-json\/wp\/v2\/media\/1998"}],"wp:attachment":[{"href":"https:\/\/moposanitaryware.com\/pt\/wp-json\/wp\/v2\/media?parent=1997"}],"wp:term":[{"taxonomy":"product_brand","embeddable":true,"href":"https:\/\/moposanitaryware.com\/pt\/wp-json\/wp\/v2\/product_brand?post=1997"},{"taxonomy":"product_cat","embeddable":true,"href":"https:\/\/moposanitaryware.com\/pt\/wp-json\/wp\/v2\/product_cat?post=1997"},{"taxonomy":"product_tag","embeddable":true,"href":"https:\/\/moposanitaryware.com\/pt\/wp-json\/wp\/v2\/product_tag?post=1997"}],"curies":[{"name":"wp","href":"https:\/\/api.w.org\/{rel}","templated":true}]}}