{"id":1700,"date":"2021-06-05T07:18:51","date_gmt":"2021-06-05T07:18:51","guid":{"rendered":"https:\/\/moposanitaryware.com\/?post_type=product&#038;p=1700"},"modified":"2024-08-01T10:04:32","modified_gmt":"2024-08-01T10:04:32","slug":"factory-wholesale-led-light-smart-mirror","status":"publish","type":"product","link":"https:\/\/moposanitaryware.com\/pt\/factory-wholesale-led-light-smart-mirror\/","title":{"rendered":"Pre\u00e7o de f\u00e1brica por atacado espelho inteligente de luxo para casa, hotel, banheiro, luz led com display de temperatura e tempo"},"content":{"rendered":"<div class=\"banner has-hover\" id=\"banner-746067091\">\n          <div class=\"banner-inner fill\">\n        <div class=\"banner-bg fill\" >\n            <img loading=\"lazy\" decoding=\"async\" width=\"1280\" height=\"600\" src=\"https:\/\/moposanitaryware.com\/wp-content\/uploads\/2021\/05\/Customized-anti-fog-wall-mounted-magnifying-makeup-mirror-led-light-smart-mirror-with-speaker.jpg\" class=\"bg attachment-original size-original\" alt=\"Customized anti-fog wall mounted magnifying makeup mirror\" title=\"\">                                    \n\t<div class=\"is-border\"\n\t\tstyle=\"border-width:0px 0px px 0px;margin:0px 0px px 0px;\">\n\t<\/div>\n                    <\/div>\n\t\t\n        <div class=\"banner-layers container\">\n            <a class=\"fill\" href=\"https:\/\/moposanitaryware.com\/pt\/categoria-produto\/mirror\/\" ><div class=\"fill banner-link\"><\/div><\/a>            \n   <div id=\"text-box-1404676344\" class=\"text-box banner-layer x50 md-x10 lg-x10 y5 md-y25 lg-y25 res-text\">\n                                <div class=\"text-box-content text dark\">\n              \n              <div class=\"text-inner text-center\">\n                  \n<h2 style=\"text-align: center;\"><a href=\"https:\/\/moposanitaryware.com\/pt\/categoria-produto\/mirror\/\"><span style=\"font-size: 75%;\">Espelhos<\/span><\/a><\/h2>\n<p style=\"text-align: center;\">Compre nossa bela linha de espelhos de parede, <a href=\"https:\/\/moposanitaryware.com\/pt\/categoria-produto\/mirror\/\">espelhos de banheiro<\/a> e penteadeira <a href=\"https:\/\/moposanitaryware.com\/pt\/categoria-produto\/mirror\/\">espelhos<\/a><\/p>\n<a data-animate=\"bounceIn\" href=\"#brave_open_popup_688\" class=\"button white is-outline lowercase\"  style=\"border-radius:31px;\">\n\t\t<span>consulte Mais informa\u00e7\u00e3o<\/span>\n\t<\/a>\n\n              <\/div>\n           <\/div>\n                            \n<style>\n#text-box-1404676344 {\n  width: 74%;\n}\n#text-box-1404676344 .text-box-content {\n  font-size: 100%;\n}\n@media (min-width:550px) {\n  #text-box-1404676344 {\n    width: 33%;\n  }\n}\n<\/style>\n    <\/div>\n \n        <\/div>\n      <\/div>\n\n            \n<style>\n#banner-746067091 {\n  padding-top: 35%;\n  background-color: rgb(255,255,255);\n}\n#banner-746067091 .banner-bg img {\n  object-position: 52% 49%;\n}\n<\/style>\n  <\/div>\n\n\n<div class=\"row align-center\"  id=\"row-1683327144\">\n\n\t<div id=\"col-514106781\" class=\"col medium-9 small-12 large-9\"  data-animate=\"fadeInUp\">\n\t\t\t\t<div class=\"col-inner text-center\"  >\n\t\t\t\n\t\t\t\n<h1 style=\"text-align: center;\"><a href=\"https:\/\/moposanitaryware.com\/pt\/categoria-produto\/mirror\/\">Espelho Inteligente<\/a><\/h1>\n<p style=\"text-align: center;\">O Smart Mirror montado na parede foi projetado para tornar seu ambiente moderno e elegante, adicionando um toque de estilo contempor\u00e2neo e luz suave a qualquer ambiente. Voc\u00ea pode aproveitar ao m\u00e1ximo os recursos do espa\u00e7o da parede, bastando mont\u00e1-lo na parede do banheiro ou quarto. O bot\u00e3o liga\/desliga f\u00e1cil libera perfeitamente suas m\u00e3os, facilita a ilumina\u00e7\u00e3o do rosto e mant\u00e9m o espelho livre de condensa\u00e7\u00e3o.<\/p>\n<a href=\"https:\/\/moposanitaryware.com\/pt\/categoria-produto\/mirror\/\" class=\"button secondary is-underline lowercase\"  >\n\t\t<span>Explorar tudo<\/span>\n\t<i class=\"icon-menu\" aria-hidden=\"true\" ><\/i><\/a>\n\n\t\t<\/div>\n\t\t\t\t\t<\/div>\n\n\t\n<\/div>\n<div class=\"row\"  id=\"row-1434506285\">\n\n\t<div id=\"col-565327269\" class=\"col small-12 large-12\"  >\n\t\t\t\t<div class=\"col-inner\"  >\n\t\t\t\n\t\t\t\n<table style=\"height: 492px;\" border=\"1\" width=\"667\">\n<tbody>\n<tr>\n<td>Lugar de origem:<\/td>\n<td>Foshan, China<\/td>\n<\/tr>\n<tr>\n<td>Digite o nome:<\/td>\n<td data-spm-anchor-id=\"a2700.details.pronpeci14.i1.47c970d3Zz0E3h\">MOPO\u00ae Personalizar <a href=\"https:\/\/moposanitaryware.com\/pt\/categoria-produto\/mirror\/\">Espelho inteligente para banheiro<\/a><\/td>\n<\/tr>\n<tr>\n<td><strong><span data-spm-anchor-id=\"a2700.wholesale.0.i33.2c534154qJukFc\">Recurso<\/span><\/strong><\/td>\n<td>Estilo contempor\u00e2neo e elegante<br \/>\n\u00c0 prova de ferrugem e qualidade confi\u00e1vel<br \/>\nExibi\u00e7\u00e3o de tempo<br \/>\nFun\u00e7\u00e3o de desemba\u00e7amento<br \/>\nMudan\u00e7a de temperatura de cor<br \/>\nVerdadeira Reflex\u00e3o<br \/>\nFaixa LED economizadora de energia<br \/>\nimperme\u00e1vel e \u00e0 prova de umidade<br \/>\nF\u00e1cil de instalar<\/td>\n<\/tr>\n<tr>\n<td>Aplicativo:<\/td>\n<td>Hotel, casa, vila, apartamento,<\/td>\n<\/tr>\n<tr>\n<td>Certificado:<\/td>\n<td>CE, ISO 9001, SASO, marca d&#039;\u00e1gua, UPC<\/td>\n<\/tr>\n<tr>\n<td>Servi\u00e7o p\u00f3s-venda<\/td>\n<td>Suporte t\u00e9cnico on-line, pe\u00e7as de reposi\u00e7\u00e3o gratuitas<\/td>\n<\/tr>\n<tr>\n<td>OEM e ODM:<\/td>\n<td>OEM<\/td>\n<\/tr>\n<tr>\n<td>Quantidade m\u00ednima:<\/td>\n<td>1 conjunto<\/td>\n<\/tr>\n<tr>\n<td>Amostra gr\u00e1tis:<\/td>\n<td>amostra de pagamento<\/td>\n<\/tr>\n<tr>\n<td>Capacidade de fornecimento:<\/td>\n<td>500 conjuntos\/conjuntos por dia<\/td>\n<\/tr>\n<tr>\n<td style=\"text-align: left;\">Embalagem:<\/td>\n<td style=\"text-align: left;\">Caixas de exporta\u00e7\u00e3o padr\u00e3o com espuma PE e poliestireno, caixa de madeira \u00e9 opcional para remessa LCL<\/td>\n<\/tr>\n<\/tbody>\n<\/table>\n<div class=\"elementor-element elementor-element-4983a81 elementor-widget elementor-widget-heading\" data-id=\"4983a81\" data-element_type=\"widget\" data-widget_type=\"heading.default\">\n<div class=\"elementor-widget-container\">\n<div class=\"elementor-element elementor-element-6107deb elementor-widget elementor-widget-heading\" data-id=\"6107deb\" data-element_type=\"widget\" data-widget_type=\"heading.default\">\n<div class=\"elementor-widget-container\">\n<section class=\"elementor-section elementor-inner-section elementor-element elementor-element-0751ebd elementor-section-boxed elementor-section-height-default elementor-section-height-default\" data-id=\"0751ebd\" data-element_type=\"section\">\n<div class=\"elementor-container elementor-column-gap-default\">\n<div class=\"elementor-row\">\n<div class=\"elementor-column elementor-col-50 elementor-inner-column elementor-element elementor-element-64d1e6f\" data-id=\"64d1e6f\" data-element_type=\"column\">\n<div class=\"elementor-column-wrap elementor-element-populated\">\n<div class=\"elementor-widget-wrap\">\n<div class=\"elementor-element elementor-element-e0cf4e8 elementor-position-left elementor-view-default elementor-vertical-align-top elementor-widget elementor-widget-icon-box\" data-id=\"e0cf4e8\" data-element_type=\"widget\" data-widget_type=\"icon-box.default\">\n<div><\/div>\n<\/div>\n<\/div>\n<\/div>\n<\/div>\n<\/div>\n<\/div>\n<\/section>\n<\/div>\n<\/div>\n<\/div>\n<\/div>\n\t\t<\/div>\n\t\t\t\t\t<\/div>\n\n\t\n<\/div>\n<div class=\"row\"  id=\"row-1391773891\">\n\n\t<div id=\"col-557434400\" class=\"col medium-6 small-12 large-6\"  >\n\t\t\t\t<div class=\"col-inner\"  >\n\t\t\t\n\t\t\t\n\t<div class=\"img has-hover x md-x lg-x y md-y lg-y\" id=\"image_1865195860\">\n\t\t<a class=\"\" href=\"https:\/\/moposanitaryware.com\/pt\/categoria-produto\/mirror\/\" >\t\t\t\t\t\t<div class=\"img-inner dark\" >\n\t\t\t<img loading=\"lazy\" decoding=\"async\" width=\"600\" height=\"375\" src=\"https:\/\/moposanitaryware.com\/wp-content\/uploads\/2021\/06\/China-Bathroom-Smart-Wall-LED-Light-Magic-Mirror-Display-with-Touchscreen-for-Hotel_Home-China-Touch-Screen-Mirror-and-LCD-Ad-Player-price-9.jpg\" class=\"attachment-large size-large\" alt=\"Bathroom Smart Mirror China Touch Screen LED Light Magic Mirror and LCD Ad Player price\" title=\"\">\t\t\t\t\t\t\n\t\t\t\t\t<\/div>\n\t\t\t\t\t\t<\/a>\t\t\n<style>\n#image_1865195860 {\n  width: 100%;\n}\n<\/style>\n\t<\/div>\n\t\n\t\t<\/div>\n\t\t\t\t\t<\/div>\n\n\t\n\n\t<div id=\"col-1146059045\" class=\"col medium-6 small-12 large-6\"  >\n\t\t\t\t<div class=\"col-inner\"  >\n\t\t\t\n\t\t\t\n<h3 class=\"pp_secSubTit\">Principais especifica\u00e7\u00f5es\/recursos especiais:<\/h3>\n<div class=\"txt_edit_area\"><a href=\"https:\/\/moposanitaryware.com\/pt\/categoria-produto\/mirror\/\">Espelho inteligente<\/a> vem com uma plataforma interativa inteligente. Com tela sens\u00edvel ao toque ou controle de voz, seu <a href=\"https:\/\/moposanitaryware.com\/pt\/categoria-produto\/mirror\/\">espelho<\/a> est\u00e1 conectado a todos os seus aparelhos inteligentes em casa, voc\u00ea pode controlar facilmente a ilumina\u00e7\u00e3o da casa, m\u00fasica, purificador de ar, aquecedor de \u00e1gua e etc.. Espelho com todo o potencial a ser explorado est\u00e1 ao seu comando.<b>Quando <a href=\"https:\/\/moposanitaryware.com\/pt\/categoria-produto\/mirror\/\">Espelho inteligente<\/a> est\u00e1 fora,<\/b>Ela \u00e9 apenas uma normal <a href=\"https:\/\/moposanitaryware.com\/pt\/categoria-produto\/mirror\/\">espelho<\/a> em seu banheiro, verifique sua maquiagem di\u00e1ria na frente dela.<b>Quando <a href=\"https:\/\/moposanitaryware.com\/pt\/categoria-produto\/mirror\/\">Espelho inteligente<\/a> acorda,<\/b>Ela se torna um centro de controle interativo inteligente e sua assistente de vida.<\/div>\n\t\t<\/div>\n\t\t\t\t\t<\/div>\n\n\t\n<\/div>\n<div class=\"row\"  id=\"row-650574939\">\n\n\t<div id=\"col-1177721114\" class=\"col medium-4 small-12 large-4\"  >\n\t\t\t\t<div class=\"col-inner\"  >\n\t\t\t\n\t\t\t\n\t<div class=\"box has-hover   has-hover box-text-bottom\" >\n\n\t\t<div class=\"box-image\" >\n\t\t\t<a href=\"https:\/\/moposanitaryware.com\/pt\/categoria-produto\/mirror\/\" >\t\t\t<div class=\"\" >\n\t\t\t\t<img loading=\"lazy\" decoding=\"async\" width=\"600\" height=\"375\" src=\"https:\/\/moposanitaryware.com\/wp-content\/uploads\/2021\/06\/China-Bathroom-Smart-Wall-LED-Light-Magic-Mirror-Display-with-Touchscreen-for-Hotel_Home-China-Touch-Screen-Mirror-and-LCD-Ad-Player-price-1.jpg\" class=\"attachment- size-\" alt=\"Bathroom Smart Mirror China Touch Screen LED Light Magic Mirror Smart Weather Function\" title=\"\">\t\t\t\t\t\t\t\t\t\t\t<\/div>\n\t\t\t<\/a>\t\t<\/div>\n\n\t\t<div class=\"box-text text-center\" >\n\t\t\t<div class=\"box-text-inner\">\n\t\t\t\t\n<p>Controle de voz integrado, <a href=\"https:\/\/moposanitaryware.com\/pt\/categoria-produto\/mirror\/\">Espelho Inteligente<\/a>\u00a0d\u00e1 acesso total para voc\u00ea controlar conte\u00fados de m\u00fasica\/v\u00eddeo e eletrodom\u00e9sticos por voz. Tamb\u00e9m por toque ou voz, voc\u00ea pode controlar todos os eletrodom\u00e9sticos inteligentes no Smart Miror, ilumina\u00e7\u00e3o dom\u00e9stica, m\u00fasica, purificador de ar e aquecedor, tudo com um toque\/comando de voz. Not\u00edcias, previs\u00e3o do tempo, tr\u00e2nsito e calend\u00e1rio, tudo \u00e0 vista no <a href=\"https:\/\/moposanitaryware.com\/pt\/categoria-produto\/mirror\/\">Espelho Inteligente<\/a>\u00a0para voc\u00ea, tamb\u00e9m envia lembretes di\u00e1rios de suas atividades ao ar livre.<\/p>\n\t\t\t<\/div>\n\t\t<\/div>\n\t<\/div>\n\t\n\t\t<\/div>\n\t\t\t\t\t<\/div>\n\n\t\n\n\t<div id=\"col-1039210454\" class=\"col medium-4 small-12 large-4\"  >\n\t\t\t\t<div class=\"col-inner\"  >\n\t\t\t\n\t\t\t\n\t<div class=\"box has-hover   has-hover box-text-bottom\" >\n\n\t\t<div class=\"box-image\" >\n\t\t\t<a href=\"https:\/\/moposanitaryware.com\/pt\/categoria-produto\/mirror\/\" >\t\t\t<div class=\"\" >\n\t\t\t\t<img loading=\"lazy\" decoding=\"async\" width=\"600\" height=\"375\" src=\"https:\/\/moposanitaryware.com\/wp-content\/uploads\/2021\/06\/China-Bathroom-Smart-Wall-LED-Light-Magic-Mirror-Display-with-Touchscreen-for-Hotel_Home-China-Touch-Screen-Mirror-and-LCD-Ad-Player-price-2.jpg\" class=\"attachment- size-\" alt=\"Bathroom Smart Mirror China Touch Screen LED Light Magic Mirror Smart User System\" title=\"\">\t\t\t\t\t\t\t\t\t\t\t<\/div>\n\t\t\t<\/a>\t\t<\/div>\n\n\t\t<div class=\"box-text text-center\" >\n\t\t\t<div class=\"box-text-inner\">\n\t\t\t\t\n<p>O espelho de maquiagem iluminado de parede antiemba\u00e7ante e sem vazamento de luz possui um bot\u00e3o de desemba\u00e7amento exclusivo, que entrar\u00e1 em vigor 3 segundos ap\u00f3s a abertura. A fun\u00e7\u00e3o antiemba\u00e7ante integrada significa que n\u00e3o h\u00e1 necessidade de tratar frequentemente o espelho com um spray antiemba\u00e7ante ou enxaguar v\u00e1rias vezes durante o banho. Ao mesmo tempo, uma fita adesiva \u00e0 prova de vazamentos \u00e9 adicionada ao redor do espelho de maquiagem LED para evitar vazamento de luz<\/p>\n\t\t\t<\/div>\n\t\t<\/div>\n\t<\/div>\n\t\n\t\t<\/div>\n\t\t\t\t\t<\/div>\n\n\t\n\n\t<div id=\"col-2084149650\" class=\"col medium-4 small-12 large-4\"  >\n\t\t\t\t<div class=\"col-inner\"  >\n\t\t\t\n\t\t\t\n\t<div class=\"box has-hover   has-hover box-text-bottom\" >\n\n\t\t<div class=\"box-image\" >\n\t\t\t<a href=\"https:\/\/moposanitaryware.com\/pt\/categoria-produto\/mirror\/\" >\t\t\t<div class=\"\" >\n\t\t\t\t<img loading=\"lazy\" decoding=\"async\" width=\"600\" height=\"375\" src=\"https:\/\/moposanitaryware.com\/wp-content\/uploads\/2021\/06\/China-Bathroom-Smart-Wall-LED-Light-Magic-Mirror-Display-with-Touchscreen-for-Hotel_Home-China-Touch-Screen-Mirror-and-LCD-Ad-Player-price-3.jpg\" class=\"attachment- size-\" alt=\"Bathroom Smart Mirror China Touch Screen LED Light Magic Mirror Smart Polymeric Materials\" title=\"\">\t\t\t\t\t\t\t\t\t\t\t<\/div>\n\t\t\t<\/a>\t\t<\/div>\n\n\t\t<div class=\"box-text text-center\" >\n\t\t\t<div class=\"box-text-inner\">\n\t\t\t\t\n<p>\u00d3timos materiais e design: feito de espelho prateado sem cobre e ecol\u00f3gico de 5 mm HD, sem cintila\u00e7\u00e3o, sem UV. O design exterior cl\u00e1ssico moderno torna seu banheiro mais moderno e luxuoso. mais de 50.000 horas de vida \u00fatil, perfeito para banheiro, quarto como maquiagem ou decora\u00e7\u00e3o de ilumina\u00e7\u00e3o.<\/p>\n\t\t\t<\/div>\n\t\t<\/div>\n\t<\/div>\n\t\n\t\t<\/div>\n\t\t\t\t\t<\/div>\n\n\t\n<\/div>\n<div class=\"row\"  id=\"row-195340481\">\n\n\t<div id=\"col-1475845984\" class=\"col medium-6 small-12 large-6\"  >\n\t\t\t\t<div class=\"col-inner\"  >\n\t\t\t\n\t\t\t\n<div class=\"container section-title-container\" ><h3 class=\"section-title section-title-normal\"><b><\/b><span class=\"section-title-main\" >envie-nos um e-mail<\/span><b><\/b><\/h3><\/div>\n<p>Se voc\u00ea est\u00e1 interessado em nossos produtos e deseja saber mais detalhes, deixe uma mensagem aqui, responderemos o mais breve poss\u00edvel.<\/p>\n\n<div class=\"wpcf7 no-js\" id=\"wpcf7-f13-o1\" lang=\"en-US\" dir=\"ltr\" data-wpcf7-id=\"13\">\n<div class=\"screen-reader-response\"><p role=\"status\" aria-live=\"polite\" aria-atomic=\"true\"><\/p> <ul><\/ul><\/div>\n<form action=\"\/pt\/wp-json\/wp\/v2\/product\/1700#wpcf7-f13-o1\" method=\"post\" class=\"wpcf7-form init\" aria-label=\"Formul\u00e1rio de contato\" novalidate=\"novalidate\" data-status=\"init\" data-trp-original-action=\"\/pt\/wp-json\/wp\/v2\/product\/1700#wpcf7-f13-o1\">\n<fieldset class=\"hidden-fields-container\"><input type=\"hidden\" name=\"_wpcf7\" value=\"13\" \/><input type=\"hidden\" name=\"_wpcf7_version\" value=\"6.1.1\" \/><input type=\"hidden\" name=\"_wpcf7_locale\" value=\"en_US\" \/><input type=\"hidden\" name=\"_wpcf7_unit_tag\" value=\"wpcf7-f13-o1\" \/><input type=\"hidden\" name=\"_wpcf7_container_post\" value=\"0\" \/><input type=\"hidden\" name=\"_wpcf7_posted_data_hash\" value=\"\" \/><input type=\"hidden\" name=\"_wpcf7_recaptcha_response\" value=\"\" \/>\n<\/fieldset>\n<div class=\"form-flat\">\n\t<p><span class=\"wpcf7-form-control-wrap\" data-name=\"your-name\"><input size=\"40\" maxlength=\"400\" class=\"wpcf7-form-control wpcf7-text wpcf7-validates-as-required\" aria-required=\"true\" aria-invalid=\"false\" placeholder=\"Seu nome (obrigat\u00f3rio)\" value=\"\" type=\"text\" name=\"your-name\" \/><\/span><br \/>\n<span class=\"wpcf7-form-control-wrap\" data-name=\"your-email\"><input size=\"40\" maxlength=\"400\" class=\"wpcf7-form-control wpcf7-email wpcf7-validates-as-required wpcf7-text wpcf7-validates-as-email\" aria-required=\"true\" aria-invalid=\"false\" placeholder=\"Seu e-mail (obrigat\u00f3rio)\" value=\"\" type=\"email\" name=\"your-email\" \/><\/span>\n\t<\/p>\n\t<p><span class=\"wpcf7-form-control-wrap\" data-name=\"your-tels\"><input size=\"40\" maxlength=\"400\" class=\"wpcf7-form-control wpcf7-tel wpcf7-text wpcf7-validates-as-tel\" aria-invalid=\"false\" placeholder=\"Seu telefone (opcional)\" value=\"\" type=\"tel\" name=\"your-tels\" \/><\/span>\n\t<\/p>\n\t<p><span class=\"wpcf7-form-control-wrap\" data-name=\"your-message\"><textarea cols=\"40\" rows=\"10\" maxlength=\"2000\" class=\"wpcf7-form-control wpcf7-textarea\" aria-invalid=\"false\" placeholder=\"Para obter o melhor resultado, recomendamos incluir os seguintes detalhes:-Autoapresenta\u00e7\u00e3o-Itens ou servi\u00e7os necess\u00e1rios-Quantidade necess\u00e1ria\" name=\"your-message\"><\/textarea><\/span>\n\t<\/p>\n\t<p>Consultoria de neg\u00f3cios:*<br \/>\n<span class=\"wpcf7-form-control-wrap\" data-name=\"checkbox\"><span class=\"wpcf7-form-control wpcf7-checkbox wpcf7-validates-as-required wpcf7-exclusive-checkbox\"><span class=\"wpcf7-list-item first\"><label><input type=\"checkbox\" name=\"checkbox\" value=\"Quotation\" \/><span class=\"wpcf7-list-item-label\">cota\u00e7\u00e3o<\/span><\/label><\/span><span class=\"wpcf7-list-item\"><label><input type=\"checkbox\" name=\"checkbox\" value=\"Catalog\" \/><span class=\"wpcf7-list-item-label\">Cat\u00e1logo<\/span><\/label><\/span><span class=\"wpcf7-list-item\"><label><input type=\"checkbox\" name=\"checkbox\" value=\"Service Support\" \/><span class=\"wpcf7-list-item-label\">Servi\u00e7o de suporte<\/span><\/label><\/span><span class=\"wpcf7-list-item\"><label><input type=\"checkbox\" name=\"checkbox\" value=\"Project\" \/><span class=\"wpcf7-list-item-label\">Projeto<\/span><\/label><\/span><span class=\"wpcf7-list-item last\"><label><input type=\"checkbox\" name=\"checkbox\" value=\"I am interested in becoming an agent\" \/><span class=\"wpcf7-list-item-label\">Estou interessado em me tornar um agente<\/span><\/label><\/span><\/span><\/span><br \/>\n<input class=\"wpcf7-form-control wpcf7-submit has-spinner button\" type=\"submit\" value=\"Enviar\" \/>\n\t<\/p>\n<\/div><div class=\"wpcf7-response-output\" aria-hidden=\"true\"><\/div>\n<input type=\"hidden\" name=\"trp-form-language\" value=\"pt\"\/><\/form>\n<\/div>\n\n\t\t<\/div>\n\t\t\t\t\t<\/div>\n\n\t\n\n\t<div id=\"col-1705611558\" class=\"col medium-6 small-12 large-6\"  >\n\t\t\t\t<div class=\"col-inner\"  >\n\t\t\t\n\t\t\t\n<div class=\"container section-title-container\" ><h3 class=\"section-title section-title-normal\"><b><\/b><span class=\"section-title-main\" >CONTATE-NOS<\/span><b><\/b><\/h3><\/div>\n<p>Se voc\u00ea tiver alguma d\u00favida sobre algum de nossos produtos ou precisar entrar em contato por qualquer outro motivo, preencha o formul\u00e1rio abaixo e entraremos em contato com voc\u00ea o mais r\u00e1pido poss\u00edvel.<\/p>\n<p><strong>Ligue para n\u00f3s:<\/strong> <a href=\"http:\/\/+86 18675762929\" rel=\"nofollow\">+8618675762929<\/a><br \/>\n<strong>Envia-nos um email<\/strong>:\u00a0\u00a0<a href=\"mailto:info@mopochina.com\">info@mopochina.com<\/a><\/p>\n<p><strong>Skype\u00a0<\/strong>: <a href=\"skype:Sanitwell Shen?chat\">jiawei cheng<\/a><\/p>\n<p><strong>Endere\u00e7o<\/strong> : B1, n\u00ba 10<sup>\u00ba<\/sup>, Mundo da Cer\u00e2mica Yingkeyijia, 4<sup>\u00ba<\/sup>\u00a0Estrada Jihua, Chancheng, Foshan, 528 000, Guangdong, China<\/p>\n<p><strong>BASE DE PRODU\u00c7\u00c3O :<\/strong>\u00a0Pa\u00eds de Chaoan, cidade de Chaozhou, prov\u00edncia de Guangdong<\/p>\n<p><strong>Link amig\u00e1vel:<\/strong><br \/>\n<a href=\"https:\/\/moposanitaryware.com\/pt\/?attachment_id=1683\">https:\/\/moposanitaryware.com<\/a><br \/>\n<a href=\"https:\/\/www.mopotoilet.com\" rel=\"nofollow noopener\" target=\"_blank\">https:\/\/www.mopotoilet.com<\/a><br \/>\n<a href=\"https:\/\/\/pt\/www.mopofaucet.com\/\">https:www.mopofaucet.com<\/a><\/p>\n<div class=\"social-icons follow-icons full-width text-left\" ><span>Siga-nos<\/span><a href=\"https:\/\/www.facebook.com\/MOPOCHINA\" target=\"_blank\" data-label=\"Facebook\" class=\"icon primary button circle facebook tooltip\" title=\"Siga no Facebook\" aria-label=\"Siga no Facebook\" rel=\"noopener nofollow\"><i class=\"icon-facebook\" ><\/i><\/a><a href=\"https:\/\/www.instagram.com\/mopotoilet\/\" target=\"_blank\" data-label=\"Instagram\" class=\"icon primary button circle instagram tooltip\" title=\"Siga no Instagram\" aria-label=\"Siga no Instagram\" rel=\"noopener nofollow\"><i class=\"icon-instagram\" ><\/i><\/a><a href=\"https:\/\/twitter.com\/mopotoilet\" data-label=\"Twitter\" target=\"_blank\" class=\"icon primary button circle twitter tooltip\" title=\"Siga no Twitter\" aria-label=\"Siga no Twitter\" rel=\"noopener nofollow\"><i class=\"icon-twitter\" ><\/i><\/a><a href=\"mailto:info@mopochina.com\" data-label=\"E-mail\" target=\"_blank\" class=\"icon primary button circle email tooltip\" title=\"envie-nos um e-mail\" aria-label=\"envie-nos um e-mail\" rel=\"nofollow noopener\" ><i class=\"icon-envelop\" ><\/i><\/a><a href=\"https:\/\/www.linkedin.com\/company\/mopo-sanitary-ware\/\" data-label=\"LinkedIn\" target=\"_blank\" class=\"icon primary button circle linkedin tooltip\" title=\"Siga no LinkedIn\" aria-label=\"Siga no LinkedIn\" rel=\"noopener nofollow\"><i class=\"icon-linkedin\" ><\/i><\/a><a href=\"https:\/\/www.youtube.com\/c\/mopochina\/featured\" data-label=\"YouTube\" target=\"_blank\" class=\"icon primary button circle youtube tooltip\" title=\"Siga no YouTube\" aria-label=\"Siga no YouTube\" rel=\"noopener nofollow\"><i class=\"icon-youtube\" ><\/i><\/a><\/div>\n\t\t<\/div>\n\t\t\t\t\t<\/div>\n\n\t\n<\/div>","protected":false},"excerpt":{"rendered":"<p>Marca: <a href=\"#brave_open_popup_688\">MOPO\u00ae<\/a><br \/>\nNome do produto: espelho inteligente para banheiro<br \/>\nN\u00famero do modelo: S\u00e9rie MP-SM100<br \/>\nMaterial: vidro temperado\/liga de metal<br \/>\nTamanho: 24\/28\/36\/48 polegadas (opcional)<br \/>\nCores: cromo\/preto\/ouro\/ouro rosa<br \/>\nTipo de instala\u00e7\u00e3o: montado na parede<br \/>\nUso: maquiagem de decora\u00e7\u00e3o de banheiro<\/p>\n\t<a class=\"paoc-popup-click paoc-popup-cust-337 paoc-popup-button paoc-popup-btn\" href=\"javascript:void(0);\">Solicite um or\u00e7amento<\/a>\r\n\u00a0 \u00a0 \u00a0<a href=\"https:\/\/api.whatsapp.com\/send?phone=8618675762929\"><img loading=\"lazy\" decoding=\"async\" class=\"alignnone wp-image-6698\" src=\"https:\/\/moposanitaryware.com\/wp-content\/uploads\/WhatsApp.png\" alt=\"\" width=\"140\" height=\"33\" srcset=\"https:\/\/moposanitaryware.com\/wp-content\/uploads\/WhatsApp.png 546w, https:\/\/moposanitaryware.com\/wp-content\/uploads\/WhatsApp-18x4.png 18w\" sizes=\"auto, (max-width: 140px) 100vw, 140px\" \/><\/a><\/p>","protected":false},"featured_media":1671,"template":"","meta":{"_acf_changed":false},"product_brand":[],"product_cat":[15,36,109],"product_tag":[134,133],"class_list":{"0":"post-1700","1":"product","2":"type-product","3":"status-publish","4":"has-post-thumbnail","6":"product_cat-see-all-categories","7":"product_cat-mirror","8":"product_cat-smart-mirror","9":"product_tag-bathroom-mirror","10":"product_tag-smart-mirror","12":"first","13":"instock","14":"shipping-taxable","15":"product-type-simple"},"acf":[],"_links":{"self":[{"href":"https:\/\/moposanitaryware.com\/pt\/wp-json\/wp\/v2\/product\/1700","targetHints":{"allow":["GET"]}}],"collection":[{"href":"https:\/\/moposanitaryware.com\/pt\/wp-json\/wp\/v2\/product"}],"about":[{"href":"https:\/\/moposanitaryware.com\/pt\/wp-json\/wp\/v2\/types\/product"}],"wp:featuredmedia":[{"embeddable":true,"href":"https:\/\/moposanitaryware.com\/pt\/wp-json\/wp\/v2\/media\/1671"}],"wp:attachment":[{"href":"https:\/\/moposanitaryware.com\/pt\/wp-json\/wp\/v2\/media?parent=1700"}],"wp:term":[{"taxonomy":"product_brand","embeddable":true,"href":"https:\/\/moposanitaryware.com\/pt\/wp-json\/wp\/v2\/product_brand?post=1700"},{"taxonomy":"product_cat","embeddable":true,"href":"https:\/\/moposanitaryware.com\/pt\/wp-json\/wp\/v2\/product_cat?post=1700"},{"taxonomy":"product_tag","embeddable":true,"href":"https:\/\/moposanitaryware.com\/pt\/wp-json\/wp\/v2\/product_tag?post=1700"}],"curies":[{"name":"wp","href":"https:\/\/api.w.org\/{rel}","templated":true}]}}