{"id":11616,"date":"2025-08-22T07:33:43","date_gmt":"2025-08-22T07:33:43","guid":{"rendered":"https:\/\/moposanitaryware.com\/brush-golden-finished-solid-brass-tap-long-neck-hand-wash-bathroom-hot-and-cold-basin-faucet\/"},"modified":"2025-08-22T07:34:02","modified_gmt":"2025-08-22T07:34:02","slug":"torneira-de-banheiro-de-latao-com-furo-unico-preto-fosco-design-quente-e-frio-chuveiro-de-mao-com-cartucho-de-ceramica-torneira-de-pia-de-banheiro-com-alca-unica","status":"publish","type":"product","link":"https:\/\/moposanitaryware.com\/pt\/torneira-de-banheiro-de-latao-com-furo-unico-preto-fosco-design-quente-e-frio-chuveiro-de-mao-com-cartucho-de-ceramica-torneira-de-pia-de-banheiro-com-alca-unica\/","title":{"rendered":"Torneira de lat\u00e3o maci\u00e7o com acabamento dourado escovado, pesco\u00e7o longo, lavat\u00f3rio manual para banheiro, torneira de pia quente e fria"},"content":{"rendered":"","protected":false},"excerpt":{"rendered":"<table style=\"font-size: 14.4px; height: 329px;\" width=\"567\">\n<tbody>\n<tr>\n<td width=\"163\">Marca:<\/td>\n<td width=\"334\"><a href=\"https:\/\/mopochina.com\/\">MOPO<\/a><\/td>\n<\/tr>\n<tr>\n<td width=\"163\">Nome do Produto:<\/td>\n<td width=\"334\"><a href=\"https:\/\/mopochina.com\/product-category\/faucets\/basin-faucet\/\">Torneiras para pia de banheiro<\/a><\/td>\n<\/tr>\n<tr>\n<td width=\"163\">SKU:<\/td>\n<td width=\"334\">MP-BF-0427<\/td>\n<\/tr>\n<tr>\n<td width=\"163\">Tipo de torneira:<\/td>\n<td width=\"334\"><a href=\"https:\/\/mopochina.com\/product-category\/faucets\/\">Torneiras de furo \u00fanico\/lavat\u00f3rio<\/a><\/td>\n<\/tr>\n<tr>\n<td width=\"163\">Material prim\u00e1rio:<\/td>\n<td width=\"334\">59 N\u00edvel A Lat\u00e3o\/A\u00e7o Inoxid\u00e1vel\/ABS<\/td>\n<\/tr>\n<tr>\n<td width=\"163\">Acabamento de superf\u00edcie:<\/td>\n<td width=\"334\">Galvanoplastia 7-12 um N\u00edquel + 2-5 um Cromo<\/td>\n<\/tr>\n<tr>\n<td width=\"163\">Material do n\u00facleo da v\u00e1lvula:<\/td>\n<td width=\"334\">Cer\u00e2mica\/Lat\u00e3o<\/td>\n<\/tr>\n<tr>\n<td width=\"163\">Durabilidade:<\/td>\n<td width=\"334\">Resistente \u00e0 ferrugem\/ Resistente a arranh\u00f5es\/ Resistente a manchas<\/td>\n<\/tr>\n<tr>\n<td width=\"163\">Cor:<\/td>\n<td width=\"334\">Escovado\/Dourado\/Preto\/Prata\/Cromo<\/td>\n<\/tr>\n<tr>\n<td width=\"163\">Tamanho:<\/td>\n<td width=\"334\">36\u00d723,9x8cm (o produto prevalecer\u00e1)<\/td>\n<\/tr>\n<tr>\n<td width=\"163\">Peso:<\/td>\n<td width=\"334\">2,9KG (o produto prevalecer\u00e1)<\/td>\n<\/tr>\n<tr>\n<td width=\"163\">Tipo de instala\u00e7\u00e3o<\/td>\n<td width=\"334\">Furo \u00fanico\/furo m\u00faltiplo<\/td>\n<\/tr>\n<tr>\n<td width=\"163\">Local de montagem:<\/td>\n<td width=\"334\">Suporte de mesa<\/td>\n<\/tr>\n<\/tbody>\n<\/table>\n\t<a class=\"paoc-popup-click paoc-popup-cust-337 paoc-popup-button paoc-popup-btn\" href=\"javascript:void(0);\">Solicite um or\u00e7amento<\/a>\r\n<a href=\"https:\/\/api.whatsapp.com\/send?phone=8618675762929\"><img loading=\"lazy\" decoding=\"async\" class=\"alignnone wp-image-6698\" src=\"https:\/\/mopochina.com\/wp-content\/uploads\/WhatsApp.png\" alt=\"\" width=\"140\" height=\"33\" srcset=\"https:\/\/moposanitaryware.com\/wp-content\/uploads\/WhatsApp.png 546w, https:\/\/moposanitaryware.com\/wp-content\/uploads\/WhatsApp-18x4.png 18w\" sizes=\"auto, (max-width: 140px) 100vw, 140px\" \/><\/a><\/p>","protected":false},"featured_media":11615,"template":"","meta":{"_acf_changed":false},"product_brand":[],"product_cat":[15,23,94],"product_tag":[],"class_list":{"0":"post-11616","1":"product","2":"type-product","3":"status-publish","4":"has-post-thumbnail","6":"product_cat-see-all-categories","7":"product_cat-faucets","8":"product_cat-basin-faucet","10":"first","11":"instock","12":"shipping-taxable","13":"product-type-simple"},"acf":[],"_links":{"self":[{"href":"https:\/\/moposanitaryware.com\/pt\/wp-json\/wp\/v2\/product\/11616","targetHints":{"allow":["GET"]}}],"collection":[{"href":"https:\/\/moposanitaryware.com\/pt\/wp-json\/wp\/v2\/product"}],"about":[{"href":"https:\/\/moposanitaryware.com\/pt\/wp-json\/wp\/v2\/types\/product"}],"wp:featuredmedia":[{"embeddable":true,"href":"https:\/\/moposanitaryware.com\/pt\/wp-json\/wp\/v2\/media\/11615"}],"wp:attachment":[{"href":"https:\/\/moposanitaryware.com\/pt\/wp-json\/wp\/v2\/media?parent=11616"}],"wp:term":[{"taxonomy":"product_brand","embeddable":true,"href":"https:\/\/moposanitaryware.com\/pt\/wp-json\/wp\/v2\/product_brand?post=11616"},{"taxonomy":"product_cat","embeddable":true,"href":"https:\/\/moposanitaryware.com\/pt\/wp-json\/wp\/v2\/product_cat?post=11616"},{"taxonomy":"product_tag","embeddable":true,"href":"https:\/\/moposanitaryware.com\/pt\/wp-json\/wp\/v2\/product_tag?post=11616"}],"curies":[{"name":"wp","href":"https:\/\/api.w.org\/{rel}","templated":true}]}}