{"id":8285,"date":"2025-03-06T07:02:07","date_gmt":"2025-03-06T07:02:07","guid":{"rendered":"https:\/\/moposanitaryware.com\/bathroom-hardware-paper-towel-rack-bathroom-accessories-set\/"},"modified":"2025-03-06T07:02:08","modified_gmt":"2025-03-06T07:02:08","slug":"bathroom-hardware-paper-towel-rack-bathroom-accessories-set","status":"publish","type":"product","link":"https:\/\/moposanitaryware.com\/fr\/bathroom-hardware-paper-towel-rack-bathroom-accessories-set\/","title":{"rendered":"Ensemble d&#039;accessoires de salle de bain avec porte-serviettes en papier"},"content":{"rendered":"","protected":false},"excerpt":{"rendered":"<p>Marque: <a href=\"#brave_open_popup_688\">MOPO\u00ae<\/a><br \/>\nNom du produit: <a href=\"https:\/\/moposanitaryware.com\/fr\/shop\/accessories\/\">Ensemble d&#039;accessoires de salle de bain<\/a><br \/>\nNum\u00e9ro de mod\u00e8le : S\u00e9rie MP-2100<br \/>\nMat\u00e9riau : laiton\/acier inoxydable\/jade<br \/>\nCouleurs : Chrome\/Noir\/Or\/Or rose<br \/>\nType d&#039;installation : mural.<br \/>\nService apr\u00e8s-vente : Garantie 3 ans<\/p>\n\t<a class=\"paoc-popup-click paoc-popup-cust-337 paoc-popup-button paoc-popup-btn\" href=\"javascript:void(0);\">Demander un devis<\/a>\r\n\u00a0 \u00a0 \u00a0<a href=\"https:\/\/api.whatsapp.com\/send?phone=8618675762929\"><img loading=\"lazy\" decoding=\"async\" class=\"alignnone wp-image-6698\" src=\"https:\/\/moposanitaryware.com\/wp-content\/uploads\/WhatsApp.png\" alt=\"\" width=\"140\" height=\"35\" \/><\/a><\/p>","protected":false},"featured_media":8272,"template":"","meta":{"_acf_changed":false},"product_brand":[],"product_cat":[15,28],"product_tag":[],"class_list":{"0":"post-8285","1":"product","2":"type-product","3":"status-publish","4":"has-post-thumbnail","6":"product_cat-see-all-categories","7":"product_cat-bathroom-accessories","9":"first","10":"instock","11":"shipping-taxable","12":"product-type-simple"},"acf":[],"_links":{"self":[{"href":"https:\/\/moposanitaryware.com\/fr\/wp-json\/wp\/v2\/product\/8285","targetHints":{"allow":["GET"]}}],"collection":[{"href":"https:\/\/moposanitaryware.com\/fr\/wp-json\/wp\/v2\/product"}],"about":[{"href":"https:\/\/moposanitaryware.com\/fr\/wp-json\/wp\/v2\/types\/product"}],"wp:featuredmedia":[{"embeddable":true,"href":"https:\/\/moposanitaryware.com\/fr\/wp-json\/wp\/v2\/media\/8272"}],"wp:attachment":[{"href":"https:\/\/moposanitaryware.com\/fr\/wp-json\/wp\/v2\/media?parent=8285"}],"wp:term":[{"taxonomy":"product_brand","embeddable":true,"href":"https:\/\/moposanitaryware.com\/fr\/wp-json\/wp\/v2\/product_brand?post=8285"},{"taxonomy":"product_cat","embeddable":true,"href":"https:\/\/moposanitaryware.com\/fr\/wp-json\/wp\/v2\/product_cat?post=8285"},{"taxonomy":"product_tag","embeddable":true,"href":"https:\/\/moposanitaryware.com\/fr\/wp-json\/wp\/v2\/product_tag?post=8285"}],"curies":[{"name":"wp","href":"https:\/\/api.w.org\/{rel}","templated":true}]}}