{"id":8154,"date":"2025-02-28T04:07:47","date_gmt":"2025-02-28T04:07:47","guid":{"rendered":"https:\/\/moposanitaryware.com\/sauna-room-canada-hemlock-wood-comfortable-2-layers-infrared-sauna-room\/"},"modified":"2025-02-28T04:07:59","modified_gmt":"2025-02-28T04:07:59","slug":"sauna-room-canada-hemlock-wood-comfortable-2-layers-infrared-sauna-room","status":"publish","type":"product","link":"https:\/\/moposanitaryware.com\/fr\/sauna-room-canada-hemlock-wood-comfortable-2-layers-infrared-sauna-room\/","title":{"rendered":"Sauna Room Canada Hemlock Wood Comfortable 2 Layers Infrared Sauna Room"},"content":{"rendered":"<div class=\"row align-center\"  id=\"row-535863417\">\n\n\t<div id=\"col-1359396271\" class=\"col medium-11 small-12 large-11\"  data-animate=\"fadeInUp\">\n\t\t\t\t<div class=\"col-inner text-center\"  >\n\t\t\t\n\t\t\t\n<h1 style=\"text-align: center;\"><a href=\"https:\/\/moposanitaryware.com\/fr\/shop\/massage-bathtubs\/\">Baignoires de massage<\/a> &amp; <a href=\"https:\/\/moposanitaryware.com\/fr\/categorie-produit\/steam-room\/\">Chambre \u00e0 vapeur<\/a> &amp; <a href=\"https:\/\/moposanitaryware.com\/fr\/categorie-produit\/sauna\/\">Sauna<\/a><\/h1>\n<p><a href=\"https:\/\/moposanitaryware.com\/fr\/categorie-produit\/massage-bathtubs\/\">baignoires de massage. Avec nos bains d&#039;air, baignoires \u00e0 remous<\/a>, <a href=\"https:\/\/moposanitaryware.com\/fr\/categorie-produit\/steam-room\/\">et baignoires de massage combin\u00e9es<\/a>, quelqu&#039;un qui aime passer un peu de temps \u00ab pour moi \u00bb et quelqu&#039;un qui se douche plus qu&#039;il ne se baigne. Le plus souvent, votre baignoire est la pi\u00e8ce ma\u00eetresse de votre salle de bain. Nous prenons donc grand soin de cr\u00e9er des bains \u00e9poustouflants. vous pouvez cr\u00e9er une exp\u00e9rience de type spa \u00e0 la maison. <a href=\"https:\/\/moposanitaryware.com\/fr\/categorie-produit\/bathtubs\/\">Parcourez notre collection de baignoires massantes<\/a>.<\/p>\n<a href=\"https:\/\/moposanitaryware.com\/fr\/categorie-produit\/faucets\/\" class=\"button secondary is-underline lowercase\"  >\n\t\t<span>Explorez tout<\/span>\n\t<i class=\"icon-menu\" aria-hidden=\"true\" ><\/i><\/a>\n\n\t\t<\/div>\n\t\t\t\t\t<\/div>\n\n\t\n<\/div>\n<h2 style=\"text-align: center;\"><a href=\"https:\/\/moposanitaryware.com\/fr\/categorie-produit\/steam-room\/\">Fabricant de saunas et spas de luxe<\/a><\/h2>\n<p>Quinze ans d&#039;exp\u00e9rience dans la fabrication de saunas. Nous utilisons du bois import\u00e9 de haute qualit\u00e9, notamment du c\u00e8dre rouge, de la pruche, du peuplier blanc et du pin blanc, au choix du client. Forts d&#039;un savoir-faire artisanal, nous veillons \u00e0 ce que chaque \u00e9tape de la fabrication soit soumise \u00e0 un contr\u00f4le qualit\u00e9 rigoureux et que chaque d\u00e9tail du produit soit soign\u00e9 \u00e0 la perfection.<br \/>Nos saunas offrent un style luxueux et \u00e9pur\u00e9, avec des formes et des dimensions vari\u00e9es. Nous proposons des services personnalis\u00e9s et pouvons cr\u00e9er des produits sur mesure. \u00c9quip\u00e9s de chauffage infrarouge ou de po\u00eales, nos saunas vous permettent de vous d\u00e9toxifier, de prendre soin de votre sant\u00e9 et de votre beaut\u00e9, et de retrouver \u00e9nergie et bien-\u00eatre.<\/p>\n<p>Les hammams et saunas pr\u00e9sentent des bienfaits sp\u00e9cifiques pour la sant\u00e9. Ceux-ci incluent : \u00c9liminer la congestion ; Am\u00e9liorer la sant\u00e9 de la peau ; Abaisser la tension art\u00e9rielle ; Am\u00e9liorer la circulation ; R\u00e9cup\u00e9ration apr\u00e8s l\u2019entra\u00eenement ; Relaxation ; R\u00e9duire la raideur articulaire.<\/p>\n<p>Pr\u00e9cautions\u00a0:\u00a0Ne buvez pas d&#039;alcool. La chaleur \u00e9lev\u00e9e du hammam peut augmenter votre risque de d\u00e9shydratation. Assurez-vous d&#039;\u00e9viter l&#039;alcool et de boire plus d&#039;eau. N&#039;y allez pas lorsque vous \u00eates malade. La chaleur et l\u2019humidit\u00e9 des hammams peuvent favoriser la croissance des bact\u00e9ries. Si vous avez une infection cutan\u00e9e bact\u00e9rienne, n&#039;utilisez pas un hammam public tant que l&#039;infection n&#039;a pas disparu.<\/p>\n<div class=\"row\"  id=\"row-201029363\">\n\n\t<div id=\"col-2051509683\" class=\"col medium-4 small-12 large-4\"  >\n\t\t\t\t<div class=\"col-inner\"  >\n\t\t\t\n\t\t\t\n<h3>Bois naturel<\/h3>\n<p>Le bois utilis\u00e9 dans les saunas MOPO est enti\u00e8rement import\u00e9. Nous avons s\u00e9lectionn\u00e9 un bois de premi\u00e8re qualit\u00e9 (grade A), dont la qualit\u00e9 se reconna\u00eet \u00e0 ses variations de couleur, ses n\u0153uds, ses veines, etc. Un bois de haute qualit\u00e9 permet de cr\u00e9er un sauna \u00e9l\u00e9gant et raffin\u00e9.\u00a0<\/p>\n\t\t<\/div>\n\t\t\t\t\t<\/div>\n\n\t\n\n\t<div id=\"col-228344309\" class=\"col medium-4 small-12 large-4\"  >\n\t\t\t\t<div class=\"col-inner\"  >\n\t\t\t\n\t\t\t\n<h3>Lumi\u00e8re LED color\u00e9e<\/h3>\n<p>L&#039;\u00e9clairage LED de la salle de sauna est disponible en plusieurs couleurs. Les couleurs peuvent \u00eatre modifi\u00e9es\u00a0: rouge, vert, bleu et d\u00e9grad\u00e9. Cette lumi\u00e8re color\u00e9e offre \u00e9galement une luminoth\u00e9rapie pour le bien-\u00eatre du corps et un plaisir visuel.<\/p>\n\t\t<\/div>\n\t\t\t\t\t<\/div>\n\n\t\n\n\t<div id=\"col-304755377\" class=\"col medium-4 small-12 large-4\"  >\n\t\t\t\t<div class=\"col-inner\"  >\n\t\t\t\n\t\t\t\n<h3>Pierre de culture<\/h3>\n<p>Le sauna de luxe est \u00e9quip\u00e9 de pierres de culture, notamment de cristal, de sel et de pierre blanche. Les clients peuvent personnaliser leur espace en choisissant la configuration qui leur convient et ainsi cr\u00e9er un sauna sur mesure.<\/p>\n\t\t<\/div>\n\t\t\t\t\t<\/div>\n\n\t\n<\/div>\n<div class=\"row\"  id=\"row-1513302747\">\n\n\t<div id=\"col-1031760237\" class=\"col medium-4 small-12 large-4\"  >\n\t\t\t\t<div class=\"col-inner\"  >\n\t\t\t\n\t\t\t\n<h3>Syst\u00e8me de sauna<\/h3>\n<p>Nous proposons diff\u00e9rents syst\u00e8mes de contr\u00f4le multifonctions au choix de nos clients. La plupart de ces syst\u00e8mes int\u00e8grent des fonctionnalit\u00e9s de divertissement telles que le Bluetooth, l&#039;USB et la radio FM. De plus, ils permettent de r\u00e9gler la temp\u00e9rature, la couleur de l&#039;\u00e9clairage LED et la minuterie. Chaque syst\u00e8me offre ainsi une exp\u00e9rience unique \u00e0 chaque utilisateur.<\/p>\n\t\t<\/div>\n\t\t\t\t\t<\/div>\n\n\t\n\n\t<div id=\"col-1281836779\" class=\"col medium-4 small-12 large-4\"  >\n\t\t\t\t<div class=\"col-inner\"  >\n\t\t\t\n\t\t\t\n<h3>Po\u00eale de sauna<\/h3>\n<p>Outre l&#039;utilisation de po\u00eales de sauna de marque chinoise fiable et de haute qualit\u00e9, notre salle de sauna propose \u00e9galement des po\u00eales de sauna de marques \u00e9trang\u00e8res renomm\u00e9es, telles que Harvia, SAWO, etc.<\/p>\n\t\t<\/div>\n\t\t\t\t\t<\/div>\n\n\t\n\n\t<div id=\"col-687031198\" class=\"col medium-4 small-12 large-4\"  >\n\t\t\t\t<div class=\"col-inner\"  >\n\t\t\t\n\t\t\t\n<h3>Accessoires pour sauna\u00a0<\/h3>\n<p>Salle de sauna \u00e9quip\u00e9e d&#039;un ensemble comprenant un thermohygrom\u00e8tre, un sablier, des pierres de sauna, une cuill\u00e8re \u00e0 tonneau et une lampe \u00e0 l&#039;usage du client.<\/p>\n\t\t<\/div>\n\t\t\t\t\t<\/div>\n\n\t\n<\/div>","protected":false},"excerpt":{"rendered":"<table>\n<tbody>\n<tr>\n<td width=\"112\">Marque:<\/td>\n<td width=\"455\">MOPO<\/td>\n<\/tr>\n<tr>\n<td width=\"112\">Nom:<\/td>\n<td width=\"455\">Hammam, baignoire de massage<\/td>\n<\/tr>\n<tr>\n<td width=\"112\">Mod\u00e8le:<\/td>\n<td width=\"455\">MP-SR-E07<\/td>\n<\/tr>\n<tr>\n<td width=\"112\">Mat\u00e9riel:<\/td>\n<td width=\"455\">Bois de pruche<\/td>\n<\/tr>\n<tr>\n<td width=\"112\">Fonction musicale :<\/td>\n<td width=\"455\">Bluetooth\/FM\/MP3\/WIFI\/USB<\/td>\n<\/tr>\n<tr>\n<td width=\"112\">Poids:<\/td>\n<td width=\"455\">70 \u00e0 115 kg<\/td>\n<\/tr>\n<tr>\n<td width=\"112\">Taille:<\/td>\n<td width=\"455\">1800 x 1800 x 2100 mm<\/td>\n<\/tr>\n<tr>\n<td width=\"112\">Couleur du verre :<\/td>\n<td width=\"455\">Transparent<\/td>\n<\/tr>\n<tr>\n<td width=\"112\">\u00c9paisseur du verre :<\/td>\n<td width=\"455\">6mm<\/td>\n<\/tr>\n<tr>\n<td width=\"112\">Couleur:<\/td>\n<td width=\"455\">alliage d&#039;aluminium<\/td>\n<\/tr>\n<tr>\n<td width=\"112\">Style de jupe :<\/td>\n<td width=\"455\">Couleur blanche ou personnalis\u00e9e<\/td>\n<\/tr>\n<tr>\n<td width=\"112\">Style de porte :<\/td>\n<td width=\"455\">Porte ouvrante<\/td>\n<\/tr>\n<\/tbody>\n<\/table>\n\t<a class=\"paoc-popup-click paoc-popup-cust-337 paoc-popup-button paoc-popup-btn\" href=\"javascript:void(0);\">Demander un devis<\/a>\r\n \u00a0\u00a0<a href=\"https:\/\/api.whatsapp.com\/send?phone=8618675762929\"><img loading=\"lazy\" decoding=\"async\" class=\"alignnone wp-image-6698\" src=\"https:\/\/moposanitaryware.com\/wp-content\/uploads\/WhatsApp.png\" alt=\"\" width=\"140\" height=\"33\" srcset=\"https:\/\/moposanitaryware.com\/wp-content\/uploads\/WhatsApp.png 546w, https:\/\/moposanitaryware.com\/wp-content\/uploads\/WhatsApp-18x4.png 18w\" sizes=\"auto, (max-width: 140px) 100vw, 140px\" \/><\/a><\/p>","protected":false},"featured_media":8039,"template":"","meta":{"_acf_changed":false},"product_brand":[],"product_cat":[15,229,57,33,125,228],"product_tag":[],"class_list":{"0":"post-8154","1":"product","2":"type-product","3":"status-publish","4":"has-post-thumbnail","6":"product_cat-see-all-categories","7":"product_cat-steam-room","8":"product_cat-bathtubs","9":"product_cat-massage-bathtubs","10":"product_cat-spa-bathtub","11":"product_cat-sauna","13":"first","14":"instock","15":"shipping-taxable","16":"product-type-simple"},"acf":[],"_links":{"self":[{"href":"https:\/\/moposanitaryware.com\/fr\/wp-json\/wp\/v2\/product\/8154","targetHints":{"allow":["GET"]}}],"collection":[{"href":"https:\/\/moposanitaryware.com\/fr\/wp-json\/wp\/v2\/product"}],"about":[{"href":"https:\/\/moposanitaryware.com\/fr\/wp-json\/wp\/v2\/types\/product"}],"wp:featuredmedia":[{"embeddable":true,"href":"https:\/\/moposanitaryware.com\/fr\/wp-json\/wp\/v2\/media\/8039"}],"wp:attachment":[{"href":"https:\/\/moposanitaryware.com\/fr\/wp-json\/wp\/v2\/media?parent=8154"}],"wp:term":[{"taxonomy":"product_brand","embeddable":true,"href":"https:\/\/moposanitaryware.com\/fr\/wp-json\/wp\/v2\/product_brand?post=8154"},{"taxonomy":"product_cat","embeddable":true,"href":"https:\/\/moposanitaryware.com\/fr\/wp-json\/wp\/v2\/product_cat?post=8154"},{"taxonomy":"product_tag","embeddable":true,"href":"https:\/\/moposanitaryware.com\/fr\/wp-json\/wp\/v2\/product_tag?post=8154"}],"curies":[{"name":"wp","href":"https:\/\/api.w.org\/{rel}","templated":true}]}}