{"id":7938,"date":"2025-02-11T08:13:19","date_gmt":"2025-02-11T08:13:19","guid":{"rendered":"https:\/\/moposanitaryware.com\/outdoor-4-person-rectangular-spa-smart-bath-tub-spa-indo\/"},"modified":"2025-02-11T08:13:26","modified_gmt":"2025-02-11T08:13:26","slug":"outdoor-4-person-rectangular-spa-smart-bath-tub-spa-indo","status":"publish","type":"product","link":"https:\/\/moposanitaryware.com\/fr\/outdoor-4-person-rectangular-spa-smart-bath-tub-spa-indo\/","title":{"rendered":"Outdoor 4 person rectangular spa smart bath tub spa indo"},"content":{"rendered":"<p>Baignoire de massage de luxe, peut vous apporter une qualit\u00e9 de vie diff\u00e9rente. Nous avons une vari\u00e9t\u00e9 de styles de baignoires de massage, carr\u00e9es, rectangulaires, rondes, en forme de diamant et diverses formes irr\u00e9guli\u00e8res, pouvant s&#039;adapter \u00e0 diff\u00e9rents environnements, diff\u00e9rents styles de conception de maison. Toutes les baignoires \u00e0 remous sont disponibles \u00e0 la vente par ensemble complet, apr\u00e8s r\u00e9ception des marchandises, peuvent vous permettre de vous lib\u00e9rer des probl\u00e8mes d&#039;installation. Baignoire de massage avec conception de fonction de massage, buse de massage puissante et r\u00e9glable, peut vous permettre de vous d\u00e9tendre apr\u00e8s une journ\u00e9e de travail fatigante, en profitant de la bonne humeur apport\u00e9e par le bain. De plus, il existe une baignoire concubine imp\u00e9riale tr\u00e8s simple, avec une apparence \u00e9l\u00e9gante et concise, adapt\u00e9e \u00e0 une vari\u00e9t\u00e9 d&#039;environnements de salle de bain.<\/p>","protected":false},"excerpt":{"rendered":"<table style=\"font-size: 14.4px;\" width=\"497\">\n<tbody>\n<tr>\n<td width=\"163\">Nom de marque :<\/td>\n<td width=\"334\">MOPO<\/td>\n<\/tr>\n<tr>\n<td width=\"163\">Nom du produit:<\/td>\n<td width=\"334\"><a href=\"https:\/\/moposanitaryware.com\/fr\/categorie-produit\/massage-bathtubs\/spa-bathtub\/\">Baignoire de massage<\/a><\/td>\n<\/tr>\n<tr>\n<td width=\"163\">UGS :<\/td>\n<td width=\"334\">MP-LS-E0117<\/td>\n<\/tr>\n<tr>\n<td width=\"163\">Couleur:<\/td>\n<td width=\"334\">Blanc\/Noir\/Bleu\/Gris\/(Plusieurs couleurs)<\/td>\n<\/tr>\n<tr>\n<td width=\"163\">Mat\u00e9riau principal :<\/td>\n<td width=\"334\">Acrylique USA<\/td>\n<\/tr>\n<tr>\n<td width=\"163\">Capacit\u00e9:<\/td>\n<td width=\"334\">2 \u00e0 8 personnes<\/td>\n<\/tr>\n<tr>\n<td width=\"163\">Syst\u00e8me de contr\u00f4le :<\/td>\n<td width=\"334\">Gecko\/Balboa\/Joyonway<\/td>\n<\/tr>\n<tr>\n<td width=\"163\">Taille du produit :<\/td>\n<td width=\"334\">Personnalis\u00e9<\/td>\n<\/tr>\n<tr>\n<td width=\"163\">Type d&#039;installation :<\/td>\n<td width=\"334\">Sur pied<\/td>\n<\/tr>\n<tr>\n<td width=\"163\">Poids net:<\/td>\n<td width=\"334\">160-320 kg<\/td>\n<\/tr>\n<tr>\n<td width=\"163\">Application:<\/td>\n<td width=\"334\">H\u00f4tel\/Maison\/Public\/Piscine<\/td>\n<\/tr>\n<\/tbody>\n<\/table>\n\t<a class=\"paoc-popup-click paoc-popup-cust-337 paoc-popup-button paoc-popup-btn\" href=\"javascript:void(0);\">Demander un devis<\/a>\r\n \u00a0\u00a0<a href=\"https:\/\/api.whatsapp.com\/send?phone=8618675762929\"><img loading=\"lazy\" decoding=\"async\" class=\"alignnone wp-image-6698\" src=\"https:\/\/moposanitaryware.com\/wp-content\/uploads\/WhatsApp.png\" alt=\"\" width=\"140\" height=\"33\" srcset=\"https:\/\/moposanitaryware.com\/wp-content\/uploads\/WhatsApp.png 546w, https:\/\/moposanitaryware.com\/wp-content\/uploads\/WhatsApp-18x4.png 18w\" sizes=\"auto, (max-width: 140px) 100vw, 140px\" \/><\/a><\/p>","protected":false},"featured_media":7722,"template":"","meta":{"_acf_changed":false},"product_brand":[],"product_cat":[15,33,125],"product_tag":[],"class_list":{"0":"post-7938","1":"product","2":"type-product","3":"status-publish","4":"has-post-thumbnail","6":"product_cat-see-all-categories","7":"product_cat-massage-bathtubs","8":"product_cat-spa-bathtub","10":"first","11":"instock","12":"shipping-taxable","13":"product-type-simple"},"acf":[],"_links":{"self":[{"href":"https:\/\/moposanitaryware.com\/fr\/wp-json\/wp\/v2\/product\/7938","targetHints":{"allow":["GET"]}}],"collection":[{"href":"https:\/\/moposanitaryware.com\/fr\/wp-json\/wp\/v2\/product"}],"about":[{"href":"https:\/\/moposanitaryware.com\/fr\/wp-json\/wp\/v2\/types\/product"}],"wp:featuredmedia":[{"embeddable":true,"href":"https:\/\/moposanitaryware.com\/fr\/wp-json\/wp\/v2\/media\/7722"}],"wp:attachment":[{"href":"https:\/\/moposanitaryware.com\/fr\/wp-json\/wp\/v2\/media?parent=7938"}],"wp:term":[{"taxonomy":"product_brand","embeddable":true,"href":"https:\/\/moposanitaryware.com\/fr\/wp-json\/wp\/v2\/product_brand?post=7938"},{"taxonomy":"product_cat","embeddable":true,"href":"https:\/\/moposanitaryware.com\/fr\/wp-json\/wp\/v2\/product_cat?post=7938"},{"taxonomy":"product_tag","embeddable":true,"href":"https:\/\/moposanitaryware.com\/fr\/wp-json\/wp\/v2\/product_tag?post=7938"}],"curies":[{"name":"wp","href":"https:\/\/api.w.org\/{rel}","templated":true}]}}