{"id":7525,"date":"2025-01-09T08:02:19","date_gmt":"2025-01-09T08:02:19","guid":{"rendered":"https:\/\/moposanitaryware.com\/bathroom-black-golden-colour-wall-hung-toilet-ceramic-bathroom-luxury-gold-plated-wall-mounted-toilet\/"},"modified":"2025-01-09T08:46:36","modified_gmt":"2025-01-09T08:46:36","slug":"bathroom-black-golden-colour-wall-hung-toilet-ceramic-bathroom-luxury-gold-plated-wall-mounted-toilet","status":"publish","type":"product","link":"https:\/\/moposanitaryware.com\/fr\/bathroom-black-golden-colour-wall-hung-toilet-ceramic-bathroom-luxury-gold-plated-wall-mounted-toilet\/","title":{"rendered":"Toilettes suspendues au mur de couleur noire et dor\u00e9e Toilettes murales de luxe en c\u00e9ramique plaqu\u00e9es or pour salle de bain"},"content":{"rendered":"","protected":false},"excerpt":{"rendered":"<table style=\"font-size: 14.4px;\" width=\"497\">\n<tbody>\n<tr>\n<td width=\"163\">Marque:<\/td>\n<td width=\"334\">MOPO<\/td>\n<\/tr>\n<tr>\n<td width=\"163\">Nom du produit :<\/td>\n<td width=\"334\"><a href=\"https:\/\/mopotoilet.com\/category\/wall-hung-toilet\/\">Toilettes suspendues<\/a><\/td>\n<\/tr>\n<tr>\n<td width=\"163\">UGS\u00a0:<\/td>\n<td width=\"334\">MP-F323<\/td>\n<\/tr>\n<tr>\n<td width=\"163\">Couleur:<\/td>\n<td width=\"334\">Or noir (plusieurs couleurs)<\/td>\n<\/tr>\n<tr>\n<td width=\"163\">Mat\u00e9riau principal\u00a0:<\/td>\n<td width=\"334\">C\u00e9ramique<\/td>\n<\/tr>\n<tr>\n<td width=\"163\">Fonction tampon<\/td>\n<td width=\"334\">R\u00e9servoir dissimul\u00e9 \u00e0 fermeture douce, double chasse<\/td>\n<\/tr>\n<tr>\n<td width=\"163\">Ebauche<\/td>\n<td width=\"334\">Siphon en P 180mm<\/td>\n<\/tr>\n<tr>\n<td width=\"163\">Taille du produit<\/td>\n<td width=\"334\">480*360*360mm<\/td>\n<\/tr>\n<tr>\n<td width=\"163\">M\u00e9thode de rin\u00e7age<\/td>\n<td width=\"334\">Rin\u00e7age \u00e0 jet de siphon<\/td>\n<\/tr>\n<tr>\n<td width=\"163\">Poids net<\/td>\n<td width=\"334\">36-42KG<\/td>\n<\/tr>\n<tr>\n<td width=\"163\">Type d&#039;installation<\/td>\n<td width=\"334\">Mural<\/td>\n<\/tr>\n<\/tbody>\n<\/table>\n\t<a class=\"paoc-popup-click paoc-popup-cust-337 paoc-popup-button paoc-popup-btn\" href=\"javascript:void(0);\">Demander un devis<\/a>\r\n\u00a0 \u00a0 <a href=\"https:\/\/api.whatsapp.com\/send?phone=8618675762929\"><img loading=\"lazy\" decoding=\"async\" class=\"wp-image-10738 alignnone\" src=\"https:\/\/mopotoilet.com\/wp-content\/uploads\/WhatsApp-8618675762929.png\" alt=\"\" width=\"156\" height=\"37\" \/><\/a><\/p>","protected":false},"featured_media":7524,"template":"","meta":{"_acf_changed":false},"product_brand":[],"product_cat":[15,79],"product_tag":[],"class_list":{"0":"post-7525","1":"product","2":"type-product","3":"status-publish","4":"has-post-thumbnail","6":"product_cat-see-all-categories","7":"product_cat-wall-hung-toilet","9":"first","10":"instock","11":"shipping-taxable","12":"product-type-simple"},"acf":[],"_links":{"self":[{"href":"https:\/\/moposanitaryware.com\/fr\/wp-json\/wp\/v2\/product\/7525","targetHints":{"allow":["GET"]}}],"collection":[{"href":"https:\/\/moposanitaryware.com\/fr\/wp-json\/wp\/v2\/product"}],"about":[{"href":"https:\/\/moposanitaryware.com\/fr\/wp-json\/wp\/v2\/types\/product"}],"wp:featuredmedia":[{"embeddable":true,"href":"https:\/\/moposanitaryware.com\/fr\/wp-json\/wp\/v2\/media\/7524"}],"wp:attachment":[{"href":"https:\/\/moposanitaryware.com\/fr\/wp-json\/wp\/v2\/media?parent=7525"}],"wp:term":[{"taxonomy":"product_brand","embeddable":true,"href":"https:\/\/moposanitaryware.com\/fr\/wp-json\/wp\/v2\/product_brand?post=7525"},{"taxonomy":"product_cat","embeddable":true,"href":"https:\/\/moposanitaryware.com\/fr\/wp-json\/wp\/v2\/product_cat?post=7525"},{"taxonomy":"product_tag","embeddable":true,"href":"https:\/\/moposanitaryware.com\/fr\/wp-json\/wp\/v2\/product_tag?post=7525"}],"curies":[{"name":"wp","href":"https:\/\/api.w.org\/{rel}","templated":true}]}}