{"id":7366,"date":"2025-01-08T09:45:46","date_gmt":"2025-01-08T09:45:46","guid":{"rendered":"https:\/\/moposanitaryware.com\/bathroom-sanitary-ware-toilets-pit-spacing-one-piece-water-closet-toilet\/"},"modified":"2025-01-08T09:45:51","modified_gmt":"2025-01-08T09:45:51","slug":"bathroom-sanitary-ware-toilets-pit-spacing-one-piece-water-closet-toilet","status":"publish","type":"product","link":"https:\/\/moposanitaryware.com\/fr\/bathroom-sanitary-ware-toilets-pit-spacing-one-piece-water-closet-toilet\/","title":{"rendered":"Salle de bains Sanitaires Toilettes Espacement des fosses Toilettes monobloc Toilettes"},"content":{"rendered":"","protected":false},"excerpt":{"rendered":"<p>Nom de marque\u00a0: MOPO<br \/>\nModel Number\uff1a MP-OR-2115<br \/>\nMat\u00e9riel: C\u00e9ramique<br \/>\nTaille : 650x365x755mm<br \/>\nPoids : 48 kg<br \/>\nCouleur blanche<br \/>\nCaract\u00e9ristique\u00a0: rin\u00e7age par gravit\u00e9 \u00e0 double chasse<br \/>\nMod\u00e8le de drainage\u00a0:\u00a0Si\u00e8ge en S 300\/400\u00a0mm<br \/>\nM\u00e9thode de rin\u00e7age\u00a0: rin\u00e7age \u00e0 jet de siphon<br \/>\nType d&#039;installation : mont\u00e9 au sol<\/p>\n\t<a class=\"paoc-popup-click paoc-popup-cust-337 paoc-popup-button paoc-popup-btn\" href=\"javascript:void(0);\">Demander un devis<\/a>\r\n\u00a0 \u00a0 \u00a0<a href=\"https:\/\/api.whatsapp.com\/send?phone=8618675762929\"><img loading=\"lazy\" decoding=\"async\" class=\"alignnone wp-image-6698\" src=\"https:\/\/moposanitaryware.com\/wp-content\/uploads\/WhatsApp.png\" alt=\"\" width=\"140\" height=\"33\" srcset=\"https:\/\/moposanitaryware.com\/wp-content\/uploads\/WhatsApp.png 546w, https:\/\/moposanitaryware.com\/wp-content\/uploads\/WhatsApp-18x4.png 18w\" sizes=\"auto, (max-width: 140px) 100vw, 140px\" \/><\/a><\/p>","protected":false},"featured_media":7323,"template":"","meta":{"_acf_changed":false},"product_brand":[],"product_cat":[15,35,77],"product_tag":[],"class_list":{"0":"post-7366","1":"product","2":"type-product","3":"status-publish","4":"has-post-thumbnail","6":"product_cat-see-all-categories","7":"product_cat-toilets","8":"product_cat-one-piece-toilet","10":"first","11":"instock","12":"shipping-taxable","13":"product-type-simple"},"acf":[],"_links":{"self":[{"href":"https:\/\/moposanitaryware.com\/fr\/wp-json\/wp\/v2\/product\/7366","targetHints":{"allow":["GET"]}}],"collection":[{"href":"https:\/\/moposanitaryware.com\/fr\/wp-json\/wp\/v2\/product"}],"about":[{"href":"https:\/\/moposanitaryware.com\/fr\/wp-json\/wp\/v2\/types\/product"}],"wp:featuredmedia":[{"embeddable":true,"href":"https:\/\/moposanitaryware.com\/fr\/wp-json\/wp\/v2\/media\/7323"}],"wp:attachment":[{"href":"https:\/\/moposanitaryware.com\/fr\/wp-json\/wp\/v2\/media?parent=7366"}],"wp:term":[{"taxonomy":"product_brand","embeddable":true,"href":"https:\/\/moposanitaryware.com\/fr\/wp-json\/wp\/v2\/product_brand?post=7366"},{"taxonomy":"product_cat","embeddable":true,"href":"https:\/\/moposanitaryware.com\/fr\/wp-json\/wp\/v2\/product_cat?post=7366"},{"taxonomy":"product_tag","embeddable":true,"href":"https:\/\/moposanitaryware.com\/fr\/wp-json\/wp\/v2\/product_tag?post=7366"}],"curies":[{"name":"wp","href":"https:\/\/api.w.org\/{rel}","templated":true}]}}