{"id":5435,"date":"2023-03-23T04:20:31","date_gmt":"2023-03-23T04:20:31","guid":{"rendered":"https:\/\/moposanitaryware.com\/?post_type=product&#038;p=5435"},"modified":"2024-07-29T09:05:11","modified_gmt":"2024-07-29T09:05:11","slug":"bathtub-price-red-round-bath-tub-bathroom-bathtub","status":"publish","type":"product","link":"https:\/\/moposanitaryware.com\/fr\/bathtub-price-red-round-bath-tub-bathroom-bathtub\/","title":{"rendered":"Grande baignoire autoportante ronde en acrylique nouveau mod\u00e8le"},"content":{"rendered":"<div class=\"row align-center\"  id=\"row-1095343492\">\n\n\t<div id=\"col-1052503043\" class=\"col medium-11 small-12 large-11\"  data-animate=\"fadeInUp\">\n\t\t\t\t<div class=\"col-inner text-center\"  >\n\t\t\t\n\t\t\t\n<h1 style=\"text-align: center;\"><a href=\"https:\/\/moposanitaryware.com\/fr\/shop\/massage-bathtubs\/\">Baignoires de massage<\/a> &amp; <a href=\"https:\/\/moposanitaryware.com\/fr\/categorie-produit\/steam-room\/\">Chambre \u00e0 vapeur<\/a> &amp; <a href=\"https:\/\/moposanitaryware.com\/fr\/categorie-produit\/sauna\/\">Sauna<\/a><\/h1>\n<p><a href=\"https:\/\/moposanitaryware.com\/fr\/categorie-produit\/massage-bathtubs\/\">baignoires de massage. Avec nos bains d&#039;air, baignoires \u00e0 remous<\/a>, <a href=\"https:\/\/moposanitaryware.com\/fr\/categorie-produit\/steam-room\/\">et baignoires de massage combin\u00e9es<\/a>, quelqu&#039;un qui aime passer un peu de temps \u00ab pour moi \u00bb et quelqu&#039;un qui se douche plus qu&#039;il ne se baigne. Le plus souvent, votre baignoire est la pi\u00e8ce ma\u00eetresse de votre salle de bain. Nous prenons donc grand soin de cr\u00e9er des bains \u00e9poustouflants. vous pouvez cr\u00e9er une exp\u00e9rience de type spa \u00e0 la maison. <a href=\"https:\/\/moposanitaryware.com\/fr\/categorie-produit\/bathtubs\/\">Parcourez notre collection de baignoires massantes<\/a>.<\/p>\n<a href=\"https:\/\/moposanitaryware.com\/fr\/categorie-produit\/faucets\/\" class=\"button secondary is-underline lowercase\"  >\n\t\t<span>Explorez tout<\/span>\n\t<i class=\"icon-menu\" aria-hidden=\"true\" ><\/i><\/a>\n\n\t\t<\/div>\n\t\t\t\t\t<\/div>\n\n\t\n<\/div>\n<table>\n<tbody>\n<tr>\n<td width=\"189\">Marque<\/td>\n<td width=\"399\">MOPO<\/td>\n<\/tr>\n<tr>\n<td width=\"189\">Lieu d&#039;origine\u00a0:<\/td>\n<td width=\"399\">Foshan, Chine<\/td>\n<\/tr>\n<tr>\n<td width=\"189\">Nom du type<\/td>\n<td width=\"399\"><a href=\"https:\/\/moposanitaryware.com\/fr\/shop\/massage-bathtubs\/\">Baignoire de massage<\/a><\/td>\n<\/tr>\n<tr>\n<td width=\"189\">Type de massage<\/td>\n<td width=\"399\">Massage combin\u00e9 (air et bain \u00e0 remous), massage combin\u00e9 (air et bain \u00e0 remous)<\/td>\n<\/tr>\n<tr>\n<td width=\"189\">Fonctionnalit\u00e9<\/td>\n<td width=\"399\">Doux et lisse, non poreux, imperm\u00e9able, sans couture<\/td>\n<\/tr>\n<tr>\n<td width=\"189\">Style de conception<\/td>\n<td width=\"399\">Moderne<\/td>\n<\/tr>\n<tr>\n<td width=\"189\">Forme<\/td>\n<td width=\"399\">Ovale, carr\u00e9, rond, rectangle, personnalis\u00e9 est disponible<\/td>\n<\/tr>\n<tr>\n<td width=\"189\">Fonction<\/td>\n<td width=\"399\">Massage<\/td>\n<\/tr>\n<tr>\n<td width=\"189\">Type d&#039;installation<\/td>\n<td width=\"399\">Sur pied<\/td>\n<\/tr>\n<tr>\n<td width=\"189\">Application<\/td>\n<td width=\"399\">H\u00f4tels, villas, maisons, salles de bains, appartements ou clubs de loisirs<\/td>\n<\/tr>\n<\/tbody>\n<\/table>\n<div class=\"row\"  id=\"row-989702570\">\n\n\t<div id=\"col-1363106929\" class=\"col medium-6 small-12 large-6\"  >\n\t\t\t\t<div class=\"col-inner\"  >\n\t\t\t\n\t\t\t\n\t<div class=\"img has-hover x md-x lg-x y md-y lg-y\" id=\"image_1896968001\">\n\t\t\t\t\t\t\t\t<div class=\"img-inner dark\" >\n\t\t\t<img loading=\"lazy\" decoding=\"async\" width=\"600\" height=\"400\" src=\"https:\/\/moposanitaryware.com\/wp-content\/uploads\/Acrylic-\u2013-a-material-with-attractive-properties.jpg\" class=\"attachment-original size-original\" alt=\"La structure \u00e9lastique du mat\u00e9riau le rend r\u00e9sistant aux chocs et \u00e0 la d\u00e9formation. Il est extr\u00eamement facile de polir les rayures. Les produits acryliques sont toujours de couleur vive, car les pigments se dispersent de mani\u00e8re homog\u00e8ne, conservant leur \u00e9l\u00e9gance toute la vie. Chaleur, durabilit\u00e9, haute qualit\u00e9, entretien facile, entretien facile, bonne m\u00e9canique, durabilit\u00e9, toute couleur Texture premium\" title=\"\">\t\t\t\t\t\t\n\t\t\t\t\t<\/div>\n\t\t\t\t\t\t\t\t\n<style>\n#image_1896968001 {\n  width: 100%;\n}\n<\/style>\n\t<\/div>\n\t\n\t\t<\/div>\n\t\t\t\t\t<\/div>\n\n\t\n\n\t<div id=\"col-491670493\" class=\"col medium-6 small-12 large-6\"  >\n\t\t\t\t<div class=\"col-inner\"  >\n\t\t\t\n\t\t\t\n<h2>L&#039;acrylique \u2013 un mat\u00e9riau aux propri\u00e9t\u00e9s attractives<\/h2>\n<p>L&#039;acrylique est un sous-produit du programme spatial am\u00e9ricain. Il est connu pour \u00eatre l\u2019un des mat\u00e9riaux les plus polyvalents et les plus performants de l\u2019histoire. Ce mat\u00e9riau populaire est hygi\u00e9nique, facile \u00e0 nettoyer et tr\u00e8s r\u00e9sistant \u00e0 l\u2019usure.<br \/>\nL\u2019avantage de l\u2019acrylique est sa surface chaude, sans pores et lisse. Il est agr\u00e9able au toucher et l&#039;utilisateur se sent imm\u00e9diatement \u00e0 l&#039;aise. Avec son \u00e9clat blanc chatoyant, le mat\u00e9riau s&#039;harmonise avec tous les autres objets en c\u00e9ramique de la salle de bain et assure la continuit\u00e9 du design. Les baignoires peuvent \u00eatre \u00e9l\u00e9gamment combin\u00e9es avec un panneau de meuble formant ainsi un lien avec le mobilier de salle de bain. L&#039;utilisateur peut \u00eatre rassur\u00e9 en sachant que l&#039;acrylique <a href=\"https:\/\/moposanitaryware.com\/fr\/shop\/massage-bathtubs\/\">baignoire<\/a> conservera sa couleur tout au long de sa dur\u00e9e de vie. Le mat\u00e9riau est enti\u00e8rement color\u00e9, stable aux UV et ne se d\u00e9colore pas. La structure \u00e9lastique du mat\u00e9riau le rend r\u00e9sistant aux chocs et \u00e0 la d\u00e9formation. Il est extr\u00eamement facile de polir les rayures. Les produits acryliques sont toujours de couleur vive, car les pigments se dispersent de mani\u00e8re homog\u00e8ne, conservant leur \u00e9l\u00e9gance toute une vie.<\/p>\n\t\t<\/div>\n\t\t\t\t\t<\/div>\n\n\t\n<\/div>\n<div class=\"row\"  id=\"row-341501270\">\n\n\t<div id=\"col-904028846\" class=\"col medium-6 small-12 large-6\"  >\n\t\t\t\t<div class=\"col-inner\"  >\n\t\t\t\n\t\t\t\n<h3><span style=\"font-size: 120%;\">Buse de surf<\/span><\/h3>\n<p>Et l&#039;air sort lentement de l&#039;eau, la buse \u00e0 bulles fonctionne ensemble pour assurer l&#039;infiltration du massage dans les tissus cutan\u00e9s profonds \u00e0 partir de la surface, activer les cellules de la peau, atteindre l&#039;objectif de massage et de relaxation de tout le corps et faire en sorte que le physi-ter ne soit pas enivrant. , et la peau est compl\u00e8tement absorb\u00e9e par l&#039;amour de l&#039;eau. La lumi\u00e8re changeante dans l&#039;eau est enivr\u00e9e par la tranquillit\u00e9 d&#039;esprit et le contact avec la nature est plus confortable, mais les gens sont eux-m\u00eames ivres. C&#039;est l&#039;endroit id\u00e9al pour se d\u00e9tendre apr\u00e8s une longue journ\u00e9e et vous donnera du \u00ab temps pour moi \u00bb bien m\u00e9rit\u00e9.<\/p>\n\t\t<\/div>\n\t\t\t\t\t<\/div>\n\n\t\n\n\t<div id=\"col-124496800\" class=\"col medium-6 small-12 large-6\"  >\n\t\t\t\t<div class=\"col-inner\"  >\n\t\t\t\n\t\t\t\n\t<div class=\"img has-hover x md-x lg-x y md-y lg-y\" id=\"image_1762572384\">\n\t\t\t\t\t\t\t\t<div class=\"img-inner dark\" >\n\t\t\t<img loading=\"lazy\" decoding=\"async\" width=\"600\" height=\"400\" src=\"https:\/\/moposanitaryware.com\/wp-content\/uploads\/china-mopo-foshan-massage-bathtub-Surf-Nozzle.jpg\" class=\"attachment-original size-original\" alt=\"Praticit\u00e9 et espace int\u00e9rieur spacieux, id\u00e9al pour se d\u00e9tendre et se relaxer\" title=\"\">\t\t\t\t\t\t\n\t\t\t\t\t<\/div>\n\t\t\t\t\t\t\t\t\n<style>\n#image_1762572384 {\n  width: 100%;\n}\n<\/style>\n\t<\/div>\n\t\n\t\t<\/div>\n\t\t\t\t\t<\/div>\n\n\t\n<\/div>\n<div class=\"row\"  id=\"row-1405002668\">\n\n\t<div id=\"col-1751651715\" class=\"col medium-6 small-12 large-6\"  >\n\t\t\t\t<div class=\"col-inner\"  >\n\t\t\t\n\t\t\t\n\t<div class=\"img has-hover x md-x lg-x y md-y lg-y\" id=\"image_637523902\">\n\t\t\t\t\t\t\t\t<div class=\"img-inner dark\" >\n\t\t\t<img loading=\"lazy\" decoding=\"async\" width=\"600\" height=\"400\" src=\"https:\/\/moposanitaryware.com\/wp-content\/uploads\/china-mopo-foshan-Sanitary-wareBathtubs-are-the-queens-of-bathroom-equipment.jpg\" class=\"attachment-original size-original\" alt=\"Types de styles au choix - Production professionnelle de baignoires - Vente directe d&#039;usine - Baignoires de massage bon march\u00e9\" title=\"\">\t\t\t\t\t\t\n\t\t\t\t\t<\/div>\n\t\t\t\t\t\t\t\t\n<style>\n#image_637523902 {\n  width: 100%;\n}\n<\/style>\n\t<\/div>\n\t\n\t\t<\/div>\n\t\t\t\t\t<\/div>\n\n\t\n\n\t<div id=\"col-23355369\" class=\"col medium-6 small-12 large-6\"  >\n\t\t\t\t<div class=\"col-inner\"  >\n\t\t\t\n\t\t\t\n<h3><span style=\"font-size: 115%;\"><a href=\"https:\/\/moposanitaryware.com\/fr\/shop\/massage-bathtubs\/\">Baignoires<\/a> sont les reines de <a href=\"https:\/\/moposanitaryware.com\/fr\/shop\/massage-bathtubs\/\">\u00e9quipement de salle de bain<\/a><\/span><\/h3>\n<p><a href=\"https:\/\/moposanitaryware.com\/fr\/shop\/massage-bathtubs\/\">Baignoires<\/a> sont des \u00e9l\u00e9ments de base pour les accessoires de salle de bain : des r\u00e9cipients qui retiennent l&#039;eau pour un bain immersif. Ils constituent \u00e9galement un lieu de d\u00e9tente, mais il en existe plusieurs types diff\u00e9rents qui r\u00e9pondent tous \u00e0 des objectifs uniques. Le plus courant <a href=\"https:\/\/moposanitaryware.com\/fr\/shop\/massage-bathtubs\/\">baignoires<\/a> vu dans les r\u00e9sidences <a href=\"https:\/\/moposanitaryware.com\/fr\/shop\/massage-bathtubs\/\">comprennent des baignoires encastrables, des baignoires autoportantes, des baignoires en alc\u00f4ve, un jacuzzi, une baignoire g\u00e9n\u00e9rique et des baignoires d&#039;angle<\/a>.<br \/>\nQuel que soit le style choisi, <a href=\"https:\/\/moposanitaryware.com\/fr\/shop\/massage-bathtubs\/\">baignoires autoportantes<\/a> \u00e9voquent la tranquillit\u00e9 et la d\u00e9tente, cr\u00e9ant une atmosph\u00e8re de confort dans la salle de bain. Cependant, lors du choix du <a href=\"https:\/\/moposanitaryware.com\/fr\/shop\/massage-bathtubs\/\">baignoire id\u00e9ale<\/a>, tant sa conception, la qualit\u00e9 de ses mat\u00e9riaux que sa r\u00e9sistance doivent \u00eatre prises en compte pour garantir la durabilit\u00e9 maximale de l&#039;\u00e9quipement de salle de bain, tout en facilitant les t\u00e2ches d&#039;entretien.<br \/>\nLa collection de <a href=\"https:\/\/moposanitaryware.com\/fr\/shop\/massage-bathtubs\/\">baignoires autoportantes<\/a> par <a href=\"https:\/\/moposanitaryware.com\/fr\/shop\/massage-bathtubs\/\">MOPO<\/a> adaptez-vous \u00e0 l&#039;espace et \u00e0 la personnalit\u00e9 de chaque client avec une large gamme con\u00e7ue dans un seul but : am\u00e9liorer la qualit\u00e9 de vie et ajouter du confort. Trouvez celui qui vous convient, \u00e0 vous et \u00e0 votre salle de bain, parmi la grande vari\u00e9t\u00e9 de<a href=\"https:\/\/moposanitaryware.com\/fr\/shop\/massage-bathtubs\/\"> Baignoires MOPO<\/a>.<\/p>\n\t\t<\/div>\n\t\t\t\t\t<\/div>\n\n\t\n<\/div>","protected":false},"excerpt":{"rendered":"<p>Marque : MOPO<br \/>\nNom du produit : baignoire de massage.<br \/>\nMod\u00e8le de produit : MP-ba-8888h.<br \/>\nPoids : 50 ~ 80 kg<br \/>\nTaille\u00a0: 1350 \u00d7 1350 \u00d7 600\u00a0mm<br \/>\nMat\u00e9riel: Acrylique<br \/>\nStyle jupe. Jupe gauche\/jupe droite<br \/>\nInstallation\u00a0: Autonome<\/p>\n\t<a class=\"paoc-popup-click paoc-popup-cust-337 paoc-popup-button paoc-popup-btn\" href=\"javascript:void(0);\">Demander un devis<\/a>\r\n\u00a0 \u00a0 \u00a0<a href=\"https:\/\/api.whatsapp.com\/send?phone=8618675762929\"><img loading=\"lazy\" decoding=\"async\" class=\"alignnone wp-image-6698\" src=\"https:\/\/moposanitaryware.com\/wp-content\/uploads\/WhatsApp.png\" alt=\"\" width=\"140\" height=\"33\" srcset=\"https:\/\/moposanitaryware.com\/wp-content\/uploads\/WhatsApp.png 546w, https:\/\/moposanitaryware.com\/wp-content\/uploads\/WhatsApp-18x4.png 18w\" sizes=\"auto, (max-width: 140px) 100vw, 140px\" \/><\/a><\/p>","protected":false},"featured_media":5392,"template":"","meta":{"_acf_changed":false},"product_brand":[],"product_cat":[15,57,104,107,33,124,125],"product_tag":[129,232,233],"class_list":{"0":"post-5435","1":"product","2":"type-product","3":"status-publish","4":"has-post-thumbnail","6":"product_cat-see-all-categories","7":"product_cat-bathtubs","8":"product_cat-free-standing-bathtub","9":"product_cat-under-mount-bathtub","10":"product_cat-massage-bathtubs","11":"product_cat-soaking-bathtub","12":"product_cat-spa-bathtub","13":"product_tag-bathtub","14":"product_tag-massage-bathtub","15":"product_tag-soaking-tub","17":"first","18":"instock","19":"shipping-taxable","20":"product-type-simple"},"acf":[],"_links":{"self":[{"href":"https:\/\/moposanitaryware.com\/fr\/wp-json\/wp\/v2\/product\/5435","targetHints":{"allow":["GET"]}}],"collection":[{"href":"https:\/\/moposanitaryware.com\/fr\/wp-json\/wp\/v2\/product"}],"about":[{"href":"https:\/\/moposanitaryware.com\/fr\/wp-json\/wp\/v2\/types\/product"}],"wp:featuredmedia":[{"embeddable":true,"href":"https:\/\/moposanitaryware.com\/fr\/wp-json\/wp\/v2\/media\/5392"}],"wp:attachment":[{"href":"https:\/\/moposanitaryware.com\/fr\/wp-json\/wp\/v2\/media?parent=5435"}],"wp:term":[{"taxonomy":"product_brand","embeddable":true,"href":"https:\/\/moposanitaryware.com\/fr\/wp-json\/wp\/v2\/product_brand?post=5435"},{"taxonomy":"product_cat","embeddable":true,"href":"https:\/\/moposanitaryware.com\/fr\/wp-json\/wp\/v2\/product_cat?post=5435"},{"taxonomy":"product_tag","embeddable":true,"href":"https:\/\/moposanitaryware.com\/fr\/wp-json\/wp\/v2\/product_tag?post=5435"}],"curies":[{"name":"wp","href":"https:\/\/api.w.org\/{rel}","templated":true}]}}