{"id":5329,"date":"2023-03-17T08:55:19","date_gmt":"2023-03-17T08:55:19","guid":{"rendered":"https:\/\/moposanitaryware.com\/?post_type=product&#038;p=5329"},"modified":"2024-07-29T09:24:34","modified_gmt":"2024-07-29T09:24:34","slug":"hot-sale-high-quality-sauna-bath-indoor-sauna-house-with-shower-room","status":"publish","type":"product","link":"https:\/\/moposanitaryware.com\/fr\/hot-sale-high-quality-sauna-bath-indoor-sauna-house-with-shower-room\/","title":{"rendered":"Hammam de douche int\u00e9gr\u00e9 multifonctionnel \u00e0 vapeur humide"},"content":{"rendered":"<div class=\"row align-center\"  id=\"row-709214836\">\n\n\t<div id=\"col-1020905471\" class=\"col medium-11 small-12 large-11\"  data-animate=\"fadeInUp\">\n\t\t\t\t<div class=\"col-inner text-center\"  >\n\t\t\t\n\t\t\t\n<h1 style=\"text-align: center;\"><a href=\"https:\/\/moposanitaryware.com\/fr\/shop\/massage-bathtubs\/\">Baignoires de massage<\/a> &amp; <a href=\"https:\/\/moposanitaryware.com\/fr\/categorie-produit\/steam-room\/\">Chambre \u00e0 vapeur<\/a> &amp; <a href=\"https:\/\/moposanitaryware.com\/fr\/categorie-produit\/sauna\/\">Sauna<\/a><\/h1>\n<p><a href=\"https:\/\/moposanitaryware.com\/fr\/categorie-produit\/massage-bathtubs\/\">baignoires de massage. Avec nos bains d&#039;air, baignoires \u00e0 remous<\/a>, <a href=\"https:\/\/moposanitaryware.com\/fr\/categorie-produit\/steam-room\/\">et baignoires de massage combin\u00e9es<\/a>, quelqu&#039;un qui aime passer un peu de temps \u00ab pour moi \u00bb et quelqu&#039;un qui se douche plus qu&#039;il ne se baigne. Le plus souvent, votre baignoire est la pi\u00e8ce ma\u00eetresse de votre salle de bain. Nous prenons donc grand soin de cr\u00e9er des bains \u00e9poustouflants. vous pouvez cr\u00e9er une exp\u00e9rience de type spa \u00e0 la maison. <a href=\"https:\/\/moposanitaryware.com\/fr\/categorie-produit\/bathtubs\/\">Parcourez notre collection de baignoires massantes<\/a>.<\/p>\n<a href=\"https:\/\/moposanitaryware.com\/fr\/categorie-produit\/faucets\/\" class=\"button secondary is-underline lowercase\"  >\n\t\t<span>Explorez tout<\/span>\n\t<i class=\"icon-menu\" aria-hidden=\"true\" ><\/i><\/a>\n\n\t\t<\/div>\n\t\t\t\t\t<\/div>\n\n\t\n<\/div>\n<table>\n<tbody>\n<tr>\n<td width=\"191\">Marque<\/td>\n<td width=\"283\">MOPO<\/td>\n<\/tr>\n<tr>\n<td width=\"191\">Lieu d&#039;origine<\/td>\n<td width=\"283\">Foshan, Chine<\/td>\n<\/tr>\n<tr>\n<td width=\"191\">Nom du type<\/td>\n<td width=\"283\">Hammam, baignoire de massage<\/td>\n<\/tr>\n<tr>\n<td width=\"191\">Forme<\/td>\n<td width=\"283\">Rond, Carr\u00e9<\/td>\n<\/tr>\n<tr>\n<td width=\"191\">Couleur du verre<\/td>\n<td width=\"283\">Transparent<\/td>\n<\/tr>\n<tr>\n<td width=\"191\">\u00c9paisseur du verre<\/td>\n<td width=\"283\">6mm<\/td>\n<\/tr>\n<tr>\n<td width=\"191\">Mat\u00e9riel<\/td>\n<td width=\"283\">Alliage d&#039;aluminium, verre tremp\u00e9, acrylique<\/td>\n<\/tr>\n<tr>\n<td width=\"191\">Couleur du plateau inf\u00e9rieur<\/td>\n<td width=\"283\">Blanc<\/td>\n<\/tr>\n<tr>\n<td width=\"191\">Style de jupe<\/td>\n<td width=\"283\">Couleur blanche ou personnalis\u00e9e<\/td>\n<\/tr>\n<tr>\n<td width=\"191\">Style de porte<\/td>\n<td width=\"283\">Porte ouvrante<\/td>\n<\/tr>\n<tr>\n<td width=\"191\">Poids<\/td>\n<td width=\"283\">70~85kg<\/td>\n<\/tr>\n<tr>\n<td width=\"191\">Principaux appareils<\/td>\n<td width=\"283\">LCD,Top shower ,Radio, Movable shower ,Extemal AUX input interface, Functional changeover ,Temperature indication\/adiustment, Cold Hot Water Control Switch Time indication\/adjustment, Single rack ,Exhuast fan, Mirror<br \/>\nIlluminating lamp, Telecontroller ,Back acupuncture massage,Disinfect automatically after shut down(Optional)<br \/>\nFoot Massage<\/td>\n<\/tr>\n<tr>\n<td width=\"191\">Application<\/td>\n<td width=\"283\">H\u00f4tels, appartements, centres commerciaux, clubs de loisirs, etc.<\/td>\n<\/tr>\n<tr>\n<td width=\"191\">Emballer<\/td>\n<td width=\"283\">\u00c0 l&#039;ext\u00e9rieur se trouve une bo\u00eete en carton individuelle, avec palette rechargeable requise.<\/td>\n<\/tr>\n<tr>\n<td width=\"191\">Logistique et transport<\/td>\n<td width=\"283\">Transport maritime, transport a\u00e9rien<\/td>\n<\/tr>\n<\/tbody>\n<\/table>\n<p>Les hammams et saunas pr\u00e9sentent des bienfaits sp\u00e9cifiques pour la sant\u00e9. Ceux-ci incluent : \u00c9liminer la congestion ; Am\u00e9liorer la sant\u00e9 de la peau ; Abaisser la tension art\u00e9rielle ; Am\u00e9liorer la circulation ; R\u00e9cup\u00e9ration apr\u00e8s l\u2019entra\u00eenement ; Relaxation ; R\u00e9duire la raideur articulaire.<\/p>\n<p>Pr\u00e9cautions\u00a0:\u00a0Ne buvez pas d&#039;alcool. La chaleur \u00e9lev\u00e9e du hammam peut augmenter votre risque de d\u00e9shydratation. Assurez-vous d&#039;\u00e9viter l&#039;alcool et de boire plus d&#039;eau. N&#039;y allez pas lorsque vous \u00eates malade. La chaleur et l\u2019humidit\u00e9 des hammams peuvent favoriser la croissance des bact\u00e9ries. Si vous avez une infection cutan\u00e9e bact\u00e9rienne, n&#039;utilisez pas un hammam public tant que l&#039;infection n&#039;a pas disparu.<\/p>\n<div class=\"row\"  id=\"row-124100515\">\n\n\t<div id=\"col-1411700516\" class=\"col medium-4 small-12 large-4\"  >\n\t\t\t\t<div class=\"col-inner\"  >\n\t\t\t\n\t\t\t\n\t<div class=\"img has-hover x md-x lg-x y md-y lg-y\" id=\"image_742972057\">\n\t\t\t\t\t\t\t\t<div class=\"img-inner dark\" >\n\t\t\t<img loading=\"lazy\" decoding=\"async\" width=\"400\" height=\"100\" src=\"https:\/\/moposanitaryware.com\/wp-content\/uploads\/china-mopo-Efficient-Far-Infrared-Technology.jpg\" class=\"attachment-original size-original\" alt=\"Infrared sauna technology is far more efficient than the conventional sauna for one huge reason, the way the air is heated.\" title=\"\">\t\t\t\t\t\t\n\t\t\t\t\t<\/div>\n\t\t\t\t\t\t\t\t\n<style>\n#image_742972057 {\n  width: 100%;\n}\n<\/style>\n\t<\/div>\n\t\n<h4>Technologie infrarouge lointain efficace<\/h4>\n<p>Le processus infrarouge lointain utilise le rayonnement \u00e9lectromagn\u00e9tique comme source de chaleur et p\u00e9n\u00e8tre efficacement dans le corps mais pas dans l\u2019air qui vous entoure.<\/p>\n\t\t<\/div>\n\t\t\t\t\t<\/div>\n\n\t\n\n\t<div id=\"col-630949394\" class=\"col medium-4 small-12 large-4\"  >\n\t\t\t\t<div class=\"col-inner\"  >\n\t\t\t\n\t\t\t\n\t<div class=\"img has-hover x md-x lg-x y md-y lg-y\" id=\"image_1545355729\">\n\t\t\t\t\t\t\t\t<div class=\"img-inner dark\" >\n\t\t\t<img loading=\"lazy\" decoding=\"async\" width=\"400\" height=\"100\" src=\"https:\/\/moposanitaryware.com\/wp-content\/uploads\/Built-in-Bluetooth-Connectivity.jpg\" class=\"attachment-original size-original\" alt=\"Infrared heat technology heats the body much more efficiently making it far more effective in releasing toxins and allowing your body to detox and replenish.\" title=\"\">\t\t\t\t\t\t\n\t\t\t\t\t<\/div>\n\t\t\t\t\t\t\t\t\n<style>\n#image_1545355729 {\n  width: 100%;\n}\n<\/style>\n\t<\/div>\n\t\n<h4>Connectivit\u00e9 Bluetooth int\u00e9gr\u00e9e<\/h4>\n<p>\u00c9coutez facilement la musique de votre t\u00e9l\u00e9phone intelligent lorsque vous connectez l&#039;audio via Bluetooth.<\/p>\n\t\t<\/div>\n\t\t\t\t\t<\/div>\n\n\t\n\n\t<div id=\"col-187450999\" class=\"col medium-4 small-12 large-4\"  >\n\t\t\t\t<div class=\"col-inner\"  >\n\t\t\t\n\t\t\t\n\t<div class=\"img has-hover x md-x lg-x y md-y lg-y\" id=\"image_676007071\">\n\t\t\t\t\t\t\t\t<div class=\"img-inner dark\" >\n\t\t\t<img loading=\"lazy\" decoding=\"async\" width=\"400\" height=\"100\" src=\"https:\/\/moposanitaryware.com\/wp-content\/uploads\/With-Multi-System-Function.jpg\" class=\"attachment-original size-original\" alt=\"The new infrared process uses electromagnetic radiation as the heat source and effectively concentrates on the mass of the body not the air around it.\" title=\"\">\t\t\t\t\t\t\n\t\t\t\t\t<\/div>\n\t\t\t\t\t\t\t\t\n<style>\n#image_676007071 {\n  width: 100%;\n}\n<\/style>\n\t<\/div>\n\t\n<h4>Avec fonction multi-syst\u00e8me<\/h4>\n<p>Douche, massage et vapeur en un, pour r\u00e9pondre \u00e0 l&#039;utilisation quotidienne de trois fonctions.<\/p>\n\t\t<\/div>\n\t\t\t\t\t<\/div>\n\n\t\n<\/div>\n<div class=\"row\"  id=\"row-1784556741\">\n\n\t<div id=\"col-617332039\" class=\"col medium-6 small-12 large-6\"  >\n\t\t\t\t<div class=\"col-inner\"  >\n\t\t\t\n\t\t\t\n\t<div class=\"img has-hover x md-x lg-x y md-y lg-y\" id=\"image_622304014\">\n\t\t\t\t\t\t\t\t<div class=\"img-inner dark\" >\n\t\t\t<img loading=\"lazy\" decoding=\"async\" width=\"600\" height=\"400\" src=\"https:\/\/moposanitaryware.com\/wp-content\/uploads\/When-cant-you-enjoy-the-Sauna.jpg\" class=\"attachment-original size-original\" alt=\"Please do not take the sauna after overeating or suffering from a severe cough. Patients with severe heart disease and high blood pressure should be especially careful.\" title=\"\">\t\t\t\t\t\t\n\t\t\t\t\t<\/div>\n\t\t\t\t\t\t\t\t\n<style>\n#image_622304014 {\n  width: 100%;\n}\n<\/style>\n\t<\/div>\n\t\n\t\t<\/div>\n\t\t\t\t\t<\/div>\n\n\t\n\n\t<div id=\"col-1534531059\" class=\"col medium-6 small-12 large-6\"  >\n\t\t\t\t<div class=\"col-inner\"  >\n\t\t\t\n\t\t\t\n\t<div class=\"img has-hover x md-x lg-x y md-y lg-y\" id=\"image_1307070318\">\n\t\t\t\t\t\t\t\t<div class=\"img-inner dark\" >\n\t\t\t<img loading=\"lazy\" decoding=\"async\" width=\"600\" height=\"400\" src=\"https:\/\/moposanitaryware.com\/wp-content\/uploads\/How-often-to-enjoy-the-most-suitable-sauna.jpg\" class=\"attachment-original size-original\" alt=\"According to your needs, if you feel it is necessary, you can do it daily. It is recommended not to exceed30 minutes each time, and regularly spend 1-2 nights a week to enjoy.\" title=\"\">\t\t\t\t\t\t\n\t\t\t\t\t<\/div>\n\t\t\t\t\t\t\t\t\n<style>\n#image_1307070318 {\n  width: 100%;\n}\n<\/style>\n\t<\/div>\n\t\n\t\t<\/div>\n\t\t\t\t\t<\/div>\n\n\t\n<\/div>","protected":false},"excerpt":{"rendered":"<p>Nom de marque\u00a0: MOPO<br \/>\nNom du produit : syst\u00e8me de douche, combinaison de hammam humide et sec.<br \/>\nModel Number\uff1a MP-B7121<br \/>\nPoids\u00a0: 70 ~ 85\u00a0KG<br \/>\nSize\uff1a1500\u00d71200\u00d72150mm<br \/>\nCouleur du verre\u00a0: Transparent<br \/>\n\u00c9paisseur du verre : 6 mm<br \/>\nCouleur : alliage d&#039;aluminium.<br \/>\nCouleur du plateau inf\u00e9rieur : blanc.<br \/>\nStyle de jupe\u00a0:\u00a0blanc ou couleur personnalis\u00e9e<br \/>\nStyle de porte\u00a0: porte ouvrante<\/p>\n\t<a class=\"paoc-popup-click paoc-popup-cust-337 paoc-popup-button paoc-popup-btn\" href=\"javascript:void(0);\">Demander un devis<\/a>\r\n\u00a0 <img loading=\"lazy\" decoding=\"async\" class=\"alignnone wp-image-346\" style=\"color: #333333; font-size: 14.4px;\" src=\"https:\/\/moposanitaryware.com\/wp-content\/uploads\/2021\/03\/Catalog-Download-PDF-MOPO-toilet.jpg\" alt=\"\" width=\"30\" height=\"29\" srcset=\"https:\/\/moposanitaryware.com\/wp-content\/uploads\/2021\/03\/Catalog-Download-PDF-MOPO-toilet.jpg 200w, https:\/\/moposanitaryware.com\/wp-content\/uploads\/2021\/03\/Catalog-Download-PDF-MOPO-toilet-100x100.jpg 100w\" sizes=\"auto, (max-width: 30px) 100vw, 30px\" \/><span style=\"color: #00aae7;\"><a style=\"font-size: 14.4px; color: #00aae7;\" href=\"https:\/\/moposanitaryware.com\/wp-content\/uploads\/2021\/05\/MOPO%C2%AE-Faucets-Catalog-Download-Sanitary-Wares-Manufacturer.pdf\">T\u00e9l\u00e9charger le catalogue<\/a><\/span><\/p>\n<p>&nbsp;<\/p>","protected":false},"featured_media":5330,"template":"","meta":{"_acf_changed":false},"product_brand":[],"product_cat":[15,229,57,33,125,228],"product_tag":[129,232,231,230],"class_list":{"0":"post-5329","1":"product","2":"type-product","3":"status-publish","4":"has-post-thumbnail","6":"product_cat-see-all-categories","7":"product_cat-steam-room","8":"product_cat-bathtubs","9":"product_cat-massage-bathtubs","10":"product_cat-spa-bathtub","11":"product_cat-sauna","12":"product_tag-bathtub","13":"product_tag-massage-bathtub","14":"product_tag-sauna","15":"product_tag-steam-room","17":"first","18":"instock","19":"shipping-taxable","20":"product-type-simple"},"acf":[],"_links":{"self":[{"href":"https:\/\/moposanitaryware.com\/fr\/wp-json\/wp\/v2\/product\/5329","targetHints":{"allow":["GET"]}}],"collection":[{"href":"https:\/\/moposanitaryware.com\/fr\/wp-json\/wp\/v2\/product"}],"about":[{"href":"https:\/\/moposanitaryware.com\/fr\/wp-json\/wp\/v2\/types\/product"}],"wp:featuredmedia":[{"embeddable":true,"href":"https:\/\/moposanitaryware.com\/fr\/wp-json\/wp\/v2\/media\/5330"}],"wp:attachment":[{"href":"https:\/\/moposanitaryware.com\/fr\/wp-json\/wp\/v2\/media?parent=5329"}],"wp:term":[{"taxonomy":"product_brand","embeddable":true,"href":"https:\/\/moposanitaryware.com\/fr\/wp-json\/wp\/v2\/product_brand?post=5329"},{"taxonomy":"product_cat","embeddable":true,"href":"https:\/\/moposanitaryware.com\/fr\/wp-json\/wp\/v2\/product_cat?post=5329"},{"taxonomy":"product_tag","embeddable":true,"href":"https:\/\/moposanitaryware.com\/fr\/wp-json\/wp\/v2\/product_tag?post=5329"}],"curies":[{"name":"wp","href":"https:\/\/api.w.org\/{rel}","templated":true}]}}