{"id":5147,"date":"2023-01-14T07:31:35","date_gmt":"2023-01-14T07:31:35","guid":{"rendered":"https:\/\/moposanitaryware.com\/?post_type=product&#038;p=5147"},"modified":"2024-07-29T09:27:49","modified_gmt":"2024-07-29T09:27:49","slug":"toilettes-silencieuses-a-double-chasse-deau-en-2-parties","status":"publish","type":"product","link":"https:\/\/moposanitaryware.com\/fr\/toilettes-silencieuses-a-double-chasse-deau-en-2-parties\/","title":{"rendered":"Robinet de lavabo blanc r\u00e9sistant \u00e0 la Corrosion, robinet de lavabo extractible rotatif multidirectionnel \u00e0 360 degr\u00e9s"},"content":{"rendered":"<div class=\"row align-center\"  id=\"row-1134415526\">\n\n\t<div id=\"col-1654591402\" class=\"col medium-11 small-12 large-11\"  data-animate=\"fadeInUp\">\n\t\t\t\t<div class=\"col-inner text-center\"  >\n\t\t\t\n\t\t\t\n<h1 style=\"text-align: center;\"><a href=\"https:\/\/moposanitaryware.com\/fr\/categorie-produit\/faucets\/\">Robinets<\/a><\/h1>\n<p style=\"text-align: center;\">Parcourez les robinets de cuisine, <a href=\"https:\/\/moposanitaryware.com\/fr\/categorie-produit\/faucets\/\">robinets de salle de bains<\/a>, <a href=\"https:\/\/moposanitaryware.com\/fr\/categorie-produit\/faucets\/\">robinets d&#039;\u00e9viers<\/a>, <a href=\"https:\/\/moposanitaryware.com\/fr\/categorie-produit\/faucets\/\">Mitigeur de lavabo<\/a> Les robinets sont disponibles dans une large gamme de styles et de finitions. <a href=\"https:\/\/moposanitaryware.com\/fr\/categorie-produit\/faucets\/\">robinets de salle de bains<\/a> combinez un design haut de gamme avec la plus haute qualit\u00e9 et des fonctions innovantes. D\u00e9couvrez des solutions fascinantes pour votre salle de bains.<\/p>\n<a href=\"https:\/\/moposanitaryware.com\/fr\/categorie-produit\/faucets\/\" class=\"button secondary is-underline lowercase\"  >\n\t\t<span>Explorez tout<\/span>\n\t<i class=\"icon-menu\" aria-hidden=\"true\" ><\/i><\/a>\n\n\t\t<\/div>\n\t\t\t\t\t<\/div>\n\n\t\n<\/div>\n<table style=\"height: 492px;\" border=\"1\" width=\"667\">\n<tbody>\n<tr>\n<td>Lieu d&#039;origine\u00a0:<\/td>\n<td>Foshan, Chine<\/td>\n<\/tr>\n<tr>\n<td>Nom du type\u00a0:<\/td>\n<td data-spm-anchor-id=\"a2700.details.pronpeci14.i1.47c970d3Zz0E3h\">MOPO\u00ae Laiton Moderne <a href=\"https:\/\/moposanitaryware.com\/fr\/categorie-produit\/faucets\/\">Robinets de lavabo de salle de bain<\/a><\/td>\n<\/tr>\n<tr>\n<td><strong><span data-spm-anchor-id=\"a2700.wholesale.0.i33.2c534154qJukFc\">Fonctionnalit\u00e9<\/span><\/strong><strong>\u00a0<\/strong><\/td>\n<td>Mat\u00e9riau de qualit\u00e9 sup\u00e9rieure pour op\u00e9rations \u00e0 poign\u00e9e unique<br \/>\nDurabilit\u00e9fiabilit\u00e9les finitions r\u00e9sistent \u00e0 la corrosion<br \/>\nMat\u00e9riau en laiton massif de qualit\u00e9<br \/>\nLa cartouche \u00e0 disque en c\u00e9ramique assure une longue dur\u00e9e de vie<br \/>\nFonctionnement \u00e0 poign\u00e9e unique sans goutte<br \/>\nLes but\u00e9es de limite de temp\u00e9rature \u00e9lev\u00e9e \u00e9liminent les br\u00fblures<br \/>\nSens mixte eau chaude et froide <a href=\"https:\/\/moposanitaryware.com\/fr\/categorie-produit\/faucets\/\">Robinets<\/a><\/td>\n<\/tr>\n<tr>\n<td>Application:<\/td>\n<td>H\u00f4tel, maison, villa, appartement, immeuble de bureaux, h\u00f4pital, centre commercial,<\/td>\n<\/tr>\n<tr>\n<td>Certificat:<\/td>\n<td>CE, ISO 9001, SASO, filigrane, UPC<\/td>\n<\/tr>\n<tr>\n<td>Service apr\u00e8s-vente<\/td>\n<td>Support technique en ligne, pi\u00e8ces de rechange gratuites<\/td>\n<\/tr>\n<tr>\n<td>OEM et ODM\u00a0:<\/td>\n<td>OEM<\/td>\n<\/tr>\n<tr>\n<td>QUANTIT\u00c9 MINIMALE DE COMMANDE\u00a0:<\/td>\n<td>1 jeu<\/td>\n<\/tr>\n<tr>\n<td>\u00c9chantillon gratuit:<\/td>\n<td>\u00e9chantillon de salaire<\/td>\n<\/tr>\n<tr>\n<td>Capacit\u00e9 d&#039;approvisionnement:<\/td>\n<td>500 ensembles\/ensembles par jour<\/td>\n<\/tr>\n<tr>\n<td style=\"text-align: left;\">Emballage:<\/td>\n<td style=\"text-align: left;\">Bo\u00eete : Emballage neutre ; Emballage\u00a0:\u00a0Sac en polystyr\u00e8ne ou sac en tissu\u00a0; Nous fournissons des services de conception d\u2019emballages personnalis\u00e9s.<\/td>\n<\/tr>\n<\/tbody>\n<\/table>\n<div class=\"row\"  id=\"row-67903812\">\n\n\t<div id=\"col-914603302\" class=\"col small-12 large-12\"  >\n\t\t\t\t<div class=\"col-inner\"  >\n\t\t\t\n\t\t\t\n\t<div class=\"img has-hover x md-x lg-x y md-y lg-y\" id=\"image_47178644\">\n\t\t\t\t\t\t\t\t<div class=\"img-inner dark\" >\n\t\t\t<img loading=\"lazy\" decoding=\"async\" width=\"1222\" height=\"650\" src=\"https:\/\/moposanitaryware.com\/wp-content\/uploads\/Bathroom-Faucet-with-Pull-Out-Spray-12-inch-Water-Supply-Lines.jpg\" class=\"attachment-original size-original\" alt=\"Robinet de salle de bain extractible \u00e0 3 modes avec bec rotatif\" srcset=\"https:\/\/moposanitaryware.com\/wp-content\/uploads\/Bathroom-Faucet-with-Pull-Out-Spray-12-inch-Water-Supply-Lines.jpg 1222w, https:\/\/moposanitaryware.com\/wp-content\/uploads\/Bathroom-Faucet-with-Pull-Out-Spray-12-inch-Water-Supply-Lines-600x319.jpg 600w, https:\/\/moposanitaryware.com\/wp-content\/uploads\/Bathroom-Faucet-with-Pull-Out-Spray-12-inch-Water-Supply-Lines-752x400.jpg 752w, https:\/\/moposanitaryware.com\/wp-content\/uploads\/Bathroom-Faucet-with-Pull-Out-Spray-12-inch-Water-Supply-Lines-768x409.jpg 768w\" sizes=\"auto, (max-width: 1222px) 100vw, 1222px\" title=\"\">\t\t\t\t\t\t\n\t\t\t\t\t<\/div>\n\t\t\t\t\t\t\t\t\n<style>\n#image_47178644 {\n  width: 100%;\n}\n<\/style>\n\t<\/div>\n\t\n<p>Le monotrou <a href=\"https:\/\/moposanitaryware.com\/fr\/shop\/faucets\/\">robinet de salle de bain extractible<\/a> pr\u00e9sente la sagesse des gens. Cette conception est un robinet vraiment innovant. Il ne fait aucun doute qu\u2019une finition gris canon\/or\/noir mat\/chrome s\u2019int\u00e8gre parfaitement \u00e0 toutes les d\u00e9corations de votre salle de bain. 3 fonctionnels <a href=\"https:\/\/moposanitaryware.com\/fr\/shop\/faucets\/\">robinets de lavabo de salle de bain et mod\u00e8les extractibles<\/a> avec de longs tuyaux qui d\u00e9passent l&#039;\u00e9vier, ils apportent une grande commodit\u00e9 \u00e0 votre lavage. Appuyez simplement sur le bouton et vous profiterez de 3 types d\u2019exp\u00e9riences aquatiques : fontaine, ruisseau ou pulv\u00e9risation. Construit \u00e0 partir de mat\u00e9riaux en laiton massif, le <a href=\"https:\/\/moposanitaryware.com\/fr\/shop\/faucets\/\">robinet de salle de bain<\/a> est durable et ne coule pas. Choisir des mat\u00e9riaux de haute qualit\u00e9 vous aidera, vous et votre famille, \u00e0 vous prot\u00e9ger des produits chimiques.<\/p>\n<p><a href=\"https:\/\/moposanitaryware.com\/fr\/shop\/faucets\/\">MOPO<\/a> pourrait vous offrir beaucoup plus d&#039;exp\u00e9rience dans la salle de bain<br \/>\nStyle moderne, exp\u00e9rience confortable.<br \/>\nLa construction en laiton solide assure la qualit\u00e9 et la fiabilit\u00e9.<br \/>\nEn se brossant et en se lavant, les gens commencent chaque matin leur journ\u00e9e dans la salle de bain.<br \/>\nNous pensons qu&#039;un ensemble d&#039;accessoires de bain bien rang\u00e9s et \u00e9l\u00e9gants peut mettre les gens de bonne humeur tout au long de la journ\u00e9e.<\/p>\n\t\t<\/div>\n\t\t\t\t\t<\/div>\n\n\t\n<\/div>\n<div class=\"row\"  id=\"row-954148694\">\n\n\t<div id=\"col-1702851110\" class=\"col medium-3 small-12 large-3\"  >\n\t\t\t\t<div class=\"col-inner\"  >\n\t\t\t\n\t\t\t\n\t<div class=\"img has-hover x md-x lg-x y md-y lg-y\" id=\"image_473488519\">\n\t\t\t\t\t\t\t\t<div class=\"img-inner dark\" >\n\t\t\t<img loading=\"lazy\" decoding=\"async\" width=\"300\" height=\"300\" src=\"https:\/\/moposanitaryware.com\/wp-content\/uploads\/with-Draw-Out-Nozzle-Three-Water-Flow-Patterns.jpg\" class=\"attachment-original size-original\" alt=\"Robinet de salle de bain r\u00e9tractable automatique \u00e0 un trou avec douchette\" srcset=\"https:\/\/moposanitaryware.com\/wp-content\/uploads\/with-Draw-Out-Nozzle-Three-Water-Flow-Patterns.jpg 300w, https:\/\/moposanitaryware.com\/wp-content\/uploads\/with-Draw-Out-Nozzle-Three-Water-Flow-Patterns-100x100.jpg 100w, https:\/\/moposanitaryware.com\/wp-content\/uploads\/with-Draw-Out-Nozzle-Three-Water-Flow-Patterns-280x280.jpg 280w\" sizes=\"auto, (max-width: 300px) 100vw, 300px\" title=\"\">\t\t\t\t\t\t\n\t\t\t\t\t<\/div>\n\t\t\t\t\t\t\t\t\n<style>\n#image_473488519 {\n  width: 100%;\n}\n<\/style>\n\t<\/div>\n\t\n<p>Conception de traction par gravit\u00e9, r\u00e9traction et prise en charge automatiques<\/p>\n\t\t<\/div>\n\t\t\t\t\t<\/div>\n\n\t\n\n\t<div id=\"col-1978652575\" class=\"col medium-3 small-12 large-3\"  >\n\t\t\t\t<div class=\"col-inner\"  >\n\t\t\t\n\t\t\t\n\t<div class=\"img has-hover x md-x lg-x y md-y lg-y\" id=\"image_1730595784\">\n\t\t\t\t\t\t\t\t<div class=\"img-inner dark\" >\n\t\t\t<img loading=\"lazy\" decoding=\"async\" width=\"300\" height=\"300\" src=\"https:\/\/moposanitaryware.com\/wp-content\/uploads\/Brass-Bathroom-Sink-Faucet-Modern-Bathroom-Faucet.jpg\" class=\"attachment-original size-original\" alt=\"Les fabricants de haute qualit\u00e9 fournissent des robinets extractibles \u00e0 un trou bon march\u00e9\" srcset=\"https:\/\/moposanitaryware.com\/wp-content\/uploads\/Brass-Bathroom-Sink-Faucet-Modern-Bathroom-Faucet.jpg 300w, https:\/\/moposanitaryware.com\/wp-content\/uploads\/Brass-Bathroom-Sink-Faucet-Modern-Bathroom-Faucet-100x100.jpg 100w, https:\/\/moposanitaryware.com\/wp-content\/uploads\/Brass-Bathroom-Sink-Faucet-Modern-Bathroom-Faucet-280x280.jpg 280w\" sizes=\"auto, (max-width: 300px) 100vw, 300px\" title=\"\">\t\t\t\t\t\t\n\t\t\t\t\t<\/div>\n\t\t\t\t\t\t\t\t\n<style>\n#image_1730595784 {\n  width: 100%;\n}\n<\/style>\n\t<\/div>\n\t\n<p>L&#039;eau douce remontante est n\u00e9cessaire pour se laver le visage et se brosser les dents.<\/p>\n\t\t<\/div>\n\t\t\t\t\t<\/div>\n\n\t\n\n\t<div id=\"col-999816868\" class=\"col medium-3 small-12 large-3\"  >\n\t\t\t\t<div class=\"col-inner\"  >\n\t\t\t\n\t\t\t\n\t<div class=\"img has-hover x md-x lg-x y md-y lg-y\" id=\"image_564768342\">\n\t\t\t\t\t\t\t\t<div class=\"img-inner dark\" >\n\t\t\t<img loading=\"lazy\" decoding=\"async\" width=\"300\" height=\"300\" src=\"https:\/\/moposanitaryware.com\/wp-content\/uploads\/Single-Hole-Pull-Out-Faucet-for-Bathroom-Sink.jpg\" class=\"attachment-original size-original\" alt=\"Robinet de lavabo de salle de bain rotatif et pratique\" srcset=\"https:\/\/moposanitaryware.com\/wp-content\/uploads\/Single-Hole-Pull-Out-Faucet-for-Bathroom-Sink.jpg 300w, https:\/\/moposanitaryware.com\/wp-content\/uploads\/Single-Hole-Pull-Out-Faucet-for-Bathroom-Sink-100x100.jpg 100w, https:\/\/moposanitaryware.com\/wp-content\/uploads\/Single-Hole-Pull-Out-Faucet-for-Bathroom-Sink-280x280.jpg 280w\" sizes=\"auto, (max-width: 300px) 100vw, 300px\" title=\"\">\t\t\t\t\t\t\n\t\t\t\t\t<\/div>\n\t\t\t\t\t\t\t\t\n<style>\n#image_564768342 {\n  width: 100%;\n}\n<\/style>\n\t<\/div>\n\t\n<p>Sortie d&#039;eau de type douche, adapt\u00e9e au rin\u00e7age<\/p>\n\t\t<\/div>\n\t\t\t\t\t<\/div>\n\n\t\n\n\t<div id=\"col-815932320\" class=\"col medium-3 small-12 large-3\"  >\n\t\t\t\t<div class=\"col-inner\"  >\n\t\t\t\n\t\t\t\n\t<div class=\"img has-hover x md-x lg-x y md-y lg-y\" id=\"image_1801718210\">\n\t\t\t\t\t\t\t\t<div class=\"img-inner dark\" >\n\t\t\t<img loading=\"lazy\" decoding=\"async\" width=\"300\" height=\"300\" src=\"https:\/\/moposanitaryware.com\/wp-content\/uploads\/Black-Sink-Faucet-Bathroom-One-Handle-Modern-Bathroom-Faucet-with-Pull-Down-Sprayer.jpg\" class=\"attachment-original size-original\" alt=\"Robinet extractible monotrou de qualit\u00e9, en gros, bon march\u00e9, avec certification de filigrane CUPC\" srcset=\"https:\/\/moposanitaryware.com\/wp-content\/uploads\/Black-Sink-Faucet-Bathroom-One-Handle-Modern-Bathroom-Faucet-with-Pull-Down-Sprayer.jpg 300w, https:\/\/moposanitaryware.com\/wp-content\/uploads\/Black-Sink-Faucet-Bathroom-One-Handle-Modern-Bathroom-Faucet-with-Pull-Down-Sprayer-100x100.jpg 100w, https:\/\/moposanitaryware.com\/wp-content\/uploads\/Black-Sink-Faucet-Bathroom-One-Handle-Modern-Bathroom-Faucet-with-Pull-Down-Sprayer-280x280.jpg 280w\" sizes=\"auto, (max-width: 300px) 100vw, 300px\" title=\"\">\t\t\t\t\t\t\n\t\t\t\t\t<\/div>\n\t\t\t\t\t\t\t\t\n<style>\n#image_1801718210 {\n  width: 100%;\n}\n<\/style>\n\t<\/div>\n\t\n<p>Barboteur nid d&#039;abeille, sortie d&#039;eau douce<\/p>\n\t\t<\/div>\n\t\t\t\t\t<\/div>\n\n\t\n<\/div>\n<div class=\"row\"  id=\"row-795406952\">\n\n\t<div id=\"col-600660147\" class=\"col medium-6 small-12 large-6\"  >\n\t\t\t\t<div class=\"col-inner\"  >\n\t\t\t\n\t\t\t\n\t<div class=\"img has-hover x md-x lg-x y md-y lg-y\" id=\"image_1334467440\">\n\t\t\t\t\t\t\t\t<div class=\"img-inner dark\" >\n\t\t\t<img loading=\"lazy\" decoding=\"async\" width=\"600\" height=\"400\" src=\"https:\/\/moposanitaryware.com\/wp-content\/uploads\/the-faucet-of-the-pull-type-bathroom-sink-is-made-of-high-quality-brass-and-has-a-matte-coating-on-the-surface-with-exquisite-workmanship.jpg\" class=\"attachment-original size-original\" alt=\"La surface est trait\u00e9e sans d\u00e9coloration ni rayures, avec une bonne r\u00e9sistance \u00e0 la corrosion et un nettoyage facile.\" title=\"\">\t\t\t\t\t\t\n\t\t\t\t\t<\/div>\n\t\t\t\t\t\t\t\t\n<style>\n#image_1334467440 {\n  width: 100%;\n}\n<\/style>\n\t<\/div>\n\t\n\t\t<\/div>\n\t\t\t\t\t<\/div>\n\n\t\n\n\t<div id=\"col-735742448\" class=\"col medium-6 small-12 large-6\"  >\n\t\t\t\t<div class=\"col-inner\"  >\n\t\t\t\n\t\t\t\n<p><a href=\"https:\/\/moposanitaryware.com\/fr\/shop\/faucets\/\">R\u00e9glage de pulv\u00e9risation \u00e0 trois modes<\/a>: Le mode fontaine innovant du <a href=\"https:\/\/moposanitaryware.com\/fr\/shop\/faucets\/\">robinet de salle de bain \u00e0 poign\u00e9e unique<\/a> r\u00e9alise un bain de bouche et un lavage du visage automatiques, lib\u00e9rant ainsi vos mains en toute simplicit\u00e9. Le mode de pulv\u00e9risation puissant sans \u00e9claboussures facilite le rin\u00e7age quotidien et rince rapidement le p\u00e9rim\u00e8tre de l&#039;\u00e9vier. Le mode de d\u00e9bit d&#039;eau a\u00e9r\u00e9 doux est dot\u00e9 d&#039;un effet de massage, vous permettant de profiter du confort du lavage.<br \/>\n<a href=\"https:\/\/moposanitaryware.com\/fr\/shop\/faucets\/\">Pulv\u00e9risateur extractible rotatif \u00e0 360\u00b0<\/a>: Le tuyau extractible de <a href=\"https:\/\/moposanitaryware.com\/fr\/shop\/faucets\/\">robinets de salle de bains<\/a> pour l&#039;\u00e9vier, 1 trou est en polyester tress\u00e9 jusqu&#039;\u00e0 23,6 pouces de long. La plage d&#039;utilisation peut \u00eatre \u00e9tendue au-del\u00e0 de l&#039;\u00e9vier sans restriction pour plus de flexibilit\u00e9 et de commodit\u00e9. La conception unique de rotation \u00e0 360 degr\u00e9s est tr\u00e8s adapt\u00e9e \u00e0 divers sc\u00e9narios : laver les cheveux dans un bassin, remplir d&#039;eau dans un seau, baigner les animaux, etc. <a href=\"https:\/\/moposanitaryware.com\/fr\/shop\/faucets\/\">robinet de salle de bain extractible<\/a> facilite \u00e9galement le nettoyage de toutes les parties de l&#039;\u00e9vier.<br \/>\nConception \u00e0 poign\u00e9e unique\u00a0: la poign\u00e9e unique de <a href=\"https:\/\/moposanitaryware.com\/fr\/shop\/faucets\/\">robinet de salle de bain \u00e0 un trou<\/a> peut facilement obtenir un double contr\u00f4le du chaud et du froid et ajuster la temp\u00e9rature de l&#039;eau \u00e0 volont\u00e9. De plus, il est \u00e9galement pratique d&#039;ajuster le d\u00e9bit d&#039;eau, l&#039;eau douce n&#039;\u00e9clabousse pas et peut \u00e9conomiser de l&#039;eau. La bobine en c\u00e9ramique int\u00e9gr\u00e9e avec des performances d&#039;\u00e9tanch\u00e9it\u00e9 \u00e9lev\u00e9es r\u00e9siste aux temp\u00e9ratures extr\u00eames et r\u00e9duit les fuites.<\/p>\n\t\t<\/div>\n\t\t\t\t\t<\/div>\n\n\t\n<\/div>\n<div class=\"row\"  id=\"row-1828820160\">\n\n\t<div id=\"col-1748056933\" class=\"col medium-6 small-12 large-6\"  >\n\t\t\t\t<div class=\"col-inner\"  >\n\t\t\t\n\t\t\t\n<div class=\"container section-title-container\" ><h3 class=\"section-title section-title-normal\"><b><\/b><span class=\"section-title-main\" >Envoyez-nous un e-mail<\/span><b><\/b><\/h3><\/div>\n<p>Si vous \u00eates int\u00e9ress\u00e9 par nos produits et souhaitez en savoir plus, veuillez laisser un message ici, nous vous r\u00e9pondrons d\u00e8s que possible.<\/p>\n\n<div class=\"wpcf7 no-js\" id=\"wpcf7-f13-o1\" lang=\"en-US\" dir=\"ltr\" data-wpcf7-id=\"13\">\n<div class=\"screen-reader-response\"><p role=\"status\" aria-live=\"polite\" aria-atomic=\"true\"><\/p> <ul><\/ul><\/div>\n<form action=\"\/fr\/wp-json\/wp\/v2\/product\/5147#wpcf7-f13-o1\" method=\"post\" class=\"wpcf7-form init\" aria-label=\"Formulaire de contact\" novalidate=\"novalidate\" data-status=\"init\" data-trp-original-action=\"\/fr\/wp-json\/wp\/v2\/product\/5147#wpcf7-f13-o1\">\n<fieldset class=\"hidden-fields-container\"><input type=\"hidden\" name=\"_wpcf7\" value=\"13\" \/><input type=\"hidden\" name=\"_wpcf7_version\" value=\"6.1.1\" \/><input type=\"hidden\" name=\"_wpcf7_locale\" value=\"en_US\" \/><input type=\"hidden\" name=\"_wpcf7_unit_tag\" value=\"wpcf7-f13-o1\" \/><input type=\"hidden\" name=\"_wpcf7_container_post\" value=\"0\" \/><input type=\"hidden\" name=\"_wpcf7_posted_data_hash\" value=\"\" \/><input type=\"hidden\" name=\"_wpcf7_recaptcha_response\" value=\"\" \/>\n<\/fieldset>\n<div class=\"form-flat\">\n\t<p><span class=\"wpcf7-form-control-wrap\" data-name=\"your-name\"><input size=\"40\" maxlength=\"400\" class=\"wpcf7-form-control wpcf7-text wpcf7-validates-as-required\" aria-required=\"true\" aria-invalid=\"false\" placeholder=\"Votre Nom (requis)\" value=\"\" type=\"text\" name=\"your-name\" \/><\/span><br \/>\n<span class=\"wpcf7-form-control-wrap\" data-name=\"your-email\"><input size=\"40\" maxlength=\"400\" class=\"wpcf7-form-control wpcf7-email wpcf7-validates-as-required wpcf7-text wpcf7-validates-as-email\" aria-required=\"true\" aria-invalid=\"false\" placeholder=\"Votre Email (requis)\" value=\"\" type=\"email\" name=\"your-email\" \/><\/span>\n\t<\/p>\n\t<p><span class=\"wpcf7-form-control-wrap\" data-name=\"your-tels\"><input size=\"40\" maxlength=\"400\" class=\"wpcf7-form-control wpcf7-tel wpcf7-text wpcf7-validates-as-tel\" aria-invalid=\"false\" placeholder=\"Votre t\u00e9l\u00e9phone (facultatif)\" value=\"\" type=\"tel\" name=\"your-tels\" \/><\/span>\n\t<\/p>\n\t<p><span class=\"wpcf7-form-control-wrap\" data-name=\"your-message\"><textarea cols=\"40\" rows=\"10\" maxlength=\"2000\" class=\"wpcf7-form-control wpcf7-textarea\" aria-invalid=\"false\" placeholder=\"Pour un r\u00e9sultat optimal, nous vous recommandons d&#039;inclure les d\u00e9tails suivants\u00a0:\u00a0-\u00a0Auto-pr\u00e9sentation\u00a0-\u00a0Articles ou services requis\u00a0-\u00a0Quantit\u00e9 requise\" name=\"your-message\"><\/textarea><\/span>\n\t<\/p>\n\t<p>Conseil aux entreprises:*<br \/>\n<span class=\"wpcf7-form-control-wrap\" data-name=\"checkbox\"><span class=\"wpcf7-form-control wpcf7-checkbox wpcf7-validates-as-required wpcf7-exclusive-checkbox\"><span class=\"wpcf7-list-item first\"><label><input type=\"checkbox\" name=\"checkbox\" value=\"Quotation\" \/><span class=\"wpcf7-list-item-label\">Citation<\/span><\/label><\/span><span class=\"wpcf7-list-item\"><label><input type=\"checkbox\" name=\"checkbox\" value=\"Catalog\" \/><span class=\"wpcf7-list-item-label\">Catalogue<\/span><\/label><\/span><span class=\"wpcf7-list-item\"><label><input type=\"checkbox\" name=\"checkbox\" value=\"Service Support\" \/><span class=\"wpcf7-list-item-label\">Service apr\u00e8s vente<\/span><\/label><\/span><span class=\"wpcf7-list-item\"><label><input type=\"checkbox\" name=\"checkbox\" value=\"Project\" \/><span class=\"wpcf7-list-item-label\">Projet<\/span><\/label><\/span><span class=\"wpcf7-list-item last\"><label><input type=\"checkbox\" name=\"checkbox\" value=\"I am interested in becoming an agent\" \/><span class=\"wpcf7-list-item-label\">Je suis int\u00e9ress\u00e9 \u00e0 devenir agent<\/span><\/label><\/span><\/span><\/span><br \/>\n<input class=\"wpcf7-form-control wpcf7-submit has-spinner button\" type=\"submit\" value=\"Soumettre\" \/>\n\t<\/p>\n<\/div><div class=\"wpcf7-response-output\" aria-hidden=\"true\"><\/div>\n<input type=\"hidden\" name=\"trp-form-language\" value=\"fr\"\/><\/form>\n<\/div>\n\n\t\t<\/div>\n\t\t\t\t\t<\/div>\n\n\t\n\n\t<div id=\"col-2117974115\" class=\"col medium-6 small-12 large-6\"  >\n\t\t\t\t<div class=\"col-inner\"  >\n\t\t\t\n\t\t\t\n<div class=\"container section-title-container\" ><h3 class=\"section-title section-title-normal\"><b><\/b><span class=\"section-title-main\" >CONTACTEZ-NOUS<\/span><b><\/b><\/h3><\/div>\n<p>Si vous avez une question concernant l&#039;un de nos produits, ou si vous avez besoin de nous contacter pour toute autre raison, veuillez remplir ce formulaire ci-dessous et nous vous r\u00e9pondrons dans les plus brefs d\u00e9lais.<\/p>\n<p><strong>Appelez-nous\u00a0:<\/strong> <a href=\"http:\/\/+86 18675762929\" rel=\"nofollow\">+8618675762929<\/a><br \/>\n<strong>Envoyez-nous un email<\/strong>:\u00a0\u00a0<a href=\"mailto:info@mopochina.com\">info@mopochina.com<\/a><\/p>\n<p><strong>Skype\u00a0<\/strong>: <a href=\"skype:Sanitwell Shen?chat\">jiawei cheng<\/a><\/p>\n<p><strong>Adresses<\/strong> : B1, n\u00b010<sup>\u00e8me<\/sup>, Monde de la c\u00e9ramique Yingkeyijia, 4<sup>\u00e8me<\/sup>\u00a0Jihua Road, Chancheng, Foshan, 528 000, Guangdong, Chine<\/p>\n<p><strong>BASES DE PRODUCTION\u00a0:<\/strong>\u00a0Pays de Chaoan, ville de Chaozhou, province du Guangdong<\/p>\n<p><strong>Lien amical :<\/strong><br \/>\n<a href=\"https:\/\/moposanitaryware.com\/fr\/?attachment_id=5004\">https:\/\/moposanitaryware.com<\/a><br \/>\n<a href=\"https:\/\/www.mopotoilet.com\" rel=\"nofollow noopener\" target=\"_blank\">https:\/\/www.mopotoilet.com<\/a><br \/>\n<a href=\"https:\/\/\/fr\/www.mopofaucet.com\/\">https:\/\/www.mopofaucet.com<\/a><\/p>\n<div class=\"social-icons follow-icons full-width text-left\" ><span>Suivez-nous<\/span><a href=\"https:\/\/www.facebook.com\/MOPOCHINA\" target=\"_blank\" data-label=\"Facebook\" class=\"icon primary button circle facebook tooltip\" title=\"Nous suivons sur Facebook\" aria-label=\"Nous suivons sur Facebook\" rel=\"noopener nofollow\"><i class=\"icon-facebook\" ><\/i><\/a><a href=\"https:\/\/www.instagram.com\/mopotoilet\/\" target=\"_blank\" data-label=\"Instagram\" class=\"icon primary button circle instagram tooltip\" title=\"Nous suivons sur Instagram\" aria-label=\"Nous suivons sur Instagram\" rel=\"noopener nofollow\"><i class=\"icon-instagram\" ><\/i><\/a><a href=\"https:\/\/twitter.com\/mopotoilet\" data-label=\"Twitter\" target=\"_blank\" class=\"icon primary button circle twitter tooltip\" title=\"Nous suivons sur Twitter\" aria-label=\"Nous suivons sur Twitter\" rel=\"noopener nofollow\"><i class=\"icon-twitter\" ><\/i><\/a><a href=\"mailto:info@mopochina.com\" data-label=\"E-mail\" target=\"_blank\" class=\"icon primary button circle email tooltip\" title=\"Nous envoyons un email\" aria-label=\"Nous envoyons un email\" rel=\"nofollow noopener\" ><i class=\"icon-envelop\" ><\/i><\/a><a href=\"https:\/\/www.linkedin.com\/company\/mopo-sanitary-ware\/\" data-label=\"LinkedIn\" target=\"_blank\" class=\"icon primary button circle linkedin tooltip\" title=\"Nous suivons sur LinkedIn\" aria-label=\"Nous suivons sur LinkedIn\" rel=\"noopener nofollow\"><i class=\"icon-linkedin\" ><\/i><\/a><a href=\"https:\/\/www.youtube.com\/c\/mopochina\/featured\" data-label=\"YouTube\" target=\"_blank\" class=\"icon primary button circle youtube tooltip\" title=\"Nous suivons sur Youtube\" aria-label=\"Nous suivons sur Youtube\" rel=\"noopener nofollow\"><i class=\"icon-youtube\" ><\/i><\/a><\/div>\n\t\t<\/div>\n\t\t\t\t\t<\/div>\n\n\t\n<\/div>","protected":false},"excerpt":{"rendered":"<p>Nom de marque\u00a0: MOPO<br \/>\nNom du produit : robinet de lavabo de salle de bain.<br \/>\nModel Number\uff1a MP 0619W<br \/>\nMat\u00e9riau\u00a0: laiton\/acier de niveau 59\u00a0A<br \/>\nTaille: 41,5x2x12,5 mm<br \/>\nPoids : 1,8 kg<br \/>\nColor\uff1a White\/Gunmetal Grey<br \/>\nCaract\u00e9ristique\u00a0: robinets de salle de bain extractibles<br \/>\nNombre de poign\u00e9es\u00a0:\u00a0: poign\u00e9e unique<br \/>\nType d&#039;installation\u00a0: mont\u00e9 sur le pont<\/p>\n\t<a class=\"paoc-popup-click paoc-popup-cust-337 paoc-popup-button paoc-popup-btn\" href=\"javascript:void(0);\">Demander un devis<\/a>\r\n\u00a0 <img loading=\"lazy\" decoding=\"async\" class=\"alignnone wp-image-346\" style=\"color: #333333; font-size: 14.4px;\" src=\"https:\/\/moposanitaryware.com\/wp-content\/uploads\/2021\/03\/Catalog-Download-PDF-MOPO-toilet.jpg\" alt=\"\" width=\"30\" height=\"29\" srcset=\"https:\/\/moposanitaryware.com\/wp-content\/uploads\/2021\/03\/Catalog-Download-PDF-MOPO-toilet.jpg 200w, https:\/\/moposanitaryware.com\/wp-content\/uploads\/2021\/03\/Catalog-Download-PDF-MOPO-toilet-100x100.jpg 100w\" sizes=\"auto, (max-width: 30px) 100vw, 30px\" \/><span style=\"color: #00aae7;\"><a style=\"font-size: 14.4px; color: #00aae7;\" href=\"https:\/\/moposanitaryware.com\/wp-content\/uploads\/2021\/05\/MOPO%C2%AE-Faucets-Catalog-Download-Sanitary-Wares-Manufacturer.pdf\">T\u00e9l\u00e9charger le catalogue<\/a><\/span><\/p>\n<p>&nbsp;<\/p>","protected":false},"featured_media":5112,"template":"","meta":{"_acf_changed":false},"product_brand":[],"product_cat":[15,23,94],"product_tag":[131,130,132],"class_list":{"0":"post-5147","1":"product","2":"type-product","3":"status-publish","4":"has-post-thumbnail","6":"product_cat-see-all-categories","7":"product_cat-faucets","8":"product_cat-basin-faucet","9":"product_tag-bathroom-basin-faucet","10":"product_tag-faucet","11":"product_tag-water-mixer-tap","13":"first","14":"instock","15":"shipping-taxable","16":"product-type-simple"},"acf":[],"_links":{"self":[{"href":"https:\/\/moposanitaryware.com\/fr\/wp-json\/wp\/v2\/product\/5147","targetHints":{"allow":["GET"]}}],"collection":[{"href":"https:\/\/moposanitaryware.com\/fr\/wp-json\/wp\/v2\/product"}],"about":[{"href":"https:\/\/moposanitaryware.com\/fr\/wp-json\/wp\/v2\/types\/product"}],"wp:featuredmedia":[{"embeddable":true,"href":"https:\/\/moposanitaryware.com\/fr\/wp-json\/wp\/v2\/media\/5112"}],"wp:attachment":[{"href":"https:\/\/moposanitaryware.com\/fr\/wp-json\/wp\/v2\/media?parent=5147"}],"wp:term":[{"taxonomy":"product_brand","embeddable":true,"href":"https:\/\/moposanitaryware.com\/fr\/wp-json\/wp\/v2\/product_brand?post=5147"},{"taxonomy":"product_cat","embeddable":true,"href":"https:\/\/moposanitaryware.com\/fr\/wp-json\/wp\/v2\/product_cat?post=5147"},{"taxonomy":"product_tag","embeddable":true,"href":"https:\/\/moposanitaryware.com\/fr\/wp-json\/wp\/v2\/product_tag?post=5147"}],"curies":[{"name":"wp","href":"https:\/\/api.w.org\/{rel}","templated":true}]}}