{"id":5142,"date":"2023-01-14T07:04:49","date_gmt":"2023-01-14T07:04:49","guid":{"rendered":"https:\/\/moposanitaryware.com\/?post_type=product&#038;p=5142"},"modified":"2024-07-29T09:27:57","modified_gmt":"2024-07-29T09:27:57","slug":"china-supplier-luxury-brushed-gold-brass-bathroom-golden-basin-faucet","status":"publish","type":"product","link":"https:\/\/moposanitaryware.com\/fr\/china-supplier-luxury-brushed-gold-brass-bathroom-golden-basin-faucet\/","title":{"rendered":"Robinet de lavabo moderne \u00e0 poign\u00e9e unique, articles sanitaires, salle de bains en or bross\u00e9, robinet chaud et froid"},"content":{"rendered":"<div class=\"row align-center\"  id=\"row-322926400\">\n\n\t<div id=\"col-2058466153\" class=\"col medium-11 small-12 large-11\"  data-animate=\"fadeInUp\">\n\t\t\t\t<div class=\"col-inner text-center\"  >\n\t\t\t\n\t\t\t\n<h1 style=\"text-align: center;\"><a href=\"https:\/\/moposanitaryware.com\/fr\/categorie-produit\/faucets\/\">Robinets<\/a><\/h1>\n<p style=\"text-align: center;\">Parcourez les robinets de cuisine, <a href=\"https:\/\/moposanitaryware.com\/fr\/categorie-produit\/faucets\/\">robinets de salle de bains<\/a>, <a href=\"https:\/\/moposanitaryware.com\/fr\/categorie-produit\/faucets\/\">robinets d&#039;\u00e9viers<\/a>, <a href=\"https:\/\/moposanitaryware.com\/fr\/categorie-produit\/faucets\/\">Mitigeur de lavabo<\/a> Les robinets sont disponibles dans une large gamme de styles et de finitions. <a href=\"https:\/\/moposanitaryware.com\/fr\/categorie-produit\/faucets\/\">robinets de salle de bains<\/a> combinez un design haut de gamme avec la plus haute qualit\u00e9 et des fonctions innovantes. D\u00e9couvrez des solutions fascinantes pour votre salle de bains.<\/p>\n<a href=\"https:\/\/moposanitaryware.com\/fr\/categorie-produit\/faucets\/\" class=\"button secondary is-underline lowercase\"  >\n\t\t<span>Explorez tout<\/span>\n\t<i class=\"icon-menu\" aria-hidden=\"true\" ><\/i><\/a>\n\n\t\t<\/div>\n\t\t\t\t\t<\/div>\n\n\t\n<\/div>\n<table style=\"height: 492px;\" border=\"1\" width=\"667\">\n<tbody>\n<tr>\n<td>Lieu d&#039;origine\u00a0:<\/td>\n<td>Foshan, Chine<\/td>\n<\/tr>\n<tr>\n<td>Nom du type\u00a0:<\/td>\n<td data-spm-anchor-id=\"a2700.details.pronpeci14.i1.47c970d3Zz0E3h\">MOPO\u00ae Laiton Moderne <a href=\"https:\/\/moposanitaryware.com\/fr\/categorie-produit\/faucets\/\">Robinets de lavabo de salle de bain<\/a><\/td>\n<\/tr>\n<tr>\n<td><strong><span data-spm-anchor-id=\"a2700.wholesale.0.i33.2c534154qJukFc\">Fonctionnalit\u00e9<\/span><\/strong><strong>\u00a0<\/strong><\/td>\n<td>Mat\u00e9riau de qualit\u00e9 sup\u00e9rieure pour op\u00e9rations \u00e0 poign\u00e9e unique<br \/>\nDurabilit\u00e9fiabilit\u00e9les finitions r\u00e9sistent \u00e0 la corrosion<br \/>\nMat\u00e9riau en laiton massif de qualit\u00e9<br \/>\nLa cartouche \u00e0 disque en c\u00e9ramique assure une longue dur\u00e9e de vie<br \/>\nFonctionnement \u00e0 poign\u00e9e unique sans goutte<br \/>\nLes but\u00e9es de limite de temp\u00e9rature \u00e9lev\u00e9e \u00e9liminent les br\u00fblures<br \/>\nSens mixte eau chaude et froide <a href=\"https:\/\/moposanitaryware.com\/fr\/categorie-produit\/faucets\/\">Robinets<\/a><\/td>\n<\/tr>\n<tr>\n<td>Application:<\/td>\n<td>H\u00f4tel, maison, villa, appartement, immeuble de bureaux, h\u00f4pital, centre commercial,<\/td>\n<\/tr>\n<tr>\n<td>Certificat:<\/td>\n<td>CE, ISO 9001, SASO, filigrane, UPC<\/td>\n<\/tr>\n<tr>\n<td>Service apr\u00e8s-vente<\/td>\n<td>Support technique en ligne, pi\u00e8ces de rechange gratuites<\/td>\n<\/tr>\n<tr>\n<td>OEM et ODM\u00a0:<\/td>\n<td>OEM<\/td>\n<\/tr>\n<tr>\n<td>QUANTIT\u00c9 MINIMALE DE COMMANDE\u00a0:<\/td>\n<td>1 jeu<\/td>\n<\/tr>\n<tr>\n<td>\u00c9chantillon gratuit:<\/td>\n<td>\u00e9chantillon de salaire<\/td>\n<\/tr>\n<tr>\n<td>Capacit\u00e9 d&#039;approvisionnement:<\/td>\n<td>500 ensembles\/ensembles par jour<\/td>\n<\/tr>\n<tr>\n<td style=\"text-align: left;\">Emballage:<\/td>\n<td style=\"text-align: left;\">Bo\u00eete : Emballage neutre ; Emballage\u00a0:\u00a0Sac en polystyr\u00e8ne ou sac en tissu\u00a0; Nous fournissons des services de conception d\u2019emballages personnalis\u00e9s.<\/td>\n<\/tr>\n<\/tbody>\n<\/table>\n<div class=\"row\"  id=\"row-1511621759\">\n\n\t<div id=\"col-726006751\" class=\"col medium-6 small-12 large-6\"  >\n\t\t\t\t<div class=\"col-inner\"  >\n\t\t\t\n\t\t\t\n<h2>Mat\u00e9riau sans plomb en laiton de qualit\u00e9 59-A<\/h2>\n<p>Corps en cuivre raffin\u00e9 : Le <a href=\"https:\/\/moposanitaryware.com\/fr\/categorie-produit\/faucets\/\">robinet<\/a> Le corps utilise un lingot de cuivre raffin\u00e9 de haute qualit\u00e9 avec l&#039;adoption de la technologie de moulage par gravit\u00e9 la plus avanc\u00e9e au monde et est fabriqu\u00e9 par usinage de pr\u00e9cision, totalement naturel, robuste et durable. Construction en laiton massif pour r\u00e9sister \u00e0 la rouille, \u00e0 la corrosion et au ternissement. Placage de nickel couche de 10 \u00e0 12 microm\u00e8tres2 Placage de chrome couche de 3 \u00e0 5 microm\u00e8tres3 Placage de couleurCouche de 3 \u00e0 5 microm\u00e8tresCertification de r\u00e9ussite au test au brouillard salin de 48 heuresFinition impeccable\u00a0: personnalisez le look pour compl\u00e9ter tout design de salle de bain avec une s\u00e9lection de finitions impeccables r\u00e9sistantes \u00e0 la corrosion<\/p>\n\t\t<\/div>\n\t\t\t\t\t<\/div>\n\n\t\n\n\t<div id=\"col-2013289209\" class=\"col medium-6 small-12 large-6\"  >\n\t\t\t\t<div class=\"col-inner\"  >\n\t\t\t\n\t\t\t\n\t<div class=\"img has-hover x md-x lg-x y md-y lg-y\" id=\"image_419663733\">\n\t\t<a class=\"\" href=\"https:\/\/moposanitaryware.com\/fr\/categorie-produit\/faucets\/\" >\t\t\t\t\t\t<div class=\"img-inner dark\" >\n\t\t\t<img loading=\"lazy\" decoding=\"async\" width=\"750\" height=\"500\" src=\"https:\/\/moposanitaryware.com\/wp-content\/uploads\/2022\/09\/Wholesale-Copper-Basin-Faucet-59-A-Grade-Brass-Lead-Free-Material.jpg\" class=\"attachment-original size-original\" alt=\"\" srcset=\"https:\/\/moposanitaryware.com\/wp-content\/uploads\/2022\/09\/Wholesale-Copper-Basin-Faucet-59-A-Grade-Brass-Lead-Free-Material.jpg 750w, https:\/\/moposanitaryware.com\/wp-content\/uploads\/2022\/09\/Wholesale-Copper-Basin-Faucet-59-A-Grade-Brass-Lead-Free-Material-600x400.jpg 600w\" sizes=\"auto, (max-width: 750px) 100vw, 750px\" title=\"\">\t\t\t\t\t\t\n\t\t\t\t\t<\/div>\n\t\t\t\t\t\t<\/a>\t\t\n<style>\n#image_419663733 {\n  width: 100%;\n}\n<\/style>\n\t<\/div>\n\t\n\t\t<\/div>\n\t\t\t\t\t<\/div>\n\n\t\n\n\t<div id=\"col-795316618\" class=\"col medium-6 small-12 large-6\"  >\n\t\t\t\t<div class=\"col-inner\"  >\n\t\t\t\n\t\t\t\n\t<div class=\"img has-hover x md-x lg-x y md-y lg-y\" id=\"image_753298504\">\n\t\t<a class=\"\" href=\"https:\/\/moposanitaryware.com\/fr\/categorie-produit\/faucets\/\" >\t\t\t\t\t\t<div class=\"img-inner dark\" >\n\t\t\t<img loading=\"lazy\" decoding=\"async\" width=\"800\" height=\"800\" src=\"https:\/\/moposanitaryware.com\/wp-content\/uploads\/2022\/09\/China-Faucet-Factory-Wholesale-Brass-Basin-Faucet-High-end-high-quality-imported-Valve-Core-1.jpg\" class=\"attachment-original size-original\" alt=\"\" srcset=\"https:\/\/moposanitaryware.com\/wp-content\/uploads\/2022\/09\/China-Faucet-Factory-Wholesale-Brass-Basin-Faucet-High-end-high-quality-imported-Valve-Core-1.jpg 800w, https:\/\/moposanitaryware.com\/wp-content\/uploads\/2022\/09\/China-Faucet-Factory-Wholesale-Brass-Basin-Faucet-High-end-high-quality-imported-Valve-Core-1-600x600.jpg 600w, https:\/\/moposanitaryware.com\/wp-content\/uploads\/2022\/09\/China-Faucet-Factory-Wholesale-Brass-Basin-Faucet-High-end-high-quality-imported-Valve-Core-1-100x100.jpg 100w, https:\/\/moposanitaryware.com\/wp-content\/uploads\/2022\/09\/China-Faucet-Factory-Wholesale-Brass-Basin-Faucet-High-end-high-quality-imported-Valve-Core-1-400x400.jpg 400w, https:\/\/moposanitaryware.com\/wp-content\/uploads\/2022\/09\/China-Faucet-Factory-Wholesale-Brass-Basin-Faucet-High-end-high-quality-imported-Valve-Core-1-280x280.jpg 280w, https:\/\/moposanitaryware.com\/wp-content\/uploads\/2022\/09\/China-Faucet-Factory-Wholesale-Brass-Basin-Faucet-High-end-high-quality-imported-Valve-Core-1-768x768.jpg 768w\" sizes=\"auto, (max-width: 800px) 100vw, 800px\" title=\"\">\t\t\t\t\t\t\n\t\t\t\t\t<\/div>\n\t\t\t\t\t\t<\/a>\t\t\n<style>\n#image_753298504 {\n  width: 100%;\n}\n<\/style>\n\t<\/div>\n\t\n\t\t<\/div>\n\t\t\t\t\t<\/div>\n\n\t\n\n\t<div id=\"col-453872204\" class=\"col medium-6 small-12 large-6\"  >\n\t\t\t\t<div class=\"col-inner\"  >\n\t\t\t\n\t\t\t\n<h1><span class=\"Y2IQFc\" lang=\"en\">Noyau de valve import\u00e9 haut de gamme et de haute qualit\u00e9<\/span><\/h1>\n<p>\u00c9l\u00e9ment de valve import\u00e9 de haute qualit\u00e9 avec maille insonorisante (ce qui peut rendre le <a href=\"https:\/\/moposanitaryware.com\/fr\/categorie-produit\/faucets\/\">robinet<\/a> devenu tr\u00e8s silencieux), avec une duret\u00e9 semblable \u00e0 celle d&#039;un diamant, un \u00e9l\u00e9ment de valve en c\u00e9ramique de haute qualit\u00e9, une sensation confortable et l\u00e9g\u00e8re, qui peut toujours \u00eatre utilis\u00e9 en douceur et sans effort plus d&#039;un million de fois marche\/arr\u00eat, durable et sans fuite d&#039;eau. le m\u00e9lange entre l&#039;air et l&#039;eau utilise un noyau de valve en c\u00e9ramique, qui a \u00e9t\u00e9 strictement capable de filtrer efficacement les impuret\u00e9s. test de cycle de grille, rotation du commutateurIl offre un test d\u00e9licat et silencieux, avec une conception \u00e9troitement con\u00e7ue qui s&#039;adapte bien \u00e0 la couture. l&#039;\u00e9coulement de l&#039;eau. Pas de gouttes de vieillissement,<\/p>\n\t\t<\/div>\n\t\t\t\t\t<\/div>\n\n\t\n<\/div>\n<div class=\"row\"  id=\"row-1914673372\">\n\n\t<div id=\"col-2095546769\" class=\"col medium-6 small-12 large-6\"  >\n\t\t\t\t<div class=\"col-inner\"  >\n\t\t\t\n\t\t\t\n<h2>Processus de galvanoplastie<\/h2>\n<p>Galvanoplastie\u00a0: trait\u00e9 avec un processus de galvanoplastie avanc\u00e9, avec plusieurs couches de placage de cuivre acide, de nickel et de chrome, une bonne combinaison de couches de placage, une adh\u00e9rence fine et \u00e9troitement tiss\u00e9e, une couleur uniforme et une r\u00e9sistance \u00e0 la corrosion extr\u00eamement excellente, pour garantir que la surface du produit est brillant et durable.La beaut\u00e9 de l&#039;apparence art \u00e0 la mode et \u00e9l\u00e9gant, r\u00e9sistant \u00e0 l&#039;usure, r\u00e9sistant aux rayures, traitement durable, manche anodis\u00e9 lisse et d\u00e9licat, jamais rouill\u00e9, ne se d\u00e9colore jamais, solide vraiment nuanc\u00e9Atteignez et touchez la surface du <a href=\"https:\/\/moposanitaryware.com\/fr\/categorie-produit\/faucets\/\">robinet<\/a>, et ressentez la d\u00e9licate texture soyeuse du <a href=\"https:\/\/moposanitaryware.com\/fr\/categorie-produit\/faucets\/\">robinet<\/a> tranquillement. Il n&#039;y a aucune marque d&#039;empreinte digitale visible lorsque vous partez.<\/p>\n\t\t<\/div>\n\t\t\t\t\t<\/div>\n\n\t\n\n\t<div id=\"col-2064251979\" class=\"col medium-6 small-12 large-6\"  >\n\t\t\t\t<div class=\"col-inner\"  >\n\t\t\t\n\t\t\t\n\t<div class=\"img has-hover x md-x lg-x y md-y lg-y\" id=\"image_1759827200\">\n\t\t<a class=\"\" href=\"https:\/\/moposanitaryware.com\/fr\/categorie-produit\/faucets\/\" >\t\t\t\t\t\t<div class=\"img-inner dark\" >\n\t\t\t<img loading=\"lazy\" decoding=\"async\" width=\"750\" height=\"500\" src=\"https:\/\/moposanitaryware.com\/wp-content\/uploads\/2022\/09\/Bathroom-Washbasin-Sink-Brass-Basin-Faucet-MOPO-Faucet-Electroplating-Process.jpg\" class=\"attachment-original size-original\" alt=\"\" srcset=\"https:\/\/moposanitaryware.com\/wp-content\/uploads\/2022\/09\/Bathroom-Washbasin-Sink-Brass-Basin-Faucet-MOPO-Faucet-Electroplating-Process.jpg 750w, https:\/\/moposanitaryware.com\/wp-content\/uploads\/2022\/09\/Bathroom-Washbasin-Sink-Brass-Basin-Faucet-MOPO-Faucet-Electroplating-Process-600x400.jpg 600w\" sizes=\"auto, (max-width: 750px) 100vw, 750px\" title=\"\">\t\t\t\t\t\t\n\t\t\t\t\t<\/div>\n\t\t\t\t\t\t<\/a>\t\t\n<style>\n#image_1759827200 {\n  width: 100%;\n}\n<\/style>\n\t<\/div>\n\t\n\t\t<\/div>\n\t\t\t\t\t<\/div>\n\n\t\n<\/div>\n<div class=\"row\"  id=\"row-2136088142\">\n\n\t<div id=\"col-658393332\" class=\"col medium-6 small-12 large-6\"  >\n\t\t\t\t<div class=\"col-inner\"  >\n\t\t\t\n\t\t\t\n\t<div class=\"img has-hover x md-x lg-x y md-y lg-y\" id=\"image_1907502596\">\n\t\t<a class=\"\" href=\"https:\/\/moposanitaryware.com\/fr\/categorie-produit\/faucets\/\" >\t\t\t\t\t\t<div class=\"img-inner dark\" >\n\t\t\t<img loading=\"lazy\" decoding=\"async\" width=\"750\" height=\"500\" src=\"https:\/\/moposanitaryware.com\/wp-content\/uploads\/2022\/09\/Wholesale-Bathroom-Washbasin-Sink-Brass-Copper-Basin-Faucet-304-Stainless-steel-hose.jpg\" class=\"attachment-original size-original\" alt=\"\" srcset=\"https:\/\/moposanitaryware.com\/wp-content\/uploads\/2022\/09\/Wholesale-Bathroom-Washbasin-Sink-Brass-Copper-Basin-Faucet-304-Stainless-steel-hose.jpg 750w, https:\/\/moposanitaryware.com\/wp-content\/uploads\/2022\/09\/Wholesale-Bathroom-Washbasin-Sink-Brass-Copper-Basin-Faucet-304-Stainless-steel-hose-600x400.jpg 600w\" sizes=\"auto, (max-width: 750px) 100vw, 750px\" title=\"\">\t\t\t\t\t\t\n\t\t\t\t\t<\/div>\n\t\t\t\t\t\t<\/a>\t\t\n<style>\n#image_1907502596 {\n  width: 100%;\n}\n<\/style>\n\t<\/div>\n\t\n\t\t<\/div>\n\t\t\t\t\t<\/div>\n\n\t\n\n\t<div id=\"col-742655562\" class=\"col medium-6 small-12 large-6\"  >\n\t\t\t\t<div class=\"col-inner\"  >\n\t\t\t\n\t\t\t\n<h2>Tuyau en acier inoxydable 3\/8\u2033 304<\/h2>\n<div class=\"p\">Notre <a href=\"https:\/\/moposanitaryware.com\/fr\/categorie-produit\/faucets\/\">robinet de salle de bain<\/a> est \u00e9quip\u00e9 de deux tuyaux.Nos tuyaux sont en acier inoxydable SUS 304, qui prot\u00e8ge contre la corrosion chimique et la rouille.Vous n&#039;avez pas \u00e0 vous soucier de la qualit\u00e9 de l&#039;eau lorsque vous vous brossez les dents et vous lavez le visage dans la salle de bain.Et vous pouvez connectez facilement nos tuyaux \u00e0 vos vannes d&#039;arr\u00eatTuyau en acier inoxydable de haute qualit\u00e9Protection de s\u00e9curit\u00e9 multiple Le rev\u00eatement est en acier inoxydable de haute qualit\u00e9 et le mat\u00e9riau est solide et difficile \u00e0 d\u00e9coller. Il vous apportera une exp\u00e9rience confortable au quotidien.<\/div>\n\t\t<\/div>\n\t\t\t\t\t<\/div>\n\n\t\n\n\t<div id=\"col-554339676\" class=\"col medium-6 small-12 large-6\"  >\n\t\t\t\t<div class=\"col-inner\"  >\n\t\t\t\n\t\t\t\n<h2>Fabrication des composants dans tous les sens<\/h2>\n<div class=\"p\">Durable <a href=\"https:\/\/moposanitaryware.com\/fr\/categorie-produit\/faucets\/\">robinet d&#039;\u00e9vier<\/a> Adoptez une cartouche en c\u00e9ramique de haute pr\u00e9cision qui passe 500 000 tests marche\/arr\u00eat, chaque pi\u00e8ce est compatible 100%, \u00e9vite les fuites et assure son utilisation \u00e0 long terme. Fabrication haut de gamme Chaque partie de <a href=\"https:\/\/moposanitaryware.com\/fr\/categorie-produit\/faucets\/\">robinet<\/a> a \u00e9t\u00e9 trait\u00e9 avec une finition haut de gamme et une inspection stricte, garantit ses hautes performances et vous apporte une meilleure exp\u00e9rience d&#039;utilisation.<\/div>\n\t\t<\/div>\n\t\t\t\t\t<\/div>\n\n\t\n\n\t<div id=\"col-495020797\" class=\"col medium-6 small-12 large-6\"  >\n\t\t\t\t<div class=\"col-inner\"  >\n\t\t\t\n\t\t\t\n\t<div class=\"img has-hover x md-x lg-x y md-y lg-y\" id=\"image_1901529329\">\n\t\t\t\t\t\t\t\t<div class=\"img-inner dark\" >\n\t\t\t<img loading=\"lazy\" decoding=\"async\" width=\"750\" height=\"500\" src=\"https:\/\/moposanitaryware.com\/wp-content\/uploads\/2022\/09\/Wholesale-Copper-Basin-Faucet-Component-Workmanship-Every-Way.jpg\" class=\"attachment-original size-original\" alt=\"\" srcset=\"https:\/\/moposanitaryware.com\/wp-content\/uploads\/2022\/09\/Wholesale-Copper-Basin-Faucet-Component-Workmanship-Every-Way.jpg 750w, https:\/\/moposanitaryware.com\/wp-content\/uploads\/2022\/09\/Wholesale-Copper-Basin-Faucet-Component-Workmanship-Every-Way-600x400.jpg 600w\" sizes=\"auto, (max-width: 750px) 100vw, 750px\" title=\"\">\t\t\t\t\t\t\n\t\t\t\t\t<\/div>\n\t\t\t\t\t\t\t\t\n<style>\n#image_1901529329 {\n  width: 100%;\n}\n<\/style>\n\t<\/div>\n\t\n\t\t<\/div>\n\t\t\t\t\t<\/div>\n\n\t\n<\/div>\n<div class=\"row\"  id=\"row-411532195\">\n\n\t<div id=\"col-1036096241\" class=\"col medium-6 small-12 large-6\"  >\n\t\t\t\t<div class=\"col-inner\"  >\n\t\t\t\n\t\t\t\n<div class=\"container section-title-container\" ><h3 class=\"section-title section-title-normal\"><b><\/b><span class=\"section-title-main\" >Envoyez-nous un e-mail<\/span><b><\/b><\/h3><\/div>\n<p>Si vous \u00eates int\u00e9ress\u00e9 par nos produits et souhaitez en savoir plus, veuillez laisser un message ici, nous vous r\u00e9pondrons d\u00e8s que possible.<\/p>\n\n<div class=\"wpcf7 no-js\" id=\"wpcf7-f13-o1\" lang=\"en-US\" dir=\"ltr\" data-wpcf7-id=\"13\">\n<div class=\"screen-reader-response\"><p role=\"status\" aria-live=\"polite\" aria-atomic=\"true\"><\/p> <ul><\/ul><\/div>\n<form action=\"\/fr\/wp-json\/wp\/v2\/product\/5142#wpcf7-f13-o1\" method=\"post\" class=\"wpcf7-form init\" aria-label=\"Formulaire de contact\" novalidate=\"novalidate\" data-status=\"init\" data-trp-original-action=\"\/fr\/wp-json\/wp\/v2\/product\/5142#wpcf7-f13-o1\">\n<fieldset class=\"hidden-fields-container\"><input type=\"hidden\" name=\"_wpcf7\" value=\"13\" \/><input type=\"hidden\" name=\"_wpcf7_version\" value=\"6.1.1\" \/><input type=\"hidden\" name=\"_wpcf7_locale\" value=\"en_US\" \/><input type=\"hidden\" name=\"_wpcf7_unit_tag\" value=\"wpcf7-f13-o1\" \/><input type=\"hidden\" name=\"_wpcf7_container_post\" value=\"0\" \/><input type=\"hidden\" name=\"_wpcf7_posted_data_hash\" value=\"\" \/><input type=\"hidden\" name=\"_wpcf7_recaptcha_response\" value=\"\" \/>\n<\/fieldset>\n<div class=\"form-flat\">\n\t<p><span class=\"wpcf7-form-control-wrap\" data-name=\"your-name\"><input size=\"40\" maxlength=\"400\" class=\"wpcf7-form-control wpcf7-text wpcf7-validates-as-required\" aria-required=\"true\" aria-invalid=\"false\" placeholder=\"Votre Nom (requis)\" value=\"\" type=\"text\" name=\"your-name\" \/><\/span><br \/>\n<span class=\"wpcf7-form-control-wrap\" data-name=\"your-email\"><input size=\"40\" maxlength=\"400\" class=\"wpcf7-form-control wpcf7-email wpcf7-validates-as-required wpcf7-text wpcf7-validates-as-email\" aria-required=\"true\" aria-invalid=\"false\" placeholder=\"Votre Email (requis)\" value=\"\" type=\"email\" name=\"your-email\" \/><\/span>\n\t<\/p>\n\t<p><span class=\"wpcf7-form-control-wrap\" data-name=\"your-tels\"><input size=\"40\" maxlength=\"400\" class=\"wpcf7-form-control wpcf7-tel wpcf7-text wpcf7-validates-as-tel\" aria-invalid=\"false\" placeholder=\"Votre t\u00e9l\u00e9phone (facultatif)\" value=\"\" type=\"tel\" name=\"your-tels\" \/><\/span>\n\t<\/p>\n\t<p><span class=\"wpcf7-form-control-wrap\" data-name=\"your-message\"><textarea cols=\"40\" rows=\"10\" maxlength=\"2000\" class=\"wpcf7-form-control wpcf7-textarea\" aria-invalid=\"false\" placeholder=\"Pour un r\u00e9sultat optimal, nous vous recommandons d&#039;inclure les d\u00e9tails suivants\u00a0:\u00a0-\u00a0Auto-pr\u00e9sentation\u00a0-\u00a0Articles ou services requis\u00a0-\u00a0Quantit\u00e9 requise\" name=\"your-message\"><\/textarea><\/span>\n\t<\/p>\n\t<p>Conseil aux entreprises:*<br \/>\n<span class=\"wpcf7-form-control-wrap\" data-name=\"checkbox\"><span class=\"wpcf7-form-control wpcf7-checkbox wpcf7-validates-as-required wpcf7-exclusive-checkbox\"><span class=\"wpcf7-list-item first\"><label><input type=\"checkbox\" name=\"checkbox\" value=\"Quotation\" \/><span class=\"wpcf7-list-item-label\">Citation<\/span><\/label><\/span><span class=\"wpcf7-list-item\"><label><input type=\"checkbox\" name=\"checkbox\" value=\"Catalog\" \/><span class=\"wpcf7-list-item-label\">Catalogue<\/span><\/label><\/span><span class=\"wpcf7-list-item\"><label><input type=\"checkbox\" name=\"checkbox\" value=\"Service Support\" \/><span class=\"wpcf7-list-item-label\">Service apr\u00e8s vente<\/span><\/label><\/span><span class=\"wpcf7-list-item\"><label><input type=\"checkbox\" name=\"checkbox\" value=\"Project\" \/><span class=\"wpcf7-list-item-label\">Projet<\/span><\/label><\/span><span class=\"wpcf7-list-item last\"><label><input type=\"checkbox\" name=\"checkbox\" value=\"I am interested in becoming an agent\" \/><span class=\"wpcf7-list-item-label\">Je suis int\u00e9ress\u00e9 \u00e0 devenir agent<\/span><\/label><\/span><\/span><\/span><br \/>\n<input class=\"wpcf7-form-control wpcf7-submit has-spinner button\" type=\"submit\" value=\"Soumettre\" \/>\n\t<\/p>\n<\/div><div class=\"wpcf7-response-output\" aria-hidden=\"true\"><\/div>\n<input type=\"hidden\" name=\"trp-form-language\" value=\"fr\"\/><\/form>\n<\/div>\n\n\t\t<\/div>\n\t\t\t\t\t<\/div>\n\n\t\n\n\t<div id=\"col-1817993337\" class=\"col medium-6 small-12 large-6\"  >\n\t\t\t\t<div class=\"col-inner\"  >\n\t\t\t\n\t\t\t\n<div class=\"container section-title-container\" ><h3 class=\"section-title section-title-normal\"><b><\/b><span class=\"section-title-main\" >CONTACTEZ-NOUS<\/span><b><\/b><\/h3><\/div>\n<p>Si vous avez une question concernant l&#039;un de nos produits, ou si vous avez besoin de nous contacter pour toute autre raison, veuillez remplir ce formulaire ci-dessous et nous vous r\u00e9pondrons dans les plus brefs d\u00e9lais.<\/p>\n<p><strong>Appelez-nous\u00a0:<\/strong> <a href=\"http:\/\/+86 18675762929\" rel=\"nofollow\">+8618675762929<\/a><br \/>\n<strong>Envoyez-nous un email<\/strong>:\u00a0\u00a0<a href=\"mailto:info@mopochina.com\">info@mopochina.com<\/a><\/p>\n<p><strong>Skype\u00a0<\/strong>: <a href=\"skype:Sanitwell Shen?chat\">jiawei cheng<\/a><\/p>\n<p><strong>Adresses<\/strong> : B1, n\u00b010<sup>\u00e8me<\/sup>, Monde de la c\u00e9ramique Yingkeyijia, 4<sup>\u00e8me<\/sup>\u00a0Jihua Road, Chancheng, Foshan, 528 000, Guangdong, Chine<\/p>\n<p><strong>BASES DE PRODUCTION\u00a0:<\/strong>\u00a0Pays de Chaoan, ville de Chaozhou, province du Guangdong<\/p>\n<p><strong>Lien amical :<\/strong><br \/>\n<a href=\"https:\/\/moposanitaryware.com\/fr\/?attachment_id=4762\">https:\/\/moposanitaryware.com<\/a><br \/>\n<a href=\"https:\/\/www.mopotoilet.com\" rel=\"nofollow noopener\" target=\"_blank\">https:\/\/www.mopotoilet.com<\/a><br \/>\n<a href=\"https:\/\/\/fr\/www.mopofaucet.com\/\">https:\/\/www.mopofaucet.com<\/a><\/p>\n<div class=\"social-icons follow-icons full-width text-left\" ><span>Suivez-nous<\/span><a href=\"https:\/\/www.facebook.com\/MOPOCHINA\" target=\"_blank\" data-label=\"Facebook\" class=\"icon primary button circle facebook tooltip\" title=\"Nous suivons sur Facebook\" aria-label=\"Nous suivons sur Facebook\" rel=\"noopener nofollow\"><i class=\"icon-facebook\" ><\/i><\/a><a href=\"https:\/\/www.instagram.com\/mopotoilet\/\" target=\"_blank\" data-label=\"Instagram\" class=\"icon primary button circle instagram tooltip\" title=\"Nous suivons sur Instagram\" aria-label=\"Nous suivons sur Instagram\" rel=\"noopener nofollow\"><i class=\"icon-instagram\" ><\/i><\/a><a href=\"https:\/\/twitter.com\/mopotoilet\" data-label=\"Twitter\" target=\"_blank\" class=\"icon primary button circle twitter tooltip\" title=\"Nous suivons sur Twitter\" aria-label=\"Nous suivons sur Twitter\" rel=\"noopener nofollow\"><i class=\"icon-twitter\" ><\/i><\/a><a href=\"mailto:info@mopochina.com\" data-label=\"E-mail\" target=\"_blank\" class=\"icon primary button circle email tooltip\" title=\"Nous envoyons un email\" aria-label=\"Nous envoyons un email\" rel=\"nofollow noopener\" ><i class=\"icon-envelop\" ><\/i><\/a><a href=\"https:\/\/www.linkedin.com\/company\/mopo-sanitary-ware\/\" data-label=\"LinkedIn\" target=\"_blank\" class=\"icon primary button circle linkedin tooltip\" title=\"Nous suivons sur LinkedIn\" aria-label=\"Nous suivons sur LinkedIn\" rel=\"noopener nofollow\"><i class=\"icon-linkedin\" ><\/i><\/a><a href=\"https:\/\/www.youtube.com\/c\/mopochina\/featured\" data-label=\"YouTube\" target=\"_blank\" class=\"icon primary button circle youtube tooltip\" title=\"Nous suivons sur Youtube\" aria-label=\"Nous suivons sur Youtube\" rel=\"noopener nofollow\"><i class=\"icon-youtube\" ><\/i><\/a><\/div>\n\t\t<\/div>\n\t\t\t\t\t<\/div>\n\n\t\n<\/div>","protected":false},"excerpt":{"rendered":"<p>Nom de marque\u00a0: MOPO<br \/>\nNom du produit : robinet de lavabo de salle de bain.<br \/>\nModel Number\uff1a MP W620<br \/>\nMat\u00e9riau\u00a0: laiton\/acier de niveau 59\u00a0A<br \/>\nTaille : sur mesure<br \/>\nPoids : 1,8 kg<br \/>\nColor\uff1aBrushed Gold\/Chrome\/Gunmetal Grey\/Brushed\/Matte Black<br \/>\nFeature\uff1a Pull out Bathroom Faucet<br \/>\nNombre de poign\u00e9es\u00a0:\u00a0: poign\u00e9e unique<br \/>\nType d&#039;installation\u00a0: mont\u00e9 sur le pont<\/p>\n\t<a class=\"paoc-popup-click paoc-popup-cust-337 paoc-popup-button paoc-popup-btn\" href=\"javascript:void(0);\">Demander un devis<\/a>\r\n\u00a0 <img loading=\"lazy\" decoding=\"async\" class=\"alignnone wp-image-346\" style=\"color: #333333; font-size: 14.4px;\" src=\"https:\/\/moposanitaryware.com\/wp-content\/uploads\/2021\/03\/Catalog-Download-PDF-MOPO-toilet.jpg\" alt=\"\" width=\"30\" height=\"29\" srcset=\"https:\/\/moposanitaryware.com\/wp-content\/uploads\/2021\/03\/Catalog-Download-PDF-MOPO-toilet.jpg 200w, https:\/\/moposanitaryware.com\/wp-content\/uploads\/2021\/03\/Catalog-Download-PDF-MOPO-toilet-100x100.jpg 100w\" sizes=\"auto, (max-width: 30px) 100vw, 30px\" \/><span style=\"color: #00aae7;\"><a style=\"font-size: 14.4px; color: #00aae7;\" href=\"https:\/\/moposanitaryware.com\/wp-content\/uploads\/2021\/05\/MOPO%C2%AE-Faucets-Catalog-Download-Sanitary-Wares-Manufacturer.pdf\">T\u00e9l\u00e9charger le catalogue<\/a><\/span><\/p>\n<p>&nbsp;<\/p>","protected":false},"featured_media":5124,"template":"","meta":{"_acf_changed":false},"product_brand":[],"product_cat":[15,23,94],"product_tag":[131,130,132],"class_list":{"0":"post-5142","1":"product","2":"type-product","3":"status-publish","4":"has-post-thumbnail","6":"product_cat-see-all-categories","7":"product_cat-faucets","8":"product_cat-basin-faucet","9":"product_tag-bathroom-basin-faucet","10":"product_tag-faucet","11":"product_tag-water-mixer-tap","13":"first","14":"instock","15":"shipping-taxable","16":"product-type-simple"},"acf":[],"_links":{"self":[{"href":"https:\/\/moposanitaryware.com\/fr\/wp-json\/wp\/v2\/product\/5142","targetHints":{"allow":["GET"]}}],"collection":[{"href":"https:\/\/moposanitaryware.com\/fr\/wp-json\/wp\/v2\/product"}],"about":[{"href":"https:\/\/moposanitaryware.com\/fr\/wp-json\/wp\/v2\/types\/product"}],"wp:featuredmedia":[{"embeddable":true,"href":"https:\/\/moposanitaryware.com\/fr\/wp-json\/wp\/v2\/media\/5124"}],"wp:attachment":[{"href":"https:\/\/moposanitaryware.com\/fr\/wp-json\/wp\/v2\/media?parent=5142"}],"wp:term":[{"taxonomy":"product_brand","embeddable":true,"href":"https:\/\/moposanitaryware.com\/fr\/wp-json\/wp\/v2\/product_brand?post=5142"},{"taxonomy":"product_cat","embeddable":true,"href":"https:\/\/moposanitaryware.com\/fr\/wp-json\/wp\/v2\/product_cat?post=5142"},{"taxonomy":"product_tag","embeddable":true,"href":"https:\/\/moposanitaryware.com\/fr\/wp-json\/wp\/v2\/product_tag?post=5142"}],"curies":[{"name":"wp","href":"https:\/\/api.w.org\/{rel}","templated":true}]}}