{"id":4957,"date":"2022-11-02T02:04:36","date_gmt":"2022-11-02T02:04:36","guid":{"rendered":"https:\/\/moposanitaryware.com\/?post_type=product&#038;p=4957"},"modified":"2024-07-31T02:55:14","modified_gmt":"2024-07-31T02:55:14","slug":"non-electric-mechanical-bidet-sprayer-with-cold-water-mixer-brass-toilet-bidet-sprayer-set","status":"publish","type":"product","link":"https:\/\/moposanitaryware.com\/fr\/non-electric-mechanical-bidet-sprayer-with-cold-water-mixer-brass-toilet-bidet-sprayer-set\/","title":{"rendered":"Pulv\u00e9risateur de Bidet m\u00e9canique Non \u00e9lectrique avec m\u00e9langeur d&#039;eau froide, ensemble de pulv\u00e9risation de Bidet de toilette en laiton"},"content":{"rendered":"<h1 style=\"text-align: center;\"><a href=\"https:\/\/moposanitaryware.com\/fr\/categorie-produit\/toilet-spray\/\">Spray WC<\/a><\/h1>\n<p style=\"text-align: left;\">Pourquoi serait-ce diff\u00e9rent dans le <a href=\"https:\/\/moposanitaryware.com\/fr\/categorie-produit\/toilet-spray\/\">salle de bain<\/a>?<br \/>\nIl en va de m\u00eame lorsque vous utilisez le <a href=\"https:\/\/moposanitaryware.com\/fr\/categorie-produit\/toilet-spray\/\">salle de bain<\/a>. En utilisant un <a href=\"https:\/\/moposanitaryware.com\/fr\/categorie-produit\/toilet-spray\/\">bidet<\/a> au lieu de <a href=\"https:\/\/moposanitaryware.com\/fr\/categorie-produit\/toilet-spray\/\">toilettes<\/a> Le papier assure un nettoyage en profondeur que l&#039;essuyage seul ne peut pas faire. L&#039;eau est plus hygi\u00e9nique que <a href=\"https:\/\/moposanitaryware.com\/fr\/categorie-produit\/toilet-spray\/\">papier toilette<\/a> car il nettoie doucement la zone au lieu de simplement la frotter avec<a href=\"https:\/\/moposanitaryware.com\/fr\/categorie-produit\/toilet-spray\/\"> papier toilette<\/a>. Peut-\u00eatre l&#039;id\u00e9e fausse selon laquelle <a href=\"https:\/\/moposanitaryware.com\/fr\/categorie-produit\/toilet-spray\/\">bidet<\/a> sont insalubres remonte \u00e0 l&#039;enfance, puisque s&#039;essuyer est l&#039;une des premi\u00e8res le\u00e7ons de <a href=\"https:\/\/moposanitaryware.com\/fr\/categorie-produit\/toilet-spray\/\">bonne salle de bain<\/a> hygi\u00e8ne.<br \/>\nUne bonne hygi\u00e8ne est universelle, et il en va de m\u00eame pour tout le monde. <a href=\"https:\/\/moposanitaryware.com\/fr\/categorie-produit\/toilet-spray\/\">pauses toilettes<\/a>, ce qui fait <a href=\"https:\/\/moposanitaryware.com\/fr\/categorie-produit\/toilet-spray\/\">bidet<\/a> un excellent ajout \u00e0 la routine d&#039;hygi\u00e8ne personnelle de chacun. <a href=\"https:\/\/moposanitaryware.com\/fr\/categorie-produit\/toilet-spray\/\">Si\u00e8ges de bidet<\/a>, <a href=\"https:\/\/moposanitaryware.com\/fr\/categorie-produit\/toilet-spray\/\">bidet<\/a> pi\u00e8ces jointes et portables <a href=\"https:\/\/moposanitaryware.com\/fr\/categorie-produit\/toilet-spray\/\">pulv\u00e9risateurs de bidet<\/a> sont id\u00e9ales pour les hommes, les femmes, les enfants et les personnes \u00e2g\u00e9es. Qui que vous soyez, utilisez un <a href=\"https:\/\/moposanitaryware.com\/fr\/categorie-produit\/toilet-spray\/\">bidet<\/a> est plus hygi\u00e9nique que l&#039;essuyage seul, vous laissant une sensation de propret\u00e9 et de fra\u00eecheur tout au long de la journ\u00e9e.<br \/>\nCela signifie-t-il que les hommes peuvent utiliser<a href=\"https:\/\/moposanitaryware.com\/fr\/categorie-produit\/toilet-spray\/\"> bidet<\/a>, aussi ? Eh bien, puisque les hommes doivent faire caca comme tout le monde, oui. Non seulement les hommes peuvent se laver avec un <a href=\"https:\/\/moposanitaryware.com\/fr\/categorie-produit\/toilet-spray\/\">bidet<\/a>, mais ils devraient aussi le faire. Ce n&#039;est pas seulement parfaitement acceptable, c&#039;est plus doux, plus hygi\u00e9nique et globalement meilleur que de s&#039;essuyer.<\/p>\n<div class=\"row\"  id=\"row-390761076\">\n\n\t<div id=\"col-1549150100\" class=\"col small-12 large-12\"  >\n\t\t\t\t<div class=\"col-inner\"  >\n\t\t\t\n\t\t\t\n<table>\n<tbody>\n<tr>\n<td>Lieu d&#039;origine\u00a0:<\/td>\n<td>Foshan, Chine<\/td>\n<\/tr>\n<tr>\n<td>Nom du type<\/td>\n<td><a href=\"https:\/\/moposanitaryware.com\/fr\/categorie-produit\/toilet-spray\/\">Spray pour toilettes MOPO\u00ae<\/a><\/td>\n<\/tr>\n<tr>\n<td>Application:<\/td>\n<td>H\u00f4tel, Maison, Villa, Appartement<\/td>\n<\/tr>\n<tr>\n<td>Service apr\u00e8s-vente<\/td>\n<td>Support technique en ligne, pi\u00e8ces de rechange gratuites<\/td>\n<\/tr>\n<tr>\n<td>OEM et ODM\u00a0:<\/td>\n<td>OEM<\/td>\n<\/tr>\n<tr>\n<td>QUANTIT\u00c9 MINIMALE DE COMMANDE\u00a0:<\/td>\n<td>1 jeu<\/td>\n<\/tr>\n<tr>\n<td>Certifi\u00e9<\/td>\n<td>CE, ISO9001<\/td>\n<\/tr>\n<tr>\n<td>\u00c9chantillon gratuit :<\/td>\n<td>\u00c9chantillon de salaire<\/td>\n<\/tr>\n<tr>\n<td>Capacit\u00e9 d&#039;approvisionnement :<\/td>\n<td>Ensemble de 500<\/td>\n<\/tr>\n<\/tbody>\n<\/table>\n\t\t<\/div>\n\t\t\t\t\t<\/div>\n\n\t\n\n\t<div id=\"col-1861227826\" class=\"col medium-6 small-12 large-6\"  >\n\t\t\t\t<div class=\"col-inner\"  >\n\t\t\t\n\t\t\t\n<h2>Accessoire d&#039;hygi\u00e8ne polyvalent<\/h2>\n<p>Le jet d&#039;eau est toujours \u00ab bien dirig\u00e9 vers la zone que vous souhaitez nettoyer \u00bb car vous contr\u00f4lez le jet. Hygi\u00e8ne personnelle Nettoyage : Un rin\u00e7age complet fera toujours un meilleur travail. Il aide \u00e0 r\u00e9duire les d\u00e9mangeaisons et les irritations dont souffre votre peau. Un moyen infaillible d&#039;\u00e9viter une infection des voies urinaires, de traiter une h\u00e9morro\u00efde et de vivre un mode de vie plus sain. Vous aide \u00e0 \u00e9viter la contamination des mains lors de l&#039;utilisation <a href=\"https:\/\/moposanitaryware.com\/fr\/categorie-produit\/toilet-spray\/\">papier toilette<\/a>.Soins aux personnes handicap\u00e9es : soins personnels id\u00e9aux <a href=\"https:\/\/moposanitaryware.com\/fr\/categorie-produit\/toilet-spray\/\">Le jet d&#039;eau du bidet aide<\/a> patients souffrant d&#039;h\u00e9morro\u00efdes ou de constipation pour la gu\u00e9rison, l&#039;assistance et les soins sp\u00e9ciaux. <a href=\"https:\/\/moposanitaryware.com\/fr\/categorie-produit\/toilet-spray\/\">Pulv\u00e9risateur de bidet MOPO<\/a> est destin\u00e9 \u00e0 l&#039;hygi\u00e8ne personnelle quotidienne et peut \u00e9galement \u00eatre utilis\u00e9 pour la douche shattaf, le lavage des femmes, le pulv\u00e9risateur de couches pour b\u00e9b\u00e9 dans les toilettes, la douche pour chien, et plus encore.<\/p>\n\t\t<\/div>\n\t\t\t\t\t<\/div>\n\n\t\n\n\t<div id=\"col-133203551\" class=\"col medium-6 small-12 large-6\"  >\n\t\t\t\t<div class=\"col-inner\"  >\n\t\t\t\n\t\t\t\n\t<div class=\"img has-hover x md-x lg-x y md-y lg-y\" id=\"image_775063273\">\n\t\t\t\t\t\t\t\t<div class=\"img-inner dark\" >\n\t\t\t<img loading=\"lazy\" decoding=\"async\" width=\"600\" height=\"400\" src=\"https:\/\/moposanitaryware.com\/wp-content\/uploads\/2022\/11\/Efficient-Hygiene-\u2013-Bring-your-bathroom-into-the-21st-century-with-a-toilet-hose-bidet-attachment-.-Diminish-your-paper-usage-avoid-toilet-clogs-and-enjoy-a-cleaner-life-overall.jpg\" class=\"attachment-original size-original\" alt=\"Hygi\u00e8ne efficace \u2013 Faites entrer votre salle de bain dans le 21e si\u00e8cle avec un accessoire de bidet pour tuyau de toilette. R\u00e9duisez votre consommation de papier, \u00e9vitez les obstructions des toilettes et profitez d&#039;une vie plus propre en g\u00e9n\u00e9ral\" title=\"\">\t\t\t\t\t\t\n\t\t\t\t\t<\/div>\n\t\t\t\t\t\t\t\t\n<style>\n#image_775063273 {\n  width: 100%;\n}\n<\/style>\n\t<\/div>\n\t\n\t\t<\/div>\n\t\t\t\t\t<\/div>\n\n\t\n<\/div>\n<div class=\"row\"  id=\"row-1676290040\">\n\n\t<div id=\"col-1996027374\" class=\"col medium-6 small-12 large-6\"  >\n\t\t\t\t<div class=\"col-inner\"  >\n\t\t\t\n\t\t\t\n\t<div class=\"img has-hover x md-x lg-x y md-y lg-y\" id=\"image_275665132\">\n\t\t\t\t\t\t\t\t<div class=\"img-inner dark\" >\n\t\t\t<img loading=\"lazy\" decoding=\"async\" width=\"600\" height=\"400\" src=\"https:\/\/moposanitaryware.com\/wp-content\/uploads\/2022\/11\/High-Precision-QualityHigh-quality-bidet-sprayer-installation-to-suit-your-bathroom-cleaning..jpg\" class=\"attachment-original size-original\" alt=\"Installation de pulv\u00e9risateur de bidet de haute qualit\u00e9 adapt\u00e9e au nettoyage de votre salle de bain.\" title=\"\">\t\t\t\t\t\t\n\t\t\t\t\t<\/div>\n\t\t\t\t\t\t\t\t\n<style>\n#image_275665132 {\n  width: 100%;\n}\n<\/style>\n\t<\/div>\n\t\n\t\t<\/div>\n\t\t\t\t\t<\/div>\n\n\t\n\n\t<div id=\"col-269889162\" class=\"col medium-6 small-12 large-6\"  >\n\t\t\t\t<div class=\"col-inner\"  >\n\t\t\t\n\t\t\t\n<h2>Qualit\u00e9 de haute pr\u00e9cision<\/h2>\n<p>Haute qualit\u00e9 <a href=\"https:\/\/moposanitaryware.com\/fr\/categorie-produit\/toilet-spray\/\">pulv\u00e9risateur de bidet<\/a> installation adapt\u00e9e \u00e0 vos besoins <a href=\"https:\/\/moposanitaryware.com\/fr\/categorie-produit\/toilet-spray\/\">salle de bain<\/a> nettoyage. Ce kit assembl\u00e9 sur mesure est disponible dans un choix de diff\u00e9rents types de finitions de mat\u00e9riaux, disponibles en laiton \/ ABS \/ acier inoxydable 304 et sup\u00e9rieur, offrant plus de durabilit\u00e9 et de r\u00e9sistance \u00e0 l&#039;oxydation et \u00e0 la corrosion. <a href=\"https:\/\/moposanitaryware.com\/fr\/categorie-produit\/toilet-spray\/\">pulv\u00e9risateur de bidet<\/a> pour les toilettes est le meilleur choix pour le nettoyage du fond afin d&#039;am\u00e9liorer l&#039;hygi\u00e8ne personnelle, en particulier pour la grossesse et les cycles menstruels des femmes.<a href=\"https:\/\/moposanitaryware.com\/fr\/categorie-produit\/toilet-spray\/\"> Pulv\u00e9risateurs de bidet<\/a> La conception ergonomique \u00e0 une main vous permet de nettoyer plus facilement votre devant ou votre dos, ce qui est plus hygi\u00e9nique que l&#039;utilisation de papier toilette.<\/p>\n\t\t<\/div>\n\t\t\t\t\t<\/div>\n\n\t\n<\/div>\n<div class=\"row\"  id=\"row-1876805516\">\n\n\t<div id=\"col-966467786\" class=\"col medium-6 small-12 large-6\"  >\n\t\t\t\t<div class=\"col-inner\"  >\n\t\t\t\n\t\t\t\n<h2>Hygi\u00e8ne efficace<\/h2>\n<p>Apportez votre <a href=\"https:\/\/moposanitaryware.com\/fr\/categorie-produit\/toilet-spray\/\">salle de bain<\/a> au 21e si\u00e8cle avec un tuyau de toilette <a href=\"https:\/\/moposanitaryware.com\/fr\/categorie-produit\/toilet-spray\/\">bidet<\/a> pi\u00e8ce jointe. R\u00e9duisez votre consommation de papier, \u00e9vitez <a href=\"https:\/\/moposanitaryware.com\/fr\/categorie-produit\/toilet-spray\/\">toilettes<\/a> sabots et profitez d&#039;une vie plus propre en g\u00e9n\u00e9ral.<a href=\"https:\/\/moposanitaryware.com\/fr\/categorie-produit\/toilet-spray\/\">Pulv\u00e9risateur multi-usages<\/a> \u2013 Utilisez-vous<a href=\"https:\/\/moposanitaryware.com\/fr\/categorie-produit\/toilet-spray\/\">r bidet de toilette<\/a> Accessoire pour nettoyer les zones intimes, les couches lavables ou les toilettes elles-m\u00eames. Ajustez votre levier pour contr\u00f4ler la pression et fermez toujours la valve en T apr\u00e8s utilisation. Plusieurs modes de pulv\u00e9risation sont disponibles, remplacement parfait du double<a href=\"https:\/\/moposanitaryware.com\/fr\/categorie-produit\/toilet-spray\/\"> pulv\u00e9risateur fonctionnel.<\/a>Les douchettes \u00e0 main ont de nombreuses utilisations, pas seulement pour l&#039;hygi\u00e8ne personnelle. Le d\u00e9bit d&#039;eau \u00e0 haute pression peut \u00e9liminer toutes les taches. Parfait pour rincer les couches lavables, arroser les plantes, nettoyer la baignoire et plus encore !<\/p>\n\t\t<\/div>\n\t\t\t\t\t<\/div>\n\n\t\n\n\t<div id=\"col-2071202510\" class=\"col medium-6 small-12 large-6\"  >\n\t\t\t\t<div class=\"col-inner\"  >\n\t\t\t\n\t\t\t\n\t<div class=\"img has-hover x md-x lg-x y md-y lg-y\" id=\"image_2077908201\">\n\t\t\t\t\t\t\t\t<div class=\"img-inner dark\" >\n\t\t\t<img loading=\"lazy\" decoding=\"async\" width=\"600\" height=\"400\" src=\"https:\/\/moposanitaryware.com\/wp-content\/uploads\/2022\/11\/Adjustable-Water-PressurePress-the-handheld-bidet-sprayer-buttons-to-control-the-water-flow-you-will-get-the-suitable-water-pressure-to-meet-your-daily-needs..jpg\" class=\"attachment-original size-original\" alt=\"Pression d&#039;eau r\u00e9glable Appuyez sur les boutons du pulv\u00e9risateur de bidet portable pour contr\u00f4ler le d\u00e9bit d&#039;eau, vous obtiendrez la pression d&#039;eau appropri\u00e9e pour r\u00e9pondre \u00e0 vos besoins quotidiens.\" title=\"\">\t\t\t\t\t\t\n\t\t\t\t\t<\/div>\n\t\t\t\t\t\t\t\t\n<style>\n#image_2077908201 {\n  width: 100%;\n}\n<\/style>\n\t<\/div>\n\t\n\t\t<\/div>\n\t\t\t\t\t<\/div>\n\n\t\n<\/div>","protected":false},"excerpt":{"rendered":"<p>Marque: <a href=\"https:\/\/moposanitaryware.com\/fr\/#brave_open_popup_688\">MOPO\u00ae<\/a><br \/>\nNom du produit: <a href=\"https:\/\/moposanitaryware.com\/fr\/categorie-produit\/toilet-spray\/\">Spray WC<\/a><br \/>\nNum\u00e9ro de mod\u00e8le : MP PQ08<br \/>\nMat\u00e9riau : cuivre\/ABS\/acier inoxydable<br \/>\n<a href=\"https:\/\/moposanitaryware.com\/fr\/categorie-produit\/toilet-spray\/\">Taille du jet de toilette<\/a>: sur mesure<br \/>\nPoids : 2-8 kg<br \/>\nCouleur : Blanc\/Noir\/Or\/Gris ou personnalis\u00e9<br \/>\nType d&#039;installation : Installation murale<\/p>\n\t<a class=\"paoc-popup-click paoc-popup-cust-337 paoc-popup-button paoc-popup-btn\" href=\"javascript:void(0);\">Demander un devis<\/a>\r\n\u00a0 \u00a0 \u00a0<a href=\"https:\/\/api.whatsapp.com\/send?phone=8618675762929\"><img loading=\"lazy\" decoding=\"async\" class=\"alignnone wp-image-6698\" src=\"https:\/\/moposanitaryware.com\/wp-content\/uploads\/WhatsApp.png\" alt=\"\" width=\"140\" height=\"33\" srcset=\"https:\/\/moposanitaryware.com\/wp-content\/uploads\/WhatsApp.png 546w, https:\/\/moposanitaryware.com\/wp-content\/uploads\/WhatsApp-18x4.png 18w\" sizes=\"auto, (max-width: 140px) 100vw, 140px\" \/><\/a><\/p>","protected":false},"featured_media":4942,"template":"","meta":{"_acf_changed":false},"product_brand":[],"product_cat":[15,222],"product_tag":[226,117,135,223,225],"class_list":{"0":"post-4957","1":"product","2":"type-product","3":"status-publish","4":"has-post-thumbnail","6":"product_cat-see-all-categories","7":"product_cat-toilet-spray","8":"product_tag-bidet","9":"product_tag-bidet-toilets","10":"product_tag-toilet","11":"product_tag-toilet-spray","12":"product_tag-wall-hung-toilet","14":"first","15":"instock","16":"shipping-taxable","17":"product-type-simple"},"acf":[],"_links":{"self":[{"href":"https:\/\/moposanitaryware.com\/fr\/wp-json\/wp\/v2\/product\/4957","targetHints":{"allow":["GET"]}}],"collection":[{"href":"https:\/\/moposanitaryware.com\/fr\/wp-json\/wp\/v2\/product"}],"about":[{"href":"https:\/\/moposanitaryware.com\/fr\/wp-json\/wp\/v2\/types\/product"}],"wp:featuredmedia":[{"embeddable":true,"href":"https:\/\/moposanitaryware.com\/fr\/wp-json\/wp\/v2\/media\/4942"}],"wp:attachment":[{"href":"https:\/\/moposanitaryware.com\/fr\/wp-json\/wp\/v2\/media?parent=4957"}],"wp:term":[{"taxonomy":"product_brand","embeddable":true,"href":"https:\/\/moposanitaryware.com\/fr\/wp-json\/wp\/v2\/product_brand?post=4957"},{"taxonomy":"product_cat","embeddable":true,"href":"https:\/\/moposanitaryware.com\/fr\/wp-json\/wp\/v2\/product_cat?post=4957"},{"taxonomy":"product_tag","embeddable":true,"href":"https:\/\/moposanitaryware.com\/fr\/wp-json\/wp\/v2\/product_tag?post=4957"}],"curies":[{"name":"wp","href":"https:\/\/api.w.org\/{rel}","templated":true}]}}