{"id":2752,"date":"2021-07-17T03:54:00","date_gmt":"2021-07-17T03:54:00","guid":{"rendered":"https:\/\/moposanitaryware.com\/?post_type=product&#038;p=2752"},"modified":"2024-08-01T09:36:31","modified_gmt":"2024-08-01T09:36:31","slug":"china-bathtub-faucet-supplier-watermark-and-cupc-floor-standing-brushed-stainless-steel-304-bathtub-and-shower-mixer-faucets","status":"publish","type":"product","link":"https:\/\/moposanitaryware.com\/fr\/china-bathtub-faucet-supplier-watermark-and-cupc-floor-standing-brushed-stainless-steel-304-bathtub-and-shower-mixer-faucets\/","title":{"rendered":"Fournisseur de robinets de baignoire en Chine, filigrane et robinets m\u00e9langeurs de baignoire et de douche bross\u00e9s sur pied CUPC"},"content":{"rendered":"<table style=\"height: 492px;\" border=\"1\" width=\"667\">\n<tbody>\n<tr>\n<td>Lieu d&#039;origine\u00a0:<\/td>\n<td>Foshan, Chine<\/td>\n<\/tr>\n<tr>\n<td>Nom du type\u00a0:<\/td>\n<td data-spm-anchor-id=\"a2700.details.pronpeci14.i1.47c970d3Zz0E3h\">Robinets de baignoire de salle de bains modernes en laiton MOPO\u00ae<\/td>\n<\/tr>\n<tr>\n<td><strong><span data-spm-anchor-id=\"a2700.wholesale.0.i33.2c534154qJukFc\">Fonctionnalit\u00e9<\/span><\/strong><strong>\u00a0<\/strong><\/td>\n<td>Mat\u00e9riau de qualit\u00e9 sup\u00e9rieure pour op\u00e9rations \u00e0 poign\u00e9e unique<br \/>\nDurabilit\u00e9fiabilit\u00e9les finitions r\u00e9sistent \u00e0 la corrosion<br \/>\nMat\u00e9riau en laiton massif de qualit\u00e9<br \/>\nLa cartouche \u00e0 disque en c\u00e9ramique assure une longue dur\u00e9e de vie<br \/>\nFonctionnement \u00e0 poign\u00e9e unique sans goutte<br \/>\nLes but\u00e9es de limite de temp\u00e9rature \u00e9lev\u00e9e \u00e9liminent les br\u00fblures<br \/>\nRobinetterie \u00e0 sens mixte eau chaude et froide<\/td>\n<\/tr>\n<tr>\n<td>Application:<\/td>\n<td>H\u00f4tel, maison, villa, appartement, immeuble de bureaux, h\u00f4pital, centre commercial,<\/td>\n<\/tr>\n<tr>\n<td>Certificat:<\/td>\n<td>CE, ISO 9001, SASO, filigrane, UPC<\/td>\n<\/tr>\n<tr>\n<td>Service apr\u00e8s-vente<\/td>\n<td>Support technique en ligne, pi\u00e8ces de rechange gratuites<\/td>\n<\/tr>\n<tr>\n<td>OEM et ODM\u00a0:<\/td>\n<td>OEM<\/td>\n<\/tr>\n<tr>\n<td>QUANTIT\u00c9 MINIMALE DE COMMANDE\u00a0:<\/td>\n<td>1 jeu<\/td>\n<\/tr>\n<tr>\n<td>\u00c9chantillon gratuit:<\/td>\n<td>\u00e9chantillon de salaire<\/td>\n<\/tr>\n<tr>\n<td>Capacit\u00e9 d&#039;approvisionnement:<\/td>\n<td>500 ensembles\/ensembles par jour<\/td>\n<\/tr>\n<tr>\n<td style=\"text-align: left;\">Emballage:<\/td>\n<td style=\"text-align: left;\">Bo\u00eete : Emballage neutre ; Emballage\u00a0:\u00a0Sac en polystyr\u00e8ne ou sac en tissu\u00a0; Nous fournissons des services de conception d\u2019emballages personnalis\u00e9s.<\/td>\n<\/tr>\n<\/tbody>\n<\/table>\n<div class=\"row\"  id=\"row-157327381\">\n\n\t<div id=\"col-13340006\" class=\"col medium-4 small-12 large-4\"  >\n\t\t\t\t<div class=\"col-inner\"  >\n\t\t\t\n\t\t\t\n\t<div class=\"box has-hover   has-hover box-text-bottom\" >\n\n\t\t<div class=\"box-image\" >\n\t\t\t\t\t\t<div class=\"\" >\n\t\t\t\t<img loading=\"lazy\" decoding=\"async\" width=\"600\" height=\"420\" src=\"https:\/\/moposanitaryware.com\/wp-content\/uploads\/2021\/07\/China-Bathtub-Faucet-Supplier-Floor-Mounted-Brass-Square-Bath-Shower-Set-with-Handshower-Freestanding-Tub-Sink-Tap-All-Brass-Structure-Material-Design.jpg\" class=\"attachment- size-\" alt=\"Handshower freestanding bathtub sink tap-brass structure material design\" srcset=\"https:\/\/moposanitaryware.com\/wp-content\/uploads\/2021\/07\/China-Bathtub-Faucet-Supplier-Floor-Mounted-Brass-Square-Bath-Shower-Set-with-Handshower-Freestanding-Tub-Sink-Tap-All-Brass-Structure-Material-Design.jpg 600w, https:\/\/moposanitaryware.com\/wp-content\/uploads\/2021\/07\/China-Bathtub-Faucet-Supplier-Floor-Mounted-Brass-Square-Bath-Shower-Set-with-Handshower-Freestanding-Tub-Sink-Tap-All-Brass-Structure-Material-Design-571x400.jpg 571w\" sizes=\"auto, (max-width: 600px) 100vw, 600px\" title=\"\">\t\t\t\t\t\t\t\t\t\t\t<\/div>\n\t\t\t\t\t<\/div>\n\n\t\t<div class=\"box-text text-center\" >\n\t\t\t<div class=\"box-text-inner\">\n\t\t\t\t\n<p style=\"text-align: left;\">Conception enti\u00e8rement en laiton, le robinet est fabriqu\u00e9 en laiton lourd et avec une finition noire. la douchette \u00e0 main adopte un design moderne et \u00e9l\u00e9gant. Elle s&#039;int\u00e8gre parfaitement au robinet principal. fabriqu\u00e9 par usinage de pr\u00e9cision, totalement naturel, robuste et durable. construction en laiton massif pour r\u00e9sister \u00e0 la rouille et \u00e0 la corrosion<\/p>\n\t\t\t<\/div>\n\t\t<\/div>\n\t<\/div>\n\t\n\t\t<\/div>\n\t\t\t\t\t<\/div>\n\n\t\n\n\t<div id=\"col-2092583219\" class=\"col medium-4 small-12 large-4\"  >\n\t\t\t\t<div class=\"col-inner\"  >\n\t\t\t\n\t\t\t\n\t<div class=\"box has-hover   has-hover box-text-bottom\" >\n\n\t\t<div class=\"box-image\" >\n\t\t\t\t\t\t<div class=\"\" >\n\t\t\t\t<img loading=\"lazy\" decoding=\"async\" width=\"600\" height=\"420\" src=\"https:\/\/moposanitaryware.com\/wp-content\/uploads\/2021\/07\/Bathroom-accessories-304-Stainless-Steel-scratch-resistant-durablee-treatment-never-rusty-never-Fading.jpg\" class=\"attachment- size-\" alt=\"Bathroom accessories 304 Stainless Steel\" srcset=\"https:\/\/moposanitaryware.com\/wp-content\/uploads\/2021\/07\/Bathroom-accessories-304-Stainless-Steel-scratch-resistant-durablee-treatment-never-rusty-never-Fading.jpg 600w, https:\/\/moposanitaryware.com\/wp-content\/uploads\/2021\/07\/Bathroom-accessories-304-Stainless-Steel-scratch-resistant-durablee-treatment-never-rusty-never-Fading-571x400.jpg 571w\" sizes=\"auto, (max-width: 600px) 100vw, 600px\" title=\"\">\t\t\t\t\t\t\t\t\t\t\t<\/div>\n\t\t\t\t\t<\/div>\n\n\t\t<div class=\"box-text text-center\" >\n\t\t\t<div class=\"box-text-inner\">\n\t\t\t\t\n<p style=\"text-align: left;\">L&#039;acier inoxydable 304 pr\u00e9sente une excellente r\u00e9sistance aux communications \u00e0 une large gamme d&#039;environnements atmosph\u00e9riques d&#039;\u00e9quipement et \u00e0 de nombreux milieux corrosifs. Il est sujet \u00e0 la corrosion par piq\u00fbres et fissures dans les environnements chauds de chlorure et \u00e0 r\u00e9sister \u00e0 la rouille et \u00e0 la fissuration par corrosion sous contrainte au-dessus d&#039;environ 60 \u2103.<\/p>\n\t\t\t<\/div>\n\t\t<\/div>\n\t<\/div>\n\t\n\t\t<\/div>\n\t\t\t\t\t<\/div>\n\n\t\n\n\t<div id=\"col-321855893\" class=\"col medium-4 small-12 large-4\"  >\n\t\t\t\t<div class=\"col-inner\"  >\n\t\t\t\n\t\t\t\n\t<div class=\"box has-hover   has-hover box-text-bottom\" >\n\n\t\t<div class=\"box-image\" >\n\t\t\t\t\t\t<div class=\"\" >\n\t\t\t\t<img loading=\"lazy\" decoding=\"async\" width=\"600\" height=\"420\" src=\"https:\/\/moposanitaryware.com\/wp-content\/uploads\/2021\/07\/China-Bathtub-Faucet-Supplier-Floor-Mounted-Brass-Square-Bath-Shower-Set-with-Handshower-Freestanding-Tub-Sink-Tap-Electroplating-process.jpg\" class=\"attachment- size-\" alt=\"Handshower freestanding bathtub sink tap-electroplating process\" srcset=\"https:\/\/moposanitaryware.com\/wp-content\/uploads\/2021\/07\/China-Bathtub-Faucet-Supplier-Floor-Mounted-Brass-Square-Bath-Shower-Set-with-Handshower-Freestanding-Tub-Sink-Tap-Electroplating-process.jpg 600w, https:\/\/moposanitaryware.com\/wp-content\/uploads\/2021\/07\/China-Bathtub-Faucet-Supplier-Floor-Mounted-Brass-Square-Bath-Shower-Set-with-Handshower-Freestanding-Tub-Sink-Tap-Electroplating-process-571x400.jpg 571w\" sizes=\"auto, (max-width: 600px) 100vw, 600px\" title=\"\">\t\t\t\t\t\t\t\t\t\t\t<\/div>\n\t\t\t\t\t<\/div>\n\n\t\t<div class=\"box-text text-center\" >\n\t\t\t<div class=\"box-text-inner\">\n\t\t\t\t\n<p id=\"tw-target-text\" class=\"tw-data-text tw-text-large XcVN5d tw-ta\" dir=\"ltr\" style=\"text-align: left;\" data-placeholder=\"\u7ffb\u8bd1\">Bases de traitement multiples, la base adopte un traitement de surface bross\u00e9 l\u00e9ger pour mettre en valeur la beaut\u00e9 de l&#039;apparence, un art \u00e0 la mode et \u00e9l\u00e9gant, un traitement r\u00e9sistant \u00e0 l&#039;usure, aux rayures et durable, un traitement anodis\u00e9 lisse et d\u00e9licat, jamais rouill\u00e9, jamais d\u00e9color\u00e9, solide vraiment nuanc\u00e9.<\/p>\n\t\t\t<\/div>\n\t\t<\/div>\n\t<\/div>\n\t\n\t\t<\/div>\n\t\t\t\t\t<\/div>\n\n\t\n\n\t<div id=\"col-1617840247\" class=\"col medium-4 small-12 large-4\"  >\n\t\t\t\t<div class=\"col-inner\"  >\n\t\t\t\n\t\t\t\n\t<div class=\"box has-hover   has-hover box-text-bottom\" >\n\n\t\t<div class=\"box-image\" >\n\t\t\t\t\t\t<div class=\"\" >\n\t\t\t\t<img loading=\"lazy\" decoding=\"async\" width=\"600\" height=\"420\" src=\"https:\/\/moposanitaryware.com\/wp-content\/uploads\/2021\/07\/China-Bathtub-Faucet-Supplier-Floor-Mounted-Brass-Square-Bath-Shower-Set-with-Handshower-Freestanding-Tub-Sink-Tap-Waterfall-Spout-Design-Beautiful.jpg\" class=\"attachment- size-\" alt=\"Bathtub faucet waterfall spout design beautiful\" srcset=\"https:\/\/moposanitaryware.com\/wp-content\/uploads\/2021\/07\/China-Bathtub-Faucet-Supplier-Floor-Mounted-Brass-Square-Bath-Shower-Set-with-Handshower-Freestanding-Tub-Sink-Tap-Waterfall-Spout-Design-Beautiful.jpg 600w, https:\/\/moposanitaryware.com\/wp-content\/uploads\/2021\/07\/China-Bathtub-Faucet-Supplier-Floor-Mounted-Brass-Square-Bath-Shower-Set-with-Handshower-Freestanding-Tub-Sink-Tap-Waterfall-Spout-Design-Beautiful-571x400.jpg 571w\" sizes=\"auto, (max-width: 600px) 100vw, 600px\" title=\"\">\t\t\t\t\t\t\t\t\t\t\t<\/div>\n\t\t\t\t\t<\/div>\n\n\t\t<div class=\"box-text text-center\" >\n\t\t\t<div class=\"box-text-inner\">\n\t\t\t\t\n<p style=\"text-align: left;\">Le bec pivotant \u00e0 360 degr\u00e9s du robinet de baignoire vous permet d&#039;ajuster la position du bec selon vos propres habitudes. Le design du bec cascade est moderne et beau avec la baignoire, l&#039;union parfaite au sol est un tout organique. meilleur d\u00e9bit d&#039;eau<\/p>\n\t\t\t<\/div>\n\t\t<\/div>\n\t<\/div>\n\t\n\t\t<\/div>\n\t\t\t\t\t<\/div>\n\n\t\n\n\t<div id=\"col-1186334513\" class=\"col medium-4 small-12 large-4\"  >\n\t\t\t\t<div class=\"col-inner\"  >\n\t\t\t\n\t\t\t\n\t<div class=\"box has-hover   has-hover box-text-bottom\" >\n\n\t\t<div class=\"box-image\" >\n\t\t\t\t\t\t<div class=\"\" >\n\t\t\t\t<img loading=\"lazy\" decoding=\"async\" width=\"600\" height=\"420\" src=\"https:\/\/moposanitaryware.com\/wp-content\/uploads\/2021\/07\/China-Bathtub-Faucet-Supplier-Floor-Mounted-Brass-Square-Bath-Shower-Set-with-Handshower-Freestanding-Tub-Sink-Tap-Different-Spray-Modes-Handheld-Shower-Head.jpg\" class=\"attachment- size-\" alt=\"Bathtub faucet different dpray modes handheld shower head\" srcset=\"https:\/\/moposanitaryware.com\/wp-content\/uploads\/2021\/07\/China-Bathtub-Faucet-Supplier-Floor-Mounted-Brass-Square-Bath-Shower-Set-with-Handshower-Freestanding-Tub-Sink-Tap-Different-Spray-Modes-Handheld-Shower-Head.jpg 600w, https:\/\/moposanitaryware.com\/wp-content\/uploads\/2021\/07\/China-Bathtub-Faucet-Supplier-Floor-Mounted-Brass-Square-Bath-Shower-Set-with-Handshower-Freestanding-Tub-Sink-Tap-Different-Spray-Modes-Handheld-Shower-Head-571x400.jpg 571w\" sizes=\"auto, (max-width: 600px) 100vw, 600px\" title=\"\">\t\t\t\t\t\t\t\t\t\t\t<\/div>\n\t\t\t\t\t<\/div>\n\n\t\t<div class=\"box-text text-center\" >\n\t\t\t<div class=\"box-text-inner\">\n\t\t\t\t\n<p style=\"text-align: left;\">Kit de pomme de douche \u00e0 main puissant et multifonctionnel pour les douches \u00e0 faible d\u00e9bit d&#039;eau et \u00e0 pression, cr\u00e9e un jet augmentant la pression et distribuant l&#039;eau \u00e0 une vitesse plus \u00e9lev\u00e9e pour compenser les situations de faible pression d&#039;eau.<\/p>\n\t\t\t<\/div>\n\t\t<\/div>\n\t<\/div>\n\t\n\t\t<\/div>\n\t\t\t\t\t<\/div>\n\n\t\n\n\t<div id=\"col-669566722\" class=\"col medium-4 small-12 large-4\"  >\n\t\t\t\t<div class=\"col-inner\"  >\n\t\t\t\n\t\t\t\n\t<div class=\"box has-hover   has-hover box-text-bottom\" >\n\n\t\t<div class=\"box-image\" >\n\t\t\t\t\t\t<div class=\"\" >\n\t\t\t\t<img loading=\"lazy\" decoding=\"async\" width=\"600\" height=\"420\" src=\"https:\/\/moposanitaryware.com\/wp-content\/uploads\/2021\/07\/China-Bathtub-Faucet-Supplier-Floor-Mounted-Brass-Square-Bath-Shower-Set-with-Handshower-Freestanding-Tub-Sink-Tap-304-Stainless-Steel-Hoses.jpg\" class=\"attachment- size-\" alt=\"Bathtub Faucet 304 Stainless Steel Hoses\" srcset=\"https:\/\/moposanitaryware.com\/wp-content\/uploads\/2021\/07\/China-Bathtub-Faucet-Supplier-Floor-Mounted-Brass-Square-Bath-Shower-Set-with-Handshower-Freestanding-Tub-Sink-Tap-304-Stainless-Steel-Hoses.jpg 600w, https:\/\/moposanitaryware.com\/wp-content\/uploads\/2021\/07\/China-Bathtub-Faucet-Supplier-Floor-Mounted-Brass-Square-Bath-Shower-Set-with-Handshower-Freestanding-Tub-Sink-Tap-304-Stainless-Steel-Hoses-571x400.jpg 571w\" sizes=\"auto, (max-width: 600px) 100vw, 600px\" title=\"\">\t\t\t\t\t\t\t\t\t\t\t<\/div>\n\t\t\t\t\t<\/div>\n\n\t\t<div class=\"box-text text-center\" >\n\t\t\t<div class=\"box-text-inner\">\n\t\t\t\t\n<p class=\"a-spacing-mini\" style=\"text-align: left;\">Douchette \u00e0 main polyvalente avec tuyaux en acier inoxydable Douchette \u00e0 main polyvalente, parfaite pour la douche compl\u00e8te, le bain de votre enfant ou le nettoyage de la baignoire. Tuyau de douche en acier inoxydable de haute qualit\u00e9, durable, r\u00e9sistant \u00e0 la corrosion, r\u00e9sistant et facile \u00e0 installer.<\/p>\n\t\t\t<\/div>\n\t\t<\/div>\n\t<\/div>\n\t\n\t\t<\/div>\n\t\t\t\t\t<\/div>\n\n\t\n<\/div>\n<div class=\"row\"  id=\"row-1543778086\">\n\n\t<div id=\"col-1056366561\" class=\"col medium-6 small-12 large-6\"  >\n\t\t\t\t<div class=\"col-inner\"  >\n\t\t\t\n\t\t\t\n<div class=\"container section-title-container\" ><h3 class=\"section-title section-title-normal\"><b><\/b><span class=\"section-title-main\" >Envoyez-nous un e-mail<\/span><b><\/b><\/h3><\/div>\n<p>Si vous \u00eates int\u00e9ress\u00e9 par nos produits et souhaitez en savoir plus, veuillez laisser un message ici, nous vous r\u00e9pondrons d\u00e8s que possible.<\/p>\n\n<div class=\"wpcf7 no-js\" id=\"wpcf7-f13-o1\" lang=\"en-US\" dir=\"ltr\" data-wpcf7-id=\"13\">\n<div class=\"screen-reader-response\"><p role=\"status\" aria-live=\"polite\" aria-atomic=\"true\"><\/p> <ul><\/ul><\/div>\n<form action=\"\/fr\/wp-json\/wp\/v2\/product\/2752#wpcf7-f13-o1\" method=\"post\" class=\"wpcf7-form init\" aria-label=\"Formulaire de contact\" novalidate=\"novalidate\" data-status=\"init\" data-trp-original-action=\"\/fr\/wp-json\/wp\/v2\/product\/2752#wpcf7-f13-o1\">\n<fieldset class=\"hidden-fields-container\"><input type=\"hidden\" name=\"_wpcf7\" value=\"13\" \/><input type=\"hidden\" name=\"_wpcf7_version\" value=\"6.1.1\" \/><input type=\"hidden\" name=\"_wpcf7_locale\" value=\"en_US\" \/><input type=\"hidden\" name=\"_wpcf7_unit_tag\" value=\"wpcf7-f13-o1\" \/><input type=\"hidden\" name=\"_wpcf7_container_post\" value=\"0\" \/><input type=\"hidden\" name=\"_wpcf7_posted_data_hash\" value=\"\" \/><input type=\"hidden\" name=\"_wpcf7_recaptcha_response\" value=\"\" \/>\n<\/fieldset>\n<div class=\"form-flat\">\n\t<p><span class=\"wpcf7-form-control-wrap\" data-name=\"your-name\"><input size=\"40\" maxlength=\"400\" class=\"wpcf7-form-control wpcf7-text wpcf7-validates-as-required\" aria-required=\"true\" aria-invalid=\"false\" placeholder=\"Votre Nom (requis)\" value=\"\" type=\"text\" name=\"your-name\" \/><\/span><br \/>\n<span class=\"wpcf7-form-control-wrap\" data-name=\"your-email\"><input size=\"40\" maxlength=\"400\" class=\"wpcf7-form-control wpcf7-email wpcf7-validates-as-required wpcf7-text wpcf7-validates-as-email\" aria-required=\"true\" aria-invalid=\"false\" placeholder=\"Votre Email (requis)\" value=\"\" type=\"email\" name=\"your-email\" \/><\/span>\n\t<\/p>\n\t<p><span class=\"wpcf7-form-control-wrap\" data-name=\"your-tels\"><input size=\"40\" maxlength=\"400\" class=\"wpcf7-form-control wpcf7-tel wpcf7-text wpcf7-validates-as-tel\" aria-invalid=\"false\" placeholder=\"Votre t\u00e9l\u00e9phone (facultatif)\" value=\"\" type=\"tel\" name=\"your-tels\" \/><\/span>\n\t<\/p>\n\t<p><span class=\"wpcf7-form-control-wrap\" data-name=\"your-message\"><textarea cols=\"40\" rows=\"10\" maxlength=\"2000\" class=\"wpcf7-form-control wpcf7-textarea\" aria-invalid=\"false\" placeholder=\"Pour un r\u00e9sultat optimal, nous vous recommandons d&#039;inclure les d\u00e9tails suivants\u00a0:\u00a0-\u00a0Auto-pr\u00e9sentation\u00a0-\u00a0Articles ou services requis\u00a0-\u00a0Quantit\u00e9 requise\" name=\"your-message\"><\/textarea><\/span>\n\t<\/p>\n\t<p>Conseil aux entreprises:*<br \/>\n<span class=\"wpcf7-form-control-wrap\" data-name=\"checkbox\"><span class=\"wpcf7-form-control wpcf7-checkbox wpcf7-validates-as-required wpcf7-exclusive-checkbox\"><span class=\"wpcf7-list-item first\"><label><input type=\"checkbox\" name=\"checkbox\" value=\"Quotation\" \/><span class=\"wpcf7-list-item-label\">Citation<\/span><\/label><\/span><span class=\"wpcf7-list-item\"><label><input type=\"checkbox\" name=\"checkbox\" value=\"Catalog\" \/><span class=\"wpcf7-list-item-label\">Catalogue<\/span><\/label><\/span><span class=\"wpcf7-list-item\"><label><input type=\"checkbox\" name=\"checkbox\" value=\"Service Support\" \/><span class=\"wpcf7-list-item-label\">Service apr\u00e8s vente<\/span><\/label><\/span><span class=\"wpcf7-list-item\"><label><input type=\"checkbox\" name=\"checkbox\" value=\"Project\" \/><span class=\"wpcf7-list-item-label\">Projet<\/span><\/label><\/span><span class=\"wpcf7-list-item last\"><label><input type=\"checkbox\" name=\"checkbox\" value=\"I am interested in becoming an agent\" \/><span class=\"wpcf7-list-item-label\">Je suis int\u00e9ress\u00e9 \u00e0 devenir agent<\/span><\/label><\/span><\/span><\/span><br \/>\n<input class=\"wpcf7-form-control wpcf7-submit has-spinner button\" type=\"submit\" value=\"Soumettre\" \/>\n\t<\/p>\n<\/div><div class=\"wpcf7-response-output\" aria-hidden=\"true\"><\/div>\n<input type=\"hidden\" name=\"trp-form-language\" value=\"fr\"\/><\/form>\n<\/div>\n\n\t\t<\/div>\n\t\t\t\t\t<\/div>\n\n\t\n\n\t<div id=\"col-748127530\" class=\"col medium-6 small-12 large-6\"  >\n\t\t\t\t<div class=\"col-inner\"  >\n\t\t\t\n\t\t\t\n<div class=\"container section-title-container\" ><h3 class=\"section-title section-title-normal\"><b><\/b><span class=\"section-title-main\" >CONTACTEZ-NOUS<\/span><b><\/b><\/h3><\/div>\n<p>Si vous avez une question concernant l&#039;un de nos produits, ou si vous avez besoin de nous contacter pour toute autre raison, veuillez remplir ce formulaire ci-dessous et nous vous r\u00e9pondrons dans les plus brefs d\u00e9lais.<\/p>\n<p><strong>Appelez-nous\u00a0:<\/strong> <a href=\"http:\/\/+86 18675762929\" rel=\"nofollow\">+8618675762929<\/a><br \/>\n<strong>Envoyez-nous un email<\/strong>:\u00a0\u00a0<a href=\"mailto:info@mopochina.com\">info@mopochina.com<\/a><\/p>\n<p><strong>Skype\u00a0<\/strong>: <a href=\"skype:Sanitwell Shen?chat\">jiawei cheng<\/a><\/p>\n<p><strong>Adresses<\/strong> : B1, n\u00b010<sup>\u00e8me<\/sup>, Monde de la c\u00e9ramique Yingkeyijia, 4<sup>\u00e8me<\/sup>\u00a0Jihua Road, Chancheng, Foshan, 528 000, Guangdong, Chine<\/p>\n<p><strong>BASES DE PRODUCTION\u00a0:<\/strong>\u00a0Pays de Chaoan, ville de Chaozhou, province du Guangdong<\/p>\n<p><strong>Lien amical :<\/strong><br \/>\n<a href=\"https:\/\/moposanitaryware.com\/fr\/\">https:\/\/moposanitaryware.com<\/a><br \/>\n<a href=\"https:\/\/www.mopotoilet.com\" rel=\"nofollow noopener\" target=\"_blank\">https:\/\/www.mopotoilet.com<\/a><br \/>\n<a href=\"https:\/\/\/fr\/www.mopofaucet.com\/\">https:\/\/www.mopofaucet.com<\/a><\/p>\n<div class=\"social-icons follow-icons full-width text-left\" ><span>Suivez-nous<\/span><a href=\"https:\/\/www.facebook.com\/MOPOCHINA\" target=\"_blank\" data-label=\"Facebook\" class=\"icon primary button circle facebook tooltip\" title=\"Nous suivons sur Facebook\" aria-label=\"Nous suivons sur Facebook\" rel=\"noopener nofollow\"><i class=\"icon-facebook\" ><\/i><\/a><a href=\"https:\/\/www.instagram.com\/mopotoilet\/\" target=\"_blank\" data-label=\"Instagram\" class=\"icon primary button circle instagram tooltip\" title=\"Nous suivons sur Instagram\" aria-label=\"Nous suivons sur Instagram\" rel=\"noopener nofollow\"><i class=\"icon-instagram\" ><\/i><\/a><a href=\"https:\/\/twitter.com\/mopotoilet\" data-label=\"Twitter\" target=\"_blank\" class=\"icon primary button circle twitter tooltip\" title=\"Nous suivons sur Twitter\" aria-label=\"Nous suivons sur Twitter\" rel=\"noopener nofollow\"><i class=\"icon-twitter\" ><\/i><\/a><a href=\"mailto:info@mopochina.com\" data-label=\"E-mail\" target=\"_blank\" class=\"icon primary button circle email tooltip\" title=\"Nous envoyons un email\" aria-label=\"Nous envoyons un email\" rel=\"nofollow noopener\" ><i class=\"icon-envelop\" ><\/i><\/a><a href=\"https:\/\/www.linkedin.com\/company\/mopo-sanitary-ware\/\" data-label=\"LinkedIn\" target=\"_blank\" class=\"icon primary button circle linkedin tooltip\" title=\"Nous suivons sur LinkedIn\" aria-label=\"Nous suivons sur LinkedIn\" rel=\"noopener nofollow\"><i class=\"icon-linkedin\" ><\/i><\/a><a href=\"https:\/\/www.youtube.com\/c\/mopochina\/featured\" data-label=\"YouTube\" target=\"_blank\" class=\"icon primary button circle youtube tooltip\" title=\"Nous suivons sur Youtube\" aria-label=\"Nous suivons sur Youtube\" rel=\"noopener nofollow\"><i class=\"icon-youtube\" ><\/i><\/a><\/div>\n\t\t<\/div>\n\t\t\t\t\t<\/div>\n\n\t\n<\/div>","protected":false},"excerpt":{"rendered":"<p>Marque: <a href=\"#brave_open_popup_688\">MOPO<\/a><br \/>\nNom du produit : robinet de baignoire sur pied.<br \/>\nNum\u00e9ro de mod\u00e8le\u00a0: MP-6118<br \/>\nMat\u00e9riau\u00a0: laiton\/acier de niveau 59\u00a0A<br \/>\nTaille\u00a0: 880*150*42mm<br \/>\nPoids : 1,8 kg<br \/>\nCouleur : noir\/chrome\/dor\u00e9\/or rose.<br \/>\nCaract\u00e9ristique\u00a0: robinets avec compteur<br \/>\nNombre de poign\u00e9es\u00a0:\u00a0: poign\u00e9e unique<br \/>\nType d&#039;installation : autoportant<\/p>\n\t<a class=\"paoc-popup-click paoc-popup-cust-337 paoc-popup-button paoc-popup-btn\" href=\"javascript:void(0);\">Demander un devis<\/a>\r\n\u00a0 \u00a0 \u00a0<a href=\"https:\/\/api.whatsapp.com\/send?phone=8618675762929\"><img loading=\"lazy\" decoding=\"async\" class=\"alignnone wp-image-6698\" src=\"https:\/\/moposanitaryware.com\/wp-content\/uploads\/WhatsApp.png\" alt=\"\" width=\"140\" height=\"33\" srcset=\"https:\/\/moposanitaryware.com\/wp-content\/uploads\/WhatsApp.png 546w, https:\/\/moposanitaryware.com\/wp-content\/uploads\/WhatsApp-18x4.png 18w\" sizes=\"auto, (max-width: 140px) 100vw, 140px\" \/><\/a><\/p>","protected":false},"featured_media":2750,"template":"","meta":{"_acf_changed":false},"product_brand":[],"product_cat":[15,23,96],"product_tag":[162,132],"class_list":{"0":"post-2752","1":"product","2":"type-product","3":"status-publish","4":"has-post-thumbnail","6":"product_cat-see-all-categories","7":"product_cat-faucets","8":"product_cat-bathtub-faucet","9":"product_tag-bathtub-faucet","10":"product_tag-water-mixer-tap","12":"first","13":"instock","14":"shipping-taxable","15":"product-type-simple"},"acf":[],"_links":{"self":[{"href":"https:\/\/moposanitaryware.com\/fr\/wp-json\/wp\/v2\/product\/2752","targetHints":{"allow":["GET"]}}],"collection":[{"href":"https:\/\/moposanitaryware.com\/fr\/wp-json\/wp\/v2\/product"}],"about":[{"href":"https:\/\/moposanitaryware.com\/fr\/wp-json\/wp\/v2\/types\/product"}],"wp:featuredmedia":[{"embeddable":true,"href":"https:\/\/moposanitaryware.com\/fr\/wp-json\/wp\/v2\/media\/2750"}],"wp:attachment":[{"href":"https:\/\/moposanitaryware.com\/fr\/wp-json\/wp\/v2\/media?parent=2752"}],"wp:term":[{"taxonomy":"product_brand","embeddable":true,"href":"https:\/\/moposanitaryware.com\/fr\/wp-json\/wp\/v2\/product_brand?post=2752"},{"taxonomy":"product_cat","embeddable":true,"href":"https:\/\/moposanitaryware.com\/fr\/wp-json\/wp\/v2\/product_cat?post=2752"},{"taxonomy":"product_tag","embeddable":true,"href":"https:\/\/moposanitaryware.com\/fr\/wp-json\/wp\/v2\/product_tag?post=2752"}],"curies":[{"name":"wp","href":"https:\/\/api.w.org\/{rel}","templated":true}]}}