{"id":2052,"date":"2021-06-22T08:55:32","date_gmt":"2021-06-22T08:55:32","guid":{"rendered":"https:\/\/moposanitaryware.com\/?post_type=product&#038;p=2052"},"modified":"2024-08-01T09:48:38","modified_gmt":"2024-08-01T09:48:38","slug":"factory-wholesale-bathroom-smart-toilets","status":"publish","type":"product","link":"https:\/\/moposanitaryware.com\/fr\/factory-wholesale-bathroom-smart-toilets\/","title":{"rendered":"Outil de fermeture \u00e9lectronique automatique, toilettes intelligentes, une pi\u00e8ce, siphon \u00e0 jet, chasse d&#039;eau, salle de bains, vente en gros d&#039;usine"},"content":{"rendered":"<div class=\"banner has-hover\" id=\"banner-310140642\">\n          <div class=\"banner-inner fill\">\n        <div class=\"banner-bg fill\" >\n            <img loading=\"lazy\" decoding=\"async\" width=\"800\" height=\"333\" src=\"https:\/\/moposanitaryware.com\/wp-content\/uploads\/2022\/09\/smart-toilet-supplier-and-manufacturer-china-intelligent-toilet.jpg\" class=\"bg attachment-original size-original\" alt=\"\" title=\"\">                                    \n                    <\/div>\n\t\t\n        <div class=\"banner-layers container\">\n            <a class=\"fill\" href=\"https:\/\/moposanitaryware.com\/fr\/shop\/bidets-toilets\/\" ><div class=\"fill banner-link\"><\/div><\/a>            \n   <div id=\"text-box-874136502\" class=\"text-box banner-layer x85 md-x50 lg-x50 y70 md-y70 lg-y70 res-text\">\n                                <div class=\"text-box-content text dark\">\n              \n              <div class=\"text-inner text-center\">\n                  \n<h2 class=\"LC20lb MBeuO DKV0Md\"><span style=\"font-size: 80%;\"><a href=\"https:\/\/moposanitaryware.com\/fr\/shop\/bidets-toilets\/\">Toilettes intelligentes<\/a> \u2013 Salle de bain intelligente<\/span><\/h2>\n<a href=\"#brave_open_popup_688\" class=\"button success lowercase\"  style=\"border-radius:99px;\">\n\t\t<span>Obtenir un devis<\/span>\n\t<\/a>\n\n              <\/div>\n           <\/div>\n                            \n<style>\n#text-box-874136502 {\n  width: 61%;\n}\n#text-box-874136502 .text-box-content {\n  font-size: 100%;\n}\n@media (min-width:550px) {\n  #text-box-874136502 {\n    width: 28%;\n  }\n}\n<\/style>\n    <\/div>\n \n        <\/div>\n      <\/div>\n\n            \n<style>\n#banner-310140642 {\n  padding-top: 50%;\n  background-color: rgb(255,255,255);\n}\n#banner-310140642 .banner-bg img {\n  object-position: 37% 26%;\n}\n@media (min-width:550px) {\n  #banner-310140642 {\n    padding-top: 35%;\n  }\n}\n<\/style>\n  <\/div>\n\n\n<div class=\"row align-center\"  id=\"row-476394819\">\n\n\t<div id=\"col-1437953277\" class=\"col medium-10 small-12 large-10\"  >\n\t\t\t\t<div class=\"col-inner text-center\"  >\n\t\t\t\n\t\t\t\n<h1 style=\"text-align: center;\"><a href=\"https:\/\/moposanitaryware.com\/fr\/categorie-produit\/bidet-toilets\/\">Toilettes intelligentes<\/a><\/h1>\n<p style=\"text-align: center;\">Fabricant et fournisseur de toilettes intelligentes de haute qualit\u00e9, sp\u00e9cialis\u00e9 dans la vente en gros de nouvelles toilettes intelligentes, de si\u00e8ges de toilettes intelligents. Les toilettes intelligentes MOPO fabriquent des toilettes bidet intelligentes de qualit\u00e9, abordables et de luxe. Cette technologie intelligente va changer votre fa\u00e7on de voir votre salle de bain. et une vari\u00e9t\u00e9 de produits de salle de bain<\/p>\n\t\t<\/div>\n\t\t\t\t\t<\/div>\n\n\t\n<\/div>\n<div class=\"row\"  id=\"row-929300940\">\n\n\t<div id=\"col-753704682\" class=\"col medium-6 small-12 large-6\"  >\n\t\t\t\t<div class=\"col-inner\"  >\n\t\t\t\n\t\t\t\n<h3>Buse en acier inoxydable<\/h3>\n<p><b>Avec fonction 3 en 1.<\/b>Le <a href=\"https:\/\/moposanitaryware.com\/fr\/shop\/bidets-toilets\/\">toilettes intelligentes<\/a> apportera le lavage que vous m\u00e9ritez dans votre salle de bain. D\u00e9couvrez notre buse 3 en 1 sp\u00e9cialement con\u00e7ue qui vous apportera le meilleur lavage post\u00e9rieur, un lavage f\u00e9minin r\u00e9confortant et un lavage turbo efficace. La buse autonettoyante en acier inoxydable ajoute \u00e0 l&#039;\u00e9l\u00e9gance qu&#039;elle offre d\u00e9j\u00e0, et plus encore. Minimisez les besoins d&#039;entretien et de nettoyage avec ce composant durable et efficace. Soins sains, soins sains, nettoyage f\u00e9minin, nettoyage des hanches, auto-nettoyage des buses, nettoyage par massage mobile, plusieurs options de lavage sont disponibles pour votre vie confortable et saine.<\/p>\n\t\t<\/div>\n\t\t\t\t\t<\/div>\n\n\t\n\n\t<div id=\"col-323534777\" class=\"col medium-6 small-12 large-6\"  >\n\t\t\t\t<div class=\"col-inner\"  >\n\t\t\t\n\t\t\t\n\t<div class=\"img has-hover x md-x lg-x y md-y lg-y\" id=\"image_2110320911\">\n\t\t<a class=\"open-video\" href=\"https:\/\/www.youtube.com\/watch?v=CeHGZjKQAcU\" rel=\"nofollow noopener\" target=\"_blank\">\t\t\t\t\t\t<div class=\"img-inner dark\" >\n\t\t\t<img loading=\"lazy\" decoding=\"async\" width=\"600\" height=\"420\" src=\"https:\/\/moposanitaryware.com\/wp-content\/uploads\/2022\/09\/Smart-toilet-Patented-3-in-1-nozzle.jpg\" class=\"attachment-original size-original\" alt=\"\" srcset=\"https:\/\/moposanitaryware.com\/wp-content\/uploads\/2022\/09\/Smart-toilet-Patented-3-in-1-nozzle.jpg 600w, https:\/\/moposanitaryware.com\/wp-content\/uploads\/2022\/09\/Smart-toilet-Patented-3-in-1-nozzle-571x400.jpg 571w\" sizes=\"auto, (max-width: 600px) 100vw, 600px\" title=\"\">\t\t\t\t\t\t\t<div class=\"overlay\" style=\"background-color: rgba(0,0,0,.2)\"><\/div>\n\t\t\t\t\t\t\t\t\t\t<div class=\"absolute no-click x50 y50 md-x50 md-y50 lg-x50 lg-y50 text-shadow-2\">\n\t\t\t\t\t<div class=\"overlay-icon\">\n\t\t\t\t\t\t<i class=\"icon-play\"><\/i>\n\t\t\t\t\t<\/div>\n\t\t\t\t<\/div>\n\t\t\t\n\t\t\t\t\t<\/div>\n\t\t\t\t\t\t<\/a>\t\t\n<style>\n#image_2110320911 {\n  width: 100%;\n}\n<\/style>\n\t<\/div>\n\t\n\t\t<\/div>\n\t\t\t\t\t<\/div>\n\n\t\n<\/div>\n<div class=\"row\"  id=\"row-884250329\">\n\n\t<div id=\"col-47347515\" class=\"col medium-6 small-12 large-6\"  >\n\t\t\t\t<div class=\"col-inner\"  >\n\t\t\t\n\t\t\t\n\t<div class=\"img has-hover x md-x lg-x y md-y lg-y\" id=\"image_924810844\">\n\t\t<a class=\"\" href=\"https:\/\/moposanitaryware.com\/fr\/shop\/bidets-toilets\/\">\t\t\t\t\t\t<div class=\"img-inner dark\" >\n\t\t\t<img loading=\"lazy\" decoding=\"async\" width=\"600\" height=\"420\" src=\"https:\/\/moposanitaryware.com\/wp-content\/uploads\/2022\/09\/Smart-Toilet-Cleansing-Water-Warm-air-dryer.jpg\" class=\"attachment-original size-original\" alt=\"\" srcset=\"https:\/\/moposanitaryware.com\/wp-content\/uploads\/2022\/09\/Smart-Toilet-Cleansing-Water-Warm-air-dryer.jpg 600w, https:\/\/moposanitaryware.com\/wp-content\/uploads\/2022\/09\/Smart-Toilet-Cleansing-Water-Warm-air-dryer-571x400.jpg 571w\" sizes=\"auto, (max-width: 600px) 100vw, 600px\" title=\"\">\t\t\t\t\t\t\n\t\t\t\t\t<\/div>\n\t\t\t\t\t\t<\/a>\t\t\n<style>\n#image_924810844 {\n  width: 100%;\n}\n<\/style>\n\t<\/div>\n\t\n\t\t<\/div>\n\t\t\t\t\t<\/div>\n\n\t\n\n\t<div id=\"col-592363058\" class=\"col medium-6 small-12 large-6\"  >\n\t\t\t\t<div class=\"col-inner\"  >\n\t\t\t\n\t\t\t\n<h3>S\u00e9cheur \u00e0 air chaud r\u00e9glable<\/h3>\n<p>Profitez de la facilit\u00e9 et du confort du s\u00e9chage avec le s\u00e8che-linge \u00e0 air chaud \u00e0 temp\u00e9rature r\u00e9glable. R\u00e9duit le besoin de<a href=\"https:\/\/moposanitaryware.com\/fr\/shop\/bidets-toilets\/\"> toilettes<\/a> papier et cr\u00e9e une exp\u00e9rience plus mains libres. Les niveaux de temp\u00e9rature du s\u00e8che-linge sont r\u00e9glables jusqu&#039;\u00e0 5 niveaux selon votre confort et vos go\u00fbts. Choisissez de le garder au chaud ou de le garder au frais. Terminez votre exp\u00e9rience avec le s\u00e8che-linge chaud et vous sauverez des arbres pendant que vous y \u00eates.<\/p>\n\t\t<\/div>\n\t\t\t\t\t<\/div>\n\n\t\n<\/div>\n<div class=\"row\"  id=\"row-1373572560\">\n\n\t<div id=\"col-394042954\" class=\"col medium-6 small-12 large-6\"  >\n\t\t\t\t<div class=\"col-inner\"  >\n\t\t\t\n\t\t\t\n<h3>Technologie de chauffage hybride<\/h3>\n<p>L&#039;innovation brillante de la technologie de chauffage de l&#039;eau hybride s&#039;est av\u00e9r\u00e9e \u00eatre l&#039;une des m\u00e9thodes de chauffage de l&#039;eau instantan\u00e9es les plus efficaces et les plus fiables. Nous avons d\u00e9velopp\u00e9 une nouvelle technologie de chauffage hybride qui utilise les meilleures caract\u00e9ristiques des technologies de chauffage instantan\u00e9 et de chauffage. Le nouveau syst\u00e8me de chauffage hybride combine l&#039;eau coh\u00e9rence du d\u00e9bit et de la temp\u00e9rature avec une dur\u00e9e illimit\u00e9e pour produire un d\u00e9bit d&#039;eau chaud et rajeunissant continu.<\/p>\n\t\t<\/div>\n\t\t\t\t\t<\/div>\n\n\t\n\n\t<div id=\"col-185324823\" class=\"col medium-6 small-12 large-6\"  >\n\t\t\t\t<div class=\"col-inner\"  >\n\t\t\t\n\t\t\t\n\t<div class=\"img has-hover x md-x lg-x y md-y lg-y\" id=\"image_392339454\">\n\t\t<a class=\"\" href=\"https:\/\/moposanitaryware.com\/fr\/shop\/bidets-toilets\/\">\t\t\t\t\t\t<div class=\"img-inner dark\" >\n\t\t\t<img loading=\"lazy\" decoding=\"async\" width=\"600\" height=\"420\" src=\"https:\/\/moposanitaryware.com\/wp-content\/uploads\/2022\/09\/Smart-Toilet-Hybrid-heating-technology-Built-to-last.jpg\" class=\"attachment-original size-original\" alt=\"\" srcset=\"https:\/\/moposanitaryware.com\/wp-content\/uploads\/2022\/09\/Smart-Toilet-Hybrid-heating-technology-Built-to-last.jpg 600w, https:\/\/moposanitaryware.com\/wp-content\/uploads\/2022\/09\/Smart-Toilet-Hybrid-heating-technology-Built-to-last-571x400.jpg 571w\" sizes=\"auto, (max-width: 600px) 100vw, 600px\" title=\"\">\t\t\t\t\t\t\n\t\t\t\t\t<\/div>\n\t\t\t\t\t\t<\/a>\t\t\n<style>\n#image_392339454 {\n  width: 100%;\n}\n<\/style>\n\t<\/div>\n\t\n\t\t<\/div>\n\t\t\t\t\t<\/div>\n\n\t\n<\/div>\n<div class=\"row\"  id=\"row-1115838202\">\n\n\t<div id=\"col-826148602\" class=\"col medium-6 small-12 large-6\"  >\n\t\t\t\t<div class=\"col-inner\"  >\n\t\t\t\n\t\t\t\n\t<div class=\"img has-hover x md-x lg-x y md-y lg-y\" id=\"image_36777663\">\n\t\t<a class=\"open-video\" href=\"https:\/\/www.youtube.com\/watch?v=5KqqEmz7ak0\" rel=\"nofollow noopener\" target=\"_blank\">\t\t\t\t\t\t<div class=\"img-inner dark\" >\n\t\t\t<img loading=\"lazy\" decoding=\"async\" width=\"600\" height=\"420\" src=\"https:\/\/moposanitaryware.com\/wp-content\/uploads\/2022\/09\/Smart-Toilets-manufacturer-and-supplier-Bidet-Toilets-Foam-shield-Splash-proof.jpg\" class=\"attachment-original size-original\" alt=\"\" srcset=\"https:\/\/moposanitaryware.com\/wp-content\/uploads\/2022\/09\/Smart-Toilets-manufacturer-and-supplier-Bidet-Toilets-Foam-shield-Splash-proof.jpg 600w, https:\/\/moposanitaryware.com\/wp-content\/uploads\/2022\/09\/Smart-Toilets-manufacturer-and-supplier-Bidet-Toilets-Foam-shield-Splash-proof-571x400.jpg 571w\" sizes=\"auto, (max-width: 600px) 100vw, 600px\" title=\"\">\t\t\t\t\t\t\t<div class=\"overlay\" style=\"background-color: rgba(0,0,0,.2)\"><\/div>\n\t\t\t\t\t\t\t\t\t\t<div class=\"absolute no-click x50 y50 md-x50 md-y50 lg-x50 lg-y50 text-shadow-2\">\n\t\t\t\t\t<div class=\"overlay-icon\">\n\t\t\t\t\t\t<i class=\"icon-play\"><\/i>\n\t\t\t\t\t<\/div>\n\t\t\t\t<\/div>\n\t\t\t\n\t\t\t\t\t<\/div>\n\t\t\t\t\t\t<\/a>\t\t\n<style>\n#image_36777663 {\n  width: 100%;\n}\n<\/style>\n\t<\/div>\n\t\n\t\t<\/div>\n\t\t\t\t\t<\/div>\n\n\t\n\n\t<div id=\"col-450583349\" class=\"col medium-6 small-12 large-6\"  >\n\t\t\t\t<div class=\"col-inner\"  >\n\t\t\t\n\t\t\t\n<h3 class=\"a-spacing-mini\">Bouclier en mousse <span class=\"Y2IQFc\" lang=\"en\">R\u00e9sistant aux \u00e9claboussures<\/span><\/h3>\n<p class=\"a-spacing-mini\">caract\u00e9ristique exceptionnelle parmi <a href=\"https:\/\/moposanitaryware.com\/fr\/shop\/bidets-toilets\/\">toilettes intelligentes<\/a>. Un bouclier en mousse emp\u00eache l&#039;eau de s&#039;\u00e9chapper pendant le rin\u00e7age. Non seulement cela, mais elle pr\u00e9vient \u00e9galement les odeurs, la salet\u00e9 et, plus important encore, cette mousse aide \u00e0 tuer les bact\u00e9ries pr\u00e9sentes apr\u00e8s utilisation ainsi que les bact\u00e9ries pr\u00e9sentes autour du <a href=\"https:\/\/moposanitaryware.com\/fr\/shop\/bidets-toilets\/\">cuvette des toilettes.<\/a><\/p>\n<p class=\"a-spacing-mini\">De cette fa\u00e7on, le <a href=\"https:\/\/moposanitaryware.com\/fr\/shop\/bidets-toilets\/\">cuvette des toilettes<\/a> est plus propre \u00e0 utiliser. Beaucoup ne se penchent pas sur la gravit\u00e9 des attaques bact\u00e9riennes, des attaques bact\u00e9riennes mineures peuvent vous surprendre avec une allergie cutan\u00e9e, mais une attaque bact\u00e9rienne grave peut causer plus que cela et nuire \u00e0 votre sant\u00e9. La pr\u00e9sence de ces mousses peut d\u00e9sormais aider les utilisateurs \u00e0 r\u00e9soudre tous les probl\u00e8mes ci-dessus.<\/p>\n\t\t<\/div>\n\t\t\t\t\t<\/div>\n\n\t\n<\/div>\n<div class=\"row\"  id=\"row-1078066458\">\n\n\t<div id=\"col-1133464839\" class=\"col medium-4 small-12 large-4\"  >\n\t\t\t\t<div class=\"col-inner\"  >\n\t\t\t\n\t\t\t\n\t<div class=\"img has-hover x md-x lg-x y md-y lg-y\" id=\"image_768040079\">\n\t\t<a class=\"open-video\" href=\"https:\/\/www.youtube.com\/watch?v=0knb9chQmwk\" rel=\"nofollow noopener\" target=\"_blank\">\t\t\t\t\t\t<div class=\"img-inner dark\" >\n\t\t\t<img loading=\"lazy\" decoding=\"async\" width=\"400\" height=\"280\" src=\"https:\/\/moposanitaryware.com\/wp-content\/uploads\/2022\/09\/bathroom-automatic-electronic-bidet-smart-toilet-Contoured-seat-is-heated.jpg\" class=\"attachment-original size-original\" alt=\"\" title=\"\">\t\t\t\t\t\t\t<div class=\"overlay\" style=\"background-color: rgba(0,0,0,.2)\"><\/div>\n\t\t\t\t\t\t\t\t\t\t<div class=\"absolute no-click x50 y50 md-x50 md-y50 lg-x50 lg-y50 text-shadow-2\">\n\t\t\t\t\t<div class=\"overlay-icon\">\n\t\t\t\t\t\t<i class=\"icon-play\"><\/i>\n\t\t\t\t\t<\/div>\n\t\t\t\t<\/div>\n\t\t\t\n\t\t\t\t\t<\/div>\n\t\t\t\t\t\t<\/a>\t\t\n<style>\n#image_768040079 {\n  width: 100%;\n}\n<\/style>\n\t<\/div>\n\t\n<h3 class=\"a-spacing-mini\">Si\u00e8ge chauffant<\/h3>\n<p><span class=\"a-list-item\">Le si\u00e8ge profil\u00e9 est chauffant pour offrir un confort maximal et vous garder au chaud et confortable <\/span><span class=\"a-list-item\">Les r\u00e9glages de temp\u00e9rature r\u00e9glables permettent aux utilisateurs de cr\u00e9er et de maintenir le niveau de chaleur parfait<\/span><\/p>\n\t\t<\/div>\n\t\t\t\t\t<\/div>\n\n\t\n\n\t<div id=\"col-1981964862\" class=\"col medium-4 small-12 large-4\"  >\n\t\t\t\t<div class=\"col-inner\"  >\n\t\t\t\n\t\t\t\n\t<div class=\"img has-hover x md-x lg-x y md-y lg-y\" id=\"image_1902795208\">\n\t\t<a class=\"open-video\" href=\"https:\/\/www.youtube.com\/watch?v=mE6-2ssjgZo\" rel=\"nofollow noopener\" target=\"_blank\">\t\t\t\t\t\t<div class=\"img-inner dark\" >\n\t\t\t<img loading=\"lazy\" decoding=\"async\" width=\"400\" height=\"280\" src=\"https:\/\/moposanitaryware.com\/wp-content\/uploads\/2022\/09\/Smart-Toilets-wireless-remote-controlconvenient-and-sanitary-.jpg\" class=\"attachment-original size-original\" alt=\"\" title=\"\">\t\t\t\t\t\t\t<div class=\"overlay\" style=\"background-color: rgba(0,0,0,.2)\"><\/div>\n\t\t\t\t\t\t\t\t\t\t<div class=\"absolute no-click x50 y50 md-x50 md-y50 lg-x50 lg-y50 text-shadow-2\">\n\t\t\t\t\t<div class=\"overlay-icon\">\n\t\t\t\t\t\t<i class=\"icon-play\"><\/i>\n\t\t\t\t\t<\/div>\n\t\t\t\t<\/div>\n\t\t\t\n\t\t\t\t\t<\/div>\n\t\t\t\t\t\t<\/a>\t\t\n<style>\n#image_1902795208 {\n  width: 100%;\n}\n<\/style>\n\t<\/div>\n\t\n<h3>T\u00e9l\u00e9commande sans fil<\/h3>\n<p>Une t\u00e9l\u00e9commande qui tient dans la paume de votre main. Comprend un support de montage \u00e0 distance pour un montage pratique sur le mur \u00e0 port\u00e9e de main \u00e0 c\u00f4t\u00e9 de vous. Suivez le nettoyage en appuyant simplement sur un bouton pour un s\u00e9chage \u00e0 l&#039;air chaud r\u00e9glable tout en profitant du confort d&#039;un si\u00e8ge doucement chauff\u00e9.<\/p>\n\t\t<\/div>\n\t\t\t\t\t<\/div>\n\n\t\n\n\t<div id=\"col-2145935541\" class=\"col medium-4 small-12 large-4\"  >\n\t\t\t\t<div class=\"col-inner\"  >\n\t\t\t\n\t\t\t\n\t<div class=\"img has-hover x md-x lg-x y md-y lg-y\" id=\"image_1880192045\">\n\t\t<a class=\"open-video\" href=\"https:\/\/www.youtube.com\/watch?v=OzG-pyRutuI\" rel=\"nofollow noopener\" target=\"_blank\">\t\t\t\t\t\t<div class=\"img-inner dark\" >\n\t\t\t<img loading=\"lazy\" decoding=\"async\" width=\"400\" height=\"280\" src=\"https:\/\/moposanitaryware.com\/wp-content\/uploads\/2022\/09\/sanitary-wares-bathroom-ceramic-one-piece-intelligent-toilet-with-LED-blue-night-light.jpg\" class=\"attachment-original size-original\" alt=\"\" title=\"\">\t\t\t\t\t\t\t<div class=\"overlay\" style=\"background-color: rgba(0,0,0,.2)\"><\/div>\n\t\t\t\t\t\t\t\t\t\t<div class=\"absolute no-click x50 y50 md-x50 md-y50 lg-x50 lg-y50 text-shadow-2\">\n\t\t\t\t\t<div class=\"overlay-icon\">\n\t\t\t\t\t\t<i class=\"icon-play\"><\/i>\n\t\t\t\t\t<\/div>\n\t\t\t\t<\/div>\n\t\t\t\n\t\t\t\t\t<\/div>\n\t\t\t\t\t\t<\/a>\t\t\n<style>\n#image_1880192045 {\n  width: 100%;\n}\n<\/style>\n\t<\/div>\n\t\n<h3 class=\"a-spacing-mini\">Veilleuse lumineuse<\/h3>\n<p class=\"a-spacing-mini\">La veilleuse douce et \u00e9clair\u00e9e du mettra en valeur votre chemin vers les toilettes. La lueur chaleureuse et invitante du <a href=\"https:\/\/moposanitaryware.com\/fr\/shop\/bidets-toilets\/\">toilettes<\/a> Le si\u00e8ge vous permet de vous reposer tranquillement sans souffrir des lumi\u00e8res vives au milieu de la nuit. Si vous pr\u00e9f\u00e9rez l&#039;obscurit\u00e9, la veilleuse s&#039;\u00e9teint sans effort en appuyant simplement sur un bouton.<\/p>\n\t\t<\/div>\n\t\t\t\t\t<\/div>\n\n\t\n<\/div>","protected":false},"excerpt":{"rendered":"<p>Nom de marque\u00a0: MOPO<br \/>\nModel Number\uff1a MP BM07<br \/>\nMat\u00e9riel: C\u00e9ramique<br \/>\nTaille\u00a0: 700x410x565mm<br \/>\nPoids : 48 kg<br \/>\nCouleur blanche<br \/>\nCaract\u00e9ristique\u00a0: fonctionnement automatique<br \/>\n<span style=\"color: #ed1c24;\"><strong><span style=\"font-size: 100%;\">Certificat : Ce produit a obtenu la certification CE<\/span><\/strong><\/span><br \/>\nMod\u00e8le de drainage : siphon en S 300\/400 mm.<br \/>\nM\u00e9thode de rin\u00e7age\u00a0: rin\u00e7age \u00e0 jet de siphon<br \/>\nType d&#039;installation : mont\u00e9 au sol<\/p>\n\t<a class=\"paoc-popup-click paoc-popup-cust-337 paoc-popup-button paoc-popup-btn\" href=\"javascript:void(0);\">Demander un devis<\/a>\r\n\u00a0 \u00a0 \u00a0<a href=\"https:\/\/api.whatsapp.com\/send?phone=8618675762929\"><img loading=\"lazy\" decoding=\"async\" class=\"alignnone wp-image-6698\" src=\"https:\/\/moposanitaryware.com\/wp-content\/uploads\/WhatsApp.png\" alt=\"\" width=\"140\" height=\"33\" srcset=\"https:\/\/moposanitaryware.com\/wp-content\/uploads\/WhatsApp.png 546w, https:\/\/moposanitaryware.com\/wp-content\/uploads\/WhatsApp-18x4.png 18w\" sizes=\"auto, (max-width: 140px) 100vw, 140px\" \/><\/a><\/p>","protected":false},"featured_media":2042,"template":"","meta":{"_acf_changed":false},"product_brand":[],"product_cat":[61,81],"product_tag":[76,75],"class_list":{"0":"post-2052","1":"product","2":"type-product","3":"status-publish","4":"has-post-thumbnail","6":"product_cat-bidet-toilets","7":"product_cat-smart-bidet-toilet","8":"product_tag-intelligent-toilet","9":"product_tag-smart-toilet","11":"first","12":"instock","13":"shipping-taxable","14":"product-type-simple"},"acf":[],"_links":{"self":[{"href":"https:\/\/moposanitaryware.com\/fr\/wp-json\/wp\/v2\/product\/2052","targetHints":{"allow":["GET"]}}],"collection":[{"href":"https:\/\/moposanitaryware.com\/fr\/wp-json\/wp\/v2\/product"}],"about":[{"href":"https:\/\/moposanitaryware.com\/fr\/wp-json\/wp\/v2\/types\/product"}],"wp:featuredmedia":[{"embeddable":true,"href":"https:\/\/moposanitaryware.com\/fr\/wp-json\/wp\/v2\/media\/2042"}],"wp:attachment":[{"href":"https:\/\/moposanitaryware.com\/fr\/wp-json\/wp\/v2\/media?parent=2052"}],"wp:term":[{"taxonomy":"product_brand","embeddable":true,"href":"https:\/\/moposanitaryware.com\/fr\/wp-json\/wp\/v2\/product_brand?post=2052"},{"taxonomy":"product_cat","embeddable":true,"href":"https:\/\/moposanitaryware.com\/fr\/wp-json\/wp\/v2\/product_cat?post=2052"},{"taxonomy":"product_tag","embeddable":true,"href":"https:\/\/moposanitaryware.com\/fr\/wp-json\/wp\/v2\/product_tag?post=2052"}],"curies":[{"name":"wp","href":"https:\/\/api.w.org\/{rel}","templated":true}]}}