{"id":2037,"date":"2021-06-22T08:49:26","date_gmt":"2021-06-22T08:49:26","guid":{"rendered":"https:\/\/moposanitaryware.com\/?post_type=product&#038;p=2037"},"modified":"2024-08-01T09:48:49","modified_gmt":"2024-08-01T09:48:49","slug":"high-quality-ceramic-intelligent-toilet","status":"publish","type":"product","link":"https:\/\/moposanitaryware.com\/fr\/high-quality-ceramic-intelligent-toilet\/","title":{"rendered":"Usine en gros de haute qualit\u00e9 salle de bains une pi\u00e8ce siphonique wc moderne en c\u00e9ramique intelligente toilette MP BM071"},"content":{"rendered":"<div class=\"row align-center\"  id=\"row-1827824549\">\n\n\t<div id=\"col-1365261612\" class=\"col medium-10 small-12 large-10\"  >\n\t\t\t\t<div class=\"col-inner text-center\"  >\n\t\t\t\n\t\t\t\n<h1 style=\"text-align: center;\"><a href=\"https:\/\/moposanitaryware.com\/fr\/categorie-produit\/bidet-toilets\/\">Toilettes intelligentes<\/a><\/h1>\n<p style=\"text-align: center;\">Fabricant et fournisseur de toilettes intelligentes de haute qualit\u00e9, sp\u00e9cialis\u00e9 dans la vente en gros de nouvelles toilettes intelligentes, de si\u00e8ges de toilettes intelligents. Les toilettes intelligentes MOPO fabriquent des toilettes bidet intelligentes de qualit\u00e9, abordables et de luxe. Cette technologie intelligente va changer votre fa\u00e7on de voir votre salle de bain. et une vari\u00e9t\u00e9 de produits de salle de bain<\/p>\n\t\t<\/div>\n\t\t\t\t\t<\/div>\n\n\t\n<\/div>\n<div class=\"row\"  id=\"row-538102358\">\n\n\t<div id=\"col-66876080\" class=\"col medium-6 small-12 large-6\"  >\n\t\t\t\t<div class=\"col-inner\"  >\n\t\t\t\n\t\t\t\n<h3>Buse en acier inoxydable<\/h3>\n<p><b>Avec fonction 3 en 1.<\/b>Le <a href=\"https:\/\/moposanitaryware.com\/fr\/shop\/bidets-toilets\/\">toilettes intelligentes<\/a> apportera le lavage que vous m\u00e9ritez dans votre salle de bain. D\u00e9couvrez notre buse 3 en 1 sp\u00e9cialement con\u00e7ue qui vous apportera le meilleur lavage post\u00e9rieur, un lavage f\u00e9minin r\u00e9confortant et un lavage turbo efficace. La buse autonettoyante en acier inoxydable ajoute \u00e0 l&#039;\u00e9l\u00e9gance qu&#039;elle offre d\u00e9j\u00e0, et plus encore. Minimisez les besoins d&#039;entretien et de nettoyage avec ce composant durable et efficace. Soins sains, soins sains, nettoyage f\u00e9minin, nettoyage des hanches, auto-nettoyage des buses, nettoyage par massage mobile, plusieurs options de lavage sont disponibles pour votre vie confortable et saine.<\/p>\n\t\t<\/div>\n\t\t\t\t\t<\/div>\n\n\t\n\n\t<div id=\"col-1914471269\" class=\"col medium-6 small-12 large-6\"  >\n\t\t\t\t<div class=\"col-inner\"  >\n\t\t\t\n\t\t\t\n\t<div class=\"img has-hover x md-x lg-x y md-y lg-y\" id=\"image_715576280\">\n\t\t<a class=\"open-video\" href=\"https:\/\/www.youtube.com\/watch?v=CeHGZjKQAcU\" rel=\"nofollow noopener\" target=\"_blank\">\t\t\t\t\t\t<div class=\"img-inner dark\" >\n\t\t\t<img loading=\"lazy\" decoding=\"async\" width=\"600\" height=\"420\" src=\"https:\/\/moposanitaryware.com\/wp-content\/uploads\/2022\/09\/Smart-toilet-Patented-3-in-1-nozzle.jpg\" class=\"attachment-original size-original\" alt=\"\" srcset=\"https:\/\/moposanitaryware.com\/wp-content\/uploads\/2022\/09\/Smart-toilet-Patented-3-in-1-nozzle.jpg 600w, https:\/\/moposanitaryware.com\/wp-content\/uploads\/2022\/09\/Smart-toilet-Patented-3-in-1-nozzle-571x400.jpg 571w\" sizes=\"auto, (max-width: 600px) 100vw, 600px\" title=\"\">\t\t\t\t\t\t\t<div class=\"overlay\" style=\"background-color: rgba(0,0,0,.2)\"><\/div>\n\t\t\t\t\t\t\t\t\t\t<div class=\"absolute no-click x50 y50 md-x50 md-y50 lg-x50 lg-y50 text-shadow-2\">\n\t\t\t\t\t<div class=\"overlay-icon\">\n\t\t\t\t\t\t<i class=\"icon-play\"><\/i>\n\t\t\t\t\t<\/div>\n\t\t\t\t<\/div>\n\t\t\t\n\t\t\t\t\t<\/div>\n\t\t\t\t\t\t<\/a>\t\t\n<style>\n#image_715576280 {\n  width: 100%;\n}\n<\/style>\n\t<\/div>\n\t\n\t\t<\/div>\n\t\t\t\t\t<\/div>\n\n\t\n<\/div>\n<div class=\"row\"  id=\"row-421114040\">\n\n\t<div id=\"col-1499947472\" class=\"col medium-6 small-12 large-6\"  >\n\t\t\t\t<div class=\"col-inner\"  >\n\t\t\t\n\t\t\t\n\t<div class=\"img has-hover x md-x lg-x y md-y lg-y\" id=\"image_126612227\">\n\t\t<a class=\"\" href=\"https:\/\/moposanitaryware.com\/fr\/shop\/bidets-toilets\/\">\t\t\t\t\t\t<div class=\"img-inner dark\" >\n\t\t\t<img loading=\"lazy\" decoding=\"async\" width=\"600\" height=\"420\" src=\"https:\/\/moposanitaryware.com\/wp-content\/uploads\/2022\/09\/Smart-Toilet-Cleansing-Water-Warm-air-dryer.jpg\" class=\"attachment-original size-original\" alt=\"\" srcset=\"https:\/\/moposanitaryware.com\/wp-content\/uploads\/2022\/09\/Smart-Toilet-Cleansing-Water-Warm-air-dryer.jpg 600w, https:\/\/moposanitaryware.com\/wp-content\/uploads\/2022\/09\/Smart-Toilet-Cleansing-Water-Warm-air-dryer-571x400.jpg 571w\" sizes=\"auto, (max-width: 600px) 100vw, 600px\" title=\"\">\t\t\t\t\t\t\n\t\t\t\t\t<\/div>\n\t\t\t\t\t\t<\/a>\t\t\n<style>\n#image_126612227 {\n  width: 100%;\n}\n<\/style>\n\t<\/div>\n\t\n\t\t<\/div>\n\t\t\t\t\t<\/div>\n\n\t\n\n\t<div id=\"col-1639545444\" class=\"col medium-6 small-12 large-6\"  >\n\t\t\t\t<div class=\"col-inner\"  >\n\t\t\t\n\t\t\t\n<h3>S\u00e9cheur \u00e0 air chaud r\u00e9glable<\/h3>\n<p>Profitez de la facilit\u00e9 et du confort du s\u00e9chage avec le s\u00e8che-linge \u00e0 air chaud \u00e0 temp\u00e9rature r\u00e9glable. R\u00e9duit le besoin de<a href=\"https:\/\/moposanitaryware.com\/fr\/shop\/bidets-toilets\/\"> toilettes<\/a> papier et cr\u00e9e une exp\u00e9rience plus mains libres. Les niveaux de temp\u00e9rature du s\u00e8che-linge sont r\u00e9glables jusqu&#039;\u00e0 5 niveaux selon votre confort et vos go\u00fbts. Choisissez de le garder au chaud ou de le garder au frais. Terminez votre exp\u00e9rience avec le s\u00e8che-linge chaud et vous sauverez des arbres pendant que vous y \u00eates.<\/p>\n\t\t<\/div>\n\t\t\t\t\t<\/div>\n\n\t\n<\/div>\n<div class=\"row\"  id=\"row-329127202\">\n\n\t<div id=\"col-549266071\" class=\"col medium-6 small-12 large-6\"  >\n\t\t\t\t<div class=\"col-inner\"  >\n\t\t\t\n\t\t\t\n<h3>Technologie de chauffage hybride<\/h3>\n<p>L&#039;innovation brillante de la technologie de chauffage de l&#039;eau hybride s&#039;est av\u00e9r\u00e9e \u00eatre l&#039;une des m\u00e9thodes de chauffage de l&#039;eau instantan\u00e9es les plus efficaces et les plus fiables. Nous avons d\u00e9velopp\u00e9 une nouvelle technologie de chauffage hybride qui utilise les meilleures caract\u00e9ristiques des technologies de chauffage instantan\u00e9 et de chauffage. Le nouveau syst\u00e8me de chauffage hybride combine l&#039;eau coh\u00e9rence du d\u00e9bit et de la temp\u00e9rature avec une dur\u00e9e illimit\u00e9e pour produire un d\u00e9bit d&#039;eau chaud et rajeunissant continu.<\/p>\n\t\t<\/div>\n\t\t\t\t\t<\/div>\n\n\t\n\n\t<div id=\"col-610806429\" class=\"col medium-6 small-12 large-6\"  >\n\t\t\t\t<div class=\"col-inner\"  >\n\t\t\t\n\t\t\t\n\t<div class=\"img has-hover x md-x lg-x y md-y lg-y\" id=\"image_281436704\">\n\t\t<a class=\"\" href=\"https:\/\/moposanitaryware.com\/fr\/shop\/bidets-toilets\/\">\t\t\t\t\t\t<div class=\"img-inner dark\" >\n\t\t\t<img loading=\"lazy\" decoding=\"async\" width=\"600\" height=\"420\" src=\"https:\/\/moposanitaryware.com\/wp-content\/uploads\/2022\/09\/Smart-Toilet-Hybrid-heating-technology-Built-to-last.jpg\" class=\"attachment-original size-original\" alt=\"\" srcset=\"https:\/\/moposanitaryware.com\/wp-content\/uploads\/2022\/09\/Smart-Toilet-Hybrid-heating-technology-Built-to-last.jpg 600w, https:\/\/moposanitaryware.com\/wp-content\/uploads\/2022\/09\/Smart-Toilet-Hybrid-heating-technology-Built-to-last-571x400.jpg 571w\" sizes=\"auto, (max-width: 600px) 100vw, 600px\" title=\"\">\t\t\t\t\t\t\n\t\t\t\t\t<\/div>\n\t\t\t\t\t\t<\/a>\t\t\n<style>\n#image_281436704 {\n  width: 100%;\n}\n<\/style>\n\t<\/div>\n\t\n\t\t<\/div>\n\t\t\t\t\t<\/div>\n\n\t\n<\/div>\n<div class=\"row\"  id=\"row-1723915268\">\n\n\t<div id=\"col-2114905596\" class=\"col medium-6 small-12 large-6\"  >\n\t\t\t\t<div class=\"col-inner\"  >\n\t\t\t\n\t\t\t\n\t<div class=\"img has-hover x md-x lg-x y md-y lg-y\" id=\"image_1091063034\">\n\t\t<a class=\"open-video\" href=\"https:\/\/www.youtube.com\/watch?v=5KqqEmz7ak0\" rel=\"nofollow noopener\" target=\"_blank\">\t\t\t\t\t\t<div class=\"img-inner dark\" >\n\t\t\t<img loading=\"lazy\" decoding=\"async\" width=\"600\" height=\"420\" src=\"https:\/\/moposanitaryware.com\/wp-content\/uploads\/2022\/09\/Smart-Toilets-manufacturer-and-supplier-Bidet-Toilets-Foam-shield-Splash-proof.jpg\" class=\"attachment-original size-original\" alt=\"\" srcset=\"https:\/\/moposanitaryware.com\/wp-content\/uploads\/2022\/09\/Smart-Toilets-manufacturer-and-supplier-Bidet-Toilets-Foam-shield-Splash-proof.jpg 600w, https:\/\/moposanitaryware.com\/wp-content\/uploads\/2022\/09\/Smart-Toilets-manufacturer-and-supplier-Bidet-Toilets-Foam-shield-Splash-proof-571x400.jpg 571w\" sizes=\"auto, (max-width: 600px) 100vw, 600px\" title=\"\">\t\t\t\t\t\t\t<div class=\"overlay\" style=\"background-color: rgba(0,0,0,.2)\"><\/div>\n\t\t\t\t\t\t\t\t\t\t<div class=\"absolute no-click x50 y50 md-x50 md-y50 lg-x50 lg-y50 text-shadow-2\">\n\t\t\t\t\t<div class=\"overlay-icon\">\n\t\t\t\t\t\t<i class=\"icon-play\"><\/i>\n\t\t\t\t\t<\/div>\n\t\t\t\t<\/div>\n\t\t\t\n\t\t\t\t\t<\/div>\n\t\t\t\t\t\t<\/a>\t\t\n<style>\n#image_1091063034 {\n  width: 100%;\n}\n<\/style>\n\t<\/div>\n\t\n\t\t<\/div>\n\t\t\t\t\t<\/div>\n\n\t\n\n\t<div id=\"col-720030700\" class=\"col medium-6 small-12 large-6\"  >\n\t\t\t\t<div class=\"col-inner\"  >\n\t\t\t\n\t\t\t\n<h3 class=\"a-spacing-mini\">Bouclier en mousse <span class=\"Y2IQFc\" lang=\"en\">R\u00e9sistant aux \u00e9claboussures<\/span><\/h3>\n<p class=\"a-spacing-mini\">caract\u00e9ristique exceptionnelle parmi <a href=\"https:\/\/moposanitaryware.com\/fr\/shop\/bidets-toilets\/\">toilettes intelligentes<\/a>. Un bouclier en mousse emp\u00eache l&#039;eau de s&#039;\u00e9chapper pendant le rin\u00e7age. Non seulement cela, mais elle pr\u00e9vient \u00e9galement les odeurs, la salet\u00e9 et, plus important encore, cette mousse aide \u00e0 tuer les bact\u00e9ries pr\u00e9sentes apr\u00e8s utilisation ainsi que les bact\u00e9ries pr\u00e9sentes autour du <a href=\"https:\/\/moposanitaryware.com\/fr\/shop\/bidets-toilets\/\">cuvette des toilettes.<\/a><\/p>\n<p class=\"a-spacing-mini\">De cette fa\u00e7on, le <a href=\"https:\/\/moposanitaryware.com\/fr\/shop\/bidets-toilets\/\">cuvette des toilettes<\/a> est plus propre \u00e0 utiliser. Beaucoup ne se penchent pas sur la gravit\u00e9 des attaques bact\u00e9riennes, des attaques bact\u00e9riennes mineures peuvent vous surprendre avec une allergie cutan\u00e9e, mais une attaque bact\u00e9rienne grave peut causer plus que cela et nuire \u00e0 votre sant\u00e9. La pr\u00e9sence de ces mousses peut d\u00e9sormais aider les utilisateurs \u00e0 r\u00e9soudre tous les probl\u00e8mes ci-dessus.<\/p>\n\t\t<\/div>\n\t\t\t\t\t<\/div>\n\n\t\n<\/div>\n<div class=\"row\"  id=\"row-1988019660\">\n\n\t<div id=\"col-216043229\" class=\"col medium-6 small-12 large-6\"  >\n\t\t\t\t<div class=\"col-inner\"  >\n\t\t\t\n\t\t\t\n<div class=\"container section-title-container\" ><h3 class=\"section-title section-title-normal\"><b><\/b><span class=\"section-title-main\" >Envoyez-nous un e-mail<\/span><b><\/b><\/h3><\/div>\n<p>Si vous \u00eates int\u00e9ress\u00e9 par nos produits et souhaitez en savoir plus, veuillez laisser un message ici, nous vous r\u00e9pondrons d\u00e8s que possible.<\/p>\n\n<div class=\"wpcf7 no-js\" id=\"wpcf7-f13-o1\" lang=\"en-US\" dir=\"ltr\" data-wpcf7-id=\"13\">\n<div class=\"screen-reader-response\"><p role=\"status\" aria-live=\"polite\" aria-atomic=\"true\"><\/p> <ul><\/ul><\/div>\n<form action=\"\/fr\/wp-json\/wp\/v2\/product\/2037#wpcf7-f13-o1\" method=\"post\" class=\"wpcf7-form init\" aria-label=\"Formulaire de contact\" novalidate=\"novalidate\" data-status=\"init\" data-trp-original-action=\"\/fr\/wp-json\/wp\/v2\/product\/2037#wpcf7-f13-o1\">\n<fieldset class=\"hidden-fields-container\"><input type=\"hidden\" name=\"_wpcf7\" value=\"13\" \/><input type=\"hidden\" name=\"_wpcf7_version\" value=\"6.1.1\" \/><input type=\"hidden\" name=\"_wpcf7_locale\" value=\"en_US\" \/><input type=\"hidden\" name=\"_wpcf7_unit_tag\" value=\"wpcf7-f13-o1\" \/><input type=\"hidden\" name=\"_wpcf7_container_post\" value=\"0\" \/><input type=\"hidden\" name=\"_wpcf7_posted_data_hash\" value=\"\" \/><input type=\"hidden\" name=\"_wpcf7_recaptcha_response\" value=\"\" \/>\n<\/fieldset>\n<div class=\"form-flat\">\n\t<p><span class=\"wpcf7-form-control-wrap\" data-name=\"your-name\"><input size=\"40\" maxlength=\"400\" class=\"wpcf7-form-control wpcf7-text wpcf7-validates-as-required\" aria-required=\"true\" aria-invalid=\"false\" placeholder=\"Votre Nom (requis)\" value=\"\" type=\"text\" name=\"your-name\" \/><\/span><br \/>\n<span class=\"wpcf7-form-control-wrap\" data-name=\"your-email\"><input size=\"40\" maxlength=\"400\" class=\"wpcf7-form-control wpcf7-email wpcf7-validates-as-required wpcf7-text wpcf7-validates-as-email\" aria-required=\"true\" aria-invalid=\"false\" placeholder=\"Votre Email (requis)\" value=\"\" type=\"email\" name=\"your-email\" \/><\/span>\n\t<\/p>\n\t<p><span class=\"wpcf7-form-control-wrap\" data-name=\"your-tels\"><input size=\"40\" maxlength=\"400\" class=\"wpcf7-form-control wpcf7-tel wpcf7-text wpcf7-validates-as-tel\" aria-invalid=\"false\" placeholder=\"Votre t\u00e9l\u00e9phone (facultatif)\" value=\"\" type=\"tel\" name=\"your-tels\" \/><\/span>\n\t<\/p>\n\t<p><span class=\"wpcf7-form-control-wrap\" data-name=\"your-message\"><textarea cols=\"40\" rows=\"10\" maxlength=\"2000\" class=\"wpcf7-form-control wpcf7-textarea\" aria-invalid=\"false\" placeholder=\"Pour un r\u00e9sultat optimal, nous vous recommandons d&#039;inclure les d\u00e9tails suivants\u00a0:\u00a0-\u00a0Auto-pr\u00e9sentation\u00a0-\u00a0Articles ou services requis\u00a0-\u00a0Quantit\u00e9 requise\" name=\"your-message\"><\/textarea><\/span>\n\t<\/p>\n\t<p>Conseil aux entreprises:*<br \/>\n<span class=\"wpcf7-form-control-wrap\" data-name=\"checkbox\"><span class=\"wpcf7-form-control wpcf7-checkbox wpcf7-validates-as-required wpcf7-exclusive-checkbox\"><span class=\"wpcf7-list-item first\"><label><input type=\"checkbox\" name=\"checkbox\" value=\"Quotation\" \/><span class=\"wpcf7-list-item-label\">Citation<\/span><\/label><\/span><span class=\"wpcf7-list-item\"><label><input type=\"checkbox\" name=\"checkbox\" value=\"Catalog\" \/><span class=\"wpcf7-list-item-label\">Catalogue<\/span><\/label><\/span><span class=\"wpcf7-list-item\"><label><input type=\"checkbox\" name=\"checkbox\" value=\"Service Support\" \/><span class=\"wpcf7-list-item-label\">Service apr\u00e8s vente<\/span><\/label><\/span><span class=\"wpcf7-list-item\"><label><input type=\"checkbox\" name=\"checkbox\" value=\"Project\" \/><span class=\"wpcf7-list-item-label\">Projet<\/span><\/label><\/span><span class=\"wpcf7-list-item last\"><label><input type=\"checkbox\" name=\"checkbox\" value=\"I am interested in becoming an agent\" \/><span class=\"wpcf7-list-item-label\">Je suis int\u00e9ress\u00e9 \u00e0 devenir agent<\/span><\/label><\/span><\/span><\/span><br \/>\n<input class=\"wpcf7-form-control wpcf7-submit has-spinner button\" type=\"submit\" value=\"Soumettre\" \/>\n\t<\/p>\n<\/div><div class=\"wpcf7-response-output\" aria-hidden=\"true\"><\/div>\n<input type=\"hidden\" name=\"trp-form-language\" value=\"fr\"\/><\/form>\n<\/div>\n\n\t\t<\/div>\n\t\t\t\t\t<\/div>\n\n\t\n\n\t<div id=\"col-1867815153\" class=\"col medium-6 small-12 large-6\"  >\n\t\t\t\t<div class=\"col-inner\"  >\n\t\t\t\n\t\t\t\n<div class=\"container section-title-container\" ><h3 class=\"section-title section-title-normal\"><b><\/b><span class=\"section-title-main\" >CONTACTEZ-NOUS<\/span><b><\/b><\/h3><\/div>\n<p>Si vous avez une question concernant l&#039;un de nos produits, ou si vous avez besoin de nous contacter pour toute autre raison, veuillez remplir ce formulaire ci-dessous et nous vous r\u00e9pondrons dans les plus brefs d\u00e9lais.<\/p>\n<p><strong>Appelez-nous\u00a0:<\/strong> <a href=\"http:\/\/+86 18675762929\" rel=\"nofollow\">+8618675762929<\/a><br \/>\n<strong>Envoyez-nous un email<\/strong>:\u00a0\u00a0<a href=\"mailto:info@mopochina.com\">info@mopochina.com<\/a><\/p>\n<p><strong>Skype\u00a0<\/strong>: <a href=\"skype:Sanitwell Shen?chat\">jiawei cheng<\/a><\/p>\n<p><strong>Adresses<\/strong> : B1, n\u00b010<sup>\u00e8me<\/sup>, Monde de la c\u00e9ramique Yingkeyijia, 4<sup>\u00e8me<\/sup>\u00a0Jihua Road, Chancheng, Foshan, 528 000, Guangdong, Chine<\/p>\n<p><strong>BASES DE PRODUCTION\u00a0:<\/strong>\u00a0Pays de Chaoan, ville de Chaozhou, province du Guangdong<\/p>\n<p><strong>Lien amical :<\/strong><br \/>\n<a href=\"https:\/\/moposanitaryware.com\/fr\/?attachment_id=4774\">https:\/\/moposanitaryware.com<\/a><br \/>\n<a href=\"https:\/\/www.mopotoilet.com\" rel=\"nofollow noopener\" target=\"_blank\">https:\/\/www.mopotoilet.com<\/a><br \/>\n<a href=\"https:\/\/\/fr\/www.mopofaucet.com\/\">https:\/\/www.mopofaucet.com<\/a><\/p>\n<div class=\"social-icons follow-icons full-width text-left\" ><span>Suivez-nous<\/span><a href=\"https:\/\/www.facebook.com\/MOPOCHINA\" target=\"_blank\" data-label=\"Facebook\" class=\"icon primary button circle facebook tooltip\" title=\"Nous suivons sur Facebook\" aria-label=\"Nous suivons sur Facebook\" rel=\"noopener nofollow\"><i class=\"icon-facebook\" ><\/i><\/a><a href=\"https:\/\/www.instagram.com\/mopotoilet\/\" target=\"_blank\" data-label=\"Instagram\" class=\"icon primary button circle instagram tooltip\" title=\"Nous suivons sur Instagram\" aria-label=\"Nous suivons sur Instagram\" rel=\"noopener nofollow\"><i class=\"icon-instagram\" ><\/i><\/a><a href=\"https:\/\/twitter.com\/mopotoilet\" data-label=\"Twitter\" target=\"_blank\" class=\"icon primary button circle twitter tooltip\" title=\"Nous suivons sur Twitter\" aria-label=\"Nous suivons sur Twitter\" rel=\"noopener nofollow\"><i class=\"icon-twitter\" ><\/i><\/a><a href=\"mailto:info@mopochina.com\" data-label=\"E-mail\" target=\"_blank\" class=\"icon primary button circle email tooltip\" title=\"Nous envoyons un email\" aria-label=\"Nous envoyons un email\" rel=\"nofollow noopener\" ><i class=\"icon-envelop\" ><\/i><\/a><a href=\"https:\/\/www.linkedin.com\/company\/mopo-sanitary-ware\/\" data-label=\"LinkedIn\" target=\"_blank\" class=\"icon primary button circle linkedin tooltip\" title=\"Nous suivons sur LinkedIn\" aria-label=\"Nous suivons sur LinkedIn\" rel=\"noopener nofollow\"><i class=\"icon-linkedin\" ><\/i><\/a><a href=\"https:\/\/www.youtube.com\/c\/mopochina\/featured\" data-label=\"YouTube\" target=\"_blank\" class=\"icon primary button circle youtube tooltip\" title=\"Nous suivons sur Youtube\" aria-label=\"Nous suivons sur Youtube\" rel=\"noopener nofollow\"><i class=\"icon-youtube\" ><\/i><\/a><\/div>\n\t\t<\/div>\n\t\t\t\t\t<\/div>\n\n\t\n<\/div>","protected":false},"excerpt":{"rendered":"<p>Nom de marque\u00a0: MOPO<br \/>\nNum\u00e9ro de mod\u00e8le : MP BM071<br \/>\nMat\u00e9riel: C\u00e9ramique<br \/>\nTaille\u00a0: 700x410x565mm<br \/>\nPoids : 48 kg<br \/>\nCouleur blanche<br \/>\nCaract\u00e9ristique\u00a0: fonctionnement automatique<br \/>\n<span style=\"color: #ed1c24;\"><strong><span style=\"font-size: 100%;\">Certificat : Ce produit a obtenu la certification CE<\/span><\/strong><\/span><br \/>\nMod\u00e8le de drainage : siphon en S 300\/400 mm.<br \/>\nM\u00e9thode de rin\u00e7age : rin\u00e7age par jet siphon<br \/>\nType d&#039;installation : mont\u00e9 au sol<\/p>\n\t<a class=\"paoc-popup-click paoc-popup-cust-337 paoc-popup-button paoc-popup-btn\" href=\"javascript:void(0);\">Demander un devis<\/a>\r\n\u00a0 \u00a0 \u00a0<a href=\"https:\/\/api.whatsapp.com\/send?phone=8618675762929\"><img loading=\"lazy\" decoding=\"async\" class=\"alignnone wp-image-6698\" src=\"https:\/\/moposanitaryware.com\/wp-content\/uploads\/WhatsApp.png\" alt=\"\" width=\"140\" height=\"33\" srcset=\"https:\/\/moposanitaryware.com\/wp-content\/uploads\/WhatsApp.png 546w, https:\/\/moposanitaryware.com\/wp-content\/uploads\/WhatsApp-18x4.png 18w\" sizes=\"auto, (max-width: 140px) 100vw, 140px\" \/><\/a><\/p>","protected":false},"featured_media":2038,"template":"","meta":{"_acf_changed":false},"product_brand":[],"product_cat":[61,81],"product_tag":[76,75],"class_list":{"0":"post-2037","1":"product","2":"type-product","3":"status-publish","4":"has-post-thumbnail","6":"product_cat-bidet-toilets","7":"product_cat-smart-bidet-toilet","8":"product_tag-intelligent-toilet","9":"product_tag-smart-toilet","11":"first","12":"instock","13":"shipping-taxable","14":"product-type-simple"},"acf":[],"_links":{"self":[{"href":"https:\/\/moposanitaryware.com\/fr\/wp-json\/wp\/v2\/product\/2037","targetHints":{"allow":["GET"]}}],"collection":[{"href":"https:\/\/moposanitaryware.com\/fr\/wp-json\/wp\/v2\/product"}],"about":[{"href":"https:\/\/moposanitaryware.com\/fr\/wp-json\/wp\/v2\/types\/product"}],"wp:featuredmedia":[{"embeddable":true,"href":"https:\/\/moposanitaryware.com\/fr\/wp-json\/wp\/v2\/media\/2038"}],"wp:attachment":[{"href":"https:\/\/moposanitaryware.com\/fr\/wp-json\/wp\/v2\/media?parent=2037"}],"wp:term":[{"taxonomy":"product_brand","embeddable":true,"href":"https:\/\/moposanitaryware.com\/fr\/wp-json\/wp\/v2\/product_brand?post=2037"},{"taxonomy":"product_cat","embeddable":true,"href":"https:\/\/moposanitaryware.com\/fr\/wp-json\/wp\/v2\/product_cat?post=2037"},{"taxonomy":"product_tag","embeddable":true,"href":"https:\/\/moposanitaryware.com\/fr\/wp-json\/wp\/v2\/product_tag?post=2037"}],"curies":[{"name":"wp","href":"https:\/\/api.w.org\/{rel}","templated":true}]}}