{"id":1698,"date":"2021-06-05T07:08:44","date_gmt":"2021-06-05T07:08:44","guid":{"rendered":"https:\/\/moposanitaryware.com\/?post_type=product&#038;p=1698"},"modified":"2024-08-01T10:04:41","modified_gmt":"2024-08-01T10:04:41","slug":"custom-modern-wall-mounted-smart-mirror","status":"publish","type":"product","link":"https:\/\/moposanitaryware.com\/fr\/custom-modern-wall-mounted-smart-mirror\/","title":{"rendered":"Miroir intelligent de vanit\u00e9 mural de salle de bains d&#039;h\u00f4tel moderne fait sur commande de haute qualit\u00e9 avec des lumi\u00e8res de Led"},"content":{"rendered":"<div class=\"banner has-hover\" id=\"banner-1517059353\">\n          <div class=\"banner-inner fill\">\n        <div class=\"banner-bg fill\" >\n            <img loading=\"lazy\" decoding=\"async\" width=\"1280\" height=\"600\" src=\"https:\/\/moposanitaryware.com\/wp-content\/uploads\/2021\/05\/Customized-anti-fog-wall-mounted-magnifying-makeup-mirror-led-light-smart-mirror-with-speaker.jpg\" class=\"bg attachment-original size-original\" alt=\"Customized anti-fog wall mounted magnifying makeup mirror\" title=\"\">                                    \n\t<div class=\"is-border\"\n\t\tstyle=\"border-width:0px 0px px 0px;margin:0px 0px px 0px;\">\n\t<\/div>\n                    <\/div>\n\t\t\n        <div class=\"banner-layers container\">\n            <a class=\"fill\" href=\"https:\/\/moposanitaryware.com\/fr\/categorie-produit\/mirror\/\" ><div class=\"fill banner-link\"><\/div><\/a>            \n   <div id=\"text-box-299737768\" class=\"text-box banner-layer x50 md-x10 lg-x10 y5 md-y25 lg-y25 res-text\">\n                                <div class=\"text-box-content text dark\">\n              \n              <div class=\"text-inner text-center\">\n                  \n<h2 style=\"text-align: center;\"><a href=\"https:\/\/moposanitaryware.com\/fr\/categorie-produit\/mirror\/\"><span style=\"font-size: 75%;\">Miroirs<\/span><\/a><\/h2>\n<p style=\"text-align: center;\">Achetez notre belle gamme de miroirs muraux, <a href=\"https:\/\/moposanitaryware.com\/fr\/categorie-produit\/mirror\/\">miroirs de salle de bains<\/a> et coiffeuse <a href=\"https:\/\/moposanitaryware.com\/fr\/categorie-produit\/mirror\/\">miroirs<\/a><\/p>\n<a data-animate=\"bounceIn\" href=\"#brave_open_popup_688\" class=\"button white is-outline lowercase\"  style=\"border-radius:31px;\">\n\t\t<span>En savoir plus<\/span>\n\t<\/a>\n\n              <\/div>\n           <\/div>\n                            \n<style>\n#text-box-299737768 {\n  width: 74%;\n}\n#text-box-299737768 .text-box-content {\n  font-size: 100%;\n}\n@media (min-width:550px) {\n  #text-box-299737768 {\n    width: 33%;\n  }\n}\n<\/style>\n    <\/div>\n \n        <\/div>\n      <\/div>\n\n            \n<style>\n#banner-1517059353 {\n  padding-top: 35%;\n  background-color: rgb(255,255,255);\n}\n#banner-1517059353 .banner-bg img {\n  object-position: 52% 49%;\n}\n<\/style>\n  <\/div>\n\n\n<div class=\"row align-center\"  id=\"row-945172074\">\n\n\t<div id=\"col-2072065499\" class=\"col medium-9 small-12 large-9\"  data-animate=\"fadeInUp\">\n\t\t\t\t<div class=\"col-inner text-center\"  >\n\t\t\t\n\t\t\t\n<h1 style=\"text-align: center;\"><a href=\"https:\/\/moposanitaryware.com\/fr\/categorie-produit\/mirror\/\">Miroir intelligent<\/a><\/h1>\n<p style=\"text-align: center;\">Le miroir intelligent mural est con\u00e7u pour rendre votre pi\u00e8ce moderne et \u00e9l\u00e9gante, ajoute une touche de style contemporain et une lumi\u00e8re douce \u00e0 n&#039;importe quelle pi\u00e8ce. Vous pouvez utiliser pleinement les ressources de l&#039;espace mural, il suffit de le monter sur le mur de la salle de bain ou de la chambre. L&#039;interrupteur marche\/arr\u00eat facile lib\u00e8re parfaitement vos mains, facilite l&#039;\u00e9clairage de votre visage et maintient le miroir exempt de condensation.<\/p>\n<a href=\"https:\/\/moposanitaryware.com\/fr\/categorie-produit\/mirror\/\" class=\"button secondary is-underline lowercase\"  >\n\t\t<span>Explorez tout<\/span>\n\t<i class=\"icon-menu\" aria-hidden=\"true\" ><\/i><\/a>\n\n\t\t<\/div>\n\t\t\t\t\t<\/div>\n\n\t\n<\/div>\n<div class=\"row\"  id=\"row-704804079\">\n\n\t<div id=\"col-664561052\" class=\"col small-12 large-12\"  >\n\t\t\t\t<div class=\"col-inner\"  >\n\t\t\t\n\t\t\t\n<table style=\"height: 492px;\" border=\"1\" width=\"667\">\n<tbody>\n<tr>\n<td>Lieu d&#039;origine\u00a0:<\/td>\n<td>Foshan, Chine<\/td>\n<\/tr>\n<tr>\n<td>Nom du type\u00a0:<\/td>\n<td data-spm-anchor-id=\"a2700.details.pronpeci14.i1.47c970d3Zz0E3h\">MOPO\u00ae Personnaliser <a href=\"https:\/\/moposanitaryware.com\/fr\/categorie-produit\/mirror\/\">Miroir intelligent de salle de bain<\/a><\/td>\n<\/tr>\n<tr>\n<td><strong><span data-spm-anchor-id=\"a2700.wholesale.0.i33.2c534154qJukFc\">Fonctionnalit\u00e9<\/span><\/strong><\/td>\n<td>Style contemporain et \u00e9l\u00e9gant<br \/>\nPreuve de rouille et qualit\u00e9 fiable<br \/>\nAffichage de l&#039;heure<br \/>\nFonction de d\u00e9sembuage<br \/>\nChangement de temp\u00e9rature de couleur<br \/>\nV\u00e9ritable r\u00e9flexion<br \/>\nBande LED \u00e0 \u00e9conomie d&#039;\u00e9nergie<br \/>\nimperm\u00e9able et r\u00e9sistant \u00e0 l&#039;humidit\u00e9<br \/>\nFacile \u00e0 installer<\/td>\n<\/tr>\n<tr>\n<td>Application:<\/td>\n<td>H\u00f4tel, maison, villa, appartement,<\/td>\n<\/tr>\n<tr>\n<td>Certificat:<\/td>\n<td>CE, ISO 9001, SASO, filigrane, UPC<\/td>\n<\/tr>\n<tr>\n<td>Service apr\u00e8s-vente<\/td>\n<td>Support technique en ligne, pi\u00e8ces de rechange gratuites<\/td>\n<\/tr>\n<tr>\n<td>OEM et ODM\u00a0:<\/td>\n<td>OEM<\/td>\n<\/tr>\n<tr>\n<td>QUANTIT\u00c9 MINIMALE DE COMMANDE\u00a0:<\/td>\n<td>1 jeu<\/td>\n<\/tr>\n<tr>\n<td>\u00c9chantillon gratuit:<\/td>\n<td>\u00e9chantillon de salaire<\/td>\n<\/tr>\n<tr>\n<td>Capacit\u00e9 d&#039;approvisionnement:<\/td>\n<td>500 ensembles\/ensembles par jour<\/td>\n<\/tr>\n<tr>\n<td style=\"text-align: left;\">Emballage:<\/td>\n<td style=\"text-align: left;\">Cartons d&#039;exportation standard avec mousse PE et polyfoam, la caisse en bois est facultative pour l&#039;exp\u00e9dition LCL<\/td>\n<\/tr>\n<\/tbody>\n<\/table>\n<div class=\"elementor-element elementor-element-4983a81 elementor-widget elementor-widget-heading\" data-id=\"4983a81\" data-element_type=\"widget\" data-widget_type=\"heading.default\">\n<div class=\"elementor-widget-container\">\n<div class=\"elementor-element elementor-element-6107deb elementor-widget elementor-widget-heading\" data-id=\"6107deb\" data-element_type=\"widget\" data-widget_type=\"heading.default\">\n<div class=\"elementor-widget-container\">\n<section class=\"elementor-section elementor-inner-section elementor-element elementor-element-0751ebd elementor-section-boxed elementor-section-height-default elementor-section-height-default\" data-id=\"0751ebd\" data-element_type=\"section\">\n<div class=\"elementor-container elementor-column-gap-default\">\n<div class=\"elementor-row\">\n<div class=\"elementor-column elementor-col-50 elementor-inner-column elementor-element elementor-element-64d1e6f\" data-id=\"64d1e6f\" data-element_type=\"column\">\n<div class=\"elementor-column-wrap elementor-element-populated\">\n<div class=\"elementor-widget-wrap\">\n<div class=\"elementor-element elementor-element-e0cf4e8 elementor-position-left elementor-view-default elementor-vertical-align-top elementor-widget elementor-widget-icon-box\" data-id=\"e0cf4e8\" data-element_type=\"widget\" data-widget_type=\"icon-box.default\">\n<div><\/div>\n<\/div>\n<\/div>\n<\/div>\n<\/div>\n<\/div>\n<\/div>\n<\/section>\n<\/div>\n<\/div>\n<\/div>\n<\/div>\n\t\t<\/div>\n\t\t\t\t\t<\/div>\n\n\t\n<\/div>\n<div class=\"row\"  id=\"row-1946425527\">\n\n\t<div id=\"col-1558108008\" class=\"col medium-6 small-12 large-6\"  >\n\t\t\t\t<div class=\"col-inner\"  >\n\t\t\t\n\t\t\t\n\t<div class=\"img has-hover x md-x lg-x y md-y lg-y\" id=\"image_1079480342\">\n\t\t<a class=\"\" href=\"https:\/\/moposanitaryware.com\/fr\/categorie-produit\/mirror\/\" >\t\t\t\t\t\t<div class=\"img-inner dark\" >\n\t\t\t<img loading=\"lazy\" decoding=\"async\" width=\"600\" height=\"375\" src=\"https:\/\/moposanitaryware.com\/wp-content\/uploads\/2021\/06\/China-Bathroom-Smart-Wall-LED-Light-Magic-Mirror-Display-with-Touchscreen-for-Hotel_Home-China-Touch-Screen-Mirror-and-LCD-Ad-Player-price-9.jpg\" class=\"attachment-large size-large\" alt=\"Bathroom Smart Mirror China Touch Screen LED Light Magic Mirror and LCD Ad Player price\" title=\"\">\t\t\t\t\t\t\n\t\t\t\t\t<\/div>\n\t\t\t\t\t\t<\/a>\t\t\n<style>\n#image_1079480342 {\n  width: 100%;\n}\n<\/style>\n\t<\/div>\n\t\n\t\t<\/div>\n\t\t\t\t\t<\/div>\n\n\t\n\n\t<div id=\"col-557954500\" class=\"col medium-6 small-12 large-6\"  >\n\t\t\t\t<div class=\"col-inner\"  >\n\t\t\t\n\t\t\t\n<h3 class=\"pp_secSubTit\">Sp\u00e9cifications cl\u00e9s\/caract\u00e9ristiques sp\u00e9ciales\u00a0:<\/h3>\n<div class=\"txt_edit_area\"><a href=\"https:\/\/moposanitaryware.com\/fr\/categorie-produit\/mirror\/\">Miroir intelligent<\/a> est livr\u00e9 avec une plate-forme interactive intelligente. Avec \u00e9cran tactile ou commande vocale, votre <a href=\"https:\/\/moposanitaryware.com\/fr\/categorie-produit\/mirror\/\">miroir<\/a> est connect\u00e9 \u00e0 tous vos appareils intelligents \u00e0 la maison, vous pouvez facilement contr\u00f4ler l&#039;\u00e9clairage de la maison, la musique, le purificateur d&#039;air, le chauffe-eau, etc. Un miroir avec tout le potentiel \u00e0 explorer est \u00e0 votre disposition.<b>Quand <a href=\"https:\/\/moposanitaryware.com\/fr\/categorie-produit\/mirror\/\">Miroir intelligent<\/a> est \u00e9teint,<\/b>C&#039;est juste une habitu\u00e9e <a href=\"https:\/\/moposanitaryware.com\/fr\/categorie-produit\/mirror\/\">miroir<\/a> dans votre salle de bain, v\u00e9rifiez votre maquillage quotidien devant elle.<b>Quand <a href=\"https:\/\/moposanitaryware.com\/fr\/categorie-produit\/mirror\/\">Miroir intelligent<\/a> se r\u00e9veille,<\/b>Elle devient un centre de contr\u00f4le interactif intelligent et votre assistante de vie.<\/div>\n\t\t<\/div>\n\t\t\t\t\t<\/div>\n\n\t\n<\/div>\n<div class=\"row\"  id=\"row-1671947619\">\n\n\t<div id=\"col-1905996965\" class=\"col medium-4 small-12 large-4\"  >\n\t\t\t\t<div class=\"col-inner\"  >\n\t\t\t\n\t\t\t\n\t<div class=\"box has-hover   has-hover box-text-bottom\" >\n\n\t\t<div class=\"box-image\" >\n\t\t\t<a href=\"https:\/\/moposanitaryware.com\/fr\/categorie-produit\/mirror\/\" >\t\t\t<div class=\"\" >\n\t\t\t\t<img loading=\"lazy\" decoding=\"async\" width=\"600\" height=\"375\" src=\"https:\/\/moposanitaryware.com\/wp-content\/uploads\/2021\/06\/China-Bathroom-Smart-Wall-LED-Light-Magic-Mirror-Display-with-Touchscreen-for-Hotel_Home-China-Touch-Screen-Mirror-and-LCD-Ad-Player-price-1.jpg\" class=\"attachment- size-\" alt=\"Bathroom Smart Mirror China Touch Screen LED Light Magic Mirror Smart Weather Function\" title=\"\">\t\t\t\t\t\t\t\t\t\t\t<\/div>\n\t\t\t<\/a>\t\t<\/div>\n\n\t\t<div class=\"box-text text-center\" >\n\t\t\t<div class=\"box-text-inner\">\n\t\t\t\t\n<p>Commande vocale int\u00e9gr\u00e9e, <a href=\"https:\/\/moposanitaryware.com\/fr\/categorie-produit\/mirror\/\">Miroir intelligent<\/a>\u00a0vous donne un acc\u00e8s complet au contr\u00f4le vocal des contenus musicaux\/vid\u00e9o et des appareils \u00e9lectrom\u00e9nagers. \u00c9galement au toucher ou \u00e0 la voix, vous pouvez contr\u00f4ler tous les appareils \u00e9lectrom\u00e9nagers intelligents sur le Smart Miror, l&#039;\u00e9clairage de la maison, la musique, le purificateur d&#039;air et le chauffage, le tout en une seule commande tactile\/vocale. Actualit\u00e9s, m\u00e9t\u00e9o, trafic et calendrier, tout bien en vue sur le <a href=\"https:\/\/moposanitaryware.com\/fr\/categorie-produit\/mirror\/\">Miroir intelligent<\/a>\u00a0pour vous, envoie \u00e9galement des rappels quotidiens pour vos activit\u00e9s de plein air.<\/p>\n\t\t\t<\/div>\n\t\t<\/div>\n\t<\/div>\n\t\n\t\t<\/div>\n\t\t\t\t\t<\/div>\n\n\t\n\n\t<div id=\"col-1419156630\" class=\"col medium-4 small-12 large-4\"  >\n\t\t\t\t<div class=\"col-inner\"  >\n\t\t\t\n\t\t\t\n\t<div class=\"box has-hover   has-hover box-text-bottom\" >\n\n\t\t<div class=\"box-image\" >\n\t\t\t<a href=\"https:\/\/moposanitaryware.com\/fr\/categorie-produit\/mirror\/\" >\t\t\t<div class=\"\" >\n\t\t\t\t<img loading=\"lazy\" decoding=\"async\" width=\"600\" height=\"375\" src=\"https:\/\/moposanitaryware.com\/wp-content\/uploads\/2021\/06\/China-Bathroom-Smart-Wall-LED-Light-Magic-Mirror-Display-with-Touchscreen-for-Hotel_Home-China-Touch-Screen-Mirror-and-LCD-Ad-Player-price-2.jpg\" class=\"attachment- size-\" alt=\"Bathroom Smart Mirror China Touch Screen LED Light Magic Mirror Smart User System\" title=\"\">\t\t\t\t\t\t\t\t\t\t\t<\/div>\n\t\t\t<\/a>\t\t<\/div>\n\n\t\t<div class=\"box-text text-center\" >\n\t\t\t<div class=\"box-text-inner\">\n\t\t\t\t\n<p>Le miroir de maquillage mural \u00e9clair\u00e9, anti-bu\u00e9e et sans fuite de lumi\u00e8re, est dot\u00e9 d&#039;un bouton de d\u00e9sembuage unique, qui sera efficace dans les 3 secondes suivant l&#039;ouverture. La fonction antibu\u00e9e int\u00e9gr\u00e9e signifie qu&#039;il n&#039;est pas n\u00e9cessaire de traiter fr\u00e9quemment le miroir avec un spray antibu\u00e9e ou de le rincer plusieurs fois par douche. En m\u00eame temps, une bande ray\u00e9e \u00e9tanche est ajout\u00e9e autour du miroir de courtoisie LED pour \u00e9viter les fuites de lumi\u00e8re.<\/p>\n\t\t\t<\/div>\n\t\t<\/div>\n\t<\/div>\n\t\n\t\t<\/div>\n\t\t\t\t\t<\/div>\n\n\t\n\n\t<div id=\"col-1270447618\" class=\"col medium-4 small-12 large-4\"  >\n\t\t\t\t<div class=\"col-inner\"  >\n\t\t\t\n\t\t\t\n\t<div class=\"box has-hover   has-hover box-text-bottom\" >\n\n\t\t<div class=\"box-image\" >\n\t\t\t<a href=\"https:\/\/moposanitaryware.com\/fr\/categorie-produit\/mirror\/\" >\t\t\t<div class=\"\" >\n\t\t\t\t<img loading=\"lazy\" decoding=\"async\" width=\"600\" height=\"375\" src=\"https:\/\/moposanitaryware.com\/wp-content\/uploads\/2021\/06\/China-Bathroom-Smart-Wall-LED-Light-Magic-Mirror-Display-with-Touchscreen-for-Hotel_Home-China-Touch-Screen-Mirror-and-LCD-Ad-Player-price-3.jpg\" class=\"attachment- size-\" alt=\"Bathroom Smart Mirror China Touch Screen LED Light Magic Mirror Smart Polymeric Materials\" title=\"\">\t\t\t\t\t\t\t\t\t\t\t<\/div>\n\t\t\t<\/a>\t\t<\/div>\n\n\t\t<div class=\"box-text text-center\" >\n\t\t\t<div class=\"box-text-inner\">\n\t\t\t\t\n<p>MAT\u00c9RIAUX ET CONCEPTION REAT: Fabriqu\u00e9 \u00e0 partir d&#039;un miroir argent\u00e9 sans cuivre respectueux de l&#039;environnement HD de 5 mm, sans scintillement, sans UV. Le design ext\u00e9rieur classique et moderne donne \u00e0 votre salle de bain un aspect plus cool et luxueux. dur\u00e9e de vie de plus de 50 000 heures, parfait pour la salle de bain, la chambre comme maquillage ou d\u00e9coration lumineuse.<\/p>\n\t\t\t<\/div>\n\t\t<\/div>\n\t<\/div>\n\t\n\t\t<\/div>\n\t\t\t\t\t<\/div>\n\n\t\n<\/div>\n<div class=\"row\"  id=\"row-700744437\">\n\n\t<div id=\"col-1988276467\" class=\"col medium-6 small-12 large-6\"  >\n\t\t\t\t<div class=\"col-inner\"  >\n\t\t\t\n\t\t\t\n<div class=\"container section-title-container\" ><h3 class=\"section-title section-title-normal\"><b><\/b><span class=\"section-title-main\" >Envoyez-nous un e-mail<\/span><b><\/b><\/h3><\/div>\n<p>Si vous \u00eates int\u00e9ress\u00e9 par nos produits et souhaitez en savoir plus, veuillez laisser un message ici, nous vous r\u00e9pondrons d\u00e8s que possible.<\/p>\n\n<div class=\"wpcf7 no-js\" id=\"wpcf7-f13-o1\" lang=\"en-US\" dir=\"ltr\" data-wpcf7-id=\"13\">\n<div class=\"screen-reader-response\"><p role=\"status\" aria-live=\"polite\" aria-atomic=\"true\"><\/p> <ul><\/ul><\/div>\n<form action=\"\/fr\/wp-json\/wp\/v2\/product\/1698#wpcf7-f13-o1\" method=\"post\" class=\"wpcf7-form init\" aria-label=\"Formulaire de contact\" novalidate=\"novalidate\" data-status=\"init\" data-trp-original-action=\"\/fr\/wp-json\/wp\/v2\/product\/1698#wpcf7-f13-o1\">\n<fieldset class=\"hidden-fields-container\"><input type=\"hidden\" name=\"_wpcf7\" value=\"13\" \/><input type=\"hidden\" name=\"_wpcf7_version\" value=\"6.1.1\" \/><input type=\"hidden\" name=\"_wpcf7_locale\" value=\"en_US\" \/><input type=\"hidden\" name=\"_wpcf7_unit_tag\" value=\"wpcf7-f13-o1\" \/><input type=\"hidden\" name=\"_wpcf7_container_post\" value=\"0\" \/><input type=\"hidden\" name=\"_wpcf7_posted_data_hash\" value=\"\" \/><input type=\"hidden\" name=\"_wpcf7_recaptcha_response\" value=\"\" \/>\n<\/fieldset>\n<div class=\"form-flat\">\n\t<p><span class=\"wpcf7-form-control-wrap\" data-name=\"your-name\"><input size=\"40\" maxlength=\"400\" class=\"wpcf7-form-control wpcf7-text wpcf7-validates-as-required\" aria-required=\"true\" aria-invalid=\"false\" placeholder=\"Votre Nom (requis)\" value=\"\" type=\"text\" name=\"your-name\" \/><\/span><br \/>\n<span class=\"wpcf7-form-control-wrap\" data-name=\"your-email\"><input size=\"40\" maxlength=\"400\" class=\"wpcf7-form-control wpcf7-email wpcf7-validates-as-required wpcf7-text wpcf7-validates-as-email\" aria-required=\"true\" aria-invalid=\"false\" placeholder=\"Votre Email (requis)\" value=\"\" type=\"email\" name=\"your-email\" \/><\/span>\n\t<\/p>\n\t<p><span class=\"wpcf7-form-control-wrap\" data-name=\"your-tels\"><input size=\"40\" maxlength=\"400\" class=\"wpcf7-form-control wpcf7-tel wpcf7-text wpcf7-validates-as-tel\" aria-invalid=\"false\" placeholder=\"Votre t\u00e9l\u00e9phone (facultatif)\" value=\"\" type=\"tel\" name=\"your-tels\" \/><\/span>\n\t<\/p>\n\t<p><span class=\"wpcf7-form-control-wrap\" data-name=\"your-message\"><textarea cols=\"40\" rows=\"10\" maxlength=\"2000\" class=\"wpcf7-form-control wpcf7-textarea\" aria-invalid=\"false\" placeholder=\"Pour un r\u00e9sultat optimal, nous vous recommandons d&#039;inclure les d\u00e9tails suivants\u00a0:\u00a0-\u00a0Auto-pr\u00e9sentation\u00a0-\u00a0Articles ou services requis\u00a0-\u00a0Quantit\u00e9 requise\" name=\"your-message\"><\/textarea><\/span>\n\t<\/p>\n\t<p>Conseil aux entreprises:*<br \/>\n<span class=\"wpcf7-form-control-wrap\" data-name=\"checkbox\"><span class=\"wpcf7-form-control wpcf7-checkbox wpcf7-validates-as-required wpcf7-exclusive-checkbox\"><span class=\"wpcf7-list-item first\"><label><input type=\"checkbox\" name=\"checkbox\" value=\"Quotation\" \/><span class=\"wpcf7-list-item-label\">Citation<\/span><\/label><\/span><span class=\"wpcf7-list-item\"><label><input type=\"checkbox\" name=\"checkbox\" value=\"Catalog\" \/><span class=\"wpcf7-list-item-label\">Catalogue<\/span><\/label><\/span><span class=\"wpcf7-list-item\"><label><input type=\"checkbox\" name=\"checkbox\" value=\"Service Support\" \/><span class=\"wpcf7-list-item-label\">Service apr\u00e8s vente<\/span><\/label><\/span><span class=\"wpcf7-list-item\"><label><input type=\"checkbox\" name=\"checkbox\" value=\"Project\" \/><span class=\"wpcf7-list-item-label\">Projet<\/span><\/label><\/span><span class=\"wpcf7-list-item last\"><label><input type=\"checkbox\" name=\"checkbox\" value=\"I am interested in becoming an agent\" \/><span class=\"wpcf7-list-item-label\">Je suis int\u00e9ress\u00e9 \u00e0 devenir agent<\/span><\/label><\/span><\/span><\/span><br \/>\n<input class=\"wpcf7-form-control wpcf7-submit has-spinner button\" type=\"submit\" value=\"Soumettre\" \/>\n\t<\/p>\n<\/div><div class=\"wpcf7-response-output\" aria-hidden=\"true\"><\/div>\n<input type=\"hidden\" name=\"trp-form-language\" value=\"fr\"\/><\/form>\n<\/div>\n\n\t\t<\/div>\n\t\t\t\t\t<\/div>\n\n\t\n\n\t<div id=\"col-294050969\" class=\"col medium-6 small-12 large-6\"  >\n\t\t\t\t<div class=\"col-inner\"  >\n\t\t\t\n\t\t\t\n<div class=\"container section-title-container\" ><h3 class=\"section-title section-title-normal\"><b><\/b><span class=\"section-title-main\" >CONTACTEZ-NOUS<\/span><b><\/b><\/h3><\/div>\n<p>Si vous avez une question concernant l&#039;un de nos produits, ou si vous avez besoin de nous contacter pour toute autre raison, veuillez remplir ce formulaire ci-dessous et nous vous r\u00e9pondrons dans les plus brefs d\u00e9lais.<\/p>\n<p><strong>Appelez-nous\u00a0:<\/strong> <a href=\"http:\/\/+86 18675762929\" rel=\"nofollow\">+8618675762929<\/a><br \/>\n<strong>Envoyez-nous un email<\/strong>:\u00a0\u00a0<a href=\"mailto:info@mopochina.com\">info@mopochina.com<\/a><\/p>\n<p><strong>Skype\u00a0<\/strong>: <a href=\"skype:Sanitwell Shen?chat\">jiawei cheng<\/a><\/p>\n<p><strong>Adresses<\/strong> : B1, n\u00b010<sup>\u00e8me<\/sup>, Monde de la c\u00e9ramique Yingkeyijia, 4<sup>\u00e8me<\/sup>\u00a0Jihua Road, Chancheng, Foshan, 528 000, Guangdong, Chine<\/p>\n<p><strong>BASES DE PRODUCTION\u00a0:<\/strong>\u00a0Pays de Chaoan, ville de Chaozhou, province du Guangdong<\/p>\n<p><strong>Lien amical :<\/strong><br \/>\n<a href=\"https:\/\/moposanitaryware.com\/fr\/?attachment_id=1683\">https:\/\/moposanitaryware.com<\/a><br \/>\n<a href=\"https:\/\/www.mopotoilet.com\" rel=\"nofollow noopener\" target=\"_blank\">https:\/\/www.mopotoilet.com<\/a><br \/>\n<a href=\"https:\/\/\/fr\/www.mopofaucet.com\/\">https:\/\/www.mopofaucet.com<\/a><\/p>\n<div class=\"social-icons follow-icons full-width text-left\" ><span>Suivez-nous<\/span><a href=\"https:\/\/www.facebook.com\/MOPOCHINA\" target=\"_blank\" data-label=\"Facebook\" class=\"icon primary button circle facebook tooltip\" title=\"Nous suivons sur Facebook\" aria-label=\"Nous suivons sur Facebook\" rel=\"noopener nofollow\"><i class=\"icon-facebook\" ><\/i><\/a><a href=\"https:\/\/www.instagram.com\/mopotoilet\/\" target=\"_blank\" data-label=\"Instagram\" class=\"icon primary button circle instagram tooltip\" title=\"Nous suivons sur Instagram\" aria-label=\"Nous suivons sur Instagram\" rel=\"noopener nofollow\"><i class=\"icon-instagram\" ><\/i><\/a><a href=\"https:\/\/twitter.com\/mopotoilet\" data-label=\"Twitter\" target=\"_blank\" class=\"icon primary button circle twitter tooltip\" title=\"Nous suivons sur Twitter\" aria-label=\"Nous suivons sur Twitter\" rel=\"noopener nofollow\"><i class=\"icon-twitter\" ><\/i><\/a><a href=\"mailto:info@mopochina.com\" data-label=\"E-mail\" target=\"_blank\" class=\"icon primary button circle email tooltip\" title=\"Nous envoyons un email\" aria-label=\"Nous envoyons un email\" rel=\"nofollow noopener\" ><i class=\"icon-envelop\" ><\/i><\/a><a href=\"https:\/\/www.linkedin.com\/company\/mopo-sanitary-ware\/\" data-label=\"LinkedIn\" target=\"_blank\" class=\"icon primary button circle linkedin tooltip\" title=\"Nous suivons sur LinkedIn\" aria-label=\"Nous suivons sur LinkedIn\" rel=\"noopener nofollow\"><i class=\"icon-linkedin\" ><\/i><\/a><a href=\"https:\/\/www.youtube.com\/c\/mopochina\/featured\" data-label=\"YouTube\" target=\"_blank\" class=\"icon primary button circle youtube tooltip\" title=\"Nous suivons sur Youtube\" aria-label=\"Nous suivons sur Youtube\" rel=\"noopener nofollow\"><i class=\"icon-youtube\" ><\/i><\/a><\/div>\n\t\t<\/div>\n\t\t\t\t\t<\/div>\n\n\t\n<\/div>","protected":false},"excerpt":{"rendered":"<p>Marque: <a href=\"#brave_open_popup_688\">MOPO\u00ae<\/a><br \/>\nNom du produit : miroir intelligent de salle de bain.<br \/>\nNum\u00e9ro de mod\u00e8le\u00a0: s\u00e9rie MP-SM100<br \/>\nMat\u00e9riau : verre tremp\u00e9\/alliage m\u00e9tallique.<br \/>\nTaille: 24\/28\/36\/48 pouces (facultatif)<br \/>\nCouleurs: Chrome\/noir\/or\/or Rose<br \/>\nType d&#039;installation : mural.<br \/>\nUtilisation: Maquillage de d\u00e9coration de salle de bain<\/p>\n\t<a class=\"paoc-popup-click paoc-popup-cust-337 paoc-popup-button paoc-popup-btn\" href=\"javascript:void(0);\">Demander un devis<\/a>\r\n\u00a0 \u00a0 \u00a0<a href=\"https:\/\/api.whatsapp.com\/send?phone=8618675762929\"><img loading=\"lazy\" decoding=\"async\" class=\"alignnone wp-image-6698\" src=\"https:\/\/moposanitaryware.com\/wp-content\/uploads\/WhatsApp.png\" alt=\"\" width=\"140\" height=\"33\" srcset=\"https:\/\/moposanitaryware.com\/wp-content\/uploads\/WhatsApp.png 546w, https:\/\/moposanitaryware.com\/wp-content\/uploads\/WhatsApp-18x4.png 18w\" sizes=\"auto, (max-width: 140px) 100vw, 140px\" \/><\/a><\/p>","protected":false},"featured_media":1665,"template":"","meta":{"_acf_changed":false},"product_brand":[],"product_cat":[15,36,109],"product_tag":[134,133],"class_list":{"0":"post-1698","1":"product","2":"type-product","3":"status-publish","4":"has-post-thumbnail","6":"product_cat-see-all-categories","7":"product_cat-mirror","8":"product_cat-smart-mirror","9":"product_tag-bathroom-mirror","10":"product_tag-smart-mirror","12":"first","13":"instock","14":"shipping-taxable","15":"product-type-simple"},"acf":[],"_links":{"self":[{"href":"https:\/\/moposanitaryware.com\/fr\/wp-json\/wp\/v2\/product\/1698","targetHints":{"allow":["GET"]}}],"collection":[{"href":"https:\/\/moposanitaryware.com\/fr\/wp-json\/wp\/v2\/product"}],"about":[{"href":"https:\/\/moposanitaryware.com\/fr\/wp-json\/wp\/v2\/types\/product"}],"wp:featuredmedia":[{"embeddable":true,"href":"https:\/\/moposanitaryware.com\/fr\/wp-json\/wp\/v2\/media\/1665"}],"wp:attachment":[{"href":"https:\/\/moposanitaryware.com\/fr\/wp-json\/wp\/v2\/media?parent=1698"}],"wp:term":[{"taxonomy":"product_brand","embeddable":true,"href":"https:\/\/moposanitaryware.com\/fr\/wp-json\/wp\/v2\/product_brand?post=1698"},{"taxonomy":"product_cat","embeddable":true,"href":"https:\/\/moposanitaryware.com\/fr\/wp-json\/wp\/v2\/product_cat?post=1698"},{"taxonomy":"product_tag","embeddable":true,"href":"https:\/\/moposanitaryware.com\/fr\/wp-json\/wp\/v2\/product_tag?post=1698"}],"curies":[{"name":"wp","href":"https:\/\/api.w.org\/{rel}","templated":true}]}}