{"id":12432,"date":"2025-08-25T02:19:04","date_gmt":"2025-08-25T02:19:04","guid":{"rendered":"https:\/\/moposanitaryware.com\/bathroom-vanity-brass-luxury-basin-faucet\/"},"modified":"2025-08-25T02:19:20","modified_gmt":"2025-08-25T02:19:20","slug":"bathroom-vanity-brass-luxury-basin-faucet","status":"publish","type":"product","link":"https:\/\/moposanitaryware.com\/fr\/bathroom-vanity-brass-luxury-basin-faucet\/","title":{"rendered":"Robinet de lavabo de luxe en laiton pour salle de bain"},"content":{"rendered":"","protected":false},"excerpt":{"rendered":"<table style=\"font-size: 14.4px; height: 329px;\" width=\"567\">\n<tbody>\n<tr>\n<td width=\"163\">Nom de marque :<\/td>\n<td width=\"334\"><a href=\"https:\/\/mopochina.com\/\">MOPO<\/a><\/td>\n<\/tr>\n<tr>\n<td width=\"163\">Nom du produit:<\/td>\n<td width=\"334\"><a href=\"https:\/\/mopochina.com\/product-category\/faucets\/basin-faucet\/\">Robinets de lavabo de salle de bain<\/a><\/td>\n<\/tr>\n<tr>\n<td width=\"163\">UGS :<\/td>\n<td width=\"334\">MP-BF-0878<\/td>\n<\/tr>\n<tr>\n<td width=\"163\">Type de robinet :<\/td>\n<td width=\"334\"><a href=\"https:\/\/mopochina.com\/product-category\/faucets\/\">Robinets monotrou\/lavabo<\/a><\/td>\n<\/tr>\n<tr>\n<td width=\"163\">Mat\u00e9riau principal :<\/td>\n<td width=\"334\">59 Niveau A Laiton\/Acier inoxydable\/ABS<\/td>\n<\/tr>\n<tr>\n<td width=\"163\">Finition de surface :<\/td>\n<td width=\"334\">Galvanoplastie 7-12 um Nickel + 2-5 um Chrome<\/td>\n<\/tr>\n<tr>\n<td width=\"163\">Mat\u00e9riau du noyau de valve :<\/td>\n<td width=\"334\">C\u00e9ramique\/Laiton<\/td>\n<\/tr>\n<tr>\n<td width=\"163\">Durabilit\u00e9:<\/td>\n<td width=\"334\">R\u00e9sistant \u00e0 la rouille\/R\u00e9sistant aux rayures\/R\u00e9sistant aux taches<\/td>\n<\/tr>\n<tr>\n<td width=\"163\">Couleur:<\/td>\n<td width=\"334\">Bross\u00e9\/Or\/Noir\/Argent\/Chrome<\/td>\n<\/tr>\n<tr>\n<td width=\"163\">Taille:<\/td>\n<td width=\"334\">36 \u00d7 23,9 \u00d7 8 cm (le produit pr\u00e9vaudra)<\/td>\n<\/tr>\n<tr>\n<td width=\"163\">Poids:<\/td>\n<td width=\"334\">2,9 kg (le produit pr\u00e9vaudra)<\/td>\n<\/tr>\n<tr>\n<td width=\"163\">Type d&#039;installation<\/td>\n<td width=\"334\">Trou unique\/trou multiple<\/td>\n<\/tr>\n<tr>\n<td width=\"163\">Emplacement du montage\u00a0:<\/td>\n<td width=\"334\">Support de bureau<\/td>\n<\/tr>\n<\/tbody>\n<\/table>\n\t<a class=\"paoc-popup-click paoc-popup-cust-337 paoc-popup-button paoc-popup-btn\" href=\"javascript:void(0);\">Demander un devis<\/a>\r\n<a href=\"https:\/\/api.whatsapp.com\/send?phone=8618675762929\"><img loading=\"lazy\" decoding=\"async\" class=\"alignnone wp-image-6698\" src=\"https:\/\/mopochina.com\/wp-content\/uploads\/WhatsApp.png\" alt=\"\" width=\"140\" height=\"33\" srcset=\"https:\/\/moposanitaryware.com\/wp-content\/uploads\/WhatsApp.png 546w, https:\/\/moposanitaryware.com\/wp-content\/uploads\/WhatsApp-18x4.png 18w\" sizes=\"auto, (max-width: 140px) 100vw, 140px\" \/><\/a><\/p>","protected":false},"featured_media":12431,"template":"","meta":{"_acf_changed":false},"product_brand":[],"product_cat":[15,23,94],"product_tag":[],"class_list":{"0":"post-12432","1":"product","2":"type-product","3":"status-publish","4":"has-post-thumbnail","6":"product_cat-see-all-categories","7":"product_cat-faucets","8":"product_cat-basin-faucet","10":"first","11":"instock","12":"shipping-taxable","13":"product-type-simple"},"acf":[],"_links":{"self":[{"href":"https:\/\/moposanitaryware.com\/fr\/wp-json\/wp\/v2\/product\/12432","targetHints":{"allow":["GET"]}}],"collection":[{"href":"https:\/\/moposanitaryware.com\/fr\/wp-json\/wp\/v2\/product"}],"about":[{"href":"https:\/\/moposanitaryware.com\/fr\/wp-json\/wp\/v2\/types\/product"}],"wp:featuredmedia":[{"embeddable":true,"href":"https:\/\/moposanitaryware.com\/fr\/wp-json\/wp\/v2\/media\/12431"}],"wp:attachment":[{"href":"https:\/\/moposanitaryware.com\/fr\/wp-json\/wp\/v2\/media?parent=12432"}],"wp:term":[{"taxonomy":"product_brand","embeddable":true,"href":"https:\/\/moposanitaryware.com\/fr\/wp-json\/wp\/v2\/product_brand?post=12432"},{"taxonomy":"product_cat","embeddable":true,"href":"https:\/\/moposanitaryware.com\/fr\/wp-json\/wp\/v2\/product_cat?post=12432"},{"taxonomy":"product_tag","embeddable":true,"href":"https:\/\/moposanitaryware.com\/fr\/wp-json\/wp\/v2\/product_tag?post=12432"}],"curies":[{"name":"wp","href":"https:\/\/api.w.org\/{rel}","templated":true}]}}