{"id":8379,"date":"2025-03-06T07:15:21","date_gmt":"2025-03-06T07:15:21","guid":{"rendered":"https:\/\/moposanitaryware.com\/bathroom-faucet-with-pull-out-spraywith-draw-out-nozzlebrass-bathroom-sink-faucet-modern-bathroom-faucet-2\/"},"modified":"2025-03-06T07:15:22","modified_gmt":"2025-03-06T07:15:22","slug":"bathroom-faucet-with-pull-out-spraywith-draw-out-nozzlebrass-bathroom-sink-faucet-modern-bathroom-faucet-2","status":"publish","type":"product","link":"https:\/\/moposanitaryware.com\/es\/bathroom-faucet-with-pull-out-spraywith-draw-out-nozzlebrass-bathroom-sink-faucet-modern-bathroom-faucet-2\/","title":{"rendered":"Grifo de ba\u00f1o con rociador extra\u00edble, boquilla extra\u00edble, grifo de lavabo de lat\u00f3n, grifo de ba\u00f1o moderno"},"content":{"rendered":"","protected":false},"excerpt":{"rendered":"<table style=\"font-size: 14.4px; height: 329px;\" width=\"567\">\n<tbody>\n<tr>\n<td width=\"163\">Nombre de la marca:<\/td>\n<td width=\"334\"><a href=\"https:\/\/moposanitaryware.com\/es\/\">MOPO<\/a>\u00ae<\/td>\n<\/tr>\n<tr>\n<td width=\"163\">Nombre del producto:<\/td>\n<td width=\"334\"><a href=\"https:\/\/moposanitaryware.com\/es\/categoria-producto\/faucets\/\">Grifos para lavabo de ba\u00f1o<\/a><\/td>\n<\/tr>\n<tr>\n<td width=\"163\">SKU:<\/td>\n<td width=\"334\">MP-F290-053<\/td>\n<\/tr>\n<tr>\n<td width=\"163\">Material primario:<\/td>\n<td width=\"334\">59 Nivel A Lat\u00f3n\/Acero\/ABS<\/td>\n<\/tr>\n<tr>\n<td width=\"163\">Acabado superficial:<\/td>\n<td width=\"334\">Galvanoplastia 7-12 um N\u00edquel + 2-5 um Cromo<\/td>\n<\/tr>\n<tr>\n<td width=\"163\">Durabilidad:<\/td>\n<td width=\"334\">Resistente al \u00f3xido; resistente al deslustre; Resistente a las manchas<\/td>\n<\/tr>\n<tr>\n<td width=\"163\">Color:<\/td>\n<td width=\"334\">Negro\/Cromo\/Dorado\/Gris plomizo<\/td>\n<\/tr>\n<tr>\n<td width=\"163\">Tama\u00f1o:<\/td>\n<td width=\"334\">36x25x8cm<\/td>\n<\/tr>\n<tr>\n<td width=\"163\">Peso:<\/td>\n<td width=\"334\">2,6 kg<\/td>\n<\/tr>\n<tr>\n<td width=\"163\">Tipo de instalaci\u00f3n<\/td>\n<td width=\"334\"><a href=\"https:\/\/moposanitaryware.com\/es\/producto\/bathroom-faucet\/\">\u00a0Grifo del lavabo del ba\u00f1o<\/a><\/td>\n<\/tr>\n<tr>\n<td width=\"163\">Ubicaci\u00f3n de montaje:<\/td>\n<td width=\"334\">Soporte de escritorio<\/td>\n<\/tr>\n<\/tbody>\n<\/table>\n\t<a class=\"paoc-popup-click paoc-popup-cust-337 paoc-popup-button paoc-popup-btn\" href=\"javascript:void(0);\">Solicitar presupuesto<\/a>\r\n\u00a0 \u00a0 \u00a0<a href=\"https:\/\/api.whatsapp.com\/send?phone=8618675762929\"><img loading=\"lazy\" decoding=\"async\" class=\"alignnone wp-image-6698\" src=\"https:\/\/moposanitaryware.com\/wp-content\/uploads\/WhatsApp.png\" alt=\"\" width=\"140\" height=\"95\" \/><\/a><\/p>","protected":false},"featured_media":8378,"template":"","meta":{"_acf_changed":false},"product_brand":[],"product_cat":[15,23],"product_tag":[],"class_list":{"0":"post-8379","1":"product","2":"type-product","3":"status-publish","4":"has-post-thumbnail","6":"product_cat-see-all-categories","7":"product_cat-faucets","9":"first","10":"instock","11":"shipping-taxable","12":"product-type-simple"},"acf":[],"_links":{"self":[{"href":"https:\/\/moposanitaryware.com\/es\/wp-json\/wp\/v2\/product\/8379","targetHints":{"allow":["GET"]}}],"collection":[{"href":"https:\/\/moposanitaryware.com\/es\/wp-json\/wp\/v2\/product"}],"about":[{"href":"https:\/\/moposanitaryware.com\/es\/wp-json\/wp\/v2\/types\/product"}],"wp:featuredmedia":[{"embeddable":true,"href":"https:\/\/moposanitaryware.com\/es\/wp-json\/wp\/v2\/media\/8378"}],"wp:attachment":[{"href":"https:\/\/moposanitaryware.com\/es\/wp-json\/wp\/v2\/media?parent=8379"}],"wp:term":[{"taxonomy":"product_brand","embeddable":true,"href":"https:\/\/moposanitaryware.com\/es\/wp-json\/wp\/v2\/product_brand?post=8379"},{"taxonomy":"product_cat","embeddable":true,"href":"https:\/\/moposanitaryware.com\/es\/wp-json\/wp\/v2\/product_cat?post=8379"},{"taxonomy":"product_tag","embeddable":true,"href":"https:\/\/moposanitaryware.com\/es\/wp-json\/wp\/v2\/product_tag?post=8379"}],"curies":[{"name":"wp","href":"https:\/\/api.w.org\/{rel}","templated":true}]}}