{"id":8146,"date":"2025-02-25T08:44:07","date_gmt":"2025-02-25T08:44:07","guid":{"rendered":"https:\/\/moposanitaryware.com\/modern-sauna-hemlock-wood-weight-loss-beauty-wet-sauna-room-health-spa-sauna-room\/"},"modified":"2025-02-25T08:44:16","modified_gmt":"2025-02-25T08:44:16","slug":"modern-sauna-hemlock-wood-weight-loss-beauty-wet-sauna-room-health-spa-sauna-room","status":"publish","type":"product","link":"https:\/\/moposanitaryware.com\/es\/modern-sauna-hemlock-wood-weight-loss-beauty-wet-sauna-room-health-spa-sauna-room\/","title":{"rendered":"Modern Sauna Hemlock Wood Weight Loss Beauty Wet Sauna Room Health Spa Sauna Room"},"content":{"rendered":"<div class=\"row align-center\"  id=\"row-1048599157\">\n\n\t<div id=\"col-1682378351\" class=\"col medium-11 small-12 large-11\"  data-animate=\"fadeInUp\">\n\t\t\t\t<div class=\"col-inner text-center\"  >\n\t\t\t\n\t\t\t\n<h1 style=\"text-align: center;\"><a href=\"https:\/\/moposanitaryware.com\/es\/shop\/massage-bathtubs\/\">Ba\u00f1eras de masaje<\/a> &amp; <a href=\"https:\/\/moposanitaryware.com\/es\/categoria-producto\/espejo-inteligente-para-maquillaje-montado-en-la-pared-del-bano\/\">Cuarto de vapor<\/a> &amp; <a href=\"https:\/\/moposanitaryware.com\/es\/categoria-producto\/sauna\/\">Sauna<\/a><\/h1>\n<p><a href=\"https:\/\/moposanitaryware.com\/es\/categoria-producto\/massage-bathtubs\/\">ba\u00f1eras de masaje. Con nuestros Air Baths, Ba\u00f1eras de hidromasaje<\/a>, <a href=\"https:\/\/moposanitaryware.com\/es\/categoria-producto\/espejo-inteligente-para-maquillaje-montado-en-la-pared-del-bano\/\">y ba\u00f1eras de masaje combinadas<\/a>, alguien a quien le gusta pasar un poco de tiempo &quot;para m\u00ed&quot; y alguien que se ducha m\u00e1s de lo que se ba\u00f1a. La mayor\u00eda de las veces, la ba\u00f1era es la pieza central de su ba\u00f1o. Por eso ponemos mucho cuidado en crear ba\u00f1os que luzcan impresionantes. Puedes crear una experiencia similar a un spa en casa. <a href=\"https:\/\/moposanitaryware.com\/es\/categoria-producto\/bathtubs\/\">Explore nuestra colecci\u00f3n de ba\u00f1eras de masaje<\/a>.<\/p>\n<a href=\"https:\/\/moposanitaryware.com\/es\/categoria-producto\/faucets\/\" class=\"button secondary is-underline lowercase\"  >\n\t\t<span>Explorar todo<\/span>\n\t<i class=\"icon-menu\" aria-hidden=\"true\" ><\/i><\/a>\n\n\t\t<\/div>\n\t\t\t\t\t<\/div>\n\n\t\n<\/div>\n<h2 style=\"text-align: center;\"><a href=\"https:\/\/moposanitaryware.com\/es\/categoria-producto\/espejo-inteligente-para-maquillaje-montado-en-la-pared-del-bano\/\">Fabricante de salas de sauna Luxur SPA<\/a><\/h2>\n<p>15 a\u00f1os de experiencia en la fabricaci\u00f3n de saunas. Utilizamos madera importada de alta calidad, como cedro rojo, cicuta, \u00e1lamo blanco, pino blanco, etc., a elecci\u00f3n del cliente. Nuestra experiencia artesanal se basa en un estricto control de calidad en cada proceso y cada detalle del producto se cuida a la perfecci\u00f3n.<br \/>El estilo de la sauna es lujoso y conciso, con diferentes formas y tama\u00f1os, y ofrece servicios personalizados para crear productos a medida. Cuenta con calefacci\u00f3n por infrarrojos y estufas de sauna. Su uso le permite desintoxicarse, mejorar su salud y belleza, y aumentar su energ\u00eda y bienestar.<\/p>\n<p>Los ba\u00f1os de vapor y la sauna tienen beneficios espec\u00edficos para la salud, entre ellos: descongestionan, mejoran la salud de la piel, reducen la presi\u00f3n arterial, mejoran la circulaci\u00f3n, mejoran la recuperaci\u00f3n despu\u00e9s del ejercicio, relajan y reducen la rigidez de las articulaciones.<\/p>\n<p>Precauciones: No beba alcohol. El calor intenso de la sala de vapor puede aumentar el riesgo de deshidrataci\u00f3n. Aseg\u00farese de evitar el alcohol y beber m\u00e1s agua. No vaya si est\u00e1 enfermo. El calor y la humedad de las salas de vapor pueden favorecer el crecimiento de bacterias. Si tiene una infecci\u00f3n bacteriana en la piel, no utilice una sala de vapor p\u00fablica hasta que la infecci\u00f3n haya desaparecido.<\/p>\n<div class=\"row\"  id=\"row-795210119\">\n\n\t<div id=\"col-1554118286\" class=\"col medium-4 small-12 large-4\"  >\n\t\t\t\t<div class=\"col-inner\"  >\n\t\t\t\n\t\t\t\n<h3>Madera natural<\/h3>\n<p>MOPO, la madera utilizada en la sauna, es importada del extranjero. Seleccionamos madera de primera calidad, cuya calidad se aprecia en la diferencia de color, nudos, l\u00edneas, etc. La madera de alta calidad permite crear una sauna elegante y de alta calidad.\u00a0<\/p>\n\t\t<\/div>\n\t\t\t\t\t<\/div>\n\n\t\n\n\t<div id=\"col-732658083\" class=\"col medium-4 small-12 large-4\"  >\n\t\t\t\t<div class=\"col-inner\"  >\n\t\t\t\n\t\t\t\n<h3>Luz LED colorida<\/h3>\n<p>La luz LED para sauna est\u00e1 disponible en varios colores. Se puede cambiar a rojo, verde, azul y degradado. La luz de colores tambi\u00e9n cuenta con fototerapia para brindar bienestar y disfrute visual.<\/p>\n\t\t<\/div>\n\t\t\t\t\t<\/div>\n\n\t\n\n\t<div id=\"col-240003198\" class=\"col medium-4 small-12 large-4\"  >\n\t\t\t\t<div class=\"col-inner\"  >\n\t\t\t\n\t\t\t\n<h3>Piedra de cultura<\/h3>\n<p>La sauna de lujo est\u00e1 equipada con piedras de cultivo, como cristal, sal y blanca, entre otras. Los clientes pueden elegir la configuraci\u00f3n que prefieran para dise\u00f1ar su propia sauna.<\/p>\n\t\t<\/div>\n\t\t\t\t\t<\/div>\n\n\t\n<\/div>\n<div class=\"row\"  id=\"row-639090301\">\n\n\t<div id=\"col-390089040\" class=\"col medium-4 small-12 large-4\"  >\n\t\t\t\t<div class=\"col-inner\"  >\n\t\t\t\n\t\t\t\n<h3>Sistema de sauna<\/h3>\n<p>Ofrecemos diferentes sistemas de control multifunci\u00f3n para que los clientes elijan. La mayor\u00eda de los sistemas incluyen Bluetooth, USB, FM, etc., funciones de entretenimiento. Adem\u00e1s, los sistemas permiten ajustar la temperatura, el color de la l\u00e1mpara LED y la temporizaci\u00f3n. Cada sistema ofrece una experiencia diferente para cada cliente.<\/p>\n\t\t<\/div>\n\t\t\t\t\t<\/div>\n\n\t\n\n\t<div id=\"col-1754869999\" class=\"col medium-4 small-12 large-4\"  >\n\t\t\t\t<div class=\"col-inner\"  >\n\t\t\t\n\t\t\t\n<h3>estufa de sauna<\/h3>\n<p>La sala de sauna adem\u00e1s de utilizar una estufa de sauna de marca china de alta calidad y estable, tambi\u00e9n ofrece estufas de sauna famosas en el extranjero, como Harvia, SAWO, etc.<\/p>\n\t\t<\/div>\n\t\t\t\t\t<\/div>\n\n\t\n\n\t<div id=\"col-1184899038\" class=\"col medium-4 small-12 large-4\"  >\n\t\t\t\t<div class=\"col-inner\"  >\n\t\t\t\n\t\t\t\n<h3>Accesorios para sauna\u00a0<\/h3>\n<p>Sala de sauna equipada con un conjunto de sauna, como termohigr\u00f3metro, reloj de arena, piedra de sauna, cuchara de barril, l\u00e1mpara para uso del cliente.<\/p>\n\t\t<\/div>\n\t\t\t\t\t<\/div>\n\n\t\n<\/div>","protected":false},"excerpt":{"rendered":"<table>\n<tbody>\n<tr>\n<td width=\"112\">Marca:<\/td>\n<td width=\"455\">MOPO<\/td>\n<\/tr>\n<tr>\n<td width=\"112\">Nombre:<\/td>\n<td width=\"455\">Ba\u00f1o de vapor, ba\u00f1era de masajes<\/td>\n<\/tr>\n<tr>\n<td width=\"112\">Modelo:<\/td>\n<td width=\"455\">MP-SR-E01<\/td>\n<\/tr>\n<tr>\n<td width=\"112\">Material:<\/td>\n<td width=\"455\">Madera de cicuta<\/td>\n<\/tr>\n<tr>\n<td width=\"112\">Funci\u00f3n musical:<\/td>\n<td width=\"455\">Bluetooth\/FM\/MP3\/WIFI\/USB<\/td>\n<\/tr>\n<tr>\n<td width=\"112\">Peso:<\/td>\n<td width=\"455\">70~115 kg<\/td>\n<\/tr>\n<tr>\n<td width=\"112\">Tama\u00f1o:<\/td>\n<td width=\"455\">1800 x 1800 x 2100 mm<\/td>\n<\/tr>\n<tr>\n<td width=\"112\">Color del vidrio:<\/td>\n<td width=\"455\">Transparente<\/td>\n<\/tr>\n<tr>\n<td width=\"112\">Espesor del vidrio:<\/td>\n<td width=\"455\">6 mm<\/td>\n<\/tr>\n<tr>\n<td width=\"112\">Color:<\/td>\n<td width=\"455\">Aleaci\u00f3n de aluminio<\/td>\n<\/tr>\n<tr>\n<td width=\"112\">Estilo de falda:<\/td>\n<td width=\"455\">Color blanco o personalizado<\/td>\n<\/tr>\n<tr>\n<td width=\"112\">Estilo de puerta:<\/td>\n<td width=\"455\">Puerta que se puede abrir<\/td>\n<\/tr>\n<\/tbody>\n<\/table>\n\t<a class=\"paoc-popup-click paoc-popup-cust-337 paoc-popup-button paoc-popup-btn\" href=\"javascript:void(0);\">Solicitar presupuesto<\/a>\r\n \u00a0\u00a0<a href=\"https:\/\/api.whatsapp.com\/send?phone=8618675762929\"><img loading=\"lazy\" decoding=\"async\" class=\"alignnone wp-image-6698\" src=\"https:\/\/moposanitaryware.com\/wp-content\/uploads\/WhatsApp.png\" alt=\"\" width=\"140\" height=\"33\" srcset=\"https:\/\/moposanitaryware.com\/wp-content\/uploads\/WhatsApp.png 546w, https:\/\/moposanitaryware.com\/wp-content\/uploads\/WhatsApp-18x4.png 18w\" sizes=\"auto, (max-width: 140px) 100vw, 140px\" \/><\/a><\/p>","protected":false},"featured_media":8033,"template":"","meta":{"_acf_changed":false},"product_brand":[],"product_cat":[15,229,57,33,125,228],"product_tag":[],"class_list":{"0":"post-8146","1":"product","2":"type-product","3":"status-publish","4":"has-post-thumbnail","6":"product_cat-see-all-categories","7":"product_cat-steam-room","8":"product_cat-bathtubs","9":"product_cat-massage-bathtubs","10":"product_cat-spa-bathtub","11":"product_cat-sauna","13":"first","14":"instock","15":"shipping-taxable","16":"product-type-simple"},"acf":[],"_links":{"self":[{"href":"https:\/\/moposanitaryware.com\/es\/wp-json\/wp\/v2\/product\/8146","targetHints":{"allow":["GET"]}}],"collection":[{"href":"https:\/\/moposanitaryware.com\/es\/wp-json\/wp\/v2\/product"}],"about":[{"href":"https:\/\/moposanitaryware.com\/es\/wp-json\/wp\/v2\/types\/product"}],"wp:featuredmedia":[{"embeddable":true,"href":"https:\/\/moposanitaryware.com\/es\/wp-json\/wp\/v2\/media\/8033"}],"wp:attachment":[{"href":"https:\/\/moposanitaryware.com\/es\/wp-json\/wp\/v2\/media?parent=8146"}],"wp:term":[{"taxonomy":"product_brand","embeddable":true,"href":"https:\/\/moposanitaryware.com\/es\/wp-json\/wp\/v2\/product_brand?post=8146"},{"taxonomy":"product_cat","embeddable":true,"href":"https:\/\/moposanitaryware.com\/es\/wp-json\/wp\/v2\/product_cat?post=8146"},{"taxonomy":"product_tag","embeddable":true,"href":"https:\/\/moposanitaryware.com\/es\/wp-json\/wp\/v2\/product_tag?post=8146"}],"curies":[{"name":"wp","href":"https:\/\/api.w.org\/{rel}","templated":true}]}}