{"id":7575,"date":"2025-01-18T08:25:07","date_gmt":"2025-01-18T08:25:07","guid":{"rendered":"https:\/\/moposanitaryware.com\/bathtubs-with-jets-led-light-indoor-whirlpool-hot-tubs\/"},"modified":"2025-01-18T08:25:13","modified_gmt":"2025-01-18T08:25:13","slug":"bathtubs-with-jets-led-light-indoor-whirlpool-hot-tubs","status":"publish","type":"product","link":"https:\/\/moposanitaryware.com\/es\/bathtubs-with-jets-led-light-indoor-whirlpool-hot-tubs\/","title":{"rendered":"Ba\u00f1eras con chorros y luz LED para interiores."},"content":{"rendered":"<p>La ba\u00f1era de masaje de lujo puede brindarle una calidad de vida diferente. Tenemos una variedad de estilos de ba\u00f1eras de masaje, cuadradas, rectangulares, redondas, con forma de diamante y varias formas irregulares, que se pueden adaptar a diferentes entornos y diferentes estilos de dise\u00f1o del hogar. Todas las ba\u00f1eras de hidromasaje est\u00e1n disponibles para la venta en conjunto completo; despu\u00e9s de recibir la mercanc\u00eda, puede liberarlo de problemas de instalaci\u00f3n. La ba\u00f1era de masaje con dise\u00f1o de funci\u00f3n de masaje, boquilla de masaje potente y ajustable, puede permitirle relajarse despu\u00e9s de un d\u00eda de trabajo agotador, disfrutando del buen humor que brinda el ba\u00f1o. Adem\u00e1s, hay ba\u00f1eras de concubina imperial muy simples, con una apariencia elegante y concisa, adecuadas para una variedad de entornos de ba\u00f1o.<\/p>","protected":false},"excerpt":{"rendered":"<table style=\"font-size: 14.4px;\" width=\"497\">\n<tbody>\n<tr>\n<td width=\"163\">\u00bf\u00bfNombre de marca??<\/td>\n<td width=\"334\">MOPO<\/td>\n<\/tr>\n<tr>\n<td width=\"163\">\u00bfNombre del producto??<\/td>\n<td width=\"334\"><a href=\"https:\/\/mopotoilet.com\/category\/Massage Bathtub\/\">Ba\u00f1era de masaje<\/a><\/td>\n<\/tr>\n<tr>\n<td width=\"163\">\u00bfC\u00d3DIGO DE SERIE??<\/td>\n<td width=\"334\">MP-WS-E006<\/td>\n<\/tr>\n<tr>\n<td width=\"163\">\u00bf\u00bfColor??<\/td>\n<td width=\"334\">Blanco\/Negro\/Azul\/Gris\/(Varios colores)<\/td>\n<\/tr>\n<tr>\n<td width=\"163\">\u00bfMateria primaria??<\/td>\n<td width=\"334\">Acr\u00edlico de EE. UU.<\/td>\n<\/tr>\n<tr>\n<td width=\"163\">\u00bf\u00bfCapacidad??<\/td>\n<td width=\"334\">2-8 personas<\/td>\n<\/tr>\n<tr>\n<td width=\"163\">\u00bfSistema de control??<\/td>\n<td width=\"334\">Gecko\/Balboa\/Joyonway<\/td>\n<\/tr>\n<tr>\n<td width=\"163\">\u00bfProducto?\u00bfTama\u00f1o??<\/td>\n<td width=\"334\">??Personalizado??<\/td>\n<\/tr>\n<tr>\n<td width=\"163\">\u00bfTipo de instalaci\u00f3n??<\/td>\n<td width=\"334\">De pie<\/td>\n<\/tr>\n<tr>\n<td width=\"163\">\u00bf\u00bfPeso neto??<\/td>\n<td width=\"334\">160-320 kg<\/td>\n<\/tr>\n<tr>\n<td width=\"163\">\u00bf\u00bfSolicitud??<\/td>\n<td width=\"334\">Hotel\/Casa\/P\u00fablico\/Piscina<\/td>\n<\/tr>\n<\/tbody>\n<\/table>\n\t<a class=\"paoc-popup-click paoc-popup-cust-337 paoc-popup-button paoc-popup-btn\" href=\"javascript:void(0);\">Solicitar presupuesto<\/a>\r\n? ? ?<a href=\"https:\/\/api.whatsapp.com\/send?phone=8618675762929\"><img loading=\"lazy\" decoding=\"async\" class=\"alignnone wp-image-6698\" src=\"https:\/\/moposanitaryware.com\/wp-content\/uploads\/WhatsApp.png\" alt=\"\" width=\"140\" height=\"33\" srcset=\"https:\/\/moposanitaryware.com\/wp-content\/uploads\/WhatsApp.png 546w, https:\/\/moposanitaryware.com\/wp-content\/uploads\/WhatsApp-18x4.png 18w\" sizes=\"auto, (max-width: 140px) 100vw, 140px\" \/><\/a><\/p>","protected":false},"featured_media":7538,"template":"","meta":{"_acf_changed":false},"product_brand":[],"product_cat":[15,33,125],"product_tag":[],"class_list":{"0":"post-7575","1":"product","2":"type-product","3":"status-publish","4":"has-post-thumbnail","6":"product_cat-see-all-categories","7":"product_cat-massage-bathtubs","8":"product_cat-spa-bathtub","10":"first","11":"instock","12":"shipping-taxable","13":"product-type-simple"},"acf":[],"_links":{"self":[{"href":"https:\/\/moposanitaryware.com\/es\/wp-json\/wp\/v2\/product\/7575","targetHints":{"allow":["GET"]}}],"collection":[{"href":"https:\/\/moposanitaryware.com\/es\/wp-json\/wp\/v2\/product"}],"about":[{"href":"https:\/\/moposanitaryware.com\/es\/wp-json\/wp\/v2\/types\/product"}],"wp:featuredmedia":[{"embeddable":true,"href":"https:\/\/moposanitaryware.com\/es\/wp-json\/wp\/v2\/media\/7538"}],"wp:attachment":[{"href":"https:\/\/moposanitaryware.com\/es\/wp-json\/wp\/v2\/media?parent=7575"}],"wp:term":[{"taxonomy":"product_brand","embeddable":true,"href":"https:\/\/moposanitaryware.com\/es\/wp-json\/wp\/v2\/product_brand?post=7575"},{"taxonomy":"product_cat","embeddable":true,"href":"https:\/\/moposanitaryware.com\/es\/wp-json\/wp\/v2\/product_cat?post=7575"},{"taxonomy":"product_tag","embeddable":true,"href":"https:\/\/moposanitaryware.com\/es\/wp-json\/wp\/v2\/product_tag?post=7575"}],"curies":[{"name":"wp","href":"https:\/\/api.w.org\/{rel}","templated":true}]}}