{"id":7563,"date":"2025-01-18T07:12:00","date_gmt":"2025-01-18T07:12:00","guid":{"rendered":"https:\/\/moposanitaryware.com\/?post_type=product&#038;p=7563"},"modified":"2025-01-18T07:35:58","modified_gmt":"2025-01-18T07:35:58","slug":"soaking-tub-indoor-whirlpool-bathtu","status":"publish","type":"product","link":"https:\/\/moposanitaryware.com\/es\/soaking-tub-indoor-whirlpool-bathtu\/","title":{"rendered":"Ba\u00f1era de hidromasaje cl\u00e1sica individual, ba\u00f1era exenta, ba\u00f1era de hidromasaje interior"},"content":{"rendered":"<div class=\"row align-center\"  id=\"row-1701216731\">\n\n\t<div id=\"col-153374383\" class=\"col medium-11 small-12 large-11\"  data-animate=\"fadeInUp\">\n\t\t\t\t<div class=\"col-inner text-center\"  >\n\t\t\t\n\t\t\t\n<h1 style=\"text-align: center;\"><a href=\"https:\/\/moposanitaryware.com\/es\/shop\/massage-bathtubs\/\">Ba\u00f1eras de masaje<\/a> &amp; <a href=\"https:\/\/moposanitaryware.com\/es\/categoria-producto\/espejo-inteligente-para-maquillaje-montado-en-la-pared-del-bano\/\">Cuarto de vapor<\/a> &amp; <a href=\"https:\/\/moposanitaryware.com\/es\/categoria-producto\/sauna\/\">Sauna<\/a><\/h1>\n<p><a href=\"https:\/\/moposanitaryware.com\/es\/categoria-producto\/massage-bathtubs\/\">ba\u00f1eras de masaje. Con nuestros Air Baths, Ba\u00f1eras de hidromasaje<\/a>, <a href=\"https:\/\/moposanitaryware.com\/es\/categoria-producto\/espejo-inteligente-para-maquillaje-montado-en-la-pared-del-bano\/\">y ba\u00f1eras de masaje combinadas<\/a>, alguien a quien le gusta pasar un poco de tiempo &quot;para m\u00ed&quot; y alguien que se ducha m\u00e1s de lo que se ba\u00f1a. La mayor\u00eda de las veces, la ba\u00f1era es la pieza central de su ba\u00f1o. Por eso ponemos mucho cuidado en crear ba\u00f1os que luzcan impresionantes. Puedes crear una experiencia similar a un spa en casa. <a href=\"https:\/\/moposanitaryware.com\/es\/categoria-producto\/bathtubs\/\">Explore nuestra colecci\u00f3n de ba\u00f1eras de masaje<\/a>.<\/p>\n<a href=\"https:\/\/moposanitaryware.com\/es\/categoria-producto\/faucets\/\" class=\"button secondary is-underline lowercase\"  >\n\t\t<span>Explorar todo<\/span>\n\t<i class=\"icon-menu\" aria-hidden=\"true\" ><\/i><\/a>\n\n\t\t<\/div>\n\t\t\t\t\t<\/div>\n\n\t\n<\/div>\n<table>\n<tbody>\n<tr>\n<td width=\"189\">Marca<\/td>\n<td width=\"399\">MOPO<\/td>\n<\/tr>\n<tr>\n<td width=\"189\">Lugar de origen:<\/td>\n<td width=\"399\">Fosh\u00e1n, China<\/td>\n<\/tr>\n<tr>\n<td width=\"189\">Escribe un nombre<\/td>\n<td width=\"399\"><a href=\"https:\/\/moposanitaryware.com\/es\/shop\/massage-bathtubs\/\">Ba\u00f1era de masaje<\/a><\/td>\n<\/tr>\n<tr>\n<td width=\"189\">Tipo de masaje<\/td>\n<td width=\"399\">Masaje combinado (aire e hidromasaje), Masaje combinado (aire e hidromasaje)<\/td>\n<\/tr>\n<tr>\n<td width=\"189\">Caracter\u00edstica<\/td>\n<td width=\"399\">Suave y liso, No poroso, Impermeable, Sin costuras<\/td>\n<\/tr>\n<tr>\n<td width=\"189\">Estilo de dise\u00f1o<\/td>\n<td width=\"399\">Moderno<\/td>\n<\/tr>\n<tr>\n<td width=\"189\">Forma<\/td>\n<td width=\"399\">Ovalado, cuadrado, redondo, rectangular, personalizado disponible<\/td>\n<\/tr>\n<tr>\n<td width=\"189\">Funci\u00f3n<\/td>\n<td width=\"399\">Masaje<\/td>\n<\/tr>\n<tr>\n<td width=\"189\">Tipo de instalaci\u00f3n<\/td>\n<td width=\"399\">De pie<\/td>\n<\/tr>\n<tr>\n<td width=\"189\">Solicitud<\/td>\n<td width=\"399\">Hoteles, Villas, Casas, Ba\u00f1os, Apartamentos o Clubs de Ocio<\/td>\n<\/tr>\n<\/tbody>\n<\/table>\n<div class=\"row\"  id=\"row-650146504\">\n\n\t<div id=\"col-1821758155\" class=\"col medium-6 small-12 large-6\"  >\n\t\t\t\t<div class=\"col-inner\"  >\n\t\t\t\n\t\t\t\n\t<div class=\"img has-hover x md-x lg-x y md-y lg-y\" id=\"image_1553619663\">\n\t\t\t\t\t\t\t\t<div class=\"img-inner dark\" >\n\t\t\t<img loading=\"lazy\" decoding=\"async\" width=\"600\" height=\"400\" src=\"https:\/\/moposanitaryware.com\/wp-content\/uploads\/Acrylic-\u2013-a-material-with-attractive-properties.jpg\" class=\"attachment-original size-original\" alt=\"La estructura el\u00e1stica del material lo hace resistente a los impactos y a la deformaci\u00f3n. Es extremadamente f\u00e1cil pulir cualquier rayadura. Los productos acr\u00edlicos siempre tienen un color brillante, ya que los pigmentos se dispersan de manera homog\u00e9nea, conservando su elegancia durante toda la vida. Calidez, durabilidad, alta calidad, f\u00e1cil mantenimiento, f\u00e1cil mantenimiento, buena mec\u00e1nica, durabilidad, cualquier color Textura premium\" title=\"\">\t\t\t\t\t\t\n\t\t\t\t\t<\/div>\n\t\t\t\t\t\t\t\t\n<style>\n#image_1553619663 {\n  width: 100%;\n}\n<\/style>\n\t<\/div>\n\t\n\t\t<\/div>\n\t\t\t\t\t<\/div>\n\n\t\n\n\t<div id=\"col-1107298486\" class=\"col medium-6 small-12 large-6\"  >\n\t\t\t\t<div class=\"col-inner\"  >\n\t\t\t\n\t\t\t\n<h2>Acr\u00edlico: un material con propiedades atractivas<\/h2>\n<p>El acr\u00edlico es un subproducto del programa espacial estadounidense. Se sabe que es uno de los materiales m\u00e1s vers\u00e1tiles y exitosos de la historia. Este popular material es higi\u00e9nico, f\u00e1cil de limpiar y muy resistente al desgaste.<br \/>\nLa ventaja del acr\u00edlico es su superficie c\u00e1lida, lisa y sin poros. Es agradable al tacto y el usuario se siente inmediatamente a gusto. Con su brillo blanco, el material armoniza con todos los dem\u00e1s objetos cer\u00e1micos del ba\u00f1o y garantiza la continuidad del dise\u00f1o. Las ba\u00f1eras se pueden combinar elegantemente con el panel del mueble formando as\u00ed un v\u00ednculo con los muebles del ba\u00f1o. El usuario puede estar tranquilo sabiendo que el acr\u00edlico <a href=\"https:\/\/moposanitaryware.com\/es\/shop\/massage-bathtubs\/\">ba\u00f1era<\/a> conservar\u00e1 su color durante toda su vida. El material est\u00e1 coloreado en todas partes, es estable a los rayos UV y no desti\u00f1e. La estructura el\u00e1stica del material lo hace resistente al impacto y la deformaci\u00f3n. Es extremadamente f\u00e1cil pulir los rayones. Los productos acr\u00edlicos siempre tienen colores brillantes, ya que los pigmentos se dispersan de manera homog\u00e9nea, conservando su elegancia durante toda la vida.<\/p>\n\t\t<\/div>\n\t\t\t\t\t<\/div>\n\n\t\n<\/div>\n<div class=\"row\"  id=\"row-1976866250\">\n\n\t<div id=\"col-928182728\" class=\"col medium-6 small-12 large-6\"  >\n\t\t\t\t<div class=\"col-inner\"  >\n\t\t\t\n\t\t\t\n<h3><span style=\"font-size: 120%;\">Boquilla de surf<\/span><\/h3>\n<p>Y el aire sale lentamente del agua, la boquilla de burbujas trabaja en conjunto para garantizar que el masaje se infiltre en el tejido profundo de la piel desde la superficie, active las c\u00e9lulas de la piel, logre el objetivo de masaje y relajaci\u00f3n de todo el cuerpo y haga que el f\u00edsico no sea intoxicante. ,y la piel queda completamente absorbida por el amor por el agua. La luz cambiante en el agua est\u00e1 embriagada con la tranquilidad y el contacto con la naturaleza, m\u00e1s comodidad, pero la gente misma est\u00e1 borracha. Es el lugar perfecto para relajarse despu\u00e9s de un largo d\u00eda y le brindar\u00e1 un merecido &quot;tiempo para m\u00ed&quot;.<\/p>\n\t\t<\/div>\n\t\t\t\t\t<\/div>\n\n\t\n\n\t<div id=\"col-307429196\" class=\"col medium-6 small-12 large-6\"  >\n\t\t\t\t<div class=\"col-inner\"  >\n\t\t\t\n\t\t\t\n\t<div class=\"img has-hover x md-x lg-x y md-y lg-y\" id=\"image_868248152\">\n\t\t\t\t\t\t\t\t<div class=\"img-inner dark\" >\n\t\t\t<img loading=\"lazy\" decoding=\"async\" width=\"600\" height=\"400\" src=\"https:\/\/moposanitaryware.com\/wp-content\/uploads\/china-mopo-foshan-massage-bathtub-Surf-Nozzle.jpg\" class=\"attachment-original size-original\" alt=\"Practicidad y amplio espacio interior, ideal para relajarse y sumergirse por completo el cuerpo.\" title=\"\">\t\t\t\t\t\t\n\t\t\t\t\t<\/div>\n\t\t\t\t\t\t\t\t\n<style>\n#image_868248152 {\n  width: 100%;\n}\n<\/style>\n\t<\/div>\n\t\n\t\t<\/div>\n\t\t\t\t\t<\/div>\n\n\t\n<\/div>\n<div class=\"row\"  id=\"row-1067105342\">\n\n\t<div id=\"col-90653930\" class=\"col medium-6 small-12 large-6\"  >\n\t\t\t\t<div class=\"col-inner\"  >\n\t\t\t\n\t\t\t\n\t<div class=\"img has-hover x md-x lg-x y md-y lg-y\" id=\"image_283190035\">\n\t\t\t\t\t\t\t\t<div class=\"img-inner dark\" >\n\t\t\t<img loading=\"lazy\" decoding=\"async\" width=\"600\" height=\"400\" src=\"https:\/\/moposanitaryware.com\/wp-content\/uploads\/china-mopo-foshan-Sanitary-wareBathtubs-are-the-queens-of-bathroom-equipment.jpg\" class=\"attachment-original size-original\" alt=\"Tipos de estilos para elegir-Producci\u00f3n profesional de ba\u00f1eras-Venta directa de f\u00e1brica-Ba\u00f1eras de masaje baratas\" title=\"\">\t\t\t\t\t\t\n\t\t\t\t\t<\/div>\n\t\t\t\t\t\t\t\t\n<style>\n#image_283190035 {\n  width: 100%;\n}\n<\/style>\n\t<\/div>\n\t\n\t\t<\/div>\n\t\t\t\t\t<\/div>\n\n\t\n\n\t<div id=\"col-1443907975\" class=\"col medium-6 small-12 large-6\"  >\n\t\t\t\t<div class=\"col-inner\"  >\n\t\t\t\n\t\t\t\n<h3><span style=\"font-size: 115%;\"><a href=\"https:\/\/moposanitaryware.com\/es\/shop\/massage-bathtubs\/\">Ba\u00f1eras<\/a> son las reinas de <a href=\"https:\/\/moposanitaryware.com\/es\/shop\/massage-bathtubs\/\">equipo de ba\u00f1o<\/a><\/span><\/h3>\n<p><a href=\"https:\/\/moposanitaryware.com\/es\/shop\/massage-bathtubs\/\">Ba\u00f1eras<\/a> son elementos b\u00e1sicos de accesorios de ba\u00f1o: recipientes que contienen agua para un ba\u00f1o inmersivo. Tambi\u00e9n brindan un lugar relajante para descansar, pero hay varios tipos diferentes que tienen prop\u00f3sitos \u00fanicos. Los m\u00e1s comunes <a href=\"https:\/\/moposanitaryware.com\/es\/shop\/massage-bathtubs\/\">ba\u00f1eras<\/a> visto en casas residenciales <a href=\"https:\/\/moposanitaryware.com\/es\/shop\/massage-bathtubs\/\">Incluye ba\u00f1eras empotradas, ba\u00f1eras independientes, ba\u00f1eras empotradas, jacuzzi, ba\u00f1era gen\u00e9rica y ba\u00f1eras de esquina.<\/a>.<br \/>\nCualquiera que sea el estilo elegido, <a href=\"https:\/\/moposanitaryware.com\/es\/shop\/massage-bathtubs\/\">ba\u00f1eras independientes<\/a> evocan tranquilidad y relax, creando una atm\u00f3sfera de confort en el ba\u00f1o. Sin embargo, al elegir el <a href=\"https:\/\/moposanitaryware.com\/es\/shop\/massage-bathtubs\/\">ba\u00f1era ideal<\/a>, se debe tener en cuenta tanto su dise\u00f1o, como la calidad de sus materiales y su resistencia para garantizar la m\u00e1xima durabilidad del equipamiento del ba\u00f1o, al tiempo que facilita las tareas de mantenimiento.<br \/>\nla colecci\u00f3n de <a href=\"https:\/\/moposanitaryware.com\/es\/shop\/massage-bathtubs\/\">ba\u00f1eras independientes<\/a> por <a href=\"https:\/\/moposanitaryware.com\/es\/shop\/massage-bathtubs\/\">MOPO<\/a> adaptarse al espacio y personalidad de cada cliente con una amplia gama dise\u00f1ada con un \u00fanico prop\u00f3sito: mejorar la calidad de vida y a\u00f1adir confort.Encuentra el adecuado para ti y tu ba\u00f1o entre la gran variedad de<a href=\"https:\/\/moposanitaryware.com\/es\/shop\/massage-bathtubs\/\"> Ba\u00f1eras MOPO<\/a>.<\/p>\n\t\t<\/div>\n\t\t\t\t\t<\/div>\n\n\t\n<\/div>","protected":false},"excerpt":{"rendered":"<table style=\"font-size: 14.4px;\" width=\"497\">\n<tbody>\n<tr>\n<td width=\"163\">Nombre de la marca:<\/td>\n<td width=\"334\">MOPO<\/td>\n<\/tr>\n<tr>\n<td width=\"163\">Nombre del producto:<\/td>\n<td width=\"334\"><a href=\"https:\/\/mopotoilet.com\/category\/Massage Bathtub\/\">Ba\u00f1era de masaje<\/a><\/td>\n<\/tr>\n<tr>\n<td width=\"163\">SKU:<\/td>\n<td width=\"334\">MP-WS-E001<\/td>\n<\/tr>\n<tr>\n<td width=\"163\">Color:<\/td>\n<td width=\"334\">Blanco\/Negro\/Azul\/Gris\/(Varios colores)<\/td>\n<\/tr>\n<tr>\n<td width=\"163\">Material primario:<\/td>\n<td width=\"334\">Acr\u00edlico de EE. UU.<\/td>\n<\/tr>\n<tr>\n<td width=\"163\">Capacity\uff1a<\/td>\n<td width=\"334\">2-8 personas<\/td>\n<\/tr>\n<tr>\n<td width=\"163\">Control System\uff1a<\/td>\n<td width=\"334\">Gecko\/Balboa\/Joyonway<\/td>\n<\/tr>\n<tr>\n<td width=\"163\">Tama\u00f1o del producto:<\/td>\n<td width=\"334\">\uff08Customized\uff09<\/td>\n<\/tr>\n<tr>\n<td width=\"163\">Installation Type\uff1a<\/td>\n<td width=\"334\">De pie<\/td>\n<\/tr>\n<tr>\n<td width=\"163\">Peso neto:<\/td>\n<td width=\"334\">160-320 kg<\/td>\n<\/tr>\n<tr>\n<td width=\"163\">Solicitud:<\/td>\n<td width=\"334\">Hotel\/Casa\/P\u00fablico\/Piscina<\/td>\n<\/tr>\n<\/tbody>\n<\/table>\n\t<a class=\"paoc-popup-click paoc-popup-cust-337 paoc-popup-button paoc-popup-btn\" href=\"javascript:void(0);\">Solicitar presupuesto<\/a>\r\n\u00a0 \u00a0 \u00a0<a href=\"https:\/\/api.whatsapp.com\/send?phone=8618675762929\"><img loading=\"lazy\" decoding=\"async\" class=\"alignnone wp-image-6698\" src=\"https:\/\/moposanitaryware.com\/wp-content\/uploads\/WhatsApp.png\" alt=\"\" width=\"140\" height=\"33\" srcset=\"https:\/\/moposanitaryware.com\/wp-content\/uploads\/WhatsApp.png 546w, https:\/\/moposanitaryware.com\/wp-content\/uploads\/WhatsApp-18x4.png 18w\" sizes=\"auto, (max-width: 140px) 100vw, 140px\" \/><\/a><\/p>","protected":false},"featured_media":7533,"template":"","meta":{"_acf_changed":false},"product_brand":[],"product_cat":[15,33,125],"product_tag":[129,232,233,267],"class_list":{"0":"post-7563","1":"product","2":"type-product","3":"status-publish","4":"has-post-thumbnail","6":"product_cat-see-all-categories","7":"product_cat-massage-bathtubs","8":"product_cat-spa-bathtub","9":"product_tag-bathtub","10":"product_tag-massage-bathtub","11":"product_tag-soaking-tub","12":"product_tag-spa-bathtub","14":"first","15":"instock","16":"shipping-taxable","17":"product-type-simple"},"acf":[],"_links":{"self":[{"href":"https:\/\/moposanitaryware.com\/es\/wp-json\/wp\/v2\/product\/7563","targetHints":{"allow":["GET"]}}],"collection":[{"href":"https:\/\/moposanitaryware.com\/es\/wp-json\/wp\/v2\/product"}],"about":[{"href":"https:\/\/moposanitaryware.com\/es\/wp-json\/wp\/v2\/types\/product"}],"wp:featuredmedia":[{"embeddable":true,"href":"https:\/\/moposanitaryware.com\/es\/wp-json\/wp\/v2\/media\/7533"}],"wp:attachment":[{"href":"https:\/\/moposanitaryware.com\/es\/wp-json\/wp\/v2\/media?parent=7563"}],"wp:term":[{"taxonomy":"product_brand","embeddable":true,"href":"https:\/\/moposanitaryware.com\/es\/wp-json\/wp\/v2\/product_brand?post=7563"},{"taxonomy":"product_cat","embeddable":true,"href":"https:\/\/moposanitaryware.com\/es\/wp-json\/wp\/v2\/product_cat?post=7563"},{"taxonomy":"product_tag","embeddable":true,"href":"https:\/\/moposanitaryware.com\/es\/wp-json\/wp\/v2\/product_tag?post=7563"}],"curies":[{"name":"wp","href":"https:\/\/api.w.org\/{rel}","templated":true}]}}