{"id":7523,"date":"2025-01-09T08:02:03","date_gmt":"2025-01-09T08:02:03","guid":{"rendered":"https:\/\/moposanitaryware.com\/european-luxury-royal-bathroom-egg-shape-around-golden-color-ceramic-wall-hung-toilet\/"},"modified":"2025-01-09T08:46:37","modified_gmt":"2025-01-09T08:46:37","slug":"european-luxury-royal-bathroom-egg-shape-around-golden-color-ceramic-wall-hung-toilet","status":"publish","type":"product","link":"https:\/\/moposanitaryware.com\/es\/european-luxury-royal-bathroom-egg-shape-around-golden-color-ceramic-wall-hung-toilet\/","title":{"rendered":"European luxury royal bathroom egg shape around golden color ceramic wall hung toilet"},"content":{"rendered":"","protected":false},"excerpt":{"rendered":"<p>Marca: MOPO\u00ae<br \/>\nModel Number\uff1a MP-G1132<br \/>\nMaterial: Cer\u00e1mica<br \/>\nSize\uff1a 490*370*370mm.<br \/>\nWeight\uff1a30KG<br \/>\nColor\uff1a Gold<br \/>\nCaracter\u00edstica: Operaci\u00f3n autom\u00e1tica<br \/>\nDrainage Pattern\uff1a P-trap, 180mm<br \/>\nM\u00e9todo de lavado: lavado con chorro de sif\u00f3n<br \/>\nTipo de instalaci\u00f3n: Montaje en pared<\/p>\n\t<a class=\"paoc-popup-click paoc-popup-cust-337 paoc-popup-button paoc-popup-btn\" href=\"javascript:void(0);\">Solicitar presupuesto<\/a>\r\n\u00a0 \u00a0 <a href=\"https:\/\/api.whatsapp.com\/send?phone=8618675762929\"><img loading=\"lazy\" decoding=\"async\" class=\"wp-image-10738 alignnone\" src=\"https:\/\/mopotoilet.com\/wp-content\/uploads\/WhatsApp-8618675762929.png\" alt=\"\" width=\"156\" height=\"37\" \/><\/a><\/p>","protected":false},"featured_media":7517,"template":"","meta":{"_acf_changed":false},"product_brand":[],"product_cat":[15,79],"product_tag":[],"class_list":{"0":"post-7523","1":"product","2":"type-product","3":"status-publish","4":"has-post-thumbnail","6":"product_cat-see-all-categories","7":"product_cat-wall-hung-toilet","9":"first","10":"instock","11":"shipping-taxable","12":"product-type-simple"},"acf":[],"_links":{"self":[{"href":"https:\/\/moposanitaryware.com\/es\/wp-json\/wp\/v2\/product\/7523","targetHints":{"allow":["GET"]}}],"collection":[{"href":"https:\/\/moposanitaryware.com\/es\/wp-json\/wp\/v2\/product"}],"about":[{"href":"https:\/\/moposanitaryware.com\/es\/wp-json\/wp\/v2\/types\/product"}],"wp:featuredmedia":[{"embeddable":true,"href":"https:\/\/moposanitaryware.com\/es\/wp-json\/wp\/v2\/media\/7517"}],"wp:attachment":[{"href":"https:\/\/moposanitaryware.com\/es\/wp-json\/wp\/v2\/media?parent=7523"}],"wp:term":[{"taxonomy":"product_brand","embeddable":true,"href":"https:\/\/moposanitaryware.com\/es\/wp-json\/wp\/v2\/product_brand?post=7523"},{"taxonomy":"product_cat","embeddable":true,"href":"https:\/\/moposanitaryware.com\/es\/wp-json\/wp\/v2\/product_cat?post=7523"},{"taxonomy":"product_tag","embeddable":true,"href":"https:\/\/moposanitaryware.com\/es\/wp-json\/wp\/v2\/product_tag?post=7523"}],"curies":[{"name":"wp","href":"https:\/\/api.w.org\/{rel}","templated":true}]}}