{"id":7451,"date":"2025-01-09T07:56:23","date_gmt":"2025-01-09T07:56:23","guid":{"rendered":"https:\/\/moposanitaryware.com\/hotel-bathroom-wall-mounted-toilet-factory-wholesale-frameless-bathroom-wall-mounted-toilet-v007-2\/"},"modified":"2025-01-09T08:47:03","modified_gmt":"2025-01-09T08:47:03","slug":"hotel-bathroom-wall-mounted-toilet-factory-wholesale-frameless-bathroom-wall-mounted-toilet-v007-2","status":"publish","type":"product","link":"https:\/\/moposanitaryware.com\/es\/hotel-bathroom-wall-mounted-toilet-factory-wholesale-frameless-bathroom-wall-mounted-toilet-v007-2\/","title":{"rendered":"F\u00e1brica de inodoros de pared para ba\u00f1o de hotel Venta al por mayor de inodoros de pared sin marco V007"},"content":{"rendered":"","protected":false},"excerpt":{"rendered":"<p>Marca: MOPO\u00ae<br \/>\nN\u00famero de modelo: MP-007<br \/>\nMaterial: Cer\u00e1mica<br \/>\nTama\u00f1o: 615 x 405 x 435 mm<br \/>\nPeso: 40-52 kg<br \/>\nColor blanco<br \/>\nCaracter\u00edstica: Operaci\u00f3n autom\u00e1tica<br \/>\nPatr\u00f3n de drenaje: trampa P<br \/>\nM\u00e9todo de lavado: lavado con chorro de sif\u00f3n<br \/>\nTipo de instalaci\u00f3n: Montaje en pared<\/p>\n\t<a class=\"paoc-popup-click paoc-popup-cust-337 paoc-popup-button paoc-popup-btn\" href=\"javascript:void(0);\">Solicitar presupuesto<\/a>\r\n\u00a0 \u00a0 <a href=\"https:\/\/api.whatsapp.com\/send?phone=8618675762929\"><img loading=\"lazy\" decoding=\"async\" class=\"wp-image-10738 alignnone\" src=\"https:\/\/mopotoilet.com\/wp-content\/uploads\/WhatsApp-8618675762929.png\" alt=\"\" width=\"156\" height=\"37\" \/><\/a><\/p>","protected":false},"featured_media":7421,"template":"","meta":{"_acf_changed":false},"product_brand":[],"product_cat":[15,79],"product_tag":[],"class_list":{"0":"post-7451","1":"product","2":"type-product","3":"status-publish","4":"has-post-thumbnail","6":"product_cat-see-all-categories","7":"product_cat-wall-hung-toilet","9":"first","10":"instock","11":"shipping-taxable","12":"product-type-simple"},"acf":[],"_links":{"self":[{"href":"https:\/\/moposanitaryware.com\/es\/wp-json\/wp\/v2\/product\/7451","targetHints":{"allow":["GET"]}}],"collection":[{"href":"https:\/\/moposanitaryware.com\/es\/wp-json\/wp\/v2\/product"}],"about":[{"href":"https:\/\/moposanitaryware.com\/es\/wp-json\/wp\/v2\/types\/product"}],"wp:featuredmedia":[{"embeddable":true,"href":"https:\/\/moposanitaryware.com\/es\/wp-json\/wp\/v2\/media\/7421"}],"wp:attachment":[{"href":"https:\/\/moposanitaryware.com\/es\/wp-json\/wp\/v2\/media?parent=7451"}],"wp:term":[{"taxonomy":"product_brand","embeddable":true,"href":"https:\/\/moposanitaryware.com\/es\/wp-json\/wp\/v2\/product_brand?post=7451"},{"taxonomy":"product_cat","embeddable":true,"href":"https:\/\/moposanitaryware.com\/es\/wp-json\/wp\/v2\/product_cat?post=7451"},{"taxonomy":"product_tag","embeddable":true,"href":"https:\/\/moposanitaryware.com\/es\/wp-json\/wp\/v2\/product_tag?post=7451"}],"curies":[{"name":"wp","href":"https:\/\/api.w.org\/{rel}","templated":true}]}}