{"id":7383,"date":"2025-01-08T09:48:08","date_gmt":"2025-01-08T09:48:08","guid":{"rendered":"https:\/\/moposanitaryware.com\/bathroom-wc-toilette-ceramic-elongated-commode-siphonic-flush-one-piece-toilets\/"},"modified":"2025-01-08T09:48:12","modified_gmt":"2025-01-08T09:48:12","slug":"bathroom-wc-toilette-ceramic-elongated-commode-siphonic-flush-one-piece-toilets","status":"publish","type":"product","link":"https:\/\/moposanitaryware.com\/es\/bathroom-wc-toilette-ceramic-elongated-commode-siphonic-flush-one-piece-toilets\/","title":{"rendered":"Inodoro de ba\u00f1o Inodoro de cer\u00e1mica alargado Inodoro de una pieza con descarga sif\u00f3nica"},"content":{"rendered":"","protected":false},"excerpt":{"rendered":"<p>Nombre de la marca: MOPO<br \/>\nModel Number\uff1a MP-OR-2132<br \/>\nMaterial: Cer\u00e1mica<br \/>\nSize\uff1a 650x365x755mm<br \/>\nPeso: 48 kg.<br \/>\nColor blanco<br \/>\nCaracter\u00edstica: Descarga por gravedad de doble descarga<br \/>\nPatr\u00f3n de drenaje: trampa en forma de S de 300\/400 mm<br \/>\nM\u00e9todo de lavado: lavado con chorro de sif\u00f3n<br \/>\nTipo de instalaci\u00f3n: Montado en el piso<\/p>\n\t<a class=\"paoc-popup-click paoc-popup-cust-337 paoc-popup-button paoc-popup-btn\" href=\"javascript:void(0);\">Solicitar presupuesto<\/a>\r\n\u00a0 \u00a0 \u00a0<a href=\"https:\/\/api.whatsapp.com\/send?phone=8618675762929\"><img loading=\"lazy\" decoding=\"async\" class=\"alignnone wp-image-6698\" src=\"https:\/\/moposanitaryware.com\/wp-content\/uploads\/WhatsApp.png\" alt=\"\" width=\"140\" height=\"33\" srcset=\"https:\/\/moposanitaryware.com\/wp-content\/uploads\/WhatsApp.png 546w, https:\/\/moposanitaryware.com\/wp-content\/uploads\/WhatsApp-18x4.png 18w\" sizes=\"auto, (max-width: 140px) 100vw, 140px\" \/><\/a><\/p>","protected":false},"featured_media":7340,"template":"","meta":{"_acf_changed":false},"product_brand":[],"product_cat":[15,35,77],"product_tag":[],"class_list":{"0":"post-7383","1":"product","2":"type-product","3":"status-publish","4":"has-post-thumbnail","6":"product_cat-see-all-categories","7":"product_cat-toilets","8":"product_cat-one-piece-toilet","10":"first","11":"instock","12":"shipping-taxable","13":"product-type-simple"},"acf":[],"_links":{"self":[{"href":"https:\/\/moposanitaryware.com\/es\/wp-json\/wp\/v2\/product\/7383","targetHints":{"allow":["GET"]}}],"collection":[{"href":"https:\/\/moposanitaryware.com\/es\/wp-json\/wp\/v2\/product"}],"about":[{"href":"https:\/\/moposanitaryware.com\/es\/wp-json\/wp\/v2\/types\/product"}],"wp:featuredmedia":[{"embeddable":true,"href":"https:\/\/moposanitaryware.com\/es\/wp-json\/wp\/v2\/media\/7340"}],"wp:attachment":[{"href":"https:\/\/moposanitaryware.com\/es\/wp-json\/wp\/v2\/media?parent=7383"}],"wp:term":[{"taxonomy":"product_brand","embeddable":true,"href":"https:\/\/moposanitaryware.com\/es\/wp-json\/wp\/v2\/product_brand?post=7383"},{"taxonomy":"product_cat","embeddable":true,"href":"https:\/\/moposanitaryware.com\/es\/wp-json\/wp\/v2\/product_cat?post=7383"},{"taxonomy":"product_tag","embeddable":true,"href":"https:\/\/moposanitaryware.com\/es\/wp-json\/wp\/v2\/product_tag?post=7383"}],"curies":[{"name":"wp","href":"https:\/\/api.w.org\/{rel}","templated":true}]}}