{"id":7258,"date":"2024-12-30T08:27:01","date_gmt":"2024-12-30T08:27:01","guid":{"rendered":"https:\/\/moposanitaryware.com\/cheapest-siphon-flush-elongated-2-piece-toilet-bowl\/"},"modified":"2024-12-30T08:27:08","modified_gmt":"2024-12-30T08:27:08","slug":"cheapest-siphon-flush-elongated-2-piece-toilet-bowl","status":"publish","type":"product","link":"https:\/\/moposanitaryware.com\/es\/cheapest-siphon-flush-elongated-2-piece-toilet-bowl\/","title":{"rendered":"Inodoro alargado de dos piezas con sif\u00f3n de descarga m\u00e1s econ\u00f3mico"},"content":{"rendered":"","protected":false},"excerpt":{"rendered":"<table width=\"497\">\n<tbody>\n<tr>\n<td width=\"163\">Nombre de la marca:<\/td>\n<td width=\"334\">MOPO\u00ae<\/td>\n<\/tr>\n<tr>\n<td width=\"163\">Nombre del producto:<\/td>\n<td width=\"334\"><a href=\"https:\/\/mopotoilet.com\/category\/two-piece-toilet\/\">Inodoro de dos piezas<\/a><\/td>\n<\/tr>\n<tr>\n<td width=\"163\">SKU:<\/td>\n<td width=\"334\">MP-C599<\/td>\n<\/tr>\n<tr>\n<td width=\"163\">Material primario:<\/td>\n<td width=\"334\">Cer\u00e1mica<\/td>\n<\/tr>\n<tr>\n<td width=\"163\">Funci\u00f3n de b\u00fafer<\/td>\n<td width=\"334\">Cierre suave<\/td>\n<\/tr>\n<tr>\n<td width=\"163\">Desbaste<\/td>\n<td width=\"334\">Sif\u00f3n en forma de S de 250 mm Sif\u00f3n en forma de P de 180 mm<\/td>\n<\/tr>\n<tr>\n<td width=\"163\">Tama\u00f1o del producto<\/td>\n<td width=\"334\">650*340*770 mm<\/td>\n<\/tr>\n<tr>\n<td width=\"163\">M\u00e9todo de lavado<\/td>\n<td width=\"334\">Lavado por chorro de sif\u00f3n<\/td>\n<\/tr>\n<tr>\n<td width=\"163\">Peso neto<\/td>\n<td width=\"334\">42-50 kg<\/td>\n<\/tr>\n<tr>\n<td width=\"163\">Tipo de instalaci\u00f3n<\/td>\n<td width=\"334\">Montado en el piso<\/td>\n<\/tr>\n<\/tbody>\n<\/table>\n\t<a class=\"paoc-popup-click paoc-popup-cust-337 paoc-popup-button paoc-popup-btn\" href=\"javascript:void(0);\">Solicitar presupuesto<\/a>\r\n\u00a0 \u00a0 \u00a0<a href=\"https:\/\/api.whatsapp.com\/send?phone=8618675762929\"><img loading=\"lazy\" decoding=\"async\" class=\"alignnone wp-image-6698\" src=\"https:\/\/moposanitaryware.com\/wp-content\/uploads\/WhatsApp.png\" alt=\"\" width=\"140\" height=\"33\" srcset=\"https:\/\/moposanitaryware.com\/wp-content\/uploads\/WhatsApp.png 546w, https:\/\/moposanitaryware.com\/wp-content\/uploads\/WhatsApp-18x4.png 18w\" sizes=\"auto, (max-width: 140px) 100vw, 140px\" \/><\/a><\/p>","protected":false},"featured_media":7206,"template":"","meta":{"_acf_changed":false},"product_brand":[],"product_cat":[15,35,78],"product_tag":[],"class_list":{"0":"post-7258","1":"product","2":"type-product","3":"status-publish","4":"has-post-thumbnail","6":"product_cat-see-all-categories","7":"product_cat-toilets","8":"product_cat-two-piece-toilet","10":"first","11":"instock","12":"shipping-taxable","13":"product-type-simple"},"acf":[],"_links":{"self":[{"href":"https:\/\/moposanitaryware.com\/es\/wp-json\/wp\/v2\/product\/7258","targetHints":{"allow":["GET"]}}],"collection":[{"href":"https:\/\/moposanitaryware.com\/es\/wp-json\/wp\/v2\/product"}],"about":[{"href":"https:\/\/moposanitaryware.com\/es\/wp-json\/wp\/v2\/types\/product"}],"wp:featuredmedia":[{"embeddable":true,"href":"https:\/\/moposanitaryware.com\/es\/wp-json\/wp\/v2\/media\/7206"}],"wp:attachment":[{"href":"https:\/\/moposanitaryware.com\/es\/wp-json\/wp\/v2\/media?parent=7258"}],"wp:term":[{"taxonomy":"product_brand","embeddable":true,"href":"https:\/\/moposanitaryware.com\/es\/wp-json\/wp\/v2\/product_brand?post=7258"},{"taxonomy":"product_cat","embeddable":true,"href":"https:\/\/moposanitaryware.com\/es\/wp-json\/wp\/v2\/product_cat?post=7258"},{"taxonomy":"product_tag","embeddable":true,"href":"https:\/\/moposanitaryware.com\/es\/wp-json\/wp\/v2\/product_tag?post=7258"}],"curies":[{"name":"wp","href":"https:\/\/api.w.org\/{rel}","templated":true}]}}