{"id":6794,"date":"2024-08-29T08:10:00","date_gmt":"2024-08-29T08:10:00","guid":{"rendered":"https:\/\/moposanitaryware.com\/?post_type=product&#038;p=6794"},"modified":"2024-08-29T08:10:44","modified_gmt":"2024-08-29T08:10:44","slug":"bathroom-shower-system","status":"publish","type":"product","link":"https:\/\/moposanitaryware.com\/es\/bathroom-shower-system\/","title":{"rendered":"Sistema de ducha de ba\u00f1o Grifo mezclador de ba\u00f1era cromado Grifo de ba\u00f1o con agua fr\u00eda y caliente Cabezal de ducha tipo lluvia"},"content":{"rendered":"<div class=\"row align-center\"  id=\"row-1584916427\">\n\n\t<div id=\"col-1985300328\" class=\"col medium-9 small-12 large-9\"  data-animate=\"fadeInUp\">\n\t\t\t\t<div class=\"col-inner\"  >\n\t\t\t\n\t\t\t\n<h2 style=\"text-align: center;\"><a href=\"https:\/\/moposanitaryware.com\/es\/categoria-producto\/showers\/\">Sistema de ducha<\/a><\/h2>\n<p style=\"text-align: center;\">Si est\u00e1s pensando en remodelar tu ba\u00f1o y darle un ambiente m\u00e1s lujoso y acogedor, deber\u00edas considerar instalar la mejor lluvia. <a href=\"https:\/\/moposanitaryware.com\/es\/categoria-producto\/showers\/\">sistema de ducha<\/a> en el ba\u00f1o. <a href=\"#brave_open_popup_688\">MOPO\u00ae<\/a> <a href=\"https:\/\/moposanitaryware.com\/es\/categoria-producto\/showers\/\">sistema de ducha<\/a> es otro gran producto para quienes desean un excelente sistema de ducha tipo lluvia a un precio asequible. Tambi\u00e9n tiene una construcci\u00f3n de acero inoxidable s\u00f3lida y duradera. Todas sus piezas, incluido el dispositivo port\u00e1til. <a href=\"https:\/\/moposanitaryware.com\/es\/categoria-producto\/showers\/\">alcachofa de la ducha<\/a>, <a href=\"https:\/\/moposanitaryware.com\/es\/categoria-producto\/showers\/\">manguera de ducha<\/a>, el soporte, la v\u00e1lvula controladora del mezclador, la manguera y el ca\u00f1o de la ba\u00f1era est\u00e1n dise\u00f1ados con materiales duraderos y de alta calidad. Est\u00e1 disponible en 9 opciones de color para combinar con la decoraci\u00f3n de su ba\u00f1o. El <a href=\"#brave_open_popup_688\">MOPO\u00ae<\/a> El sistema de ducha es muy recomendable para disfrutar de la experiencia de ba\u00f1o m\u00e1s c\u00f3moda y lujosa.<\/p>\n<div class=\"row\"  id=\"row-1495015966\">\n\n\t<div id=\"col-388362716\" class=\"col small-12 large-12\"  >\n\t\t\t\t<div class=\"col-inner text-center\"  >\n\t\t\t\n\t\t\t\n<a href=\"https:\/\/moposanitaryware.com\/es\/categoria-producto\/showers\/\" class=\"button secondary is-underline lowercase\"  >\n\t\t<span>Explorar todo<\/span>\n\t<i class=\"icon-menu\" aria-hidden=\"true\" ><\/i><\/a>\n\n\t\t<\/div>\n\t\t\t\t\t<\/div>\n\n\t\n<\/div>\n\t\t<\/div>\n\t\t\t\t\t<\/div>\n\n\t\n<\/div>\n<div class=\"row\"  id=\"row-884708494\">\n\n\t<div id=\"col-1827492224\" class=\"col small-12 large-12\"  >\n\t\t\t\t<div class=\"col-inner\"  >\n\t\t\t\n\t\t\t\n<table style=\"height: 492px;\" border=\"1\" width=\"667\">\n<tbody>\n<tr>\n<td>Lugar de origen:<\/td>\n<td>Fosh\u00e1n, China<\/td>\n<\/tr>\n<tr>\n<td>Escribe un nombre:<\/td>\n<td data-spm-anchor-id=\"a2700.details.pronpeci14.i1.47c970d3Zz0E3h\"><a href=\"#brave_open_popup_688\">MOPO\u00ae<\/a> Mezclador de lluvia de lujo para ba\u00f1o <a href=\"https:\/\/moposanitaryware.com\/es\/categoria-producto\/showers\/\">Conjunto combinado de ducha<\/a><\/td>\n<\/tr>\n<tr>\n<td><strong><span data-spm-anchor-id=\"a2700.wholesale.0.i33.2c534154qJukFc\">Caracter\u00edstica<\/span><\/strong><strong>\u00a0<\/strong><\/td>\n<td>Dise\u00f1o duradero de cobre\/acero inoxidable 304.<br \/>\nControla completamente la temperatura<br \/>\nmano de presi\u00f3n <a href=\"https:\/\/moposanitaryware.com\/es\/categoria-producto\/showers\/\">ducha<\/a> y manguera de acero inoxidable 304<br \/>\nCombinaci\u00f3n de lat\u00f3n con v\u00e1lvula mezcladora oculta<br \/>\nMano ajustable anticorrosi\u00f3n y antifricci\u00f3n. <a href=\"https:\/\/moposanitaryware.com\/es\/categoria-producto\/showers\/\">ducha<\/a> soporte<br \/>\nV\u00e1lvula de ducha con mango antideslizante y desviador incorporado para suministro de agua fr\u00eda y caliente<br \/>\nDispositivo de presi\u00f3n de agua ajustable con un caudal de 2 galones por minuto<\/td>\n<\/tr>\n<tr>\n<td>Solicitud:<\/td>\n<td>Hotel, hogar, villa, apartamento,<\/td>\n<\/tr>\n<tr>\n<td>Certificado:<\/td>\n<td>CE, ISO 9001, SASO, marca de agua, UPC<\/td>\n<\/tr>\n<tr>\n<td>Servicio postventa<\/td>\n<td>Soporte t\u00e9cnico en l\u00ednea, repuestos gratuitos<\/td>\n<\/tr>\n<tr>\n<td>OEM y ODM:<\/td>\n<td>OEM<\/td>\n<\/tr>\n<tr>\n<td>Cantidad m\u00ednima de pedido:<\/td>\n<td>1 juego<\/td>\n<\/tr>\n<tr>\n<td>Muestra gratis:<\/td>\n<td>muestra de pago<\/td>\n<\/tr>\n<tr>\n<td>Capacidad de suministro:<\/td>\n<td>500 juegos\/juegos por d\u00eda<\/td>\n<\/tr>\n<tr>\n<td style=\"text-align: left;\">Embalaje:<\/td>\n<td style=\"text-align: left;\">Caja: Embalaje neutro; Embalaje: Bolsa de poliestireno o bolsa de tela; Brindamos servicios de dise\u00f1o de empaques personalizados.<\/td>\n<\/tr>\n<\/tbody>\n<\/table>\n<div class=\"elementor-element elementor-element-4983a81 elementor-widget elementor-widget-heading\" data-id=\"4983a81\" data-element_type=\"widget\" data-widget_type=\"heading.default\">\n<div class=\"elementor-widget-container\">\n<div class=\"elementor-element elementor-element-6107deb elementor-widget elementor-widget-heading\" data-id=\"6107deb\" data-element_type=\"widget\" data-widget_type=\"heading.default\">\n<div class=\"elementor-widget-container\">\n<section class=\"elementor-section elementor-inner-section elementor-element elementor-element-0751ebd elementor-section-boxed elementor-section-height-default elementor-section-height-default\" data-id=\"0751ebd\" data-element_type=\"section\">\n<div class=\"elementor-container elementor-column-gap-default\">\n<div class=\"elementor-row\">\n<div class=\"elementor-column elementor-col-50 elementor-inner-column elementor-element elementor-element-64d1e6f\" data-id=\"64d1e6f\" data-element_type=\"column\">\n<div class=\"elementor-column-wrap elementor-element-populated\">\n<div class=\"elementor-widget-wrap\">\n<div class=\"elementor-element elementor-element-e0cf4e8 elementor-position-left elementor-view-default elementor-vertical-align-top elementor-widget elementor-widget-icon-box\" data-id=\"e0cf4e8\" data-element_type=\"widget\" data-widget_type=\"icon-box.default\">\n<div><\/div>\n<\/div>\n<\/div>\n<\/div>\n<\/div>\n<\/div>\n<\/div>\n<\/section>\n<\/div>\n<\/div>\n<\/div>\n<\/div>\n\t\t<\/div>\n\t\t\t\t\t<\/div>\n\n\t\n<\/div>\n<div class=\"row\"  id=\"row-1606405422\">\n\n\t<div id=\"col-535636734\" class=\"col medium-6 small-12 large-6\"  >\n\t\t\t\t<div class=\"col-inner\"  >\n\t\t\t\n\t\t\t\n<h2>Material sin plomo de lat\u00f3n de grado 59-A.<\/h2>\n<p>Cuerpo de cobre refinado: el cuerpo del grifo utiliza un lingote de cobre refinado de alta calidad con la adopci\u00f3n de la tecnolog\u00eda de fundici\u00f3n por gravedad m\u00e1s avanzada del mundo, y est\u00e1 fabricado mediante mecanizado de precisi\u00f3n, totalmente natural, resistente y duradero. Construcci\u00f3n de lat\u00f3n s\u00f3lido para resistir el \u00f3xido. , corrosi\u00f3n y acabado de superficies deslustradas.<br \/>\n1.Niquelado capa de 10-12 micr\u00f3metros<br \/>\n2.Cromado capa de 3-5 micr\u00f3metros<br \/>\n3. Revestimiento de color Capa de 3-5 micr\u00f3metros Prueba de niebla salina de 48 horas Certificaci\u00f3n Acabado impecable<br \/>\nPersonalice la apariencia para complementar cualquier dise\u00f1o de ba\u00f1o con una selecci\u00f3n de impecables acabados resistentes a la corrosi\u00f3n.<\/p>\n\t\t<\/div>\n\t\t\t\t\t<\/div>\n\n\t\n\n\t<div id=\"col-231280108\" class=\"col medium-6 small-12 large-6\"  >\n\t\t\t\t<div class=\"col-inner\"  >\n\t\t\t\n\t\t\t\n\t<div class=\"img has-hover x md-x lg-x y md-y lg-y\" id=\"image_1975153538\">\n\t\t<a class=\"\" href=\"https:\/\/moposanitaryware.com\/es\/categoria-producto\/showers\/\" >\t\t\t\t\t\t<div class=\"img-inner dark\" >\n\t\t\t<img loading=\"lazy\" decoding=\"async\" width=\"600\" height=\"420\" src=\"https:\/\/moposanitaryware.com\/wp-content\/uploads\/2022\/09\/shower-head-water-saving-big-shower-system-wall-mounted-shower-set-59-A-grade-brass-lead-free-material.jpg\" class=\"attachment-original size-original\" alt=\"\" srcset=\"https:\/\/moposanitaryware.com\/wp-content\/uploads\/2022\/09\/shower-head-water-saving-big-shower-system-wall-mounted-shower-set-59-A-grade-brass-lead-free-material.jpg 600w, https:\/\/moposanitaryware.com\/wp-content\/uploads\/2022\/09\/shower-head-water-saving-big-shower-system-wall-mounted-shower-set-59-A-grade-brass-lead-free-material-571x400.jpg 571w\" sizes=\"auto, (max-width: 600px) 100vw, 600px\" title=\"\">\t\t\t\t\t\t\n\t\t\t\t\t<\/div>\n\t\t\t\t\t\t<\/a>\t\t\n<style>\n#image_1975153538 {\n  width: 100%;\n}\n<\/style>\n\t<\/div>\n\t\n\t\t<\/div>\n\t\t\t\t\t<\/div>\n\n\t\n\n\t<div id=\"col-1101919165\" class=\"col medium-6 small-12 large-6\"  >\n\t\t\t\t<div class=\"col-inner\"  >\n\t\t\t\n\t\t\t\n\t<div class=\"img has-hover x md-x lg-x y md-y lg-y\" id=\"image_308999335\">\n\t\t<a class=\"\" href=\"https:\/\/moposanitaryware.com\/es\/categoria-producto\/showers\/\" >\t\t\t\t\t\t<div class=\"img-inner dark\" >\n\t\t\t<img loading=\"lazy\" decoding=\"async\" width=\"600\" height=\"420\" src=\"https:\/\/moposanitaryware.com\/wp-content\/uploads\/2022\/09\/Professional-manufacture-shower-head-water-saving-big-shower-system-wall-mounted-10-inch-high-pressure-shower-set-high-quality-imported-valve-core.jpg\" class=\"attachment-original size-original\" alt=\"\" srcset=\"https:\/\/moposanitaryware.com\/wp-content\/uploads\/2022\/09\/Professional-manufacture-shower-head-water-saving-big-shower-system-wall-mounted-10-inch-high-pressure-shower-set-high-quality-imported-valve-core.jpg 600w, https:\/\/moposanitaryware.com\/wp-content\/uploads\/2022\/09\/Professional-manufacture-shower-head-water-saving-big-shower-system-wall-mounted-10-inch-high-pressure-shower-set-high-quality-imported-valve-core-571x400.jpg 571w\" sizes=\"auto, (max-width: 600px) 100vw, 600px\" title=\"\">\t\t\t\t\t\t\n\t\t\t\t\t<\/div>\n\t\t\t\t\t\t<\/a>\t\t\n<style>\n#image_308999335 {\n  width: 100%;\n}\n<\/style>\n\t<\/div>\n\t\n\t\t<\/div>\n\t\t\t\t\t<\/div>\n\n\t\n\n\t<div id=\"col-2093556495\" class=\"col medium-6 small-12 large-6\"  >\n\t\t\t\t<div class=\"col-inner\"  >\n\t\t\t\n\t\t\t\n<h1><span class=\"Y2IQFc\" lang=\"en\">N\u00facleo de v\u00e1lvula importado de alta calidad<\/span><\/h1>\n<p>Elemento de v\u00e1lvula importado de alta calidad con malla absorbente de sonido (que puede hacer que el grifo se vuelva muy silencioso), con dureza similar al diamante, elemento de v\u00e1lvula de cer\u00e1mica de alta calidad, sensaci\u00f3n c\u00f3moda y liviana, que a\u00fan se puede operar sin problemas y sin esfuerzo durante m\u00e1s M\u00e1s de un mill\u00f3n de veces de encendido\/apagado, duradero y sin fugas de agua. La mezcla entre aire y agua utiliza un n\u00facleo de v\u00e1lvula de cer\u00e1mica, que ha sido estrictamente capaz de filtrar impurezas de manera efectiva. Prueba de ciclo de rejilla, rotaci\u00f3n del interruptor. Ofrece una prueba delicada y silenciosa, con un dise\u00f1o ajustado que se adapta bien a la costura. flujo de agua. sin goteos de envejecimiento,<\/p>\n\t\t<\/div>\n\t\t\t\t\t<\/div>\n\n\t\n<\/div>\n<div class=\"row\"  id=\"row-774622433\">\n\n\t<div id=\"col-1877446316\" class=\"col medium-6 small-12 large-6\"  >\n\t\t\t\t<div class=\"col-inner\"  >\n\t\t\t\n\t\t\t\n<h2>Proceso de galvanoplastia<\/h2>\n<p>Galvanoplastia: Tratado con un proceso de galvanoplastia avanzado, con m\u00faltiples capas de revestimiento de cobre \u00e1cido, n\u00edquel y cromo, buena combinaci\u00f3n de capas de revestimiento, adhesi\u00f3n fina y estrechamente tejida, color uniforme y resistencia a la corrosi\u00f3n extremadamente excelente, para garantizar que la superficie del producto sea brillante y duradero. La belleza de la apariencia, arte moderno y elegante, resistente al desgaste, resistente a los ara\u00f1azos, tratamiento duradero, mango anodizado suave y delicado, nunca oxidado, nunca se desvanece, s\u00f3lido realmente matizado Extiende y toca la superficie del grifo, y siente la delicada textura sedosa del grifo en silencio. No hay ninguna marca de huellas dactilares visible cuando te vas.<\/p>\n\t\t<\/div>\n\t\t\t\t\t<\/div>\n\n\t\n\n\t<div id=\"col-908824319\" class=\"col medium-6 small-12 large-6\"  >\n\t\t\t\t<div class=\"col-inner\"  >\n\t\t\t\n\t\t\t\n\t<div class=\"img has-hover x md-x lg-x y md-y lg-y\" id=\"image_665388247\">\n\t\t<a class=\"\" href=\"https:\/\/moposanitaryware.com\/es\/categoria-producto\/showers\/\" >\t\t\t\t\t\t<div class=\"img-inner dark\" >\n\t\t\t<img loading=\"lazy\" decoding=\"async\" width=\"600\" height=\"420\" src=\"https:\/\/moposanitaryware.com\/wp-content\/uploads\/2022\/09\/Professional-manufacture-rainfall-and-waterfall-shower-head-water-saving-big-shower-system-wall-mounted-12-inch-high-pressure-shower-set-electroplating-process.jpg\" class=\"attachment-original size-original\" alt=\"\" srcset=\"https:\/\/moposanitaryware.com\/wp-content\/uploads\/2022\/09\/Professional-manufacture-rainfall-and-waterfall-shower-head-water-saving-big-shower-system-wall-mounted-12-inch-high-pressure-shower-set-electroplating-process.jpg 600w, https:\/\/moposanitaryware.com\/wp-content\/uploads\/2022\/09\/Professional-manufacture-rainfall-and-waterfall-shower-head-water-saving-big-shower-system-wall-mounted-12-inch-high-pressure-shower-set-electroplating-process-571x400.jpg 571w\" sizes=\"auto, (max-width: 600px) 100vw, 600px\" title=\"\">\t\t\t\t\t\t\n\t\t\t\t\t<\/div>\n\t\t\t\t\t\t<\/a>\t\t\n<style>\n#image_665388247 {\n  width: 100%;\n}\n<\/style>\n\t<\/div>\n\t\n\t\t<\/div>\n\t\t\t\t\t<\/div>\n\n\t\n\n\t<div id=\"col-1028245460\" class=\"col medium-6 small-12 large-6\"  >\n\t\t\t\t<div class=\"col-inner\"  >\n\t\t\t\n\t\t\t\n\t<div class=\"img has-hover x md-x lg-x y md-y lg-y\" id=\"image_412575247\">\n\t\t<a class=\"\" href=\"https:\/\/moposanitaryware.com\/es\/categoria-producto\/showers\/\" >\t\t\t\t\t\t<div class=\"img-inner dark\" >\n\t\t\t<img loading=\"lazy\" decoding=\"async\" width=\"600\" height=\"420\" src=\"https:\/\/moposanitaryware.com\/wp-content\/uploads\/2022\/09\/shower-head-water-saving-big-shower-system-wall-mounted-12-inch-high-pressure-shower-set-304-Stainless-steel-hose.jpg\" class=\"attachment-original size-original\" alt=\"\" srcset=\"https:\/\/moposanitaryware.com\/wp-content\/uploads\/2022\/09\/shower-head-water-saving-big-shower-system-wall-mounted-12-inch-high-pressure-shower-set-304-Stainless-steel-hose.jpg 600w, https:\/\/moposanitaryware.com\/wp-content\/uploads\/2022\/09\/shower-head-water-saving-big-shower-system-wall-mounted-12-inch-high-pressure-shower-set-304-Stainless-steel-hose-571x400.jpg 571w\" sizes=\"auto, (max-width: 600px) 100vw, 600px\" title=\"\">\t\t\t\t\t\t\n\t\t\t\t\t<\/div>\n\t\t\t\t\t\t<\/a>\t\t\n<style>\n#image_412575247 {\n  width: 100%;\n}\n<\/style>\n\t<\/div>\n\t\n\t\t<\/div>\n\t\t\t\t\t<\/div>\n\n\t\n\n\t<div id=\"col-533669336\" class=\"col medium-6 small-12 large-6\"  >\n\t\t\t\t<div class=\"col-inner\"  >\n\t\t\t\n\t\t\t\n<h2>Manguera de acero inoxidable 304 de 3\/8 \u2033<\/h2>\n<div class=\"p\">Nuestras mangueras est\u00e1n hechas de acero inoxidable SUS 304, que protege contra la corrosi\u00f3n qu\u00edmica y la oxidaci\u00f3n. No tiene que preocuparse por la calidad del agua cuando se cepilla los dientes y se lava la cara en el ba\u00f1o. Y puede conectar f\u00e1cilmente nuestras mangueras con su v\u00e1lvulas de cierre Manguera de acero inoxidable de alta calidad protecci\u00f3n de seguridad m\u00faltiple El revestimiento est\u00e1 hecho de acero inoxidable de alta calidad y el material es resistente y no es f\u00e1cil de despegar. Le brindar\u00e1 una experiencia c\u00f3moda en la vida diaria.<\/div>\n\t\t<\/div>\n\t\t\t\t\t<\/div>\n\n\t\n<\/div>\n<div class=\"row\"  id=\"row-1102707250\">\n\n\t<div id=\"col-1603104148\" class=\"col medium-6 small-12 large-6\"  >\n\t\t\t\t<div class=\"col-inner\"  >\n\t\t\t\n\t\t\t\n<div class=\"container section-title-container\" ><h3 class=\"section-title section-title-normal\"><b><\/b><span class=\"section-title-main\" >envianos un email<\/span><b><\/b><\/h3><\/div>\n<p>Si est\u00e1 interesado en nuestros productos y desea conocer m\u00e1s detalles, deje un mensaje aqu\u00ed, le responderemos lo antes posible.<\/p>\n\n<div class=\"wpcf7 no-js\" id=\"wpcf7-f13-o1\" lang=\"en-US\" dir=\"ltr\" data-wpcf7-id=\"13\">\n<div class=\"screen-reader-response\"><p role=\"status\" aria-live=\"polite\" aria-atomic=\"true\"><\/p> <ul><\/ul><\/div>\n<form action=\"\/es\/wp-json\/wp\/v2\/product\/6794#wpcf7-f13-o1\" method=\"post\" class=\"wpcf7-form init\" aria-label=\"Contact form\" novalidate=\"novalidate\" data-status=\"init\" data-trp-original-action=\"\/es\/wp-json\/wp\/v2\/product\/6794#wpcf7-f13-o1\">\n<fieldset class=\"hidden-fields-container\"><input type=\"hidden\" name=\"_wpcf7\" value=\"13\" \/><input type=\"hidden\" name=\"_wpcf7_version\" value=\"6.1.1\" \/><input type=\"hidden\" name=\"_wpcf7_locale\" value=\"en_US\" \/><input type=\"hidden\" name=\"_wpcf7_unit_tag\" value=\"wpcf7-f13-o1\" \/><input type=\"hidden\" name=\"_wpcf7_container_post\" value=\"0\" \/><input type=\"hidden\" name=\"_wpcf7_posted_data_hash\" value=\"\" \/><input type=\"hidden\" name=\"_wpcf7_recaptcha_response\" value=\"\" \/>\n<\/fieldset>\n<div class=\"form-flat\">\n\t<p><span class=\"wpcf7-form-control-wrap\" data-name=\"your-name\"><input size=\"40\" maxlength=\"400\" class=\"wpcf7-form-control wpcf7-text wpcf7-validates-as-required\" aria-required=\"true\" aria-invalid=\"false\" placeholder=\"Tu nombre (requerido)\" value=\"\" type=\"text\" name=\"your-name\" \/><\/span><br \/>\n<span class=\"wpcf7-form-control-wrap\" data-name=\"your-email\"><input size=\"40\" maxlength=\"400\" class=\"wpcf7-form-control wpcf7-email wpcf7-validates-as-required wpcf7-text wpcf7-validates-as-email\" aria-required=\"true\" aria-invalid=\"false\" placeholder=\"Tu Email (requerido)\" value=\"\" type=\"email\" name=\"your-email\" \/><\/span>\n\t<\/p>\n\t<p><span class=\"wpcf7-form-control-wrap\" data-name=\"your-tels\"><input size=\"40\" maxlength=\"400\" class=\"wpcf7-form-control wpcf7-tel wpcf7-text wpcf7-validates-as-tel\" aria-invalid=\"false\" placeholder=\"Tu Tel (Opcional)\" value=\"\" type=\"tel\" name=\"your-tels\" \/><\/span>\n\t<\/p>\n\t<p><span class=\"wpcf7-form-control-wrap\" data-name=\"your-message\"><textarea cols=\"40\" rows=\"10\" maxlength=\"2000\" class=\"wpcf7-form-control wpcf7-textarea\" aria-invalid=\"false\" placeholder=\"Para obtener el mejor resultado, recomendamos incluir los siguientes detalles:-Autopresentaci\u00f3n-Art\u00edculos o servicios requeridos-Cantidad requerida\" name=\"your-message\"><\/textarea><\/span>\n\t<\/p>\n\t<p>Consulta de trabajo:*<br \/>\n<span class=\"wpcf7-form-control-wrap\" data-name=\"checkbox\"><span class=\"wpcf7-form-control wpcf7-checkbox wpcf7-validates-as-required wpcf7-exclusive-checkbox\"><span class=\"wpcf7-list-item first\"><label><input type=\"checkbox\" name=\"checkbox\" value=\"Quotation\" \/><span class=\"wpcf7-list-item-label\">Cotizaci\u00f3n<\/span><\/label><\/span><span class=\"wpcf7-list-item\"><label><input type=\"checkbox\" name=\"checkbox\" value=\"Catalog\" \/><span class=\"wpcf7-list-item-label\">Catalogar<\/span><\/label><\/span><span class=\"wpcf7-list-item\"><label><input type=\"checkbox\" name=\"checkbox\" value=\"Service Support\" \/><span class=\"wpcf7-list-item-label\">Servicio de ayuda<\/span><\/label><\/span><span class=\"wpcf7-list-item\"><label><input type=\"checkbox\" name=\"checkbox\" value=\"Project\" \/><span class=\"wpcf7-list-item-label\">Proyecto<\/span><\/label><\/span><span class=\"wpcf7-list-item last\"><label><input type=\"checkbox\" name=\"checkbox\" value=\"I am interested in becoming an agent\" \/><span class=\"wpcf7-list-item-label\">Estoy interesado en ser agente.<\/span><\/label><\/span><\/span><\/span><br \/>\n<input class=\"wpcf7-form-control wpcf7-submit has-spinner button\" type=\"submit\" value=\"Entregar\" \/>\n\t<\/p>\n<\/div><div class=\"wpcf7-response-output\" aria-hidden=\"true\"><\/div>\n<input type=\"hidden\" name=\"trp-form-language\" value=\"es\"\/><\/form>\n<\/div>\n\n\t\t<\/div>\n\t\t\t\t\t<\/div>\n\n\t\n\n\t<div id=\"col-1285051719\" class=\"col medium-6 small-12 large-6\"  >\n\t\t\t\t<div class=\"col-inner\"  >\n\t\t\t\n\t\t\t\n<div class=\"container section-title-container\" ><h3 class=\"section-title section-title-normal\"><b><\/b><span class=\"section-title-main\" >CONT\u00c1CTENOS<\/span><b><\/b><\/h3><\/div>\n<p>Si tiene alguna pregunta sobre alguno de nuestros productos, o necesita ponerse en contacto con nosotros por cualquier otro motivo, complete este formulario a continuaci\u00f3n y nos comunicaremos con usted lo antes posible.<\/p>\n<p><strong>Ll\u00e1manos:<\/strong> <a href=\"http:\/\/+86 18675762929\" rel=\"nofollow\">+8618675762929<\/a><br \/>\n<strong>Env\u00edanos un correo electr\u00f3nico<\/strong>:\u00a0\u00a0<a href=\"mailto:info@mopochina.com\">info@mopochina.com<\/a><\/p>\n<p><strong>Skype\u00a0<\/strong>: <a href=\"skype:Sanitwell Shen?chat\">jiawei cheng<\/a><\/p>\n<p><strong>Direcciones<\/strong> : B1, n\u00ba 10<sup>th<\/sup>, Mundo de la Cer\u00e1mica Yingkeyijia, 4<sup>th<\/sup>\u00a0Jihua Road, Chancheng, Foshan, 528 000, Guangdong, China<\/p>\n<p><strong>BASE DE PRODUCCI\u00d3N :<\/strong>\u00a0Pa\u00eds de Chaoan, ciudad de Chaozhou, provincia de Guangdong<\/p>\n<p><strong>Enlace amistoso:<\/strong><br \/>\n<a href=\"https:\/\/moposanitaryware.com\/es\/?attachment_id=4752\">https:\/\/moposanitaryware.com<\/a><br \/>\n<a href=\"https:\/\/www.mopotoilet.com\" rel=\"nofollow noopener\" target=\"_blank\">https:\/\/www.mopotoilet.com<\/a><br \/>\n<a href=\"https:\/\/\/es\/www.mopofaucet.com\/\">https:www.mopofaucet.com<\/a><\/p>\n<div class=\"social-icons follow-icons full-width text-left\" ><span>S\u00edganos<\/span><a href=\"https:\/\/www.facebook.com\/MOPOCHINA\" target=\"_blank\" data-label=\"Facebook\" class=\"icon primary button circle facebook tooltip\" title=\"S\u00edguenos en Facebook\" aria-label=\"S\u00edguenos en Facebook\" rel=\"noopener nofollow\"><i class=\"icon-facebook\" ><\/i><\/a><a href=\"https:\/\/www.instagram.com\/mopotoilet\/\" target=\"_blank\" data-label=\"Instagram\" class=\"icon primary button circle instagram tooltip\" title=\"S\u00edguenos en Instagram\" aria-label=\"S\u00edguenos en Instagram\" rel=\"noopener nofollow\"><i class=\"icon-instagram\" ><\/i><\/a><a href=\"https:\/\/twitter.com\/mopotoilet\" data-label=\"Twitter\" target=\"_blank\" class=\"icon primary button circle twitter tooltip\" title=\"S\u00edguenos en Twitter\" aria-label=\"S\u00edguenos en Twitter\" rel=\"noopener nofollow\"><i class=\"icon-twitter\" ><\/i><\/a><a href=\"mailto:info@mopochina.com\" data-label=\"E-mail\" target=\"_blank\" class=\"icon primary button circle email tooltip\" title=\"Env\u00edanos un correo electr\u00f3nico\" aria-label=\"Env\u00edanos un correo electr\u00f3nico\" rel=\"nofollow noopener\" ><i class=\"icon-envelop\" ><\/i><\/a><a href=\"https:\/\/www.linkedin.com\/company\/mopo-sanitary-ware\/\" data-label=\"LinkedIn\" target=\"_blank\" class=\"icon primary button circle linkedin tooltip\" title=\"S\u00edguenos en LinkedIn\" aria-label=\"S\u00edguenos en LinkedIn\" rel=\"noopener nofollow\"><i class=\"icon-linkedin\" ><\/i><\/a><a href=\"https:\/\/www.youtube.com\/c\/mopochina\/featured\" data-label=\"YouTube\" target=\"_blank\" class=\"icon primary button circle youtube tooltip\" title=\"S\u00edguenos en Youtube\" aria-label=\"S\u00edguenos en Youtube\" rel=\"noopener nofollow\"><i class=\"icon-youtube\" ><\/i><\/a><\/div>\n\t\t<\/div>\n\t\t\t\t\t<\/div>\n\n\t\n<\/div>","protected":false},"excerpt":{"rendered":"<table width=\"567\">\n<tbody>\n<tr>\n<td width=\"163\">Nombre de la marca:<\/td>\n<td width=\"334\">MOPO<\/td>\n<\/tr>\n<tr>\n<td width=\"163\">Nombre del producto:<\/td>\n<td width=\"334\"><a href=\"https:\/\/moposanitaryware.com\/es\/categoria-producto\/showers\/\">Grifos de ducha<\/a><\/td>\n<\/tr>\n<tr>\n<td width=\"163\">SKU:<\/td>\n<td width=\"334\">MP-F500103<\/td>\n<\/tr>\n<tr>\n<td width=\"163\">Material primario:<\/td>\n<td width=\"334\">59 Nivel A Lat\u00f3n\/Acero\/ABS<\/td>\n<\/tr>\n<tr>\n<td width=\"163\">Acabado superficial:<\/td>\n<td width=\"334\">Galvanoplastia 7-12 um N\u00edquel + 2-5 um Cromo<\/td>\n<\/tr>\n<tr>\n<td width=\"163\">Durabilidad:<\/td>\n<td width=\"334\">Resistente al \u00f3xido; resistente al deslustre; Resistente a las manchas<\/td>\n<\/tr>\n<tr>\n<td width=\"163\">Color:<\/td>\n<td width=\"334\">Negro\/cromo\/gris metalizado<\/td>\n<\/tr>\n<tr>\n<td width=\"163\">Tama\u00f1o:<\/td>\n<td width=\"334\">25,5 x 129,5 x 19 cm<\/td>\n<\/tr>\n<tr>\n<td width=\"163\">Peso:<\/td>\n<td width=\"334\">3,8-4,6 kg<\/td>\n<\/tr>\n<tr>\n<td width=\"163\">Tipo de control:<\/td>\n<td width=\"334\">Control m\u00faltiple<\/td>\n<\/tr>\n<tr>\n<td width=\"163\">Ubicaci\u00f3n del montaje:<\/td>\n<td width=\"334\">Montado en la pared<\/td>\n<\/tr>\n<\/tbody>\n<\/table>\n\t<a class=\"paoc-popup-click paoc-popup-cust-337 paoc-popup-button paoc-popup-btn\" href=\"javascript:void(0);\">Solicitar presupuesto<\/a>\r\n\u00a0 \u00a0 \u00a0<a href=\"https:\/\/api.whatsapp.com\/send?phone=8618675762929\"><img loading=\"lazy\" decoding=\"async\" class=\"alignnone wp-image-6698\" src=\"https:\/\/moposanitaryware.com\/wp-content\/uploads\/WhatsApp.png\" alt=\"\" width=\"140\" height=\"33\" srcset=\"https:\/\/moposanitaryware.com\/wp-content\/uploads\/WhatsApp.png 546w, https:\/\/moposanitaryware.com\/wp-content\/uploads\/WhatsApp-18x4.png 18w\" sizes=\"auto, (max-width: 140px) 100vw, 140px\" \/><\/a><\/p>","protected":false},"featured_media":6779,"template":"","meta":{"_acf_changed":false},"product_brand":[],"product_cat":[15,56,99],"product_tag":[258,164,165],"class_list":{"0":"post-6794","1":"product","2":"type-product","3":"status-publish","4":"has-post-thumbnail","6":"product_cat-see-all-categories","7":"product_cat-showers","8":"product_cat-wall-mount-shower","9":"product_tag-shower-faucets","10":"product_tag-shower-set","11":"product_tag-shower-system","13":"first","14":"instock","15":"shipping-taxable","16":"product-type-simple"},"acf":[],"_links":{"self":[{"href":"https:\/\/moposanitaryware.com\/es\/wp-json\/wp\/v2\/product\/6794","targetHints":{"allow":["GET"]}}],"collection":[{"href":"https:\/\/moposanitaryware.com\/es\/wp-json\/wp\/v2\/product"}],"about":[{"href":"https:\/\/moposanitaryware.com\/es\/wp-json\/wp\/v2\/types\/product"}],"wp:featuredmedia":[{"embeddable":true,"href":"https:\/\/moposanitaryware.com\/es\/wp-json\/wp\/v2\/media\/6779"}],"wp:attachment":[{"href":"https:\/\/moposanitaryware.com\/es\/wp-json\/wp\/v2\/media?parent=6794"}],"wp:term":[{"taxonomy":"product_brand","embeddable":true,"href":"https:\/\/moposanitaryware.com\/es\/wp-json\/wp\/v2\/product_brand?post=6794"},{"taxonomy":"product_cat","embeddable":true,"href":"https:\/\/moposanitaryware.com\/es\/wp-json\/wp\/v2\/product_cat?post=6794"},{"taxonomy":"product_tag","embeddable":true,"href":"https:\/\/moposanitaryware.com\/es\/wp-json\/wp\/v2\/product_tag?post=6794"}],"curies":[{"name":"wp","href":"https:\/\/api.w.org\/{rel}","templated":true}]}}