{"id":6646,"date":"2024-06-29T08:37:16","date_gmt":"2024-06-29T08:37:16","guid":{"rendered":"https:\/\/moposanitaryware.com\/?post_type=product&#038;p=6646"},"modified":"2024-07-25T09:02:28","modified_gmt":"2024-07-25T09:02:28","slug":"ceramic-washdown-2-piece-toilet","status":"publish","type":"product","link":"https:\/\/moposanitaryware.com\/es\/ceramic-washdown-2-piece-toilet\/","title":{"rendered":"Inodoros de cer\u00e1mica al por mayor, art\u00edculos sanitarios para ba\u00f1o, lavabo de cer\u00e1mica, inodoro de 2 piezas"},"content":{"rendered":"<div class=\"row\"  id=\"row-66517853\">\n\n\t<div id=\"col-1248449873\" class=\"col small-12 large-12\"  >\n\t\t\t\t<div class=\"col-inner\"  >\n\t\t\t\n\t\t\t\n<p>A <a href=\"https:\/\/moposanitaryware.com\/es\/categoria-producto\/toilets\/two-piece-toilet\/\">inodoro de dos piezas<\/a> es un tipo com\u00fan de inodoro en el que el tanque y la taza son componentes separados que se atornillan durante la instalaci\u00f3n. A continuaci\u00f3n, se presentan algunas caracter\u00edsticas y consideraciones clave sobre <a href=\"https:\/\/moposanitaryware.com\/es\/categoria-producto\/toilets\/two-piece-toilet\/\">inodoros de dos piezas<\/a>:<\/p>\n<h3 id=\"features\" data-source-line=\"3\">Caracter\u00edsticas:<\/h3>\n<ul data-source-line=\"4\">\n<li><strong>Tanque y recipiente separados<\/strong>:La caracter\u00edstica m\u00e1s distintiva de un inodoro de dos piezas es que el tanque y la taza son piezas separadas. Esto hace que sean m\u00e1s f\u00e1ciles de manipular y mover durante la instalaci\u00f3n o cuando se necesitan reparaciones.<\/li>\n<li><strong>Facilidad de reemplazo<\/strong>:Como el tanque y la taza est\u00e1n separados, puedes reemplazar uno sin reemplazar el otro si es necesario. Esto puede resultar rentable si solo una pieza se da\u00f1a o se desgasta.<\/li>\n<li><strong>Variedad de estilos<\/strong>: <a href=\"https:\/\/moposanitaryware.com\/es\/categoria-producto\/toilets\/two-piece-toilet\/\">Inodoros de dos piezas<\/a> Vienen en una variedad de estilos, alturas y formas de cuenco, lo que hace que sea m\u00e1s f\u00e1cil encontrar uno que se adapte al dise\u00f1o de su ba\u00f1o y sus preferencias de comodidad.<\/li>\n<li><strong>Altura est\u00e1ndar y altura de confort<\/strong>:Est\u00e1n disponibles en diferentes alturas, incluida la altura est\u00e1ndar m\u00e1s antigua y la altura c\u00f3moda m\u00e1s moderna, que es un poco m\u00e1s alta y m\u00e1s f\u00e1cil de usar para algunas personas.<\/li>\n<li><strong>Rentable<\/strong>: <a href=\"https:\/\/moposanitaryware.com\/es\/categoria-producto\/toilets\/two-piece-toilet\/\">Inodoros de dos piezas<\/a> Generalmente son menos costosos que los inodoros de una sola pieza, lo que los convierte en una opci\u00f3n popular para muchos hogares.<\/li>\n<\/ul>\n<table style=\"height: 608px;\" border=\"1\" width=\"781\">\n<tbody>\n<tr>\n<td>Lugar de origen:<\/td>\n<td>Fosh\u00e1n, China<\/td>\n<\/tr>\n<tr>\n<td>Escribe un nombre:<\/td>\n<td data-spm-anchor-id=\"a2700.details.pronpeci14.i1.47c970d3Zz0E3h\"><a href=\"https:\/\/moposanitaryware.com\/es\/categoria-producto\/toilets\/two-piece-toilet\/\">Inodoro de dos piezas<\/a><\/td>\n<\/tr>\n<tr>\n<td>Caracter\u00edsticas<\/td>\n<td>\n<ul>\n<li><a href=\"https:\/\/moposanitaryware.com\/es\/categoria-producto\/toilets\/two-piece-toilet\/\">Inodoros de dos piezas<\/a> Generalmente son m\u00e1s f\u00e1ciles de transportar que los inodoros de una sola pieza.<\/li>\n<li>F\u00e1cil mantenimiento<\/li>\n<li>Altura universal \/ Altura est\u00e1ndar.<\/li>\n<li>Sistema de lavado Tornado<\/li>\n<li>La descarga doble ofrece una opci\u00f3n de 0,8 o 1,28 gpf (3,0 L o 4,8 L).<\/li>\n<li>El asiento alargado permite que el asiento se cierre silenciosamente.<\/li>\n<li>Trampa oculta<\/li>\n<li>Sif\u00f3n de 2 pulgadas \/ v\u00e1lvula de descarga de 3 pulgadas<\/li>\n<li>Ahorro de espacio Ahorro de agua<\/li>\n<\/ul>\n<\/td>\n<\/tr>\n<tr>\n<td>Solicitud:<\/td>\n<td>Hogar, hotel, villa, apartamento, edificio de oficinas, hospital, centro comercial,<\/td>\n<\/tr>\n<tr>\n<td>Certificado:<\/td>\n<td>IAPMO(CUPC), Sentido del Agua, ADA<\/td>\n<\/tr>\n<tr>\n<td>Servicio postventa<\/td>\n<td>Soporte t\u00e9cnico en l\u00ednea, garant\u00eda limitada de piezas de 3 a\u00f1os, piezas de repuesto gratuitas<\/td>\n<\/tr>\n<tr>\n<td>OEM y ODM:<\/td>\n<td>OEM<\/td>\n<\/tr>\n<tr>\n<td>Cantidad m\u00ednima de pedido:<\/td>\n<td>1 juego<\/td>\n<\/tr>\n<tr>\n<td>Muestra gratis:<\/td>\n<td>muestra de pago<\/td>\n<\/tr>\n<tr>\n<td>Pago:<\/td>\n<td>T\/T<\/td>\n<\/tr>\n<tr>\n<td>Capacidad de suministro:<\/td>\n<td>500 juegos\/juegos por d\u00eda<\/td>\n<\/tr>\n<tr>\n<td style=\"text-align: left;\">Embalaje:<\/td>\n<td style=\"text-align: left;\">Embalaje de exportaci\u00f3n (1 pieza por caja, cajas de 5 capas para caja de cart\u00f3n)<\/td>\n<\/tr>\n<\/tbody>\n<\/table>\n\t\t<\/div>\n\t\t\t\t\t<\/div>\n\n\t\n<\/div>\n<div class=\"row\"  id=\"row-745771544\">\n\n\t<div id=\"col-489207321\" class=\"col medium-6 small-12 large-6\"  >\n\t\t\t\t<div class=\"col-inner\"  >\n\t\t\t\n\t\t\t\n\t<div class=\"img has-hover x md-x lg-x y md-y lg-y\" id=\"image_2069428772\">\n\t\t\t\t\t\t\t\t<div class=\"img-inner dark\" >\n\t\t\t<img loading=\"lazy\" decoding=\"async\" width=\"853\" height=\"597\" src=\"https:\/\/moposanitaryware.com\/wp-content\/uploads\/2021\/04\/Factory-Directly-bathroom-Tornado-Siphonic-Two-Piece-Toilet-high-quality-Toilet-Manufacturer.jpg\" class=\"attachment-large size-large\" alt=\"Factory Directly bathroom Tornado Siphonic Two Piece Toilet\" srcset=\"https:\/\/moposanitaryware.com\/wp-content\/uploads\/2021\/04\/Factory-Directly-bathroom-Tornado-Siphonic-Two-Piece-Toilet-high-quality-Toilet-Manufacturer.jpg 853w, https:\/\/moposanitaryware.com\/wp-content\/uploads\/2021\/04\/Factory-Directly-bathroom-Tornado-Siphonic-Two-Piece-Toilet-high-quality-Toilet-Manufacturer-600x420.jpg 600w, https:\/\/moposanitaryware.com\/wp-content\/uploads\/2021\/04\/Factory-Directly-bathroom-Tornado-Siphonic-Two-Piece-Toilet-high-quality-Toilet-Manufacturer-572x400.jpg 572w, https:\/\/moposanitaryware.com\/wp-content\/uploads\/2021\/04\/Factory-Directly-bathroom-Tornado-Siphonic-Two-Piece-Toilet-high-quality-Toilet-Manufacturer-768x538.jpg 768w\" sizes=\"auto, (max-width: 853px) 100vw, 853px\" title=\"\">\t\t\t\t\t\t\n\t\t\t\t\t<\/div>\n\t\t\t\t\t\t\t\t\n<style>\n#image_2069428772 {\n  width: 100%;\n}\n<\/style>\n\t<\/div>\n\t\n\t\t<\/div>\n\t\t\t\t\t<\/div>\n\n\t\n\n\t<div id=\"col-1419387849\" class=\"col medium-6 small-12 large-6\"  >\n\t\t\t\t<div class=\"col-inner\"  >\n\t\t\t\n\t\t\t\n<h1 class=\"a-spacing-mini\">Dise\u00f1ado para ser bello<\/h1>\n<p>Dise\u00f1ado para ser hermoso, duradero y confiable, el inodoro de dos piezas enfrenta con elegancia el uso diario. La construcci\u00f3n duradera de porcelana v\u00edtrea, la taza con acci\u00f3n de sif\u00f3n con chorro de alimentaci\u00f3n directa y la v\u00e1lvula de descarga de 2 pulgadas funcionar\u00e1n bien durante a\u00f1os. Adem\u00e1s, el inodoro funciona bien con una variedad de estilos para complementar cualquier decoraci\u00f3n. Con l\u00edneas limpias y agradables, este inodoro moderno blanco es una adici\u00f3n perfecta para la remodelaci\u00f3n de su ba\u00f1o peque\u00f1o y se ver\u00e1 incre\u00edble en su ba\u00f1o.<\/p>\n\t\t<\/div>\n\t\t\t\t\t<\/div>\n\n\t\n<\/div>\n<div class=\"row\"  id=\"row-1070873591\">\n\n\t<div id=\"col-1083171899\" class=\"col medium-6 small-12 large-6\"  >\n\t\t\t\t<div class=\"col-inner\"  >\n\t\t\t\n\t\t\t\n<h2>Descarga s\u00faper silenciosa y potente<\/h2>\n<p><span style=\"vertical-align: inherit;\"><span style=\"vertical-align: inherit;\">Descarga completamente acristalada, que brinda una descarga s\u00faper silenciosa y potente: sin obstrucciones ni fugas. Prueba de fugas. Descarga dual altamente eficiente 1.28GPF\/0.8GPF. El agua sale de dos peque\u00f1os orificios, se descarga a lo largo de la pared interior de un inodoro alargado bien dise\u00f1ado y crea un v\u00f3rtice. El v\u00f3rtice limpia bien 360 grados en todos los rincones de la taza del inodoro. Mientras tanto, crea una vida m\u00e1s tranquila.<\/span><\/span><\/p>\n\t\t<\/div>\n\t\t\t\t\t<\/div>\n\n\t\n\n\t<div id=\"col-1778846474\" class=\"col medium-6 small-12 large-6\"  >\n\t\t\t\t<div class=\"col-inner\"  >\n\t\t\t\n\t\t\t\n\t<div class=\"img has-hover x md-x lg-x y md-y lg-y\" id=\"image_1926563643\">\n\t\t\t\t\t\t\t\t<div class=\"img-inner dark\" >\n\t\t\t<img loading=\"lazy\" decoding=\"async\" width=\"598\" height=\"419\" src=\"https:\/\/moposanitaryware.com\/wp-content\/uploads\/2021\/04\/Wholesale-cheap-ceramic-lavatory-supplies-sanitary-ware-modern-toilet-bowl-ceramic-one-piece-toilet.jpg\" class=\"attachment-large size-large\" alt=\"china smart toilet supplies wholesale cheap ceramic sanitary ware modern one piece toilet Powerful flushing ability Jet flushing technology\" srcset=\"https:\/\/moposanitaryware.com\/wp-content\/uploads\/2021\/04\/Wholesale-cheap-ceramic-lavatory-supplies-sanitary-ware-modern-toilet-bowl-ceramic-one-piece-toilet.jpg 598w, https:\/\/moposanitaryware.com\/wp-content\/uploads\/2021\/04\/Wholesale-cheap-ceramic-lavatory-supplies-sanitary-ware-modern-toilet-bowl-ceramic-one-piece-toilet-571x400.jpg 571w\" sizes=\"auto, (max-width: 598px) 100vw, 598px\" title=\"\">\t\t\t\t\t\t\n\t\t\t\t\t<\/div>\n\t\t\t\t\t\t\t\t\n<style>\n#image_1926563643 {\n  width: 100%;\n}\n<\/style>\n\t<\/div>\n\t\n\t\t<\/div>\n\t\t\t\t\t<\/div>\n\n\t\n<\/div>\n<div class=\"row\"  id=\"row-613418438\">\n\n\t<div id=\"col-576380772\" class=\"col medium-6 small-12 large-6\"  >\n\t\t\t\t<div class=\"col-inner\"  >\n\t\t\t\n\t\t\t\n\t<div class=\"img has-hover x md-x lg-x y md-y lg-y\" id=\"image_1498259343\">\n\t\t\t\t\t\t\t\t<div class=\"img-inner dark\" >\n\t\t\t<img loading=\"lazy\" decoding=\"async\" width=\"600\" height=\"420\" src=\"https:\/\/moposanitaryware.com\/wp-content\/uploads\/2021\/04\/Hot-water-closet-wc-ceramic-one-piece-siphonic-dual-flush-toilets-bathroom-toilet-bowl-Toilet-water-fittings.jpg\" class=\"attachment-large size-large\" alt=\"bathroom toilet bowl Toilet water fittings\" srcset=\"https:\/\/moposanitaryware.com\/wp-content\/uploads\/2021\/04\/Hot-water-closet-wc-ceramic-one-piece-siphonic-dual-flush-toilets-bathroom-toilet-bowl-Toilet-water-fittings.jpg 600w, https:\/\/moposanitaryware.com\/wp-content\/uploads\/2021\/04\/Hot-water-closet-wc-ceramic-one-piece-siphonic-dual-flush-toilets-bathroom-toilet-bowl-Toilet-water-fittings-571x400.jpg 571w\" sizes=\"auto, (max-width: 600px) 100vw, 600px\" title=\"\">\t\t\t\t\t\t\n\t\t\t\t\t<\/div>\n\t\t\t\t\t\t\t\t\n<style>\n#image_1498259343 {\n  width: 100%;\n}\n<\/style>\n\t<\/div>\n\t\n\t\t<\/div>\n\t\t\t\t\t<\/div>\n\n\t\n\n\t<div id=\"col-145164558\" class=\"col medium-6 small-12 large-6\"  >\n\t\t\t\t<div class=\"col-inner\"  >\n\t\t\t\n\t\t\t\n<h1>El ahorro de agua<\/h1>\n<p>Drenaje con sif\u00f3n de gran tama\u00f1o y descarga doble que ofrece una opci\u00f3n de actuador de 3L\/6L, lo que hace que el inodoro de dos piezas ahorre agua y sea respetuoso con el medio ambiente. Alta eficiencia. Inodoros de doble descarga 1.28 GPF para descarga completa (ajustable con flotador)\/0.8 GPF para media descarga (ajustable en cisterna con descarga) con un potente sistema de descarga. Tiene dos opciones de descarga y ambas son funciones de ahorro de agua.<\/p>\n\t\t<\/div>\n\t\t\t\t\t<\/div>\n\n\t\n<\/div>\n<div class=\"row\"  id=\"row-643346229\">\n\n\t<div id=\"col-441411033\" class=\"col medium-6 small-12 large-6\"  >\n\t\t\t\t<div class=\"col-inner\"  >\n\t\t\t\n\t\t\t\n<h2>Asiento extra\u00edble con bot\u00f3n pulsador.<\/h2>\n<p><span class=\"a-list-item\">Dise\u00f1ado para este inodoro peque\u00f1o, nuestro asiento de f\u00e1cil liberaci\u00f3n presenta tres pasos de operaci\u00f3n: hacer clic, quitar e instalar; nuestros asientos tambi\u00e9n se pueden quitar f\u00e1cilmente mediante un pestillo. Esto permite limpiar sin esfuerzo la parte m\u00e1s dif\u00edcil de alcanzar y la parte m\u00e1s sucia del inodoro, que se encuentra entre el asiento y la taza. Tambi\u00e9n facilita el reemplazo del asiento del inodoro en el futuro si se da\u00f1a. La funci\u00f3n de cierre se prueba 50.000 veces.<\/span><\/p>\n\t\t<\/div>\n\t\t\t\t\t<\/div>\n\n\t\n\n\t<div id=\"col-53639978\" class=\"col medium-6 small-12 large-6\"  >\n\t\t\t\t<div class=\"col-inner\"  >\n\t\t\t\n\t\t\t\n\t<div class=\"img has-hover x md-x lg-x y md-y lg-y\" id=\"image_1773837348\">\n\t\t\t\t\t\t\t\t<div class=\"img-inner dark\" >\n\t\t\t<img loading=\"lazy\" decoding=\"async\" width=\"600\" height=\"420\" src=\"https:\/\/moposanitaryware.com\/wp-content\/uploads\/2021\/04\/Wholesale-Bathroom-Dual-Flush-Sanitary-Ware-Chinese-One-Piece-Ceramic-Wc-Toilets-Disassemble-Toilet-Cover-plate.jpg\" class=\"attachment-large size-large\" alt=\"Wholesale Bathroom Dual Flush Sanitary Ware One Piece Ceramic Wc Toilets Close the toilet seat quietly easy to install and uninstall\" srcset=\"https:\/\/moposanitaryware.com\/wp-content\/uploads\/2021\/04\/Wholesale-Bathroom-Dual-Flush-Sanitary-Ware-Chinese-One-Piece-Ceramic-Wc-Toilets-Disassemble-Toilet-Cover-plate.jpg 600w, https:\/\/moposanitaryware.com\/wp-content\/uploads\/2021\/04\/Wholesale-Bathroom-Dual-Flush-Sanitary-Ware-Chinese-One-Piece-Ceramic-Wc-Toilets-Disassemble-Toilet-Cover-plate-571x400.jpg 571w\" sizes=\"auto, (max-width: 600px) 100vw, 600px\" title=\"\">\t\t\t\t\t\t\n\t\t\t\t\t<\/div>\n\t\t\t\t\t\t\t\t\n<style>\n#image_1773837348 {\n  width: 100%;\n}\n<\/style>\n\t<\/div>\n\t\n\t\t<\/div>\n\t\t\t\t\t<\/div>\n\n\t\n<\/div>\n<div class=\"row\"  id=\"row-1893692025\">\n\n\t<div id=\"col-1973192817\" class=\"col medium-4 small-12 large-4\"  >\n\t\t\t\t<div class=\"col-inner\"  >\n\t\t\t\n\t\t\t\n\t<div class=\"img has-hover x md-x lg-x y md-y lg-y\" id=\"image_1174829552\">\n\t\t\t\t\t\t\t\t<div class=\"img-inner dark\" >\n\t\t\t<img loading=\"lazy\" decoding=\"async\" width=\"600\" height=\"420\" src=\"https:\/\/moposanitaryware.com\/wp-content\/uploads\/2021\/04\/High-quality-modern-design-cheap-bathroom-sanitary-wares-closestool-ceramic-two-piece-toilet-Internal-and-external-glass-surface.jpg\" class=\"attachment-large size-large\" alt=\"High quality modern design cheap bathroom toilet\" srcset=\"https:\/\/moposanitaryware.com\/wp-content\/uploads\/2021\/04\/High-quality-modern-design-cheap-bathroom-sanitary-wares-closestool-ceramic-two-piece-toilet-Internal-and-external-glass-surface.jpg 600w, https:\/\/moposanitaryware.com\/wp-content\/uploads\/2021\/04\/High-quality-modern-design-cheap-bathroom-sanitary-wares-closestool-ceramic-two-piece-toilet-Internal-and-external-glass-surface-571x400.jpg 571w\" sizes=\"auto, (max-width: 600px) 100vw, 600px\" title=\"\">\t\t\t\t\t\t\n\t\t\t\t\t<\/div>\n\t\t\t\t\t\t\t\t\n<style>\n#image_1174829552 {\n  width: 100%;\n}\n<\/style>\n\t<\/div>\n\t\n<h3>SUPERFICIE ESMALTADA POR DENTRO Y POR FUERA<\/h3>\n<p><span class=\"a-list-item\">Para evitar que las part\u00edculas se adhieran a la superficie cer\u00e1mica, se aplica un vidriado de f\u00e1cil limpieza. Utilizando tecnolog\u00eda nanom\u00e9trica se crea una superficie superlisa y extradura. Los sifones de nuestros inodoros tambi\u00e9n est\u00e1n perfectamente acristalados por dentro como por fuera. Esto mantiene el interior del inodoro y las paredes libres de part\u00edculas.<\/span><\/p>\n\t\t<\/div>\n\t\t\t\t\t<\/div>\n\n\t\n\n\t<div id=\"col-19072229\" class=\"col medium-4 small-12 large-4\"  >\n\t\t\t\t<div class=\"col-inner\"  >\n\t\t\t\n\t\t\t\n\t<div class=\"img has-hover x md-x lg-x y md-y lg-y\" id=\"image_329990573\">\n\t\t\t\t\t\t\t\t<div class=\"img-inner dark\" >\n\t\t\t<img loading=\"lazy\" decoding=\"async\" width=\"600\" height=\"420\" src=\"https:\/\/moposanitaryware.com\/wp-content\/uploads\/2021\/04\/Wholesale-home-one-piece-sanitary-ware-toilet-bowl-ceramic-bathroom-commode-wc-toilet-High-quality-water-tank-fittings.jpg\" class=\"attachment-large size-large\" alt=\"China sanitary ware intelligent toilet supplier ceramic bathroom one piece toiles factory High quality water tank fittings\" srcset=\"https:\/\/moposanitaryware.com\/wp-content\/uploads\/2021\/04\/Wholesale-home-one-piece-sanitary-ware-toilet-bowl-ceramic-bathroom-commode-wc-toilet-High-quality-water-tank-fittings.jpg 600w, https:\/\/moposanitaryware.com\/wp-content\/uploads\/2021\/04\/Wholesale-home-one-piece-sanitary-ware-toilet-bowl-ceramic-bathroom-commode-wc-toilet-High-quality-water-tank-fittings-571x400.jpg 571w\" sizes=\"auto, (max-width: 600px) 100vw, 600px\" title=\"\">\t\t\t\t\t\t\n\t\t\t\t\t<\/div>\n\t\t\t\t\t\t\t\t\n<style>\n#image_329990573 {\n  width: 100%;\n}\n<\/style>\n\t<\/div>\n\t\n<h3>Descarga s\u00faper silenciosa y potente<\/h3>\n<p>Descarga completamente acristalada, que brinda una descarga s\u00faper silenciosa y potente: sin obstrucciones ni fugas. Prueba de fugas. Descarga doble altamente eficiente 1,28 GPF\/0,8 GPF<\/p>\n\t\t<\/div>\n\t\t\t\t\t<\/div>\n\n\t\n\n\t<div id=\"col-1065847932\" class=\"col medium-4 small-12 large-4\"  >\n\t\t\t\t<div class=\"col-inner\"  >\n\t\t\t\n\t\t\t\n\t<div class=\"img has-hover x md-x lg-x y md-y lg-y\" id=\"image_1989974903\">\n\t\t\t\t\t\t\t\t<div class=\"img-inner dark\" >\n\t\t\t<img loading=\"lazy\" decoding=\"async\" width=\"766\" height=\"537\" src=\"https:\/\/moposanitaryware.com\/wp-content\/uploads\/2021\/04\/Modern-Western-Elongate-wc-Toilet-Hot-sale-luxury-sanitary-wares-two-piece-cheap-Chinese-bathroom-toilet.jpg\" class=\"attachment-large size-large\" alt=\"Modern Western Elongate wc Toilet\" srcset=\"https:\/\/moposanitaryware.com\/wp-content\/uploads\/2021\/04\/Modern-Western-Elongate-wc-Toilet-Hot-sale-luxury-sanitary-wares-two-piece-cheap-Chinese-bathroom-toilet.jpg 766w, https:\/\/moposanitaryware.com\/wp-content\/uploads\/2021\/04\/Modern-Western-Elongate-wc-Toilet-Hot-sale-luxury-sanitary-wares-two-piece-cheap-Chinese-bathroom-toilet-600x421.jpg 600w, https:\/\/moposanitaryware.com\/wp-content\/uploads\/2021\/04\/Modern-Western-Elongate-wc-Toilet-Hot-sale-luxury-sanitary-wares-two-piece-cheap-Chinese-bathroom-toilet-571x400.jpg 571w\" sizes=\"auto, (max-width: 766px) 100vw, 766px\" title=\"\">\t\t\t\t\t\t\n\t\t\t\t\t<\/div>\n\t\t\t\t\t\t\t\t\n<style>\n#image_1989974903 {\n  width: 100%;\n}\n<\/style>\n\t<\/div>\n\t\n<h3>Descarga turbo sif\u00f3n<\/h3>\n<p class=\"a-spacing-mini\">Inodoro de una sola pieza con descarga bastante potente, descarga que brinda una descarga s\u00faper silenciosa y potente: SIN obstrucciones, SIN fugas y SIN problemas <span data-fusion-font=\"true\">Tecnolog\u00eda de chorro de agua liberada <\/span><span data-fusion-font=\"true\">desde agujeros especialmente dise\u00f1ados en 360 grados<br \/>\n<\/span><span data-fusion-font=\"true\">alrededor, manteniendo el recipiente siempre limpio y fresco.<\/span><\/p>\n<h3 class=\"a-spacing-mini\"><span style=\"color: #555555; font-size: 14.4px;\">.<\/span><\/h3>\n\t\t<\/div>\n\t\t\t\t\t<\/div>\n\n\t\n<\/div>\n<div class=\"row\"  id=\"row-386680793\">\n\n\t<div id=\"col-588537722\" class=\"col medium-4 small-12 large-4\"  >\n\t\t\t\t<div class=\"col-inner\"  >\n\t\t\t\n\t\t\t\n\t<div class=\"img has-hover x md-x lg-x y md-y lg-y\" id=\"image_1212289699\">\n\t\t\t\t\t\t\t\t<div class=\"img-inner dark\" >\n\t\t\t<img loading=\"lazy\" decoding=\"async\" width=\"600\" height=\"420\" src=\"https:\/\/moposanitaryware.com\/wp-content\/uploads\/2021\/04\/Sanitary-Ware-bathroom-sanitaryware-new-design-modern-two-piece-toilet.jpg\" class=\"attachment-large size-large\" alt=\"bathroom Tornado Siphonic Two Piece Toilet\" srcset=\"https:\/\/moposanitaryware.com\/wp-content\/uploads\/2021\/04\/Sanitary-Ware-bathroom-sanitaryware-new-design-modern-two-piece-toilet.jpg 600w, https:\/\/moposanitaryware.com\/wp-content\/uploads\/2021\/04\/Sanitary-Ware-bathroom-sanitaryware-new-design-modern-two-piece-toilet-571x400.jpg 571w\" sizes=\"auto, (max-width: 600px) 100vw, 600px\" title=\"\">\t\t\t\t\t\t\n\t\t\t\t\t<\/div>\n\t\t\t\t\t\t\t\t\n<style>\n#image_1212289699 {\n  width: 100%;\n}\n<\/style>\n\t<\/div>\n\t\n<h3>Asiento de cierre suave<\/h3>\n<p>Fabricado con material antibacteriano de urea-formaldeh\u00eddo blanco. El revestimiento antibacteriano en el asiento del inodoro reduce la acumulaci\u00f3n de bacterias en la funda del asiento. Asiento de inodoro de cierre suave de alta gama con bisagra de asiento duradera de acero inoxidable. Se cierra silenciosa y lentamente. El asiento de cierre suave es agradable en medio de la noche, sin ruidos met\u00e1licos accidentales que despierten la casa.<\/p>\n\t\t<\/div>\n\t\t\t\t\t<\/div>\n\n\t\n\n\t<div id=\"col-1597862425\" class=\"col medium-4 small-12 large-4\"  >\n\t\t\t\t<div class=\"col-inner\"  >\n\t\t\t\n\t\t\t\n\t<div class=\"img has-hover x md-x lg-x y md-y lg-y\" id=\"image_231301193\">\n\t\t\t\t\t\t\t\t<div class=\"img-inner dark\" >\n\t\t\t<img loading=\"lazy\" decoding=\"async\" width=\"600\" height=\"420\" src=\"https:\/\/moposanitaryware.com\/wp-content\/uploads\/2021\/04\/China-Chaozhou-Factory-Direct-Price-washdown-Siphonic-Wc-Ceramic-One-Piece-two-pieces-Toilet-For-Sale.jpg\" class=\"attachment-large size-large\" alt=\"Ceramic One Piece two pieces Toilet For Sale\" srcset=\"https:\/\/moposanitaryware.com\/wp-content\/uploads\/2021\/04\/China-Chaozhou-Factory-Direct-Price-washdown-Siphonic-Wc-Ceramic-One-Piece-two-pieces-Toilet-For-Sale.jpg 600w, https:\/\/moposanitaryware.com\/wp-content\/uploads\/2021\/04\/China-Chaozhou-Factory-Direct-Price-washdown-Siphonic-Wc-Ceramic-One-Piece-two-pieces-Toilet-For-Sale-571x400.jpg 571w\" sizes=\"auto, (max-width: 600px) 100vw, 600px\" title=\"\">\t\t\t\t\t\t\n\t\t\t\t\t<\/div>\n\t\t\t\t\t\t\t\t\n<style>\n#image_231301193 {\n  width: 100%;\n}\n<\/style>\n\t<\/div>\n\t\n<h2><span class=\"Y2IQFc\" lang=\"en\">Cocci\u00f3n a alta temperatura<\/span><\/h2>\n<p><span class=\"a-list-item\">Cada pieza de productos sanitarios cer\u00e1micos MOPO ha sido cocida en el horno a una temperatura alta superior a 1280 \u00b0C durante 24 horas, de modo que no solo obtendr\u00e1 una superficie sedosa, de alta densidad y s\u00f3lida que proporciona propiedades de resistencia a las grietas y un servicio prolongado. vida, pero tambi\u00e9n la menor absorci\u00f3n de agua (\u22640.2%) que asegura su caracter\u00edstica antiolor.<\/span><\/p>\n\t\t<\/div>\n\t\t\t\t\t<\/div>\n\n\t\n\n\t<div id=\"col-1157195733\" class=\"col medium-4 small-12 large-4\"  >\n\t\t\t\t<div class=\"col-inner\"  >\n\t\t\t\n\t\t\t\n\t<div class=\"img has-hover x md-x lg-x y md-y lg-y\" id=\"image_1708403462\">\n\t\t\t\t\t\t\t\t<div class=\"img-inner dark\" >\n\t\t\t<img loading=\"lazy\" decoding=\"async\" width=\"600\" height=\"420\" src=\"https:\/\/moposanitaryware.com\/wp-content\/uploads\/2021\/04\/China-Smart-Toilets-Suppliers-factory-automatic-production-equipment-Product-production.jpg\" class=\"attachment-large size-large\" alt=\"China Smart-Toilets Suppliers factory automatic production equipment Product production\" srcset=\"https:\/\/moposanitaryware.com\/wp-content\/uploads\/2021\/04\/China-Smart-Toilets-Suppliers-factory-automatic-production-equipment-Product-production.jpg 600w, https:\/\/moposanitaryware.com\/wp-content\/uploads\/2021\/04\/China-Smart-Toilets-Suppliers-factory-automatic-production-equipment-Product-production-571x400.jpg 571w\" sizes=\"auto, (max-width: 600px) 100vw, 600px\" title=\"\">\t\t\t\t\t\t\n\t\t\t\t\t<\/div>\n\t\t\t\t\t\t\t\t\n<style>\n#image_1708403462 {\n  width: 100%;\n}\n<\/style>\n\t<\/div>\n\t\n<h3>Automatizaci\u00f3n <span class=\"Y2IQFc\" lang=\"en\">Vidriado<\/span><\/h3>\n<p><span class=\"Y2IQFc\" lang=\"en\">En la l\u00ednea de montaje automatizada, el ba\u00f1o ingresa a una peque\u00f1a \u00e1rea de trabajo. Cada artesano lo limpia cuidadosamente con polvo y una esponja para asegurarse de que est\u00e9 completamente liso y listo para esmaltar. El robot esmalta el inodoro de manera uniforme. En proyectos demasiado grandes o que hayan sido dise\u00f1ados recientemente para no utilizar una l\u00ednea de producci\u00f3n automatizada, aplicar el esmalte manualmente.<\/span><\/p>\n\t\t<\/div>\n\t\t\t\t\t<\/div>\n\n\t\n<\/div>","protected":false},"excerpt":{"rendered":"<table width=\"497\">\n<tbody>\n<tr>\n<td width=\"163\">Nombre de la marca:<\/td>\n<td width=\"334\">MOPO\u00ae<\/td>\n<\/tr>\n<tr>\n<td width=\"163\">Nombre del producto:<\/td>\n<td width=\"334\"><a href=\"https:\/\/moposanitaryware.com\/es\/categoria-producto\/toilets\/two-piece-toilet\/\">Inodoro de dos piezas<\/a><\/td>\n<\/tr>\n<tr>\n<td width=\"163\">SKU:<\/td>\n<td width=\"334\">\u00a0MP-A-8220A<\/td>\n<\/tr>\n<tr>\n<td width=\"163\">Material primario:<\/td>\n<td width=\"334\">Cer\u00e1mica<\/td>\n<\/tr>\n<tr>\n<td width=\"163\">Funci\u00f3n de b\u00fafer<\/td>\n<td width=\"334\">Cierre suave<\/td>\n<\/tr>\n<tr>\n<td width=\"163\">Desbaste<\/td>\n<td width=\"334\">Sif\u00f3n en forma de S de 250 mm Sif\u00f3n en forma de P de 180 mm<\/td>\n<\/tr>\n<tr>\n<td width=\"163\">Tama\u00f1o del producto<\/td>\n<td width=\"334\">720*400*750mm<\/td>\n<\/tr>\n<tr>\n<td width=\"163\">M\u00e9todo de lavado<\/td>\n<td width=\"334\">Lavado por chorro de sif\u00f3n<\/td>\n<\/tr>\n<tr>\n<td width=\"163\">Peso neto<\/td>\n<td width=\"334\">42-50 kg<\/td>\n<\/tr>\n<tr>\n<td width=\"163\">Tipo de instalaci\u00f3n<\/td>\n<td width=\"334\">Montado en el piso<\/td>\n<\/tr>\n<\/tbody>\n<\/table>\n\t<a class=\"paoc-popup-click paoc-popup-cust-337 paoc-popup-button paoc-popup-btn\" href=\"javascript:void(0);\">Solicitar presupuesto<\/a>\r\n\u00a0 \u00a0 \u00a0<a href=\"https:\/\/api.whatsapp.com\/send?phone=8618675762929\"><img loading=\"lazy\" decoding=\"async\" class=\"alignnone wp-image-6698\" src=\"https:\/\/moposanitaryware.com\/wp-content\/uploads\/WhatsApp.png\" alt=\"\" width=\"140\" height=\"33\" srcset=\"https:\/\/moposanitaryware.com\/wp-content\/uploads\/WhatsApp.png 546w, https:\/\/moposanitaryware.com\/wp-content\/uploads\/WhatsApp-18x4.png 18w\" sizes=\"auto, (max-width: 140px) 100vw, 140px\" \/><\/a><\/p>","protected":false},"featured_media":6647,"template":"","meta":{"_acf_changed":false},"product_brand":[],"product_cat":[15,35,78],"product_tag":[112],"class_list":{"0":"post-6646","1":"product","2":"type-product","3":"status-publish","4":"has-post-thumbnail","6":"product_cat-see-all-categories","7":"product_cat-toilets","8":"product_cat-two-piece-toilet","9":"product_tag-two-piece-toilet","11":"first","12":"instock","13":"shipping-taxable","14":"product-type-simple"},"acf":[],"_links":{"self":[{"href":"https:\/\/moposanitaryware.com\/es\/wp-json\/wp\/v2\/product\/6646","targetHints":{"allow":["GET"]}}],"collection":[{"href":"https:\/\/moposanitaryware.com\/es\/wp-json\/wp\/v2\/product"}],"about":[{"href":"https:\/\/moposanitaryware.com\/es\/wp-json\/wp\/v2\/types\/product"}],"wp:featuredmedia":[{"embeddable":true,"href":"https:\/\/moposanitaryware.com\/es\/wp-json\/wp\/v2\/media\/6647"}],"wp:attachment":[{"href":"https:\/\/moposanitaryware.com\/es\/wp-json\/wp\/v2\/media?parent=6646"}],"wp:term":[{"taxonomy":"product_brand","embeddable":true,"href":"https:\/\/moposanitaryware.com\/es\/wp-json\/wp\/v2\/product_brand?post=6646"},{"taxonomy":"product_cat","embeddable":true,"href":"https:\/\/moposanitaryware.com\/es\/wp-json\/wp\/v2\/product_cat?post=6646"},{"taxonomy":"product_tag","embeddable":true,"href":"https:\/\/moposanitaryware.com\/es\/wp-json\/wp\/v2\/product_tag?post=6646"}],"curies":[{"name":"wp","href":"https:\/\/api.w.org\/{rel}","templated":true}]}}