{"id":5896,"date":"2023-12-26T08:00:15","date_gmt":"2023-12-26T08:00:15","guid":{"rendered":"https:\/\/moposanitaryware.com\/?post_type=product&#038;p=5896"},"modified":"2024-07-26T08:59:18","modified_gmt":"2024-07-26T08:59:18","slug":"luxury-bathroom-wall-mounted-faucet","status":"publish","type":"product","link":"https:\/\/moposanitaryware.com\/es\/luxury-bathroom-wall-mounted-faucet\/","title":{"rendered":"Venta al por mayor, grifo de ba\u00f1o de lujo montado en la pared, manijas dobles de lat\u00f3n, grifo de lavabo oculto con tres agujeros"},"content":{"rendered":"<div class=\"row align-center\"  id=\"row-972553359\">\n\n\t<div id=\"col-1253760937\" class=\"col medium-11 small-12 large-11\"  data-animate=\"fadeInUp\">\n\t\t\t\t<div class=\"col-inner text-center\"  >\n\t\t\t\n\t\t\t\n<h1 style=\"text-align: center;\"><a href=\"https:\/\/moposanitaryware.com\/es\/categoria-producto\/faucets\/\">Grifos<\/a><\/h1>\n<p style=\"text-align: center;\">Explorar grifos de cocina, <a href=\"https:\/\/moposanitaryware.com\/es\/categoria-producto\/faucets\/\">grifos de ba\u00f1o<\/a>, <a href=\"https:\/\/moposanitaryware.com\/es\/categoria-producto\/faucets\/\">lavabos grifos<\/a>, <a href=\"https:\/\/moposanitaryware.com\/es\/categoria-producto\/faucets\/\">Mezclador de lavabo<\/a> Los grifos est\u00e1n disponibles en una amplia gama de estilos y acabados. <a href=\"https:\/\/moposanitaryware.com\/es\/categoria-producto\/faucets\/\">grifos de ba\u00f1o<\/a> Combina el mejor dise\u00f1o con la m\u00e1s alta calidad y funciones innovadoras. Descubra soluciones fascinantes para su ba\u00f1o.<\/p>\n<a href=\"https:\/\/moposanitaryware.com\/es\/categoria-producto\/faucets\/\" class=\"button secondary is-underline lowercase\"  >\n\t\t<span>Explorar todo<\/span>\n\t<i class=\"icon-menu\" aria-hidden=\"true\" ><\/i><\/a>\n\n\t\t<\/div>\n\t\t\t\t\t<\/div>\n\n\t\n<\/div>\n<table style=\"height: 492px;\" border=\"1\" width=\"667\">\n<tbody>\n<tr>\n<td>Lugar de origen:<\/td>\n<td>Fosh\u00e1n, China<\/td>\n<\/tr>\n<tr>\n<td>Escribe un nombre:<\/td>\n<td data-spm-anchor-id=\"a2700.details.pronpeci14.i1.47c970d3Zz0E3h\">Lat\u00f3n MOPO\u00ae <a href=\"https:\/\/moposanitaryware.com\/es\/categoria-producto\/faucets\/\">Grifos para lavabo de ba\u00f1o<\/a><\/td>\n<\/tr>\n<tr>\n<td><strong><span data-spm-anchor-id=\"a2700.wholesale.0.i33.2c534154qJukFc\">Caracter\u00edstica<\/span><\/strong><strong>\u00a0<\/strong><\/td>\n<td>Material premium para operaciones con un solo mango<br \/>\nLos acabados de durabilidad y confiabilidad resisten la corrosi\u00f3n.<br \/>\nMaterial de lat\u00f3n macizo de calidad.<br \/>\nEl cartucho de disco cer\u00e1mico garantiza una larga duraci\u00f3n.<br \/>\nOperaci\u00f3n con una sola manija sin goteo<br \/>\nLos topes l\u00edmite de alta temperatura eliminan las quemaduras<br \/>\nSentido mixto agua fria caliente <a style=\"font-family: inherit; font-size: inherit;\" href=\"https:\/\/moposanitaryware.com\/es\/categoria-producto\/faucets\/\">Grifos<\/a><\/td>\n<\/tr>\n<tr>\n<td>Solicitud:<\/td>\n<td>Hotel, hogar, villa, apartamento, edificio de oficinas, hospital, centro comercial,<\/td>\n<\/tr>\n<tr>\n<td>Certificado:<\/td>\n<td>CE, ISO 9001, SASO, marca de agua, UPC<\/td>\n<\/tr>\n<tr>\n<td>Servicio postventa<\/td>\n<td>Soporte t\u00e9cnico en l\u00ednea, repuestos gratuitos<\/td>\n<\/tr>\n<tr>\n<td>OEM y ODM:<\/td>\n<td>OEM<\/td>\n<\/tr>\n<tr>\n<td>Cantidad m\u00ednima de pedido:<\/td>\n<td>1 juego<\/td>\n<\/tr>\n<tr>\n<td>Muestra gratis:<\/td>\n<td>muestra de pago<\/td>\n<\/tr>\n<tr>\n<td>Capacidad de suministro:<\/td>\n<td>500 juegos\/juegos por d\u00eda<\/td>\n<\/tr>\n<tr>\n<td style=\"text-align: left;\">Embalaje:<\/td>\n<td style=\"text-align: left;\">Caja: Embalaje neutro; Embalaje: Bolsa de poliestireno o bolsa de tela; Brindamos servicios de dise\u00f1o de empaques personalizados.<\/td>\n<\/tr>\n<\/tbody>\n<\/table>\n<div class=\"row\"  id=\"row-435345767\">\n\n\t<div id=\"col-2113893117\" class=\"col medium-6 small-12 large-6\"  >\n\t\t\t\t<div class=\"col-inner\"  >\n\t\t\t\n\t\t\t\n<h2><span style=\"font-size: 80%;\">Material sin plomo de lat\u00f3n de grado 59-A.<\/span><\/h2>\n<p>Cuerpo de cobre refinado: El <a href=\"https:\/\/moposanitaryware.com\/es\/categoria-producto\/faucets\/\">grifo<\/a> El cuerpo utiliza un lingote de cobre refinado de alta calidad con la adopci\u00f3n de la tecnolog\u00eda de fundici\u00f3n por gravedad m\u00e1s avanzada del mundo, y est\u00e1 fabricado mediante mecanizado de precisi\u00f3n, totalmente natural, resistente y duradero. Construcci\u00f3n de lat\u00f3n s\u00f3lido para resistir el \u00f3xido, la corrosi\u00f3n y el deslustre. Acabado superficial1. Niquelado de capa de 10-12 micr\u00f3metros2 Cromado de capa de 3-5 micr\u00f3metros3 Recubrimiento de colorCapa de 3-5 micr\u00f3metrosCertificaci\u00f3n de aprobaci\u00f3n de prueba de niebla salina de 48 horas Acabado impecable: personalice el aspecto para complementar cualquier dise\u00f1o de ba\u00f1o con una selecci\u00f3n de acabados impecables resistentes a la corrosi\u00f3n<\/p>\n\t\t<\/div>\n\t\t\t\t\t<\/div>\n\n\t\n\n\t<div id=\"col-870277904\" class=\"col medium-6 small-12 large-6\"  >\n\t\t\t\t<div class=\"col-inner\"  >\n\t\t\t\n\t\t\t\n\t<div class=\"img has-hover x md-x lg-x y md-y lg-y\" id=\"image_450861479\">\n\t\t<a class=\"\" href=\"https:\/\/moposanitaryware.com\/es\/categoria-producto\/faucets\/\" >\t\t\t\t\t\t<div class=\"img-inner dark\" >\n\t\t\t<img loading=\"lazy\" decoding=\"async\" width=\"750\" height=\"500\" src=\"https:\/\/moposanitaryware.com\/wp-content\/uploads\/2022\/09\/Wholesale-Copper-Basin-Faucet-59-A-Grade-Brass-Lead-Free-Material.jpg\" class=\"attachment-original size-original\" alt=\"\" srcset=\"https:\/\/moposanitaryware.com\/wp-content\/uploads\/2022\/09\/Wholesale-Copper-Basin-Faucet-59-A-Grade-Brass-Lead-Free-Material.jpg 750w, https:\/\/moposanitaryware.com\/wp-content\/uploads\/2022\/09\/Wholesale-Copper-Basin-Faucet-59-A-Grade-Brass-Lead-Free-Material-600x400.jpg 600w\" sizes=\"auto, (max-width: 750px) 100vw, 750px\" title=\"\">\t\t\t\t\t\t\n\t\t\t\t\t<\/div>\n\t\t\t\t\t\t<\/a>\t\t\n<style>\n#image_450861479 {\n  width: 100%;\n}\n<\/style>\n\t<\/div>\n\t\n\t\t<\/div>\n\t\t\t\t\t<\/div>\n\n\t\n\n\t<div id=\"col-1347306283\" class=\"col medium-6 small-12 large-6\"  >\n\t\t\t\t<div class=\"col-inner\"  >\n\t\t\t\n\t\t\t\n\t<div class=\"img has-hover x md-x lg-x y md-y lg-y\" id=\"image_566289627\">\n\t\t<a class=\"\" href=\"https:\/\/moposanitaryware.com\/es\/categoria-producto\/faucets\/\" >\t\t\t\t\t\t<div class=\"img-inner dark\" >\n\t\t\t<img loading=\"lazy\" decoding=\"async\" width=\"800\" height=\"800\" src=\"https:\/\/moposanitaryware.com\/wp-content\/uploads\/2022\/09\/China-Faucet-Factory-Wholesale-Brass-Basin-Faucet-High-end-high-quality-imported-Valve-Core-1.jpg\" class=\"attachment-original size-original\" alt=\"\" srcset=\"https:\/\/moposanitaryware.com\/wp-content\/uploads\/2022\/09\/China-Faucet-Factory-Wholesale-Brass-Basin-Faucet-High-end-high-quality-imported-Valve-Core-1.jpg 800w, https:\/\/moposanitaryware.com\/wp-content\/uploads\/2022\/09\/China-Faucet-Factory-Wholesale-Brass-Basin-Faucet-High-end-high-quality-imported-Valve-Core-1-600x600.jpg 600w, https:\/\/moposanitaryware.com\/wp-content\/uploads\/2022\/09\/China-Faucet-Factory-Wholesale-Brass-Basin-Faucet-High-end-high-quality-imported-Valve-Core-1-100x100.jpg 100w, https:\/\/moposanitaryware.com\/wp-content\/uploads\/2022\/09\/China-Faucet-Factory-Wholesale-Brass-Basin-Faucet-High-end-high-quality-imported-Valve-Core-1-400x400.jpg 400w, https:\/\/moposanitaryware.com\/wp-content\/uploads\/2022\/09\/China-Faucet-Factory-Wholesale-Brass-Basin-Faucet-High-end-high-quality-imported-Valve-Core-1-280x280.jpg 280w, https:\/\/moposanitaryware.com\/wp-content\/uploads\/2022\/09\/China-Faucet-Factory-Wholesale-Brass-Basin-Faucet-High-end-high-quality-imported-Valve-Core-1-768x768.jpg 768w\" sizes=\"auto, (max-width: 800px) 100vw, 800px\" title=\"\">\t\t\t\t\t\t\n\t\t\t\t\t<\/div>\n\t\t\t\t\t\t<\/a>\t\t\n<style>\n#image_566289627 {\n  width: 100%;\n}\n<\/style>\n\t<\/div>\n\t\n\t\t<\/div>\n\t\t\t\t\t<\/div>\n\n\t\n\n\t<div id=\"col-1125626616\" class=\"col medium-6 small-12 large-6\"  >\n\t\t\t\t<div class=\"col-inner\"  >\n\t\t\t\n\t\t\t\n<h3><span class=\"Y2IQFc\" lang=\"en\">N\u00facleo de v\u00e1lvula importado de alta calidad<\/span><\/h3>\n<p>Elemento de v\u00e1lvula importado de alta calidad con malla absorbente de sonido (que puede hacer que el <a href=\"https:\/\/moposanitaryware.com\/es\/categoria-producto\/faucets\/\">grifo<\/a> se vuelve muy silencioso), con dureza similar al diamante, elemento de v\u00e1lvula de cer\u00e1mica de alta calidad, sensaci\u00f3n c\u00f3moda y liviana, que a\u00fan se puede operar sin problemas y sin esfuerzo durante m\u00e1s de un mill\u00f3n de veces de encendido\/apagado, duradero y sin fugas de agua. La mezcla entre aire y agua utiliza un n\u00facleo de v\u00e1lvula de cer\u00e1mica, que ha sido estrictamente capaz de filtrar impurezas de manera efectiva. Prueba de ciclo de rejilla, rotaci\u00f3n del interruptor. Ofrece una prueba delicada y silenciosa, con un dise\u00f1o ajustado que se adapta bien a la costura. flujo de agua. Sin goteos de envejecimiento,<\/p>\n\t\t<\/div>\n\t\t\t\t\t<\/div>\n\n\t\n<\/div>\n<div class=\"row\"  id=\"row-1592739452\">\n\n\t<div id=\"col-1921759132\" class=\"col medium-6 small-12 large-6\"  >\n\t\t\t\t<div class=\"col-inner\"  >\n\t\t\t\n\t\t\t\n<h3>Proceso de galvanoplastia<\/h3>\n<p>Galvanoplastia: Tratado con un proceso de galvanoplastia avanzado, con m\u00faltiples capas de revestimiento de cobre \u00e1cido, n\u00edquel y cromo, buena combinaci\u00f3n de capas de revestimiento, adhesi\u00f3n fina y estrechamente tejida, color uniforme y resistencia a la corrosi\u00f3n extremadamente excelente, para garantizar que la superficie del producto sea brillante y duradero. La belleza de la apariencia, arte moderno y elegante, resistente al desgaste, resistente a los ara\u00f1azos, tratamiento duradero, mango anodizado suave y delicado, nunca oxidado, nunca se desvanece, s\u00f3lido realmente matizado. Extiende la mano y toca la superficie del <a href=\"https:\/\/moposanitaryware.com\/es\/categoria-producto\/faucets\/\">grifo<\/a>y siente la delicada textura sedosa del <a href=\"https:\/\/moposanitaryware.com\/es\/categoria-producto\/faucets\/\">grifo<\/a> en silencio. No hay ninguna marca de huellas dactilares visible cuando te vas.<\/p>\n\t\t<\/div>\n\t\t\t\t\t<\/div>\n\n\t\n\n\t<div id=\"col-1802977608\" class=\"col medium-6 small-12 large-6\"  >\n\t\t\t\t<div class=\"col-inner\"  >\n\t\t\t\n\t\t\t\n\t<div class=\"img has-hover x md-x lg-x y md-y lg-y\" id=\"image_958588781\">\n\t\t<a class=\"\" href=\"https:\/\/moposanitaryware.com\/es\/categoria-producto\/faucets\/\" >\t\t\t\t\t\t<div class=\"img-inner dark\" >\n\t\t\t<img loading=\"lazy\" decoding=\"async\" width=\"750\" height=\"500\" src=\"https:\/\/moposanitaryware.com\/wp-content\/uploads\/2022\/09\/Bathroom-Washbasin-Sink-Brass-Basin-Faucet-MOPO-Faucet-Electroplating-Process.jpg\" class=\"attachment-original size-original\" alt=\"\" srcset=\"https:\/\/moposanitaryware.com\/wp-content\/uploads\/2022\/09\/Bathroom-Washbasin-Sink-Brass-Basin-Faucet-MOPO-Faucet-Electroplating-Process.jpg 750w, https:\/\/moposanitaryware.com\/wp-content\/uploads\/2022\/09\/Bathroom-Washbasin-Sink-Brass-Basin-Faucet-MOPO-Faucet-Electroplating-Process-600x400.jpg 600w\" sizes=\"auto, (max-width: 750px) 100vw, 750px\" title=\"\">\t\t\t\t\t\t\n\t\t\t\t\t<\/div>\n\t\t\t\t\t\t<\/a>\t\t\n<style>\n#image_958588781 {\n  width: 100%;\n}\n<\/style>\n\t<\/div>\n\t\n\t\t<\/div>\n\t\t\t\t\t<\/div>\n\n\t\n<\/div>\n<div class=\"row\"  id=\"row-860073755\">\n\n\t<div id=\"col-954912022\" class=\"col medium-6 small-12 large-6\"  >\n\t\t\t\t<div class=\"col-inner\"  >\n\t\t\t\n\t\t\t\n\t<div class=\"img has-hover x md-x lg-x y md-y lg-y\" id=\"image_872154848\">\n\t\t<a class=\"\" href=\"https:\/\/moposanitaryware.com\/es\/categoria-producto\/faucets\/\" >\t\t\t\t\t\t<div class=\"img-inner dark\" >\n\t\t\t<img loading=\"lazy\" decoding=\"async\" width=\"750\" height=\"500\" src=\"https:\/\/moposanitaryware.com\/wp-content\/uploads\/2022\/09\/Wholesale-Bathroom-Washbasin-Sink-Brass-Copper-Basin-Faucet-304-Stainless-steel-hose.jpg\" class=\"attachment-original size-original\" alt=\"\" srcset=\"https:\/\/moposanitaryware.com\/wp-content\/uploads\/2022\/09\/Wholesale-Bathroom-Washbasin-Sink-Brass-Copper-Basin-Faucet-304-Stainless-steel-hose.jpg 750w, https:\/\/moposanitaryware.com\/wp-content\/uploads\/2022\/09\/Wholesale-Bathroom-Washbasin-Sink-Brass-Copper-Basin-Faucet-304-Stainless-steel-hose-600x400.jpg 600w\" sizes=\"auto, (max-width: 750px) 100vw, 750px\" title=\"\">\t\t\t\t\t\t\n\t\t\t\t\t<\/div>\n\t\t\t\t\t\t<\/a>\t\t\n<style>\n#image_872154848 {\n  width: 100%;\n}\n<\/style>\n\t<\/div>\n\t\n\t\t<\/div>\n\t\t\t\t\t<\/div>\n\n\t\n\n\t<div id=\"col-1796118177\" class=\"col medium-6 small-12 large-6\"  >\n\t\t\t\t<div class=\"col-inner\"  >\n\t\t\t\n\t\t\t\n<h3>Manguera de acero inoxidable 304 de 3\/8 \u2033<\/h3>\n<div class=\"p\">Nuestro <a href=\"https:\/\/moposanitaryware.com\/es\/categoria-producto\/faucets\/\">grifo del ba\u00f1o<\/a> est\u00e1 equipado con dos mangueras. Nuestras mangueras est\u00e1n hechas de acero inoxidable SUS 304, que protege contra la corrosi\u00f3n qu\u00edmica y la oxidaci\u00f3n. No tiene que preocuparse por la calidad del agua cuando se cepilla los dientes y se lava la cara en el ba\u00f1o. Y puede conecte f\u00e1cilmente nuestras mangueras con sus v\u00e1lvulas de cierre Manguera de acero inoxidable de alta calidad Protecci\u00f3n de seguridad m\u00faltiple El revestimiento est\u00e1 hecho de acero inoxidable de alta calidad y el material es resistente y no es f\u00e1cil de despegar. Le brindar\u00e1 una experiencia c\u00f3moda en la vida diaria.<\/div>\n\t\t<\/div>\n\t\t\t\t\t<\/div>\n\n\t\n\n\t<div id=\"col-87161503\" class=\"col medium-6 small-12 large-6\"  >\n\t\t\t\t<div class=\"col-inner\"  >\n\t\t\t\n\t\t\t\n<h3>Mano de obra de los componentes en todos los sentidos.<\/h3>\n<div class=\"p\">Durable <a href=\"https:\/\/moposanitaryware.com\/es\/categoria-producto\/faucets\/\">grifo del fregadero<\/a> Adopte un cartucho cer\u00e1mico de alta precisi\u00f3n que pasa 500.000 pruebas de encendido\/apagado, cada pieza es compatible con 100%, evita fugas y garantiza su uso prolongado. Mano de obra premiumCada parte de <a href=\"https:\/\/moposanitaryware.com\/es\/categoria-producto\/faucets\/\">grifo<\/a> Fue tratado con mano de obra de primera calidad y una inspecci\u00f3n estricta, garantiza su alto rendimiento y le brinda una mejor experiencia de uso.<\/div>\n\t\t<\/div>\n\t\t\t\t\t<\/div>\n\n\t\n\n\t<div id=\"col-602595345\" class=\"col medium-6 small-12 large-6\"  >\n\t\t\t\t<div class=\"col-inner\"  >\n\t\t\t\n\t\t\t\n\t<div class=\"img has-hover x md-x lg-x y md-y lg-y\" id=\"image_466332539\">\n\t\t\t\t\t\t\t\t<div class=\"img-inner dark\" >\n\t\t\t<img loading=\"lazy\" decoding=\"async\" width=\"750\" height=\"500\" src=\"https:\/\/moposanitaryware.com\/wp-content\/uploads\/2022\/09\/Wholesale-Copper-Basin-Faucet-Component-Workmanship-Every-Way.jpg\" class=\"attachment-original size-original\" alt=\"\" srcset=\"https:\/\/moposanitaryware.com\/wp-content\/uploads\/2022\/09\/Wholesale-Copper-Basin-Faucet-Component-Workmanship-Every-Way.jpg 750w, https:\/\/moposanitaryware.com\/wp-content\/uploads\/2022\/09\/Wholesale-Copper-Basin-Faucet-Component-Workmanship-Every-Way-600x400.jpg 600w\" sizes=\"auto, (max-width: 750px) 100vw, 750px\" title=\"\">\t\t\t\t\t\t\n\t\t\t\t\t<\/div>\n\t\t\t\t\t\t\t\t\n<style>\n#image_466332539 {\n  width: 100%;\n}\n<\/style>\n\t<\/div>\n\t\n\t\t<\/div>\n\t\t\t\t\t<\/div>\n\n\t\n<\/div>\n<div class=\"row\"  id=\"row-181606884\">\n\n\t<div id=\"col-1868642607\" class=\"col medium-6 small-12 large-6\"  >\n\t\t\t\t<div class=\"col-inner\"  >\n\t\t\t\n\t\t\t\n<div class=\"container section-title-container\" ><h3 class=\"section-title section-title-normal\"><b><\/b><span class=\"section-title-main\" >envianos un email<\/span><b><\/b><\/h3><\/div>\n<p>Si est\u00e1 interesado en nuestros productos y desea conocer m\u00e1s detalles, deje un mensaje aqu\u00ed, le responderemos lo antes posible.<\/p>\n\n<div class=\"wpcf7 no-js\" id=\"wpcf7-f13-o1\" lang=\"en-US\" dir=\"ltr\" data-wpcf7-id=\"13\">\n<div class=\"screen-reader-response\"><p role=\"status\" aria-live=\"polite\" aria-atomic=\"true\"><\/p> <ul><\/ul><\/div>\n<form action=\"\/es\/wp-json\/wp\/v2\/product\/5896#wpcf7-f13-o1\" method=\"post\" class=\"wpcf7-form init\" aria-label=\"Contact form\" novalidate=\"novalidate\" data-status=\"init\" data-trp-original-action=\"\/es\/wp-json\/wp\/v2\/product\/5896#wpcf7-f13-o1\">\n<fieldset class=\"hidden-fields-container\"><input type=\"hidden\" name=\"_wpcf7\" value=\"13\" \/><input type=\"hidden\" name=\"_wpcf7_version\" value=\"6.1.1\" \/><input type=\"hidden\" name=\"_wpcf7_locale\" value=\"en_US\" \/><input type=\"hidden\" name=\"_wpcf7_unit_tag\" value=\"wpcf7-f13-o1\" \/><input type=\"hidden\" name=\"_wpcf7_container_post\" value=\"0\" \/><input type=\"hidden\" name=\"_wpcf7_posted_data_hash\" value=\"\" \/><input type=\"hidden\" name=\"_wpcf7_recaptcha_response\" value=\"\" \/>\n<\/fieldset>\n<div class=\"form-flat\">\n\t<p><span class=\"wpcf7-form-control-wrap\" data-name=\"your-name\"><input size=\"40\" maxlength=\"400\" class=\"wpcf7-form-control wpcf7-text wpcf7-validates-as-required\" aria-required=\"true\" aria-invalid=\"false\" placeholder=\"Tu nombre (requerido)\" value=\"\" type=\"text\" name=\"your-name\" \/><\/span><br \/>\n<span class=\"wpcf7-form-control-wrap\" data-name=\"your-email\"><input size=\"40\" maxlength=\"400\" class=\"wpcf7-form-control wpcf7-email wpcf7-validates-as-required wpcf7-text wpcf7-validates-as-email\" aria-required=\"true\" aria-invalid=\"false\" placeholder=\"Tu Email (requerido)\" value=\"\" type=\"email\" name=\"your-email\" \/><\/span>\n\t<\/p>\n\t<p><span class=\"wpcf7-form-control-wrap\" data-name=\"your-tels\"><input size=\"40\" maxlength=\"400\" class=\"wpcf7-form-control wpcf7-tel wpcf7-text wpcf7-validates-as-tel\" aria-invalid=\"false\" placeholder=\"Tu Tel (Opcional)\" value=\"\" type=\"tel\" name=\"your-tels\" \/><\/span>\n\t<\/p>\n\t<p><span class=\"wpcf7-form-control-wrap\" data-name=\"your-message\"><textarea cols=\"40\" rows=\"10\" maxlength=\"2000\" class=\"wpcf7-form-control wpcf7-textarea\" aria-invalid=\"false\" placeholder=\"Para obtener el mejor resultado, recomendamos incluir los siguientes detalles:-Autopresentaci\u00f3n-Art\u00edculos o servicios requeridos-Cantidad requerida\" name=\"your-message\"><\/textarea><\/span>\n\t<\/p>\n\t<p>Consulta de trabajo:*<br \/>\n<span class=\"wpcf7-form-control-wrap\" data-name=\"checkbox\"><span class=\"wpcf7-form-control wpcf7-checkbox wpcf7-validates-as-required wpcf7-exclusive-checkbox\"><span class=\"wpcf7-list-item first\"><label><input type=\"checkbox\" name=\"checkbox\" value=\"Quotation\" \/><span class=\"wpcf7-list-item-label\">Cotizaci\u00f3n<\/span><\/label><\/span><span class=\"wpcf7-list-item\"><label><input type=\"checkbox\" name=\"checkbox\" value=\"Catalog\" \/><span class=\"wpcf7-list-item-label\">Catalogar<\/span><\/label><\/span><span class=\"wpcf7-list-item\"><label><input type=\"checkbox\" name=\"checkbox\" value=\"Service Support\" \/><span class=\"wpcf7-list-item-label\">Servicio de ayuda<\/span><\/label><\/span><span class=\"wpcf7-list-item\"><label><input type=\"checkbox\" name=\"checkbox\" value=\"Project\" \/><span class=\"wpcf7-list-item-label\">Proyecto<\/span><\/label><\/span><span class=\"wpcf7-list-item last\"><label><input type=\"checkbox\" name=\"checkbox\" value=\"I am interested in becoming an agent\" \/><span class=\"wpcf7-list-item-label\">Estoy interesado en ser agente.<\/span><\/label><\/span><\/span><\/span><br \/>\n<input class=\"wpcf7-form-control wpcf7-submit has-spinner button\" type=\"submit\" value=\"Entregar\" \/>\n\t<\/p>\n<\/div><div class=\"wpcf7-response-output\" aria-hidden=\"true\"><\/div>\n<input type=\"hidden\" name=\"trp-form-language\" value=\"es\"\/><\/form>\n<\/div>\n\n\t\t<\/div>\n\t\t\t\t\t<\/div>\n\n\t\n\n\t<div id=\"col-376552752\" class=\"col medium-6 small-12 large-6\"  >\n\t\t\t\t<div class=\"col-inner\"  >\n\t\t\t\n\t\t\t\n<div class=\"container section-title-container\" ><h3 class=\"section-title section-title-normal\"><b><\/b><span class=\"section-title-main\" >CONT\u00c1CTENOS<\/span><b><\/b><\/h3><\/div>\n<p>Si tiene alguna pregunta sobre alguno de nuestros productos, o necesita ponerse en contacto con nosotros por cualquier otro motivo, complete este formulario a continuaci\u00f3n y nos comunicaremos con usted lo antes posible.<\/p>\n<p><strong>Ll\u00e1manos:<\/strong> <a href=\"http:\/\/+86 18675762929\" rel=\"nofollow\">+8618675762929<\/a><br \/>\n<strong>Env\u00edanos un correo electr\u00f3nico<\/strong>:\u00a0\u00a0<a href=\"mailto:info@mopochina.com\">info@mopochina.com<\/a><\/p>\n<p><strong>Skype\u00a0<\/strong>: <a href=\"skype:Sanitwell Shen?chat\">jiawei cheng<\/a><\/p>\n<p><strong>Direcciones<\/strong> : B1, n\u00ba 10<sup>th<\/sup>, Mundo de la Cer\u00e1mica Yingkeyijia, 4<sup>th<\/sup>\u00a0Jihua Road, Chancheng, Foshan, 528 000, Guangdong, China<\/p>\n<p><strong>BASE DE PRODUCCI\u00d3N :<\/strong>\u00a0Pa\u00eds de Chaoan, ciudad de Chaozhou, provincia de Guangdong<\/p>\n<p><strong>Enlace amistoso:<\/strong><br \/>\n<a href=\"https:\/\/moposanitaryware.com\/es\/?attachment_id=4762\">https:\/\/moposanitaryware.com<\/a><br \/>\n<a href=\"https:\/\/www.mopotoilet.com\" rel=\"nofollow noopener\" target=\"_blank\">https:\/\/www.mopotoilet.com<\/a><br \/>\n<a href=\"https:\/\/www.mopofaucet.com\" rel=\"nofollow noopener\" target=\"_blank\">https:<\/a><a href=\"https:\/\/www.mopotoilet.com\" rel=\"nofollow noopener\" target=\"_blank\">\/\/<\/a><a href=\"https:\/\/www.mopofaucet.com\" rel=\"nofollow noopener\" target=\"_blank\">www.mopofaucet.com<\/a><\/p>\n<div class=\"social-icons follow-icons full-width text-left\" ><span>S\u00edganos<\/span><a href=\"https:\/\/www.facebook.com\/MOPOCHINA\" target=\"_blank\" data-label=\"Facebook\" class=\"icon primary button circle facebook tooltip\" title=\"S\u00edguenos en Facebook\" aria-label=\"S\u00edguenos en Facebook\" rel=\"noopener nofollow\"><i class=\"icon-facebook\" ><\/i><\/a><a href=\"https:\/\/www.instagram.com\/mopotoilet\/\" target=\"_blank\" data-label=\"Instagram\" class=\"icon primary button circle instagram tooltip\" title=\"S\u00edguenos en Instagram\" aria-label=\"S\u00edguenos en Instagram\" rel=\"noopener nofollow\"><i class=\"icon-instagram\" ><\/i><\/a><a href=\"https:\/\/twitter.com\/mopotoilet\" data-label=\"Twitter\" target=\"_blank\" class=\"icon primary button circle twitter tooltip\" title=\"S\u00edguenos en Twitter\" aria-label=\"S\u00edguenos en Twitter\" rel=\"noopener nofollow\"><i class=\"icon-twitter\" ><\/i><\/a><a href=\"mailto:info@mopochina.com\" data-label=\"E-mail\" target=\"_blank\" class=\"icon primary button circle email tooltip\" title=\"Env\u00edanos un correo electr\u00f3nico\" aria-label=\"Env\u00edanos un correo electr\u00f3nico\" rel=\"nofollow noopener\" ><i class=\"icon-envelop\" ><\/i><\/a><a href=\"https:\/\/www.linkedin.com\/company\/mopo-sanitary-ware\/\" data-label=\"LinkedIn\" target=\"_blank\" class=\"icon primary button circle linkedin tooltip\" title=\"S\u00edguenos en LinkedIn\" aria-label=\"S\u00edguenos en LinkedIn\" rel=\"noopener nofollow\"><i class=\"icon-linkedin\" ><\/i><\/a><a href=\"https:\/\/www.youtube.com\/c\/mopochina\/featured\" data-label=\"YouTube\" target=\"_blank\" class=\"icon primary button circle youtube tooltip\" title=\"S\u00edguenos en Youtube\" aria-label=\"S\u00edguenos en Youtube\" rel=\"noopener nofollow\"><i class=\"icon-youtube\" ><\/i><\/a><\/div>\n\t\t<\/div>\n\t\t\t\t\t<\/div>\n\n\t\n<\/div>","protected":false},"excerpt":{"rendered":"<table style=\"font-size: 14.4px; height: 329px;\" width=\"567\">\n<tbody>\n<tr>\n<td width=\"163\">Nombre de la marca:<\/td>\n<td width=\"334\"><a href=\"https:\/\/moposanitaryware.com\/es\/?attachment_id=4762\">MOPO<\/a>\u00ae<\/td>\n<\/tr>\n<tr>\n<td width=\"163\">Nombre del producto:<\/td>\n<td width=\"334\"><a href=\"https:\/\/moposanitaryware.com\/es\/categoria-producto\/faucets\/\">Grifos para lavabo de ba\u00f1o<\/a><\/td>\n<\/tr>\n<tr>\n<td width=\"163\">SKU:<\/td>\n<td width=\"334\">MP-1239GD<\/td>\n<\/tr>\n<tr>\n<td width=\"163\">Material primario:<\/td>\n<td width=\"334\">59 Nivel A Lat\u00f3n\/Acero\/ABS<\/td>\n<\/tr>\n<tr>\n<td width=\"163\">Acabado superficial:<\/td>\n<td width=\"334\">Galvanoplastia 7-12 um N\u00edquel + 2-5 um Cromo<\/td>\n<\/tr>\n<tr>\n<td width=\"163\">Durabilidad:<\/td>\n<td width=\"334\">Resistente al \u00f3xido; resistente al deslustre; Resistente a las manchas<\/td>\n<\/tr>\n<tr>\n<td width=\"163\">Color:<\/td>\n<td width=\"334\">Negro\/Cromo\/Dorado\/Gris plomizo<\/td>\n<\/tr>\n<tr>\n<td width=\"163\">Tama\u00f1o:<\/td>\n<td width=\"334\">36x25x8cm<\/td>\n<\/tr>\n<tr>\n<td width=\"163\">Peso:<\/td>\n<td width=\"334\">2,8 kg<\/td>\n<\/tr>\n<tr>\n<td width=\"163\">Tipo de instalaci\u00f3n<\/td>\n<td width=\"334\"><a href=\"https:\/\/moposanitaryware.com\/es\/categoria-producto\/faucets\/wall-mounted-faucet\/\">Grifo montado en la pared<\/a><\/td>\n<\/tr>\n<tr>\n<td width=\"163\">Ubicaci\u00f3n de montaje:<\/td>\n<td width=\"334\">Soporte de escritorio<\/td>\n<\/tr>\n<\/tbody>\n<\/table>\n\t<a class=\"paoc-popup-click paoc-popup-cust-337 paoc-popup-button paoc-popup-btn\" href=\"javascript:void(0);\">Solicitar presupuesto<\/a>\r\n\u00a0 \u00a0 \u00a0<a href=\"https:\/\/api.whatsapp.com\/send?phone=8618675762929\"><img loading=\"lazy\" decoding=\"async\" class=\"alignnone wp-image-6698\" src=\"https:\/\/moposanitaryware.com\/wp-content\/uploads\/WhatsApp.png\" alt=\"\" width=\"140\" height=\"33\" srcset=\"https:\/\/moposanitaryware.com\/wp-content\/uploads\/WhatsApp.png 546w, https:\/\/moposanitaryware.com\/wp-content\/uploads\/WhatsApp-18x4.png 18w\" sizes=\"auto, (max-width: 140px) 100vw, 140px\" \/><\/a><\/p>","protected":false},"featured_media":5902,"template":"","meta":{"_acf_changed":false},"product_brand":[],"product_cat":[15,23,236,94],"product_tag":[131,130,132],"class_list":{"0":"post-5896","1":"product","2":"type-product","3":"status-publish","4":"has-post-thumbnail","6":"product_cat-see-all-categories","7":"product_cat-faucets","8":"product_cat-wall-mounted-faucet","9":"product_cat-basin-faucet","10":"product_tag-bathroom-basin-faucet","11":"product_tag-faucet","12":"product_tag-water-mixer-tap","14":"first","15":"instock","16":"shipping-taxable","17":"product-type-simple"},"acf":[],"_links":{"self":[{"href":"https:\/\/moposanitaryware.com\/es\/wp-json\/wp\/v2\/product\/5896","targetHints":{"allow":["GET"]}}],"collection":[{"href":"https:\/\/moposanitaryware.com\/es\/wp-json\/wp\/v2\/product"}],"about":[{"href":"https:\/\/moposanitaryware.com\/es\/wp-json\/wp\/v2\/types\/product"}],"wp:featuredmedia":[{"embeddable":true,"href":"https:\/\/moposanitaryware.com\/es\/wp-json\/wp\/v2\/media\/5902"}],"wp:attachment":[{"href":"https:\/\/moposanitaryware.com\/es\/wp-json\/wp\/v2\/media?parent=5896"}],"wp:term":[{"taxonomy":"product_brand","embeddable":true,"href":"https:\/\/moposanitaryware.com\/es\/wp-json\/wp\/v2\/product_brand?post=5896"},{"taxonomy":"product_cat","embeddable":true,"href":"https:\/\/moposanitaryware.com\/es\/wp-json\/wp\/v2\/product_cat?post=5896"},{"taxonomy":"product_tag","embeddable":true,"href":"https:\/\/moposanitaryware.com\/es\/wp-json\/wp\/v2\/product_tag?post=5896"}],"curies":[{"name":"wp","href":"https:\/\/api.w.org\/{rel}","templated":true}]}}