{"id":5256,"date":"2023-03-16T09:30:43","date_gmt":"2023-03-16T09:30:43","guid":{"rendered":"https:\/\/moposanitaryware.com\/?post_type=product&#038;p=5256"},"modified":"2024-07-29T09:27:39","modified_gmt":"2024-07-29T09:27:39","slug":"new-design-foshan-steam-bath-cabinet-luxury-whirlpool-steam-shower-room","status":"publish","type":"product","link":"https:\/\/moposanitaryware.com\/es\/new-design-foshan-steam-bath-cabinet-luxury-whirlpool-steam-shower-room\/","title":{"rendered":"Ba\u00f1era de hidromasaje de lujo, ba\u00f1o de vapor dom\u00e9stico, ba\u00f1era, cuarto de ducha de vapor, cabina de ducha"},"content":{"rendered":"<div class=\"row align-center\"  id=\"row-2129855918\">\n\n\t<div id=\"col-1450867752\" class=\"col medium-11 small-12 large-11\"  data-animate=\"fadeInUp\">\n\t\t\t\t<div class=\"col-inner text-center\"  >\n\t\t\t\n\t\t\t\n<h1 style=\"text-align: center;\"><a href=\"https:\/\/moposanitaryware.com\/es\/shop\/massage-bathtubs\/\">Ba\u00f1eras de masaje<\/a> &amp; <a href=\"https:\/\/moposanitaryware.com\/es\/categoria-producto\/espejo-inteligente-para-maquillaje-montado-en-la-pared-del-bano\/\">Cuarto de vapor<\/a> &amp; <a href=\"https:\/\/moposanitaryware.com\/es\/categoria-producto\/sauna\/\">Sauna<\/a><\/h1>\n<p><a href=\"https:\/\/moposanitaryware.com\/es\/categoria-producto\/massage-bathtubs\/\">ba\u00f1eras de masaje. Con nuestros Air Baths, Ba\u00f1eras de hidromasaje<\/a>, <a href=\"https:\/\/moposanitaryware.com\/es\/categoria-producto\/espejo-inteligente-para-maquillaje-montado-en-la-pared-del-bano\/\">y ba\u00f1eras de masaje combinadas<\/a>, alguien a quien le gusta pasar un poco de tiempo &quot;para m\u00ed&quot; y alguien que se ducha m\u00e1s de lo que se ba\u00f1a. La mayor\u00eda de las veces, la ba\u00f1era es la pieza central de su ba\u00f1o. Por eso ponemos mucho cuidado en crear ba\u00f1os que luzcan impresionantes. Puedes crear una experiencia similar a un spa en casa. <a href=\"https:\/\/moposanitaryware.com\/es\/categoria-producto\/bathtubs\/\">Explore nuestra colecci\u00f3n de ba\u00f1eras de masaje<\/a>.<\/p>\n<a href=\"https:\/\/moposanitaryware.com\/es\/categoria-producto\/faucets\/\" class=\"button secondary is-underline lowercase\"  >\n\t\t<span>Explorar todo<\/span>\n\t<i class=\"icon-menu\" aria-hidden=\"true\" ><\/i><\/a>\n\n\t\t<\/div>\n\t\t\t\t\t<\/div>\n\n\t\n<\/div>\n<table>\n<tbody>\n<tr>\n<td width=\"191\">Marca<\/td>\n<td width=\"283\">MOPO<\/td>\n<\/tr>\n<tr>\n<td width=\"191\">Lugar de origen<\/td>\n<td width=\"283\">Fosh\u00e1n, China<\/td>\n<\/tr>\n<tr>\n<td width=\"191\">Escribe un nombre<\/td>\n<td width=\"283\">Ba\u00f1o de vapor, ba\u00f1era de masajes<\/td>\n<\/tr>\n<tr>\n<td width=\"191\">Forma<\/td>\n<td width=\"283\">Redondo, cuadrado<\/td>\n<\/tr>\n<tr>\n<td width=\"191\">Color del vidrio<\/td>\n<td width=\"283\">Transparente<\/td>\n<\/tr>\n<tr>\n<td width=\"191\">Espesor del vidrio<\/td>\n<td width=\"283\">6 mm<\/td>\n<\/tr>\n<tr>\n<td width=\"191\">Material<\/td>\n<td width=\"283\">Aleaci\u00f3n de aluminio, vidrio templado, acr\u00edlico<\/td>\n<\/tr>\n<tr>\n<td width=\"191\">Color de la bandeja inferior<\/td>\n<td width=\"283\">Blanco<\/td>\n<\/tr>\n<tr>\n<td width=\"191\">Estilo de falda<\/td>\n<td width=\"283\">Color blanco o personalizado<\/td>\n<\/tr>\n<tr>\n<td width=\"191\">Estilo de puerta<\/td>\n<td width=\"283\">Puerta que se puede abrir<\/td>\n<\/tr>\n<tr>\n<td width=\"191\">Peso<\/td>\n<td width=\"283\">70 ~ 85 kg<\/td>\n<\/tr>\n<tr>\n<td width=\"191\">Dispositivos principales<\/td>\n<td width=\"283\">LCD ,4.5kw Steam bath: 4.5kw,Radio ,External AUX input interface ,Temperature indication\/adjustment ,Time indication\/adiustment ,Exhuast fan ,Illuminating lamp ,Background Light,<\/p>\n<p>Back acupuncture massage,Water pressure massage ,Foot Massage,Top shower,Movable shower,Functional changeover,<\/p>\n<p>Cold\/Hot Water Control Switch ,Overflow protection,Deluxe Double shelf,<\/p>\n<p>Mirror,Telecontroller ,Disinfect automatically after shut down(Optional)<\/td>\n<\/tr>\n<tr>\n<td width=\"191\">Solicitud<\/td>\n<td width=\"283\">Hoteles, Apartamentos, Centros Comerciales, Clubes de Ocio, Etc.<\/td>\n<\/tr>\n<tr>\n<td width=\"191\">Paquete<\/td>\n<td width=\"283\">En el exterior se encuentra una caja de cart\u00f3n individual, con palet recargable seg\u00fan sea necesario.<\/td>\n<\/tr>\n<tr>\n<td width=\"191\">Log\u00edstica y transporte<\/td>\n<td width=\"283\">Transporte mar\u00edtimo, Transporte a\u00e9reo<\/td>\n<\/tr>\n<\/tbody>\n<\/table>\n<p>Los ba\u00f1os de vapor y la sauna tienen beneficios espec\u00edficos para la salud, entre ellos: descongestionan, mejoran la salud de la piel, reducen la presi\u00f3n arterial, mejoran la circulaci\u00f3n, mejoran la recuperaci\u00f3n despu\u00e9s del ejercicio, relajan y reducen la rigidez de las articulaciones.<\/p>\n<p>Precauciones: No beba alcohol. El calor intenso de la sala de vapor puede aumentar el riesgo de deshidrataci\u00f3n. Aseg\u00farese de evitar el alcohol y beber m\u00e1s agua. No vaya si est\u00e1 enfermo. El calor y la humedad de las salas de vapor pueden favorecer el crecimiento de bacterias. Si tiene una infecci\u00f3n bacteriana en la piel, no utilice una sala de vapor p\u00fablica hasta que la infecci\u00f3n haya desaparecido.<\/p>\n<div class=\"row\"  id=\"row-2097334716\">\n\n\t<div id=\"col-1346653894\" class=\"col medium-4 small-12 large-4\"  >\n\t\t\t\t<div class=\"col-inner\"  >\n\t\t\t\n\t\t\t\n\t<div class=\"img has-hover x md-x lg-x y md-y lg-y\" id=\"image_867367346\">\n\t\t\t\t\t\t\t\t<div class=\"img-inner dark\" >\n\t\t\t<img loading=\"lazy\" decoding=\"async\" width=\"400\" height=\"100\" src=\"https:\/\/moposanitaryware.com\/wp-content\/uploads\/china-mopo-Efficient-Far-Infrared-Technology.jpg\" class=\"attachment-original size-original\" alt=\"Infrared sauna technology is far more efficient than the conventional sauna for one huge reason, the way the air is heated.\" title=\"\">\t\t\t\t\t\t\n\t\t\t\t\t<\/div>\n\t\t\t\t\t\t\t\t\n<style>\n#image_867367346 {\n  width: 100%;\n}\n<\/style>\n\t<\/div>\n\t\n<h4>Tecnolog\u00eda de infrarrojos lejanos eficiente<\/h4>\n<p>El proceso de infrarrojo lejano utiliza radiaci\u00f3n electromagn\u00e9tica como fuente de calor y penetra eficazmente en el cuerpo pero no en el aire que lo rodea.<\/p>\n\t\t<\/div>\n\t\t\t\t\t<\/div>\n\n\t\n\n\t<div id=\"col-331119928\" class=\"col medium-4 small-12 large-4\"  >\n\t\t\t\t<div class=\"col-inner\"  >\n\t\t\t\n\t\t\t\n\t<div class=\"img has-hover x md-x lg-x y md-y lg-y\" id=\"image_1100469560\">\n\t\t\t\t\t\t\t\t<div class=\"img-inner dark\" >\n\t\t\t<img loading=\"lazy\" decoding=\"async\" width=\"400\" height=\"100\" src=\"https:\/\/moposanitaryware.com\/wp-content\/uploads\/Built-in-Bluetooth-Connectivity.jpg\" class=\"attachment-original size-original\" alt=\"Infrared heat technology heats the body much more efficiently making it far more effective in releasing toxins and allowing your body to detox and replenish.\" title=\"\">\t\t\t\t\t\t\n\t\t\t\t\t<\/div>\n\t\t\t\t\t\t\t\t\n<style>\n#image_1100469560 {\n  width: 100%;\n}\n<\/style>\n\t<\/div>\n\t\n<h4>Conectividad Bluetooth incorporada<\/h4>\n<p>Reproduzca la m\u00fasica desde su tel\u00e9fono inteligente al conectar el audio a trav\u00e9s de Bluetooth f\u00e1cilmente.<\/p>\n\t\t<\/div>\n\t\t\t\t\t<\/div>\n\n\t\n\n\t<div id=\"col-1705159169\" class=\"col medium-4 small-12 large-4\"  >\n\t\t\t\t<div class=\"col-inner\"  >\n\t\t\t\n\t\t\t\n\t<div class=\"img has-hover x md-x lg-x y md-y lg-y\" id=\"image_443344817\">\n\t\t\t\t\t\t\t\t<div class=\"img-inner dark\" >\n\t\t\t<img loading=\"lazy\" decoding=\"async\" width=\"400\" height=\"100\" src=\"https:\/\/moposanitaryware.com\/wp-content\/uploads\/With-Multi-System-Function.jpg\" class=\"attachment-original size-original\" alt=\"The new infrared process uses electromagnetic radiation as the heat source and effectively concentrates on the mass of the body not the air around it.\" title=\"\">\t\t\t\t\t\t\n\t\t\t\t\t<\/div>\n\t\t\t\t\t\t\t\t\n<style>\n#image_443344817 {\n  width: 100%;\n}\n<\/style>\n\t<\/div>\n\t\n<h4>Con funci\u00f3n multisistema<\/h4>\n<p>Ducha, masaje y vapor en uno, para satisfacer el uso diario de tres funciones.<\/p>\n\t\t<\/div>\n\t\t\t\t\t<\/div>\n\n\t\n<\/div>\n<div class=\"row\"  id=\"row-536959099\">\n\n\t<div id=\"col-553513645\" class=\"col medium-6 small-12 large-6\"  >\n\t\t\t\t<div class=\"col-inner\"  >\n\t\t\t\n\t\t\t\n\t<div class=\"img has-hover x md-x lg-x y md-y lg-y\" id=\"image_414204388\">\n\t\t\t\t\t\t\t\t<div class=\"img-inner dark\" >\n\t\t\t<img loading=\"lazy\" decoding=\"async\" width=\"600\" height=\"400\" src=\"https:\/\/moposanitaryware.com\/wp-content\/uploads\/When-cant-you-enjoy-the-Sauna.jpg\" class=\"attachment-original size-original\" alt=\"Please do not take the sauna after overeating or suffering from a severe cough. Patients with severe heart disease and high blood pressure should be especially careful.\" title=\"\">\t\t\t\t\t\t\n\t\t\t\t\t<\/div>\n\t\t\t\t\t\t\t\t\n<style>\n#image_414204388 {\n  width: 100%;\n}\n<\/style>\n\t<\/div>\n\t\n\t\t<\/div>\n\t\t\t\t\t<\/div>\n\n\t\n\n\t<div id=\"col-1032461792\" class=\"col medium-6 small-12 large-6\"  >\n\t\t\t\t<div class=\"col-inner\"  >\n\t\t\t\n\t\t\t\n\t<div class=\"img has-hover x md-x lg-x y md-y lg-y\" id=\"image_1687723878\">\n\t\t\t\t\t\t\t\t<div class=\"img-inner dark\" >\n\t\t\t<img loading=\"lazy\" decoding=\"async\" width=\"600\" height=\"400\" src=\"https:\/\/moposanitaryware.com\/wp-content\/uploads\/How-often-to-enjoy-the-most-suitable-sauna.jpg\" class=\"attachment-original size-original\" alt=\"According to your needs, if you feel it is necessary, you can do it daily. It is recommended not to exceed30 minutes each time, and regularly spend 1-2 nights a week to enjoy.\" title=\"\">\t\t\t\t\t\t\n\t\t\t\t\t<\/div>\n\t\t\t\t\t\t\t\t\n<style>\n#image_1687723878 {\n  width: 100%;\n}\n<\/style>\n\t<\/div>\n\t\n\t\t<\/div>\n\t\t\t\t\t<\/div>\n\n\t\n<\/div>","protected":false},"excerpt":{"rendered":"<p>Nombre de la marca: MOPO<br \/>\nNombre del producto: Ba\u00f1o de vapor, ba\u00f1era de masajes<br \/>\nModel Number\uff1a MP-A7013<br \/>\nPeso: 70 ~ 85 kg<br \/>\nSize\uff1a1850\u00d7900\u00d72220mm<br \/>\nColor del vidrio: transparente<br \/>\nEspesor del vidrio: 6 mm<br \/>\nColor: Aleaci\u00f3n de aluminio<br \/>\nColor de la bandeja inferior: blanco<br \/>\nEstilo de falda: Blanca o color personalizado<br \/>\nEstilo de puerta: Puerta que se puede abrir<\/p>\n\t<a class=\"paoc-popup-click paoc-popup-cust-337 paoc-popup-button paoc-popup-btn\" href=\"javascript:void(0);\">Solicitar presupuesto<\/a>\r\n\u00a0 <img loading=\"lazy\" decoding=\"async\" class=\"alignnone wp-image-346\" style=\"color: #333333; font-size: 14.4px;\" src=\"https:\/\/moposanitaryware.com\/wp-content\/uploads\/2021\/03\/Catalog-Download-PDF-MOPO-toilet.jpg\" alt=\"\" width=\"30\" height=\"29\" srcset=\"https:\/\/moposanitaryware.com\/wp-content\/uploads\/2021\/03\/Catalog-Download-PDF-MOPO-toilet.jpg 200w, https:\/\/moposanitaryware.com\/wp-content\/uploads\/2021\/03\/Catalog-Download-PDF-MOPO-toilet-100x100.jpg 100w\" sizes=\"auto, (max-width: 30px) 100vw, 30px\" \/><span style=\"color: #00aae7;\"><a style=\"font-size: 14.4px; color: #00aae7;\" href=\"https:\/\/moposanitaryware.com\/wp-content\/uploads\/2021\/05\/MOPO%C2%AE-Faucets-Catalog-Download-Sanitary-Wares-Manufacturer.pdf\">Descargar Cat\u00e1logo<\/a><\/span><\/p>\n<p>&nbsp;<\/p>","protected":false},"featured_media":5259,"template":"","meta":{"_acf_changed":false},"product_brand":[],"product_cat":[15,229,57,33,125],"product_tag":[129,232,231,230],"class_list":{"0":"post-5256","1":"product","2":"type-product","3":"status-publish","4":"has-post-thumbnail","6":"product_cat-see-all-categories","7":"product_cat-steam-room","8":"product_cat-bathtubs","9":"product_cat-massage-bathtubs","10":"product_cat-spa-bathtub","11":"product_tag-bathtub","12":"product_tag-massage-bathtub","13":"product_tag-sauna","14":"product_tag-steam-room","16":"first","17":"instock","18":"shipping-taxable","19":"product-type-simple"},"acf":[],"_links":{"self":[{"href":"https:\/\/moposanitaryware.com\/es\/wp-json\/wp\/v2\/product\/5256","targetHints":{"allow":["GET"]}}],"collection":[{"href":"https:\/\/moposanitaryware.com\/es\/wp-json\/wp\/v2\/product"}],"about":[{"href":"https:\/\/moposanitaryware.com\/es\/wp-json\/wp\/v2\/types\/product"}],"wp:featuredmedia":[{"embeddable":true,"href":"https:\/\/moposanitaryware.com\/es\/wp-json\/wp\/v2\/media\/5259"}],"wp:attachment":[{"href":"https:\/\/moposanitaryware.com\/es\/wp-json\/wp\/v2\/media?parent=5256"}],"wp:term":[{"taxonomy":"product_brand","embeddable":true,"href":"https:\/\/moposanitaryware.com\/es\/wp-json\/wp\/v2\/product_brand?post=5256"},{"taxonomy":"product_cat","embeddable":true,"href":"https:\/\/moposanitaryware.com\/es\/wp-json\/wp\/v2\/product_cat?post=5256"},{"taxonomy":"product_tag","embeddable":true,"href":"https:\/\/moposanitaryware.com\/es\/wp-json\/wp\/v2\/product_tag?post=5256"}],"curies":[{"name":"wp","href":"https:\/\/api.w.org\/{rel}","templated":true}]}}