{"id":5148,"date":"2023-01-14T07:33:37","date_gmt":"2023-01-14T07:33:37","guid":{"rendered":"https:\/\/moposanitaryware.com\/?post_type=product&#038;p=5148"},"modified":"2024-07-29T09:27:46","modified_gmt":"2024-07-29T09:27:46","slug":"style-modern-lavatory-brass-basin-mixer-tap-sink-pull-out-bathroom-faucet","status":"publish","type":"product","link":"https:\/\/moposanitaryware.com\/es\/style-modern-lavatory-brass-basin-mixer-tap-sink-pull-out-bathroom-faucet\/","title":{"rendered":"Grifo de lavabo extra\u00edble con pulverizador fr\u00edo y caliente giratorio de una sola manija gris bronce para ba\u00f1o"},"content":{"rendered":"<div class=\"row align-center\"  id=\"row-1448870702\">\n\n\t<div id=\"col-1694922875\" class=\"col medium-11 small-12 large-11\"  data-animate=\"fadeInUp\">\n\t\t\t\t<div class=\"col-inner text-center\"  >\n\t\t\t\n\t\t\t\n<h1 style=\"text-align: center;\"><a href=\"https:\/\/moposanitaryware.com\/es\/categoria-producto\/faucets\/\">Grifos<\/a><\/h1>\n<p style=\"text-align: center;\">Explorar grifos de cocina, <a href=\"https:\/\/moposanitaryware.com\/es\/categoria-producto\/faucets\/\">grifos de ba\u00f1o<\/a>, <a href=\"https:\/\/moposanitaryware.com\/es\/categoria-producto\/faucets\/\">lavabos grifos<\/a>, <a href=\"https:\/\/moposanitaryware.com\/es\/categoria-producto\/faucets\/\">Mezclador de lavabo<\/a> Los grifos est\u00e1n disponibles en una amplia gama de estilos y acabados. <a href=\"https:\/\/moposanitaryware.com\/es\/categoria-producto\/faucets\/\">grifos de ba\u00f1o<\/a> Combina el mejor dise\u00f1o con la m\u00e1s alta calidad y funciones innovadoras. Descubra soluciones fascinantes para su ba\u00f1o.<\/p>\n<a href=\"https:\/\/moposanitaryware.com\/es\/categoria-producto\/faucets\/\" class=\"button secondary is-underline lowercase\"  >\n\t\t<span>Explorar todo<\/span>\n\t<i class=\"icon-menu\" aria-hidden=\"true\" ><\/i><\/a>\n\n\t\t<\/div>\n\t\t\t\t\t<\/div>\n\n\t\n<\/div>\n<table style=\"height: 492px;\" border=\"1\" width=\"667\">\n<tbody>\n<tr>\n<td>Lugar de origen:<\/td>\n<td>Fosh\u00e1n, China<\/td>\n<\/tr>\n<tr>\n<td>Escribe un nombre:<\/td>\n<td data-spm-anchor-id=\"a2700.details.pronpeci14.i1.47c970d3Zz0E3h\">MOPO\u00ae Lat\u00f3n moderno <a href=\"https:\/\/moposanitaryware.com\/es\/categoria-producto\/faucets\/\">Grifos para lavabo de ba\u00f1o<\/a><\/td>\n<\/tr>\n<tr>\n<td><strong><span data-spm-anchor-id=\"a2700.wholesale.0.i33.2c534154qJukFc\">Caracter\u00edstica<\/span><\/strong><strong>\u00a0<\/strong><\/td>\n<td>Material premium para operaciones con un solo mango<br \/>\nLos acabados de durabilidad y confiabilidad resisten la corrosi\u00f3n.<br \/>\nMaterial de lat\u00f3n macizo de calidad.<br \/>\nEl cartucho de disco cer\u00e1mico garantiza una larga duraci\u00f3n.<br \/>\nOperaci\u00f3n con una sola manija sin goteo<br \/>\nLos topes l\u00edmite de alta temperatura eliminan las quemaduras<br \/>\nSentido mixto agua fria caliente <a href=\"https:\/\/moposanitaryware.com\/es\/categoria-producto\/faucets\/\">Grifos<\/a><\/td>\n<\/tr>\n<tr>\n<td>Solicitud:<\/td>\n<td>Hotel, hogar, villa, apartamento, edificio de oficinas, hospital, centro comercial,<\/td>\n<\/tr>\n<tr>\n<td>Certificado:<\/td>\n<td>CE, ISO 9001, SASO, marca de agua, UPC<\/td>\n<\/tr>\n<tr>\n<td>Servicio postventa<\/td>\n<td>Soporte t\u00e9cnico en l\u00ednea, repuestos gratuitos<\/td>\n<\/tr>\n<tr>\n<td>OEM y ODM:<\/td>\n<td>OEM<\/td>\n<\/tr>\n<tr>\n<td>Cantidad m\u00ednima de pedido:<\/td>\n<td>1 juego<\/td>\n<\/tr>\n<tr>\n<td>Muestra gratis:<\/td>\n<td>muestra de pago<\/td>\n<\/tr>\n<tr>\n<td>Capacidad de suministro:<\/td>\n<td>500 juegos\/juegos por d\u00eda<\/td>\n<\/tr>\n<tr>\n<td style=\"text-align: left;\">Embalaje:<\/td>\n<td style=\"text-align: left;\">Caja: Embalaje neutro; Embalaje: Bolsa de poliestireno o bolsa de tela; Brindamos servicios de dise\u00f1o de empaques personalizados.<\/td>\n<\/tr>\n<\/tbody>\n<\/table>\n<div class=\"row\"  id=\"row-1667511637\">\n\n\t<div id=\"col-78588761\" class=\"col small-12 large-12\"  >\n\t\t\t\t<div class=\"col-inner\"  >\n\t\t\t\n\t\t\t\n\t<div class=\"img has-hover x md-x lg-x y md-y lg-y\" id=\"image_1409540339\">\n\t\t\t\t\t\t\t\t<div class=\"img-inner dark\" >\n\t\t\t<img loading=\"lazy\" decoding=\"async\" width=\"1222\" height=\"650\" src=\"https:\/\/moposanitaryware.com\/wp-content\/uploads\/Bathroom-Faucet-with-Pull-Out-Spray-12-inch-Water-Supply-Lines.jpg\" class=\"attachment-original size-original\" alt=\"3 Modes Bathroom Pull Out Faucet with Rotating Spout\" srcset=\"https:\/\/moposanitaryware.com\/wp-content\/uploads\/Bathroom-Faucet-with-Pull-Out-Spray-12-inch-Water-Supply-Lines.jpg 1222w, https:\/\/moposanitaryware.com\/wp-content\/uploads\/Bathroom-Faucet-with-Pull-Out-Spray-12-inch-Water-Supply-Lines-600x319.jpg 600w, https:\/\/moposanitaryware.com\/wp-content\/uploads\/Bathroom-Faucet-with-Pull-Out-Spray-12-inch-Water-Supply-Lines-752x400.jpg 752w, https:\/\/moposanitaryware.com\/wp-content\/uploads\/Bathroom-Faucet-with-Pull-Out-Spray-12-inch-Water-Supply-Lines-768x409.jpg 768w\" sizes=\"auto, (max-width: 1222px) 100vw, 1222px\" title=\"\">\t\t\t\t\t\t\n\t\t\t\t\t<\/div>\n\t\t\t\t\t\t\t\t\n<style>\n#image_1409540339 {\n  width: 100%;\n}\n<\/style>\n\t<\/div>\n\t\n<p>El \u00fanico agujero <a href=\"https:\/\/moposanitaryware.com\/es\/shop\/faucets\/\">grifo de ba\u00f1o extra\u00edble<\/a> presenta la sabidur\u00eda de la gente. Este dise\u00f1o es un grifo verdaderamente innovador. No hay duda de que un acabado gris plomizo\/dorado\/negro mate\/cromado se integra perfectamente en todas las decoraciones de tu ba\u00f1o. 3 funcionales <a href=\"https:\/\/moposanitaryware.com\/es\/shop\/faucets\/\">Grifos para lavabos de ba\u00f1o y dise\u00f1os extra\u00edbles.<\/a> con mangueras largas que llegan m\u00e1s all\u00e1 del fregadero brindan gran comodidad a su lavado. Simplemente presione el bot\u00f3n y disfrutar\u00e1 de 3 tipos de experiencias de agua: fuente, arroyo o rociador. Construido con materiales de lat\u00f3n macizo, el <a href=\"https:\/\/moposanitaryware.com\/es\/shop\/faucets\/\">grifo del ba\u00f1o<\/a> es duradero y no gotea. Elegir material de alta calidad le ayudar\u00e1 a usted y a su familia a estar a salvo de los productos qu\u00edmicos.<\/p>\n<p><a href=\"https:\/\/moposanitaryware.com\/es\/shop\/faucets\/\">MOPO<\/a> podr\u00eda brindarle mucha m\u00e1s experiencia en el ba\u00f1o<br \/>\nEstilo moderno, experiencia confortable.<br \/>\nLa construcci\u00f3n de lat\u00f3n macizo garantiza calidad y confiabilidad.<br \/>\nAl cepillarse y lavarse, las personas comienzan su d\u00eda en el ba\u00f1o todas las ma\u00f1anas.<br \/>\nCreemos que un conjunto de accesorios de ba\u00f1o elegantes y ordenados puede poner a las personas de buen humor durante todo el d\u00eda.<\/p>\n\t\t<\/div>\n\t\t\t\t\t<\/div>\n\n\t\n<\/div>\n<div class=\"row\"  id=\"row-1086745756\">\n\n\t<div id=\"col-1080425240\" class=\"col medium-3 small-12 large-3\"  >\n\t\t\t\t<div class=\"col-inner\"  >\n\t\t\t\n\t\t\t\n\t<div class=\"img has-hover x md-x lg-x y md-y lg-y\" id=\"image_417341576\">\n\t\t\t\t\t\t\t\t<div class=\"img-inner dark\" >\n\t\t\t<img loading=\"lazy\" decoding=\"async\" width=\"300\" height=\"300\" src=\"https:\/\/moposanitaryware.com\/wp-content\/uploads\/with-Draw-Out-Nozzle-Three-Water-Flow-Patterns.jpg\" class=\"attachment-original size-original\" alt=\"Automatic retractable bathroom single-hole bathroom pull-down faucet with spray head\" srcset=\"https:\/\/moposanitaryware.com\/wp-content\/uploads\/with-Draw-Out-Nozzle-Three-Water-Flow-Patterns.jpg 300w, https:\/\/moposanitaryware.com\/wp-content\/uploads\/with-Draw-Out-Nozzle-Three-Water-Flow-Patterns-100x100.jpg 100w, https:\/\/moposanitaryware.com\/wp-content\/uploads\/with-Draw-Out-Nozzle-Three-Water-Flow-Patterns-280x280.jpg 280w\" sizes=\"auto, (max-width: 300px) 100vw, 300px\" title=\"\">\t\t\t\t\t\t\n\t\t\t\t\t<\/div>\n\t\t\t\t\t\t\t\t\n<style>\n#image_417341576 {\n  width: 100%;\n}\n<\/style>\n\t<\/div>\n\t\n<p>Dise\u00f1o de tracci\u00f3n por gravedad, retracci\u00f3n autom\u00e1tica y referenciado.<\/p>\n\t\t<\/div>\n\t\t\t\t\t<\/div>\n\n\t\n\n\t<div id=\"col-2015229791\" class=\"col medium-3 small-12 large-3\"  >\n\t\t\t\t<div class=\"col-inner\"  >\n\t\t\t\n\t\t\t\n\t<div class=\"img has-hover x md-x lg-x y md-y lg-y\" id=\"image_1821039218\">\n\t\t\t\t\t\t\t\t<div class=\"img-inner dark\" >\n\t\t\t<img loading=\"lazy\" decoding=\"async\" width=\"300\" height=\"300\" src=\"https:\/\/moposanitaryware.com\/wp-content\/uploads\/Brass-Bathroom-Sink-Faucet-Modern-Bathroom-Faucet.jpg\" class=\"attachment-original size-original\" alt=\"High-quality manufacturers supply cheap single-hole pull-out faucet\" srcset=\"https:\/\/moposanitaryware.com\/wp-content\/uploads\/Brass-Bathroom-Sink-Faucet-Modern-Bathroom-Faucet.jpg 300w, https:\/\/moposanitaryware.com\/wp-content\/uploads\/Brass-Bathroom-Sink-Faucet-Modern-Bathroom-Faucet-100x100.jpg 100w, https:\/\/moposanitaryware.com\/wp-content\/uploads\/Brass-Bathroom-Sink-Faucet-Modern-Bathroom-Faucet-280x280.jpg 280w\" sizes=\"auto, (max-width: 300px) 100vw, 300px\" title=\"\">\t\t\t\t\t\t\n\t\t\t\t\t<\/div>\n\t\t\t\t\t\t\t\t\n<style>\n#image_1821039218 {\n  width: 100%;\n}\n<\/style>\n\t<\/div>\n\t\n<p>El agua blanda ascendente es necesaria para lavarse la cara y cepillarse los dientes.<\/p>\n\t\t<\/div>\n\t\t\t\t\t<\/div>\n\n\t\n\n\t<div id=\"col-800423244\" class=\"col medium-3 small-12 large-3\"  >\n\t\t\t\t<div class=\"col-inner\"  >\n\t\t\t\n\t\t\t\n\t<div class=\"img has-hover x md-x lg-x y md-y lg-y\" id=\"image_19873817\">\n\t\t\t\t\t\t\t\t<div class=\"img-inner dark\" >\n\t\t\t<img loading=\"lazy\" decoding=\"async\" width=\"300\" height=\"300\" src=\"https:\/\/moposanitaryware.com\/wp-content\/uploads\/Single-Hole-Pull-Out-Faucet-for-Bathroom-Sink.jpg\" class=\"attachment-original size-original\" alt=\"Washing convenience rotatable bathroom basin faucet\" srcset=\"https:\/\/moposanitaryware.com\/wp-content\/uploads\/Single-Hole-Pull-Out-Faucet-for-Bathroom-Sink.jpg 300w, https:\/\/moposanitaryware.com\/wp-content\/uploads\/Single-Hole-Pull-Out-Faucet-for-Bathroom-Sink-100x100.jpg 100w, https:\/\/moposanitaryware.com\/wp-content\/uploads\/Single-Hole-Pull-Out-Faucet-for-Bathroom-Sink-280x280.jpg 280w\" sizes=\"auto, (max-width: 300px) 100vw, 300px\" title=\"\">\t\t\t\t\t\t\n\t\t\t\t\t<\/div>\n\t\t\t\t\t\t\t\t\n<style>\n#image_19873817 {\n  width: 100%;\n}\n<\/style>\n\t<\/div>\n\t\n<p>Salida de agua tipo ducha, apta para cisterna.<\/p>\n\t\t<\/div>\n\t\t\t\t\t<\/div>\n\n\t\n\n\t<div id=\"col-1345334314\" class=\"col medium-3 small-12 large-3\"  >\n\t\t\t\t<div class=\"col-inner\"  >\n\t\t\t\n\t\t\t\n\t<div class=\"img has-hover x md-x lg-x y md-y lg-y\" id=\"image_2025200754\">\n\t\t\t\t\t\t\t\t<div class=\"img-inner dark\" >\n\t\t\t<img loading=\"lazy\" decoding=\"async\" width=\"300\" height=\"300\" src=\"https:\/\/moposanitaryware.com\/wp-content\/uploads\/Black-Sink-Faucet-Bathroom-One-Handle-Modern-Bathroom-Faucet-with-Pull-Down-Sprayer.jpg\" class=\"attachment-original size-original\" alt=\"Quality factory wholesale pull-out faucet single hole cheap with CUPC watermark certification\" srcset=\"https:\/\/moposanitaryware.com\/wp-content\/uploads\/Black-Sink-Faucet-Bathroom-One-Handle-Modern-Bathroom-Faucet-with-Pull-Down-Sprayer.jpg 300w, https:\/\/moposanitaryware.com\/wp-content\/uploads\/Black-Sink-Faucet-Bathroom-One-Handle-Modern-Bathroom-Faucet-with-Pull-Down-Sprayer-100x100.jpg 100w, https:\/\/moposanitaryware.com\/wp-content\/uploads\/Black-Sink-Faucet-Bathroom-One-Handle-Modern-Bathroom-Faucet-with-Pull-Down-Sprayer-280x280.jpg 280w\" sizes=\"auto, (max-width: 300px) 100vw, 300px\" title=\"\">\t\t\t\t\t\t\n\t\t\t\t\t<\/div>\n\t\t\t\t\t\t\t\t\n<style>\n#image_2025200754 {\n  width: 100%;\n}\n<\/style>\n\t<\/div>\n\t\n<p>Burbujeador de panal, salida de agua blanda.<\/p>\n\t\t<\/div>\n\t\t\t\t\t<\/div>\n\n\t\n<\/div>\n<div class=\"row\"  id=\"row-996421852\">\n\n\t<div id=\"col-768574423\" class=\"col medium-6 small-12 large-6\"  >\n\t\t\t\t<div class=\"col-inner\"  >\n\t\t\t\n\t\t\t\n\t<div class=\"img has-hover x md-x lg-x y md-y lg-y\" id=\"image_1228858723\">\n\t\t\t\t\t\t\t\t<div class=\"img-inner dark\" >\n\t\t\t<img loading=\"lazy\" decoding=\"async\" width=\"600\" height=\"400\" src=\"https:\/\/moposanitaryware.com\/wp-content\/uploads\/the-faucet-of-the-pull-type-bathroom-sink-is-made-of-high-quality-brass-and-has-a-matte-coating-on-the-surface-with-exquisite-workmanship.jpg\" class=\"attachment-original size-original\" alt=\"The surface is treated without discoloration and scratch, with good corrosion resistance and easy cleaning.\" title=\"\">\t\t\t\t\t\t\n\t\t\t\t\t<\/div>\n\t\t\t\t\t\t\t\t\n<style>\n#image_1228858723 {\n  width: 100%;\n}\n<\/style>\n\t<\/div>\n\t\n\t\t<\/div>\n\t\t\t\t\t<\/div>\n\n\t\n\n\t<div id=\"col-1478165872\" class=\"col medium-6 small-12 large-6\"  >\n\t\t\t\t<div class=\"col-inner\"  >\n\t\t\t\n\t\t\t\n<p><a href=\"https:\/\/moposanitaryware.com\/es\/shop\/faucets\/\">Configuraci\u00f3n de pulverizaci\u00f3n de tres modos<\/a>: El innovador modo fuente del <a href=\"https:\/\/moposanitaryware.com\/es\/shop\/faucets\/\">grifo de ba\u00f1o monomando<\/a> Realiza enjuagues bucales y faciales autom\u00e1ticos, liberando tus manos con facilidad. El potente modo de pulverizaci\u00f3n sin salpicaduras facilita el enjuague diario y enjuaga r\u00e1pidamente el per\u00edmetro del fregadero. El modo de flujo de agua aireada suave viene con un efecto de masaje, lo que le permite disfrutar de la comodidad del lavado.<br \/>\n<a href=\"https:\/\/moposanitaryware.com\/es\/shop\/faucets\/\">Pulverizador extra\u00edble giratorio de 360\u00b0.<\/a>: La manguera extra\u00edble de <a href=\"https:\/\/moposanitaryware.com\/es\/shop\/faucets\/\">grifos de ba\u00f1o<\/a> para fregadero 1 orificio es de poli\u00e9ster trenzado de hasta 23,6 pulgadas de largo. La gama de uso se puede ampliar m\u00e1s all\u00e1 del fregadero sin restricciones para mayor flexibilidad y comodidad. El dise\u00f1o \u00fanico de rotaci\u00f3n de 360 grados es muy adecuado para diversos escenarios: lavar el cabello en un lavabo, llenar un balde con agua, ba\u00f1ar mascotas, etc. <a href=\"https:\/\/moposanitaryware.com\/es\/shop\/faucets\/\">grifo de ba\u00f1o extra\u00edble<\/a> Tambi\u00e9n facilita la limpieza de todas las partes del fregadero.<br \/>\nDise\u00f1o de manija \u00fanica: La manija \u00fanica de <a href=\"https:\/\/moposanitaryware.com\/es\/shop\/faucets\/\">grifo de ba\u00f1o de un orificio<\/a> Puede lograr f\u00e1cilmente un control dual de fr\u00edo y calor y ajustar la temperatura del agua a voluntad. Adem\u00e1s, tambi\u00e9n es conveniente ajustar el flujo de agua, el agua blanda no salpica y puede ahorrar agua. El carrete cer\u00e1mico incorporado con alto rendimiento de sellado resiste temperaturas extremas y reduce las fugas.<\/p>\n\t\t<\/div>\n\t\t\t\t\t<\/div>\n\n\t\n<\/div>\n<div class=\"row\"  id=\"row-1017427593\">\n\n\t<div id=\"col-1485938452\" class=\"col medium-6 small-12 large-6\"  >\n\t\t\t\t<div class=\"col-inner\"  >\n\t\t\t\n\t\t\t\n<div class=\"container section-title-container\" ><h3 class=\"section-title section-title-normal\"><b><\/b><span class=\"section-title-main\" >envianos un email<\/span><b><\/b><\/h3><\/div>\n<p>Si est\u00e1 interesado en nuestros productos y desea conocer m\u00e1s detalles, deje un mensaje aqu\u00ed, le responderemos lo antes posible.<\/p>\n\n<div class=\"wpcf7 no-js\" id=\"wpcf7-f13-o1\" lang=\"en-US\" dir=\"ltr\" data-wpcf7-id=\"13\">\n<div class=\"screen-reader-response\"><p role=\"status\" aria-live=\"polite\" aria-atomic=\"true\"><\/p> <ul><\/ul><\/div>\n<form action=\"\/es\/wp-json\/wp\/v2\/product\/5148#wpcf7-f13-o1\" method=\"post\" class=\"wpcf7-form init\" aria-label=\"Contact form\" novalidate=\"novalidate\" data-status=\"init\" data-trp-original-action=\"\/es\/wp-json\/wp\/v2\/product\/5148#wpcf7-f13-o1\">\n<fieldset class=\"hidden-fields-container\"><input type=\"hidden\" name=\"_wpcf7\" value=\"13\" \/><input type=\"hidden\" name=\"_wpcf7_version\" value=\"6.1.1\" \/><input type=\"hidden\" name=\"_wpcf7_locale\" value=\"en_US\" \/><input type=\"hidden\" name=\"_wpcf7_unit_tag\" value=\"wpcf7-f13-o1\" \/><input type=\"hidden\" name=\"_wpcf7_container_post\" value=\"0\" \/><input type=\"hidden\" name=\"_wpcf7_posted_data_hash\" value=\"\" \/><input type=\"hidden\" name=\"_wpcf7_recaptcha_response\" value=\"\" \/>\n<\/fieldset>\n<div class=\"form-flat\">\n\t<p><span class=\"wpcf7-form-control-wrap\" data-name=\"your-name\"><input size=\"40\" maxlength=\"400\" class=\"wpcf7-form-control wpcf7-text wpcf7-validates-as-required\" aria-required=\"true\" aria-invalid=\"false\" placeholder=\"Tu nombre (requerido)\" value=\"\" type=\"text\" name=\"your-name\" \/><\/span><br \/>\n<span class=\"wpcf7-form-control-wrap\" data-name=\"your-email\"><input size=\"40\" maxlength=\"400\" class=\"wpcf7-form-control wpcf7-email wpcf7-validates-as-required wpcf7-text wpcf7-validates-as-email\" aria-required=\"true\" aria-invalid=\"false\" placeholder=\"Tu Email (requerido)\" value=\"\" type=\"email\" name=\"your-email\" \/><\/span>\n\t<\/p>\n\t<p><span class=\"wpcf7-form-control-wrap\" data-name=\"your-tels\"><input size=\"40\" maxlength=\"400\" class=\"wpcf7-form-control wpcf7-tel wpcf7-text wpcf7-validates-as-tel\" aria-invalid=\"false\" placeholder=\"Tu Tel (Opcional)\" value=\"\" type=\"tel\" name=\"your-tels\" \/><\/span>\n\t<\/p>\n\t<p><span class=\"wpcf7-form-control-wrap\" data-name=\"your-message\"><textarea cols=\"40\" rows=\"10\" maxlength=\"2000\" class=\"wpcf7-form-control wpcf7-textarea\" aria-invalid=\"false\" placeholder=\"Para obtener el mejor resultado, recomendamos incluir los siguientes detalles:-Autopresentaci\u00f3n-Art\u00edculos o servicios requeridos-Cantidad requerida\" name=\"your-message\"><\/textarea><\/span>\n\t<\/p>\n\t<p>Consulta de trabajo:*<br \/>\n<span class=\"wpcf7-form-control-wrap\" data-name=\"checkbox\"><span class=\"wpcf7-form-control wpcf7-checkbox wpcf7-validates-as-required wpcf7-exclusive-checkbox\"><span class=\"wpcf7-list-item first\"><label><input type=\"checkbox\" name=\"checkbox\" value=\"Quotation\" \/><span class=\"wpcf7-list-item-label\">Cotizaci\u00f3n<\/span><\/label><\/span><span class=\"wpcf7-list-item\"><label><input type=\"checkbox\" name=\"checkbox\" value=\"Catalog\" \/><span class=\"wpcf7-list-item-label\">Catalogar<\/span><\/label><\/span><span class=\"wpcf7-list-item\"><label><input type=\"checkbox\" name=\"checkbox\" value=\"Service Support\" \/><span class=\"wpcf7-list-item-label\">Servicio de ayuda<\/span><\/label><\/span><span class=\"wpcf7-list-item\"><label><input type=\"checkbox\" name=\"checkbox\" value=\"Project\" \/><span class=\"wpcf7-list-item-label\">Proyecto<\/span><\/label><\/span><span class=\"wpcf7-list-item last\"><label><input type=\"checkbox\" name=\"checkbox\" value=\"I am interested in becoming an agent\" \/><span class=\"wpcf7-list-item-label\">Estoy interesado en ser agente.<\/span><\/label><\/span><\/span><\/span><br \/>\n<input class=\"wpcf7-form-control wpcf7-submit has-spinner button\" type=\"submit\" value=\"Entregar\" \/>\n\t<\/p>\n<\/div><div class=\"wpcf7-response-output\" aria-hidden=\"true\"><\/div>\n<input type=\"hidden\" name=\"trp-form-language\" value=\"es\"\/><\/form>\n<\/div>\n\n\t\t<\/div>\n\t\t\t\t\t<\/div>\n\n\t\n\n\t<div id=\"col-501106377\" class=\"col medium-6 small-12 large-6\"  >\n\t\t\t\t<div class=\"col-inner\"  >\n\t\t\t\n\t\t\t\n<div class=\"container section-title-container\" ><h3 class=\"section-title section-title-normal\"><b><\/b><span class=\"section-title-main\" >CONT\u00c1CTENOS<\/span><b><\/b><\/h3><\/div>\n<p>Si tiene alguna pregunta sobre alguno de nuestros productos, o necesita ponerse en contacto con nosotros por cualquier otro motivo, complete este formulario a continuaci\u00f3n y nos comunicaremos con usted lo antes posible.<\/p>\n<p><strong>Ll\u00e1manos:<\/strong> <a href=\"http:\/\/+86 18675762929\" rel=\"nofollow\">+8618675762929<\/a><br \/>\n<strong>Env\u00edanos un correo electr\u00f3nico<\/strong>:\u00a0\u00a0<a href=\"mailto:info@mopochina.com\">info@mopochina.com<\/a><\/p>\n<p><strong>Skype\u00a0<\/strong>: <a href=\"skype:Sanitwell Shen?chat\">jiawei cheng<\/a><\/p>\n<p><strong>Direcciones<\/strong> : B1, n\u00ba 10<sup>th<\/sup>, Mundo de la Cer\u00e1mica Yingkeyijia, 4<sup>th<\/sup>\u00a0Jihua Road, Chancheng, Foshan, 528 000, Guangdong, China<\/p>\n<p><strong>BASE DE PRODUCCI\u00d3N :<\/strong>\u00a0Pa\u00eds de Chaoan, ciudad de Chaozhou, provincia de Guangdong<\/p>\n<p><strong>Enlace amistoso:<\/strong><br \/>\n<a href=\"https:\/\/moposanitaryware.com\/es\/?attachment_id=5004\">https:\/\/moposanitaryware.com<\/a><br \/>\n<a href=\"https:\/\/www.mopotoilet.com\" rel=\"nofollow noopener\" target=\"_blank\">https:\/\/www.mopotoilet.com<\/a><br \/>\n<a href=\"https:\/\/\/es\/www.mopofaucet.com\/\">https:www.mopofaucet.com<\/a><\/p>\n<div class=\"social-icons follow-icons full-width text-left\" ><span>S\u00edganos<\/span><a href=\"https:\/\/www.facebook.com\/MOPOCHINA\" target=\"_blank\" data-label=\"Facebook\" class=\"icon primary button circle facebook tooltip\" title=\"S\u00edguenos en Facebook\" aria-label=\"S\u00edguenos en Facebook\" rel=\"noopener nofollow\"><i class=\"icon-facebook\" ><\/i><\/a><a href=\"https:\/\/www.instagram.com\/mopotoilet\/\" target=\"_blank\" data-label=\"Instagram\" class=\"icon primary button circle instagram tooltip\" title=\"S\u00edguenos en Instagram\" aria-label=\"S\u00edguenos en Instagram\" rel=\"noopener nofollow\"><i class=\"icon-instagram\" ><\/i><\/a><a href=\"https:\/\/twitter.com\/mopotoilet\" data-label=\"Twitter\" target=\"_blank\" class=\"icon primary button circle twitter tooltip\" title=\"S\u00edguenos en Twitter\" aria-label=\"S\u00edguenos en Twitter\" rel=\"noopener nofollow\"><i class=\"icon-twitter\" ><\/i><\/a><a href=\"mailto:info@mopochina.com\" data-label=\"E-mail\" target=\"_blank\" class=\"icon primary button circle email tooltip\" title=\"Env\u00edanos un correo electr\u00f3nico\" aria-label=\"Env\u00edanos un correo electr\u00f3nico\" rel=\"nofollow noopener\" ><i class=\"icon-envelop\" ><\/i><\/a><a href=\"https:\/\/www.linkedin.com\/company\/mopo-sanitary-ware\/\" data-label=\"LinkedIn\" target=\"_blank\" class=\"icon primary button circle linkedin tooltip\" title=\"S\u00edguenos en LinkedIn\" aria-label=\"S\u00edguenos en LinkedIn\" rel=\"noopener nofollow\"><i class=\"icon-linkedin\" ><\/i><\/a><a href=\"https:\/\/www.youtube.com\/c\/mopochina\/featured\" data-label=\"YouTube\" target=\"_blank\" class=\"icon primary button circle youtube tooltip\" title=\"S\u00edguenos en Youtube\" aria-label=\"S\u00edguenos en Youtube\" rel=\"noopener nofollow\"><i class=\"icon-youtube\" ><\/i><\/a><\/div>\n\t\t<\/div>\n\t\t\t\t\t<\/div>\n\n\t\n<\/div>","protected":false},"excerpt":{"rendered":"<p>Nombre de la marca: MOPO<br \/>\nNombre del producto: grifo para lavabo de ba\u00f1o.<br \/>\nN\u00famero de modelo: MP 619Gris<br \/>\nMaterial: lat\u00f3n\/acero de nivel 59 A.<br \/>\nTama\u00f1o: 41,5x2x12,5mm<br \/>\nPeso: 1,8 KG<br \/>\nColor: Gris plomizo<br \/>\nCaracter\u00edstica: Grifos de ba\u00f1o extra\u00edbles<br \/>\nN\u00famero de manijas:: manija \u00fanica<br \/>\nTipo de instalaci\u00f3n: Montado en cubierta<\/p>\n\t<a class=\"paoc-popup-click paoc-popup-cust-337 paoc-popup-button paoc-popup-btn\" href=\"javascript:void(0);\">Solicitar presupuesto<\/a>\r\n\u00a0 <img loading=\"lazy\" decoding=\"async\" class=\"alignnone wp-image-346\" style=\"color: #333333; font-size: 14.4px;\" src=\"https:\/\/moposanitaryware.com\/wp-content\/uploads\/2021\/03\/Catalog-Download-PDF-MOPO-toilet.jpg\" alt=\"\" width=\"30\" height=\"29\" srcset=\"https:\/\/moposanitaryware.com\/wp-content\/uploads\/2021\/03\/Catalog-Download-PDF-MOPO-toilet.jpg 200w, https:\/\/moposanitaryware.com\/wp-content\/uploads\/2021\/03\/Catalog-Download-PDF-MOPO-toilet-100x100.jpg 100w\" sizes=\"auto, (max-width: 30px) 100vw, 30px\" \/><span style=\"color: #00aae7;\"><a style=\"font-size: 14.4px; color: #00aae7;\" href=\"https:\/\/moposanitaryware.com\/wp-content\/uploads\/2021\/05\/MOPO%C2%AE-Faucets-Catalog-Download-Sanitary-Wares-Manufacturer.pdf\">Descargar Cat\u00e1logo<\/a><\/span><\/p>\n<p>&nbsp;<\/p>","protected":false},"featured_media":5105,"template":"","meta":{"_acf_changed":false},"product_brand":[],"product_cat":[15,23,94],"product_tag":[131,130,132],"class_list":{"0":"post-5148","1":"product","2":"type-product","3":"status-publish","4":"has-post-thumbnail","6":"product_cat-see-all-categories","7":"product_cat-faucets","8":"product_cat-basin-faucet","9":"product_tag-bathroom-basin-faucet","10":"product_tag-faucet","11":"product_tag-water-mixer-tap","13":"first","14":"instock","15":"shipping-taxable","16":"product-type-simple"},"acf":[],"_links":{"self":[{"href":"https:\/\/moposanitaryware.com\/es\/wp-json\/wp\/v2\/product\/5148","targetHints":{"allow":["GET"]}}],"collection":[{"href":"https:\/\/moposanitaryware.com\/es\/wp-json\/wp\/v2\/product"}],"about":[{"href":"https:\/\/moposanitaryware.com\/es\/wp-json\/wp\/v2\/types\/product"}],"wp:featuredmedia":[{"embeddable":true,"href":"https:\/\/moposanitaryware.com\/es\/wp-json\/wp\/v2\/media\/5105"}],"wp:attachment":[{"href":"https:\/\/moposanitaryware.com\/es\/wp-json\/wp\/v2\/media?parent=5148"}],"wp:term":[{"taxonomy":"product_brand","embeddable":true,"href":"https:\/\/moposanitaryware.com\/es\/wp-json\/wp\/v2\/product_brand?post=5148"},{"taxonomy":"product_cat","embeddable":true,"href":"https:\/\/moposanitaryware.com\/es\/wp-json\/wp\/v2\/product_cat?post=5148"},{"taxonomy":"product_tag","embeddable":true,"href":"https:\/\/moposanitaryware.com\/es\/wp-json\/wp\/v2\/product_tag?post=5148"}],"curies":[{"name":"wp","href":"https:\/\/api.w.org\/{rel}","templated":true}]}}